{"id":12984,"date":"2020-02-13T17:53:08","date_gmt":"2020-02-13T16:53:08","guid":{"rendered":"https:\/\/www.elettrowebstore.com\/?post_type=product&#038;p=12984"},"modified":"2021-06-14T19:22:25","modified_gmt":"2021-06-14T17:22:25","slug":"riempibottiglie-con-erogatore-a-valvola","status":"publish","type":"product","link":"https:\/\/www.elettrowebstore.com\/fr\/shop\/remplisseur-de-bouteilles-avec-distributeur-a-valve\/","title":{"rendered":"Remplisseur de bouteilles avec distributeur de valves"},"content":{"rendered":"<h2><strong>Remplisseur de bouteilles avec distributeur de valves<\/strong><\/h2>\n<p>Les <strong>Remplisseur de bouteilles avec distributeur de valves<\/strong> est un bol en mati\u00e8re plastique apte au contact alimentaire, avec <strong>capacit\u00e9 de 16 litres<\/strong>. C'est la solution id\u00e9ale pour verser la sauce tomate dans des bouteilles ou des bocaux. En effet, l'utilisation de ce remplisseur de bouteilles <strong>les temps de remplissage seront consid\u00e9rablement r\u00e9duits<\/strong>.<\/p>\n<p>&nbsp;<\/p>\n<p><img loading=\"lazy\" decoding=\"async\" class=\"size-full wp-image-12987 aligncenter\" src=\"https:\/\/www.elettrowebstore.com\/EWS_Store\/wp-content\/uploads\/2020\/04\/Riempibottiglie-con-erogatore-a-valvola-01.jpg\" alt=\"Remplisseur de bouteilles avec distributeur de valves\" width=\"800\" height=\"600\" srcset=\"https:\/\/www.elettrowebstore.com\/EWS_Store\/wp-content\/uploads\/Riempibottiglie-con-erogatore-a-valvola-01.jpg 800w, https:\/\/www.elettrowebstore.com\/EWS_Store\/wp-content\/uploads\/Riempibottiglie-con-erogatore-a-valvola-01-600x450.jpg 600w, https:\/\/www.elettrowebstore.com\/EWS_Store\/wp-content\/uploads\/Riempibottiglie-con-erogatore-a-valvola-01-768x576.jpg 768w\" sizes=\"auto, (max-width: 800px) 100vw, 800px\" \/><\/p>\n<p>&nbsp;<\/p>\n<h2><strong>Caract\u00e9ristiques techniques du <\/strong><strong>Remplisseur de bouteilles avec distributeur de valves<\/strong><\/h2>\n<p>Vous trouverez ci-dessous les caract\u00e9ristiques de la <strong>Remplisseur de bouteilles avec distributeur de valves<\/strong>:<\/p>\n<ul>\n<li>Construction en plastique adapt\u00e9e au contact alimentaire<\/li>\n<li>Capacit\u00e9 : 16 litres<\/li>\n<li>buse \u00e0 valve incluse<\/li>\n<li>Diam\u00e8tre du plateau de remplissage des bouteilles (d'un bord \u00e0 l'autre) : 42 cm.<\/li>\n<li>Diam\u00e8tre du plateau de remplissage des bouteilles (int\u00e9rieur) : 37 cm.<\/li>\n<li>Hauteur du plateau de remplissage des bouteilles : 21 cm.<\/li>\n<li>Diam\u00e8tre du trou \u00e0 l'int\u00e9rieur du plateau de remplissage des bouteilles : cm. 3,5<\/li>\n<li>Diam\u00e8tre de la buse de la valve : cm. 4.3<\/li>\n<li>Longueur de la buse : 7 cm<\/li>\n<li>Poids du plateau de remplissage des bouteilles et du distributeur de valves : kg 0,47<\/li>\n<\/ul>\n<p><img loading=\"lazy\" decoding=\"async\" class=\"size-large wp-image-13184 aligncenter\" src=\"https:\/\/www.elettrowebstore.com\/EWS_Store\/wp-content\/uploads\/2020\/04\/riempibottiglia-erogatore_a_valcola-erogatore-pomodoro-conserva_di_pomodoro-bottiglie-2.jpg\" alt=\"Remplisseur de bouteilles avec distributeur de valves\" width=\"800\" height=\"600\" srcset=\"https:\/\/www.elettrowebstore.com\/EWS_Store\/wp-content\/uploads\/riempibottiglia-erogatore_a_valcola-erogatore-pomodoro-conserva_di_pomodoro-bottiglie-2.jpg 800w, https:\/\/www.elettrowebstore.com\/EWS_Store\/wp-content\/uploads\/riempibottiglia-erogatore_a_valcola-erogatore-pomodoro-conserva_di_pomodoro-bottiglie-2-600x450.jpg 600w, https:\/\/www.elettrowebstore.com\/EWS_Store\/wp-content\/uploads\/riempibottiglia-erogatore_a_valcola-erogatore-pomodoro-conserva_di_pomodoro-bottiglie-2-768x576.jpg 768w\" sizes=\"auto, (max-width: 800px) 100vw, 800px\" \/><\/p>\n<h2><strong>Description<\/strong><\/h2>\n<p>TLe <strong>Remplisseur de bouteilles avec distributeur de valves<\/strong> est un bol en mati\u00e8re plastique apte au contact alimentaire, avec <strong>capacit\u00e9 de 16 litres<\/strong>. C'est la solution id\u00e9ale pour verser la sauce tomate dans des bouteilles ou des bocaux. En effet, l'utilisation de ce remplisseur de bouteilles <strong>les temps de remplissage seront consid\u00e9rablement r\u00e9duits<\/strong>.<\/p>\n<p><strong>L'utilisation du produit est tr\u00e8s simple<\/strong>. Une fois la sauce tomate pr\u00e9par\u00e9e, par exemple \u00e0 l'aide de <a href=\"https:\/\/www.elettrowebstore.com\/shop\/reber-spremipomodoro-elettrico-n-5-hp-040-500-watt-9004n\/\"><strong>REBER Presse-tomates \u00e9lectrique n.5 HP 0.40 500 Watt 9004N<\/strong><\/a>Lorsque les bouteilles ou bocaux sont pleins, le bassin est rempli de sauce ; au fond du bassin, une assiette est plac\u00e9e avec les bouteilles ou bocaux \u00e0 remplir ; le distributeur est ensuite ins\u00e9r\u00e9 dans les bouteilles ou bocaux et le dispositif est relev\u00e9 ; lorsque les bouteilles ou bocaux sont pleins, la valve du distributeur doit \u00eatre rel\u00e2ch\u00e9e, emp\u00eachant ainsi la sauce de s'\u00e9couler hors du bassin.<\/p>\n<p><img loading=\"lazy\" decoding=\"async\" class=\"size-large wp-image-13174 aligncenter\" src=\"https:\/\/www.elettrowebstore.com\/EWS_Store\/wp-content\/uploads\/2020\/04\/riempibottiglia-erogatore_a_valcola-erogatore-pomodoro-conserva_di_pomodoro-bottiglie-4.jpg\" alt=\"Remplisseur de bouteilles avec distributeur de valves\" width=\"600\" height=\"800\" \/><\/p>\n<h2><strong>Garantie<\/strong><\/h2>\n<p>Le produit est couvert par <a href=\"https:\/\/www.elettrowebstore.com\/due-anni-di-garanzia-su-ogni-prodotto-acquistato\/\"><strong>garantie l\u00e9gale<\/strong><\/a>selon la page correspondante de notre site web, que nous vous invitons \u00e0 lire. Nous fournissons \u00e9galement des informations claires sur l'exercice du droit d'auteur. <a href=\"https:\/\/www.elettrowebstore.com\/diritto-di-recesso-restituzione-prodotti\/\"><strong>droit de r\u00e9tractation<\/strong><\/a>.<\/p>\n<p>Pour faciliter l'exercice de ce droit, le fabricant met \u00e0 disposition des centres d'assistance technique agr\u00e9\u00e9s dans tout le pays.<\/p>\n<p>De plus amples informations sur la l\u00e9gislation applicable sont disponibles sur le site web de l'Agence europ\u00e9enne des droits fondamentaux.<a href=\"http:\/\/www.agcm.it\/consumatore\/decalogo\/5102-garanzia-del-venditore-guida-per-il-consumatore.html\"><strong>Autorit\u00e9 de la concurrence et du march\u00e9<\/strong><\/a>.<\/p>\n<p>Afin d'am\u00e9liorer la qualit\u00e9 des produits, le fabricant se r\u00e9serve le droit de modifier les mat\u00e9riaux et les caract\u00e9ristiques techniques de l'article sans pr\u00e9avis.  En outre, les descriptions et les images donn\u00e9es ici sont donc indicatives et peuvent varier l\u00e9g\u00e8rement par rapport au produit final.<\/p>\n<p>&nbsp;<\/p>\n<h2><strong>D\u00e9lai de livraison<\/strong><\/h2>\n<p>Ce produit est toujours disponible pour une livraison imm\u00e9diate. En fait, il peut \u00eatre command\u00e9 imm\u00e9diatement et est exp\u00e9di\u00e9 par ElettroWebStore dans les 2 jours ouvrables suivant la date d'achat.<\/p>\n<p>En outre, tous les envois d'ElettroWebStore sont exempts de frais de transport !<\/p>\n<p><a href=\"https:\/\/www.elettrowebstore.com\/spedizioni-consegne-prodotti-italia-estero\/\"><img loading=\"lazy\" decoding=\"async\" class=\"aligncenter wp-image-5149 size-full\" src=\"https:\/\/www.elettrowebstore.com\/EWS_Store\/wp-content\/uploads\/2020\/04\/elettrowebstore-spedizione-con-corrieri-brt-sda-dhl_n75nxd.jpg\" alt=\"ElettroWebStore est livr\u00e9 par des transporteurs rapides BRT SDA DHL\" width=\"649\" height=\"175\" srcset=\"https:\/\/www.elettrowebstore.com\/EWS_Store\/wp-content\/uploads\/elettrowebstore-spedizione-con-corrieri-brt-sda-dhl_n75nxd.jpg 649w, https:\/\/www.elettrowebstore.com\/EWS_Store\/wp-content\/uploads\/elettrowebstore-spedizione-con-corrieri-brt-sda-dhl_n75nxd-600x162.jpg 600w\" sizes=\"auto, (max-width: 649px) 100vw, 649px\" \/><\/a><\/p>\n<p>&nbsp;<\/p>\n<h2><strong>Modes de paiement accept\u00e9s<\/strong><\/h2>\n<p><strong>Sur le site d'ElettroWebStore, vous pouvez payer avec toutes les m\u00e9thodes courantes<\/strong>\u00e0 la fois sp\u00e9cifiques \u00e0 Internet (telles que les cartes pr\u00e9pay\u00e9es) et traditionnelles (telles que les cartes de cr\u00e9dit classiques).<\/p>\n<p><a href=\"https:\/\/www.elettrowebstore.com\/pagamenti-sicuri-sul-sito-elettrowebstore\/\"><img loading=\"lazy\" decoding=\"async\" class=\"aligncenter size-full wp-image-5151\" src=\"https:\/\/www.elettrowebstore.com\/EWS_Store\/wp-content\/uploads\/2020\/04\/elettrowebstore-pagamenti_berj9q.jpg\" alt=\"Modes de paiement accept\u00e9s sur le site ElettroWebStore\" width=\"649\" height=\"226\" srcset=\"https:\/\/www.elettrowebstore.com\/EWS_Store\/wp-content\/uploads\/elettrowebstore-pagamenti_berj9q.jpg 649w, https:\/\/www.elettrowebstore.com\/EWS_Store\/wp-content\/uploads\/elettrowebstore-pagamenti_berj9q-600x209.jpg 600w\" sizes=\"auto, (max-width: 649px) 100vw, 649px\" \/><\/a><\/p>\n<p>&nbsp;<\/p>\n<p>Tous les paiements sont effectu\u00e9s par l'interm\u00e9diaire du <a href=\"https:\/\/www.paypal.com\/it\/webapps\/mpp\/paypal-safety-and-security\"><strong>Paypal<\/strong><\/a>. De plus, m\u00eame si vous n'avez pas Paypal, vous pouvez toujours payer sans vous inscrire et sans enregistrer vos donn\u00e9es d'identification. Il vous suffit d'entrer vos coordonn\u00e9es dans les pages Paypal.<\/p>\n<p>En aucun cas <a href=\"http:\/\/www.elettrowebstore.com\"><strong>ElettroWebStore<\/strong><\/a> g\u00e9rer les donn\u00e9es de votre carte de paiement ou en prendre connaissance. En effet, les <a href=\"http:\/\/www.elettrowebstore.com\"><strong>ElettroWebStore<\/strong><\/a> ne verra que si le paiement a \u00e9t\u00e9 effectu\u00e9 ou non !<\/p>\n<p>Notre site utilise les protocoles HTTPS, qui garantissent des normes de s\u00e9curit\u00e9 \u00e9lev\u00e9es pour les utilisateurs !<\/p>","protected":false},"excerpt":{"rendered":"<p>Le remplisseur de bouteilles avec distributeur \u00e0 valve est une cuvette en mati\u00e8re plastique adapt\u00e9e au contact alimentaire, d'une capacit\u00e9 de 16 litres. <span style=\"color: #ed1c24\"><strong>Livraison gratuite !<\/strong><\/span><\/p>","protected":false},"featured_media":12987,"template":"","meta":[],"product_brand":[],"product_cat":[273,17],"product_tag":[1386,1387,1388,347,1385,1384,1383,1008],"class_list":{"0":"post-12984","1":"product","2":"type-product","3":"status-publish","4":"has-post-thumbnail","6":"product_cat-accessori-per-reber","7":"product_cat-casalinghi-cura-casa","8":"product_tag-bottiglie","9":"product_tag-erogatore","10":"product_tag-erogatore-a-valvola","11":"product_tag-pomodoro","12":"product_tag-riempi","13":"product_tag-riempibottiglia","14":"product_tag-riempibottiglie","15":"product_tag-salsa","17":"first","18":"outofstock","19":"sale","20":"taxable","21":"shipping-taxable","22":"purchasable","23":"product-type-simple"},"_links":{"self":[{"href":"https:\/\/www.elettrowebstore.com\/fr\/wp-json\/wp\/v2\/product\/12984","targetHints":{"allow":["GET"]}}],"collection":[{"href":"https:\/\/www.elettrowebstore.com\/fr\/wp-json\/wp\/v2\/product"}],"about":[{"href":"https:\/\/www.elettrowebstore.com\/fr\/wp-json\/wp\/v2\/types\/product"}],"wp:featuredmedia":[{"embeddable":true,"href":"https:\/\/www.elettrowebstore.com\/fr\/wp-json\/wp\/v2\/media\/12987"}],"wp:attachment":[{"href":"https:\/\/www.elettrowebstore.com\/fr\/wp-json\/wp\/v2\/media?parent=12984"}],"wp:term":[{"taxonomy":"product_brand","embeddable":true,"href":"https:\/\/www.elettrowebstore.com\/fr\/wp-json\/wp\/v2\/product_brand?post=12984"},{"taxonomy":"product_cat","embeddable":true,"href":"https:\/\/www.elettrowebstore.com\/fr\/wp-json\/wp\/v2\/product_cat?post=12984"},{"taxonomy":"product_tag","embeddable":true,"href":"https:\/\/www.elettrowebstore.com\/fr\/wp-json\/wp\/v2\/product_tag?post=12984"}],"curies":[{"name":"wp","href":"https:\/\/api.w.org\/{rel}","templated":true}]}}