{"id":97936,"date":"2021-04-26T08:42:41","date_gmt":"2021-04-26T06:42:41","guid":{"rendered":"https:\/\/www.elettrowebstore.com\/?post_type=product&#038;p=97936"},"modified":"2025-06-19T16:36:20","modified_gmt":"2025-06-19T14:36:20","slug":"paini-cox-miscelatore-per-bidet-nero-opaco-78yo306tco","status":"publish","type":"product","link":"https:\/\/www.elettrowebstore.com\/es\/shop\/paini-cox-mezclador-bide-negro-mate-78yo306tco\/","title":{"rendered":"Paini Cox mezclador bid\u00e9 negro mate 78YO306TCO"},"content":{"rendered":"<h2><strong>Paini Cox mezclador bid\u00e9 negro mate 78YO306TCO<br \/>\n<\/strong><\/h2>\n<p>Paini Cox mezclador de bid\u00e9 negro mate 78YO306TCO todo incluido: grifo monomando, aireador con junta, desag\u00fce, mangueras flexibles y todo lo necesario para su instalaci\u00f3n.<\/p>\n<p>El mezclador est\u00e1 realizado en lat\u00f3n, con <strong>acabado negro mate<\/strong> y palanca monomando. Se incluye un desag\u00fce tradicional de 1 \u00bc pulgadas.<\/p>\n<p>El mismo producto tambi\u00e9n est\u00e1 disponible con acabado <a href=\"https:\/\/www.elettrowebstore.com\/shop\/paini-cox-miscelatore-per-bidet-cromato-78cr306o-2\/\">cromado<\/a>.<\/p>\n<p>El dise\u00f1o de la serie Cox del fabricante Paini es cl\u00e1sico y tradicional. Esta l\u00ednea es la elegida por quienes desean un producto adecuado para todo tipo de cuartos de ba\u00f1o, con un aspecto pulcro y est\u00e1ndar.<\/p>\n<p><a href=\"https:\/\/www.elettrowebstore.com\/paini-rubinetteria\/\" target=\"_blank\" rel=\"noopener\"><strong>Visite nuestra p\u00e1gina de productos Paini<\/strong><\/a> para ver toda la gama.<\/p>\n<p>&nbsp;<\/p>\n<p>&nbsp;<\/p>\n<h2><strong>Especificaciones t\u00e9cnicas<\/strong><\/h2>\n<ul>\n<li><span class=\"fontstyle0\">Mezclador de lat\u00f3n para bid\u00e9 Paini serie COX acabado negro mate<br \/>\n<\/span><\/li>\n<li>Palanca monomando con empu\u00f1adura ergon\u00f3mica<\/li>\n<li>Aireador con junta<\/li>\n<li>Salida de desag\u00fce de 1 \u00bc pulgadas<\/li>\n<li>Juego de 2 mangueras de acero inoxidable G 3\/8''<\/li>\n<li><span class=\"fontstyle0\">Dise\u00f1o elegante y esencial<\/span><\/li>\n<li>La mezcladora se suministra en un kit de montaje<\/li>\n<li>Dimensiones: mm. 110x48x128 h.<\/li>\n<li>Peso kg 1,3<\/li>\n<li>Pr\u00e1ctico y funcional<\/li>\n<li>Robusto y resistente<\/li>\n<li>C\u00f3digo 78YO306TCO<\/li>\n<\/ul>\n<p>&nbsp;<\/p>","protected":false},"excerpt":{"rendered":"<p>Paini Cox mezclador de bid\u00e9 negro mate 78YO306TCO de lat\u00f3n con acabado neo mate todo incluido: aireador con junta, tubos flexibles, desag\u00fce<span style=\"color: #ff0000;\"><span style=\"color: #000000;\">. Tambi\u00e9n hay disponibles acabados en otros colores previa solicitud. <\/span><strong>\u00a1Env\u00edo incluido en Italia!<\/strong><\/span><\/p>","protected":false},"featured_media":97949,"template":"","meta":[],"product_brand":[],"product_cat":[19],"product_tag":[2030,334,900,930,1942,339,899,893,896,2029,895,891,931,901],"class_list":{"0":"post-97936","1":"product","2":"type-product","3":"status-publish","4":"has-post-thumbnail","6":"product_cat-rubinetteria","7":"product_tag-78yo306tco","8":"product_tag-arredo","9":"product_tag-bagno","10":"product_tag-bidet","11":"product_tag-cox","12":"product_tag-design","13":"product_tag-leva","14":"product_tag-miscelatore","15":"product_tag-monocomando","16":"product_tag-nero-opaco","17":"product_tag-ottone","18":"product_tag-paini","19":"product_tag-piletta","20":"product_tag-rubinetteria","21":"product_shipping_class-pe","23":"first","24":"instock","25":"taxable","26":"shipping-taxable","27":"purchasable","28":"product-type-simple"},"_links":{"self":[{"href":"https:\/\/www.elettrowebstore.com\/es\/wp-json\/wp\/v2\/product\/97936","targetHints":{"allow":["GET"]}}],"collection":[{"href":"https:\/\/www.elettrowebstore.com\/es\/wp-json\/wp\/v2\/product"}],"about":[{"href":"https:\/\/www.elettrowebstore.com\/es\/wp-json\/wp\/v2\/types\/product"}],"wp:featuredmedia":[{"embeddable":true,"href":"https:\/\/www.elettrowebstore.com\/es\/wp-json\/wp\/v2\/media\/97949"}],"wp:attachment":[{"href":"https:\/\/www.elettrowebstore.com\/es\/wp-json\/wp\/v2\/media?parent=97936"}],"wp:term":[{"taxonomy":"product_brand","embeddable":true,"href":"https:\/\/www.elettrowebstore.com\/es\/wp-json\/wp\/v2\/product_brand?post=97936"},{"taxonomy":"product_cat","embeddable":true,"href":"https:\/\/www.elettrowebstore.com\/es\/wp-json\/wp\/v2\/product_cat?post=97936"},{"taxonomy":"product_tag","embeddable":true,"href":"https:\/\/www.elettrowebstore.com\/es\/wp-json\/wp\/v2\/product_tag?post=97936"}],"curies":[{"name":"wp","href":"https:\/\/api.w.org\/{rel}","templated":true}]}}