{"id":78661,"date":"2021-03-09T15:21:11","date_gmt":"2021-03-09T14:21:11","guid":{"rendered":"https:\/\/www.elettrowebstore.com\/?post_type=product&#038;p=78661"},"modified":"2023-03-27T09:34:39","modified_gmt":"2023-03-27T07:34:39","slug":"gaggia-grangaggia-deluxe-macchina-caffe-domestica-a-polvere-e-cialde-ri8425-11","status":"publish","type":"product","link":"https:\/\/www.elettrowebstore.com\/es\/shop\/gaggia-grangaggia-deluxe-cafetera-domestica-con-polvo-y-monodosis-ri8425-11\/","title":{"rendered":"M\u00e1quina dom\u00e9stica de caf\u00e9 en polvo y monodosis Gaggia Grangaggia Deluxe RI8425\/11"},"content":{"rendered":"<h2><strong>M\u00e1quina dom\u00e9stica de caf\u00e9 en polvo y monodosis Gaggia Grangaggia Deluxe RI8425\/11<\/strong><\/h2>\n<p>La cafetera dom\u00e9stica Gaggia Grangaggia Deluxe con polvo y monodosis RI8425\/11 es una cafetera GAGGIA dedicada al uso dom\u00e9stico.<\/p>\n<p><img loading=\"lazy\" decoding=\"async\" class=\"aligncenter size-full wp-image-651593\" src=\"https:\/\/www.elettrowebstore.com\/EWS_Store\/wp-content\/uploads\/gaggia-grangaggia-deluxe-macchina-caffe-polvere-cialde-made-in-italy-cappuccino-8425-11.jpg\" alt=\"cafetera gaggia-deluxe-cafetera en polvo-caf\u00e9-hecho-en-italia-caf\u00e9-RI8425\/11\" width=\"600\" height=\"600\" srcset=\"https:\/\/www.elettrowebstore.com\/EWS_Store\/wp-content\/uploads\/gaggia-grangaggia-deluxe-macchina-caffe-polvere-cialde-made-in-italy-cappuccino-8425-11.jpg 600w, https:\/\/www.elettrowebstore.com\/EWS_Store\/wp-content\/uploads\/gaggia-grangaggia-deluxe-macchina-caffe-polvere-cialde-made-in-italy-cappuccino-8425-11-200x200.jpg 200w, https:\/\/www.elettrowebstore.com\/EWS_Store\/wp-content\/uploads\/gaggia-grangaggia-deluxe-macchina-caffe-polvere-cialde-made-in-italy-cappuccino-8425-11-100x100.jpg 100w\" sizes=\"auto, (max-width: 600px) 100vw, 600px\" \/><\/p>\n<p>Esta cafetera manual combina el dise\u00f1o moderno de las cafeteras el\u00e9ctricas GAGGIA con el cuidado de los materiales, gracias a su s\u00f3lida construcci\u00f3n en ABS negro.<\/p>\n<p>Incluye el cl\u00e1sico pannarello, que permite emulsionar la leche para obtener nata y crema de capuchino. La interfaz de esta m\u00e1quina es la cl\u00e1sica por excelencia, anal\u00f3gica, con luces y botones que dan acceso directo a los controles \"\u00a1como en los viejos tiempos!\".<\/p>\n<p>Hablamos de cafetera manual porque el usuario tiene que introducir el caf\u00e9 en polvo o la monodosis de papel en el portafiltro. De hecho, la cafetera GAGGIA Grangaggia Deluxe es compatible tanto con caf\u00e9 en polvo, es decir, molido, como con monodosis de papel. No puede utilizarse con c\u00e1psulas.<\/p>\n<p>Todas las cafeteras GAGGIA se fabrican en Italia, prestando la m\u00e1xima atenci\u00f3n a los detalles y a la calidad general del producto. \u00a1Compre productos italianos y no importados!<\/p>\n<p>La calidad de las cafeteras GAGGIA es evidente no s\u00f3lo por la importancia del nombre de la marca. El fundador, de hecho, fue el inventor de las m\u00e1quinas de caf\u00e9 espresso de bar tal y como las conocemos hoy en d\u00eda. El caf\u00e9 que suministran las cafeteras GAGGIA es de la m\u00e1xima calidad y es \"de bar\", incluso para las m\u00e1quinas dom\u00e9sticas.<\/p>\n<p>Sin embargo, a estas caracter\u00edsticas hay que a\u00f1adir la consistencia y robustez de los bastidores de las cafeteras, as\u00ed como de los componentes internos utilizados.<\/p>\n<p>Las m\u00e1quinas de caf\u00e9 GAGGIA son ahora atendidas por los CATs de Philips. Esto es una garant\u00eda de intervenci\u00f3n r\u00e1pida para todas las necesidades y emergencias, porque en Italia \"\u00a1el caf\u00e9 se disfruta todos los d\u00edas!<\/p>\n<p>&nbsp;<\/p>\n<h2><strong>Especificaciones t\u00e9cnicas<\/strong><\/h2>\n<p>A continuaci\u00f3n se detallan las principales caracter\u00edsticas del <strong>GAGGIA M\u00e1quina dom\u00e9stica de caf\u00e9 en polvo y monodosis Grangaggia Deluxe RI8425-11<\/strong><\/p>\n<ul>\n<li>Interfaz: ANAL\u00d3GICO<\/li>\n<li>Portafiltro presurizado crema perfecta<\/li>\n<li>Dispensador de agua caliente\/vapor<\/li>\n<li>PANNARELLO CL\u00c1SICO DE ACERO INOXIDABLE<\/li>\n<li>Portavasos de acero inoxidable<\/li>\n<li>Colores de carrocer\u00eda: <span class=\"fs-xs-8 fs-lg-14\">NEGRO y ACERO INOXIDABLE<\/span><\/li>\n<li>Preparar caf\u00e9 espresso<\/li>\n<li>Producci\u00f3n de vapor<\/li>\n<li>Producci\u00f3n de agua caliente<\/li>\n<li>Compatible con caf\u00e9 molido y pastillas de caf\u00e9<\/li>\n<li>Presi\u00f3n de la bomba: 15 bar<\/li>\n<li>Filtros suministrados: 2 (1-2 CAPS, PODS PRESURIZADOS 'crema perfecta')<\/li>\n<li>Capacidad del dep\u00f3sito de agua: 1 litro<\/li>\n<li>Componentes desmontables: TANQUE DE AGUA: desde arriba, BANDEJA DE DESCARGA: frontal, PANEL<\/li>\n<li>Dosificaci\u00f3n simult\u00e1nea de 2 tazas de caf\u00e9<\/li>\n<li>Ciclo de descalcificaci\u00f3n MANUAL<\/li>\n<li>Dimensiones del producto (ancho x alto x fondo): 20 x 29,7 x 26,5 cm<\/li>\n<li>Peso del producto: 4,5 kg<\/li>\n<li>Grupo y portafiltros: aluminio y pl\u00e1stico<\/li>\n<li>Acabado Pannarello: acero inoxidable con mango de pl\u00e1stico<\/li>\n<li>Carrocer\u00eda: pl\u00e1stico ABS<\/li>\n<li>Acabado del panel frontal: ACERO INOXIDABLE SATINADO<\/li>\n<li>Acabado de la bandeja recogegotas: PL\u00c1STICO Y ACERO INOXIDABLE<\/li>\n<li>Alimentaci\u00f3n: espera autom\u00e1tica<\/li>\n<li>Caldera: aluminio<\/li>\n<li>Alimentaci\u00f3n: 230-240V 50HZ 1025W<\/li>\n<li>Accesorios incluidos: Dispensador de caf\u00e9 molido, prensa de caf\u00e9, rejilla de soporte para tazas de acero inoxidable<\/li>\n<\/ul>\n<p>&nbsp;<\/p>\n<h2><strong>Descripci\u00f3n\u00a0<\/strong><strong>GAGGIA M\u00e1quina dom\u00e9stica de caf\u00e9 en polvo y monodosis Grangaggia Deluxe RI8425-11<\/strong><\/h2>\n<p>Las m\u00e1quinas manuales Gaggia son la elecci\u00f3n ideal para quienes desean lo mejor en la preparaci\u00f3n tradicional del caf\u00e9 en casa.<\/p>\n<p>Se trata de m\u00e1quinas dom\u00e9sticas con componentes de origen profesional que preparan un caf\u00e9 espresso con una crema perfecta.<\/p>\n<p>El pannarello profesional tambi\u00e9n permite preparar leche caliente, capuchinos y caf\u00e9s con leche.<\/p>\n<p>Con la simple pr\u00e1ctica del uso diario, es posible obtener caf\u00e9 en casa igual que en el bar, apreciando las fragancias de las mejores mezclas en polvo disponibles en el mercado.<\/p>\n<p>&nbsp;<\/p>\n<h2><strong>Acerca de los productos Gaggia<\/strong><\/h2>\n<p><a href=\"https:\/\/www.gaggia.it\"><strong>Gaggia<\/strong><\/a>\u00a0es un fabricante l\u00edder mundial de m\u00e1quinas de caf\u00e9. Las m\u00e1quinas de caf\u00e9 Gaggia nacieron de la investigaci\u00f3n futurista del Sr. Achille Gaggia, que fund\u00f3 la empresa especializada en la producci\u00f3n de m\u00e1quinas de caf\u00e9 espresso en la d\u00e9cada de 1930.<\/p>\n<p>Desde hace m\u00e1s de medio siglo, GAGGIA fabrica cafeteras profesionales y dom\u00e9sticas innovadoras y de \u00faltima generaci\u00f3n, siempre con el objetivo de obtener un espresso de la m\u00e1xima calidad. Su investigaci\u00f3n se ha centrado siempre en la mejora de la extracci\u00f3n del caf\u00e9 y en la obtenci\u00f3n de la suave capa de \"crema natural\" sobre el caf\u00e9, en la b\u00fasqueda de un sabor cada vez mejor.<\/p>\n<p>A partir de entonces, primero con m\u00e1quinas de caf\u00e9 para cafeter\u00edas y luego para uso dom\u00e9stico, GAGGIA se convirti\u00f3 en l\u00edder del mercado.<\/p>\n<p>En 1999, Gaggia se fusion\u00f3 con Saeco y present\u00f3 su l\u00ednea de cafeteras espresso autom\u00e1ticas: con s\u00f3lo pulsar un bot\u00f3n, la m\u00e1quina muele el caf\u00e9, lo prensa y \u00a1lo dispensa directamente en la taza! Diez a\u00f1os m\u00e1s tarde, Gaggia fue vendida a PHILIPS ELECTRONICS y desde entonces forma parte de uno de los mayores grupos industriales europeos en el \u00e1mbito de los electrodom\u00e9sticos y la electr\u00f3nica, con una ampl\u00edsima red de centros de servicio autorizados.<\/p>\n<p>&nbsp;<\/p>\n<h2><strong>Garant\u00eda<\/strong><\/h2>\n<p>El producto est\u00e1 cubierto por <a href=\"https:\/\/www.elettrowebstore.com\/due-anni-di-garanzia-su-ogni-prodotto-acquistato\/\"><strong>garant\u00eda legal<\/strong><\/a>seg\u00fan la p\u00e1gina correspondiente de nuestro sitio web, que le invitamos a leer. Tambi\u00e9n proporcionamos informaci\u00f3n clara sobre el ejercicio de la <a href=\"https:\/\/www.elettrowebstore.com\/diritto-di-recesso-restituzione-prodotti\/\"><strong>derecho de retractaci\u00f3n<\/strong><\/a>.<\/p>\n<p>Para facilitar el ejercicio de este derecho, el fabricante dispone de Centros de Asistencia T\u00e9cnica autorizados en todo el territorio nacional.<\/p>\n<p>Encontrar\u00e1 m\u00e1s informaci\u00f3n sobre la legislaci\u00f3n pertinente en el sitio web de la<a href=\"http:\/\/www.agcm.it\/consumatore\/decalogo\/5102-garanzia-del-venditore-guida-per-il-consumatore.html\"><strong>Autoridad de Competencia y Mercado<\/strong><\/a>.<\/p>\n<p>Con el fin de mejorar la calidad del producto, el fabricante se reserva el derecho de modificar los materiales y las caracter\u00edsticas t\u00e9cnicas del art\u00edculo sin previo aviso.  Adem\u00e1s, las descripciones e im\u00e1genes que aqu\u00ed se ofrecen son, por tanto, orientativas y pueden variar ligeramente respecto al producto final.<\/p>\n<p>El servicio y la garant\u00eda de los productos GAGGIA son proporcionados directamente, en toda Italia y Europa, por los centros de servicio Philips. Para cualquier problema con estas m\u00e1quinas, incluso si se acaban de comprar o tienen m\u00e1s de dos a\u00f1os, todos los clientes pueden ponerse en contacto con los CAT de Philips.<\/p>\n<p>&nbsp;<\/p>\n<h2><strong>Plazo de entrega<\/strong><\/h2>\n<p>Este producto est\u00e1 siempre disponible para su entrega inmediata. De hecho, se puede pedir de inmediato y es enviado por ElettroWebStore dentro de 2 d\u00edas h\u00e1biles a partir de la fecha de compra.<\/p>\n<p>Adem\u00e1s, todos los env\u00edos de ElettroWebStore est\u00e1n exentos de gastos de env\u00edo.<\/p>\n<p>&nbsp;<\/p>\n<h2><strong>Formas de pago aceptadas<\/strong><\/h2>\n<p><strong>En el sitio web de ElettroWebStore puede pagar con todos los m\u00e9todos habituales<\/strong>tanto espec\u00edficas de Internet (como las tarjetas prepago) como tradicionales (como las tarjetas de cr\u00e9dito cl\u00e1sicas).<\/p>\n<p>Para consultar todos los m\u00e9todos de pago aceptados, visite nuestra p\u00e1gina sobre <a href=\"https:\/\/www.elettrowebstore.com\/pagamenti-sicuri-sul-sito-elettrowebstore\/\" target=\"_blank\" rel=\"noopener\"><strong>m\u00e9todos de pago en el sitio ElettroWebStore<\/strong><\/a>. En ning\u00fan caso <strong>ElettroWebStore<\/strong> gestionar los datos de sus tarjetas de pago o darse cuenta de ellos. De hecho <strong>ElettroWebStore<\/strong> s\u00f3lo ver\u00e1 si el pago se ha efectuado o no.<\/p>\n<p>Nuestro sitio utiliza protocolos HTTPS, que garantizan un alto nivel de seguridad para los usuarios.<\/p>","protected":false},"excerpt":{"rendered":"<p>La cafetera dom\u00e9stica Gaggia Grangaggia Deluxe con polvo y c\u00e1psulas RI8425\/11 es compatible con c\u00e1psulas de caf\u00e9 y polvo. <span style=\"color: #ed1c24;\"><strong>Env\u00edo gratuito a Italia<\/strong><\/span><\/p>\n<p><a href=\"https:\/\/www.elettrowebstore.com\/shop\/estensione-di-garanzia-elettrodomestici-3-anni-fino-a-250-euro\/\"><span style=\"color: #0000ff;\"><strong>Garant\u00eda ampliada disponible<\/strong><\/span><\/a><\/p>","protected":false},"featured_media":651593,"template":"","meta":[],"product_brand":[],"product_cat":[17,644],"product_tag":[554,648,612,1881,68,630,647,1882],"class_list":{"0":"post-78661","1":"product","2":"type-product","3":"status-publish","4":"has-post-thumbnail","6":"product_cat-casalinghi-cura-casa","7":"product_cat-macchine-del-caffe-domestiche","8":"product_tag-caffe","9":"product_tag-cialde","10":"product_tag-gaggia","11":"product_tag-grangaggia-deluxe","12":"product_tag-macchina","13":"product_tag-philips","14":"product_tag-polvere","15":"product_tag-ri8425-11","16":"product_shipping_class-pe","18":"first","19":"outofstock","20":"sale","21":"taxable","22":"shipping-taxable","23":"purchasable","24":"product-type-simple"},"_links":{"self":[{"href":"https:\/\/www.elettrowebstore.com\/es\/wp-json\/wp\/v2\/product\/78661","targetHints":{"allow":["GET"]}}],"collection":[{"href":"https:\/\/www.elettrowebstore.com\/es\/wp-json\/wp\/v2\/product"}],"about":[{"href":"https:\/\/www.elettrowebstore.com\/es\/wp-json\/wp\/v2\/types\/product"}],"wp:featuredmedia":[{"embeddable":true,"href":"https:\/\/www.elettrowebstore.com\/es\/wp-json\/wp\/v2\/media\/651593"}],"wp:attachment":[{"href":"https:\/\/www.elettrowebstore.com\/es\/wp-json\/wp\/v2\/media?parent=78661"}],"wp:term":[{"taxonomy":"product_brand","embeddable":true,"href":"https:\/\/www.elettrowebstore.com\/es\/wp-json\/wp\/v2\/product_brand?post=78661"},{"taxonomy":"product_cat","embeddable":true,"href":"https:\/\/www.elettrowebstore.com\/es\/wp-json\/wp\/v2\/product_cat?post=78661"},{"taxonomy":"product_tag","embeddable":true,"href":"https:\/\/www.elettrowebstore.com\/es\/wp-json\/wp\/v2\/product_tag?post=78661"}],"curies":[{"name":"wp","href":"https:\/\/api.w.org\/{rel}","templated":true}]}}