{"id":7752,"date":"2019-11-06T15:52:38","date_gmt":"2019-11-06T14:52:38","guid":{"rendered":"https:\/\/www.elettrowebstore.com\/?post_type=product&#038;p=7752"},"modified":"2024-02-23T09:36:40","modified_gmt":"2024-02-23T08:36:40","slug":"qlima-stufa-a-pellet-tectro-tbh146-slim-4620-watt","status":"publish","type":"product","link":"https:\/\/www.elettrowebstore.com\/es\/shop\/estufa-de-pellets-qlima-tectro-tbh146-slim-4620-vatios\/","title":{"rendered":"Estufa de pellets Qlima Tectro TBH146 Slim 4620 vatios"},"content":{"rendered":"<h2><strong>Estufa de pellets Qlima Tectro TBH146 Slim 4620 vatios 4,6 kW<br \/>\n<\/strong><\/h2>\n<p>La estufa de pellets Qlima Tectro TBH146 Slim 4620 vatios 4,6 kW es una <strong>sistema de calefacci\u00f3n innovador, eficaz y rentable<\/strong>. <span class=\"fontstyle0\">De hecho, la estufa de pellets Tectro de Qlima est\u00e1 construida con materiales de primera calidad y cuenta con dispositivos especiales que permiten que el calor se propague uniformemente y durante m\u00e1s tiempo, lo que se traduce en un excelente rendimiento t\u00e9rmico.<\/span><\/p>\n<p>Este producto <strong>est\u00e1 fabricado en Italia. Fabricado en Italia 100%. Garant\u00eda de 24 meses.<br \/>\n<\/strong><\/p>\n<p><img loading=\"lazy\" decoding=\"async\" class=\"aligncenter size-full wp-image-7831\" src=\"https:\/\/www.elettrowebstore.com\/EWS_Store\/wp-content\/uploads\/2020\/04\/qlima-stufa-pellet-tectro-TBH146-Slim-4620-Watt-1.jpg\" alt=\"Estufa de pellets Qlima Tectro TBH146 Slim 4620 vatios\" width=\"600\" height=\"800\" \/><\/p>\n<p>La estufa de pellets Tectro TBH146 es <strong>certificado A+ de eficiencia energ\u00e9tica<\/strong>!<\/p>\n<p>Esta estufa de pellets se caracteriza por <strong>valores especialmente eficaces<\/strong>. De hecho, los rendimientos energ\u00e9ticos son especialmente elevados. Adem\u00e1s, tambi\u00e9n se reducen las emisiones. Todo ello hace que la estufa de pellets Tectro TBH146 Slim cumpla los requisitos legales.<\/p>\n<p>Esta estufa est\u00e1 en la versi\u00f3n Slim. Esto significa que ocupa muy poco espacio a la vez que tiene una gran capacidad calor\u00edfica. De hecho, sus medidas son:<\/p>\n<ul>\n<li>altura: 85 cm<\/li>\n<li>anchura: 43 cm<\/li>\n<li>profundidad: 26 cm<\/li>\n<\/ul>\n<p><img loading=\"lazy\" decoding=\"async\" class=\"aligncenter size-full wp-image-7830\" src=\"https:\/\/www.elettrowebstore.com\/EWS_Store\/wp-content\/uploads\/2020\/04\/qlima-stufa-pellet-tectro-TBH146-Slim-4620-Watt-3.jpg\" alt=\"Estufa de pellets Qlima Tectro TBH146 Slim 4620 vatios\" width=\"600\" height=\"800\" \/><\/p>\n<p><img loading=\"lazy\" decoding=\"async\" class=\"aligncenter size-full wp-image-7786\" src=\"https:\/\/www.elettrowebstore.com\/EWS_Store\/wp-content\/uploads\/2020\/04\/Qlima-Stufa-A-Pellet-TECTRO-TBH-146-Slim-4620-Watt-05.jpg\" alt=\"Estufa de pellets Qlima TECTRO TBH 146 Slim 4620 vatios\" width=\"771\" height=\"280\" srcset=\"https:\/\/www.elettrowebstore.com\/EWS_Store\/wp-content\/uploads\/Qlima-Stufa-A-Pellet-TECTRO-TBH-146-Slim-4620-Watt-05.jpg 771w, https:\/\/www.elettrowebstore.com\/EWS_Store\/wp-content\/uploads\/Qlima-Stufa-A-Pellet-TECTRO-TBH-146-Slim-4620-Watt-05-600x218.jpg 600w, https:\/\/www.elettrowebstore.com\/EWS_Store\/wp-content\/uploads\/Qlima-Stufa-A-Pellet-TECTRO-TBH-146-Slim-4620-Watt-05-768x279.jpg 768w\" sizes=\"auto, (max-width: 771px) 100vw, 771px\" \/><\/p>\n<p>&nbsp;<\/p>\n<p>&nbsp;<\/p>\n<h2><strong>Caracter\u00edsticas del producto Estufa de pellets Qlima Tectro TBH146 Slim 4620 vatios<br \/>\n<\/strong><\/h2>\n<ul>\n<li>Tipo de estufa: estufa de pellets<\/li>\n<li>Capacidad m\u00edn.\/m\u00e1x.: kW 2,4 - 4,6<\/li>\n<li>Consumo: W 300 \/ 100<\/li>\n<li>Alimentaci\u00f3n: V\/Hz 230\/~50<\/li>\n<li>Rendimiento t\u00e9rmico a capacidad nominal\/reducida: % 88,02 \/ 89,68<\/li>\n<li>Nivel de mon\u00f3xido de carbono a 13% nominal\/capacidad de ox\u00edgeno reducida: % 0,016 \/ 0,022<\/li>\n<li>Contenido medio de polvo a 13% de ox\u00edgeno: mg\/Nm\u00b3 24<\/li>\n<li>Para habitaciones de hasta: m\u00b3 145 (s\u00f3lo a nivel indicativo)<\/li>\n<li>Di\u00e1metro del tubo de desag\u00fce: mm 80<\/li>\n<li>Temperatura de los gases de combusti\u00f3n: \u00b0C 157 - 104<\/li>\n<li>Depresi\u00f3n cameral: Pa 11<\/li>\n<li>La estufa debe tener su propia chimenea: No<\/li>\n<li>Tipo de combustible: \u00d8 6 mm Din+\/\u00d6norm+\/EN+<\/li>\n<li>Longitud\/di\u00e1metro nominal del combustible: mm 30 \/ 06<\/li>\n<li>Capacidad de la tolva de pellets: kg 9<\/li>\n<li>Autonom\u00eda (m\u00edn-m\u00e1x): h 4,8 - 8,4<\/li>\n<li>Entrada de aire primario: S\u00ed<\/li>\n<li>Ventilador: S\u00ed<\/li>\n<li>Filtro de aire: No<\/li>\n<li>Peso neto: 48 kg<\/li>\n<li>Estufa con marcado CE<\/li>\n<\/ul>\n<p><img loading=\"lazy\" decoding=\"async\" class=\"aligncenter size-full wp-image-7827\" src=\"https:\/\/www.elettrowebstore.com\/EWS_Store\/wp-content\/uploads\/2020\/04\/qlima-stufa-pellet-tectro-TBH146-Slim-4620-Watt-2.jpg\" alt=\"Estufa de pellets Qlima Tectro TBH146 Slim 4620 vatios\" width=\"600\" height=\"800\" \/><\/p>\n<p>&nbsp;<\/p>\n<h2><strong>\u00bfDudas sobre la asistencia t\u00e9cnica? Qlima ofrece asistencia t\u00e9cnica en toda Italia.<\/strong><\/h2>\n<p>Si tienes dudas sobre c\u00f3mo utilizar los productos Qlima, puedes visitar ahora la p\u00e1gina web <a href=\"https:\/\/www.qlima.it\" target=\"_blank\" rel=\"noopener noreferrer\"><strong>www.qlima.it<\/strong><\/a> para toda la informaci\u00f3n t\u00e9cnica sobre los productos. En el sitio hay abundante informaci\u00f3n sobre el uso y el mantenimiento de los productos.<\/p>\n<p>Si necesita asistencia t\u00e9cnica en la zona m\u00e1s cercana a su domicilio, s\u00f3lo tiene que ponerse en contacto con los siguientes n\u00fameros:<\/p>\n<ul>\n<li>Correo electr\u00f3nico: assistenza@pvg.eu<\/li>\n<li>Fax: 0571628504<\/li>\n<li>Tel\u00e9fono: 0571628500 (horario de oficina 9.00 - 13.00 \/ 14.00 - 18.00)<\/li>\n<\/ul>\n<p>\u00a1Personal especializado le proporcionar\u00e1 toda la ayuda que necesite para resolver el problema que tenga con la estufa de pellets Tectro TBH146 Slim!<\/p>\n<p><img loading=\"lazy\" decoding=\"async\" class=\"aligncenter size-full wp-image-7829\" src=\"https:\/\/www.elettrowebstore.com\/EWS_Store\/wp-content\/uploads\/2020\/04\/qlima-stufa-pellet-tectro-TBH146-Slim-4620-Watt-9.jpg\" alt=\"Estufa de pellets Qlima Tectro TBH146 Slim 4620 vatios\" width=\"600\" height=\"800\" \/><\/p>\n<p>&nbsp;<\/p>\n<h2><strong>\u00bfQu\u00e9 caracter\u00edsticas tiene la estufa de pellets Qlima Tectro TBH146 Slim 4620 W?<\/strong><\/h2>\n<p>Le<strong> estufas de pellets<\/strong> se han consolidado como un s\u00f3lido <strong>alternativa a las calderas, estufas y chimeneas de le\u00f1a de gas natural<\/strong> para la calefacci\u00f3n dom\u00e9stica. Existen varias <strong>buenas razones para elegir estufas de pellets<\/strong>:<\/p>\n<ul>\n<li>consumen menos que las calderas de gas natural<\/li>\n<li>son m\u00e1s respetuosas con el medio ambiente<\/li>\n<li>ofrecen gran autonom\u00eda y personalizaci\u00f3n del consumo<\/li>\n<\/ul>\n<p>Por otro lado, a pesar de estas ventajas, las estufas de pellets requieren un mantenimiento peri\u00f3dico.<\/p>\n<p>La estufa de pellets Qlima TECTRO TBH 146 Slim 4620 W tiene un funcionamiento similar al de las estufas de le\u00f1a. <strong>Produce aire caliente quemando pellets<\/strong>. La estufa est\u00e1 equipada con un <strong>dep\u00f3sito<\/strong> en la que se cargan previamente los gr\u00e1nulos que se van a consumir. A trav\u00e9s de un <strong>termostato<\/strong>\u00a0se puede programar la hora de conexi\u00f3n y desconexi\u00f3n y regular la temperatura. Se trata, por tanto, de un sistema de calefacci\u00f3n con una buena <strong>autonom\u00eda<\/strong>que se puede programar con antelaci\u00f3n y que calienta la casa gradualmente.<\/p>\n<p><img loading=\"lazy\" decoding=\"async\" class=\"aligncenter size-full wp-image-7828\" src=\"https:\/\/www.elettrowebstore.com\/EWS_Store\/wp-content\/uploads\/2020\/04\/qlima-stufa-pellet-tectro-TBH146-Slim-4620-Watt-5.jpg\" alt=\"Estufa de pellets Qlima Tectro TBH146 Slim 4620 vatios\" width=\"600\" height=\"800\" \/><\/p>\n<p><img loading=\"lazy\" decoding=\"async\" class=\"aligncenter size-full wp-image-7833\" src=\"https:\/\/www.elettrowebstore.com\/EWS_Store\/wp-content\/uploads\/2020\/04\/qlima-stufa-pellet-tectro-TBH146-Slim-4620-Watt-6.jpg\" alt=\"Estufa de pellets Qlima Tectro TBH146 Slim 4620 vatios\" width=\"600\" height=\"800\" \/><\/p>\n<p><img loading=\"lazy\" decoding=\"async\" class=\"aligncenter size-full wp-image-7832\" src=\"https:\/\/www.elettrowebstore.com\/EWS_Store\/wp-content\/uploads\/2020\/04\/qlima-stufa-pellet-tectro-TBH146-Slim-4620-Watt-7.jpg\" alt=\"Estufa de pellets Qlima Tectro TBH146 Slim 4620 vatios\" width=\"600\" height=\"800\" \/><\/p>\n<p><img loading=\"lazy\" decoding=\"async\" class=\"aligncenter size-full wp-image-7826\" src=\"https:\/\/www.elettrowebstore.com\/EWS_Store\/wp-content\/uploads\/2020\/04\/qlima-stufa-pellet-tectro-TBH146-Slim-4620-Watt-8.jpg\" alt=\"Estufa de pellets Qlima Tectro TBH146 Slim 4620 vatios\" width=\"600\" height=\"800\" \/><\/p>\n<h2><strong>Primera instalaci\u00f3n de la estufa de pellets<\/strong><\/h2>\n<p><span class=\"fontstyle0\">La <strong>primera puesta en servicio<\/strong> de la estufa de pellets Qlima TECTRO TBH 146 Slim 4620 vatios debe ser realizado por un <strong>t\u00e9cnico autorizado<\/strong> para realizar esta tarea. La estufa debe ajustarse cuando se pone en funcionamiento por primera vez, para conseguir la proporci\u00f3n correcta de aire y combustible en cada uno de los cinco niveles de combusti\u00f3n. La proporci\u00f3n correcta depende en gran medida de la chimenea instalada y s\u00f3lo puede ajustarse una vez instalada la estufa. Una proporci\u00f3n incorrecta de aire\/combustible podr\u00eda causar graves da\u00f1os a la estufa y tambi\u00e9n aumentar el consumo de combustible.<\/span><\/p>\n<p>Cuando se instala la estufa de pellets Qlima TECTRO TBH 146 Slim 4620 Watt, la estufa debe ser <strong>conectado al sistema el\u00e9ctrico y una chimenea<\/strong>que garantiza la salida del humo producido por la combusti\u00f3n de los pellets. La estufa tambi\u00e9n debe estar conectada a un <strong>entrada de aire,<\/strong> que sirve para equilibrar su consumo de ox\u00edgeno.<\/p>\n<p><span class=\"fontstyle0\">La estufa est\u00e1 fabricada en acero de alta calidad con una capa protectora. Durante los primeros ciclos de encendido, la capa protectora se endurecer\u00e1 y el acero se asentar\u00e1. Este proceso puede durar alg\u00fan tiempo. Durante el primer funcionamiento, es normal que se produzca un olor desagradable. Aseg\u00farese de ventilar la habitaci\u00f3n durante mucho tiempo durante este periodo.<\/span>.<\/p>\n<p>Para m\u00e1s informaci\u00f3n t\u00e9cnica sobre el producto, <a href=\"https:\/\/www.qlima.it\/product-media\/9987\/User%20Manual\/man_TBH146%20S-Line('18)%20V6.pdf?index=0\" target=\"_blank\" rel=\"noopener noreferrer\"><strong>descargue el manual oficial del fabricante desde este enlace<\/strong><\/a>.<\/p>\n<p>&nbsp;<\/p>\n<p><strong>NOTA: LAS ESTUFAS SIN CHIMENEA NO PUEDEN UTILIZARSE EN DORMITORIOS, CUARTOS DE BA\u00d1O, ESTUDIOS, S\u00d3TANOS, AUTOCARAVANAS, CARAVANAS Y HABITACIONES CON UN VOLUMEN INFERIOR A 15 M3. LAS ESTUFAS REQUIEREN ABERTURAS PERMANENTES PARA EL INTERCAMBIO DE AIRE.<br \/>\n<\/strong><\/p>\n<p>&nbsp;<\/p>\n<h2><strong>Declaraci\u00f3n de conformidad del producto<\/strong><\/h2>\n<p>La estufa de pellets Qlima Tectro TBH146 cumple con todas las normativas CE, gracias a su marcado de conformidad, como se muestra a continuaci\u00f3n.<\/p>\n<p><img loading=\"lazy\" decoding=\"async\" class=\"aligncenter size-full wp-image-7834\" src=\"https:\/\/www.elettrowebstore.com\/EWS_Store\/wp-content\/uploads\/2020\/04\/qlima-stufa-pellet-tectro-TBH146-Slim-4620-Watt-4.jpg\" alt=\"Estufa de pellets Qlima Tectro TBH146 Slim 4620 vatios\" width=\"600\" height=\"800\" \/><\/p>\n<p>&nbsp;<\/p>\n<h2><strong>Acerca de Qlima<\/strong><strong>?<\/strong><\/h2>\n<p><img loading=\"lazy\" decoding=\"async\" class=\"wp-image-7785 alignleft\" src=\"https:\/\/www.elettrowebstore.com\/EWS_Store\/wp-content\/uploads\/2020\/04\/Qlima-Stufa-A-Pellet-TECTRO-TBH-146-Slim-4620-Watt-04.jpg\" alt=\"Estufa de pellets Qlima TECTRO TBH 146 Slim 4620 vatios\" width=\"162\" height=\"73\" srcset=\"https:\/\/www.elettrowebstore.com\/EWS_Store\/wp-content\/uploads\/Qlima-Stufa-A-Pellet-TECTRO-TBH-146-Slim-4620-Watt-04.jpg 811w, https:\/\/www.elettrowebstore.com\/EWS_Store\/wp-content\/uploads\/Qlima-Stufa-A-Pellet-TECTRO-TBH-146-Slim-4620-Watt-04-600x269.jpg 600w, https:\/\/www.elettrowebstore.com\/EWS_Store\/wp-content\/uploads\/Qlima-Stufa-A-Pellet-TECTRO-TBH-146-Slim-4620-Watt-04-768x345.jpg 768w\" sizes=\"auto, (max-width: 162px) 100vw, 162px\" \/><a href=\"https:\/\/www.qlima.it\/\"><strong>Qlima<\/strong><\/a> distribuye en el sector de la \"climatizaci\u00f3n y el bienestar\" en toda Europa desde hace 30 a\u00f1os. Durante muchos a\u00f1os, Qlima ha sido sin\u00f3nimo de servicio fiable y productos fabricados con esmero para durar. Qlima ofrece una amplia gama de productos para la climatizaci\u00f3n dom\u00e9stica: estufas port\u00e1tiles de combustible l\u00edquido, combustibles, estufas de pellets, climatizadores, deshumidificadores, humidificadores y productos para la purificaci\u00f3n del aire. Los productos Qlima ayudan a crear un confort \u00f3ptimo en cada habitaci\u00f3n: el equilibrio perfecto entre temperatura, humedad y calidad del aire.<\/p>\n<p>&nbsp;<\/p>\n<h2><strong>Garant\u00eda<\/strong><\/h2>\n<p>El producto est\u00e1 cubierto por <a href=\"https:\/\/www.elettrowebstore.com\/due-anni-di-garanzia-su-ogni-prodotto-acquistato\/\"><strong>garant\u00eda legal<\/strong><\/a>seg\u00fan la p\u00e1gina correspondiente de nuestro sitio web, que le invitamos a leer. Tambi\u00e9n proporcionamos informaci\u00f3n clara sobre el ejercicio de la <a href=\"https:\/\/www.elettrowebstore.com\/diritto-di-recesso-restituzione-prodotti\/\"><strong>derecho de retractaci\u00f3n<\/strong><\/a>.<\/p>\n<p>Para facilitar el ejercicio de este derecho, el fabricante dispone de Centros de Asistencia T\u00e9cnica autorizados en todo el territorio nacional.<\/p>\n<p>Encontrar\u00e1 m\u00e1s informaci\u00f3n sobre la legislaci\u00f3n pertinente en el sitio web de la<a href=\"http:\/\/www.agcm.it\/consumatore\/decalogo\/5102-garanzia-del-venditore-guida-per-il-consumatore.html\"><strong>Autoridad de Competencia y Mercado<\/strong><\/a>.<\/p>\n<p>Con el fin de mejorar la calidad del producto, el fabricante se reserva el derecho de modificar los materiales y las caracter\u00edsticas t\u00e9cnicas del art\u00edculo sin previo aviso.  Adem\u00e1s, las descripciones e im\u00e1genes que aqu\u00ed se ofrecen son, por tanto, orientativas y pueden variar ligeramente respecto al producto final.<\/p>\n<p>&nbsp;<\/p>\n<h2><strong>Plazo de entrega<\/strong><\/h2>\n<p>Este producto est\u00e1 siempre disponible para su entrega inmediata. De hecho, puede pedirse inmediatamente y ElettroWebStore lo env\u00eda en un plazo de 10 d\u00edas laborables a partir de la fecha de compra.<\/p>\n<p>Adem\u00e1s, todos los env\u00edos de ElettroWebStore est\u00e1n exentos de gastos de env\u00edo.<\/p>\n<p><a href=\"https:\/\/www.elettrowebstore.com\/spedizioni-consegne-prodotti-italia-estero\/\"><img loading=\"lazy\" decoding=\"async\" class=\"aligncenter wp-image-5149 size-full\" src=\"https:\/\/www.elettrowebstore.com\/EWS_Store\/wp-content\/uploads\/2020\/04\/elettrowebstore-spedizione-con-corrieri-brt-sda-dhl_n75nxd.jpg\" alt=\"ElettroWebStore env\u00eda con mensajer\u00eda r\u00e1pida BRT SDA DHL\" width=\"649\" height=\"175\" srcset=\"https:\/\/www.elettrowebstore.com\/EWS_Store\/wp-content\/uploads\/elettrowebstore-spedizione-con-corrieri-brt-sda-dhl_n75nxd.jpg 649w, https:\/\/www.elettrowebstore.com\/EWS_Store\/wp-content\/uploads\/elettrowebstore-spedizione-con-corrieri-brt-sda-dhl_n75nxd-600x162.jpg 600w\" sizes=\"auto, (max-width: 649px) 100vw, 649px\" \/><\/a><\/p>\n<p>&nbsp;<\/p>\n<h2><strong>Formas de pago aceptadas<\/strong><\/h2>\n<p><strong>En el sitio web de ElettroWebStore puede pagar con todos los m\u00e9todos habituales<\/strong>tanto espec\u00edficas de Internet (como las tarjetas prepago) como tradicionales (como las tarjetas de cr\u00e9dito cl\u00e1sicas).<\/p>\n<p><a href=\"https:\/\/www.elettrowebstore.com\/pagamenti-sicuri-sul-sito-elettrowebstore\/\"><img loading=\"lazy\" decoding=\"async\" class=\"aligncenter size-full wp-image-5151\" src=\"https:\/\/www.elettrowebstore.com\/EWS_Store\/wp-content\/uploads\/2020\/04\/elettrowebstore-pagamenti_berj9q.jpg\" alt=\"Formas de pago aceptadas en el sitio ElettroWebStore\" width=\"649\" height=\"226\" srcset=\"https:\/\/www.elettrowebstore.com\/EWS_Store\/wp-content\/uploads\/elettrowebstore-pagamenti_berj9q.jpg 649w, https:\/\/www.elettrowebstore.com\/EWS_Store\/wp-content\/uploads\/elettrowebstore-pagamenti_berj9q-600x209.jpg 600w\" sizes=\"auto, (max-width: 649px) 100vw, 649px\" \/><\/a><\/p>\n<p>&nbsp;<\/p>\n<p>Todos los pagos se gestionan a trav\u00e9s del <a href=\"https:\/\/www.paypal.com\/it\/webapps\/mpp\/paypal-safety-and-security\"><strong>Paypal<\/strong><\/a>. Adem\u00e1s, aunque no dispongas de Paypal, puedes pagar sin necesidad de registrarte y guardar tus credenciales. Todo lo que tienes que hacer es introducir tus datos en las p\u00e1ginas de Paypal.<\/p>\n<p>En ning\u00fan caso <a href=\"http:\/\/www.elettrowebstore.com\"><strong>ElettroWebStore<\/strong><\/a> gestionar los datos de sus tarjetas de pago o darse cuenta de ellos. De hecho <a href=\"http:\/\/www.elettrowebstore.com\"><strong>ElettroWebStore<\/strong><\/a> s\u00f3lo ver\u00e1 si el pago se ha efectuado o no.<\/p>\n<p>Nuestro sitio utiliza protocolos HTTPS, que garantizan un alto nivel de seguridad para los usuarios.<\/p>","protected":false},"excerpt":{"rendered":"<p>La estufa de pellets Qlima Tectro TBH146 Slim 4620 vatios 4,6 kW es una <strong>sistema de calefacci\u00f3n innovador, eficaz y rentable<\/strong>. <span class=\"fontstyle0\">De hecho, la estufa de pellets Tectro de Qlima est\u00e1 construida con materiales de primera calidad y cuenta con dispositivos especiales que permiten que el calor se propague uniformemente y durante m\u00e1s tiempo, lo que se traduce en un excelente rendimiento t\u00e9rmico.<\/span>. Fabricado en Italia. <strong><span style=\"color: #ff0000\">Env\u00edo gratuito.<\/span><\/strong><\/p>","protected":false},"featured_media":7831,"template":"","meta":[],"product_brand":[],"product_cat":[1073],"product_tag":[1111,701,1113,1114,1077,1075,1123,1129,1112],"class_list":{"0":"post-7752","1":"product","2":"type-product","3":"status-publish","4":"has-post-thumbnail","6":"product_cat-riscaldamento","7":"product_tag-4620-watt","8":"product_tag-made-in-italy","9":"product_tag-pellet","10":"product_tag-qlima","11":"product_tag-riscaldamento","12":"product_tag-stufa","13":"product_tag-tbh-146","14":"product_tag-tbh146","15":"product_tag-tectro","16":"product_shipping_class-pe10","18":"first","19":"outofstock","20":"sale","21":"taxable","22":"shipping-taxable","23":"purchasable","24":"product-type-simple"},"_links":{"self":[{"href":"https:\/\/www.elettrowebstore.com\/es\/wp-json\/wp\/v2\/product\/7752","targetHints":{"allow":["GET"]}}],"collection":[{"href":"https:\/\/www.elettrowebstore.com\/es\/wp-json\/wp\/v2\/product"}],"about":[{"href":"https:\/\/www.elettrowebstore.com\/es\/wp-json\/wp\/v2\/types\/product"}],"wp:featuredmedia":[{"embeddable":true,"href":"https:\/\/www.elettrowebstore.com\/es\/wp-json\/wp\/v2\/media\/7831"}],"wp:attachment":[{"href":"https:\/\/www.elettrowebstore.com\/es\/wp-json\/wp\/v2\/media?parent=7752"}],"wp:term":[{"taxonomy":"product_brand","embeddable":true,"href":"https:\/\/www.elettrowebstore.com\/es\/wp-json\/wp\/v2\/product_brand?post=7752"},{"taxonomy":"product_cat","embeddable":true,"href":"https:\/\/www.elettrowebstore.com\/es\/wp-json\/wp\/v2\/product_cat?post=7752"},{"taxonomy":"product_tag","embeddable":true,"href":"https:\/\/www.elettrowebstore.com\/es\/wp-json\/wp\/v2\/product_tag?post=7752"}],"curies":[{"name":"wp","href":"https:\/\/api.w.org\/{rel}","templated":true}]}}