{"id":7642,"date":"2019-10-10T15:23:07","date_gmt":"2019-10-10T13:23:07","guid":{"rendered":"https:\/\/www.elettrowebstore.com\/?post_type=product&#038;p=7642"},"modified":"2021-08-17T09:50:41","modified_gmt":"2021-08-17T07:50:41","slug":"sicar-stufa-infrarossi-metano-eco40-grigia-4200-watt","status":"publish","type":"product","link":"https:\/\/www.elettrowebstore.com\/es\/shop\/calefactor-infrarrojo-sicar-metano-eco40-gris-4200-vatios\/","title":{"rendered":"\u00a1Estufa de metano por infrarrojos Sicar ECO40 gris 4200 W - OFERTA PROMOCIONAL!"},"content":{"rendered":"<h2><strong>Calefactor infrarrojo Sicar metano ECO40 gris 4200 vatios<\/strong><\/h2>\n<p>La estufa de metano por infrarrojos ECO40 gris de 4200 vatios de Sicar es una estufa mural <strong>producido \u00edntegramente en Italia<\/strong>. De hecho, la producci\u00f3n italiana garantiza la calidad de los materiales utilizados, un excelente rendimiento t\u00e9rmico y un contacto seguro con el gas. En consecuencia, en general, el producto Sicar es sin\u00f3nimo de la m\u00e1s alta calidad 100% hecho en Italia.<\/p>\n<p><span style=\"color: #ed1c24;\"><strong>ATENCI\u00d3N: \u00a1ESTUFA DESTINADA EXCLUSIVAMENTE AL MERCADO ITALIANO! POR LO TANTO, \u00a1NO ES POSIBLE ENVIAR EL PRODUCTO AL EXTRANJERO!<\/strong><\/span><\/p>\n<p><span style=\"color: #ed1c24;\"><strong>\u00a1\u00daLTIMA PIEZA DISPONIBLE!<br \/>\n<\/strong><\/span><\/p>\n<p>&nbsp;<\/p>\n<p><img loading=\"lazy\" decoding=\"async\" class=\"size-full wp-image-7644 aligncenter\" src=\"https:\/\/res.cloudinary.com\/dl3yepmtd\/images\/w_600,h_800,c_scale\/v1610987807\/Sicar-stufa-infrarossi-metano-ECO40-grigia-4200-Watt-02\/Sicar-stufa-infrarossi-metano-ECO40-grigia-4200-Watt-02.jpg\" alt=\"Calefactor infrarrojo Sicar metano ECO40 gris 4200 vatios\" width=\"600\" height=\"800\" \/><\/p>\n<p>&nbsp;<\/p>\n<p><img loading=\"lazy\" decoding=\"async\" class=\"aligncenter wp-image-7666 size-large\" src=\"https:\/\/res.cloudinary.com\/dl3yepmtd\/images\/w_800,h_510,c_scale\/v1610987807\/sicar-stufa-infrarossi-4200watt-eco40-metano-riscaldamento-doppia-sicurezza_1\/sicar-stufa-infrarossi-4200watt-eco40-metano-riscaldamento-doppia-sicurezza_1.jpg\" alt=\"Calefactor infrarrojo Sicar metano ECO40 gris 4200 vatios\" width=\"800\" height=\"510\" srcset=\"https:\/\/www.elettrowebstore.com\/EWS_Store\/wp-content\/uploads\/sicar-stufa-infrarossi-4200watt-eco40-metano-riscaldamento-doppia-sicurezza_1.jpg 800w, https:\/\/www.elettrowebstore.com\/EWS_Store\/wp-content\/uploads\/sicar-stufa-infrarossi-4200watt-eco40-metano-riscaldamento-doppia-sicurezza_1-600x383.jpg 600w, https:\/\/www.elettrowebstore.com\/EWS_Store\/wp-content\/uploads\/sicar-stufa-infrarossi-4200watt-eco40-metano-riscaldamento-doppia-sicurezza_1-768x490.jpg 768w\" sizes=\"auto, (max-width: 800px) 100vw, 800px\" \/><\/p>\n<p>&nbsp;<\/p>\n<p>&nbsp;<\/p>\n<p>&nbsp;<\/p>\n<h2><strong>Caracter\u00edsticas del producto<\/strong><\/h2>\n<ul>\n<li>Quemador de infrarrojos 3 baldosas de cer\u00e1mica<\/li>\n<li>Ajuste de potencia en 3 niveles (baldosa individual\/baldosa doble\/baldosa doble juntas)<\/li>\n<li>Revestimiento epoxi antiara\u00f1azos<\/li>\n<li>Tapa resistente al calor<\/li>\n<li>Encendido piezoel\u00e9ctrico<\/li>\n<li>Conexi\u00f3n a la pared<\/li>\n<li>Fondo con pies<\/li>\n<li>Grifo de v\u00e1lvula<\/li>\n<li>Doble \"gas de parada\" de seguridad con analizador de atm\u00f3sfera<\/li>\n<li>Colores disponibles mod. Eco 40: gris, azul<\/li>\n<li>Racor de conexi\u00f3n hexagonal exterior 21\u00d728-1\/2\u2033x1\/8\u2033.<\/li>\n<li>Estufa con marcado CE<\/li>\n<li>Fabricado \u00edntegramente en Italia<\/li>\n<\/ul>\n<p>&nbsp;<\/p>\n<p><img loading=\"lazy\" decoding=\"async\" class=\"aligncenter wp-image-7665 size-large\" src=\"https:\/\/res.cloudinary.com\/dl3yepmtd\/images\/w_600,h_652,c_scale\/v1610987813\/sicar-stufa-infrarossi-4200watt-eco40-metano-riscaldamento-doppia-sicurezza_3\/sicar-stufa-infrarossi-4200watt-eco40-metano-riscaldamento-doppia-sicurezza_3.jpg\" alt=\"Calefactor infrarrojo Sicar metano ECO40 gris 4200 vatios\" width=\"600\" height=\"652\" \/><\/p>\n<p><img loading=\"lazy\" decoding=\"async\" class=\"aligncenter wp-image-7662 size-large\" src=\"https:\/\/res.cloudinary.com\/dl3yepmtd\/images\/w_600,h_680,c_scale\/v1610987810\/sicar-stufa-infrarossi-4200-watt-eco40-metano-riscaldamento-doppia-sicurezza_2\/sicar-stufa-infrarossi-4200-watt-eco40-metano-riscaldamento-doppia-sicurezza_2.jpg\" alt=\"Calefactor infrarrojo Sicar metano ECO40 gris 4200 vatios\" width=\"600\" height=\"680\" \/><\/p>\n<p>&nbsp;<\/p>\n<h2><strong>Especificaciones t\u00e9cnicas:<\/strong><\/h2>\n<ul>\n<li>Presi\u00f3n de funcionamiento: 20 mbar<\/li>\n<li>Consumo horario: 0,410 metros c\u00fabicos por hora<\/li>\n<li>Volumen m\u00e1ximo calefactable: 110 metros c\u00fabicos (aproximadamente el equivalente a una habitaci\u00f3n de 35-40 metros cuadrados)<\/li>\n<li>Dimensiones (profundidad x altura x anchura): 425x150x640 mm<\/li>\n<li>Peso neto: 6,5 kg<\/li>\n<li>Potencia calor\u00edfica: 4.200 vatios<\/li>\n<\/ul>\n<p>&nbsp;<\/p>\n<p><img loading=\"lazy\" decoding=\"async\" class=\"size-full wp-image-7645 aligncenter\" src=\"https:\/\/res.cloudinary.com\/dl3yepmtd\/images\/w_600,h_800,c_scale\/v1610987809\/Sicar-stufa-infrarossi-metano-ECO40-grigia-4200-Watt-03\/Sicar-stufa-infrarossi-metano-ECO40-grigia-4200-Watt-03.jpg\" alt=\"Calefactor infrarrojo Sicar metano ECO40 gris 4200 vatios\" width=\"600\" height=\"800\" \/><\/p>\n<p>&nbsp;<\/p>\n<p>La foto muestra c\u00f3mo la estufa de gas natural ECO40 puede ser <strong>mural<\/strong>respetando la altura recomendada por el fabricante de unos 15-20 cm del suelo.<\/p>\n<p>&nbsp;<\/p>\n<h2><strong>\u00bfCu\u00e1les son las caracter\u00edsticas de <\/strong><strong>Calefactor de infrarrojos Sicar metano ECO 40 gris 4200 vatios<\/strong><\/h2>\n<p>Sicar calentador de infrarrojos metano ECO 40 gris 4200 vatios es un sistema de calefacci\u00f3n <strong>producido \u00edntegramente en Italia<\/strong> \u00a1con materiales y mano de obra italiana, por una empresa italiana! Esto es muy importante porque este art\u00edculo entra en contacto con el gas y se utiliza para la calefacci\u00f3n en invierno. De hecho <strong>es absolutamente necesario que el contacto con el gas sea seguro<\/strong>que no haya fugas al medio ambiente y que los materiales con los que est\u00e1 fabricada la estufa sean adecuados.<strong><br \/>\n<\/strong><\/p>\n<p>La producci\u00f3n italiana garantiza que el<strong> las l\u00e1minas y los componentes est\u00e1n certificados para su uso en un sistema de calefacci\u00f3n<\/strong> y son de calidad. Adem\u00e1s, esto garantiza que son<strong> recambios disponibles<\/strong> y centros de asistencia t\u00e9cnica del territorio en caso de problemas. Adem\u00e1s, este producto es <strong>m\u00e1s robustos que los importados<\/strong>. Esto garantiza una mayor durabilidad y un mejor rendimiento y comodidad con el paso del tiempo.<\/p>\n<p>Le <strong>pintura<\/strong> se llevan a cabo de conformidad con la normativa pertinente. Gracias a esta b\u00fasqueda de materiales de calidad, el producto no produce olores desagradables debido a las reacciones qu\u00edmicas entre la pintura y el gas.<\/p>\n<p>En <strong>sistema de doble parada de gas<\/strong>Tambi\u00e9n est\u00e1 dise\u00f1ado y fabricado en Italia. Esto garantiza el control de la extinci\u00f3n de las llamas y de las fugas de di\u00f3xido de carbono.<\/p>\n<p>Estufas de gas metano <strong>no necesitan cilindros<\/strong> y esto les permite ser menos engorrosos.<\/p>\n<p>La estufa SICAR ECO 40 es <strong>Marcado CE<\/strong> y se fabrica en Italia, en la sede de SICAR.<\/p>\n<p><img loading=\"lazy\" decoding=\"async\" class=\"size-large wp-image-7646 aligncenter\" src=\"https:\/\/res.cloudinary.com\/dl3yepmtd\/images\/w_600,h_800,c_scale\/v1610987811\/Sicar-stufa-infrarossi-metano-ECO40-grigia-4200-Watt-04\/Sicar-stufa-infrarossi-metano-ECO40-grigia-4200-Watt-04.jpg\" alt=\"Calefactor infrarrojo Sicar metano ECO40 gris 4200 vatios\" width=\"600\" height=\"800\" \/><\/p>\n<p>&nbsp;<\/p>\n<h2><strong>\u00bfCu\u00e1les son los requisitos de instalaci\u00f3n de una estufa de metano?<\/strong><\/h2>\n<p>Para beneficiarse de este tipo de calefacci\u00f3n, es imprescindible que al lugar donde se vive llegue el <strong>red de metano<\/strong>. Si esto es posible, el segundo paso es realizar la conexi\u00f3n poni\u00e9ndose en contacto con un proveedor adecuado (si no hay cobertura, tendr\u00e1 que optar por estufas de gas GLP, tales como <a href=\"https:\/\/www.elettrowebstore.com\/shop\/sicar-stufa-catalitica-gpl-euro80-2500-watt\/\"><strong>Estufa catal\u00edtica de GLP Sicar EURO80 2500 vatios<\/strong><\/a> o <a href=\"https:\/\/www.elettrowebstore.com\/shop\/sicar-stufa-infrarossi-gpl-euro90-grigia-4200-watt\/\"><strong>Calefactor infrarrojo Sicar GLP EURO90 gris 4200 vatios<\/strong><\/a>).<\/p>\n<p>Debe extremarse la precauci\u00f3n cuando se instalen estufas sin conductos de humos. De hecho, la finalidad de la chimenea es permitir la expulsi\u00f3n de los gases producidos por la estufa durante su funcionamiento.<\/p>\n<p>La <strong>La estufa SICAR no est\u00e1 equipada con chimenea<\/strong>. Por lo tanto, es necesario que el lugar donde se instale disponga de aberturas permanentes para el intercambio de aire. Por lo tanto, no es adecuado para servir como sistema de calefacci\u00f3n principal del lugar donde se instala.<\/p>\n<p><strong>No se recomienda instalar la estufa de gas natural en habitaciones como dormitorios, cuartos de ba\u00f1o, estudios, s\u00f3tanos, autocaravanas, caravanas<\/strong>. Adem\u00e1s, no se recomienda instalar la estufa de dep\u00f3sito en habitaciones con una superficie inferior a 15 metros c\u00fabicos.<\/p>\n<p>Por \u00faltimo, recuerde que el <strong>el metano es un gas m\u00e1s ligero que el aire<\/strong>. A pesar de ello, en locales cerrados sin ventilaci\u00f3n, tiende a estancarse y saturar el aire.<strong><br \/>\n<\/strong><\/p>\n<p>&nbsp;<\/p>\n<h2><strong>\u00bfQu\u00e9 significa que la estufa Sicar ECO 40 tiene doble protecci\u00f3n contra fugas de gas?<\/strong><\/h2>\n<p>Este producto est\u00e1 equipado con un sistema dual de control de gas para garantizar la seguridad de los usuarios. En particular, el<strong>a estufa se apaga autom\u00e1ticamente si se detecta un contenido de di\u00f3xido de carbono igual o superior a 1,5%<\/strong>. De este modo, la estufa puede detectar humos que pueden ser extremadamente peligrosos para la seguridad de los usuarios.<\/p>\n<p>Adem\u00e1s, el producto interrumpe autom\u00e1ticamente el suministro de gas en caso de que la estufa se apague accidentalmente. De hecho, en caso de apagado accidental, en una estufa normal el gas seguir\u00eda suministr\u00e1ndose. En cambio, en esta estufa Sicar, el<strong>el suministro de gas se interrumpe inmediatamente en caso de parada<\/strong>.<\/p>\n<p>De hecho, la estufa Sicar es <strong>equipado con un analizador de atm\u00f3sfera<\/strong> que permite controlar los par\u00e1metros anteriores.<\/p>\n<p>&nbsp;<\/p>\n<h2><strong>\u00bfQu\u00e9 significa calentador de infrarrojos?<\/strong><\/h2>\n<p>La <strong>calentador infrarrojo<\/strong> es un producto que utiliza la tecnolog\u00eda de infrarrojos para calentar la habitaci\u00f3n en la que se instala. Esta tecnolog\u00eda tiene la caracter\u00edstica de ser m\u00e1s eficaz que los calefactores normales y de no mover aire (ni polvo). En consecuencia <strong>el nivel de confort alcanzado con este tipo de estufas es superior al de otros sistemas de calefacci\u00f3n radiante<\/strong>.<\/p>\n<p>Se midi\u00f3 que <strong>los calefactores de infrarrojos pueden generar hasta 96% de calor a partir de la energ\u00eda absorbida<\/strong>. Por eso son especialmente eficientes. De hecho, una estufa convencional tiene una eficiencia media de s\u00f3lo 50%.<\/p>\n<p>Adem\u00e1s, la radiaci\u00f3n infrarroja emitida por esta estufa <strong>siguen el mismo principio que las emitidas por el sol<\/strong>. Por tanto, calientan atravesando el aire pero sin moverlo. Los radiadores, en cambio, generan movimientos convectivos en el aire que, al calentarse, sube y deja descender el aire m\u00e1s fr\u00edo de la habitaci\u00f3n. De hecho, este tipo de estufa genera un <strong>agradable sensaci\u00f3n de calor<\/strong> al encontrarse con el flujo calentado por ellos y <strong>no secan el aire y no levantan polvo<\/strong>.<\/p>\n<p>Esta misma tecnolog\u00eda <strong>no genera problemas de salud<\/strong>. De hecho, tambi\u00e9n se utiliza para calentar saunas.<\/p>\n<p>Las estufas de infrarrojos calientan de forma parecida a como lo hace el sol, es decir, por radiaci\u00f3n. Al no mover el aire mediante ventiladores, consumen mucha menos energ\u00eda que las estufas convencionales.<\/p>\n<p>&nbsp;<\/p>\n<h2><strong><img loading=\"lazy\" decoding=\"async\" class=\"size-full wp-image-7625 alignleft\" src=\"https:\/\/res.cloudinary.com\/dl3yepmtd\/images\/w_242,h_107,c_scale\/v1610987812\/Sicar-stufe-infrarossi-catalitiche-riscaldamento-logo\/Sicar-stufe-infrarossi-catalitiche-riscaldamento-logo.jpg\" alt=\"\" width=\"242\" height=\"107\" \/>\u00bfQui\u00e9n es Sicar?<\/strong><\/h2>\n<p><strong><a href=\"http:\/\/www.sicarsrl.it\/\">S<\/a><\/strong><strong><a href=\"http:\/\/www.sicarsrl.it\/\">icar<\/a><\/strong> es una empresa italiana 100%, fundada en 1981. Todos los productos Sicar se fabrican en Italia, con componentes italianos, en la f\u00e1brica de Guastalla, en la provincia de Reggio Emilia. En esta planta la empresa produce y ofrece una amplia gama de estufas catal\u00edticas y de infrarrojos, cil\u00edndricas y murales, ventiladas, el\u00e9ctricas con esteatita o cuarzo, y convectores. La marca Sicar se ha consolidado a lo largo del tiempo gracias a la calidad de sus productos y a una <a href=\"http:\/\/www.sicarsrl.it\/assistenza.php\"><strong>servicio nacional de asistencia t\u00e9cnica<\/strong><\/a>.<\/p>\n<p>&nbsp;<\/p>\n<h2><strong>Garant\u00eda<\/strong><\/h2>\n<p>El producto est\u00e1 cubierto por <a href=\"https:\/\/www.elettrowebstore.com\/due-anni-di-garanzia-su-ogni-prodotto-acquistato\/\"><strong>garant\u00eda legal<\/strong><\/a>seg\u00fan la p\u00e1gina correspondiente de nuestro sitio web, que le invitamos a leer. Tambi\u00e9n proporcionamos informaci\u00f3n clara sobre el ejercicio de la <a href=\"https:\/\/www.elettrowebstore.com\/diritto-di-recesso-restituzione-prodotti\/\"><strong>derecho de retractaci\u00f3n<\/strong><\/a>.<\/p>\n<p>Para facilitar el ejercicio de este derecho, el fabricante dispone de Centros de Asistencia T\u00e9cnica autorizados en todo el territorio nacional.<\/p>\n<p>Encontrar\u00e1 m\u00e1s informaci\u00f3n sobre la legislaci\u00f3n pertinente en el sitio web de la<a href=\"http:\/\/www.agcm.it\/consumatore\/decalogo\/5102-garanzia-del-venditore-guida-per-il-consumatore.html\"><strong>Autoridad de Competencia y Mercado<\/strong><\/a>.<\/p>\n<p>Con el fin de mejorar la calidad del producto, el fabricante se reserva el derecho de modificar los materiales y las caracter\u00edsticas t\u00e9cnicas del art\u00edculo sin previo aviso.  Adem\u00e1s, las descripciones e im\u00e1genes que aqu\u00ed se ofrecen son, por tanto, orientativas y pueden variar ligeramente respecto al producto final.<\/p>\n<p>&nbsp;<\/p>\n<h2><strong>Plazo de entrega<\/strong><\/h2>\n<p>Este producto est\u00e1 siempre disponible para su entrega inmediata. De hecho, se puede pedir de inmediato y es enviado por ElettroWebStore dentro de 2 d\u00edas h\u00e1biles a partir de la fecha de compra.<\/p>\n<p>Adem\u00e1s, todos los env\u00edos de ElettroWebStore est\u00e1n exentos de gastos de env\u00edo.<\/p>\n<p><a href=\"https:\/\/www.elettrowebstore.com\/spedizioni-consegne-prodotti-italia-estero\/\"><img loading=\"lazy\" decoding=\"async\" class=\"aligncenter wp-image-5149 size-full\" src=\"https:\/\/www.elettrowebstore.com\/EWS_Store\/wp-content\/uploads\/2020\/04\/elettrowebstore-spedizione-con-corrieri-brt-sda-dhl_n75nxd.jpg\" alt=\"ElettroWebStore env\u00eda con mensajer\u00eda r\u00e1pida BRT SDA DHL\" width=\"649\" height=\"175\" srcset=\"https:\/\/www.elettrowebstore.com\/EWS_Store\/wp-content\/uploads\/elettrowebstore-spedizione-con-corrieri-brt-sda-dhl_n75nxd.jpg 649w, https:\/\/www.elettrowebstore.com\/EWS_Store\/wp-content\/uploads\/elettrowebstore-spedizione-con-corrieri-brt-sda-dhl_n75nxd-600x162.jpg 600w\" sizes=\"auto, (max-width: 649px) 100vw, 649px\" \/><\/a><\/p>\n<p>&nbsp;<\/p>\n<h2><strong>Formas de pago aceptadas<\/strong><\/h2>\n<p><strong>En el sitio web de ElettroWebStore puede pagar con todos los m\u00e9todos habituales<\/strong>tanto espec\u00edficas de Internet (como las tarjetas prepago) como tradicionales (como las tarjetas de cr\u00e9dito cl\u00e1sicas).<\/p>\n<p><a href=\"https:\/\/www.elettrowebstore.com\/pagamenti-sicuri-sul-sito-elettrowebstore\/\"><img loading=\"lazy\" decoding=\"async\" class=\"aligncenter size-full wp-image-5151\" src=\"https:\/\/www.elettrowebstore.com\/EWS_Store\/wp-content\/uploads\/2020\/04\/elettrowebstore-pagamenti_berj9q.jpg\" alt=\"Formas de pago aceptadas en el sitio ElettroWebStore\" width=\"649\" height=\"226\" srcset=\"https:\/\/www.elettrowebstore.com\/EWS_Store\/wp-content\/uploads\/elettrowebstore-pagamenti_berj9q.jpg 649w, https:\/\/www.elettrowebstore.com\/EWS_Store\/wp-content\/uploads\/elettrowebstore-pagamenti_berj9q-600x209.jpg 600w\" sizes=\"auto, (max-width: 649px) 100vw, 649px\" \/><\/a><\/p>\n<p>&nbsp;<\/p>\n<p>Todos los pagos se gestionan a trav\u00e9s del <a href=\"https:\/\/www.paypal.com\/it\/webapps\/mpp\/paypal-safety-and-security\"><strong>Paypal<\/strong><\/a>. Adem\u00e1s, aunque no dispongas de Paypal, puedes pagar sin necesidad de registrarte y guardar tus credenciales. Todo lo que tienes que hacer es introducir tus datos en las p\u00e1ginas de Paypal.<\/p>\n<p>En ning\u00fan caso <a href=\"http:\/\/www.elettrowebstore.com\"><strong>ElettroWebStore<\/strong><\/a> gestionar los datos de sus tarjetas de pago o darse cuenta de ellos. De hecho <a href=\"http:\/\/www.elettrowebstore.com\"><strong>ElettroWebStore<\/strong><\/a> s\u00f3lo ver\u00e1 si el pago se ha efectuado o no.<\/p>\n<p>Nuestro sitio utiliza protocolos HTTPS, que garantizan un alto nivel de seguridad para los usuarios.<\/p>","protected":false},"excerpt":{"rendered":"<p>La estufa infrarroja de metano Sicar ECO40 gris 4200 vatios est\u00e1 fabricada en Italia con materiales y mano de obra italianos. Color Gris. <strong><span style=\"color: #ff0000;\">\u00a1OFERTA PROMOCIONAL! \u00a1\u00daLTIMA PIEZA! \u00a1Env\u00edo gratuito!<\/span><\/strong><\/p>","protected":false},"featured_media":7643,"template":"","meta":[],"product_brand":[],"product_cat":[1073],"product_tag":[1083,1078,1097,1102,1096,1094,1077,1079,1075],"class_list":{"0":"post-7642","1":"product","2":"type-product","3":"status-publish","4":"has-post-thumbnail","6":"product_cat-riscaldamento","7":"product_tag-4200-watt","8":"product_tag-doppia-sicurezza","9":"product_tag-eco-40","10":"product_tag-eco40","11":"product_tag-infrarossi","12":"product_tag-metano","13":"product_tag-riscaldamento","14":"product_tag-sicar","15":"product_tag-stufa","16":"product_shipping_class-pe","18":"first","19":"outofstock","20":"sale","21":"taxable","22":"shipping-taxable","23":"purchasable","24":"product-type-simple"},"_links":{"self":[{"href":"https:\/\/www.elettrowebstore.com\/es\/wp-json\/wp\/v2\/product\/7642","targetHints":{"allow":["GET"]}}],"collection":[{"href":"https:\/\/www.elettrowebstore.com\/es\/wp-json\/wp\/v2\/product"}],"about":[{"href":"https:\/\/www.elettrowebstore.com\/es\/wp-json\/wp\/v2\/types\/product"}],"wp:featuredmedia":[{"embeddable":true,"href":"https:\/\/www.elettrowebstore.com\/es\/wp-json\/wp\/v2\/media\/7643"}],"wp:attachment":[{"href":"https:\/\/www.elettrowebstore.com\/es\/wp-json\/wp\/v2\/media?parent=7642"}],"wp:term":[{"taxonomy":"product_brand","embeddable":true,"href":"https:\/\/www.elettrowebstore.com\/es\/wp-json\/wp\/v2\/product_brand?post=7642"},{"taxonomy":"product_cat","embeddable":true,"href":"https:\/\/www.elettrowebstore.com\/es\/wp-json\/wp\/v2\/product_cat?post=7642"},{"taxonomy":"product_tag","embeddable":true,"href":"https:\/\/www.elettrowebstore.com\/es\/wp-json\/wp\/v2\/product_tag?post=7642"}],"curies":[{"name":"wp","href":"https:\/\/api.w.org\/{rel}","templated":true}]}}