{"id":7616,"date":"2019-10-02T16:28:30","date_gmt":"2019-10-02T14:28:30","guid":{"rendered":"https:\/\/www.elettrowebstore.com\/?post_type=product&#038;p=7616"},"modified":"2021-02-01T10:18:14","modified_gmt":"2021-02-01T09:18:14","slug":"sicar-stufa-catalitica-gpl-euro80-grigia-2500-watt","status":"publish","type":"product","link":"https:\/\/www.elettrowebstore.com\/es\/shop\/estufa-catalitica-de-glp-sicar-euro80-gris-2500-vatios\/","title":{"rendered":"Estufa de GLP Sicar Catalyst EURO80 Gris 2500 vatios"},"content":{"rendered":"<h2><strong>Estufa de GLP Sicar Catalyst EURO80 Gris 2500 vatios<\/strong><\/h2>\n<p>La estufa catal\u00edtica de GLP EURO80 de 2500 vatios de Sicar Grey es una de las <strong>los mejores productos del mercado actual en el \u00e1mbito de las estufas de gas y el\u00e9ctricas<\/strong>. Esta estufa est\u00e1 fabricada \u00edntegramente en Italia, con componentes italianos, lo que garantiza un producto de la m\u00e1xima calidad.<span class=\"fontstyle0\">. <\/span><\/p>\n<p>La estufa est\u00e1 equipada con un compartimento para bombonas de 15 kg, ruedas giratorias y un grifo de v\u00e1lvula con doble \"parada de gas\" de seguridad, dotado de un analizador de atm\u00f3sfera que interviene apagando autom\u00e1ticamente la estufa si el porcentaje de di\u00f3xido de carbono detectado alcanza 1,5%, o cortando autom\u00e1ticamente el suministro de gas en caso de apagado accidental.<\/p>\n<p>La estufa de GLP Sicar Catalyst EURO80 gris de 2500 vatios ofrece 3 posiciones de calefacci\u00f3n (m\u00edn.\/med.\/m\u00e1x.) y s\u00f3lo est\u00e1 disponible en gris oscuro, con acabado mate y pintura epoxi resistente a los ara\u00f1azos.<\/p>\n<p><span style=\"color: #ed1c24;\"><strong>ATENCI\u00d3N: \u00a1ESTUFA DESTINADA EXCLUSIVAMENTE AL MERCADO ITALIANO! \u00a1POR LO TANTO NO ES POSIBLE ENVIAR EL PRODUCTO AL EXTRANJERO! \u00a1ENVIO EN 10\/15 DIAS LABORABLES!<br \/>\n<\/strong><\/span><\/p>\n<p><img loading=\"lazy\" decoding=\"async\" class=\"size-large wp-image-7702 aligncenter\" src=\"https:\/\/res.cloudinary.com\/dl3yepmtd\/images\/w_600,h_652,c_scale\/v1610996480\/SICEURO80\/Sicar-Stufa-Catalitica-GPL-EURO80-2500-Watt-10\/Sicar-Stufa-Catalitica-GPL-EURO80-2500-Watt-10.jpg\" alt=\"Estufa de GLP Sicar Catalyst EURO80 Gris 2500 vatios\" width=\"600\" height=\"652\" \/><\/p>\n<p>&nbsp;<\/p>\n<p><img loading=\"lazy\" decoding=\"async\" class=\"size-full wp-image-7629 aligncenter\" src=\"https:\/\/res.cloudinary.com\/dl3yepmtd\/images\/w_600,h_800,c_scale\/v1610996480\/Sicar-Stufa-Catalitica-GPL-EURO80-2500-Watt-01\/Sicar-Stufa-Catalitica-GPL-EURO80-2500-Watt-01.jpg\" alt=\"Estufa catal\u00edtica de GLP Sicar EURO80 2500 vatios\" width=\"600\" height=\"800\" \/><\/p>\n<p>&nbsp;<\/p>\n<h2><strong>Caracter\u00edsticas del producto<\/strong><\/h2>\n<ul>\n<li><span class=\"fontstyle0\">Panel catal\u00edtico<\/span><\/li>\n<li><span class=\"fontstyle0\">3 posiciones de calentamiento (min\/med\/max)<\/span><\/li>\n<li><span class=\"fontstyle0\">Encendido piezoel\u00e9ctrico<\/span><\/li>\n<li>Tipo de combustible: GLP<\/li>\n<li>Potencia (W): 2500<\/li>\n<li>Volumen calefactable: 75 m3<\/li>\n<li>Presi\u00f3n de funcionamiento (mbar): 28-30<\/li>\n<li>Consumo horario (gr\/h): 181<\/li>\n<li><span class=\"fontstyle0\">Compartimento para bombonas de 15 kg.<\/span><\/li>\n<li><span class=\"fontstyle0\">Ruedas giratorias<\/span><\/li>\n<li><span class=\"fontstyle0\">Grifo de v\u00e1lvula<\/span><\/li>\n<li><span class=\"fontstyle0\">Doble \"gas de parada\" de seguridad con analizador de atm\u00f3sfera<\/span> (<span class=\"fontstyle0\">interviene apagando autom\u00e1ticamente la estufa si el porcentaje de di\u00f3xido de carbono alcanza 1,5%; interrumpe autom\u00e1ticamente el suministro de gas en caso de apagado accidental).<\/span><\/li>\n<li><span class=\"fontstyle0\">Kit de conexi\u00f3n cilindro-estufa incluido en el paquete (regulador de presi\u00f3n, manguera de goma de 0,50 m y 2 abrazaderas de manguera)<\/span><\/li>\n<li><span class=\"fontstyle0\">Color: gris oscuro<\/span><\/li>\n<li>Revestimiento epoxi antiara\u00f1azos<\/li>\n<li>Peso: 13 kg.<\/li>\n<li>Dimensiones del art\u00edculo montado: 405x410x770 mm.<\/li>\n<li>Estufa con marcado CE<\/li>\n<li>Fabricado \u00edntegramente en Italia<\/li>\n<\/ul>\n<p>&nbsp;<\/p>\n<p><img loading=\"lazy\" decoding=\"async\" class=\"size-full wp-image-7630 aligncenter\" src=\"https:\/\/res.cloudinary.com\/dl3yepmtd\/images\/w_600,h_800,c_scale\/v1610996476\/Sicar-Stufa-Catalitica-GPL-EURO80-2500-Watt-02\/Sicar-Stufa-Catalitica-GPL-EURO80-2500-Watt-02.jpg\" alt=\"Estufa catal\u00edtica de GLP Sicar EURO80 2500 vatios\" width=\"600\" height=\"800\" \/><\/p>\n<p><img loading=\"lazy\" decoding=\"async\" class=\"size-large wp-image-7697 aligncenter\" src=\"https:\/\/res.cloudinary.com\/dl3yepmtd\/images\/w_600,h_800,c_scale\/v1610969312\/Sicar-Stufa-Catalitica-GPL-EURO80-2500-Watt-04\/Sicar-Stufa-Catalitica-GPL-EURO80-2500-Watt-04.jpg\" alt=\"Estufa de GLP Sicar Catalyst EURO80 Gris 2500 vatios\" width=\"600\" height=\"800\" \/><\/p>\n<p><img loading=\"lazy\" decoding=\"async\" class=\"size-large wp-image-7703 aligncenter\" src=\"https:\/\/res.cloudinary.com\/dl3yepmtd\/images\/w_800,h_600,c_scale\/v1610996478\/SICEURO80\/Sicar-Stufa-Catalitica-GPL-EURO80-2500-Watt-11\/Sicar-Stufa-Catalitica-GPL-EURO80-2500-Watt-11.jpg\" alt=\"Estufa de GLP Sicar Catalyst EURO80 Gris 2500 vatios\" width=\"800\" height=\"600\" srcset=\"https:\/\/www.elettrowebstore.com\/EWS_Store\/wp-content\/uploads\/Sicar-Stufa-Catalitica-GPL-EURO80-2500-Watt-11.jpg 800w, https:\/\/www.elettrowebstore.com\/EWS_Store\/wp-content\/uploads\/Sicar-Stufa-Catalitica-GPL-EURO80-2500-Watt-11-600x450.jpg 600w, https:\/\/www.elettrowebstore.com\/EWS_Store\/wp-content\/uploads\/Sicar-Stufa-Catalitica-GPL-EURO80-2500-Watt-11-768x576.jpg 768w\" sizes=\"auto, (max-width: 800px) 100vw, 800px\" \/><\/p>\n<h2><strong>\u00bfCu\u00e1les son las caracter\u00edsticas del\u00a0<\/strong><strong>Estufa de GLP Sicar Catalyst EURO80 Gris 2500 vatios<\/strong><\/h2>\n<p>La estufa Sicar Catalyst GLP EURO80 gris de 2500 vatios est\u00e1 equipada con un panel catal\u00edtico capaz de proporcionar diferentes potencias calor\u00edficas. Esta estufa se fabrica \u00edntegramente en Italia, con componentes italianos, lo que garantiza un producto de la m\u00e1xima calidad.<span class=\"fontstyle0\">. Adem\u00e1s, cuenta con la certificaci\u00f3n CE.<br \/>\n<\/span><\/p>\n<p>La estufa dispone de un compartimento para bombona de 15 kg, ruedas pivotantes y grifo con doble dispositivo de seguridad \"parada de gas\", dotado de un analizador de atm\u00f3sfera que interviene apagando autom\u00e1ticamente la estufa si el porcentaje de di\u00f3xido de carbono detectado alcanza 1,5%, o cortando autom\u00e1ticamente el suministro de gas en caso de apagado accidental. La estufa tambi\u00e9n se suministra con un pr\u00e1ctico kit de conexi\u00f3n bombona-estufa (<span class=\"fontstyle0\">regulador de presi\u00f3n, 0,50 m de manguera de goma y 2 abrazaderas de manguera)<\/span>.<\/p>\n<p>La estufa de GLP Sicar Catalyst EURO80 gris de 2500 vatios ofrece 3 posiciones de calefacci\u00f3n (m\u00edn.\/med.\/m\u00e1x.) y s\u00f3lo est\u00e1 disponible en gris oscuro, con acabado mate y pintura epoxi resistente a los ara\u00f1azos.<\/p>\n<p>&nbsp;<\/p>\n<p><strong>NOTA: LAS ESTUFAS SIN CHIMENEA NO PUEDEN UTILIZARSE EN DORMITORIOS, CUARTOS DE BA\u00d1O, ESTUDIOS, S\u00d3TANOS, AUTOCARAVANAS, CARAVANAS Y HABITACIONES CON UN VOLUMEN INFERIOR A 15 M3. LAS ESTUFAS REQUIEREN ABERTURAS PERMANENTES PARA EL INTERCAMBIO DE AIRE. ESTE PRODUCTO NO ES ADECUADO PARA FUNCIONES DE CALEFACCI\u00d3N PRIMARIA.<\/strong><\/p>\n<p>&nbsp;<\/p>\n<h2><img loading=\"lazy\" decoding=\"async\" class=\"size-full wp-image-7625 alignleft\" src=\"https:\/\/res.cloudinary.com\/dl3yepmtd\/images\/w_242,h_107,c_scale\/v1610987812\/SICEURO90\/Sicar-stufe-infrarossi-catalitiche-riscaldamento-logo\/Sicar-stufe-infrarossi-catalitiche-riscaldamento-logo.jpg\" alt=\"\" width=\"242\" height=\"107\" \/><\/h2>\n<h2><strong>Qui\u00e9n es Sic<\/strong><strong>ar?<\/strong><\/h2>\n<p><strong><a href=\"http:\/\/www.sicarsrl.it\/\">S<\/a><\/strong><strong><a href=\"http:\/\/www.sicarsrl.it\/\">icar<\/a><\/strong> es una empresa italiana 100%, fundada en 1981. Todos los productos Sicar se fabrican en Italia, con componentes italianos, en la f\u00e1brica de Guastalla, en la provincia de Reggio Emilia. En esta planta la empresa produce y ofrece una amplia gama de estufas catal\u00edticas y de infrarrojos, cil\u00edndricas y murales, ventiladas, el\u00e9ctricas con esteatita o cuarzo, y convectores. La marca Sicar se ha consolidado a lo largo del tiempo gracias a la calidad de sus productos y a una <a href=\"http:\/\/www.sicarsrl.it\/assistenza.php\"><strong>servicio nacional de asistencia t\u00e9cnica<\/strong><\/a>.<\/p>\n<p>&nbsp;<\/p>\n<p>&nbsp;<\/p>\n<h2><strong>Garant\u00eda<\/strong><\/h2>\n<p>El producto est\u00e1 cubierto por <a href=\"https:\/\/www.elettrowebstore.com\/due-anni-di-garanzia-su-ogni-prodotto-acquistato\/\"><strong>garant\u00eda legal<\/strong><\/a>seg\u00fan la p\u00e1gina correspondiente de nuestro sitio web, que le invitamos a leer. Tambi\u00e9n proporcionamos informaci\u00f3n clara sobre el ejercicio de la <a href=\"https:\/\/www.elettrowebstore.com\/diritto-di-recesso-restituzione-prodotti\/\"><strong>derecho de retractaci\u00f3n<\/strong><\/a>.<\/p>\n<p>Para facilitar el ejercicio de este derecho, el fabricante dispone de Centros de Asistencia T\u00e9cnica autorizados en todo el territorio nacional.<\/p>\n<p>Encontrar\u00e1 m\u00e1s informaci\u00f3n sobre la legislaci\u00f3n pertinente en el sitio web de la<a href=\"http:\/\/www.agcm.it\/consumatore\/decalogo\/5102-garanzia-del-venditore-guida-per-il-consumatore.html\"><strong>Autoridad de Competencia y Mercado<\/strong><\/a>.<\/p>\n<p>Con el fin de mejorar la calidad del producto, el fabricante se reserva el derecho de modificar los materiales y las caracter\u00edsticas t\u00e9cnicas del art\u00edculo sin previo aviso.  Adem\u00e1s, las descripciones e im\u00e1genes que aqu\u00ed se ofrecen son, por tanto, orientativas y pueden variar ligeramente respecto al producto final.<\/p>\n<p>&nbsp;<\/p>\n<h2><strong>Plazo de entrega<\/strong><\/h2>\n<p>Este producto est\u00e1 siempre disponible para su entrega inmediata. De hecho, puede pedirse inmediatamente y ElettroWebStore lo env\u00eda en un plazo de 10 a 15 d\u00edas laborables a partir de la fecha de compra.<\/p>\n<p>Adem\u00e1s, todos los env\u00edos de ElettroWebStore est\u00e1n exentos de gastos de env\u00edo.<\/p>\n<p><a href=\"https:\/\/www.elettrowebstore.com\/spedizioni-consegne-prodotti-italia-estero\/\"><img loading=\"lazy\" decoding=\"async\" class=\"aligncenter wp-image-5149 size-full\" src=\"https:\/\/www.elettrowebstore.com\/EWS_Store\/wp-content\/uploads\/2020\/04\/elettrowebstore-spedizione-con-corrieri-brt-sda-dhl_n75nxd.jpg\" alt=\"ElettroWebStore env\u00eda con mensajer\u00eda r\u00e1pida BRT SDA DHL\" width=\"649\" height=\"175\" srcset=\"https:\/\/www.elettrowebstore.com\/EWS_Store\/wp-content\/uploads\/elettrowebstore-spedizione-con-corrieri-brt-sda-dhl_n75nxd.jpg 649w, https:\/\/www.elettrowebstore.com\/EWS_Store\/wp-content\/uploads\/elettrowebstore-spedizione-con-corrieri-brt-sda-dhl_n75nxd-600x162.jpg 600w\" sizes=\"auto, (max-width: 649px) 100vw, 649px\" \/><\/a><\/p>\n<p>&nbsp;<\/p>\n<h2><strong>Formas de pago aceptadas<\/strong><\/h2>\n<p><strong>En el sitio web de ElettroWebStore puede pagar con todos los m\u00e9todos habituales<\/strong>tanto espec\u00edficas de Internet (como las tarjetas prepago) como tradicionales (como las tarjetas de cr\u00e9dito cl\u00e1sicas).<\/p>\n<p><a href=\"https:\/\/www.elettrowebstore.com\/pagamenti-sicuri-sul-sito-elettrowebstore\/\"><img loading=\"lazy\" decoding=\"async\" class=\"aligncenter size-full wp-image-5151\" src=\"https:\/\/www.elettrowebstore.com\/EWS_Store\/wp-content\/uploads\/2020\/04\/elettrowebstore-pagamenti_berj9q.jpg\" alt=\"Formas de pago aceptadas en el sitio ElettroWebStore\" width=\"649\" height=\"226\" srcset=\"https:\/\/www.elettrowebstore.com\/EWS_Store\/wp-content\/uploads\/elettrowebstore-pagamenti_berj9q.jpg 649w, https:\/\/www.elettrowebstore.com\/EWS_Store\/wp-content\/uploads\/elettrowebstore-pagamenti_berj9q-600x209.jpg 600w\" sizes=\"auto, (max-width: 649px) 100vw, 649px\" \/><\/a><\/p>\n<p>&nbsp;<\/p>\n<p>Todos los pagos se gestionan a trav\u00e9s del <a href=\"https:\/\/www.paypal.com\/it\/webapps\/mpp\/paypal-safety-and-security\"><strong>Paypal<\/strong><\/a>. Adem\u00e1s, aunque no dispongas de Paypal, puedes pagar sin necesidad de registrarte y guardar tus credenciales. Todo lo que tienes que hacer es introducir tus datos en las p\u00e1ginas de Paypal.<\/p>\n<p>En ning\u00fan caso <a href=\"http:\/\/www.elettrowebstore.com\"><strong>ElettroWebStore<\/strong><\/a> gestionar los datos de sus tarjetas de pago o darse cuenta de ellos. De hecho <a href=\"http:\/\/www.elettrowebstore.com\"><strong>ElettroWebStore<\/strong><\/a> s\u00f3lo ver\u00e1 si el pago se ha efectuado o no.<\/p>\n<p>Nuestro sitio utiliza protocolos HTTPS, que garantizan un alto nivel de seguridad para los usuarios.<\/p>","protected":false},"excerpt":{"rendered":"<p>La estufa de GLP Sicar Catalyst EURO80 gris de 2500 vatios es uno de los mejores productos del mercado actual en el sector de las estufas de gas y el\u00e9ctricas.\u00a0<strong><span style=\"color: #ff0000;\">Env\u00edo gratuito a Italia<\/span><\/strong><\/p>","protected":false},"featured_media":7697,"template":"","meta":[],"product_brand":[],"product_cat":[1073],"product_tag":[1087,1076,1078,1088,1086,433,1085,1084,1077,1079,1075],"class_list":{"0":"post-7616","1":"product","2":"type-product","3":"status-publish","4":"has-post-thumbnail","6":"product_cat-riscaldamento","7":"product_tag-2500-watt","8":"product_tag-catalitica","9":"product_tag-doppia-sicurezza","10":"product_tag-euro-80","11":"product_tag-euro80","12":"product_tag-gpl","13":"product_tag-porta-bombola","14":"product_tag-portabombola","15":"product_tag-riscaldamento","16":"product_tag-sicar","17":"product_tag-stufa","18":"product_shipping_class-pe10","20":"first","21":"outofstock","22":"sale","23":"taxable","24":"shipping-taxable","25":"purchasable","26":"product-type-simple"},"_links":{"self":[{"href":"https:\/\/www.elettrowebstore.com\/es\/wp-json\/wp\/v2\/product\/7616","targetHints":{"allow":["GET"]}}],"collection":[{"href":"https:\/\/www.elettrowebstore.com\/es\/wp-json\/wp\/v2\/product"}],"about":[{"href":"https:\/\/www.elettrowebstore.com\/es\/wp-json\/wp\/v2\/types\/product"}],"wp:featuredmedia":[{"embeddable":true,"href":"https:\/\/www.elettrowebstore.com\/es\/wp-json\/wp\/v2\/media\/7697"}],"wp:attachment":[{"href":"https:\/\/www.elettrowebstore.com\/es\/wp-json\/wp\/v2\/media?parent=7616"}],"wp:term":[{"taxonomy":"product_brand","embeddable":true,"href":"https:\/\/www.elettrowebstore.com\/es\/wp-json\/wp\/v2\/product_brand?post=7616"},{"taxonomy":"product_cat","embeddable":true,"href":"https:\/\/www.elettrowebstore.com\/es\/wp-json\/wp\/v2\/product_cat?post=7616"},{"taxonomy":"product_tag","embeddable":true,"href":"https:\/\/www.elettrowebstore.com\/es\/wp-json\/wp\/v2\/product_tag?post=7616"}],"curies":[{"name":"wp","href":"https:\/\/api.w.org\/{rel}","templated":true}]}}