{"id":7344,"date":"2019-08-16T05:41:47","date_gmt":"2019-08-16T03:41:47","guid":{"rendered":"https:\/\/www.elettrowebstore.com\/?post_type=product&#038;p=7344"},"modified":"2021-01-18T16:50:52","modified_gmt":"2021-01-18T15:50:52","slug":"samsung-xpress-m2875fd-stampante-fax-scanner-fotocopiatrice-multifunzione-laser-bianco-e-nero","status":"publish","type":"product","link":"https:\/\/www.elettrowebstore.com\/es\/shop\/samsung-xpress-m2875fd-impresora-fax-escaner-copiadora-multifuncion-laser-blanco-y-negro\/","title":{"rendered":"Samsung Xpress M2875FD impresora fax esc\u00e1ner copiadora multifunci\u00f3n l\u00e1ser blanco y negro de segunda mano"},"content":{"rendered":"<h2><strong>Samsung Xpress M2875FD impresora fax esc\u00e1ner copiadora multifunci\u00f3n l\u00e1ser blanco y negro de segunda mano<\/strong><\/h2>\n<p>\u00a1Samsung Xpress M2875FD impresora fax esc\u00e1ner multifunci\u00f3n copiadora l\u00e1ser en blanco y negro en oferta en esta p\u00e1gina! De hecho se trata de una copiadora multifunci\u00f3n, impresora, esc\u00e1ner y fax muy poco usada, casi nueva. Los contadores muestran menos de 10.000 impresiones y menos de 1500 escaneos.<\/p>\n<p>Excelente funcionamiento. Excelente rendimiento. Manejo extremadamente econ\u00f3mico, tambi\u00e9n compatible con t\u00f3neres compatibles de bajo coste.<\/p>\n<p>Sustituido debido al cambio a Windows 10, que no interconecta el esc\u00e1ner. Por lo dem\u00e1s y con otros sistemas operativos Windows, \u00a1funciona excelentemente!<\/p>\n<p>Se suministra con t\u00f3ner remanufacturado.<\/p>\n<p>Producto fuera de garant\u00eda. Usado en excelentes condiciones.<\/p>\n<p><img loading=\"lazy\" decoding=\"async\" class=\"aligncenter size-full wp-image-7350\" src=\"https:\/\/www.elettrowebstore.com\/EWS_Store\/wp-content\/uploads\/2020\/04\/2.jpg\" alt=\"Samsung Xpress M2875FD impresora fax esc\u00e1ner copiadora multifunci\u00f3n l\u00e1ser blanco y negro de segunda mano\" width=\"1000\" height=\"1000\" \/><\/p>\n<p><img loading=\"lazy\" decoding=\"async\" class=\"aligncenter size-full wp-image-7351\" src=\"https:\/\/www.elettrowebstore.com\/EWS_Store\/wp-content\/uploads\/2020\/04\/7.jpg\" alt=\"Samsung Xpress M2875FD impresora fax esc\u00e1ner copiadora multifunci\u00f3n l\u00e1ser blanco y negro de segunda mano\" width=\"800\" height=\"800\" srcset=\"https:\/\/www.elettrowebstore.com\/EWS_Store\/wp-content\/uploads\/7.jpg 800w, https:\/\/www.elettrowebstore.com\/EWS_Store\/wp-content\/uploads\/7-200x200.jpg 200w, https:\/\/www.elettrowebstore.com\/EWS_Store\/wp-content\/uploads\/7-100x100.jpg 100w, https:\/\/www.elettrowebstore.com\/EWS_Store\/wp-content\/uploads\/7-600x600.jpg 600w, https:\/\/www.elettrowebstore.com\/EWS_Store\/wp-content\/uploads\/7-768x768.jpg 768w\" sizes=\"auto, (max-width: 800px) 100vw, 800px\" \/><\/p>\n<p>&nbsp;<\/p>\n<h2><strong>Especificaciones t\u00e9cnicas<\/strong><\/h2>\n<p><strong>TIPO<\/strong><\/p>\n<ul>\n<li>Funci\u00f3n de impresi\u00f3n<\/li>\n<li>Funci\u00f3n de copia<\/li>\n<li>Funci\u00f3n fax<\/li>\n<li>Funci\u00f3n de exploraci\u00f3n<\/li>\n<\/ul>\n<p>&nbsp;<\/p>\n<p><strong>SISTEMA DE IMPRESI\u00d3N<\/strong><\/p>\n<ul>\n<li>Tipo de impresi\u00f3n L\u00e1ser<\/li>\n<li>Tecnolog\u00eda de impresi\u00f3n: Electrofotogr\u00e1fica<\/li>\n<\/ul>\n<p>&nbsp;<\/p>\n<p><strong>FORMATOS COMPATIBLES<\/strong><\/p>\n<ul>\n<li>Formato m\u00e1ximo admitido A4<\/li>\n<\/ul>\n<p><strong>CALIDAD DE IMPRESI\u00d3N<\/strong><\/p>\n<ul>\n<li>Ciclo de trabajo mensual 12.000 p\u00e1ginas nr<\/li>\n<li>Velocidad normal de impresi\u00f3n en B\/N 28 ppm<\/li>\n<li>Velocidad m\u00e1xima de impresi\u00f3n en B\/N 28 ppm<\/li>\n<li>Tiempo de impresi\u00f3n de la primera p\u00e1gina 8,5 s<\/li>\n<\/ul>\n<p>&nbsp;<\/p>\n<p><strong>RESOLUCI\u00d3N DE IMPRESI\u00d3N<\/strong><\/p>\n<ul>\n<li>mejor resoluci\u00f3n de impresi\u00f3n en blanco y negro Horizontal 1.200 ppp<\/li>\n<li>b\/n mejor resoluci\u00f3n de impresi\u00f3n Vertical 1.200 ppp<\/li>\n<\/ul>\n<p>&nbsp;<\/p>\n<p><strong>GESTI\u00d3N DE MEDIOS<\/strong><\/p>\n<ul>\n<li>Alimentador autom\u00e1tico de hojas - ADF s\u00ed<\/li>\n<li>Alimentador autom\u00e1tico de hojas de anverso-reverso - ADFr: no (esto significa que el cargador superior llamado ADF no escanea p\u00e1ginas de anverso-reverso, sino s\u00f3lo de anverso).<\/li>\n<li>Impresi\u00f3n a doble cara desde el ordenador s\u00ed<\/li>\n<li>N\u00famero de bandejas de papel est\u00e1ndar 1 nr<\/li>\n<\/ul>\n<p>&nbsp;<\/p>\n<p><strong>COPIA<\/strong><\/p>\n<ul>\n<li>Tama\u00f1o m\u00e1ximo de copia A4<\/li>\n<li>Velocidad m\u00e1xima de copia B\/N 28 cpm<\/li>\n<li>Resoluci\u00f3n de copia horizontal en B\/N 600 ppp<\/li>\n<li>Resoluci\u00f3n de copia b\/n Vertical 600 dpi<\/li>\n<li>N\u00famero m\u00e1ximo de copias 99<\/li>\n<li>Salida autom\u00e1tica de copias a doble cara<\/li>\n<li>Tiempo de salida de la primera copia b\/n 14 seg.<\/li>\n<\/ul>\n<p>&nbsp;<\/p>\n<p><strong>FAX<\/strong><\/p>\n<ul>\n<li>Velocidad m\u00e1xima de transmisi\u00f3n 33,6 kbps<\/li>\n<li>Resoluciones de fax b\/n horizontal 300 dpi<\/li>\n<li>Resoluciones de fax b\/n vertical 300 dpi<\/li>\n<li>Env\u00edo de fax por PC no<\/li>\n<li>Devoluci\u00f3n autom\u00e1tica de llamada<\/li>\n<\/ul>\n<p>&nbsp;<\/p>\n<p><strong>ESC\u00c1NER<\/strong><\/p>\n<ul>\n<li>Elemento de exploraci\u00f3n<\/li>\n<li>Sensor de imagen de contacto<\/li>\n<li>Modos de escaneado<\/li>\n<li>Mesa fija\/ADF<\/li>\n<li>Tama\u00f1o m\u00e1ximo de escaneado A4<\/li>\n<li>Resoluci\u00f3n \u00f3ptica horizontal 1.200 ppp<\/li>\n<li>Resoluci\u00f3n \u00f3ptica vertical 1.200 ppp<\/li>\n<li>Resoluci\u00f3n interpolada horizontal 4.800 ppp<\/li>\n<li>Resoluci\u00f3n interpolada vertical 4.800 ppp<\/li>\n<li>Velocidad de escaneado b\/n 17 ppm<\/li>\n<li>Escanear a correo electr\u00f3nico s\u00ed<\/li>\n<li>Escanear a PC s\u00ed<\/li>\n<li>Exploraci\u00f3n de red no<\/li>\n<li>No funciona con Windows 10 de forma nativa. Funciona bien con Windows 8.1<\/li>\n<\/ul>\n<p>&nbsp;<\/p>\n<p><strong>CONECTIVIDAD<\/strong><\/p>\n<ul>\n<li>LAN inal\u00e1mbrica no<\/li>\n<li>Tarjeta de red Ethernet 10\/100\/1000 s\u00ed<\/li>\n<\/ul>\n<p>&nbsp;<\/p>\n<p><strong>SOFTWARE<\/strong><\/p>\n<ul>\n<li>Compatible con Windows 8<\/li>\n<li>Compatible con Mac<\/li>\n<li>Compatible con Linux<\/li>\n<\/ul>\n<p>&nbsp;<\/p>","protected":false},"excerpt":{"rendered":"<p>Samsung Xpress M2875FD impresora fax esc\u00e1ner copiadora multifunci\u00f3n l\u00e1ser blanco y negro de segunda mano. <strong><span style=\"color: #ff0000\">Env\u00edo gratuito<\/span><\/strong><\/p>","protected":false},"featured_media":7350,"template":"","meta":[],"product_brand":[],"product_cat":[57],"product_tag":[52,54,1021,1024,55,1022,53,51,1023],"class_list":{"0":"post-7344","1":"product","2":"type-product","3":"status-publish","4":"has-post-thumbnail","6":"product_cat-elettronica","7":"product_tag-fax","8":"product_tag-fotocopiatrice","9":"product_tag-laser","10":"product_tag-m2875fd","11":"product_tag-multifunzione","12":"product_tag-samsung","13":"product_tag-scanner","14":"product_tag-stampante","15":"product_tag-xpress","16":"product_shipping_class-pe","18":"first","19":"outofstock","20":"taxable","21":"shipping-taxable","22":"purchasable","23":"product-type-simple"},"_links":{"self":[{"href":"https:\/\/www.elettrowebstore.com\/es\/wp-json\/wp\/v2\/product\/7344","targetHints":{"allow":["GET"]}}],"collection":[{"href":"https:\/\/www.elettrowebstore.com\/es\/wp-json\/wp\/v2\/product"}],"about":[{"href":"https:\/\/www.elettrowebstore.com\/es\/wp-json\/wp\/v2\/types\/product"}],"wp:featuredmedia":[{"embeddable":true,"href":"https:\/\/www.elettrowebstore.com\/es\/wp-json\/wp\/v2\/media\/7350"}],"wp:attachment":[{"href":"https:\/\/www.elettrowebstore.com\/es\/wp-json\/wp\/v2\/media?parent=7344"}],"wp:term":[{"taxonomy":"product_brand","embeddable":true,"href":"https:\/\/www.elettrowebstore.com\/es\/wp-json\/wp\/v2\/product_brand?post=7344"},{"taxonomy":"product_cat","embeddable":true,"href":"https:\/\/www.elettrowebstore.com\/es\/wp-json\/wp\/v2\/product_cat?post=7344"},{"taxonomy":"product_tag","embeddable":true,"href":"https:\/\/www.elettrowebstore.com\/es\/wp-json\/wp\/v2\/product_tag?post=7344"}],"curies":[{"name":"wp","href":"https:\/\/api.w.org\/{rel}","templated":true}]}}