{"id":724439,"date":"2024-06-21T10:26:54","date_gmt":"2024-06-21T08:26:54","guid":{"rendered":"https:\/\/www.elettrowebstore.com\/?post_type=product&#038;p=724439"},"modified":"2025-08-05T09:17:53","modified_gmt":"2025-08-05T07:17:53","slug":"reber-pestello-piccolo-per-spremipomodoro-n-3-3003a","status":"publish","type":"product","link":"https:\/\/www.elettrowebstore.com\/es\/shop\/reber-mortero-pequeno-para-exprimidor-de-tomates-n-3-3003a\/","title":{"rendered":"Reber mortero peque\u00f1o para exprimidor de tomates n\u00ba 3 3003A"},"content":{"rendered":"<h2><strong>Reber mortero peque\u00f1o para exprimidor de tomates n\u00ba 3 3003A<\/strong><\/h2>\n<p>El mortero peque\u00f1o Reber para exprimidor de tomates n\u00ba 3 3003A es un <strong>recambio original Reber, espec\u00edfico para el exprimidor el\u00e9ctrico de tomates n\u00ba 3 <a href=\"https:\/\/www.elettrowebstore.com\/shop\/reber-spremipomodoro-elettrico-n-3-450-watt-9008n\/\">9008N<\/a> e <a href=\"https:\/\/www.elettrowebstore.com\/shop\/reber-artus-spremipomodoro-elettrico-450-watt-9008ne\/\">9008NE<\/a> 400\/450 vatios.<br \/>\n<\/strong><\/p>\n<p>El mortero, de material pl\u00e1stico apto para el contacto con alimentos, se utiliza para empujar el tomate que se va a exprimir a trav\u00e9s del embudo hacia el cuerpo del exprimidor de tomates.<\/p>\n<p>Nota: para otros exprimidores y picadores de tomates el\u00e9ctricos Reber no indicados expresamente, existe un <strong>tama\u00f1o de la mano de mortero <a href=\"https:\/\/www.elettrowebstore.com\/shop\/reber-pestello-grande-per-spremipomodoro-e-tritacarne-2005a\/\">superiores<\/a><\/strong> o inferior.<\/p>\n<p><a href=\"https:\/\/www.elettrowebstore.com\/contatta-lo-staff-di-elettrowebstore\/\">P\u00f3ngase en contacto con nosotros<\/a> en caso de duda y para cualquier informaci\u00f3n complementaria.<\/p>\n<h2><\/h2>\n<h2><strong>Descripci\u00f3n<\/strong><\/h2>\n<p>Este recambio original Reber\u00a0<strong>para exprimidor de tomates el\u00e9ctrico n\u00ba 3 <a href=\"https:\/\/www.elettrowebstore.com\/shop\/reber-spremipomodoro-elettrico-n-3-450-watt-9008n\/\">9008N<\/a> e <a href=\"https:\/\/www.elettrowebstore.com\/shop\/reber-artus-spremipomodoro-elettrico-450-watt-9008ne\/\">9008NE<\/a> 400\/450 vatios<\/strong> es adecuado para sustituir el mortero suministrado por el de su m\u00e1quina.<\/p>\n<p>Nota: La compatibilidad del mortero s\u00f3lo est\u00e1 garantizada para los exprimidores de tomate de la marca Reber indicados.<\/p>\n<p>Piezas de recambio y accesorios adicionales aplicables a los motorreductores REBER <a href=\"https:\/\/www.elettrowebstore.com\/categoria-prodotto\/casalinghi\/accessori-per-reber\/\"><strong>est\u00e1n disponibles en la ElettroWebStore<\/strong><\/a>!<\/p>\n<p>&nbsp;<\/p>\n<h2><strong>Especificaciones t\u00e9cnicas<\/strong><\/h2>\n<ul>\n<li>Medidas: longitud total cm. 23,3, di\u00e1metro cm. 5,5, di\u00e1metro del mortero s\u00f3lo en contacto con el alimento cm. 3,7<\/li>\n<li>Pistilo de moplen, es decir, material pl\u00e1stico apto para el contacto con alimentos<\/li>\n<li>S\u00f3lo compatible con <strong>exprimidor de tomates el\u00e9ctrico n\u00ba 3 <a href=\"https:\/\/www.elettrowebstore.com\/shop\/reber-spremipomodoro-elettrico-n-3-450-watt-9008n\/\">9008N<\/a> e <a href=\"https:\/\/www.elettrowebstore.com\/shop\/reber-artus-spremipomodoro-elettrico-450-watt-9008ne\/\">9008NE<\/a> 400\/450 vatios<\/strong><\/li>\n<li>Peso: 0,2 kg<\/li>\n<\/ul>\n<p>&nbsp;<\/p>\n<h2><strong>La marca Reber<\/strong><\/h2>\n<p><b><a href=\"https:\/\/www.rebersrl.it\/\" target=\"_blank\" rel=\"noopener\">Reber S.r.l.<\/a>\u00a0 <\/b>es l\u00edder en Italia y en el extranjero en la producci\u00f3n y distribuci\u00f3n de art\u00edculos para el hogar y para profesionales. De hecho, sus art\u00edculos est\u00e1n espec\u00edficamente dise\u00f1ados para disponer de productos de gran fiabilidad en el hogar o en el propio peque\u00f1o taller, pensados para durar mucho tiempo.<\/p>\n<p>Adem\u00e1s, todos los motores y accesorios cumplen siempre todas las normativas aplicables, tanto en materia de tecnolog\u00eda de fabricaci\u00f3n como de contacto de los alimentos con los materiales.<\/p>\n<p>De hecho, todos los art\u00edculos Reber van acompa\u00f1ados de una declaraci\u00f3n de conformidad. Por eso garantizan siempre la m\u00e1xima satisfacci\u00f3n de todos los usuarios.<\/p>\n<p>&nbsp;<\/p>\n<h2><strong>Garant\u00eda<\/strong><\/h2>\n<p>El producto est\u00e1 cubierto por <a href=\"https:\/\/www.elettrowebstore.com\/due-anni-di-garanzia-su-ogni-prodotto-acquistato\/\" target=\"_blank\" rel=\"noopener\"><strong>garant\u00eda legal<\/strong><\/a>seg\u00fan la p\u00e1gina correspondiente de nuestro sitio web, que le invitamos a leer. Tambi\u00e9n proporcionamos informaci\u00f3n clara sobre el ejercicio de la <a href=\"https:\/\/www.elettrowebstore.com\/diritto-di-recesso-restituzione-prodotti\/\" target=\"_blank\" rel=\"noopener\"><strong>derecho de retractaci\u00f3n<\/strong><\/a>.<\/p>\n<p>Puede ampliar el periodo de garant\u00eda legal del producto adquiriendo una de nuestras <a href=\"https:\/\/www.elettrowebstore.com\/shop\/estensione-di-garanzia-elettrodomestici-3-anni-fino-a-250-euro\/\" target=\"_blank\" rel=\"noopener\"><strong>paquetes de garant\u00eda ampliada<\/strong><\/a>!<\/p>\n<p>Para facilitar el ejercicio de este derecho, el Productor pone a disposici\u00f3n del <a href=\"http:\/\/www.rebersrl.it\/it\/Site\/assistenza\" target=\"_blank\" rel=\"noopener\"><strong>Centros de servicio autorizados en todo el pa\u00eds<\/strong><\/a>.<\/p>\n<p>Encontrar\u00e1 m\u00e1s informaci\u00f3n sobre la legislaci\u00f3n pertinente en el sitio web de la<a href=\"http:\/\/www.agcm.it\/consumatore\/decalogo\/5102-garanzia-del-venditore-guida-per-il-consumatore.html\" target=\"_blank\" rel=\"noopener\"><strong>Autoridad de Competencia y Mercado<\/strong><\/a>.<\/p>\n<p>Con el fin de mejorar la calidad del producto, el fabricante se reserva el derecho de modificar los materiales y las caracter\u00edsticas t\u00e9cnicas del art\u00edculo sin previo aviso.  Adem\u00e1s, las descripciones e im\u00e1genes que aqu\u00ed se ofrecen son, por tanto, orientativas y pueden variar ligeramente respecto al producto final.<\/p>\n<p>&nbsp;<\/p>\n<h2><strong>Plazo de entrega<\/strong><\/h2>\n<p>En general, este producto est\u00e1 disponible para su entrega inmediata. De hecho, se puede pedir de inmediato y es enviado por ElettroWebStore dentro de 2 d\u00edas h\u00e1biles a partir de la fecha de compra.<\/p>\n<p>Adem\u00e1s, todos los env\u00edos de ElettroWebStore est\u00e1n exentos de gastos de env\u00edo.<\/p>\n<p>&nbsp;<\/p>\n<h2><strong>Formas de pago aceptadas<\/strong><\/h2>\n<p><strong>En el sitio web de ElettroWebStore puede pagar con todos los m\u00e9todos habituales<\/strong>tanto espec\u00edficas de Internet (como las tarjetas prepago) como tradicionales (como las tarjetas de cr\u00e9dito cl\u00e1sicas).<\/p>\n<p>Para consultar todos los m\u00e9todos de pago aceptados, visite nuestra p\u00e1gina sobre <a href=\"https:\/\/www.elettrowebstore.com\/pagamenti-sicuri-sul-sito-elettrowebstore\/\" target=\"_blank\" rel=\"noopener\"><strong>m\u00e9todos de pago en el sitio ElettroWebStore<\/strong><\/a>. En ning\u00fan caso <strong>ElettroWebStore<\/strong> gestionar los datos de sus tarjetas de pago o darse cuenta de ellos. De hecho <strong>ElettroWebStore<\/strong> s\u00f3lo ver\u00e1 si el pago se ha efectuado o no.<\/p>\n<p>Nuestro sitio utiliza protocolos HTTPS, que garantizan un alto nivel de seguridad para los usuarios.<\/p>","protected":false},"excerpt":{"rendered":"<ul>\n<li>Pieza de recambio de pl\u00e1stico original Reber<\/li>\n<li>Compatible con los exprimidores de tomate el\u00e9ctricos n\u00ba 3<\/li>\n<li>Comprueba bien las medidas y la imagen antes de comprar<\/li>\n<\/ul>","protected":false},"featured_media":723781,"template":"","meta":[],"product_brand":[],"product_cat":[273,17],"product_tag":[2774,472,451,212,2770,2773,65,478,199],"class_list":{"0":"post-724439","1":"product","2":"type-product","3":"status-publish","4":"has-post-thumbnail","6":"product_cat-accessori-per-reber","7":"product_cat-casalinghi-cura-casa","8":"product_tag-3003a","9":"product_tag-moplen","10":"product_tag-motoriduttore","11":"product_tag-n-3","12":"product_tag-pestello","13":"product_tag-pestello-piccolo","14":"product_tag-reber","15":"product_tag-ricambio","16":"product_tag-spremipomodoro","17":"product_shipping_class-pe","19":"first","20":"instock","21":"taxable","22":"shipping-taxable","23":"purchasable","24":"product-type-simple"},"_links":{"self":[{"href":"https:\/\/www.elettrowebstore.com\/es\/wp-json\/wp\/v2\/product\/724439","targetHints":{"allow":["GET"]}}],"collection":[{"href":"https:\/\/www.elettrowebstore.com\/es\/wp-json\/wp\/v2\/product"}],"about":[{"href":"https:\/\/www.elettrowebstore.com\/es\/wp-json\/wp\/v2\/types\/product"}],"wp:featuredmedia":[{"embeddable":true,"href":"https:\/\/www.elettrowebstore.com\/es\/wp-json\/wp\/v2\/media\/723781"}],"wp:attachment":[{"href":"https:\/\/www.elettrowebstore.com\/es\/wp-json\/wp\/v2\/media?parent=724439"}],"wp:term":[{"taxonomy":"product_brand","embeddable":true,"href":"https:\/\/www.elettrowebstore.com\/es\/wp-json\/wp\/v2\/product_brand?post=724439"},{"taxonomy":"product_cat","embeddable":true,"href":"https:\/\/www.elettrowebstore.com\/es\/wp-json\/wp\/v2\/product_cat?post=724439"},{"taxonomy":"product_tag","embeddable":true,"href":"https:\/\/www.elettrowebstore.com\/es\/wp-json\/wp\/v2\/product_tag?post=724439"}],"curies":[{"name":"wp","href":"https:\/\/api.w.org\/{rel}","templated":true}]}}