{"id":7081,"date":"2019-05-29T17:57:08","date_gmt":"2019-05-29T15:57:08","guid":{"rendered":"https:\/\/www.elettrowebstore.com\/?post_type=product&#038;p=7081"},"modified":"2025-06-19T17:13:47","modified_gmt":"2025-06-19T15:13:47","slug":"miscelatore-per-bidet-cromato-paini-pilot-04cr306p1","status":"publish","type":"product","link":"https:\/\/www.elettrowebstore.com\/es\/shop\/paini-pilot-04cr306p1-mezclador-bide-cromo\/","title":{"rendered":"Paini Pilot 04CR306P1 mezclador cromado para bid\u00e9"},"content":{"rendered":"<h2><strong>Paini Pilot 04CR306P1 mezclador cromado para bid\u00e9<\/strong><\/h2>\n<p>El mezclador de bid\u00e9 cromado Paini Pilot 04CR306P1 destaca por su dise\u00f1o funcional, sencillo y ergon\u00f3mico. Adem\u00e1s, este producto est\u00e1 realizado en lat\u00f3n, con acabado cromado y monomando. Incluye un desag\u00fce tradicional de 1 \u00bc pulgadas. Se trata de un art\u00edculo de l\u00edneas cl\u00e1sicas pero de calidad, a un precio muy competitivo.<\/p>\n<p>&nbsp;<\/p>\n<p>&nbsp;<\/p>\n<p>&nbsp;<\/p>\n<h2><strong>Descripci\u00f3n<\/strong> <strong>Paini Pilot 04CR306P1 mezclador cromado para bid\u00e9<\/strong><\/h2>\n<p>El mezclador de bid\u00e9 cromado Paini Pilot 04CR306P1 est\u00e1 fabricado en lat\u00f3n cromado, con un monomando que presenta una empu\u00f1adura especialmente ergon\u00f3mica. El acabado cromado del mezclador es especialmente adecuado para a\u00f1adir brillo a su cuarto de ba\u00f1o y perdurar\u00e1 en el tiempo. Gracias al aireador con junta, el mezclador permite regular el chorro de agua, evitando as\u00ed el derroche de agua. El paquete de venta incluye fijaciones, mangueras y un desag\u00fce de 1 \u00bc pulgadas.<\/p>\n<div class=\"pw-hidden-cp\">\n<p>Este grifo mezclador pertenece a la serie Pilot del fabricante Paini, una l\u00ednea que destaca por la esencialidad y elegancia de su dise\u00f1o. De hecho, esta serie se caracteriza por su extraordinaria funcionalidad, combinada con peque\u00f1os detalles de estilo. La gama tambi\u00e9n ofrece grifos mezcladores para lavabos, duchas empotradas y fregaderos de cocina.<\/p>\n<\/div>\n<p>&nbsp;<\/p>\n<p>&nbsp;<\/p>\n<h2><strong>Especificaciones t\u00e9cnicas<\/strong><\/h2>\n<ul>\n<li><span class=\"fontstyle0\">Mezclador de ba\u00f1o para bid\u00e9 en lat\u00f3n, con acabado cromado<br \/>\n<\/span><\/li>\n<li>Palanca monomando con empu\u00f1adura ergon\u00f3mica<\/li>\n<li>Aireador con junta<\/li>\n<li>Salida de desag\u00fce de 1 \u00bc pulgadas<\/li>\n<li>Juego de 2 mangueras de acero inoxidable G 3\/8''<\/li>\n<li><span class=\"fontstyle0\">Dise\u00f1o elegante y esencial<\/span><\/li>\n<li>La mezcladora se suministra en un kit de montaje<\/li>\n<li>Dimensiones: 96\u00d748,6\u00d7136 h mm.<\/li>\n<li>Peso kg 1,2<\/li>\n<li>Pr\u00e1ctico y funcional<\/li>\n<li>Robusto y resistente<\/li>\n<li>C\u00f3digo 04CR306P1<\/li>\n<\/ul>\n<p>&nbsp;<\/p>\n<p>&nbsp;<\/p>","protected":false},"excerpt":{"rendered":"<p>Paini Pilot 04CR306P1 mezclador cromado para bid\u00e9.<\/p>","protected":false},"featured_media":41502,"template":"","meta":[],"product_brand":[],"product_cat":[19],"product_tag":[1143,334,900,930,894,339,899,893,896,895,891,931,892,901],"class_list":{"0":"post-7081","1":"product","2":"type-product","3":"status-publish","4":"has-post-thumbnail","6":"product_cat-rubinetteria","7":"product_tag-04cr306p1","8":"product_tag-arredo","9":"product_tag-bagno","10":"product_tag-bidet","11":"product_tag-cromato","12":"product_tag-design","13":"product_tag-leva","14":"product_tag-miscelatore","15":"product_tag-monocomando","16":"product_tag-ottone","17":"product_tag-paini","18":"product_tag-piletta","19":"product_tag-pilot","20":"product_tag-rubinetteria","21":"product_shipping_class-pe","23":"first","24":"instock","25":"taxable","26":"shipping-taxable","27":"purchasable","28":"product-type-simple"},"_links":{"self":[{"href":"https:\/\/www.elettrowebstore.com\/es\/wp-json\/wp\/v2\/product\/7081","targetHints":{"allow":["GET"]}}],"collection":[{"href":"https:\/\/www.elettrowebstore.com\/es\/wp-json\/wp\/v2\/product"}],"about":[{"href":"https:\/\/www.elettrowebstore.com\/es\/wp-json\/wp\/v2\/types\/product"}],"wp:featuredmedia":[{"embeddable":true,"href":"https:\/\/www.elettrowebstore.com\/es\/wp-json\/wp\/v2\/media\/41502"}],"wp:attachment":[{"href":"https:\/\/www.elettrowebstore.com\/es\/wp-json\/wp\/v2\/media?parent=7081"}],"wp:term":[{"taxonomy":"product_brand","embeddable":true,"href":"https:\/\/www.elettrowebstore.com\/es\/wp-json\/wp\/v2\/product_brand?post=7081"},{"taxonomy":"product_cat","embeddable":true,"href":"https:\/\/www.elettrowebstore.com\/es\/wp-json\/wp\/v2\/product_cat?post=7081"},{"taxonomy":"product_tag","embeddable":true,"href":"https:\/\/www.elettrowebstore.com\/es\/wp-json\/wp\/v2\/product_tag?post=7081"}],"curies":[{"name":"wp","href":"https:\/\/api.w.org\/{rel}","templated":true}]}}