{"id":689,"date":"2018-04-01T18:02:39","date_gmt":"2018-04-01T16:02:39","guid":{"rendered":"https:\/\/www.elettrowebstore.com\/?post_type=product&#038;p=689"},"modified":"2026-02-14T19:12:48","modified_gmt":"2026-02-14T18:12:48","slug":"electric-imperia-ipasta-macchina-pasta-manuale-con-motore-4650","status":"publish","type":"product","link":"https:\/\/www.elettrowebstore.com\/es\/shop\/maquina-de-pasta-manual-imperia-ipasta-electrica-con-motor-650\/","title":{"rendered":"M\u00e1quina de pasta manual el\u00e9ctrica Imperia iPasta con motor 4650"},"content":{"rendered":"<h2><strong>M\u00e1quina de pasta manual el\u00e9ctrica Imperia iPasta con motor 4650<\/strong><\/h2>\n<p>La m\u00e1quina de pasta manual el\u00e9ctrica Imperia iPasta con motor 4650 es una de las m\u00e1s vendidas <strong>Packs regalo Imperia<\/strong>. De hecho, en la caja encontrar\u00e1 el <strong>M\u00e1quina para pasta Imperia iPasta<\/strong>el <strong>Corte doble 2\/4<\/strong> (tagliatelle 2 mm y fettuccine 6,5 mm) y el <strong>Pasta Facile motor el\u00e9ctrico<\/strong>. Imperia Electric 4650 le permite hacer la mejor pasta casera sin esfuerzo gracias al motor ya incluido en el paquete.<\/p>\n<p>Este aparato para pasta de Imperia c\u00f3digo 4650 <strong>se fabrica \u00edntegramente en Italia<\/strong>. En la caja de regalo Imperia Electric 4650 encontrar\u00e1 la m\u00e1quina de pasta completa, compuesta por el <strong>laminadora<\/strong> iPasta SP150 con hoja bruta de 150 mil\u00edmetros, la <strong>rigmarole<\/strong> Original Duplex 2\/4, para cortar pasta en fideos de 2 mil\u00edmetros de ancho y fettuccine de 6,5 mil\u00edmetros de ancho, el <strong>manivela<\/strong>la abrazadera para fijar la laminadora a la encimera y el <strong>ciclomotor<\/strong> equipado con un cable el\u00e9ctrico, el <strong>soporte azul<\/strong> para enganchar el motor a la m\u00e1quina de pasta.<\/p>\n<p>Para m\u00e1s informaci\u00f3n sobre el <a href=\"https:\/\/www.elettrowebstore.com\/imperia-macchine-per-pasta\/\" target=\"_blank\" rel=\"noopener\"><strong>m\u00e1quinas para pasta, visite nuestra p\u00e1gina dedicada<\/strong><\/a>.<\/p>\n<p>&nbsp;<\/p>\n<h2><strong>Especificaciones t\u00e9cnicas\u00a0<\/strong><\/h2>\n<ul>\n<li>Cuchilla con ajuste de hasta seis espesores<\/li>\n<li>Secci\u00f3n para cortar tallarines y fettuccine<\/li>\n<li>Armaz\u00f3n de acero cromado<\/li>\n<li>Dimensiones: An 160 x Al 185 x Pr 205 mm<\/li>\n<li>Peso neto: 3,45 kg<\/li>\n<li>Rango de ajuste del rodillo: de 0,2 a 2,2 mm<\/li>\n<li>Anchura m\u00e1xima de hoja obtenible: 140 mm<\/li>\n<li>Calidad italiana \"made in Italy\".<\/li>\n<li>Cortes integrados: Sfoglia 140 mm, Tagliatelle 2 mm, Fettuccine 6,5 mm<\/li>\n<li>Easy Dough Motor 80 W 220V<\/li>\n<li>Envolver regalos<\/li>\n<\/ul>\n<p>&nbsp;<\/p>\n<h2><strong>Descripci\u00f3n<\/strong><\/h2>\n<p>El\u00e9ctrico Imperia iPasta m\u00e1quina de pasta manual con motor 4650 es <strong>fabricado \u00edntegramente en Italia<\/strong> Fabricado en acero cromado y con gran artesan\u00eda para garantizar robustez y durabilidad.<\/p>\n<p>Dentro del paquete encontrar\u00e1 tanto la manivela cl\u00e1sica como el motor. El motor que se monta en el lateral de la m\u00e1quina de pasta Imperia iPasta se llama <strong><a href=\"https:\/\/www.elettrowebstore.com\/shop\/imperia-pasta-facile-motore-per-macchina-della-pasta\/\">Pasta f\u00e1cil<\/a><\/strong>y tambi\u00e9n puede adquirirse por separado. El motor de Pasta Facile tiene dos botones: uno para la velocidad normal y un segundo para la velocidad m\u00e1s alta. De este modo, puede ajustar la velocidad de la m\u00e1quina en funci\u00f3n de la complejidad del producto.<\/p>\n<p>Con su <a href=\"https:\/\/www.elettrowebstore.com\/shop\/imperia-trafile-tagli-duplex-per-macchine-della-pasta\/\" target=\"_blank\" rel=\"noopener\"><strong>Cortadora d\u00faplex<\/strong><\/a> ya incluido en el paquete, ya puede producir la hoja de pasta en seis grosores diferentes y dos tipos de pasta: tagliatelle y fettuccine.<\/p>\n<p>La m\u00e1quina de pasta manual el\u00e9ctrica Imperia iPasta con motor 4650 es la herramienta ideal para hacer buena pasta casera. De hecho, esta m\u00e1quina para pasta Imperia equipada con el accesorio motor Pasta Facile permite producir la hoja de pasta y pasarla por la laminadora y los cortes para tallarines y fettuccine. I <strong>recortes ya est\u00e1n incluidos, junto con la pr\u00e1ctica<\/strong>.<\/p>\n<p>Gracias a la <a href=\"https:\/\/www.elettrowebstore.com\/shop\/staffa-blu-kit-guida-motore-pasta-facile-kpf-a15\/\" target=\"_blank\" rel=\"noopener\"><strong>soporte azul suministrado<\/strong><\/a> el motor puede colocarse a un lado de la laminadora, en dos posiciones diferentes. La primera posici\u00f3n permite insertar la clavija de accionamiento directamente en la ranura donde encaja la manivela dentro de la laminadora. En esta posici\u00f3n se utilizan las laminadoras iPasta para hacer la l\u00e1mina de masa el\u00e9ctricamente en lugar de a mano con la manivela. La segunda posici\u00f3n consiste en inclinar m\u00e1s el motor, introduciendo la clavija de accionamiento en uno de los dos orificios de la matriz. De este modo, la cortadora puede electrificarse para estirar la pasta en forma de fettuccine o tagliatelle.<\/p>\n<p>As\u00ed que el paquete ya incluye el <strong>laminadoras manuales iPasta<\/strong>El <a href=\"https:\/\/www.elettrowebstore.com\/shop\/imperia-trafile-tagli-duplex-per-macchine-della-pasta\/\"><strong>troquel d\u00faplex<\/strong><\/a> para hacer tallarines y fettuccine, as\u00ed como la abrazadera para fijar la m\u00e1quina a la mesa de trabajo, la manivela y el motor Pasta Facile.<\/p>\n<p>&nbsp;<\/p>\n<h2><strong>Accesorios que pueden adquirirse por separado<\/strong><\/h2>\n<p><span style=\"font-size: 14.4px;\">Imperia el\u00e9ctrica c\u00f3digo 650 es una caja de regalo que contiene los dos productos m\u00e1s vendidos de Imperia: la m\u00e1quina de pasta <a href=\"https:\/\/www.elettrowebstore.com\/shop\/imperia-ipasta-macchina-sfogliatrice-per-pasta-manuale-acciaio\/\"><strong>Imperia iPasta c\u00f3digo 100<\/strong><\/a> y el motor el\u00e9ctrico <a href=\"https:\/\/www.elettrowebstore.com\/shop\/imperia-pasta-facile-motore-per-macchina-della-pasta\/\"><strong>Imperia Pasta Facile c\u00f3digo 600<\/strong><\/a>. Ambos art\u00edculos, por supuesto, tambi\u00e9n pueden adquirirse por separado.<\/span><\/p>\n<p><span style=\"font-size: 14.4px;\">De ello se deduce que todos los accesorios aplicables a la m\u00e1quina tradicional tambi\u00e9n pueden aplicarse a este producto <\/span><a style=\"font-size: 14.4px;\" href=\"https:\/\/www.elettrowebstore.com\/shop\/imperia-ipasta-macchina-sfogliatrice-per-pasta-manuale-acciaio\/\"><strong>Imperia iPasta<\/strong><\/a><span style=\"font-size: 14.4px;\"> o <\/span><a style=\"font-size: 14.4px;\" href=\"https:\/\/www.elettrowebstore.com\/shop\/imperia-titania-sfogliatrice-macchina-pasta-manuale-190\/\"><strong>Titania<\/strong><\/a><span style=\"font-size: 14.4px;\">utilizando la pr\u00e1ctica manivela suministrada.<\/span><\/p>\n<p>Los accesorios aplicables M\u00e1quina de pasta manual el\u00e9ctrica Imperia iPasta con motor 4650 son los siguientes:<\/p>\n<ul>\n<li><strong><a href=\"https:\/\/www.elettrowebstore.com\/shop\/imperia-trafile-tagli-simplex-per-macchina-della-pasta\/\">Simplex de un solo corte<\/a><\/strong> de varios tipos: espaguetis, capelli d'angelo mm.0,8, capelli d'angelo mm.1,5, tagliatelle mm.2, trenette mm.4, fettuccine mm.6,5, lasagnette mm.12, pappardelle mm.32, reginette lasagnette mm.12, reginette pappardelle mm.44<\/li>\n<li><a href=\"https:\/\/www.elettrowebstore.com\/shop\/imperia-trafile-tagli-duplex-per-macchine-della-pasta\/\"><strong>Dibujo d\u00faplex con cortes dobles<\/strong><\/a> varios tipos: cabello de \u00e1ngel mm.1,5 y trenette mm.4, cabello de \u00e1ngel mm.1,5 y fettuccine mm.6,5, cabello de \u00e1ngel mm.1,5 y lasagnette mm.12, tagliatelle mm.2 y trenette mm.4, tagliatelle mm.2 y fettuccine mm.6,5, trenette mm.4 y lasagnette mm.12, trenette mm.4 y spaghetti diam. 2 mm, lasagnette mm.12 y spaghetti diam. 2 mm, reginette mm.12 y reginette mm.44<\/li>\n<li><strong><a href=\"https:\/\/www.elettrowebstore.com\/shop\/imperia-ravioli-maker-accessorio-riavioli-macchine-della-pasta\/\">Accesorio para hacer raviolis<\/a><\/strong>estas son dos opciones que le permiten hacer raviolis de 3\u00d73 cm o de 5\u00d75 cm<\/li>\n<li><strong><a href=\"https:\/\/www.elettrowebstore.com\/EWS_Store\/prodotto\/imperia-accessorio-millegnocchi-cavatelli-gnocchetti\/\">Millegnocchi accesorio \u00f1oquis<\/a><\/strong> de varios tipos: con esta opci\u00f3n, se pueden hacer al mismo tiempo cavatelli, gnocchetti sardi y rigatelli<\/li>\n<\/ul>\n<p>Los cortes adicionales para las m\u00e1quinas de pasta Imperia vienen en dos categor\u00edas: Simplex y Duplex. Los cortes Simplex son cortes simples; es decir, el accesorio est\u00e1 dise\u00f1ado para realizar un solo tipo de corte de pasta (por ejemplo: s\u00f3lo pasta guitarra). Los cortes Duplex, en cambio, est\u00e1n dise\u00f1ados para incluir dos tipos de cortes.<\/p>","protected":false},"excerpt":{"rendered":"<p>Caja de regalo que contiene la m\u00e1quina de pasta tradicional Imperia que act\u00faa como laminadora de pasta. Con matriz Duplex 2\/4 para tagliatelle de 2 mm y fettuccine de 6,5 mm. Manivela y soporte azul incluidos. Tambi\u00e9n se incluye en el paquete el motor Pasta Facile de 65 vatios listo para usar. <a href=\"https:\/\/www.elettrowebstore.com\/shop\/estensione-di-garanzia-elettrodomestici-3-anni-fino-a-250-euro\/\"><strong>Extensi\u00f3n de garant\u00eda disponible<\/strong><\/a>! <span style=\"color: #ff0000;\"><strong>Env\u00edo gratuito a Italia.<\/strong><\/span><\/p>","protected":false},"featured_media":9807239,"template":"","meta":[],"product_brand":[],"product_cat":[107],"product_tag":[2878,109,110,31,23,21,68,103,33,191,20,30,32],"class_list":{"0":"post-689","1":"product","2":"type-product","3":"status-publish","4":"has-post-thumbnail","6":"product_cat-macchine-della-pasta","7":"product_tag-2878","8":"product_tag-electric","9":"product_tag-electric-imperia","10":"product_tag-fettuccine","11":"product_tag-imperia","12":"product_tag-ipasta","13":"product_tag-macchina","14":"product_tag-macchina-della-pasta","15":"product_tag-manuale","16":"product_tag-motorino","17":"product_tag-pasta","18":"product_tag-sfogliatrice","19":"product_tag-tagliatelle","20":"product_shipping_class-pe","22":"first","23":"instock","24":"sale","25":"featured","26":"taxable","27":"shipping-taxable","28":"purchasable","29":"product-type-simple"},"_links":{"self":[{"href":"https:\/\/www.elettrowebstore.com\/es\/wp-json\/wp\/v2\/product\/689","targetHints":{"allow":["GET"]}}],"collection":[{"href":"https:\/\/www.elettrowebstore.com\/es\/wp-json\/wp\/v2\/product"}],"about":[{"href":"https:\/\/www.elettrowebstore.com\/es\/wp-json\/wp\/v2\/types\/product"}],"wp:featuredmedia":[{"embeddable":true,"href":"https:\/\/www.elettrowebstore.com\/es\/wp-json\/wp\/v2\/media\/9807239"}],"wp:attachment":[{"href":"https:\/\/www.elettrowebstore.com\/es\/wp-json\/wp\/v2\/media?parent=689"}],"wp:term":[{"taxonomy":"product_brand","embeddable":true,"href":"https:\/\/www.elettrowebstore.com\/es\/wp-json\/wp\/v2\/product_brand?post=689"},{"taxonomy":"product_cat","embeddable":true,"href":"https:\/\/www.elettrowebstore.com\/es\/wp-json\/wp\/v2\/product_cat?post=689"},{"taxonomy":"product_tag","embeddable":true,"href":"https:\/\/www.elettrowebstore.com\/es\/wp-json\/wp\/v2\/product_tag?post=689"}],"curies":[{"name":"wp","href":"https:\/\/api.w.org\/{rel}","templated":true}]}}