{"id":6886,"date":"2019-04-11T15:03:31","date_gmt":"2019-04-11T13:03:31","guid":{"rendered":"https:\/\/www.elettrowebstore.com\/?post_type=product&#038;p=6886"},"modified":"2025-01-17T18:00:11","modified_gmt":"2025-01-17T17:00:11","slug":"sedia-pieghevole-salina-ch501","status":"publish","type":"product","link":"https:\/\/www.elettrowebstore.com\/es\/shop\/silla-plegable-salina-ch501\/","title":{"rendered":"Silla plegable Salina CH501"},"content":{"rendered":"<h2><strong>Silla plegable Salina CH501<\/strong><\/h2>\n<p>La silla plegable Salina CH501 es un asiento fabricado en teca, una madera tropical conocida por su resistencia y durabilidad y su est\u00e9tica moderna y funcional. Tal<span class=\"fontstyle0\">ventajas dan lugar a este producto, de dise\u00f1o moderno e ideal para exteriores.<br \/>\n<\/span><\/p>\n<p>&nbsp;<\/p>\n<p><img class=\"wp-image-6889 aligncenter\" title=\"greenwood_folding_chair_Salina_CH501_1\" alt=\"Silla plegable Salina CH501\" width=\"922\" height=\"1280\" \/><\/p>\n<p>&nbsp;<\/p>\n<h2><strong>Descripci\u00f3n <\/strong><strong>Silla plegable Salina CH501<\/strong><\/h2>\n<p>La silla plegable Salina CH501 es plegable y tiene un armaz\u00f3n de madera de teca. Esta silla s\u00f3lo puede comprarse como se muestra en la foto. Los cojines para el asiento y el respaldo pueden adquirirse por separado bajo pedido.<\/p>\n<p>La <strong>silla<\/strong> tiene 46 cent\u00edmetros de ancho y 60 cent\u00edmetros de profundidad, con una altura desde el suelo de 91 cent\u00edmetros. El asiento y el respaldo son de listones gruesos, que garantizan resistencia, solidez y, al mismo tiempo, comodidad y apoyo.<\/p>\n<p>&nbsp;<\/p>\n<p><img class=\"wp-image-6890 aligncenter\" title=\"greenwood_folding_chair_Salina_CH501_2\" alt=\"Silla plegable Salina CH501\" width=\"1039\" height=\"811\" \/><\/p>\n<p>&nbsp;<\/p>\n<h2><strong>Especificaciones t\u00e9cnicas<\/strong><\/h2>\n<ul>\n<li><span class=\"fontstyle0\">1 silla cm. 46 x 60 x h. 91 en madera de teca<br \/>\n<\/span><\/li>\n<li><span class=\"fontstyle0\">Asiento y respaldo de listones gruesos<br \/>\n<\/span><\/li>\n<li><span class=\"fontstyle0\">Silla plegable<\/span><\/li>\n<li>Env\u00edo compuesto por 1 bulto con las siguientes medidas: cm. 112 x 49 x 9; peso bruto: kg. 6<\/li>\n<li>Pr\u00e1ctico y vers\u00e1til<\/li>\n<li>Robusto y resistente<\/li>\n<li>Asientos c\u00f3modos<\/li>\n<li>F\u00e1cil limpieza<\/li>\n<li>Fabricado en China<\/li>\n<\/ul>\n<p>&nbsp;<\/p>\n<h2><strong>Detalles de la <\/strong><strong>Silla plegable Salina CH501<\/strong><\/h2>\n<p>La Silla Plegable Salina CH501 est\u00e1 fabricada en madera de teca, por lo que es conveniente no utilizar detergentes que contengan lej\u00eda y \u00e1cido clorh\u00eddrico para su limpieza, ya que podr\u00edan da\u00f1ar la superficie. Por lo tanto, aplique detergentes no abrasivos adecuados para este material.<\/p>\n<p>&nbsp;<\/p>\n<h2><strong>Garant\u00eda<\/strong><\/h2>\n<p>El producto est\u00e1 cubierto por <a href=\"https:\/\/www.elettrowebstore.com\/due-anni-di-garanzia-su-ogni-prodotto-acquistato\/\"><strong>garant\u00eda legal<\/strong><\/a>seg\u00fan la p\u00e1gina correspondiente de nuestro sitio web, que le invitamos a leer. Tambi\u00e9n proporcionamos informaci\u00f3n clara sobre el ejercicio de la <a href=\"https:\/\/www.elettrowebstore.com\/diritto-di-recesso-restituzione-prodotti\/\"><strong>derecho de retractaci\u00f3n<\/strong><\/a>.<\/p>\n<p>No existen Centros de Asistencia T\u00e9cnica Autorizados (CAT) en el territorio nacional para los productos de mobiliario de jard\u00edn. La instalaci\u00f3n de los productos y de las piezas de recambio es responsabilidad exclusiva del comprador.<\/p>\n<p><strong>Los productos de mobiliario de exterior, aunque est\u00e1n dise\u00f1ados para estar al aire libre, tambi\u00e9n necesitan cuidados y atenci\u00f3n<\/strong>especialmente en el caso de art\u00edculos fabricados con materiales delicados. Por lo tanto, comprar un producto de jard\u00edn no significa comprar un art\u00edculo indestructible o que no necesite mantenimiento. Al contrario, algunos materiales como maderas, resinas, acero no galvanizado requieren cuidados, limpieza, atenci\u00f3n. Art\u00edculos como sombrillas y cenadores exigen evitar el efecto vela cuando hace mal tiempo (las sombrillas deben estar cerradas). En caso de fuertes lluvias o nevadas, las estructuras pueden no ser lo bastante resistentes para soportarlo.<\/p>\n<p>Por lo tanto, antes de comprar, instamos a todos los clientes a que eval\u00faen detenidamente sus necesidades y las cualidades del producto.<\/p>\n<p>De hecho, ni los fabricantes ni ElettroWebStore pueden sustituir en garant\u00eda o servicio art\u00edculos que, aunque hayan sido comprados recientemente, est\u00e9n desgastados o se hayan deteriorado respecto a su estado original.<\/p>\n<p>Encontrar\u00e1 m\u00e1s informaci\u00f3n sobre la legislaci\u00f3n pertinente en el sitio web de la<a href=\"http:\/\/www.agcm.it\/consumatore\/decalogo\/5102-garanzia-del-venditore-guida-per-il-consumatore.html\"><strong>Autoridad de Competencia y Mercado<\/strong><\/a>.<\/p>\n<p>Con el fin de mejorar la calidad del producto, el fabricante se reserva el derecho de modificar los materiales y las caracter\u00edsticas t\u00e9cnicas del art\u00edculo sin previo aviso.  Adem\u00e1s, las descripciones e im\u00e1genes que aqu\u00ed se ofrecen son, por tanto, orientativas y pueden variar ligeramente respecto al producto final.<\/p>\n<p>&nbsp;<\/p>\n<h2><strong>Plazo de entrega y disponibilidad de los productos<br \/>\n<\/strong><\/h2>\n<p>Los productos de mobiliario de exterior son importados. Su disponibilidad puede variar sin previo aviso, aunque en el sitio web se indique que los productos est\u00e1n disponibles. Por esta raz\u00f3n, en caso de urgencia o de informaci\u00f3n m\u00e1s detallada, le invitamos a <a href=\"https:\/\/www.elettrowebstore.com\/contatta-lo-staff-di-elettrowebstore\/\"><strong>p\u00f3ngase en contacto con nosotros por correo electr\u00f3nico<\/strong><\/a> para m\u00e1s aclaraciones.<\/p>\n<p>Si el producto est\u00e1 disponible para entrega inmediata en uno de nuestros almacenes, se puede pedir inmediatamente. A continuaci\u00f3n, se env\u00eda desde ElettroWebStore<strong> en un plazo de 10 d\u00edas laborables a partir de la fecha de compra<\/strong>.<\/p>\n<p>Adem\u00e1s, todos los env\u00edos de ElettroWebStore est\u00e1n exentos de gastos de env\u00edo.<\/p>\n<p>Adem\u00e1s de los transportistas mencionados a continuaci\u00f3n, ElettroWebStore tambi\u00e9n utiliza otros transportistas de \u00e1mbito nacional con corresponsales locales para el env\u00edo de art\u00edculos de gran volumen. Estos \u00faltimos suelen estar especializados en el env\u00edo y la entrega de art\u00edculos voluminosos, ya que disponen de corresponsales locales espec\u00edficos en el territorio nacional.<\/p>\n<p>Se lo recordamos:<\/p>\n<ol>\n<li>Las mercanc\u00edas se entregan en la planta baja que da a la calle. No hay entrega en el suelo a menos que se acuerde espec\u00edficamente con ElettroWebStore;<\/li>\n<li>Teniendo en cuenta el volumen de muchos art\u00edculos de mobiliario de exterior, siempre es una buena idea evaluar cuidadosamente los paquetes antes de descargarlos, anotando en el documento de transporte o en la terminal del transportista cualquier defecto externo del producto.<\/li>\n<\/ol>\n<p><a href=\"https:\/\/www.elettrowebstore.com\/spedizioni-consegne-prodotti-italia-estero\/\"><img loading=\"lazy\" decoding=\"async\" class=\"aligncenter wp-image-5149 size-full\" src=\"https:\/\/www.elettrowebstore.com\/EWS_Store\/wp-content\/uploads\/2020\/04\/elettrowebstore-spedizione-con-corrieri-brt-sda-dhl_n75nxd.jpg\" alt=\"ElettroWebStore env\u00eda con mensajer\u00eda r\u00e1pida BRT SDA DHL\" width=\"649\" height=\"175\" srcset=\"https:\/\/www.elettrowebstore.com\/EWS_Store\/wp-content\/uploads\/elettrowebstore-spedizione-con-corrieri-brt-sda-dhl_n75nxd.jpg 649w, https:\/\/www.elettrowebstore.com\/EWS_Store\/wp-content\/uploads\/elettrowebstore-spedizione-con-corrieri-brt-sda-dhl_n75nxd-600x162.jpg 600w\" sizes=\"auto, (max-width: 649px) 100vw, 649px\" \/><\/a><\/p>\n<p>&nbsp;<\/p>\n<h2><strong>Formas de pago aceptadas<\/strong><\/h2>\n<p><strong>En el sitio web de ElettroWebStore puede pagar con todos los m\u00e9todos habituales<\/strong>tanto espec\u00edficas de Internet (como las tarjetas prepago) como tradicionales (como las tarjetas de cr\u00e9dito cl\u00e1sicas).<\/p>\n<p><a href=\"https:\/\/www.elettrowebstore.com\/pagamenti-sicuri-sul-sito-elettrowebstore\/\"><img loading=\"lazy\" decoding=\"async\" class=\"aligncenter size-full wp-image-5151\" src=\"https:\/\/www.elettrowebstore.com\/EWS_Store\/wp-content\/uploads\/2020\/04\/elettrowebstore-pagamenti_berj9q.jpg\" alt=\"Formas de pago aceptadas en el sitio ElettroWebStore\" width=\"649\" height=\"226\" srcset=\"https:\/\/www.elettrowebstore.com\/EWS_Store\/wp-content\/uploads\/elettrowebstore-pagamenti_berj9q.jpg 649w, https:\/\/www.elettrowebstore.com\/EWS_Store\/wp-content\/uploads\/elettrowebstore-pagamenti_berj9q-600x209.jpg 600w\" sizes=\"auto, (max-width: 649px) 100vw, 649px\" \/><\/a><\/p>\n<p>&nbsp;<\/p>\n<p>Todos los pagos se gestionan a trav\u00e9s del <a href=\"https:\/\/www.paypal.com\/it\/webapps\/mpp\/paypal-safety-and-security\"><strong>Paypal<\/strong><\/a>. Adem\u00e1s, aunque no dispongas de Paypal, puedes pagar sin necesidad de registrarte y guardar tus credenciales. Todo lo que tienes que hacer es introducir tus datos en las p\u00e1ginas de Paypal.<\/p>\n<p>En ning\u00fan caso <a href=\"http:\/\/www.elettrowebstore.com\"><strong>ElettroWebStore<\/strong><\/a> gestionar los datos de sus tarjetas de pago o darse cuenta de ellos. De hecho <a href=\"http:\/\/www.elettrowebstore.com\"><strong>ElettroWebStore<\/strong><\/a> s\u00f3lo ver\u00e1 si el pago se ha efectuado o no.<\/p>\n<p>Nuestro sitio utiliza protocolos HTTPS, que garantizan un alto nivel de seguridad para los usuarios.<\/p>","protected":false},"excerpt":{"rendered":"<p>La silla plegable Salina CH501 es un asiento de madera de teca. Vers\u00e1til, robusta y resistente. Gruesos listones de asiento y respaldo. <strong><span style=\"color: #ed1c24\">Env\u00edo gratuito incluido.<\/span><\/strong><\/p>","protected":false},"featured_media":6887,"template":"","meta":[],"product_brand":[],"product_cat":[18],"product_tag":[334,869,335,338,418,818,866,864,868],"class_list":{"0":"post-6886","1":"product","2":"type-product","3":"status-publish","4":"has-post-thumbnail","6":"product_cat-arredo_giardino_esterno_outdoor","7":"product_tag-arredo","8":"product_tag-ch501","9":"product_tag-esterno","10":"product_tag-giardino","11":"product_tag-legno","12":"product_tag-outdoor","13":"product_tag-pieghevole","14":"product_tag-sedia","15":"product_tag-teak","16":"product_shipping_class-garden","18":"first","19":"instock","20":"sale","21":"taxable","22":"shipping-taxable","23":"purchasable","24":"product-type-simple"},"_links":{"self":[{"href":"https:\/\/www.elettrowebstore.com\/es\/wp-json\/wp\/v2\/product\/6886","targetHints":{"allow":["GET"]}}],"collection":[{"href":"https:\/\/www.elettrowebstore.com\/es\/wp-json\/wp\/v2\/product"}],"about":[{"href":"https:\/\/www.elettrowebstore.com\/es\/wp-json\/wp\/v2\/types\/product"}],"wp:featuredmedia":[{"embeddable":true,"href":"https:\/\/www.elettrowebstore.com\/es\/wp-json\/wp\/v2\/media\/6887"}],"wp:attachment":[{"href":"https:\/\/www.elettrowebstore.com\/es\/wp-json\/wp\/v2\/media?parent=6886"}],"wp:term":[{"taxonomy":"product_brand","embeddable":true,"href":"https:\/\/www.elettrowebstore.com\/es\/wp-json\/wp\/v2\/product_brand?post=6886"},{"taxonomy":"product_cat","embeddable":true,"href":"https:\/\/www.elettrowebstore.com\/es\/wp-json\/wp\/v2\/product_cat?post=6886"},{"taxonomy":"product_tag","embeddable":true,"href":"https:\/\/www.elettrowebstore.com\/es\/wp-json\/wp\/v2\/product_tag?post=6886"}],"curies":[{"name":"wp","href":"https:\/\/api.w.org\/{rel}","templated":true}]}}