{"id":670413,"date":"2023-10-29T09:05:11","date_gmt":"2023-10-29T08:05:11","guid":{"rendered":"https:\/\/www.elettrowebstore.com\/?post_type=product&#038;p=670413"},"modified":"2025-04-16T12:14:35","modified_gmt":"2025-04-16T10:14:35","slug":"reber-guarnizione-flangia-motore-n-3-450-watt-1041a","status":"publish","type":"product","link":"https:\/\/www.elettrowebstore.com\/es\/shop\/reber-motor-brida-junta-n-3-450-vatios-1041a\/","title":{"rendered":"Junta de brida de motor Reber n\u00ba 3 450 vatios 1041A"},"content":{"rendered":"<h2><strong>Junta de brida de motor Reber n\u00ba 3 450 vatios 1041A<\/strong><\/h2>\n<p>Junta de la brida del motor Reber n\u00ba 3 450 vatios 1041A. Esta junta debe colocarse entre la tapa y la brida.<\/p>\n<p>Se recomienda especialmente sustituir este ret\u00e9n cuando se abre la tapa de la brida delantera del motor. Este es el caso cuando se desea cambiar los retenes de aceite, como el <a href=\"https:\/\/www.elettrowebstore.com\/shop\/reber-paraolio-esterno-motoriduttore-n-3-1030a\/\"><strong>ret\u00e9n de aceite exterior n\u00ba 3<\/strong><\/a>o cuando el motorreductor pierde un poco de aceite.<\/p>\n<p>&nbsp;<\/p>\n<h2><strong>Especificaciones t\u00e9cnicas<\/strong><\/h2>\n<ul>\n<li>junta de goma original, espec\u00edfica para la gama de motorreductores Reber n\u00ba 3<\/li>\n<li>Compatible con motores REBER No.3 400W\/450W de varias generaciones<\/li>\n<li>C\u00f3digos de motor compatibles: 9600N - MOTOR-REDUCTOR HP 0.30; 9600NSP - MOTOR-REDUCTOR HP. 0.30 450W SP CON CARCASA DE ACERO INOXIDABLE<\/li>\n<li>Se recomienda su compra cuando <a href=\"https:\/\/www.elettrowebstore.com\/shop\/reber-flacone-olio-lubrificante-per-motori-long-life-1073a\/\"><strong>cambiar el aceite original<\/strong><\/a>o al sustituir engranajes<\/li>\n<\/ul>\n<p>&nbsp;<\/p>\n<h2><strong>Informaci\u00f3n sobre el producto REBER<\/strong><\/h2>\n<p><a href=\"http:\/\/www.rebersrl.it\"><strong>REBER<\/strong> <\/a>es l\u00edder en Italia y en el extranjero en la producci\u00f3n y distribuci\u00f3n de art\u00edculos para el hogar y para profesionales. De hecho, sus art\u00edculos est\u00e1n espec\u00edficamente dise\u00f1ados para disponer de productos de gran fiabilidad en el hogar o el taller, pensados para durar mucho tiempo.<\/p>\n<p>Adem\u00e1s, todos los motores y accesorios cumplen siempre todas las normativas aplicables, tanto en materia de tecnolog\u00eda de fabricaci\u00f3n como de contacto de los alimentos con los materiales.<\/p>\n<p>De hecho, todos los art\u00edculos REBER van acompa\u00f1ados de una declaraci\u00f3n de conformidad. Por lo tanto, \u00a1garantizan siempre la m\u00e1xima satisfacci\u00f3n de todos los usuarios!<\/p>\n<p>&nbsp;<\/p>\n<h2><strong>Garant\u00eda<\/strong><\/h2>\n<p>El producto est\u00e1 cubierto por <a href=\"https:\/\/www.elettrowebstore.com\/due-anni-di-garanzia-su-ogni-prodotto-acquistato\/\"><strong>garant\u00eda legal<\/strong><\/a>seg\u00fan la p\u00e1gina correspondiente de nuestro sitio web, que le invitamos a leer. Tambi\u00e9n proporcionamos informaci\u00f3n clara sobre el ejercicio de la <a href=\"https:\/\/www.elettrowebstore.com\/diritto-di-recesso-restituzione-prodotti\/\"><strong>derecho de retractaci\u00f3n<\/strong><\/a>.<\/p>\n<p>Para facilitar el ejercicio de este derecho, el fabricante dispone de Centros de Asistencia T\u00e9cnica autorizados en todo el territorio nacional.<\/p>\n<p>Encontrar\u00e1 m\u00e1s informaci\u00f3n sobre la legislaci\u00f3n pertinente en el sitio web de la<a href=\"http:\/\/www.agcm.it\/consumatore\/decalogo\/5102-garanzia-del-venditore-guida-per-il-consumatore.html\"><strong>Autoridad de Competencia y Mercado<\/strong><\/a>.<\/p>\n<p>Con el fin de mejorar la calidad del producto, el fabricante se reserva el derecho de modificar los materiales y las caracter\u00edsticas t\u00e9cnicas del art\u00edculo sin previo aviso.  Adem\u00e1s, las descripciones e im\u00e1genes que aqu\u00ed se ofrecen son, por tanto, orientativas y pueden variar ligeramente respecto al producto final.<\/p>\n<p>&nbsp;<\/p>\n<h2><strong>Plazo de entrega<\/strong><\/h2>\n<p>Este producto est\u00e1 siempre disponible para su entrega inmediata. De hecho, se puede pedir de inmediato y es enviado por ElettroWebStore dentro de 2 d\u00edas h\u00e1biles a partir de la fecha de compra.<\/p>\n<p>&nbsp;<\/p>\n<h2><strong>Formas de pago aceptadas<\/strong><\/h2>\n<p><strong>En el sitio web de ElettroWebStore puede pagar con todos los m\u00e9todos habituales<\/strong>tanto espec\u00edficas de Internet (como las tarjetas prepago) como tradicionales (como las tarjetas de cr\u00e9dito cl\u00e1sicas).<\/p>\n<p>En ning\u00fan caso <a href=\"http:\/\/www.elettrowebstore.com\"><strong>ElettroWebStore<\/strong><\/a> gestionar los datos de sus tarjetas de pago o darse cuenta de ellos. De hecho <a href=\"http:\/\/www.elettrowebstore.com\"><strong>ElettroWebStore<\/strong><\/a> s\u00f3lo ver\u00e1 si el pago se ha efectuado o no.<\/p>\n<p>Nuestro sitio utiliza protocolos HTTPS, que garantizan un alto nivel de seguridad para los usuarios.<\/p>","protected":false},"excerpt":{"rendered":"<p>Rectificar la junta de la brida del motor n\u00ba 3 450 Watt 1041A para restablecer el cierre de la tapa y la brida del motor n\u00ba 3<\/p>","protected":false},"featured_media":9670280,"template":"","meta":[],"product_brand":[],"product_cat":[702],"product_tag":[2863,2864,1631,2647,65,478],"class_list":{"0":"post-670413","1":"product","2":"type-product","3":"status-publish","4":"has-post-thumbnail","6":"product_cat-ricambi-botta-greenwood-imperia-monferrina-paini-reber","7":"product_tag-1041a","8":"product_tag-gomma","9":"product_tag-guarnizione","10":"product_tag-motori-n-3","11":"product_tag-reber","12":"product_tag-ricambio","13":"product_shipping_class-pe","15":"first","16":"instock","17":"taxable","18":"shipping-taxable","19":"purchasable","20":"product-type-simple"},"_links":{"self":[{"href":"https:\/\/www.elettrowebstore.com\/es\/wp-json\/wp\/v2\/product\/670413","targetHints":{"allow":["GET"]}}],"collection":[{"href":"https:\/\/www.elettrowebstore.com\/es\/wp-json\/wp\/v2\/product"}],"about":[{"href":"https:\/\/www.elettrowebstore.com\/es\/wp-json\/wp\/v2\/types\/product"}],"wp:featuredmedia":[{"embeddable":true,"href":"https:\/\/www.elettrowebstore.com\/es\/wp-json\/wp\/v2\/media\/9670280"}],"wp:attachment":[{"href":"https:\/\/www.elettrowebstore.com\/es\/wp-json\/wp\/v2\/media?parent=670413"}],"wp:term":[{"taxonomy":"product_brand","embeddable":true,"href":"https:\/\/www.elettrowebstore.com\/es\/wp-json\/wp\/v2\/product_brand?post=670413"},{"taxonomy":"product_cat","embeddable":true,"href":"https:\/\/www.elettrowebstore.com\/es\/wp-json\/wp\/v2\/product_cat?post=670413"},{"taxonomy":"product_tag","embeddable":true,"href":"https:\/\/www.elettrowebstore.com\/es\/wp-json\/wp\/v2\/product_tag?post=670413"}],"curies":[{"name":"wp","href":"https:\/\/api.w.org\/{rel}","templated":true}]}}