{"id":670337,"date":"2023-10-29T08:46:24","date_gmt":"2023-10-29T07:46:24","guid":{"rendered":"https:\/\/www.elettrowebstore.com\/?post_type=product&#038;p=670337"},"modified":"2025-04-16T12:21:48","modified_gmt":"2025-04-16T10:21:48","slug":"reber-serie-tre-ingranaggi-nylon-e-fibra-carbonio-1020serpl","status":"publish","type":"product","link":"https:\/\/www.elettrowebstore.com\/es\/shop\/reber-set-tres-velocidades-nylon-y-fibra-de-carbono-1020serpl\/","title":{"rendered":"Juego de tres velocidades Reber de nylon y fibra de carbono 1020SERPL"},"content":{"rendered":"<h2><strong>Juego de tres velocidades Reber de nylon y fibra de carbono c\u00f3digo 1020SERPL<\/strong><\/h2>\n<p>El juego de tres engranajes de nylon y fibra de carbono 1020SERPL de Reber permite sustituir los engranajes de aluminio, incluidos en los motorreductores de 500 y 600 vatios de Reber, por engranajes de nylon menos ruidosos con refuerzo de fibra de carbono.<\/p>\n<p>Se trata de un kit f\u00e1cil de instalar, que se adquiere cuando es necesario sustituir los engranajes viejos porque el motor pierde potencia o se ha vuelto demasiado ruidoso. De hecho, esto ocurre cuando los dientes de los engranajes se rompen, lo que, adem\u00e1s del ruido, provoca una p\u00e9rdida de velocidad del motor y de transmisi\u00f3n de potencia. <strong>Este kit contiene 3 engranajes: los engranajes mediano y grande est\u00e1n fabricados en nailon y fibra de carbono, mientras que el engranaje peque\u00f1o es de aluminio.<\/strong>.<\/p>\n<p><strong>\u00a1ATENCI\u00d3N! Este kit de 3 marchas es espec\u00edfico para motorreductores Reber n\u00ba 5 de 500 y 600 vatios. No se recomienda su uso con motorreductores de 1200 vatios y NO es compatible con motorreductores de 400\/450 vatios del n\u00ba 3.<\/strong><\/p>\n<p>Estos engranajes, una vez montados, deben estar bien engrasados para evitar que se da\u00f1en al girar y para reducir el ruido y evitar que se oxiden. Para ello puede adquirir el<a href=\"https:\/\/www.elettrowebstore.com\/shop\/reber-flacone-olio-lubrificante-per-motori-long-life-1073a\/\"><strong>aceite adecuado disponible en nuestro sitio<\/strong><\/a>.<\/p>\n<h2><\/h2>\n<h2><strong>Especificaciones t\u00e9cnicas de la serie Reber de tres engranajes de nailon y fibra de carbono 1020SERPL<br \/>\n<\/strong><\/h2>\n<p>A continuaci\u00f3n se detallan las principales caracter\u00edsticas de la serie 1020SERPL de Reber de tres velocidades de nailon y fibra de carbono:<\/p>\n<ul>\n<li>Kit compuesto por 3 marchas: mediana y grande <strong>en nailon y fibra de carbono<\/strong>el peque\u00f1o de <strong>aluminio<\/strong><\/li>\n<li>Compatible con motorreductores REBER n\u00ba 5 de 500 y 600 vatios<\/li>\n<li>Dimensiones del engranaje: grande cm. 10x10xh.6.5; mediano cm. 10x10xh.5.5; peque\u00f1o cm. 3.5\u00d73.5xh.1.7; di\u00e1metro de la arandela cm. 2.4<\/li>\n<li><strong>Se recomienda NO aplicar a motores de 1200 W<\/strong>debido a su elevada potencia, lo que podr\u00eda provocar un desgaste m\u00e1s r\u00e1pido de los engranajes. Para estos se recomienda en cambio instalar <a href=\"https:\/\/www.elettrowebstore.com\/shop\/reber-serie-tre-ingranaggi-acciaio-codice-1021ser\/\" target=\"_blank\" rel=\"noopener\"><strong>engranajes de acero c\u00f3digo 1021SER<\/strong><\/a> cuando se somete a una tensi\u00f3n especial<\/li>\n<li>C\u00f3digos de motor compatibles: 9601N - MOTOR-REDUCTOR HP 0,40; 9602N - MOTOR-REDUCTOR HP 0,80; 9601NSP - MOTOR-REDUCTOR HP. 0,40 - 500 W SP CON CARCASA DE ACERO INOXIDABLE; 9602NSP - MOTOR-REDUCTOR HP. 0,80 - 600 W SP CON CARCASA DE ACERO INOXIDABLE;<\/li>\n<li>Tambi\u00e9n est\u00e1n disponibles <a href=\"https:\/\/www.elettrowebstore.com\/shop\/reber-serie-3-ingranaggi-motori-grandi-in-alluminio-zama-1020ser\/\" target=\"_blank\" rel=\"noopener\"><strong>en esta p\u00e1gina engranajes de aluminio (zamak)<\/strong><\/a><\/li>\n<\/ul>\n<p>&nbsp;<\/p>\n<h2><strong>Informaci\u00f3n sobre el producto REBER<\/strong><\/h2>\n<p><a href=\"http:\/\/www.rebersrl.it\"><strong>REBER<\/strong> <\/a>es l\u00edder en Italia y en el extranjero en la producci\u00f3n y distribuci\u00f3n de art\u00edculos para el hogar y para profesionales. De hecho, sus art\u00edculos est\u00e1n espec\u00edficamente dise\u00f1ados para disponer de productos de gran fiabilidad en el hogar o el taller, pensados para durar mucho tiempo.<\/p>\n<p>Adem\u00e1s, todos los motores y accesorios cumplen siempre todas las normativas aplicables, tanto en materia de tecnolog\u00eda de fabricaci\u00f3n como de contacto de los alimentos con los materiales.<\/p>\n<p>De hecho, todos los art\u00edculos REBER van acompa\u00f1ados de una declaraci\u00f3n de conformidad. Por lo tanto, \u00a1garantizan siempre la m\u00e1xima satisfacci\u00f3n de todos los usuarios!<\/p>\n<p>&nbsp;<\/p>\n<h2><strong>Garant\u00eda<\/strong><\/h2>\n<p>El producto est\u00e1 cubierto por <a href=\"https:\/\/www.elettrowebstore.com\/due-anni-di-garanzia-su-ogni-prodotto-acquistato\/\"><strong>garant\u00eda legal<\/strong><\/a>seg\u00fan la p\u00e1gina correspondiente de nuestro sitio web, que le invitamos a leer. Tambi\u00e9n proporcionamos informaci\u00f3n clara sobre el ejercicio de la <a href=\"https:\/\/www.elettrowebstore.com\/diritto-di-recesso-restituzione-prodotti\/\"><strong>derecho de retractaci\u00f3n<\/strong><\/a>.<\/p>\n<p>Para facilitar el ejercicio de este derecho, el fabricante dispone de Centros de Asistencia T\u00e9cnica autorizados en todo el territorio nacional.<\/p>\n<p>Encontrar\u00e1 m\u00e1s informaci\u00f3n sobre la legislaci\u00f3n pertinente en el sitio web de la<a href=\"http:\/\/www.agcm.it\/consumatore\/decalogo\/5102-garanzia-del-venditore-guida-per-il-consumatore.html\"><strong>Autoridad de Competencia y Mercado<\/strong><\/a>.<\/p>\n<p>Con el fin de mejorar la calidad del producto, el fabricante se reserva el derecho de modificar los materiales y las caracter\u00edsticas t\u00e9cnicas del art\u00edculo sin previo aviso.  Adem\u00e1s, las descripciones e im\u00e1genes que aqu\u00ed se ofrecen son, por tanto, orientativas y pueden variar ligeramente respecto al producto final.<\/p>\n<p>&nbsp;<\/p>\n<h2><strong>Plazo de entrega<\/strong><\/h2>\n<p>En general, este producto est\u00e1 disponible para su entrega inmediata. De hecho, se puede pedir de inmediato y es enviado por ElettroWebStore dentro de 2 d\u00edas h\u00e1biles a partir de la fecha de compra.<\/p>\n<p>&nbsp;<\/p>\n<h2><strong>Formas de pago aceptadas<\/strong><\/h2>\n<p><strong>En el sitio web de ElettroWebStore puede pagar con todos los m\u00e9todos habituales<\/strong>tanto espec\u00edficas de Internet (como las tarjetas prepago) como tradicionales (como las tarjetas de cr\u00e9dito cl\u00e1sicas).<\/p>\n<p>En ning\u00fan caso <a href=\"http:\/\/www.elettrowebstore.com\"><strong>ElettroWebStore<\/strong><\/a> gestionar los datos de sus tarjetas de pago o darse cuenta de ellos. De hecho <a href=\"http:\/\/www.elettrowebstore.com\"><strong>ElettroWebStore<\/strong><\/a> s\u00f3lo ver\u00e1 si el pago se ha efectuado o no.<\/p>\n<p>Nuestro sitio utiliza protocolos HTTPS, que garantizan un alto nivel de seguridad para los usuarios.<\/p>","protected":false},"excerpt":{"rendered":"<p>Reber serie tres engranajes de nylon y fibra de carbono 1020SERPL adecuados para sustituir a los originales de aluminio. Reducen el ruido<\/p>","protected":false},"featured_media":723358,"template":"","meta":[],"product_brand":[],"product_cat":[273,17],"product_tag":[2768,2769,460,461,462,1607,65,478],"class_list":{"0":"post-670337","1":"product","2":"type-product","3":"status-publish","4":"has-post-thumbnail","6":"product_cat-accessori-per-reber","7":"product_cat-casalinghi-cura-casa","8":"product_tag-1020serpl","9":"product_tag-fibra-di-carbonio","10":"product_tag-ingranaggio","11":"product_tag-kit-ingranaggi","12":"product_tag-motori-n-5","13":"product_tag-nylon","14":"product_tag-reber","15":"product_tag-ricambio","16":"product_shipping_class-pe","18":"first","19":"instock","20":"taxable","21":"shipping-taxable","22":"purchasable","23":"product-type-simple"},"_links":{"self":[{"href":"https:\/\/www.elettrowebstore.com\/es\/wp-json\/wp\/v2\/product\/670337","targetHints":{"allow":["GET"]}}],"collection":[{"href":"https:\/\/www.elettrowebstore.com\/es\/wp-json\/wp\/v2\/product"}],"about":[{"href":"https:\/\/www.elettrowebstore.com\/es\/wp-json\/wp\/v2\/types\/product"}],"wp:featuredmedia":[{"embeddable":true,"href":"https:\/\/www.elettrowebstore.com\/es\/wp-json\/wp\/v2\/media\/723358"}],"wp:attachment":[{"href":"https:\/\/www.elettrowebstore.com\/es\/wp-json\/wp\/v2\/media?parent=670337"}],"wp:term":[{"taxonomy":"product_brand","embeddable":true,"href":"https:\/\/www.elettrowebstore.com\/es\/wp-json\/wp\/v2\/product_brand?post=670337"},{"taxonomy":"product_cat","embeddable":true,"href":"https:\/\/www.elettrowebstore.com\/es\/wp-json\/wp\/v2\/product_cat?post=670337"},{"taxonomy":"product_tag","embeddable":true,"href":"https:\/\/www.elettrowebstore.com\/es\/wp-json\/wp\/v2\/product_tag?post=670337"}],"curies":[{"name":"wp","href":"https:\/\/api.w.org\/{rel}","templated":true}]}}