{"id":6657,"date":"2019-03-12T17:45:30","date_gmt":"2019-03-12T16:45:30","guid":{"rendered":"https:\/\/www.elettrowebstore.com\/?post_type=product&#038;p=6657"},"modified":"2021-04-14T16:07:28","modified_gmt":"2021-04-14T14:07:28","slug":"portovenere-tavolo-6-sedie-dining-set-dsa10","status":"publish","type":"product","link":"https:\/\/www.elettrowebstore.com\/es\/shop\/portovenere-mesa-6-sillas-juego-de-comedor-dsa10\/","title":{"rendered":"Juego de comedor Portovenere mesa + 6 sillas DSA10"},"content":{"rendered":"<h2><strong>Juego de comedor Portovenere mesa + 6 sillas DSA10<\/strong><\/h2>\n<p>El juego de comedor Portovenere mesa + 6 sillas DSA10 es una composici\u00f3n de exterior formada por una mesa y seis sillas. <span class=\"fontstyle0\">El estilo moderno de los productos de mobiliario de aluminio combina a la perfecci\u00f3n con el uso de cuerda, para un nuevo dise\u00f1o de l\u00edneas suaves.<\/span><\/p>\n<p><img loading=\"lazy\" decoding=\"async\" class=\"aligncenter wp-image-6720\" src=\"https:\/\/www.elettrowebstore.com\/EWS_Store\/wp-content\/uploads\/2020\/04\/greenwood-set-portovenere-alluminio-corda-sedie-tavolo-DSA10-1.jpg\" alt=\"Juego de comedor Portovenere mesa + 6 sillas DSA10\" width=\"800\" height=\"640\" srcset=\"https:\/\/www.elettrowebstore.com\/EWS_Store\/wp-content\/uploads\/greenwood-set-portovenere-alluminio-corda-sedie-tavolo-DSA10-1.jpg 1280w, https:\/\/www.elettrowebstore.com\/EWS_Store\/wp-content\/uploads\/greenwood-set-portovenere-alluminio-corda-sedie-tavolo-DSA10-1-600x480.jpg 600w, https:\/\/www.elettrowebstore.com\/EWS_Store\/wp-content\/uploads\/greenwood-set-portovenere-alluminio-corda-sedie-tavolo-DSA10-1-768x614.jpg 768w\" sizes=\"auto, (max-width: 800px) 100vw, 800px\" \/><\/p>\n<p>&nbsp;<\/p>\n<h2><strong>Descripci\u00f3n Juego de comedor Portovenere mesa + 6 sillas DSA10<\/strong><\/h2>\n<p>El conjunto Portovenere se compone de una c\u00f3moda mesa y seis sillones. Esta composici\u00f3n solo puede adquirirse como se muestra en la foto, es decir, compuesta por la mesa y las sillas.<\/p>\n<p>En <strong>tabla<\/strong> tiene un tablero de 160 cent\u00edmetros de ancho y 90 cent\u00edmetros de profundidad, con una altura desde el suelo de 74 cent\u00edmetros. Es una mesa fabricada \u00edntegramente en aluminio. De hecho, tanto las patas como el tablero son de este noble material, que no se oxida. El tablero tiene las esquinas redondeadas y el perfil superior tambi\u00e9n es de aluminio. El acabado del tablero es de un tranquilo color efecto madera, suave al tacto. Las patas est\u00e1n pintadas en blanco mate. El acabado mate, no brillante, es moderno y fresco, y garantiza una excelente combinaci\u00f3n de colores con la encimera y los asientos.<\/p>\n<p><img loading=\"lazy\" decoding=\"async\" class=\"aligncenter wp-image-6718\" src=\"https:\/\/www.elettrowebstore.com\/EWS_Store\/wp-content\/uploads\/2020\/04\/greenwood-set-portovenere-alluminio-corda-sedie-tavolo-DSA10-3.jpg\" alt=\"Juego de comedor Portovenere mesa + 6 sillas DSA10\" width=\"640\" height=\"800\" srcset=\"https:\/\/www.elettrowebstore.com\/EWS_Store\/wp-content\/uploads\/greenwood-set-portovenere-alluminio-corda-sedie-tavolo-DSA10-3.jpg 1024w, https:\/\/www.elettrowebstore.com\/EWS_Store\/wp-content\/uploads\/greenwood-set-portovenere-alluminio-corda-sedie-tavolo-DSA10-3-600x750.jpg 600w, https:\/\/www.elettrowebstore.com\/EWS_Store\/wp-content\/uploads\/greenwood-set-portovenere-alluminio-corda-sedie-tavolo-DSA10-3-768x960.jpg 768w\" sizes=\"auto, (max-width: 640px) 100vw, 640px\" \/><\/p>\n<p>Le <strong>seis sillas<\/strong>Con forma de sill\u00f3n, tienen 61 cent\u00edmetros de profundidad y 78 cent\u00edmetros de altura (hasta el final del respaldo), mientras que la anchura del asiento es de 60 cent\u00edmetros. Las patas y el armaz\u00f3n inferior de estas sillas tambi\u00e9n son de aluminio blanco mate, del mismo tono que las de la mesa. El tapizado superior y el respaldo son de elegantes cuerdas de fibra sint\u00e9tica. No temen a los agentes atmosf\u00e9ricos gracias a su composici\u00f3n pl\u00e1stica. Son bastante el\u00e1sticas y garantizan un asiento c\u00f3modo.<\/p>\n<p><img loading=\"lazy\" decoding=\"async\" class=\"aligncenter wp-image-6719\" src=\"https:\/\/www.elettrowebstore.com\/EWS_Store\/wp-content\/uploads\/2020\/04\/greenwood-set-portovenere-alluminio-corda-sedie-tavolo-DSA10-2.jpg\" alt=\"Juego de comedor Portovenere mesa + 6 sillas DSA10\" width=\"640\" height=\"800\" srcset=\"https:\/\/www.elettrowebstore.com\/EWS_Store\/wp-content\/uploads\/greenwood-set-portovenere-alluminio-corda-sedie-tavolo-DSA10-2.jpg 1024w, https:\/\/www.elettrowebstore.com\/EWS_Store\/wp-content\/uploads\/greenwood-set-portovenere-alluminio-corda-sedie-tavolo-DSA10-2-600x750.jpg 600w, https:\/\/www.elettrowebstore.com\/EWS_Store\/wp-content\/uploads\/greenwood-set-portovenere-alluminio-corda-sedie-tavolo-DSA10-2-768x960.jpg 768w\" sizes=\"auto, (max-width: 640px) 100vw, 640px\" \/><\/p>\n<p>En el precio se incluyen los cojines del asiento y del respaldo, en color ceniza y en el mismo tono que se muestra en la foto. Los cojines son desenfundables para facilitar su limpieza.<\/p>\n<p>El juego de comedor Portovenere mesa + 6 sillas DSA10 har\u00e1 que su espacio exterior sea \u00fanico, \u00a1con gusto y refinamiento!<\/p>\n<p>\u00bfQuiere proteger su mesa de las inclemencias del tiempo? \u00bfRefugiarla de los elementos? Considere la posibilidad de comprar una <strong><a href=\"https:\/\/www.elettrowebstore.com\/shop\/cover-protettiva-per-tavolo-cvt01\/\">cubierta protectora<\/a><\/strong>especialmente dise\u00f1ado para conservar sus muebles de exterior.<\/p>\n<p>&nbsp;<\/p>\n<h2><strong>Especificaciones t\u00e9cnicas<\/strong><\/h2>\n<ul>\n<li><span class=\"fontstyle0\">6 sillas cm. 60 x 61 x h. 78 de aluminio blanco y cuerda gris<\/span><\/li>\n<li>Cojines de s<span class=\"fontstyle0\">y respaldos en color ceniza con fundas extra\u00edbles <\/span><\/li>\n<li>T<span class=\"fontstyle0\">avolo cm. 160 x 90 x h. 74 en aluminio con encimera efecto madera gris claro y patas blancas<\/span><\/li>\n<li>El juego de comedor viene en un kit de montaje<\/li>\n<li>Env\u00edo compuesto por 4 paquetes; peso total kg 56,6<\/li>\n<li>Pr\u00e1ctico y vers\u00e1til<\/li>\n<li>Robusto y resistente<\/li>\n<li>Asientos c\u00f3modos<\/li>\n<li>F\u00e1cil limpieza<\/li>\n<li>Fabricado en China<\/li>\n<\/ul>\n<p><img loading=\"lazy\" decoding=\"async\" class=\"aligncenter wp-image-6672\" src=\"https:\/\/www.elettrowebstore.com\/EWS_Store\/wp-content\/uploads\/2020\/04\/salottino-dining-set-portovenere-DSA10_4.jpg\" alt=\"Juego de comedor Portovenere mesa + 6 sillas DSA10\" width=\"800\" height=\"488\" srcset=\"https:\/\/www.elettrowebstore.com\/EWS_Store\/wp-content\/uploads\/salottino-dining-set-portovenere-DSA10_4.jpg 1024w, https:\/\/www.elettrowebstore.com\/EWS_Store\/wp-content\/uploads\/salottino-dining-set-portovenere-DSA10_4-600x366.jpg 600w, https:\/\/www.elettrowebstore.com\/EWS_Store\/wp-content\/uploads\/salottino-dining-set-portovenere-DSA10_4-768x468.jpg 768w\" sizes=\"auto, (max-width: 800px) 100vw, 800px\" \/><\/p>\n<p>&nbsp;<\/p>\n<h2><strong>Detalles de la <\/strong><strong>Juego de comedor Portovenere DSA10<\/strong><\/h2>\n<p>El producto se suministra <strong>en kit<\/strong>. El montaje del juego de comedor Portovenere mesa + 6 sillas DSA10 es responsabilidad del cliente. Todas las piezas necesarias est\u00e1n incluidas en el paquete. Si faltara alguna pieza peque\u00f1a (esto puede ocurrir raramente), se puede encontrar f\u00e1cilmente en ferreter\u00edas.<\/p>\n<p>El Juego de Comedor Portovenere DSA10 es de aluminio pintado, por lo que es conveniente no utilizar detergentes que contengan lej\u00eda y \u00e1cido clorh\u00eddrico para su limpieza, ya que podr\u00edan da\u00f1ar la superficie. Por lo tanto, aplique detergentes no abrasivos adecuados para este material.<\/p>\n<p>&nbsp;<\/p>\n<h2><strong>Garant\u00eda<\/strong><\/h2>\n<p>El producto est\u00e1 cubierto por <a href=\"https:\/\/www.elettrowebstore.com\/due-anni-di-garanzia-su-ogni-prodotto-acquistato\/\"><strong>garant\u00eda legal<\/strong><\/a>seg\u00fan la p\u00e1gina correspondiente de nuestro sitio web, que le invitamos a leer. Tambi\u00e9n proporcionamos informaci\u00f3n clara sobre el ejercicio de la <a href=\"https:\/\/www.elettrowebstore.com\/diritto-di-recesso-restituzione-prodotti\/\"><strong>derecho de retractaci\u00f3n<\/strong><\/a>.<\/p>\n<p>No existen Centros de Asistencia T\u00e9cnica Autorizados (CAT) en el territorio nacional para los productos de mobiliario de jard\u00edn. La instalaci\u00f3n de los productos y de las piezas de recambio es responsabilidad exclusiva del comprador.<\/p>\n<p><strong>Los productos de mobiliario de exterior, aunque est\u00e1n dise\u00f1ados para estar al aire libre, tambi\u00e9n necesitan cuidados y atenci\u00f3n<\/strong>especialmente en el caso de art\u00edculos fabricados con materiales delicados. Por lo tanto, comprar un producto de jard\u00edn no significa comprar un art\u00edculo indestructible o que no necesite mantenimiento. Al contrario, algunos materiales como maderas, resinas, acero no galvanizado requieren cuidados, limpieza, atenci\u00f3n. Art\u00edculos como sombrillas y cenadores exigen evitar el efecto vela cuando hace mal tiempo (las sombrillas deben estar cerradas). En caso de fuertes lluvias o nevadas, las estructuras pueden no ser lo bastante resistentes para soportarlo.<\/p>\n<p>Por lo tanto, antes de comprar, instamos a todos los clientes a que eval\u00faen detenidamente sus necesidades y las cualidades del producto.<\/p>\n<p>De hecho, ni los fabricantes ni ElettroWebStore pueden sustituir en garant\u00eda o servicio art\u00edculos que, aunque hayan sido comprados recientemente, est\u00e9n desgastados o se hayan deteriorado respecto a su estado original.<\/p>\n<p>Encontrar\u00e1 m\u00e1s informaci\u00f3n sobre la legislaci\u00f3n pertinente en el sitio web de la<a href=\"http:\/\/www.agcm.it\/consumatore\/decalogo\/5102-garanzia-del-venditore-guida-per-il-consumatore.html\"><strong>Autoridad de Competencia y Mercado<\/strong><\/a>.<\/p>\n<p>Con el fin de mejorar la calidad del producto, el fabricante se reserva el derecho de modificar los materiales y las caracter\u00edsticas t\u00e9cnicas del art\u00edculo sin previo aviso.  Adem\u00e1s, las descripciones e im\u00e1genes que aqu\u00ed se ofrecen son, por tanto, orientativas y pueden variar ligeramente respecto al producto final.<\/p>\n<p>&nbsp;<\/p>\n<h2><strong>Plazo de entrega y disponibilidad de los productos<br \/>\n<\/strong><\/h2>\n<p>Los productos de mobiliario de exterior son importados. Su disponibilidad puede variar sin previo aviso, aunque en el sitio web se indique que los productos est\u00e1n disponibles. Por esta raz\u00f3n, en caso de urgencia o de informaci\u00f3n m\u00e1s detallada, le invitamos a <a href=\"https:\/\/www.elettrowebstore.com\/contatta-lo-staff-di-elettrowebstore\/\"><strong>p\u00f3ngase en contacto con nosotros por correo electr\u00f3nico<\/strong><\/a> para m\u00e1s aclaraciones.<\/p>\n<p>Si el producto est\u00e1 disponible para entrega inmediata en uno de nuestros almacenes, se puede pedir inmediatamente. A continuaci\u00f3n, se env\u00eda desde ElettroWebStore<strong> en un plazo de 30 d\u00edas laborables a partir de la fecha de compra<\/strong>.<\/p>\n<p>Adem\u00e1s, todos los env\u00edos de ElettroWebStore est\u00e1n exentos de gastos de env\u00edo.<\/p>\n<p>Adem\u00e1s de los transportistas mencionados a continuaci\u00f3n, ElettroWebStore tambi\u00e9n utiliza otros transportistas de \u00e1mbito nacional con corresponsales locales para el env\u00edo de art\u00edculos de gran volumen. Estos \u00faltimos suelen estar especializados en el env\u00edo y la entrega de art\u00edculos voluminosos, ya que disponen de corresponsales locales espec\u00edficos en el territorio nacional.<\/p>\n<p>Se lo recordamos:<\/p>\n<ol>\n<li>Las mercanc\u00edas se entregan en la planta baja que da a la calle. No hay entrega en el suelo a menos que se acuerde espec\u00edficamente con ElettroWebStore;<\/li>\n<li>Teniendo en cuenta el volumen de muchos art\u00edculos de mobiliario de exterior, siempre es una buena idea evaluar cuidadosamente los paquetes antes de descargarlos, anotando en el documento de transporte o en la terminal del transportista cualquier defecto externo del producto.<\/li>\n<\/ol>\n<p><a href=\"https:\/\/www.elettrowebstore.com\/spedizioni-consegne-prodotti-italia-estero\/\"><img loading=\"lazy\" decoding=\"async\" class=\"aligncenter wp-image-5149 size-full\" src=\"https:\/\/www.elettrowebstore.com\/EWS_Store\/wp-content\/uploads\/2020\/04\/elettrowebstore-spedizione-con-corrieri-brt-sda-dhl_n75nxd.jpg\" alt=\"ElettroWebStore env\u00eda con mensajer\u00eda r\u00e1pida BRT SDA DHL\" width=\"649\" height=\"175\" srcset=\"https:\/\/www.elettrowebstore.com\/EWS_Store\/wp-content\/uploads\/elettrowebstore-spedizione-con-corrieri-brt-sda-dhl_n75nxd.jpg 649w, https:\/\/www.elettrowebstore.com\/EWS_Store\/wp-content\/uploads\/elettrowebstore-spedizione-con-corrieri-brt-sda-dhl_n75nxd-600x162.jpg 600w\" sizes=\"auto, (max-width: 649px) 100vw, 649px\" \/><\/a><\/p>\n<p>&nbsp;<\/p>\n<h2><strong>Formas de pago aceptadas<\/strong><\/h2>\n<p><strong>En el sitio web de ElettroWebStore puede pagar con todos los m\u00e9todos habituales<\/strong>tanto espec\u00edficas de Internet (como las tarjetas prepago) como tradicionales (como las tarjetas de cr\u00e9dito cl\u00e1sicas).<\/p>\n<p><a href=\"https:\/\/www.elettrowebstore.com\/pagamenti-sicuri-sul-sito-elettrowebstore\/\"><img loading=\"lazy\" decoding=\"async\" class=\"aligncenter size-full wp-image-5151\" src=\"https:\/\/www.elettrowebstore.com\/EWS_Store\/wp-content\/uploads\/2020\/04\/elettrowebstore-pagamenti_berj9q.jpg\" alt=\"Formas de pago aceptadas en el sitio ElettroWebStore\" width=\"649\" height=\"226\" srcset=\"https:\/\/www.elettrowebstore.com\/EWS_Store\/wp-content\/uploads\/elettrowebstore-pagamenti_berj9q.jpg 649w, https:\/\/www.elettrowebstore.com\/EWS_Store\/wp-content\/uploads\/elettrowebstore-pagamenti_berj9q-600x209.jpg 600w\" sizes=\"auto, (max-width: 649px) 100vw, 649px\" \/><\/a><\/p>\n<p>&nbsp;<\/p>\n<p>Todos los pagos se gestionan a trav\u00e9s del <a href=\"https:\/\/www.paypal.com\/it\/webapps\/mpp\/paypal-safety-and-security\"><strong>Paypal<\/strong><\/a>. Adem\u00e1s, aunque no dispongas de Paypal, puedes pagar sin necesidad de registrarte y guardar tus credenciales. Todo lo que tienes que hacer es introducir tus datos en las p\u00e1ginas de Paypal.<\/p>\n<p>En ning\u00fan caso <a href=\"http:\/\/www.elettrowebstore.com\"><strong>ElettroWebStore<\/strong><\/a> gestionar los datos de sus tarjetas de pago o darse cuenta de ellos. De hecho <a href=\"http:\/\/www.elettrowebstore.com\"><strong>ElettroWebStore<\/strong><\/a> s\u00f3lo ver\u00e1 si el pago se ha efectuado o no.<\/p>\n<p>Nuestro sitio utiliza protocolos HTTPS, que garantizan un alto nivel de seguridad para los usuarios.<\/p>","protected":false},"excerpt":{"rendered":"<p>Portovenere mesa + 6 sillas juego de comedor DSA10 con mesa 160\u00d790 cm y seis sillas de cuerda, todo en aluminio. Cojines de color ceniza desenfundables. <span class=\"fontstyle0\"><span style=\"color: #ff0000\"><strong>Env\u00edo gratuito incluido.<\/strong><\/span><br \/>\n<\/span><\/p>","protected":false},"featured_media":6720,"template":"","meta":[],"product_brand":[],"product_cat":[18],"product_tag":[387,838,816,335,338,818,840,839,820,822,328,821],"class_list":{"0":"post-6657","1":"product","2":"type-product","3":"status-publish","4":"has-post-thumbnail","6":"product_cat-arredo_giardino_esterno_outdoor","7":"product_tag-alluminio","8":"product_tag-dining-set","9":"product_tag-dsa10","10":"product_tag-esterno","11":"product_tag-giardino","12":"product_tag-outdoor","13":"product_tag-poltroncine","14":"product_tag-porto-venere","15":"product_tag-portovenere","16":"product_tag-sedie","17":"product_tag-set","18":"product_tag-tavolo","19":"product_shipping_class-garden","21":"first","22":"outofstock","23":"sale","24":"taxable","25":"shipping-taxable","26":"purchasable","27":"product-type-simple"},"_links":{"self":[{"href":"https:\/\/www.elettrowebstore.com\/es\/wp-json\/wp\/v2\/product\/6657","targetHints":{"allow":["GET"]}}],"collection":[{"href":"https:\/\/www.elettrowebstore.com\/es\/wp-json\/wp\/v2\/product"}],"about":[{"href":"https:\/\/www.elettrowebstore.com\/es\/wp-json\/wp\/v2\/types\/product"}],"wp:featuredmedia":[{"embeddable":true,"href":"https:\/\/www.elettrowebstore.com\/es\/wp-json\/wp\/v2\/media\/6720"}],"wp:attachment":[{"href":"https:\/\/www.elettrowebstore.com\/es\/wp-json\/wp\/v2\/media?parent=6657"}],"wp:term":[{"taxonomy":"product_brand","embeddable":true,"href":"https:\/\/www.elettrowebstore.com\/es\/wp-json\/wp\/v2\/product_brand?post=6657"},{"taxonomy":"product_cat","embeddable":true,"href":"https:\/\/www.elettrowebstore.com\/es\/wp-json\/wp\/v2\/product_cat?post=6657"},{"taxonomy":"product_tag","embeddable":true,"href":"https:\/\/www.elettrowebstore.com\/es\/wp-json\/wp\/v2\/product_tag?post=6657"}],"curies":[{"name":"wp","href":"https:\/\/api.w.org\/{rel}","templated":true}]}}