{"id":6604,"date":"2019-03-08T07:07:18","date_gmt":"2019-03-08T06:07:18","guid":{"rendered":"https:\/\/www.elettrowebstore.com\/?post_type=product&#038;p=6604"},"modified":"2021-01-18T12:45:14","modified_gmt":"2021-01-18T11:45:14","slug":"xtreme-stand-metallo-supporto-volante-pedaliera-90457","status":"publish","type":"product","link":"https:\/\/www.elettrowebstore.com\/es\/shop\/xtreme-stand-soporte-metalico-para-pedales-de-volante-90457\/","title":{"rendered":"Soporte de pedal met\u00e1lico XTREME 90457"},"content":{"rendered":"<h2><strong>Soporte de pedal met\u00e1lico XTREME 90457<\/strong><\/h2>\n<p style=\"text-align: left\">El Soporte Met\u00e1lico para Volante XTREME 90457 le permite anclar f\u00e1cilmente su volante y conjunto de pedales. De hecho, este producto ofrece una pr\u00e1ctica base de apoyo totalmente ajustable para el volante y el juego de pedales. <strong>El volante y los pedales no est\u00e1n incluidos.<\/strong> Este anuncio s\u00f3lo se refiere al soporte met\u00e1lico para apoyarlos. Volante y juego de pedales deben adquirirse por separado.<\/p>\n<p><img loading=\"lazy\" decoding=\"async\" class=\"aligncenter wp-image-6610\" src=\"https:\/\/www.elettrowebstore.com\/EWS_Store\/wp-content\/uploads\/2020\/04\/xtreme-supporto-gaming-volante-pedaliera-jarama-_cockpit-foldable-90457-1.jpg\" alt=\"XTREME soporte metal volante pedestal 90457 juego cabina plegable jarama\" width=\"640\" height=\"800\" srcset=\"https:\/\/www.elettrowebstore.com\/EWS_Store\/wp-content\/uploads\/xtreme-supporto-gaming-volante-pedaliera-jarama-_cockpit-foldable-90457-1.jpg 1024w, https:\/\/www.elettrowebstore.com\/EWS_Store\/wp-content\/uploads\/xtreme-supporto-gaming-volante-pedaliera-jarama-_cockpit-foldable-90457-1-600x750.jpg 600w, https:\/\/www.elettrowebstore.com\/EWS_Store\/wp-content\/uploads\/xtreme-supporto-gaming-volante-pedaliera-jarama-_cockpit-foldable-90457-1-768x960.jpg 768w\" sizes=\"auto, (max-width: 640px) 100vw, 640px\" \/><\/p>\n<p>Este juego completo de volante y pedales est\u00e1 fabricado por XTREME y tiene el nombre comercial de <strong>Jarama plegable juego de pie coockpit<\/strong>.<\/p>\n<p>El punto fuerte de este producto es la posibilidad de colocar con precisi\u00f3n el volante y el juego de pedales seg\u00fan la conformaci\u00f3n f\u00edsica y la posici\u00f3n de juego de cada uno.<\/p>\n<p>\u00bfCu\u00e1ntas veces te ha costado jugar con el volante y los pedales? \u00bfD\u00f3nde los pongo? \u00bfC\u00f3mo los sujeto? \u00bfSe mueven durante el juego? \u00bfEs inc\u00f3moda la posici\u00f3n? \u00bfCorro el riesgo de da\u00f1ar la superficie de apoyo?<\/p>\n<p>En este caso, el soporte plegable Jarama de Xtreme ofrece una soluci\u00f3n a todas estas cuestiones. De hecho, ofrece una <strong>base de apoyo robusta y ajustable para apoyar y orientar el volante y los pedales<\/strong>.<\/p>\n<p><img loading=\"lazy\" decoding=\"async\" class=\"aligncenter wp-image-6612\" src=\"https:\/\/www.elettrowebstore.com\/EWS_Store\/wp-content\/uploads\/2020\/04\/xtreme-supporto-gaming-volante-pedaliera-jarama-_cockpit-foldable-90457-2.jpg\" alt=\"XTREME soporte metal volante pedestal 90457 juego cabina plegable jarama\" width=\"800\" height=\"640\" srcset=\"https:\/\/www.elettrowebstore.com\/EWS_Store\/wp-content\/uploads\/xtreme-supporto-gaming-volante-pedaliera-jarama-_cockpit-foldable-90457-2.jpg 1280w, https:\/\/www.elettrowebstore.com\/EWS_Store\/wp-content\/uploads\/xtreme-supporto-gaming-volante-pedaliera-jarama-_cockpit-foldable-90457-2-600x480.jpg 600w, https:\/\/www.elettrowebstore.com\/EWS_Store\/wp-content\/uploads\/xtreme-supporto-gaming-volante-pedaliera-jarama-_cockpit-foldable-90457-2-768x614.jpg 768w\" sizes=\"auto, (max-width: 800px) 100vw, 800px\" \/><\/p>\n<p>Adem\u00e1s, el producto <strong>f\u00e1cil y completamente resellable<\/strong>como muestran las im\u00e1genes. Tambi\u00e9n permite guardarlo debajo de la cama una vez terminada la sesi\u00f3n de juego.<\/p>\n<p>&nbsp;<\/p>\n<h2><strong>Especificaciones t\u00e9cnicas<\/strong><\/h2>\n<ul>\n<li>de metal robusto y pintado<\/li>\n<li>universal, utilizable con pr\u00e1cticamente todos los principales kits de volante y juego de pedales del mercado<\/li>\n<li>plegable y ocupa poco espacio. Cerrado ocupa menos de 15 cent\u00edmetros<\/li>\n<li>la excursi\u00f3n de los brazos, la bascularidad de la superficie de apoyo permiten posicionar mejor al usuario en relaci\u00f3n con el volante y los pedales<\/li>\n<li>Fabricado de conformidad con la DIRECTIVA 2011\/65\/CE sobre salud y seguridad en el trabajo.<\/li>\n<li>no equipado con bloques de terminales<\/li>\n<li>el producto <strong>debe montarse como se indica en las instrucciones<\/strong>. Dentro del paquete est\u00e1n la estructura met\u00e1lica, la alfombrilla antideslizante y el manual descriptivo. Adem\u00e1s hay descripciones de los componentes y explicaciones de montaje.<img loading=\"lazy\" decoding=\"async\" class=\"aligncenter wp-image-6607\" src=\"https:\/\/www.elettrowebstore.com\/EWS_Store\/wp-content\/uploads\/2020\/04\/xtreme-supporto-gaming-volante-pedaliera-jarama-_cockpit-foldable-90457-3.jpg\" alt=\"XTREME soporte metal volante pedestal 90457 juego cabina plegable jarama\" width=\"640\" height=\"800\" srcset=\"https:\/\/www.elettrowebstore.com\/EWS_Store\/wp-content\/uploads\/xtreme-supporto-gaming-volante-pedaliera-jarama-_cockpit-foldable-90457-3.jpg 1024w, https:\/\/www.elettrowebstore.com\/EWS_Store\/wp-content\/uploads\/xtreme-supporto-gaming-volante-pedaliera-jarama-_cockpit-foldable-90457-3-600x750.jpg 600w, https:\/\/www.elettrowebstore.com\/EWS_Store\/wp-content\/uploads\/xtreme-supporto-gaming-volante-pedaliera-jarama-_cockpit-foldable-90457-3-768x960.jpg 768w\" sizes=\"auto, (max-width: 640px) 100vw, 640px\" \/><\/li>\n<\/ul>\n<p><img loading=\"lazy\" decoding=\"async\" class=\"aligncenter wp-image-6609\" src=\"https:\/\/www.elettrowebstore.com\/EWS_Store\/wp-content\/uploads\/2020\/04\/xtreme-supporto-gaming-volante-pedaliera-jarama-_cockpit-foldable-90457-4.jpg\" alt=\"XTREME soporte metal volante pedestal 90457 juego cabina plegable jarama\" width=\"800\" height=\"640\" srcset=\"https:\/\/www.elettrowebstore.com\/EWS_Store\/wp-content\/uploads\/xtreme-supporto-gaming-volante-pedaliera-jarama-_cockpit-foldable-90457-4.jpg 1280w, https:\/\/www.elettrowebstore.com\/EWS_Store\/wp-content\/uploads\/xtreme-supporto-gaming-volante-pedaliera-jarama-_cockpit-foldable-90457-4-600x480.jpg 600w, https:\/\/www.elettrowebstore.com\/EWS_Store\/wp-content\/uploads\/xtreme-supporto-gaming-volante-pedaliera-jarama-_cockpit-foldable-90457-4-768x614.jpg 768w\" sizes=\"auto, (max-width: 800px) 100vw, 800px\" \/><\/p>\n<h2><strong>M\u00e1s informaci\u00f3n sobre XTREME metal pedal stand 90457<br \/>\n<\/strong><\/h2>\n<p>Para evaluar mejor las caracter\u00edsticas de XTREME metal pedal stand 90457, puedes ver y descargar la ficha t\u00e9cnica de <a href=\"http:\/\/www.playxtreme.it\/Infinity24\/dms\/ariete_web_site\/manuale%20d'uso\/Manuale%2090457.pdf\"><strong>manual t\u00e9cnico de usuario<\/strong><\/a>.<\/p>\n<p>Con el fin de mejorar la calidad del producto, el fabricante se reserva el derecho de modificar los materiales y las especificaciones por motivos t\u00e9cnicos y\/o de producci\u00f3n sin previo aviso. Por tanto, las descripciones e im\u00e1genes que aqu\u00ed se ofrecen son indicativas y pueden variar ligeramente respecto al producto final.<\/p>\n<p>&nbsp;<\/p>\n<h2><strong>Garant\u00eda<\/strong><\/h2>\n<p>XTREME metal pedal stand 90457 es un producto cubierto por la garant\u00eda original italiana del fabricante (v\u00e1lida durante al menos 24 meses, de conformidad con el Decreto Legislativo 24\/2002), si ha sido adquirido por un consumidor.<\/p>\n<p>Durante este periodo, si se produjera un defecto imputable a la garant\u00eda, el producto podr\u00e1 ser devuelto junto con el justificante de compra y el producto ser\u00e1, a criterio del distribuidor, reparado o sustituido sin ning\u00fan coste adicional.<\/p>\n<p>La garant\u00eda no se aplica si el producto resulta da\u00f1ado debido a un uso indebido, uso incorrecto, negligencia, accidente, modificaci\u00f3n, manipulaci\u00f3n o por cualquier motivo no relacionado con defectos en los materiales originales y\/o en la construcci\u00f3n original.<\/p>\n<p>Este producto cumple las directivas 2014\/30 - 2011\/65, las declaraciones est\u00e1n disponibles en <a href=\"http:\/\/www.xtreme.it\"><strong>www.xtreme.it<\/strong><\/a><\/p>\n<p>&nbsp;<\/p>\n<h2><strong>Informaci\u00f3n sobre la marca XTREME<\/strong><\/h2>\n<p><span id=\"htvmp_labelText\" class=\"contentText\"><img loading=\"lazy\" decoding=\"async\" class=\"size-full wp-image-6603 alignleft\" src=\"https:\/\/www.elettrowebstore.com\/EWS_Store\/wp-content\/uploads\/2020\/04\/xtreme-logo.png\" alt=\"xtreme logotipo oficial\" width=\"200\" height=\"100\" \/>En 1995 naci\u00f3 la marca \"Xtreme\", que entr\u00f3 en el mercado de los accesorios y cuya excelente relaci\u00f3n calidad\/precio permanece en la memoria de los consumidores.<\/span><\/p>\n<p><span id=\"htvmp_labelText\" class=\"contentText\">Pasan los a\u00f1os y Xtreme ya est\u00e1 en las estanter\u00edas del comercio especializado y de muchas grandes cadenas de electr\u00f3nica. Desde 2007, tambi\u00e9n est\u00e1 en marcha un importante plan de concesi\u00f3n de licencias, que incluye el desarrollo de productos y operaciones de marketing, y en el que Xtreme desempe\u00f1a un papel protagonista junto a otras marcas de prestigio.<br \/>\n<\/span><\/p>\n<p><span id=\"htvmp_labelText\" class=\"contentText\">A partir de 2012, se introdujeron nuevas l\u00edneas de productos que se alejaban del mundo inicial de los videojuegos y los accesorios para juegos; llegaron los primeros auriculares, cascos, power banks, y se empez\u00f3 a prestar especial atenci\u00f3n a fen\u00f3menos de moda como los drones<\/span>.<\/p>\n<p>&nbsp;<\/p>\n<h2><strong>Plazo de entrega<\/strong><\/h2>\n<p>Este producto est\u00e1 disponible para entrega inmediata en un plazo medio de 2 d\u00edas laborables tras el pedido.<\/p>\n<p><a href=\"https:\/\/www.elettrowebstore.com\/spedizioni-consegne-prodotti-italia-estero\/\"><img loading=\"lazy\" decoding=\"async\" class=\"aligncenter wp-image-5149 size-full\" src=\"https:\/\/www.elettrowebstore.com\/EWS_Store\/wp-content\/uploads\/2020\/04\/elettrowebstore-spedizione-con-corrieri-brt-sda-dhl_n75nxd.jpg\" alt=\"ElettroWebStore env\u00eda con mensajer\u00eda r\u00e1pida BRT SDA DHL\" width=\"649\" height=\"175\" srcset=\"https:\/\/www.elettrowebstore.com\/EWS_Store\/wp-content\/uploads\/elettrowebstore-spedizione-con-corrieri-brt-sda-dhl_n75nxd.jpg 649w, https:\/\/www.elettrowebstore.com\/EWS_Store\/wp-content\/uploads\/elettrowebstore-spedizione-con-corrieri-brt-sda-dhl_n75nxd-600x162.jpg 600w\" sizes=\"auto, (max-width: 649px) 100vw, 649px\" \/><\/a><\/p>\n<p>&nbsp;<\/p>\n<h2><strong>\u00a0Formas de pago aceptadas<\/strong><\/h2>\n<p><strong>En el sitio web de ElettroWebStore puede pagar con todos los m\u00e9todos habituales<\/strong>tanto espec\u00edficas de Internet (como las tarjetas prepago) como tradicionales (como las tarjetas de cr\u00e9dito cl\u00e1sicas).<\/p>\n<p><a href=\"https:\/\/www.elettrowebstore.com\/pagamenti-sicuri-sul-sito-elettrowebstore\/\"><img loading=\"lazy\" decoding=\"async\" class=\"aligncenter size-full wp-image-5151\" src=\"https:\/\/www.elettrowebstore.com\/EWS_Store\/wp-content\/uploads\/2020\/04\/elettrowebstore-pagamenti_berj9q.jpg\" alt=\"Formas de pago aceptadas en el sitio ElettroWebStore\" width=\"649\" height=\"226\" srcset=\"https:\/\/www.elettrowebstore.com\/EWS_Store\/wp-content\/uploads\/elettrowebstore-pagamenti_berj9q.jpg 649w, https:\/\/www.elettrowebstore.com\/EWS_Store\/wp-content\/uploads\/elettrowebstore-pagamenti_berj9q-600x209.jpg 600w\" sizes=\"auto, (max-width: 649px) 100vw, 649px\" \/><\/a><\/p>\n<p>&nbsp;<\/p>\n<p>Todos los pagos se gestionan a trav\u00e9s del <a href=\"https:\/\/www.paypal.com\/it\/webapps\/mpp\/paypal-safety-and-security\"><strong>Paypal<\/strong><\/a>. Adem\u00e1s, aunque no tengas Paypal, puedes pagar sin necesidad de registrarte y guardar tus credenciales. Todo lo que tienes que hacer es introducir tus datos en las p\u00e1ginas de Paypal.<\/p>\n<p>En ning\u00fan caso ElettroWebStore manejar\u00e1 los datos de tu tarjeta de pago ni tendr\u00e1 conocimiento de ellos. De hecho, \u00a1ElettroWebStore solo ver\u00e1 si el pago se ha realizado o no!<\/p>\n<p>Nuestro sitio utiliza protocolos HTTPS, que garantizan un alto nivel de seguridad para los usuarios.<\/p>","protected":false},"excerpt":{"rendered":"<p>XTREME soporte met\u00e1lico para volante y pedales 90457 es una base met\u00e1lica ajustable y plegable para fijar el volante y el juego de pedales para PC y PlayStation<\/p>","protected":false},"featured_media":6610,"template":"","meta":[],"product_brand":[],"product_cat":[57,709],"product_tag":[800,803,795,804,802,805,799,426,763,714,801,728,761,421],"class_list":{"0":"post-6604","1":"product","2":"type-product","3":"status-publish","4":"has-post-thumbnail","6":"product_cat-elettronica","7":"product_cat-gaming","8":"product_tag-base","9":"product_tag-cockpit","10":"product_tag-compatibile","11":"product_tag-foldable","12":"product_tag-game","13":"product_tag-jarama","14":"product_tag-metallo","15":"product_tag-pc","16":"product_tag-pedaliera","17":"product_tag-ps4","18":"product_tag-standing","19":"product_tag-supporto","20":"product_tag-volante","21":"product_tag-xtreme","22":"product_shipping_class-pe","24":"first","25":"outofstock","26":"sale","27":"taxable","28":"shipping-taxable","29":"purchasable","30":"product-type-simple"},"_links":{"self":[{"href":"https:\/\/www.elettrowebstore.com\/es\/wp-json\/wp\/v2\/product\/6604","targetHints":{"allow":["GET"]}}],"collection":[{"href":"https:\/\/www.elettrowebstore.com\/es\/wp-json\/wp\/v2\/product"}],"about":[{"href":"https:\/\/www.elettrowebstore.com\/es\/wp-json\/wp\/v2\/types\/product"}],"wp:featuredmedia":[{"embeddable":true,"href":"https:\/\/www.elettrowebstore.com\/es\/wp-json\/wp\/v2\/media\/6610"}],"wp:attachment":[{"href":"https:\/\/www.elettrowebstore.com\/es\/wp-json\/wp\/v2\/media?parent=6604"}],"wp:term":[{"taxonomy":"product_brand","embeddable":true,"href":"https:\/\/www.elettrowebstore.com\/es\/wp-json\/wp\/v2\/product_brand?post=6604"},{"taxonomy":"product_cat","embeddable":true,"href":"https:\/\/www.elettrowebstore.com\/es\/wp-json\/wp\/v2\/product_cat?post=6604"},{"taxonomy":"product_tag","embeddable":true,"href":"https:\/\/www.elettrowebstore.com\/es\/wp-json\/wp\/v2\/product_tag?post=6604"}],"curies":[{"name":"wp","href":"https:\/\/api.w.org\/{rel}","templated":true}]}}