{"id":6555,"date":"2019-03-07T19:22:33","date_gmt":"2019-03-07T18:22:33","guid":{"rendered":"https:\/\/www.elettrowebstore.com\/?post_type=product&#038;p=6555"},"modified":"2021-01-18T13:14:13","modified_gmt":"2021-01-18T12:14:13","slug":"xtreme-volante-con-pedaliera-ufficiale-sony-ps4-wh4-3201v","status":"publish","type":"product","link":"https:\/\/www.elettrowebstore.com\/es\/shop\/xtreme-volante-con-pedal-juego-oficial-sony-ps4-wh4-3201v\/","title":{"rendered":"XTREME Volante oficial Sony PS4 WH4-3201V con pedales"},"content":{"rendered":"<h2><strong>XTREME Volante oficial Sony PS4 WH4-3201V con pedales<\/strong><\/h2>\n<p style=\"text-align: left\"><strong>XTREME Volante oficial Sony PS4 WH4-3201V con pedales<\/strong>\u00a0es uno de los mejores volantes gaming a la venta en el mercado italiano en relaci\u00f3n calidad-precio. Este producto cuenta con la licencia oficial de SONY y es totalmente compatible con las plataformas PlayStation 4.<\/p>\n<p><img loading=\"lazy\" decoding=\"async\" class=\"aligncenter wp-image-6600\" src=\"https:\/\/www.elettrowebstore.com\/EWS_Store\/wp-content\/uploads\/2020\/04\/extreme-volante-pedaliera-ufficiale-sony-ps4-WH4-3201V-2.jpg\" alt=\"XTREME Volante oficial Sony PS4 WH4-3201V con pedales\" width=\"640\" height=\"800\" srcset=\"https:\/\/www.elettrowebstore.com\/EWS_Store\/wp-content\/uploads\/extreme-volante-pedaliera-ufficiale-sony-ps4-WH4-3201V-2.jpg 1024w, https:\/\/www.elettrowebstore.com\/EWS_Store\/wp-content\/uploads\/extreme-volante-pedaliera-ufficiale-sony-ps4-WH4-3201V-2-600x750.jpg 600w, https:\/\/www.elettrowebstore.com\/EWS_Store\/wp-content\/uploads\/extreme-volante-pedaliera-ufficiale-sony-ps4-WH4-3201V-2-768x960.jpg 768w\" sizes=\"auto, (max-width: 640px) 100vw, 640px\" \/><\/p>\n<p>Este juego completo de volante y pedales est\u00e1 fabricado por XTREME y tiene el nombre comercial de <strong>Pace Wheel Ps4 4ejes x F1<\/strong>.<\/p>\n<p>I <strong>motores incorporados<\/strong> transmiten las vibraciones de la pista directamente al volante. De hecho, esto te permite experimentar todas las sensaciones de lo que ocurre en tu asiento y en tu entorno, si el juego es compatible con la vibraci\u00f3n. Adem\u00e1s, los sensores con los que est\u00e1 equipado son magn\u00e9ticos y garantizan una sensibilidad muy alta. Por \u00faltimo, su dise\u00f1o ergon\u00f3mico garantiza la comodidad y evita la fatiga durante las sesiones de juego m\u00e1s largas.<\/p>\n<p><img loading=\"lazy\" decoding=\"async\" class=\"aligncenter wp-image-6602\" src=\"https:\/\/www.elettrowebstore.com\/EWS_Store\/wp-content\/uploads\/2020\/04\/extreme-volante-pedaliera-ufficiale-sony-ps4-WH4-3201V-4.jpg\" alt=\"XTREME Volante oficial Sony PS4 WH4-3201V con pedales\" width=\"800\" height=\"640\" srcset=\"https:\/\/www.elettrowebstore.com\/EWS_Store\/wp-content\/uploads\/extreme-volante-pedaliera-ufficiale-sony-ps4-WH4-3201V-4.jpg 1280w, https:\/\/www.elettrowebstore.com\/EWS_Store\/wp-content\/uploads\/extreme-volante-pedaliera-ufficiale-sony-ps4-WH4-3201V-4-600x480.jpg 600w, https:\/\/www.elettrowebstore.com\/EWS_Store\/wp-content\/uploads\/extreme-volante-pedaliera-ufficiale-sony-ps4-WH4-3201V-4-768x614.jpg 768w\" sizes=\"auto, (max-width: 800px) 100vw, 800px\" \/><\/p>\n<p><img loading=\"lazy\" decoding=\"async\" class=\"aligncenter wp-image-6599\" src=\"https:\/\/www.elettrowebstore.com\/EWS_Store\/wp-content\/uploads\/2020\/04\/extreme-volante-pedaliera-ufficiale-sony-ps4-WH4-3201V-5.jpg\" alt=\"XTREME Volante oficial Sony PS4 WH4-3201V con pedales\" width=\"801\" height=\"408\" srcset=\"https:\/\/www.elettrowebstore.com\/EWS_Store\/wp-content\/uploads\/extreme-volante-pedaliera-ufficiale-sony-ps4-WH4-3201V-5.jpg 1280w, https:\/\/www.elettrowebstore.com\/EWS_Store\/wp-content\/uploads\/extreme-volante-pedaliera-ufficiale-sony-ps4-WH4-3201V-5-600x306.jpg 600w, https:\/\/www.elettrowebstore.com\/EWS_Store\/wp-content\/uploads\/extreme-volante-pedaliera-ufficiale-sony-ps4-WH4-3201V-5-768x391.jpg 768w\" sizes=\"auto, (max-width: 801px) 100vw, 801px\" \/><\/p>\n<p>Las funciones de este volante oficial de Sony <strong>aumentar el realismo de la experiencia de juego<\/strong>.<\/p>\n<p>Este volante oficial de Sony PlayStation 4 es totalmente ajustable hacia delante y hacia atr\u00e1s, lo que permite montarlo en planos de diferentes tama\u00f1os.<\/p>\n<p><img loading=\"lazy\" decoding=\"async\" class=\"aligncenter wp-image-6596\" src=\"https:\/\/www.elettrowebstore.com\/EWS_Store\/wp-content\/uploads\/2020\/04\/extreme-volante-pedaliera-ufficiale-sony-ps4-WH4-3201V-8.jpg\" alt=\"XTREME Volante oficial Sony PS4 WH4-3201V con pedales\" width=\"800\" height=\"640\" srcset=\"https:\/\/www.elettrowebstore.com\/EWS_Store\/wp-content\/uploads\/extreme-volante-pedaliera-ufficiale-sony-ps4-WH4-3201V-8.jpg 1280w, https:\/\/www.elettrowebstore.com\/EWS_Store\/wp-content\/uploads\/extreme-volante-pedaliera-ufficiale-sony-ps4-WH4-3201V-8-600x480.jpg 600w, https:\/\/www.elettrowebstore.com\/EWS_Store\/wp-content\/uploads\/extreme-volante-pedaliera-ufficiale-sony-ps4-WH4-3201V-8-768x614.jpg 768w\" sizes=\"auto, (max-width: 800px) 100vw, 800px\" \/><\/p>\n<p>La pedalera de este kit, especialmente dise\u00f1ada para el soporte de juegos profesionales, tambi\u00e9n se puede ajustar. De hecho, los dos pedales, que est\u00e1n equipados con un bloque especial, se pueden mover a izquierda y derecha. Esto permite orientar los pedales de forma \u00f3ptima en funci\u00f3n de d\u00f3nde se est\u00e9 jugando.<\/p>\n<p><img loading=\"lazy\" decoding=\"async\" class=\"aligncenter wp-image-6599\" src=\"https:\/\/www.elettrowebstore.com\/EWS_Store\/wp-content\/uploads\/2020\/04\/extreme-volante-pedaliera-ufficiale-sony-ps4-WH4-3201V-5.jpg\" alt=\"XTREME Volante oficial Sony PS4 WH4-3201V con pedales\" width=\"801\" height=\"408\" srcset=\"https:\/\/www.elettrowebstore.com\/EWS_Store\/wp-content\/uploads\/extreme-volante-pedaliera-ufficiale-sony-ps4-WH4-3201V-5.jpg 1280w, https:\/\/www.elettrowebstore.com\/EWS_Store\/wp-content\/uploads\/extreme-volante-pedaliera-ufficiale-sony-ps4-WH4-3201V-5-600x306.jpg 600w, https:\/\/www.elettrowebstore.com\/EWS_Store\/wp-content\/uploads\/extreme-volante-pedaliera-ufficiale-sony-ps4-WH4-3201V-5-768x391.jpg 768w\" sizes=\"auto, (max-width: 801px) 100vw, 801px\" \/><\/p>\n<p>&nbsp;<\/p>\n<h2><strong>Especificaciones t\u00e9cnicas<\/strong><\/h2>\n<ul>\n<li>efectos de vibraci\u00f3n para una sensaci\u00f3n de carrera realista<\/li>\n<li>4 ejes, 12 botones<\/li>\n<li>volante con un agarre perfecto<\/li>\n<li>3 ajustes de sensibilidad para adaptar el estilo de conducci\u00f3n<\/li>\n<li>Rotaci\u00f3n de 270 grados<\/li>\n<li>inclinaci\u00f3n regulable hasta 90 grados<\/li>\n<li>funci\u00f3n del pad direccional del eje<\/li>\n<li>pedales ergon\u00f3micos y plegables<\/li>\n<li>volante desmontable<\/li>\n<li>doble opci\u00f3n: modo gamepad y modo rueda de juego<\/li>\n<li>Perfecta adherencia a la superficie de apoyo y ventosas que garantizan una excelente estabilidad<\/li>\n<li>completo con abrazadera de escritorio<\/li>\n<li>3 niveles de sensibilidad que permiten ajustes para estilos de conducci\u00f3n personales<\/li>\n<li>producto completo con volante y juego de pedales<\/li>\n<li>compatible con Sony Play Station 4<\/li>\n<li>medidas: 400x270x220 mm<\/li>\n<\/ul>\n<p>&nbsp;<\/p>\n<h2><strong>M\u00e1s informaci\u00f3n sobre XTREME Volante con Pedales oficial Sony PS4 WH4-3201V<br \/>\n<\/strong><\/h2>\n<p>Para evaluar mejor las caracter\u00edsticas de XTREME Steering Wheel with Pedals official Sony PS4 WH4-3201V, puedes ver y descargar la versi\u00f3n de prueba de su tel\u00e9fono inteligente XTREME Steering Wheel with Pedals official Sony PS4 WH4-3201V. <a href=\"http:\/\/www.playxtreme.it\/Infinity24\/dms\/ariete_web_site\/manuale%20d'uso\/PACE%20MANUALE%20ITA-ING.pdf\"><strong>manual t\u00e9cnico de usuario<\/strong><\/a>.<\/p>\n<p>Con el fin de mejorar la calidad del producto, el fabricante se reserva el derecho de modificar los materiales y las especificaciones por motivos t\u00e9cnicos y\/o de producci\u00f3n sin previo aviso. Por tanto, las descripciones e im\u00e1genes que aqu\u00ed se ofrecen son indicativas y pueden variar ligeramente respecto al producto final.<\/p>\n<p>&nbsp;<\/p>\n<h2><strong>Garant\u00eda<\/strong><\/h2>\n<p><strong>Volante XTREME HURRICANE con juego de pedales WH-3103V<\/strong> es un producto cubierto por la garant\u00eda original ITALIANA del fabricante (validez m\u00ednima de 24 meses, de conformidad con el Decreto Legislativo 24\/2002), si ha sido adquirido por un consumidor.<\/p>\n<p>Durante este periodo, si se produjera un defecto imputable a la garant\u00eda, el producto podr\u00e1 ser devuelto junto con el justificante de compra y el producto ser\u00e1, a criterio del distribuidor, reparado o sustituido sin ning\u00fan coste adicional.<\/p>\n<p>La garant\u00eda no se aplica si el producto resulta da\u00f1ado debido a un uso indebido, uso incorrecto, negligencia, accidente, modificaci\u00f3n, manipulaci\u00f3n o por cualquier motivo no relacionado con defectos en los materiales originales y\/o en la construcci\u00f3n original.<\/p>\n<p>Este producto cumple las directivas 2014\/30 - 2011\/65, las declaraciones est\u00e1n disponibles en <a href=\"http:\/\/www.xtreme.it\"><strong>www.xtreme.it<\/strong><\/a><\/p>\n<p>&nbsp;<\/p>\n<h2><strong>Informaci\u00f3n sobre la marca XTREME<\/strong><\/h2>\n<p><span id=\"htvmp_labelText\" class=\"contentText\"><img loading=\"lazy\" decoding=\"async\" class=\"size-full wp-image-6603 alignleft\" src=\"https:\/\/www.elettrowebstore.com\/EWS_Store\/wp-content\/uploads\/2020\/04\/xtreme-logo.png\" alt=\"xtreme logotipo oficial\" width=\"200\" height=\"100\" \/>En 1995 naci\u00f3 la marca \"Xtreme\", que entr\u00f3 en el mercado de los accesorios y cuya excelente relaci\u00f3n calidad\/precio permanece en la memoria de los consumidores.<\/span><\/p>\n<p><span id=\"htvmp_labelText\" class=\"contentText\">Pasan los a\u00f1os y Xtreme ya est\u00e1 en las estanter\u00edas del comercio especializado y de muchas grandes cadenas de electr\u00f3nica. Desde 2007, tambi\u00e9n est\u00e1 en marcha un importante plan de concesi\u00f3n de licencias, que incluye el desarrollo de productos y operaciones de marketing, y en el que Xtreme desempe\u00f1a un papel protagonista junto a otras marcas de prestigio.<br \/>\n<\/span><\/p>\n<p><span id=\"htvmp_labelText\" class=\"contentText\">A partir de 2012, se introdujeron nuevas l\u00edneas de productos que se alejaban del mundo inicial de los videojuegos y los accesorios para juegos; llegaron los primeros auriculares, cascos, power banks, y se empez\u00f3 a prestar especial atenci\u00f3n a fen\u00f3menos de moda como los drones<\/span>.<\/p>\n<p>&nbsp;<\/p>\n<h2><strong>Plazo de entrega<\/strong><\/h2>\n<p>Este producto est\u00e1 disponible para entrega inmediata en un plazo medio de 2 d\u00edas laborables tras el pedido.<\/p>\n<p><a href=\"https:\/\/www.elettrowebstore.com\/spedizioni-consegne-prodotti-italia-estero\/\"><img loading=\"lazy\" decoding=\"async\" class=\"aligncenter wp-image-5149 size-full\" src=\"https:\/\/www.elettrowebstore.com\/EWS_Store\/wp-content\/uploads\/2020\/04\/elettrowebstore-spedizione-con-corrieri-brt-sda-dhl_n75nxd.jpg\" alt=\"ElettroWebStore env\u00eda con mensajer\u00eda r\u00e1pida BRT SDA DHL\" width=\"649\" height=\"175\" srcset=\"https:\/\/www.elettrowebstore.com\/EWS_Store\/wp-content\/uploads\/elettrowebstore-spedizione-con-corrieri-brt-sda-dhl_n75nxd.jpg 649w, https:\/\/www.elettrowebstore.com\/EWS_Store\/wp-content\/uploads\/elettrowebstore-spedizione-con-corrieri-brt-sda-dhl_n75nxd-600x162.jpg 600w\" sizes=\"auto, (max-width: 649px) 100vw, 649px\" \/><\/a><\/p>\n<p>&nbsp;<\/p>\n<h2><strong>\u00a0Formas de pago aceptadas<\/strong><\/h2>\n<p><strong>En el sitio web de ElettroWebStore puede pagar con todos los m\u00e9todos habituales<\/strong>tanto espec\u00edficas de Internet (como las tarjetas prepago) como tradicionales (como las tarjetas de cr\u00e9dito cl\u00e1sicas).<\/p>\n<p><a href=\"https:\/\/www.elettrowebstore.com\/pagamenti-sicuri-sul-sito-elettrowebstore\/\"><img loading=\"lazy\" decoding=\"async\" class=\"aligncenter size-full wp-image-5151\" src=\"https:\/\/www.elettrowebstore.com\/EWS_Store\/wp-content\/uploads\/2020\/04\/elettrowebstore-pagamenti_berj9q.jpg\" alt=\"Formas de pago aceptadas en el sitio ElettroWebStore\" width=\"649\" height=\"226\" srcset=\"https:\/\/www.elettrowebstore.com\/EWS_Store\/wp-content\/uploads\/elettrowebstore-pagamenti_berj9q.jpg 649w, https:\/\/www.elettrowebstore.com\/EWS_Store\/wp-content\/uploads\/elettrowebstore-pagamenti_berj9q-600x209.jpg 600w\" sizes=\"auto, (max-width: 649px) 100vw, 649px\" \/><\/a><\/p>\n<p>&nbsp;<\/p>\n<p>Todos los pagos se gestionan a trav\u00e9s del <a href=\"https:\/\/www.paypal.com\/it\/webapps\/mpp\/paypal-safety-and-security\"><strong>Paypal<\/strong><\/a>. Adem\u00e1s, aunque no tengas Paypal, puedes pagar sin necesidad de registrarte y guardar tus credenciales. Todo lo que tienes que hacer es introducir tus datos en las p\u00e1ginas de Paypal.<\/p>\n<p>En ning\u00fan caso ElettroWebStore manejar\u00e1 los datos de tu tarjeta de pago ni tendr\u00e1 conocimiento de ellos. De hecho, \u00a1ElettroWebStore solo ver\u00e1 si el pago se ha realizado o no!<\/p>\n<p>Nuestro sitio utiliza protocolos HTTPS, que garantizan un alto nivel de seguridad para los usuarios.<\/p>","protected":false},"excerpt":{"rendered":"<p>XTREME Volante Oficial Sony PS4 con Pedales WH4-3201V es el producto certificado para jugar a los mejores simuladores de conducci\u00f3n en la Play Station 4.<\/p>","protected":false},"featured_media":6598,"template":"","meta":[],"product_brand":[],"product_cat":[57,709],"product_tag":[795,797,763,714,766,796,761,421],"class_list":{"0":"post-6555","1":"product","2":"type-product","3":"status-publish","4":"has-post-thumbnail","6":"product_cat-elettronica","7":"product_cat-gaming","8":"product_tag-compatibile","9":"product_tag-force-feedback","10":"product_tag-pedaliera","11":"product_tag-ps4","12":"product_tag-sony","13":"product_tag-ufficiale","14":"product_tag-volante","15":"product_tag-xtreme","16":"product_shipping_class-pe","18":"first","19":"outofstock","20":"sale","21":"taxable","22":"shipping-taxable","23":"purchasable","24":"product-type-simple"},"_links":{"self":[{"href":"https:\/\/www.elettrowebstore.com\/es\/wp-json\/wp\/v2\/product\/6555","targetHints":{"allow":["GET"]}}],"collection":[{"href":"https:\/\/www.elettrowebstore.com\/es\/wp-json\/wp\/v2\/product"}],"about":[{"href":"https:\/\/www.elettrowebstore.com\/es\/wp-json\/wp\/v2\/types\/product"}],"wp:featuredmedia":[{"embeddable":true,"href":"https:\/\/www.elettrowebstore.com\/es\/wp-json\/wp\/v2\/media\/6598"}],"wp:attachment":[{"href":"https:\/\/www.elettrowebstore.com\/es\/wp-json\/wp\/v2\/media?parent=6555"}],"wp:term":[{"taxonomy":"product_brand","embeddable":true,"href":"https:\/\/www.elettrowebstore.com\/es\/wp-json\/wp\/v2\/product_brand?post=6555"},{"taxonomy":"product_cat","embeddable":true,"href":"https:\/\/www.elettrowebstore.com\/es\/wp-json\/wp\/v2\/product_cat?post=6555"},{"taxonomy":"product_tag","embeddable":true,"href":"https:\/\/www.elettrowebstore.com\/es\/wp-json\/wp\/v2\/product_tag?post=6555"}],"curies":[{"name":"wp","href":"https:\/\/api.w.org\/{rel}","templated":true}]}}