{"id":6521,"date":"2019-02-28T10:01:21","date_gmt":"2019-02-28T09:01:21","guid":{"rendered":"https:\/\/www.elettrowebstore.com\/?post_type=product&#038;p=6521"},"modified":"2021-01-18T21:27:25","modified_gmt":"2021-01-18T20:27:25","slug":"xtreme-volante-con-pedaliera-hurricane-wh-3103v","status":"publish","type":"product","link":"https:\/\/www.elettrowebstore.com\/es\/shop\/volante-xtreme-con-juego-de-pedales-hurricane-wh-3103v\/","title":{"rendered":"Volante XTREME HURRICANE con juego de pedales WH-3103V"},"content":{"rendered":"<h2><strong>Volante XTREME HURRICANE con juego de pedales WH-3103V<\/strong><\/h2>\n<p><strong>Volante XTREME HURRICANE con juego de pedales WH-3103V<\/strong> es uno de los mejores volantes para juegos a la venta en el mercado italiano. De hecho, este producto <strong>lleva la licencia oficial de SONY<\/strong> y el <strong>compatibilidad total con las plataformas PlayStation 4 y PlayStation 3 y PC<\/strong>.<\/p>\n<p>El volante Hurricane, dise\u00f1ado espec\u00edficamente para PS3 y PS4, ofrece caracter\u00edsticas superiores que te permitir\u00e1n ganar incluso a los rivales m\u00e1s duros. Los motores integrados transmiten las vibraciones de la pista directamente al volante. De hecho, si el juego es compatible e incluye vibraciones, el volante Hurricane es capaz de trasladar todas las sensaciones de conducci\u00f3n a tu asiento y al entorno. Adem\u00e1s, su dise\u00f1o ergon\u00f3mico garantiza la comodidad y evita la fatiga durante las sesiones de juego m\u00e1s largas. \u00a1Divi\u00e9rtete jugando con tu volante Hurricane!<\/p>\n<p>&nbsp;<\/p>\n<p><img loading=\"lazy\" decoding=\"async\" class=\"aligncenter wp-image-6544\" src=\"https:\/\/www.elettrowebstore.com\/EWS_Store\/wp-content\/uploads\/2020\/04\/xtreme-volante-con-pedaliera-hurricane-WH-3103V_1-1.jpg\" alt=\"Volante XTREME HURRICANE con juego de pedales WH-3103V\" width=\"800\" height=\"800\" srcset=\"https:\/\/www.elettrowebstore.com\/EWS_Store\/wp-content\/uploads\/xtreme-volante-con-pedaliera-hurricane-WH-3103V_1-1.jpg 1024w, https:\/\/www.elettrowebstore.com\/EWS_Store\/wp-content\/uploads\/xtreme-volante-con-pedaliera-hurricane-WH-3103V_1-1-200x200.jpg 200w, https:\/\/www.elettrowebstore.com\/EWS_Store\/wp-content\/uploads\/xtreme-volante-con-pedaliera-hurricane-WH-3103V_1-1-100x100.jpg 100w, https:\/\/www.elettrowebstore.com\/EWS_Store\/wp-content\/uploads\/xtreme-volante-con-pedaliera-hurricane-WH-3103V_1-1-600x600.jpg 600w, https:\/\/www.elettrowebstore.com\/EWS_Store\/wp-content\/uploads\/xtreme-volante-con-pedaliera-hurricane-WH-3103V_1-1-768x768.jpg 768w\" sizes=\"auto, (max-width: 800px) 100vw, 800px\" \/><\/p>\n<p><img loading=\"lazy\" decoding=\"async\" class=\"aligncenter wp-image-6545\" src=\"https:\/\/www.elettrowebstore.com\/EWS_Store\/wp-content\/uploads\/2020\/04\/xtreme-volante-con-pedaliera-hurricane-WH-3103V_2-1.jpg\" alt=\"Volante XTREME HURRICANE con juego de pedales WH-3103V\" width=\"800\" height=\"800\" srcset=\"https:\/\/www.elettrowebstore.com\/EWS_Store\/wp-content\/uploads\/xtreme-volante-con-pedaliera-hurricane-WH-3103V_2-1.jpg 1024w, https:\/\/www.elettrowebstore.com\/EWS_Store\/wp-content\/uploads\/xtreme-volante-con-pedaliera-hurricane-WH-3103V_2-1-200x200.jpg 200w, https:\/\/www.elettrowebstore.com\/EWS_Store\/wp-content\/uploads\/xtreme-volante-con-pedaliera-hurricane-WH-3103V_2-1-100x100.jpg 100w, https:\/\/www.elettrowebstore.com\/EWS_Store\/wp-content\/uploads\/xtreme-volante-con-pedaliera-hurricane-WH-3103V_2-1-600x600.jpg 600w, https:\/\/www.elettrowebstore.com\/EWS_Store\/wp-content\/uploads\/xtreme-volante-con-pedaliera-hurricane-WH-3103V_2-1-768x768.jpg 768w\" sizes=\"auto, (max-width: 800px) 100vw, 800px\" \/><img loading=\"lazy\" decoding=\"async\" class=\"aligncenter wp-image-6546\" src=\"https:\/\/www.elettrowebstore.com\/EWS_Store\/wp-content\/uploads\/2020\/04\/xtreme-volante-con-pedaliera-hurricane-WH-3103V_3-1.jpg\" alt=\"Volante XTREME HURRICANE con juego de pedales WH-3103V\" width=\"800\" height=\"800\" srcset=\"https:\/\/www.elettrowebstore.com\/EWS_Store\/wp-content\/uploads\/xtreme-volante-con-pedaliera-hurricane-WH-3103V_3-1.jpg 1024w, https:\/\/www.elettrowebstore.com\/EWS_Store\/wp-content\/uploads\/xtreme-volante-con-pedaliera-hurricane-WH-3103V_3-1-200x200.jpg 200w, https:\/\/www.elettrowebstore.com\/EWS_Store\/wp-content\/uploads\/xtreme-volante-con-pedaliera-hurricane-WH-3103V_3-1-100x100.jpg 100w, https:\/\/www.elettrowebstore.com\/EWS_Store\/wp-content\/uploads\/xtreme-volante-con-pedaliera-hurricane-WH-3103V_3-1-600x600.jpg 600w, https:\/\/www.elettrowebstore.com\/EWS_Store\/wp-content\/uploads\/xtreme-volante-con-pedaliera-hurricane-WH-3103V_3-1-768x768.jpg 768w\" sizes=\"auto, (max-width: 800px) 100vw, 800px\" \/><img loading=\"lazy\" decoding=\"async\" class=\"aligncenter wp-image-6547\" src=\"https:\/\/www.elettrowebstore.com\/EWS_Store\/wp-content\/uploads\/2020\/04\/xtreme-volante-con-pedaliera-hurricane-WH-3103V_4-1.jpg\" alt=\"Volante XTREME HURRICANE con juego de pedales WH-3103V\" width=\"800\" height=\"800\" srcset=\"https:\/\/www.elettrowebstore.com\/EWS_Store\/wp-content\/uploads\/xtreme-volante-con-pedaliera-hurricane-WH-3103V_4-1.jpg 1024w, https:\/\/www.elettrowebstore.com\/EWS_Store\/wp-content\/uploads\/xtreme-volante-con-pedaliera-hurricane-WH-3103V_4-1-200x200.jpg 200w, https:\/\/www.elettrowebstore.com\/EWS_Store\/wp-content\/uploads\/xtreme-volante-con-pedaliera-hurricane-WH-3103V_4-1-100x100.jpg 100w, https:\/\/www.elettrowebstore.com\/EWS_Store\/wp-content\/uploads\/xtreme-volante-con-pedaliera-hurricane-WH-3103V_4-1-600x600.jpg 600w, https:\/\/www.elettrowebstore.com\/EWS_Store\/wp-content\/uploads\/xtreme-volante-con-pedaliera-hurricane-WH-3103V_4-1-768x768.jpg 768w\" sizes=\"auto, (max-width: 800px) 100vw, 800px\" \/><img loading=\"lazy\" decoding=\"async\" class=\"aligncenter wp-image-6548\" src=\"https:\/\/www.elettrowebstore.com\/EWS_Store\/wp-content\/uploads\/2020\/04\/xtreme-volante-con-pedaliera-hurricane-WH-3103V_5-1.jpg\" alt=\"Volante XTREME HURRICANE con juego de pedales WH-3103V\" width=\"800\" height=\"800\" srcset=\"https:\/\/www.elettrowebstore.com\/EWS_Store\/wp-content\/uploads\/xtreme-volante-con-pedaliera-hurricane-WH-3103V_5-1.jpg 1024w, https:\/\/www.elettrowebstore.com\/EWS_Store\/wp-content\/uploads\/xtreme-volante-con-pedaliera-hurricane-WH-3103V_5-1-200x200.jpg 200w, https:\/\/www.elettrowebstore.com\/EWS_Store\/wp-content\/uploads\/xtreme-volante-con-pedaliera-hurricane-WH-3103V_5-1-100x100.jpg 100w, https:\/\/www.elettrowebstore.com\/EWS_Store\/wp-content\/uploads\/xtreme-volante-con-pedaliera-hurricane-WH-3103V_5-1-600x600.jpg 600w, https:\/\/www.elettrowebstore.com\/EWS_Store\/wp-content\/uploads\/xtreme-volante-con-pedaliera-hurricane-WH-3103V_5-1-768x768.jpg 768w\" sizes=\"auto, (max-width: 800px) 100vw, 800px\" \/><\/p>\n<p><strong>Caracter\u00edsticas y especificaciones:<\/strong><\/p>\n<ul style=\"list-style-type: disc\">\n<li>\u00a0Efectos de vibraci\u00f3n para una experiencia de carrera realista<\/li>\n<li>\u00a0Volante recubierto de goma para un agarre perfecto<\/li>\n<li>\u00a0Cambio de marchas<\/li>\n<li>\u00a0Ventosas para una estabilidad perfecta<\/li>\n<li>\u00a0Ajustes de sensibilidad para adaptarse al estilo de conducci\u00f3n personal<\/li>\n<li>\u00a0Rotaci\u00f3n de 270 grados<\/li>\n<li>\u00a0Funci\u00f3n de centrado autom\u00e1tico<\/li>\n<li>\u00a0Almohadilla direccional de 2 ejes<\/li>\n<li>\u00a0Incluye pedales de freno\/acelerador<\/li>\n<\/ul>\n<p>Todo, en <strong>Volante XTREME HURRICANE con juego de pedales WH-3103V<\/strong> est\u00e1 dise\u00f1ado para acompa\u00f1ar de la mejor manera tus sesiones de juego favoritas.<\/p>\n<p>&nbsp;<\/p>\n<p><img loading=\"lazy\" decoding=\"async\" class=\"aligncenter wp-image-6549\" src=\"https:\/\/www.elettrowebstore.com\/EWS_Store\/wp-content\/uploads\/2020\/04\/xtreme-volante-con-pedaliera-hurricane-WH-3103V_6-1.jpg\" alt=\"Volante XTREME HURRICANE con juego de pedales WH-3103V\" width=\"800\" height=\"800\" srcset=\"https:\/\/www.elettrowebstore.com\/EWS_Store\/wp-content\/uploads\/xtreme-volante-con-pedaliera-hurricane-WH-3103V_6-1.jpg 1024w, https:\/\/www.elettrowebstore.com\/EWS_Store\/wp-content\/uploads\/xtreme-volante-con-pedaliera-hurricane-WH-3103V_6-1-200x200.jpg 200w, https:\/\/www.elettrowebstore.com\/EWS_Store\/wp-content\/uploads\/xtreme-volante-con-pedaliera-hurricane-WH-3103V_6-1-100x100.jpg 100w, https:\/\/www.elettrowebstore.com\/EWS_Store\/wp-content\/uploads\/xtreme-volante-con-pedaliera-hurricane-WH-3103V_6-1-600x600.jpg 600w, https:\/\/www.elettrowebstore.com\/EWS_Store\/wp-content\/uploads\/xtreme-volante-con-pedaliera-hurricane-WH-3103V_6-1-768x768.jpg 768w\" sizes=\"auto, (max-width: 800px) 100vw, 800px\" \/><img loading=\"lazy\" decoding=\"async\" class=\"aligncenter wp-image-6550\" src=\"https:\/\/www.elettrowebstore.com\/EWS_Store\/wp-content\/uploads\/2020\/04\/xtreme-volante-con-pedaliera-hurricane-WH-3103V_8-1.jpg\" alt=\"Volante XTREME HURRICANE con juego de pedales WH-3103V\" width=\"800\" height=\"800\" srcset=\"https:\/\/www.elettrowebstore.com\/EWS_Store\/wp-content\/uploads\/xtreme-volante-con-pedaliera-hurricane-WH-3103V_8-1.jpg 1024w, https:\/\/www.elettrowebstore.com\/EWS_Store\/wp-content\/uploads\/xtreme-volante-con-pedaliera-hurricane-WH-3103V_8-1-200x200.jpg 200w, https:\/\/www.elettrowebstore.com\/EWS_Store\/wp-content\/uploads\/xtreme-volante-con-pedaliera-hurricane-WH-3103V_8-1-100x100.jpg 100w, https:\/\/www.elettrowebstore.com\/EWS_Store\/wp-content\/uploads\/xtreme-volante-con-pedaliera-hurricane-WH-3103V_8-1-600x600.jpg 600w, https:\/\/www.elettrowebstore.com\/EWS_Store\/wp-content\/uploads\/xtreme-volante-con-pedaliera-hurricane-WH-3103V_8-1-768x768.jpg 768w\" sizes=\"auto, (max-width: 800px) 100vw, 800px\" \/><img loading=\"lazy\" decoding=\"async\" class=\"aligncenter wp-image-6551\" src=\"https:\/\/www.elettrowebstore.com\/EWS_Store\/wp-content\/uploads\/2020\/04\/xtreme-volante-con-pedaliera-hurricane-WH-3103V_7-1.jpg\" alt=\"Volante XTREME HURRICANE con juego de pedales WH-3103V\" width=\"800\" height=\"800\" srcset=\"https:\/\/www.elettrowebstore.com\/EWS_Store\/wp-content\/uploads\/xtreme-volante-con-pedaliera-hurricane-WH-3103V_7-1.jpg 1024w, https:\/\/www.elettrowebstore.com\/EWS_Store\/wp-content\/uploads\/xtreme-volante-con-pedaliera-hurricane-WH-3103V_7-1-200x200.jpg 200w, https:\/\/www.elettrowebstore.com\/EWS_Store\/wp-content\/uploads\/xtreme-volante-con-pedaliera-hurricane-WH-3103V_7-1-100x100.jpg 100w, https:\/\/www.elettrowebstore.com\/EWS_Store\/wp-content\/uploads\/xtreme-volante-con-pedaliera-hurricane-WH-3103V_7-1-600x600.jpg 600w, https:\/\/www.elettrowebstore.com\/EWS_Store\/wp-content\/uploads\/xtreme-volante-con-pedaliera-hurricane-WH-3103V_7-1-768x768.jpg 768w\" sizes=\"auto, (max-width: 800px) 100vw, 800px\" \/><\/p>\n<p>&nbsp;<\/p>\n<h2><strong>Descripci\u00f3n\u00a0<\/strong><strong>Volante XTREME HURRICANE con juego de pedales WH-3103V<\/strong><\/h2>\n<p><strong>Volante XTREME HURRICANE con juego de pedales WH-3103V<\/strong> es un producto con licencia oficial para PS4, PS3 y PC, completo con caja de cambios y pedales. Adem\u00e1s, la vibraci\u00f3n del volante, la rotaci\u00f3n de 270 grados y los 12 botones configurables garantizan una experiencia de juego inmersiva y realista. Puedes personalizar la configuraci\u00f3n de los botones para adaptarla a tus preferencias personales. Tambi\u00e9n podr\u00e1s seleccionar la sensibilidad del volante para que se adapte mejor a tu estilo de carreras. El juego de pedales est\u00e1 equipado con pedales de freno y acelerador, mientras que el cambio de marchas arriba\/abajo se realiza mediante la palanca situada en el reposapi\u00e9s del volante. Las instrucciones de conexi\u00f3n e instalaci\u00f3n se explican en el manual de usuario incluido en el paquete.<\/p>\n<p>Para m\u00e1s informaci\u00f3n sobre las principales caracter\u00edsticas t\u00e9cnicas y de programaci\u00f3n, <a href=\"http:\/\/www.playxtreme.it\/Infinity24\/dms\/ariete_web_site\/manuale%20d'uso\/HURRICANE%20MANUALE%20ITA-ING.pdf\"><strong>lea el manual actualizado del producto<\/strong><\/a>.<\/p>\n<p>&nbsp;<\/p>\n<p><img loading=\"lazy\" decoding=\"async\" class=\"aligncenter wp-image-6552\" src=\"https:\/\/www.elettrowebstore.com\/EWS_Store\/wp-content\/uploads\/2020\/04\/xtreme-volante-con-pedaliera-hurricane-WH-3103V_9-1.jpg\" alt=\"Volante XTREME HURRICANE con juego de pedales WH-3103V\" width=\"800\" height=\"800\" srcset=\"https:\/\/www.elettrowebstore.com\/EWS_Store\/wp-content\/uploads\/xtreme-volante-con-pedaliera-hurricane-WH-3103V_9-1.jpg 1024w, https:\/\/www.elettrowebstore.com\/EWS_Store\/wp-content\/uploads\/xtreme-volante-con-pedaliera-hurricane-WH-3103V_9-1-200x200.jpg 200w, https:\/\/www.elettrowebstore.com\/EWS_Store\/wp-content\/uploads\/xtreme-volante-con-pedaliera-hurricane-WH-3103V_9-1-100x100.jpg 100w, https:\/\/www.elettrowebstore.com\/EWS_Store\/wp-content\/uploads\/xtreme-volante-con-pedaliera-hurricane-WH-3103V_9-1-600x600.jpg 600w, https:\/\/www.elettrowebstore.com\/EWS_Store\/wp-content\/uploads\/xtreme-volante-con-pedaliera-hurricane-WH-3103V_9-1-768x768.jpg 768w\" sizes=\"auto, (max-width: 800px) 100vw, 800px\" \/><\/p>\n<p>A continuaci\u00f3n se muestra una lista de t\u00edtulos de PS4 para los que se admite la funci\u00f3n de volante:<\/p>\n<p><img loading=\"lazy\" decoding=\"async\" class=\"aligncenter wp-image-6553\" src=\"https:\/\/www.elettrowebstore.com\/EWS_Store\/wp-content\/uploads\/2020\/04\/xtreme-volante-con-pedaliera-hurricane-WH-3103V_10-1.jpg\" alt=\"Volante XTREME HURRICANE con juego de pedales WH-3103V\" width=\"800\" height=\"494\" srcset=\"https:\/\/www.elettrowebstore.com\/EWS_Store\/wp-content\/uploads\/xtreme-volante-con-pedaliera-hurricane-WH-3103V_10-1.jpg 1024w, https:\/\/www.elettrowebstore.com\/EWS_Store\/wp-content\/uploads\/xtreme-volante-con-pedaliera-hurricane-WH-3103V_10-1-600x370.jpg 600w, https:\/\/www.elettrowebstore.com\/EWS_Store\/wp-content\/uploads\/xtreme-volante-con-pedaliera-hurricane-WH-3103V_10-1-768x474.jpg 768w\" sizes=\"auto, (max-width: 800px) 100vw, 800px\" \/><\/p>\n<h2><strong>Garant\u00eda<\/strong><\/h2>\n<p>XTREME metal pedal stand 90457 es un producto cubierto por la garant\u00eda original italiana del fabricante (v\u00e1lida durante al menos 24 meses, de conformidad con el Decreto Legislativo 24\/2002), si ha sido adquirido por un consumidor.<\/p>\n<p>Durante este periodo, si se produjera un defecto imputable a la garant\u00eda, el producto podr\u00e1 ser devuelto junto con el justificante de compra y el producto ser\u00e1, a criterio del distribuidor, reparado o sustituido sin ning\u00fan coste adicional.<\/p>\n<p>La garant\u00eda no se aplica si el producto resulta da\u00f1ado debido a un uso indebido, uso incorrecto, negligencia, accidente, modificaci\u00f3n, manipulaci\u00f3n o por cualquier motivo no relacionado con defectos en los materiales originales y\/o en la construcci\u00f3n original.<\/p>\n<p>Este producto cumple las directivas 2014\/30 - 2011\/65, las declaraciones est\u00e1n disponibles en <a href=\"http:\/\/www.xtreme.it\"><strong>www.xtreme.it<\/strong><\/a><\/p>\n<p>&nbsp;<\/p>\n<h2><strong>Informaci\u00f3n sobre la marca XTREME<\/strong><\/h2>\n<p><span id=\"htvmp_labelText\" class=\"contentText\"><img loading=\"lazy\" decoding=\"async\" class=\"size-full wp-image-6603 alignleft\" src=\"https:\/\/www.elettrowebstore.com\/EWS_Store\/wp-content\/uploads\/2020\/04\/xtreme-logo.png\" alt=\"xtreme logotipo oficial\" width=\"200\" height=\"100\" \/>En 1995 naci\u00f3 la marca \"Xtreme\", que entr\u00f3 en el mercado de los accesorios y cuya excelente relaci\u00f3n calidad\/precio permanece en la memoria de los consumidores.<\/span><\/p>\n<p><span id=\"htvmp_labelText\" class=\"contentText\">Pasan los a\u00f1os y Xtreme ya est\u00e1 en las estanter\u00edas del comercio especializado y de muchas grandes cadenas de electr\u00f3nica. Desde 2007, tambi\u00e9n est\u00e1 en marcha un importante plan de concesi\u00f3n de licencias, que incluye el desarrollo de productos y operaciones de marketing, y en el que Xtreme desempe\u00f1a un papel protagonista junto a otras marcas de prestigio.<br \/>\n<\/span><\/p>\n<p><span id=\"htvmp_labelText\" class=\"contentText\">A partir de 2012, se introdujeron nuevas l\u00edneas de productos que se alejaban del mundo inicial de los videojuegos y los accesorios para juegos; llegaron los primeros auriculares, cascos, power banks, y se empez\u00f3 a prestar especial atenci\u00f3n a fen\u00f3menos de moda como los drones<\/span>.<\/p>\n<p>&nbsp;<\/p>\n<h2><strong>Plazo de entrega<\/strong><\/h2>\n<p>Este producto est\u00e1 disponible para entrega inmediata en un plazo medio de 2 d\u00edas laborables tras el pedido.<\/p>\n<p><a href=\"https:\/\/www.elettrowebstore.com\/spedizioni-consegne-prodotti-italia-estero\/\"><img loading=\"lazy\" decoding=\"async\" class=\"aligncenter wp-image-5149 size-full\" src=\"https:\/\/www.elettrowebstore.com\/EWS_Store\/wp-content\/uploads\/2020\/04\/elettrowebstore-spedizione-con-corrieri-brt-sda-dhl_n75nxd.jpg\" alt=\"ElettroWebStore env\u00eda con mensajer\u00eda r\u00e1pida BRT SDA DHL\" width=\"649\" height=\"175\" srcset=\"https:\/\/www.elettrowebstore.com\/EWS_Store\/wp-content\/uploads\/elettrowebstore-spedizione-con-corrieri-brt-sda-dhl_n75nxd.jpg 649w, https:\/\/www.elettrowebstore.com\/EWS_Store\/wp-content\/uploads\/elettrowebstore-spedizione-con-corrieri-brt-sda-dhl_n75nxd-600x162.jpg 600w\" sizes=\"auto, (max-width: 649px) 100vw, 649px\" \/><\/a><\/p>\n<p>&nbsp;<\/p>\n<h2><strong>\u00a0Formas de pago aceptadas<\/strong><\/h2>\n<p><strong>En el sitio web de ElettroWebStore puede pagar con todos los m\u00e9todos habituales<\/strong>tanto espec\u00edficas de Internet (como las tarjetas prepago) como tradicionales (como las tarjetas de cr\u00e9dito cl\u00e1sicas).<\/p>\n<p><a href=\"https:\/\/www.elettrowebstore.com\/pagamenti-sicuri-sul-sito-elettrowebstore\/\"><img loading=\"lazy\" decoding=\"async\" class=\"aligncenter size-full wp-image-5151\" src=\"https:\/\/www.elettrowebstore.com\/EWS_Store\/wp-content\/uploads\/2020\/04\/elettrowebstore-pagamenti_berj9q.jpg\" alt=\"Formas de pago aceptadas en el sitio ElettroWebStore\" width=\"649\" height=\"226\" srcset=\"https:\/\/www.elettrowebstore.com\/EWS_Store\/wp-content\/uploads\/elettrowebstore-pagamenti_berj9q.jpg 649w, https:\/\/www.elettrowebstore.com\/EWS_Store\/wp-content\/uploads\/elettrowebstore-pagamenti_berj9q-600x209.jpg 600w\" sizes=\"auto, (max-width: 649px) 100vw, 649px\" \/><\/a><\/p>\n<p>&nbsp;<\/p>\n<p>Todos los pagos se gestionan a trav\u00e9s del <a href=\"https:\/\/www.paypal.com\/it\/webapps\/mpp\/paypal-safety-and-security\"><strong>Paypal<\/strong><\/a>. Adem\u00e1s, aunque no tengas Paypal, puedes pagar sin necesidad de registrarte y guardar tus credenciales. Todo lo que tienes que hacer es introducir tus datos en las p\u00e1ginas de Paypal.<\/p>\n<p>En ning\u00fan caso ElettroWebStore manejar\u00e1 los datos de tu tarjeta de pago ni tendr\u00e1 conocimiento de ellos. De hecho, \u00a1ElettroWebStore solo ver\u00e1 si el pago se ha realizado o no!<\/p>\n<p>Nuestro sitio utiliza protocolos HTTPS, que garantizan un alto nivel de seguridad para los usuarios.<\/p>","protected":false},"excerpt":{"rendered":"<p><strong>Volante XTREME HURRICANE con juego de pedales WH-3103V<\/strong> es uno de los mejores volantes gaming a la venta en el mercado italiano. Este producto cuenta con una licencia oficial de SONY y es totalmente compatible con las plataformas PlayStation 4 y PlayStation 3; el volante tambi\u00e9n se puede conectar a un PC.<\/p>","protected":false},"featured_media":6535,"template":"","meta":[],"product_brand":[],"product_cat":[57,709],"product_tag":[764,711,762,426,763,715,713,714,718,766,761,765,710,421],"class_list":{"0":"post-6521","1":"product","2":"type-product","3":"status-publish","4":"has-post-thumbnail","6":"product_cat-elettronica","7":"product_cat-gaming","8":"product_tag-cambio","9":"product_tag-gaming","10":"product_tag-hurricane","11":"product_tag-pc","12":"product_tag-pedaliera","13":"product_tag-playstation","14":"product_tag-ps3","15":"product_tag-ps4","16":"product_tag-racing","17":"product_tag-sony","18":"product_tag-volante","19":"product_tag-wh-3103v","20":"product_tag-xtr","21":"product_tag-xtreme","22":"product_shipping_class-pe","24":"first","25":"outofstock","26":"sale","27":"taxable","28":"shipping-taxable","29":"purchasable","30":"product-type-simple"},"_links":{"self":[{"href":"https:\/\/www.elettrowebstore.com\/es\/wp-json\/wp\/v2\/product\/6521","targetHints":{"allow":["GET"]}}],"collection":[{"href":"https:\/\/www.elettrowebstore.com\/es\/wp-json\/wp\/v2\/product"}],"about":[{"href":"https:\/\/www.elettrowebstore.com\/es\/wp-json\/wp\/v2\/types\/product"}],"wp:featuredmedia":[{"embeddable":true,"href":"https:\/\/www.elettrowebstore.com\/es\/wp-json\/wp\/v2\/media\/6535"}],"wp:attachment":[{"href":"https:\/\/www.elettrowebstore.com\/es\/wp-json\/wp\/v2\/media?parent=6521"}],"wp:term":[{"taxonomy":"product_brand","embeddable":true,"href":"https:\/\/www.elettrowebstore.com\/es\/wp-json\/wp\/v2\/product_brand?post=6521"},{"taxonomy":"product_cat","embeddable":true,"href":"https:\/\/www.elettrowebstore.com\/es\/wp-json\/wp\/v2\/product_cat?post=6521"},{"taxonomy":"product_tag","embeddable":true,"href":"https:\/\/www.elettrowebstore.com\/es\/wp-json\/wp\/v2\/product_tag?post=6521"}],"curies":[{"name":"wp","href":"https:\/\/api.w.org\/{rel}","templated":true}]}}