{"id":650909,"date":"2023-03-18T09:43:06","date_gmt":"2023-03-18T08:43:06","guid":{"rendered":"https:\/\/www.elettrowebstore.com\/?post_type=product&#038;p=650909"},"modified":"2025-02-22T15:37:14","modified_gmt":"2025-02-22T14:37:14","slug":"flonal-dura-rocky-twins-cm-28-induzione-padella-vaporiera-saltapasta-wok","status":"publish","type":"product","link":"https:\/\/www.elettrowebstore.com\/es\/shop\/flonal-dura-rocky-gemelos-cm-28-induccion-sarten-vapor-wok\/","title":{"rendered":"Flonal Dura Rocky Twins cm.28 sart\u00e9n de inducci\u00f3n wok vaporera"},"content":{"rendered":"<h2><strong>Flonal Dura Rocky Twins cm.28 sart\u00e9n de inducci\u00f3n wok vaporera<\/strong><\/h2>\n<p>Sart\u00e9n wok de inducci\u00f3n Dura Rocky Twins cm.28 de Flonal 100% fabricada en Italia, apta para todo tipo de cocinas. Est\u00e1 fabricada en aluminio puro, con un acabado de pintura en spray de alta calidad, reforzado con minerales p\u00e9treos para garantizar una alta resistencia. La base de hierro, perfectamente integrada en la chapa inferior de aluminio, garantiza que pueda utilizarse tambi\u00e9n en hornos de inducci\u00f3n.<\/p>\n<p><img loading=\"lazy\" decoding=\"async\" class=\"aligncenter size-full wp-image-650992\" src=\"https:\/\/res.cloudinary.com\/dl3yepmtd\/images\/v1679131861\/FLORKIWP2830\/flonal-dura-induction-induzione-rocky-twins-padella-vaporiera-wok-saltapasta-griglia-inox-innesto-speciale-ermetico-1\/flonal-dura-induction-induzione-rocky-twins-padella-vaporiera-wok-saltapasta-griglia-inox-innesto-speciale-ermetico-1.jpg?_i=AA\" alt=\"flonal-dura-induction-rocky-twins-pan-vaporiera-wok-noodle-sauce-grill-inox-injector-special-hermetic\" width=\"800\" height=\"600\" \/><\/p>\n<h2><strong>Descripci\u00f3n\u00a0<\/strong><strong>Flonal Dura Rocky Twins cm.28 sart\u00e9n de inducci\u00f3n wok vaporera<\/strong><\/h2>\n<p><a href=\"https:\/\/www.flonalcookware.it\/linea\/rocky-twins\/#!\/scroll\" target=\"_blank\" rel=\"noopener\"><strong>Flonal Dura Rocky Twins es un juego de cacerolas de 2 piezas de alta calidad<\/strong><\/a>. Le <strong>caracter\u00edsticas principales<\/strong> de este art\u00edculo son:<\/p>\n<ol>\n<li>cierre herm\u00e9tico entre las dos cubetas con acoplamiento especial<\/li>\n<li>parrilla de acero inoxidable que sirve de vaporera<\/li>\n<li>gancho en el extremo del asa para cerrar la tapa<\/li>\n<li>forma asim\u00e9trica de las dos sartenes: una act\u00faa como sart\u00e9n y la otra como wok<\/li>\n<li>fondo de ambas sartenes apto para cocci\u00f3n por inducci\u00f3n y llama<\/li>\n<li>el cierre herm\u00e9tico permite reducir considerablemente el tiempo de cocci\u00f3n<\/li>\n<li>gran espesor de aluminio, al menos 3,5 mil\u00edmetros en las paredes<\/li>\n<li>revestimientos antiadherentes y resistentes a la abrasi\u00f3n de m\u00e1xima calidad con tecnolog\u00eda Magma-tech<\/li>\n<li>patente internacional<\/li>\n<\/ol>\n<p><strong>Patente Rocky Twins<\/strong>el utensilio de cocina multifuncional especial.<\/p>\n<p><strong>Un vaporizador excepcional<\/strong>. Gracias a la parrilla de acero incluida, Rocky Twins se convierte en un vaporizador de alto rendimiento.<\/p>\n<p>Flonal Dura Rocky Twins cm.28 sart\u00e9n de inducci\u00f3n wok es un juego de sartenes compuesto por una sart\u00e9n y una sart\u00e9n para pasta que se pueden utilizar individualmente o combinadas para formar ROCKY TWINS: la sart\u00e9n se transforma en una tapa que, gracias a unos injertos especiales, forma un \u00fanico cuerpo con la sart\u00e9n para pasta, capaz de retener el calor en su interior, reduciendo considerablemente el tiempo de cocci\u00f3n.<\/p>\n<p>Este cazo herm\u00e9tico con tapa es ideal para:<\/p>\n<ul>\n<li>fre\u00edr<\/li>\n<li>saltar<\/li>\n<li>al vapor<\/li>\n<li>estofado<\/li>\n<li>estofado<\/li>\n<li>hervir<\/li>\n<li>todas las dem\u00e1s t\u00e9cnicas culinarias<\/li>\n<\/ul>\n<p>&nbsp;<\/p>\n<h2><strong>La l\u00ednea Flonal Dura Induction<\/strong><\/h2>\n<p>Dura Induction naci\u00f3 de una <strong>estudio de dise\u00f1o en profundidad<\/strong> que se centra sobre todo en la funcionalidad y la b\u00fasqueda de la perfecci\u00f3n en el producto acabado. Se caracteriza por un <strong>grueso cuerpo de aluminio forjado<\/strong>Tiene una estructura elegante pero s\u00f3lida.<\/p>\n<p>I <strong>los bordes del producto son especialmente pronunciados<\/strong>. Esto hace que las sartenes de la l\u00ednea Flonal Dura sean estables y resistentes al aplastamiento con el paso del tiempo.<\/p>\n<p>En <strong>la parte inferior es m\u00e1s ancha<\/strong>en comparaci\u00f3n con la mayor\u00eda de los productos del mercado. Esto permite una mayor capacidad (mayor contenido) y una mayor superficie de cocci\u00f3n.<\/p>\n<p>Dura Induction es <strong>compatible con todas las placas<\/strong>incluida la inducci\u00f3n. Adem\u00e1s, \u00a1se trata de un producto tecnol\u00f3gicamente avanzado! De hecho, Flonal consigue aplicar el fondo magn\u00e9tico durante la propia operaci\u00f3n de forja. Por tanto, esta optimizaci\u00f3n del proceso de producci\u00f3n permite <strong>reducir significativamente los costes en comparaci\u00f3n con otras l\u00edneas de inducci\u00f3n de nivel de calidad similar<\/strong>.<\/p>\n<p>En <strong>mango ergon\u00f3mico de baquelita<\/strong> con empu\u00f1adura ancha y acabado suave al tacto, garantiza un agarre seguro y c\u00f3modo.<\/p>\n<p>En <strong>recubrimiento con tecnolog\u00eda Magma-tech Plus<\/strong>Es a\u00fan m\u00e1s resistente y duradero que antes.<\/p>\n<p>&nbsp;<\/p>\n<h2><strong>Tecnolog\u00eda Magma-Tech Plus de Flonal<\/strong><\/h2>\n<p>Magma-Tech Plus es un revestimiento para sartenes desarrollado para lograr un rendimiento extraordinario en la cocina. De hecho, su f\u00f3rmula especial garantiza una resistencia extremadamente alta al desgaste y la abrasi\u00f3n, +35% m\u00e1s que la versi\u00f3n anterior.<\/p>\n<p>Se combinan determinados refuerzos minerales de distintos tama\u00f1os y formas para crear una protecci\u00f3n insuperable a prueba de herramientas met\u00e1licas.<\/p>\n<p>Una estructura s\u00f3lida que, combinada con un grosor a\u00fan mayor, garantiza el mantenimiento a lo largo del tiempo de unas propiedades antiadherentes excepcionales.<\/p>\n<p>El refuerzo de las cubetas Flonal con part\u00edculas minerales garantiza:<\/p>\n<ul>\n<li>Larga vida \u00fatil de la herramienta<\/li>\n<li>Una cocina perfecta y sana<\/li>\n<li>Superficie antiadherente resistente a herramientas met\u00e1licas<\/li>\n<li>Resistencia total al lavavajillas<\/li>\n<li>F\u00e1cil limpieza de la superficie de cocci\u00f3n<\/li>\n<li>Adecuado para intolerantes y al\u00e9rgicos a los metales pesados y al n\u00edquel<\/li>\n<li>Sin PFOA<\/li>\n<\/ul>\n<p>&nbsp;<\/p>\n<h2><strong>Revestimiento antiadherente de alta calidad<\/strong><\/h2>\n<p>Los productos de la gama Flonal Dura Induction est\u00e1n espec\u00edficamente dise\u00f1ados para la cocci\u00f3n por inducci\u00f3n y en todos los dem\u00e1s tipos de cocinas. Adem\u00e1s, garantizan un alto nivel de resistencia del revestimiento antiadherente y <strong>alto rendimiento antiadherente de los alimentos, gracias a la estructura de 7 capas de la superficie<\/strong>:<\/p>\n<ol>\n<li>acabado superficial efecto piedra. El revestimiento exterior est\u00e1 reforzado y tiene un alto rendimiento antiadherente. \u00a1La comida no se pega!<\/li>\n<li>Revestimiento TOP, que garantiza un alto rendimiento antiadherente<\/li>\n<li>capa intermedia adicional, reforzada con part\u00edculas minerales, para resistir ara\u00f1azos y abrasiones<\/li>\n<li>imprimaci\u00f3n reforzada de alta calidad para garantizar la perfecta adherencia de las distintas capas<\/li>\n<li>aluminio forjado con pureza m\u00ednima 98%, de gran espesor, para garantizar la indeformabilidad y una mayor vida \u00fatil<\/li>\n<li>Revestimiento exterior efecto piedra f\u00e1cil de limpiar y resistente al calor<\/li>\n<li>fondo de acero magn\u00e9tico para todas las placas, espec\u00edfico para inducci\u00f3n<\/li>\n<\/ol>\n<p><img loading=\"lazy\" decoding=\"async\" class=\"aligncenter size-full wp-image-650981\" src=\"https:\/\/res.cloudinary.com\/dl3yepmtd\/images\/v1679131864\/FLORKIWP2830\/flonal-dura-induction-induzione-rocky-twins-padella-vaporiera-wok-saltapasta-griglia-inox-innesto-speciale-ermetico-19\/flonal-dura-induction-induzione-rocky-twins-padella-vaporiera-wok-saltapasta-griglia-inox-innesto-speciale-ermetico-19.jpg?_i=AA\" alt=\"flonal-dura-induction-rocky-twins-pan-vaporiera-wok-noodle-sauce-grill-inox-injector-special-hermetic\" width=\"800\" height=\"600\" \/><\/p>\n<h2><strong>\u00bfPor qu\u00e9 los productos Flonal Dura son respetuosos con el medio ambiente?<\/strong><\/h2>\n<p>Todas las sartenes producidas por Flonal se fabrican en 100% en Italia utilizando la tecnolog\u00eda m\u00e1s avanzada. La producci\u00f3n se realiza mediante forja en fr\u00edo. El disco de aluminio de partida se forja utilizando prensas de hasta 5.000 toneladas, que garantizan un alto rendimiento sin estresar los materiales.<\/p>\n<p>Los revestimientos se obtienen aplicando part\u00edculas minerales que garantizan una alta resistencia antiadherente. Los revestimientos se fabrican con pinturas al agua, no t\u00f3xicas y anticontaminantes de acuerdo con las normas internacionales m\u00e1s exigentes.<\/p>\n<p>Esto garantiza que las sartenes y cacerolas de la marca Dura de Flonal son respetuosas con el medio ambiente y con la salud.<\/p>\n<p>&nbsp;<\/p>\n<h2><strong>\u00bfQui\u00e9n es Flonal?<\/strong><\/h2>\n<p><img loading=\"lazy\" decoding=\"async\" class=\"size-full wp-image-7529 alignleft\" src=\"https:\/\/www.elettrowebstore.com\/EWS_Store\/wp-content\/uploads\/2020\/04\/flonal-cookware-logo.jpg\" alt=\"\" width=\"250\" height=\"70\" \/><\/p>\n<p><a href=\"https:\/\/www.flonalcookware.it\/\"><strong>Flonal<\/strong><\/a>\u00a0es una empresa italiana 100%. Todos los productos Flonal se fabrican en Italia, en la f\u00e1brica de Fano, en la provincia de Pesaro-Urbino. En esta f\u00e1brica, la empresa est\u00e1 dotada de una importante instrumentaci\u00f3n para el tratamiento de la al\u00famina y la pintura de las ollas. De este modo, es capaz de integrar todo el proceso de producci\u00f3n, gracias tambi\u00e9n a socios especializados en el suministro de materias primas. M\u00e1s de 70% de la factura se destina al mercado exterior. Adem\u00e1s, todos los productos de Flonal est\u00e1n certificados como aptos para el contacto con alimentos.<\/p>\n<p>&nbsp;<\/p>\n<h2><strong>Garant\u00eda<\/strong><\/h2>\n<p>El producto est\u00e1 cubierto por <a href=\"https:\/\/www.elettrowebstore.com\/due-anni-di-garanzia-su-ogni-prodotto-acquistato\/\"><strong>garant\u00eda legal<\/strong><\/a>seg\u00fan la p\u00e1gina correspondiente de nuestro sitio web, que le invitamos a leer. Tambi\u00e9n proporcionamos informaci\u00f3n clara sobre el ejercicio de la <a href=\"https:\/\/www.elettrowebstore.com\/diritto-di-recesso-restituzione-prodotti\/\"><strong>derecho de retractaci\u00f3n<\/strong><\/a>.<\/p>\n<p>Para facilitar el ejercicio de este derecho, el fabricante dispone de Centros de Asistencia T\u00e9cnica autorizados en todo el territorio nacional.<\/p>\n<p>Encontrar\u00e1 m\u00e1s informaci\u00f3n sobre la legislaci\u00f3n pertinente en el sitio web de la<a href=\"http:\/\/www.agcm.it\/consumatore\/decalogo\/5102-garanzia-del-venditore-guida-per-il-consumatore.html\"><strong>Autoridad de Competencia y Mercado<\/strong><\/a>.<\/p>\n<p>Con el fin de mejorar la calidad del producto, el fabricante se reserva el derecho de modificar los materiales y las caracter\u00edsticas t\u00e9cnicas del art\u00edculo sin previo aviso.  Adem\u00e1s, las descripciones e im\u00e1genes que aqu\u00ed se ofrecen son, por tanto, orientativas y pueden variar ligeramente respecto al producto final.<\/p>\n<p>&nbsp;<\/p>\n<h2><strong>Plazo de entrega<\/strong><\/h2>\n<p>Este producto est\u00e1 siempre disponible para su entrega inmediata. De hecho, puede pedirse inmediatamente y ElettroWebStore lo env\u00eda en un plazo de 10 d\u00edas laborables a partir de la fecha de compra.<\/p>\n<p>Adem\u00e1s, todos los env\u00edos de ElettroWebStore est\u00e1n exentos de gastos de env\u00edo.<\/p>\n<p>&nbsp;<\/p>\n<h2><strong>Formas de pago aceptadas<\/strong><\/h2>\n<p><strong>En el sitio web de ElettroWebStore puede pagar con todos los m\u00e9todos habituales<\/strong>tanto espec\u00edficas de Internet (como las tarjetas prepago) como tradicionales (como las tarjetas de cr\u00e9dito cl\u00e1sicas).<\/p>\n<p>Para consultar todos los m\u00e9todos de pago aceptados, visite nuestra p\u00e1gina sobre <a href=\"https:\/\/www.elettrowebstore.com\/pagamenti-sicuri-sul-sito-elettrowebstore\/\" target=\"_blank\" rel=\"noopener\"><strong>m\u00e9todos de pago en el sitio ElettroWebStore<\/strong><\/a>. En ning\u00fan caso <strong>ElettroWebStore<\/strong> gestionar los datos de sus tarjetas de pago o darse cuenta de ellos. De hecho <strong>ElettroWebStore<\/strong> s\u00f3lo ver\u00e1 si el pago se ha efectuado o no.<\/p>\n<p>Nuestro sitio utiliza protocolos HTTPS, que garantizan un alto nivel de seguridad para los usuarios.<\/p>","protected":false},"excerpt":{"rendered":"<p>Sart\u00e9n wok de inducci\u00f3n Dura Rocky Twins cm.28 de Flonal con rejilla de acero inoxidable. Se cierra con tapa para reducir el tiempo de cocci\u00f3n. <span style=\"color: #ff0000;\"><strong>Env\u00edo gratuito a Italia<\/strong><\/span><\/p>","protected":false},"featured_media":651016,"template":"","meta":[],"product_brand":[],"product_cat":[17,1310],"product_tag":[1328,1056,2700,1313,1342,1343,1060,2701,985,1061,2697,2698,2699,1350],"class_list":{"0":"post-650909","1":"product","2":"type-product","3":"status-publish","4":"has-post-thumbnail","6":"product_cat-casalinghi-cura-casa","7":"product_cat-padelle-e-pentole-made-in-italy","8":"product_tag-dura","9":"product_tag-flonal","10":"product_tag-griglia-acciaio","11":"product_tag-induzione","12":"product_tag-magma-tech","13":"product_tag-no-pfoa","14":"product_tag-padella","15":"product_tag-padella-doppia","16":"product_tag-piastra","17":"product_tag-pietra","18":"product_tag-rocky-twins","19":"product_tag-saltapasta","20":"product_tag-vaporiera","21":"product_tag-wok","22":"product_shipping_class-pe10","24":"first","25":"outofstock","26":"taxable","27":"shipping-taxable","28":"purchasable","29":"product-type-simple"},"_links":{"self":[{"href":"https:\/\/www.elettrowebstore.com\/es\/wp-json\/wp\/v2\/product\/650909","targetHints":{"allow":["GET"]}}],"collection":[{"href":"https:\/\/www.elettrowebstore.com\/es\/wp-json\/wp\/v2\/product"}],"about":[{"href":"https:\/\/www.elettrowebstore.com\/es\/wp-json\/wp\/v2\/types\/product"}],"wp:featuredmedia":[{"embeddable":true,"href":"https:\/\/www.elettrowebstore.com\/es\/wp-json\/wp\/v2\/media\/651016"}],"wp:attachment":[{"href":"https:\/\/www.elettrowebstore.com\/es\/wp-json\/wp\/v2\/media?parent=650909"}],"wp:term":[{"taxonomy":"product_brand","embeddable":true,"href":"https:\/\/www.elettrowebstore.com\/es\/wp-json\/wp\/v2\/product_brand?post=650909"},{"taxonomy":"product_cat","embeddable":true,"href":"https:\/\/www.elettrowebstore.com\/es\/wp-json\/wp\/v2\/product_cat?post=650909"},{"taxonomy":"product_tag","embeddable":true,"href":"https:\/\/www.elettrowebstore.com\/es\/wp-json\/wp\/v2\/product_tag?post=650909"}],"curies":[{"name":"wp","href":"https:\/\/api.w.org\/{rel}","templated":true}]}}