{"id":638130,"date":"2023-01-02T19:07:50","date_gmt":"2023-01-02T18:07:50","guid":{"rendered":"https:\/\/www.elettrowebstore.com\/?post_type=product&#038;p=638130"},"modified":"2025-04-16T11:25:35","modified_gmt":"2025-04-16T09:25:35","slug":"reber-guarnizione-flangia-motore-500-600-1200-watt-1032a","status":"publish","type":"product","link":"https:\/\/www.elettrowebstore.com\/es\/shop\/reber-junta-brida-motor-500-600-1200-vatios-1032a\/","title":{"rendered":"Junta brida motor Reber 500 600 1200 Watt 1032A"},"content":{"rendered":"<h2><strong>Junta brida motor Reber 500 600 1200 Watt 1032A<\/strong><\/h2>\n<p>Junta de la brida del motor Reber 500 600 1200 Watt 1032A. Esta junta debe colocarse entre la tapa y la brida.<\/p>\n<p>Se recomienda especialmente sustituir esta junta cuando se abre la tapa de la brida delantera del motor. Este es el caso cuando se desea cambiar los retenes de aceite, como el ret\u00e9n de aceite exterior n\u00ba 5, o cuando el motorreductor pierde un poco de aceite.<\/p>\n<p>&nbsp;<\/p>\n<p>&nbsp;<\/p>\n<h2><strong>Especificaciones t\u00e9cnicas<\/strong><\/h2>\n<ul>\n<li>junta de goma original, espec\u00edfica para motorreductores Reber n\u00ba 5<\/li>\n<li>Compatible con motores REBER No.5 500W\/600W\/1200W<\/li>\n<li>C\u00f3digos de motor compatibles: 9601N - motorreductor cv. 0,40; 9602N - motorreductor cv. 0,80; 9603N - motorreductor cv. 1,50 - 1200 W CV CON CARENADO INOX; 9601NSP - MOTORREDUCTOR CV. 0,40 - 500 W CV CON CARENADO INOX; 9602NSP - MOTORREDUCTOR CV. 0,80 - 600 W CV CON CARENADO INOX; 9603NSP - MOTORREDUCTOR CV. 1,50 - 1200 W SP CON CARENADO DE ACERO INOXIDABLE<\/li>\n<li>Se recomienda su compra cuando <a href=\"https:\/\/www.elettrowebstore.com\/shop\/reber-flacone-olio-lubrificante-per-motori-long-life-1073a\/\"><strong>cambiar el aceite original<\/strong><\/a>o al sustituir los engranajes (c\u00f3digo <a href=\"https:\/\/www.elettrowebstore.com\/shop\/reber-serie-3-ingranaggi-motori-grandi-in-alluminio-zama-1020ser\/\"><strong>1020SER en aluminio<\/strong><\/a> y c\u00f3digo <a href=\"https:\/\/www.elettrowebstore.com\/shop\/reber-3-ingranaggi-motori-500-600-1200-watt-acciaio-1021ser\/\"><strong>1021SER acero<\/strong><\/a>) y al sustituir el <a href=\"https:\/\/www.elettrowebstore.com\/shop\/reber-paraolio-esterno-per-motoriduttore-n-5\/\"><strong>ret\u00e9n eterno n\u00ba 5<\/strong><\/a><\/li>\n<\/ul>\n<p>&nbsp;<\/p>\n<h2><strong>Informaci\u00f3n sobre el producto REBER<\/strong><\/h2>\n<p><a href=\"http:\/\/www.rebersrl.it\"><strong>REBER<\/strong> <\/a>es l\u00edder en Italia y en el extranjero en la producci\u00f3n y distribuci\u00f3n de art\u00edculos para el hogar y para profesionales. De hecho, sus art\u00edculos est\u00e1n espec\u00edficamente dise\u00f1ados para disponer de productos de gran fiabilidad en el hogar o el taller, pensados para durar mucho tiempo.<\/p>\n<p>Adem\u00e1s, todos los motores y accesorios cumplen siempre todas las normativas aplicables, tanto en materia de tecnolog\u00eda de fabricaci\u00f3n como de contacto de los alimentos con los materiales.<\/p>\n<p>De hecho, todos los art\u00edculos REBER van acompa\u00f1ados de una declaraci\u00f3n de conformidad. Por lo tanto, \u00a1garantizan siempre la m\u00e1xima satisfacci\u00f3n de todos los usuarios!<\/p>\n<p>&nbsp;<\/p>\n<h2><strong>Garant\u00eda<\/strong><\/h2>\n<p>El producto est\u00e1 cubierto por <a href=\"https:\/\/www.elettrowebstore.com\/due-anni-di-garanzia-su-ogni-prodotto-acquistato\/\"><strong>garant\u00eda legal<\/strong><\/a>seg\u00fan la p\u00e1gina correspondiente de nuestro sitio web, que le invitamos a leer. Tambi\u00e9n proporcionamos informaci\u00f3n clara sobre el ejercicio de la <a href=\"https:\/\/www.elettrowebstore.com\/diritto-di-recesso-restituzione-prodotti\/\"><strong>derecho de retractaci\u00f3n<\/strong><\/a>.<\/p>\n<p>Para facilitar el ejercicio de este derecho, el fabricante dispone de Centros de Asistencia T\u00e9cnica autorizados en todo el territorio nacional.<\/p>\n<p>Encontrar\u00e1 m\u00e1s informaci\u00f3n sobre la legislaci\u00f3n pertinente en el sitio web de la<a href=\"http:\/\/www.agcm.it\/consumatore\/decalogo\/5102-garanzia-del-venditore-guida-per-il-consumatore.html\"><strong>Autoridad de Competencia y Mercado<\/strong><\/a>.<\/p>\n<p>Con el fin de mejorar la calidad del producto, el fabricante se reserva el derecho de modificar los materiales y las caracter\u00edsticas t\u00e9cnicas del art\u00edculo sin previo aviso.  Adem\u00e1s, las descripciones e im\u00e1genes que aqu\u00ed se ofrecen son, por tanto, orientativas y pueden variar ligeramente respecto al producto final.<\/p>\n<p>&nbsp;<\/p>\n<h2><strong>Plazo de entrega<\/strong><\/h2>\n<p>Este producto est\u00e1 siempre disponible para su entrega inmediata. De hecho, se puede pedir de inmediato y es enviado por ElettroWebStore dentro de 2 d\u00edas h\u00e1biles a partir de la fecha de compra.<\/p>\n<p>&nbsp;<\/p>\n<h2><strong>Formas de pago aceptadas<\/strong><\/h2>\n<p><strong>En el sitio web de ElettroWebStore puede pagar con todos los m\u00e9todos habituales<\/strong>tanto espec\u00edficas de Internet (como las tarjetas prepago) como tradicionales (como las tarjetas de cr\u00e9dito cl\u00e1sicas).<\/p>\n<p>En ning\u00fan caso <a href=\"http:\/\/www.elettrowebstore.com\"><strong>ElettroWebStore<\/strong><\/a> gestionar los datos de sus tarjetas de pago o darse cuenta de ellos. De hecho <a href=\"http:\/\/www.elettrowebstore.com\"><strong>ElettroWebStore<\/strong><\/a> s\u00f3lo ver\u00e1 si el pago se ha efectuado o no.<\/p>\n<p>Nuestro sitio utiliza protocolos HTTPS, que garantizan un alto nivel de seguridad para los usuarios.<\/p>","protected":false},"excerpt":{"rendered":"<p>La junta de brida del motor Reber 500 600 1200 Watt 1032A restablece el cierre de la tapa delantera para evitar fugas de aceite.<\/p>","protected":false},"featured_media":638151,"template":"","meta":[],"product_brand":[],"product_cat":[702],"product_tag":[],"class_list":{"0":"post-638130","1":"product","2":"type-product","3":"status-publish","4":"has-post-thumbnail","6":"product_cat-ricambi-botta-greenwood-imperia-monferrina-paini-reber","7":"product_shipping_class-pe","9":"first","10":"instock","11":"taxable","12":"shipping-taxable","13":"purchasable","14":"product-type-simple"},"yoast_head":"<!-- This site is optimized with the Yoast SEO plugin v27.4 - https:\/\/yoast.com\/product\/yoast-seo-wordpress\/ -->\n<title>Reber guarnizione flangia motore 500 600 1200 Watt 1032A<\/title>\n<meta name=\"description\" content=\"Reber guarnizione flangia motore 500 600 1200 Watt 1032A ripristina la chiusura del coperchio anteriore per evitare perdite di olio\" \/>\n<meta name=\"robots\" content=\"index, follow, max-snippet:-1, max-image-preview:large, max-video-preview:-1\" \/>\n<link rel=\"canonical\" href=\"https:\/\/www.elettrowebstore.com\/es\/shop\/reber-junta-brida-motor-500-600-1200-vatios-1032a\/\" \/>\n<meta property=\"og:locale\" content=\"es_ES\" \/>\n<meta property=\"og:type\" content=\"article\" \/>\n<meta property=\"og:title\" content=\"Reber guarnizione flangia motore 500 600 1200 Watt 1032A\" \/>\n<meta property=\"og:description\" content=\"Reber guarnizione flangia motore 500 600 1200 Watt 1032A ripristina la chiusura del coperchio anteriore per evitare perdite di olio\" \/>\n<meta property=\"og:url\" content=\"https:\/\/www.elettrowebstore.com\/es\/shop\/reber-junta-brida-motor-500-600-1200-vatios-1032a\/\" \/>\n<meta property=\"og:site_name\" content=\"ElettroWebStore\" \/>\n<meta property=\"article:modified_time\" content=\"2025-04-16T09:25:35+00:00\" \/>\n<meta property=\"og:image\" content=\"https:\/\/www.elettrowebstore.com\/EWS_Store\/wp-content\/uploads\/reber-guarnizione-flangia-coperchio-riduttore-reber-500-600-1200-w-040-080-150-hp-1032A.jpg\" \/>\n\t<meta property=\"og:image:width\" content=\"600\" \/>\n\t<meta property=\"og:image:height\" content=\"600\" \/>\n\t<meta property=\"og:image:type\" content=\"image\/jpeg\" \/>\n<meta name=\"twitter:card\" content=\"summary_large_image\" \/>\n<meta name=\"twitter:label1\" content=\"Tiempo de lectura\" \/>\n\t<meta name=\"twitter:data1\" content=\"3 minutos\" \/>\n<script type=\"application\/ld+json\" class=\"yoast-schema-graph\">{\"@context\":\"https:\\\/\\\/schema.org\",\"@graph\":[{\"@type\":\"WebPage\",\"@id\":\"https:\\\/\\\/www.elettrowebstore.com\\\/shop\\\/reber-guarnizione-flangia-motore-500-600-1200-watt-1032a\\\/\",\"url\":\"https:\\\/\\\/www.elettrowebstore.com\\\/shop\\\/reber-guarnizione-flangia-motore-500-600-1200-watt-1032a\\\/\",\"name\":\"Reber guarnizione flangia motore 500 600 1200 Watt 1032A\",\"isPartOf\":{\"@id\":\"https:\\\/\\\/www.elettrowebstore.com\\\/#website\"},\"primaryImageOfPage\":{\"@id\":\"https:\\\/\\\/www.elettrowebstore.com\\\/shop\\\/reber-guarnizione-flangia-motore-500-600-1200-watt-1032a\\\/#primaryimage\"},\"image\":{\"@id\":\"https:\\\/\\\/www.elettrowebstore.com\\\/shop\\\/reber-guarnizione-flangia-motore-500-600-1200-watt-1032a\\\/#primaryimage\"},\"thumbnailUrl\":\"https:\\\/\\\/www.elettrowebstore.com\\\/EWS_Store\\\/wp-content\\\/uploads\\\/reber-guarnizione-flangia-coperchio-riduttore-reber-500-600-1200-w-040-080-150-hp-1032A.jpg\",\"datePublished\":\"2023-01-02T18:07:50+00:00\",\"dateModified\":\"2025-04-16T09:25:35+00:00\",\"description\":\"Reber guarnizione flangia motore 500 600 1200 Watt 1032A ripristina la chiusura del coperchio anteriore per evitare perdite di olio\",\"breadcrumb\":{\"@id\":\"https:\\\/\\\/www.elettrowebstore.com\\\/shop\\\/reber-guarnizione-flangia-motore-500-600-1200-watt-1032a\\\/#breadcrumb\"},\"inLanguage\":\"es\",\"potentialAction\":[{\"@type\":\"ReadAction\",\"target\":[\"https:\\\/\\\/www.elettrowebstore.com\\\/shop\\\/reber-guarnizione-flangia-motore-500-600-1200-watt-1032a\\\/\"]}]},{\"@type\":\"ImageObject\",\"inLanguage\":\"es\",\"@id\":\"https:\\\/\\\/www.elettrowebstore.com\\\/shop\\\/reber-guarnizione-flangia-motore-500-600-1200-watt-1032a\\\/#primaryimage\",\"url\":\"https:\\\/\\\/www.elettrowebstore.com\\\/EWS_Store\\\/wp-content\\\/uploads\\\/reber-guarnizione-flangia-coperchio-riduttore-reber-500-600-1200-w-040-080-150-hp-1032A.jpg\",\"contentUrl\":\"https:\\\/\\\/www.elettrowebstore.com\\\/EWS_Store\\\/wp-content\\\/uploads\\\/reber-guarnizione-flangia-coperchio-riduttore-reber-500-600-1200-w-040-080-150-hp-1032A.jpg\",\"width\":600,\"height\":600,\"caption\":\"reber-guarnizione-flangia-coperchio-riduttore-reber-500-600-1200-w-040-080-150-hp-1032A\"},{\"@type\":\"BreadcrumbList\",\"@id\":\"https:\\\/\\\/www.elettrowebstore.com\\\/shop\\\/reber-guarnizione-flangia-motore-500-600-1200-watt-1032a\\\/#breadcrumb\",\"itemListElement\":[{\"@type\":\"ListItem\",\"position\":1,\"name\":\"Home\",\"item\":\"https:\\\/\\\/www.elettrowebstore.com\\\/\"},{\"@type\":\"ListItem\",\"position\":2,\"name\":\"Shop\",\"item\":\"https:\\\/\\\/www.elettrowebstore.com\\\/shop\\\/\"},{\"@type\":\"ListItem\",\"position\":3,\"name\":\"Parti di ricambio\",\"item\":\"https:\\\/\\\/www.elettrowebstore.com\\\/categoria-prodotto\\\/ricambi-botta-greenwood-imperia-monferrina-paini-reber\\\/\"},{\"@type\":\"ListItem\",\"position\":4,\"name\":\"Reber guarnizione flangia motore 500 600 1200 Watt 1032A\"}]},{\"@type\":\"WebSite\",\"@id\":\"https:\\\/\\\/www.elettrowebstore.com\\\/#website\",\"url\":\"https:\\\/\\\/www.elettrowebstore.com\\\/\",\"name\":\"ElettroWebStore\",\"description\":\"Casalinghi buste sottovuoto ferramenta articoli giardino elettrodomestici\",\"publisher\":{\"@id\":\"https:\\\/\\\/www.elettrowebstore.com\\\/#organization\"},\"potentialAction\":[{\"@type\":\"SearchAction\",\"target\":{\"@type\":\"EntryPoint\",\"urlTemplate\":\"https:\\\/\\\/www.elettrowebstore.com\\\/?s={search_term_string}\"},\"query-input\":{\"@type\":\"PropertyValueSpecification\",\"valueRequired\":true,\"valueName\":\"search_term_string\"}}],\"inLanguage\":\"es\"},{\"@type\":\"Organization\",\"@id\":\"https:\\\/\\\/www.elettrowebstore.com\\\/#organization\",\"name\":\"ElettroWebStore - ELCA S.r.l.\",\"url\":\"https:\\\/\\\/www.elettrowebstore.com\\\/\",\"logo\":{\"@type\":\"ImageObject\",\"inLanguage\":\"es\",\"@id\":\"https:\\\/\\\/www.elettrowebstore.com\\\/#\\\/schema\\\/logo\\\/image\\\/\",\"url\":\"\",\"contentUrl\":\"\",\"caption\":\"ElettroWebStore - ELCA S.r.l.\"},\"image\":{\"@id\":\"https:\\\/\\\/www.elettrowebstore.com\\\/#\\\/schema\\\/logo\\\/image\\\/\"}}]}<\/script>\n<!-- \/ Yoast SEO plugin. -->","yoast_head_json":{"title":"Junta brida motor Reber 500 600 1200 Watt 1032A","description":"La junta de brida del motor Reber 500 600 1200 Watt 1032A restablece el cierre de la tapa delantera para evitar fugas de aceite","robots":{"index":"index","follow":"follow","max-snippet":"max-snippet:-1","max-image-preview":"max-image-preview:large","max-video-preview":"max-video-preview:-1"},"canonical":"https:\/\/www.elettrowebstore.com\/es\/shop\/reber-junta-brida-motor-500-600-1200-vatios-1032a\/","og_locale":"es_ES","og_type":"article","og_title":"Reber guarnizione flangia motore 500 600 1200 Watt 1032A","og_description":"Reber guarnizione flangia motore 500 600 1200 Watt 1032A ripristina la chiusura del coperchio anteriore per evitare perdite di olio","og_url":"https:\/\/www.elettrowebstore.com\/es\/shop\/reber-junta-brida-motor-500-600-1200-vatios-1032a\/","og_site_name":"ElettroWebStore","article_modified_time":"2025-04-16T09:25:35+00:00","og_image":[{"width":600,"height":600,"url":"https:\/\/www.elettrowebstore.com\/EWS_Store\/wp-content\/uploads\/reber-guarnizione-flangia-coperchio-riduttore-reber-500-600-1200-w-040-080-150-hp-1032A.jpg","type":"image\/jpeg"}],"twitter_card":"summary_large_image","twitter_misc":{"Tiempo de lectura":"3 minutos"},"schema":{"@context":"https:\/\/schema.org","@graph":[{"@type":"WebPage","@id":"https:\/\/www.elettrowebstore.com\/shop\/reber-guarnizione-flangia-motore-500-600-1200-watt-1032a\/","url":"https:\/\/www.elettrowebstore.com\/shop\/reber-guarnizione-flangia-motore-500-600-1200-watt-1032a\/","name":"Junta brida motor Reber 500 600 1200 Watt 1032A","isPartOf":{"@id":"https:\/\/www.elettrowebstore.com\/#website"},"primaryImageOfPage":{"@id":"https:\/\/www.elettrowebstore.com\/shop\/reber-guarnizione-flangia-motore-500-600-1200-watt-1032a\/#primaryimage"},"image":{"@id":"https:\/\/www.elettrowebstore.com\/shop\/reber-guarnizione-flangia-motore-500-600-1200-watt-1032a\/#primaryimage"},"thumbnailUrl":"https:\/\/www.elettrowebstore.com\/EWS_Store\/wp-content\/uploads\/reber-guarnizione-flangia-coperchio-riduttore-reber-500-600-1200-w-040-080-150-hp-1032A.jpg","datePublished":"2023-01-02T18:07:50+00:00","dateModified":"2025-04-16T09:25:35+00:00","description":"La junta de brida del motor Reber 500 600 1200 Watt 1032A restablece el cierre de la tapa delantera para evitar fugas de aceite","breadcrumb":{"@id":"https:\/\/www.elettrowebstore.com\/shop\/reber-guarnizione-flangia-motore-500-600-1200-watt-1032a\/#breadcrumb"},"inLanguage":"es","potentialAction":[{"@type":"ReadAction","target":["https:\/\/www.elettrowebstore.com\/shop\/reber-guarnizione-flangia-motore-500-600-1200-watt-1032a\/"]}]},{"@type":"ImageObject","inLanguage":"es","@id":"https:\/\/www.elettrowebstore.com\/shop\/reber-guarnizione-flangia-motore-500-600-1200-watt-1032a\/#primaryimage","url":"https:\/\/www.elettrowebstore.com\/EWS_Store\/wp-content\/uploads\/reber-guarnizione-flangia-coperchio-riduttore-reber-500-600-1200-w-040-080-150-hp-1032A.jpg","contentUrl":"https:\/\/www.elettrowebstore.com\/EWS_Store\/wp-content\/uploads\/reber-guarnizione-flangia-coperchio-riduttore-reber-500-600-1200-w-040-080-150-hp-1032A.jpg","width":600,"height":600,"caption":"reber-guarnizione-flangia-coperchio-riduttore-reber-500-600-1200-w-040-080-150-hp-1032A"},{"@type":"BreadcrumbList","@id":"https:\/\/www.elettrowebstore.com\/shop\/reber-guarnizione-flangia-motore-500-600-1200-watt-1032a\/#breadcrumb","itemListElement":[{"@type":"ListItem","position":1,"name":"Home","item":"https:\/\/www.elettrowebstore.com\/"},{"@type":"ListItem","position":2,"name":"Shop","item":"https:\/\/www.elettrowebstore.com\/shop\/"},{"@type":"ListItem","position":3,"name":"Parti di ricambio","item":"https:\/\/www.elettrowebstore.com\/categoria-prodotto\/ricambi-botta-greenwood-imperia-monferrina-paini-reber\/"},{"@type":"ListItem","position":4,"name":"Reber guarnizione flangia motore 500 600 1200 Watt 1032A"}]},{"@type":"WebSite","@id":"https:\/\/www.elettrowebstore.com\/#website","url":"https:\/\/www.elettrowebstore.com\/","name":"ElettroWebStore","description":"Art\u00edculos para el hogar bolsas de vac\u00edo ferreter\u00eda art\u00edculos de jardiner\u00eda electrodom\u00e9sticos","publisher":{"@id":"https:\/\/www.elettrowebstore.com\/#organization"},"potentialAction":[{"@type":"SearchAction","target":{"@type":"EntryPoint","urlTemplate":"https:\/\/www.elettrowebstore.com\/?s={search_term_string}"},"query-input":{"@type":"PropertyValueSpecification","valueRequired":true,"valueName":"search_term_string"}}],"inLanguage":"es"},{"@type":"Organization","@id":"https:\/\/www.elettrowebstore.com\/#organization","name":"ElettroWebStore - ELCA S.r.l.","url":"https:\/\/www.elettrowebstore.com\/","logo":{"@type":"ImageObject","inLanguage":"es","@id":"https:\/\/www.elettrowebstore.com\/#\/schema\/logo\/image\/","url":"","contentUrl":"","caption":"ElettroWebStore - ELCA S.r.l."},"image":{"@id":"https:\/\/www.elettrowebstore.com\/#\/schema\/logo\/image\/"}}]}},"_links":{"self":[{"href":"https:\/\/www.elettrowebstore.com\/es\/wp-json\/wp\/v2\/product\/638130","targetHints":{"allow":["GET"]}}],"collection":[{"href":"https:\/\/www.elettrowebstore.com\/es\/wp-json\/wp\/v2\/product"}],"about":[{"href":"https:\/\/www.elettrowebstore.com\/es\/wp-json\/wp\/v2\/types\/product"}],"wp:featuredmedia":[{"embeddable":true,"href":"https:\/\/www.elettrowebstore.com\/es\/wp-json\/wp\/v2\/media\/638151"}],"wp:attachment":[{"href":"https:\/\/www.elettrowebstore.com\/es\/wp-json\/wp\/v2\/media?parent=638130"}],"wp:term":[{"taxonomy":"product_brand","embeddable":true,"href":"https:\/\/www.elettrowebstore.com\/es\/wp-json\/wp\/v2\/product_brand?post=638130"},{"taxonomy":"product_cat","embeddable":true,"href":"https:\/\/www.elettrowebstore.com\/es\/wp-json\/wp\/v2\/product_cat?post=638130"},{"taxonomy":"product_tag","embeddable":true,"href":"https:\/\/www.elettrowebstore.com\/es\/wp-json\/wp\/v2\/product_tag?post=638130"}],"curies":[{"name":"wp","href":"https:\/\/api.w.org\/{rel}","templated":true}]}}