{"id":6085,"date":"2018-11-20T17:44:32","date_gmt":"2018-11-20T16:44:32","guid":{"rendered":"https:\/\/www.elettrowebstore.com\/?post_type=product&#038;p=6085"},"modified":"2022-11-04T17:07:52","modified_gmt":"2022-11-04T16:07:52","slug":"gaggia-viva-style-macchina-caffe-domestica-a-polvere-e-cialde-ri8433-11","status":"publish","type":"product","link":"https:\/\/www.elettrowebstore.com\/es\/shop\/cafetera-domestica-gaggia-viva-style-con-polvo-y-monodosis-ri8433-11\/","title":{"rendered":"Cafetera dom\u00e9stica GAGGIA Viva Style con polvo y monodosis RI8433-11"},"content":{"rendered":"<h2><strong>Cafetera dom\u00e9stica GAGGIA Viva Style con polvo y monodosis RI8433-11<\/strong><\/h2>\n<p><a href=\"https:\/\/www.elettrowebstore.com\/shop\/gaggia-viva-style-macchina-caffe-domestica-a-polvere-e-cialde-ri8433-11\/\"><strong>Cafetera dom\u00e9stica GAGGIA Viva Style con polvo y monodosis RI8433-11<\/strong><\/a>\u00a0es la cafetera GAGGIA con una estructura fabricada \u00edntegramente en pl\u00e1stico ABS negro.<\/p>\n<p>Hablamos de cafetera manual porque el usuario tiene que introducir el caf\u00e9 en polvo o la monodosis de papel en el portafiltro. De hecho, la cafetera GAGGIA Viva Style es compatible tanto con caf\u00e9 en polvo, es decir, molido, como con monodosis de papel. No puede utilizarse con c\u00e1psulas.<\/p>\n<p>Todas las cafeteras GAGGIA se fabrican en Italia, prestando la m\u00e1xima atenci\u00f3n a los detalles y a la calidad general del producto. \u00a1Compre productos italianos y no importados!<\/p>\n<p>La calidad de las cafeteras GAGGIA es evidente no s\u00f3lo por la importancia del nombre de la marca. El fundador, de hecho, fue el inventor de las m\u00e1quinas de caf\u00e9 espresso de bar tal y como las conocemos hoy en d\u00eda. El caf\u00e9 que suministran las cafeteras GAGGIA es de la m\u00e1xima calidad y es \"de bar\", incluso para las m\u00e1quinas dom\u00e9sticas.<\/p>\n<p>Sin embargo, a estas caracter\u00edsticas hay que a\u00f1adir la consistencia y robustez de los bastidores de las cafeteras, as\u00ed como de los componentes internos utilizados.<\/p>\n<p>Las m\u00e1quinas de caf\u00e9 GAGGIA son ahora atendidas por los CATs de Philips. Esto es una garant\u00eda de intervenci\u00f3n r\u00e1pida para todo tipo de necesidades y emergencias, porque en Italia \"\u00a1el caf\u00e9 se disfruta todos los d\u00edas!<\/p>\n<p><img loading=\"lazy\" decoding=\"async\" class=\"aligncenter wp-image-6089\" src=\"https:\/\/www.elettrowebstore.com\/EWS_Store\/wp-content\/uploads\/2020\/04\/gaggia-viva-style-macchina-caffe-manuale-polvere-cialde-RI8433-11-1.jpg\" alt=\"\" width=\"800\" height=\"640\" srcset=\"https:\/\/www.elettrowebstore.com\/EWS_Store\/wp-content\/uploads\/gaggia-viva-style-macchina-caffe-manuale-polvere-cialde-RI8433-11-1.jpg 1280w, https:\/\/www.elettrowebstore.com\/EWS_Store\/wp-content\/uploads\/gaggia-viva-style-macchina-caffe-manuale-polvere-cialde-RI8433-11-1-600x480.jpg 600w, https:\/\/www.elettrowebstore.com\/EWS_Store\/wp-content\/uploads\/gaggia-viva-style-macchina-caffe-manuale-polvere-cialde-RI8433-11-1-768x614.jpg 768w\" sizes=\"auto, (max-width: 800px) 100vw, 800px\" \/><\/p>\n<p>&nbsp;<\/p>\n<h2><strong>Especificaciones t\u00e9cnicas<\/strong><\/h2>\n<p>A continuaci\u00f3n se detallan las principales caracter\u00edsticas del <strong><a href=\"https:\/\/www.elettrowebstore.com\/shop\/gaggia-viva-style-macchina-caffe-domestica-a-polvere-e-cialde-ri8433-11\/\">Cafetera dom\u00e9stica GAGGIA Viva Style con polvo y monodosis RI8433-11<\/a><\/strong><\/p>\n<ul>\n<li>Interfaz: mando de control<\/li>\n<li>Portafiltro presurizado crema perfecta<\/li>\n<li>Dispensador de agua caliente\/vapor<\/li>\n<li>Marcador cl\u00e1sico de pl\u00e1stico negro<\/li>\n<li>Color de la carrocer\u00eda: negro<\/li>\n<li>Preparar caf\u00e9 espresso<\/li>\n<li>Producci\u00f3n de vapor<\/li>\n<li>Producci\u00f3n de agua caliente<\/li>\n<li>Compatible con caf\u00e9 molido y pastillas de caf\u00e9<\/li>\n<li>Presi\u00f3n de la bomba: 15 bar<\/li>\n<li>Filtros suministrados: 2 (1-2 CAPS, PODS PRESURIZADOS 'crema perfecta')<\/li>\n<li>Capacidad del dep\u00f3sito de agua: 1 litro<\/li>\n<li>Componentes desmontables: TANQUE DE AGUA: desde arriba, BANDEJA DE DESCARGA: frontal, PANEL<\/li>\n<li>Dosificaci\u00f3n simult\u00e1nea de 2 tazas de caf\u00e9<\/li>\n<li>Ciclo de descalcificaci\u00f3n MANUAL<\/li>\n<li>Dimensiones del producto (ancho x alto x fondo): 20 x 29,7 x 26,5 cm<\/li>\n<li>Peso del producto: 3,8 kg<\/li>\n<li>Grupo y portafiltros: aluminio y pl\u00e1stico<\/li>\n<li>Acabado Pannarello: acero inoxidable<\/li>\n<li>Carrocer\u00eda: pl\u00e1stico negro<\/li>\n<li>Acabado del panel frontal: pl\u00e1stico ABS negro<\/li>\n<li>Acabado de la bandeja recogegotas: PL\u00c1STICO ABS<\/li>\n<li>Alimentaci\u00f3n: espera autom\u00e1tica<\/li>\n<li>Caldera: ACERO INOXIDABLE<\/li>\n<li>Alimentaci\u00f3n: 230-240V 50HZ 1025W<\/li>\n<li>Accesorios incluidos: Dispensador de caf\u00e9 molido, prensa<\/li>\n<\/ul>\n<p><img loading=\"lazy\" decoding=\"async\" class=\"aligncenter wp-image-6090\" src=\"https:\/\/www.elettrowebstore.com\/EWS_Store\/wp-content\/uploads\/2020\/04\/gaggia-viva-style-macchina-caffe-manuale-polvere-cialde-RI8433-11-2.jpg\" alt=\"Cafetera dom\u00e9stica GAGGIA Viva Style con polvo y monodosis RI8433-11\" width=\"800\" height=\"425\" srcset=\"https:\/\/www.elettrowebstore.com\/EWS_Store\/wp-content\/uploads\/gaggia-viva-style-macchina-caffe-manuale-polvere-cialde-RI8433-11-2.jpg 1280w, https:\/\/www.elettrowebstore.com\/EWS_Store\/wp-content\/uploads\/gaggia-viva-style-macchina-caffe-manuale-polvere-cialde-RI8433-11-2-600x319.jpg 600w, https:\/\/www.elettrowebstore.com\/EWS_Store\/wp-content\/uploads\/gaggia-viva-style-macchina-caffe-manuale-polvere-cialde-RI8433-11-2-768x408.jpg 768w\" sizes=\"auto, (max-width: 800px) 100vw, 800px\" \/><\/p>\n<p>&nbsp;<\/p>\n<p>&nbsp;<\/p>\n<h2><strong>Descripci\u00f3n GAGGIA Viva Style cafetera dom\u00e9stica con polvo y monodosis RI8433-11<br \/>\n<\/strong><\/h2>\n<p>El cuerpo de acero inoxidable del <a href=\"https:\/\/www.elettrowebstore.com\/shop\/gaggia-viva-style-macchina-caffe-domestica-a-polvere-e-cialde-ri8433-11\/\"><strong>Cafetera dom\u00e9stica GAGGIA Viva Style con polvo y monodosis RI8433-11<\/strong><\/a> confiere a esta cafetera un dise\u00f1o ergon\u00f3mico. El cuerpo de esta cafetera est\u00e1 fabricado \u00edntegramente en pl\u00e1stico ABS negro.<\/p>\n<p>El portafiltro presurizado \"Perfect Cream\" garantiza una crema deliciosa y homog\u00e9nea, tanto si se utiliza caf\u00e9 molido como en monodosis.<\/p>\n<p>Utilizar la GAGGIA Viva Style es muy sencillo e intuitivo. Basta con girar el bot\u00f3n central y GAGGIA Viva Style estar\u00e1 inmediatamente lista para dispensar un espresso impecable o vaporizar para preparar una cremosa espuma de leche.<\/p>\n<p>El cl\u00e1sico pannarello es de pl\u00e1stico. Permite el mismo enfoque que el barista tradicional: proporciona vapor para emulsionar la leche o agua caliente para preparar t\u00e9 e infusiones.<\/p>\n<p>La <strong><a href=\"https:\/\/www.elettrowebstore.com\/shop\/gaggia-viva-style-macchina-caffe-domestica-a-polvere-e-cialde-ri8433-11\/\">Cafetera dom\u00e9stica GAGGIA Viva Style con polvo y monodosis RI8433-11<\/a><\/strong> puede utilizar caf\u00e9 molido y monodosis de caf\u00e9 y puede preparar 1 \u00f3 2 tazas de caf\u00e9. Dispone de un filtro para 1 o 2 caf\u00e9s y un filtro especial adicional para monodosis de papel.<\/p>\n<p>Esta cafetera est\u00e1 equipada con una bomba de 15 bares para impulsar agua a alta presi\u00f3n en el caf\u00e9 molido con la intensidad justa para disfrutar de una crema natural con un sabor profesional.<\/p>\n<p>&nbsp;<\/p>\n<p>&nbsp;<\/p>\n<h2><strong>Informaci\u00f3n sobre el producto GAGGIA<\/strong><\/h2>\n<p><img loading=\"lazy\" decoding=\"async\" class=\"size-full wp-image-5879 alignleft\" src=\"https:\/\/www.elettrowebstore.com\/EWS_Store\/wp-content\/uploads\/2020\/04\/GAGGIA-logo-macchine-caffe-espresso_587916a68.jpg\" alt=\"GAGGIA-logo-cafeteras-espresso\" width=\"150\" height=\"71\" \/><\/p>\n<p><a href=\"https:\/\/www.gaggia.it\"><strong>GAGGIA<\/strong><\/a> es un fabricante l\u00edder mundial de m\u00e1quinas de caf\u00e9. Las m\u00e1quinas de caf\u00e9 Gaggia nacieron de la investigaci\u00f3n futurista del Sr. Achille Gaggia, que fund\u00f3 la empresa especializada en la producci\u00f3n de m\u00e1quinas de caf\u00e9 espresso en la d\u00e9cada de 1930.<\/p>\n<p>Desde hace m\u00e1s de medio siglo, GAGGIA fabrica cafeteras profesionales y dom\u00e9sticas innovadoras y de \u00faltima generaci\u00f3n, siempre con el objetivo de obtener un espresso de la m\u00e1xima calidad. Su investigaci\u00f3n se ha centrado siempre en la mejora de la extracci\u00f3n del caf\u00e9 y en la obtenci\u00f3n de la suave capa de \"crema natural\" sobre el caf\u00e9, en la b\u00fasqueda de un sabor cada vez mejor.<\/p>\n<p>A partir de entonces, primero con m\u00e1quinas de caf\u00e9 para cafeter\u00edas y luego para uso dom\u00e9stico, GAGGIA se convirti\u00f3 en l\u00edder del mercado.<\/p>\n<p>En 1999, Gaggia se fusion\u00f3 con Saeco y present\u00f3 su l\u00ednea de cafeteras espresso autom\u00e1ticas: con s\u00f3lo pulsar un bot\u00f3n, la m\u00e1quina muele el caf\u00e9, lo prensa y \u00a1lo dispensa directamente en la taza! Diez a\u00f1os m\u00e1s tarde, Gaggia fue vendida a PHILIPS ELECTRONICS y desde entonces forma parte de uno de los mayores grupos industriales europeos en el \u00e1mbito de los electrodom\u00e9sticos y la electr\u00f3nica, con una ampl\u00edsima red de centros de servicio autorizados.<\/p>\n<p>&nbsp;<\/p>\n<h2><strong>Garant\u00eda<\/strong><\/h2>\n<p>El producto est\u00e1 cubierto por <a href=\"https:\/\/www.elettrowebstore.com\/due-anni-di-garanzia-su-ogni-prodotto-acquistato\/\"><strong>garant\u00eda legal<\/strong><\/a>seg\u00fan la p\u00e1gina correspondiente de nuestro sitio web, que le invitamos a leer. Tambi\u00e9n proporcionamos informaci\u00f3n clara sobre el ejercicio de la <a href=\"https:\/\/www.elettrowebstore.com\/diritto-di-recesso-restituzione-prodotti\/\"><strong>derecho de retractaci\u00f3n<\/strong><\/a>.<\/p>\n<p>Para facilitar el ejercicio de este derecho, el fabricante dispone de Centros de Asistencia T\u00e9cnica autorizados en todo el territorio nacional.<\/p>\n<p>Encontrar\u00e1 m\u00e1s informaci\u00f3n sobre la legislaci\u00f3n pertinente en el sitio web de la<a href=\"http:\/\/www.agcm.it\/consumatore\/decalogo\/5102-garanzia-del-venditore-guida-per-il-consumatore.html\"><strong>Autoridad de Competencia y Mercado<\/strong><\/a>.<\/p>\n<p>Con el fin de mejorar la calidad del producto, el fabricante se reserva el derecho de modificar los materiales y las caracter\u00edsticas t\u00e9cnicas del art\u00edculo sin previo aviso.  Adem\u00e1s, las descripciones e im\u00e1genes que aqu\u00ed se ofrecen son, por tanto, orientativas y pueden variar ligeramente respecto al producto final.<\/p>\n<p>El servicio y la garant\u00eda de los productos GAGGIA son proporcionados directamente, en toda Italia y Europa, por los centros de servicio Philips. Para cualquier problema con estas m\u00e1quinas, incluso si se acaban de comprar o tienen m\u00e1s de dos a\u00f1os, todos los clientes pueden ponerse en contacto con los CAT de Philips.<\/p>\n<p>&nbsp;<\/p>\n<h2><strong>Plazo de entrega<\/strong><\/h2>\n<p>Este producto est\u00e1 disponible en un plazo medio de 10 d\u00edas laborables.<\/p>\n<p>Adem\u00e1s, \u00a1todos los env\u00edos de ElettroWebStore en Italia est\u00e1n exentos de gastos de transporte (excepto los env\u00edos a zonas especialmente inc\u00f3modas)!<\/p>\n<p>Si compra desde fuera de Italia, el sistema calcula los gastos de env\u00edo a tanto alzado. Si observa que, en relaci\u00f3n con el peso del producto elegido, los gastos de env\u00edo le parecen excesivos o desproporcionados, finalice su pedido sin pagar y <a href=\"https:\/\/www.elettrowebstore.com\/contatta-lo-staff-di-elettrowebstore\/\"><strong>Contacto<\/strong><\/a>\u00a1! Evaluaremos y, si es necesario, ajustaremos los gastos de env\u00edo al extranjero.<\/p>\n<p><a href=\"https:\/\/www.elettrowebstore.com\/spedizioni-consegne-prodotti-italia-estero\/\"><img loading=\"lazy\" decoding=\"async\" class=\"aligncenter wp-image-5149 size-full\" src=\"https:\/\/www.elettrowebstore.com\/EWS_Store\/wp-content\/uploads\/2020\/04\/elettrowebstore-spedizione-con-corrieri-brt-sda-dhl_n75nxd.jpg\" alt=\"ElettroWebStore env\u00eda con mensajer\u00eda r\u00e1pida BRT SDA DHL\" width=\"649\" height=\"175\" srcset=\"https:\/\/www.elettrowebstore.com\/EWS_Store\/wp-content\/uploads\/elettrowebstore-spedizione-con-corrieri-brt-sda-dhl_n75nxd.jpg 649w, https:\/\/www.elettrowebstore.com\/EWS_Store\/wp-content\/uploads\/elettrowebstore-spedizione-con-corrieri-brt-sda-dhl_n75nxd-600x162.jpg 600w\" sizes=\"auto, (max-width: 649px) 100vw, 649px\" \/><\/a><\/p>\n<p>&nbsp;<\/p>\n<h2><strong>Formas de pago aceptadas<\/strong><\/h2>\n<p><strong>En el sitio web de ElettroWebStore puede pagar con todos los m\u00e9todos habituales<\/strong>tanto espec\u00edficas de Internet (como las tarjetas prepago) como tradicionales (como las tarjetas de cr\u00e9dito cl\u00e1sicas).<\/p>\n<p><a href=\"https:\/\/www.elettrowebstore.com\/pagamenti-sicuri-sul-sito-elettrowebstore\/\"><img loading=\"lazy\" decoding=\"async\" class=\"aligncenter size-full wp-image-5151\" src=\"https:\/\/www.elettrowebstore.com\/EWS_Store\/wp-content\/uploads\/2020\/04\/elettrowebstore-pagamenti_berj9q.jpg\" alt=\"Formas de pago aceptadas en el sitio ElettroWebStore\" width=\"649\" height=\"226\" srcset=\"https:\/\/www.elettrowebstore.com\/EWS_Store\/wp-content\/uploads\/elettrowebstore-pagamenti_berj9q.jpg 649w, https:\/\/www.elettrowebstore.com\/EWS_Store\/wp-content\/uploads\/elettrowebstore-pagamenti_berj9q-600x209.jpg 600w\" sizes=\"auto, (max-width: 649px) 100vw, 649px\" \/><\/a><\/p>\n<p>&nbsp;<\/p>\n<p>Todos los pagos se gestionan a trav\u00e9s de <a href=\"https:\/\/www.paypal.com\/it\/webapps\/mpp\/paypal-safety-and-security\"><strong>Paypal<\/strong><\/a>. Adem\u00e1s, aunque no dispongas de Paypal, puedes pagar sin necesidad de registrarte y almacenar tus credenciales. Todo lo que tiene que hacer es introducir sus datos en los campos correspondientes. El sistema est\u00e1 encriptado y protegido y sus datos no ser\u00e1n facilitados a ElettroWebStore de ninguna manera. De hecho, ElettroWebStore s\u00f3lo puede ver si su pago se ha realizado o no y \u00a1s\u00f3lo la informaci\u00f3n que usted decida introducir!<\/p>\n<p>En ning\u00fan caso <a href=\"http:\/\/www.elettrowebstore.com\"><strong>ElettroWebStore<\/strong><\/a> gestionar los datos de sus tarjetas de pago o darse cuenta de ellos. De hecho <a href=\"http:\/\/www.elettrowebstore.com\"><strong>ElettroWebStore<\/strong><\/a> s\u00f3lo ver\u00e1 si el pago se ha efectuado o no.<\/p>\n<p>Nuestro sitio utiliza protocolos HTTPS, que garantizan un alto nivel de seguridad para los usuarios.<\/p>","protected":false},"excerpt":{"rendered":"<p><a href=\"https:\/\/www.elettrowebstore.com\/shop\/gaggia-prestige-macchina-caffe-domestica-a-polvere-e-cialde-ri8437-11\/\"><strong>GAGGIA Viva Prestige cafetera dom\u00e9stica con polvo y monodosis RI8437-11<\/strong><\/a> es la cafetera GAGGIA con construcci\u00f3n de acero inoxidable de alta calidad.<\/p>","protected":false},"featured_media":6089,"template":"","meta":[],"product_brand":[],"product_cat":[17,644],"product_tag":[554,648,612,68,630,647,662,653,656,661],"class_list":{"0":"post-6085","1":"product","2":"type-product","3":"status-publish","4":"has-post-thumbnail","6":"product_cat-casalinghi-cura-casa","7":"product_cat-macchine-del-caffe-domestiche","8":"product_tag-caffe","9":"product_tag-cialde","10":"product_tag-gaggia","11":"product_tag-macchina","12":"product_tag-philips","13":"product_tag-polvere","14":"product_tag-ri8433-11","15":"product_tag-style","16":"product_tag-viva","17":"product_tag-viva-style","18":"product_shipping_class-pe10","20":"first","21":"outofstock","22":"sale","23":"taxable","24":"shipping-taxable","25":"purchasable","26":"product-type-simple"},"_links":{"self":[{"href":"https:\/\/www.elettrowebstore.com\/es\/wp-json\/wp\/v2\/product\/6085","targetHints":{"allow":["GET"]}}],"collection":[{"href":"https:\/\/www.elettrowebstore.com\/es\/wp-json\/wp\/v2\/product"}],"about":[{"href":"https:\/\/www.elettrowebstore.com\/es\/wp-json\/wp\/v2\/types\/product"}],"wp:featuredmedia":[{"embeddable":true,"href":"https:\/\/www.elettrowebstore.com\/es\/wp-json\/wp\/v2\/media\/6089"}],"wp:attachment":[{"href":"https:\/\/www.elettrowebstore.com\/es\/wp-json\/wp\/v2\/media?parent=6085"}],"wp:term":[{"taxonomy":"product_brand","embeddable":true,"href":"https:\/\/www.elettrowebstore.com\/es\/wp-json\/wp\/v2\/product_brand?post=6085"},{"taxonomy":"product_cat","embeddable":true,"href":"https:\/\/www.elettrowebstore.com\/es\/wp-json\/wp\/v2\/product_cat?post=6085"},{"taxonomy":"product_tag","embeddable":true,"href":"https:\/\/www.elettrowebstore.com\/es\/wp-json\/wp\/v2\/product_tag?post=6085"}],"curies":[{"name":"wp","href":"https:\/\/api.w.org\/{rel}","templated":true}]}}