{"id":5839,"date":"2018-08-30T16:08:47","date_gmt":"2018-08-30T14:08:47","guid":{"rendered":"https:\/\/www.elettrowebstore.com\/?post_type=product&#038;p=5839"},"modified":"2021-01-18T15:18:42","modified_gmt":"2021-01-18T14:18:42","slug":"cardreader-hub-usb-2-0-interno-pc-pannello-frontale-egr30796","status":"publish","type":"product","link":"https:\/\/www.elettrowebstore.com\/es\/shop\/cardreader-hub-usb-2-0-interno-pc-panel-frontal-egr30796\/","title":{"rendered":"Cardreader Hub USB 2.0 interno PC panel frontal EGR30796"},"content":{"rendered":"<h2><strong>Cardreader Hub USB 2.0 interno PC panel frontal EGR30796<\/strong><\/h2>\n<p><a href=\"https:\/\/www.elettrowebstore.com\/shop\/cardreader-hub-usb-2-0-interno-pc-pannello-frontale-egr30796\/\"><strong>Hub USB 2.0 interno Cardreader<\/strong><\/a> Panel frontal del PC EGR30796 es el lector de tarjetas universal que se conecta a la placa base con un cable USB y puede leer las principales tarjetas del mercado.<\/p>\n<h2><img loading=\"lazy\" decoding=\"async\" class=\"aligncenter size-full wp-image-5841\" src=\"https:\/\/www.elettrowebstore.com\/EWS_Store\/wp-content\/uploads\/2020\/04\/Cardreader-Hub-_USB-2-interno-PC-pannello-frontale-EGR30796-1.jpg\" alt=\"Cardreader Hub USB 2.0 interno PC panel frontal EGR30796\" width=\"1024\" height=\"255\" srcset=\"https:\/\/www.elettrowebstore.com\/EWS_Store\/wp-content\/uploads\/Cardreader-Hub-_USB-2-interno-PC-pannello-frontale-EGR30796-1.jpg 1024w, https:\/\/www.elettrowebstore.com\/EWS_Store\/wp-content\/uploads\/Cardreader-Hub-_USB-2-interno-PC-pannello-frontale-EGR30796-1-600x149.jpg 600w, https:\/\/www.elettrowebstore.com\/EWS_Store\/wp-content\/uploads\/Cardreader-Hub-_USB-2-interno-PC-pannello-frontale-EGR30796-1-768x191.jpg 768w\" sizes=\"auto, (max-width: 1024px) 100vw, 1024px\" \/><\/h2>\n<p><img loading=\"lazy\" decoding=\"async\" class=\"aligncenter size-full wp-image-5842\" src=\"https:\/\/www.elettrowebstore.com\/EWS_Store\/wp-content\/uploads\/2020\/04\/Cardreader-Hub-_USB-2-interno-PC-pannello-frontale-EGR30796-2.jpg\" alt=\"Cardreader Hub USB 2.0 interno PC panel frontal EGR30796\" width=\"587\" height=\"1024\" \/><\/p>\n<p><img loading=\"lazy\" decoding=\"async\" class=\"aligncenter size-full wp-image-5843\" src=\"https:\/\/www.elettrowebstore.com\/EWS_Store\/wp-content\/uploads\/2020\/04\/Cardreader-Hub-_USB-2-interno-PC-pannello-frontale-EGR30796-3.jpg\" alt=\"Cardreader Hub USB 2.0 interno PC panel frontal EGR30796\" width=\"494\" height=\"1024\" \/><\/p>\n<p><img loading=\"lazy\" decoding=\"async\" class=\"aligncenter size-full wp-image-5844\" src=\"https:\/\/www.elettrowebstore.com\/EWS_Store\/wp-content\/uploads\/2020\/04\/Cardreader-Hub-_USB-2-interno-PC-pannello-frontale-EGR30796-4.jpg\" alt=\"Cardreader Hub USB 2.0 interno PC panel frontal EGR30796\" width=\"668\" height=\"642\" srcset=\"https:\/\/www.elettrowebstore.com\/EWS_Store\/wp-content\/uploads\/Cardreader-Hub-_USB-2-interno-PC-pannello-frontale-EGR30796-4.jpg 668w, https:\/\/www.elettrowebstore.com\/EWS_Store\/wp-content\/uploads\/Cardreader-Hub-_USB-2-interno-PC-pannello-frontale-EGR30796-4-600x577.jpg 600w\" sizes=\"auto, (max-width: 668px) 100vw, 668px\" \/><\/p>\n<p>&nbsp;<\/p>\n<h2><strong>Especificaciones t\u00e9cnicas<\/strong><\/h2>\n<p><a href=\"https:\/\/www.elettrowebstore.com\/shop\/cardreader-hub-usb-2-0-interno-pc-pannello-frontale-egr30796\/\"><strong>Hub USB 2.0 interno Cardreader<\/strong><\/a> El panel frontal del PC EGR30796 tiene las siguientes caracter\u00edsticas t\u00e9cnicas principales:<\/p>\n<ul>\n<li>Peso: 0,1340 kg<\/li>\n<li>USB USB 2.0<\/li>\n<li>Lector de memoria interno 6 en 1 USB 2.0<\/li>\n<li>Lector de tarjetas USB para montar dentro de la ranura de 3,5\u2033 del PC, es decir, la \u00fanica compatible normalmente es la disquetera (de lo contrario, se necesita un adaptador, no incluido en esta oferta).<\/li>\n<li>USB 2.0 de alta velocidad compatible con hasta 480 Mbps<\/li>\n<li>Admite SD, SDHC, SDXC, MMC, MicroSD, SDHC, SDXC, T-Flash, XD, MS, CF, MicroDrive, M2<\/li>\n<li>Conector USB A hembra en el panel frontal<\/li>\n<li>Conector USB de 10 patillas (interno) para conectar a la placa base (no es un cable USB, sino un conector que se instala directamente en las patillas de la placa base. Utiliza el manual de tu placa base para localizar los conectores correctos, son f\u00e1ciles de encontrar y normalmente se encuentran en la parte inferior de la placa, cerca de los conectores de arranque del PC).<\/li>\n<li>Alimentaci\u00f3n USB, incluye cable de 35 cm aprox.<\/li>\n<li>Sistemas operativos: Win 2000 \/ XP \/ Vista \/ 7\/8 y Mac OS<\/li>\n<li>Material: pl\u00e1stico. Color: negro.<\/li>\n<li>compatible con tarjetas: SD, MMC, MS, M2, XD, TF, CF.<\/li>\n<li>Dimensiones compactas: anchura 10,1 cm, altura 2,5 cm; profundidad 9,4 cm<\/li>\n<\/ul>\n<p>&nbsp;<\/p>\n<h2><strong>Descripci\u00f3n Cardreader Hub USB 2.0 interno PC panel frontal EGR30796<br \/>\n<\/strong><\/h2>\n<p><a href=\"https:\/\/www.elettrowebstore.com\/shop\/cardreader-hub-usb-2-0-interno-pc-pannello-frontale-egr30796\/\"><strong>Hub USB 2.0 interno Cardreader<\/strong><\/a> Panel frontal PC EGR30796 es un lector de tarjetas de varios tipos, como se indica en la descripci\u00f3n. Se instala en todos los PC, normalmente en lugar de la ranura de la disquetera o en una ranura diferente, como la de 5,25\u2033, pero con ayuda de un adaptador no incluido en la oferta.<\/p>\n<p>En el paquete ya vienen 4 tornillos para su instalaci\u00f3n. No requiere m\u00e1s cables que el suministrado, que debe conectarse en la placa base a los PIN USB macho. Estos se pueden encontrar f\u00e1cilmente consultando los manuales de tu placa base. Si no quieres abrir tu PC para ver los datos de tu placa base, descarga un programa como <a href=\"https:\/\/www.ccleaner.com\/speccy\/builds\"><strong>Speccy<\/strong><\/a>.<\/p>\n<p>Lee muchos tipos de tarjetas y adem\u00e1s a\u00f1ade un puerto USB 2.0 a tu ordenador.<\/p>\n<p>&nbsp;<\/p>\n<h2><strong>Garant\u00eda<\/strong><\/h2>\n<p>El producto est\u00e1 cubierto por <a href=\"https:\/\/www.elettrowebstore.com\/due-anni-di-garanzia-su-ogni-prodotto-acquistato\/\"><strong>garant\u00eda legal<\/strong><\/a>seg\u00fan la p\u00e1gina correspondiente de nuestro sitio web, que le invitamos a leer. Tambi\u00e9n proporcionamos informaci\u00f3n clara sobre el ejercicio de la <a href=\"https:\/\/www.elettrowebstore.com\/diritto-di-recesso-restituzione-prodotti\/\"><strong>derecho de retractaci\u00f3n<\/strong><\/a>.<\/p>\n<p>Para facilitar el ejercicio de este derecho, el fabricante dispone de Centros de Asistencia T\u00e9cnica autorizados en todo el territorio nacional.<\/p>\n<p>Encontrar\u00e1 m\u00e1s informaci\u00f3n sobre la legislaci\u00f3n pertinente en el sitio web de la<a href=\"http:\/\/www.agcm.it\/consumatore\/decalogo\/5102-garanzia-del-venditore-guida-per-il-consumatore.html\"><strong>Autoridad de Competencia y Mercado<\/strong><\/a>.<\/p>\n<p>Con el fin de mejorar la calidad del producto, el fabricante se reserva el derecho de modificar los materiales y las caracter\u00edsticas t\u00e9cnicas del art\u00edculo sin previo aviso.  Adem\u00e1s, las descripciones e im\u00e1genes que aqu\u00ed se ofrecen son, por tanto, orientativas y pueden variar ligeramente respecto al producto final.<\/p>\n<p>&nbsp;<\/p>\n<h2><strong>Plazo de entrega<\/strong><\/h2>\n<p>Este producto est\u00e1 siempre disponible para su entrega inmediata. De hecho, se puede pedir de inmediato y es enviado por ElettroWebStore dentro de 2 d\u00edas h\u00e1biles a partir de la fecha de compra.<\/p>\n<p>Adem\u00e1s, todos los env\u00edos de ElettroWebStore est\u00e1n exentos de gastos de env\u00edo.<\/p>\n<p><a href=\"https:\/\/www.elettrowebstore.com\/spedizioni-consegne-prodotti-italia-estero\/\"><img loading=\"lazy\" decoding=\"async\" class=\"aligncenter wp-image-5149 size-full\" src=\"https:\/\/www.elettrowebstore.com\/EWS_Store\/wp-content\/uploads\/2020\/04\/elettrowebstore-spedizione-con-corrieri-brt-sda-dhl_n75nxd.jpg\" alt=\"ElettroWebStore env\u00eda con mensajer\u00eda r\u00e1pida BRT SDA DHL\" width=\"649\" height=\"175\" srcset=\"https:\/\/www.elettrowebstore.com\/EWS_Store\/wp-content\/uploads\/elettrowebstore-spedizione-con-corrieri-brt-sda-dhl_n75nxd.jpg 649w, https:\/\/www.elettrowebstore.com\/EWS_Store\/wp-content\/uploads\/elettrowebstore-spedizione-con-corrieri-brt-sda-dhl_n75nxd-600x162.jpg 600w\" sizes=\"auto, (max-width: 649px) 100vw, 649px\" \/><\/a><\/p>\n<p>&nbsp;<\/p>\n<h2><strong>Formas de pago aceptadas<\/strong><\/h2>\n<p><strong>En el sitio web de ElettroWebStore puede pagar con todos los m\u00e9todos habituales<\/strong>tanto espec\u00edficas de Internet (como las tarjetas prepago) como tradicionales (como las tarjetas de cr\u00e9dito cl\u00e1sicas).<\/p>\n<p><a href=\"https:\/\/www.elettrowebstore.com\/pagamenti-sicuri-sul-sito-elettrowebstore\/\"><img loading=\"lazy\" decoding=\"async\" class=\"aligncenter size-full wp-image-5151\" src=\"https:\/\/www.elettrowebstore.com\/EWS_Store\/wp-content\/uploads\/2020\/04\/elettrowebstore-pagamenti_berj9q.jpg\" alt=\"Formas de pago aceptadas en el sitio ElettroWebStore\" width=\"649\" height=\"226\" srcset=\"https:\/\/www.elettrowebstore.com\/EWS_Store\/wp-content\/uploads\/elettrowebstore-pagamenti_berj9q.jpg 649w, https:\/\/www.elettrowebstore.com\/EWS_Store\/wp-content\/uploads\/elettrowebstore-pagamenti_berj9q-600x209.jpg 600w\" sizes=\"auto, (max-width: 649px) 100vw, 649px\" \/><\/a><\/p>\n<p>&nbsp;<\/p>\n<p>Todos los pagos se gestionan a trav\u00e9s del <a href=\"https:\/\/www.paypal.com\/it\/webapps\/mpp\/paypal-safety-and-security\"><strong>Paypal<\/strong><\/a>. Adem\u00e1s, aunque no dispongas de Paypal, puedes pagar sin necesidad de registrarte y guardar tus credenciales. Todo lo que tienes que hacer es introducir tus datos en las p\u00e1ginas de Paypal.<\/p>\n<p>En ning\u00fan caso <a href=\"http:\/\/www.elettrowebstore.com\"><strong>ElettroWebStore<\/strong><\/a> gestionar los datos de sus tarjetas de pago o darse cuenta de ellos. De hecho <a href=\"http:\/\/www.elettrowebstore.com\"><strong>ElettroWebStore<\/strong><\/a> s\u00f3lo ver\u00e1 si el pago se ha efectuado o no.<\/p>\n<p>Nuestro sitio utiliza protocolos HTTPS, que garantizan un alto nivel de seguridad para los usuarios.<\/p>","protected":false},"excerpt":{"rendered":"<p>Cardreader Hub USB 2.0 interno PC panel frontal EGR30796<\/p>","protected":false},"featured_media":5841,"template":"","meta":[],"product_brand":[],"product_cat":[57],"product_tag":[595,600,596,598,599,426,597],"class_list":{"0":"post-5839","1":"product","2":"type-product","3":"status-publish","4":"has-post-thumbnail","6":"product_cat-elettronica","7":"product_tag-cardreader","8":"product_tag-egr30796","9":"product_tag-hub","10":"product_tag-interno","11":"product_tag-pannello-frontale","12":"product_tag-pc","13":"product_tag-usb-2-0","14":"product_shipping_class-pe","16":"first","17":"instock","18":"sale","19":"taxable","20":"shipping-taxable","21":"purchasable","22":"product-type-simple"},"_links":{"self":[{"href":"https:\/\/www.elettrowebstore.com\/es\/wp-json\/wp\/v2\/product\/5839","targetHints":{"allow":["GET"]}}],"collection":[{"href":"https:\/\/www.elettrowebstore.com\/es\/wp-json\/wp\/v2\/product"}],"about":[{"href":"https:\/\/www.elettrowebstore.com\/es\/wp-json\/wp\/v2\/types\/product"}],"wp:featuredmedia":[{"embeddable":true,"href":"https:\/\/www.elettrowebstore.com\/es\/wp-json\/wp\/v2\/media\/5841"}],"wp:attachment":[{"href":"https:\/\/www.elettrowebstore.com\/es\/wp-json\/wp\/v2\/media?parent=5839"}],"wp:term":[{"taxonomy":"product_brand","embeddable":true,"href":"https:\/\/www.elettrowebstore.com\/es\/wp-json\/wp\/v2\/product_brand?post=5839"},{"taxonomy":"product_cat","embeddable":true,"href":"https:\/\/www.elettrowebstore.com\/es\/wp-json\/wp\/v2\/product_cat?post=5839"},{"taxonomy":"product_tag","embeddable":true,"href":"https:\/\/www.elettrowebstore.com\/es\/wp-json\/wp\/v2\/product_tag?post=5839"}],"curies":[{"name":"wp","href":"https:\/\/api.w.org\/{rel}","templated":true}]}}