{"id":5288,"date":"2018-06-21T20:47:41","date_gmt":"2018-06-21T18:47:41","guid":{"rendered":"https:\/\/www.elettrowebstore.com\/?post_type=product&#038;p=5288"},"modified":"2024-03-25T10:04:49","modified_gmt":"2024-03-25T09:04:49","slug":"ferraboli-barbecue-a-gas-top-inox-gpl-acciaio-31-fuochi","status":"publish","type":"product","link":"https:\/\/www.elettrowebstore.com\/es\/shop\/barbacoa-de-gas-ferraboli-top-acero-inoxidable-glp-31-quemadores\/","title":{"rendered":"Barbacoa de gas Ferraboli Top Inox GLP acero 3+1 quemadores"},"content":{"rendered":"<h2><strong>Barbacoa de gas Ferraboli Top Inox GLP acero 3+1 quemadores<\/strong><\/h2>\n<p><strong>Barbacoa de gas Ferraboli Top Inox GLP acero 3+1 quemadores<\/strong> con ruedas es una barbacoa de gas GLP fabricada \u00edntegramente en acero inoxidable y equipada con 4 ruedas y una pr\u00e1ctica base con puertas. Gracias a su acero inoxidable, la barbacoa Ferraboli Top Inox es muy robusta y pr\u00e1ctica. Tambi\u00e9n est\u00e1 equipada con una tapa con term\u00f3metro. La calidad de los materiales y la <strong>precio competitivo<\/strong> \u00a1lo convierten en una excelente oportunidad de compra!<\/p>\n<p>La barbacoa Ferraboli TOP INOX est\u00e1 equipada con <strong>bandeja de grasa<\/strong> para recoger la grasa que gotea durante la cocci\u00f3n. En la parte inferior, detr\u00e1s de las puertas, este producto tambi\u00e9n est\u00e1 equipado con un <strong>hueco para alojar la bombona de GLP<\/strong> en su sitio.<\/p>\n<p>El paquete tambi\u00e9n contiene el <strong>pr\u00e1ctica parrilla de acero esmaltado<\/strong> para cocinar c\u00f3modamente con esta fant\u00e1stica barbacoa.<\/p>\n<p>El excelente acabado, los finos detalles y los potentes quemadores hacen de la barbacoa de gas Ferraboli Top Inox GPL de acero 3+1 una <strong>excelente compra para cocinar en el jard\u00edn y al aire libre<\/strong>!<\/p>\n<p><img loading=\"lazy\" decoding=\"async\" class=\"aligncenter size-full wp-image-7148\" src=\"https:\/\/www.elettrowebstore.com\/EWS_Store\/wp-content\/uploads\/ferraboli-barbecue-ga-gpl-top-inox-098-1.jpg\" alt=\"Barbacoa de gas Ferraboli Top Inox GLP acero 3+1 quemadores\" width=\"800\" height=\"600\" srcset=\"https:\/\/www.elettrowebstore.com\/EWS_Store\/wp-content\/uploads\/ferraboli-barbecue-ga-gpl-top-inox-098-1.jpg 800w, https:\/\/www.elettrowebstore.com\/EWS_Store\/wp-content\/uploads\/ferraboli-barbecue-ga-gpl-top-inox-098-1-600x450.jpg 600w, https:\/\/www.elettrowebstore.com\/EWS_Store\/wp-content\/uploads\/ferraboli-barbecue-ga-gpl-top-inox-098-1-768x576.jpg 768w\" sizes=\"auto, (max-width: 800px) 100vw, 800px\" \/><\/p>\n<p><img loading=\"lazy\" decoding=\"async\" class=\"aligncenter size-full wp-image-7149\" src=\"https:\/\/www.elettrowebstore.com\/EWS_Store\/wp-content\/uploads\/ferraboli-barbecue-ga-gpl-top-inox-098-2.jpg\" alt=\"Barbacoa de gas Ferraboli Top Inox GLP acero 3+1 quemadores\" width=\"800\" height=\"600\" srcset=\"https:\/\/www.elettrowebstore.com\/EWS_Store\/wp-content\/uploads\/ferraboli-barbecue-ga-gpl-top-inox-098-2.jpg 800w, https:\/\/www.elettrowebstore.com\/EWS_Store\/wp-content\/uploads\/ferraboli-barbecue-ga-gpl-top-inox-098-2-600x450.jpg 600w, https:\/\/www.elettrowebstore.com\/EWS_Store\/wp-content\/uploads\/ferraboli-barbecue-ga-gpl-top-inox-098-2-768x576.jpg 768w\" sizes=\"auto, (max-width: 800px) 100vw, 800px\" \/><\/p>\n<p>&nbsp;<\/p>\n<h2><strong>Descripci\u00f3n del producto<\/strong><\/h2>\n<p>Barbacoa de gas fabricada en acero inoxidable y chapa, montada sobre un carro con ruedas. Ferraboli Top Inox tambi\u00e9n cuenta con grandes estantes para colocar platos y <strong>c\u00f3moda cocina exterior<\/strong>.<\/p>\n<p>La barbacoa TOP INOX es un concentrado de calidad y robustez. De hecho, la parte de su <strong>estructura de acero inoxidable<\/strong> lo hace resistente a la intemperie y al uso prolongado. Adem\u00e1s, el abundante acero inoxidable de este producto garantiza la calidad general del contacto con los alimentos.<\/p>\n<p>I <strong>3 quemadores de acero inoxidable de alto potencial<\/strong> garantizan la potencia de fuego adecuada para cada ocasi\u00f3n. Adem\u00e1s, el quemador lateral es muy c\u00f3modo y pr\u00e1ctico, ya que le evita tener que moverse de su posici\u00f3n de cocci\u00f3n para preparar condimentos o guarniciones. Adem\u00e1s, todos los quemadores se encienden c\u00f3modamente con un sistema piezoel\u00e9ctrico.<\/p>\n<p>Adem\u00e1s, la barbacoa est\u00e1 equipada con una tapa de acero inoxidable con term\u00f3metro. Esto le permitir\u00e1 comprobar en todo momento que la temperatura es la adecuada para cada tipo de cocci\u00f3n. Adem\u00e1s, la barbacoa TOP INOX est\u00e1 equipada con un pr\u00e1ctico armario inferior con dos c\u00f3modas puertas. Esto le permitir\u00e1 tener siempre todo a mano y le facilitar\u00e1 el desplazamiento de la barbacoa, gracias tambi\u00e9n a las ruedas suministradas.<\/p>\n<p>Este producto es <strong>apto para funcionar con gas GLP<\/strong>. Si el usuario desea utilizarlo con gas metano, deber\u00e1 ocuparse de adaptar el producto. A t\u00edtulo meramente de ejemplo, esto puede hacerse adquiriendo una boquilla de gas metano adecuada en un distribuidor especializado, en sustituci\u00f3n de la que se suministra en la parte posterior.<\/p>\n<p>El producto no est\u00e1 dise\u00f1ado para funcionar con roca de lava. S\u00f3lo funciona como barbacoa de gas. Se pueden colocar platos sobre la pistra para cocinar.<\/p>\n<p><strong>Atenci\u00f3n: toda la parte superior (tapa, plano vertical) es de acero inoxidable. En cambio, el carro inferior es de acero pintado.<\/strong><\/p>\n<p><img loading=\"lazy\" decoding=\"async\" class=\"aligncenter size-full wp-image-7159\" src=\"https:\/\/www.elettrowebstore.com\/EWS_Store\/wp-content\/uploads\/ferraboli-barbecue-ga-gpl-top-inox-098-4.jpg\" alt=\"Barbacoa de gas Ferraboli Top Inox GLP acero 3+1 quemadores\" width=\"600\" height=\"800\" \/><\/p>\n<p><img loading=\"lazy\" decoding=\"async\" class=\"aligncenter size-full wp-image-7152\" src=\"https:\/\/www.elettrowebstore.com\/EWS_Store\/wp-content\/uploads\/ferraboli-barbecue-ga-gpl-top-inox-098-5.jpg\" alt=\"Barbacoa de gas Ferraboli Top Inox GLP acero 3+1 quemadores\" width=\"600\" height=\"800\" \/><\/p>\n<h2><strong>Caracter\u00edsticas t\u00e9cnicas de la barbacoa de gas Ferraboli Top Inox GLP acero 3+1 quemadores<br \/>\n<\/strong><\/h2>\n<ul>\n<li>no roca de lava, sino \"s\u00f3lo\" gas<\/li>\n<li>parrilla esmaltada<\/li>\n<li>Bandeja recogegrasa en la parte inferior para recoger la grasa que se escurre.<\/li>\n<li>calor, gracias a las sartenes de inducci\u00f3n, cocina los alimentos<\/li>\n<li>equipado con 4 ruedas<\/li>\n<li>4 quemadores, uno de ellos externo en la repisa<\/li>\n<li>Medidas: 122 x 60 x 113h cm<\/li>\n<li>Potencia: kw 12,6<\/li>\n<li>Peso: 28 kg<\/li>\n<li>Cuadr\u00edcula: cm 53 x 40<\/li>\n<li>C\u00f3digo: 098<\/li>\n<li>en kit<\/li>\n<\/ul>\n<p><img loading=\"lazy\" decoding=\"async\" class=\"aligncenter size-full wp-image-7156\" src=\"https:\/\/www.elettrowebstore.com\/EWS_Store\/wp-content\/uploads\/ferraboli-barbecue-ga-gpl-top-inox-098-7.jpg\" alt=\"Barbacoa de gas Ferraboli Top Inox GLP acero 3+1 quemadores\" width=\"800\" height=\"600\" srcset=\"https:\/\/www.elettrowebstore.com\/EWS_Store\/wp-content\/uploads\/ferraboli-barbecue-ga-gpl-top-inox-098-7.jpg 800w, https:\/\/www.elettrowebstore.com\/EWS_Store\/wp-content\/uploads\/ferraboli-barbecue-ga-gpl-top-inox-098-7-600x450.jpg 600w, https:\/\/www.elettrowebstore.com\/EWS_Store\/wp-content\/uploads\/ferraboli-barbecue-ga-gpl-top-inox-098-7-768x576.jpg 768w\" sizes=\"auto, (max-width: 800px) 100vw, 800px\" \/><\/p>\n<p><img loading=\"lazy\" decoding=\"async\" class=\"aligncenter size-full wp-image-7154\" src=\"https:\/\/www.elettrowebstore.com\/EWS_Store\/wp-content\/uploads\/ferraboli-barbecue-ga-gpl-top-inox-098-6.jpg\" alt=\"Barbacoa de gas Ferraboli Top Inox GLP acero 3+1 quemadores\" width=\"600\" height=\"700\" \/><\/p>\n<p><img loading=\"lazy\" decoding=\"async\" class=\"aligncenter size-full wp-image-7153\" src=\"https:\/\/www.elettrowebstore.com\/EWS_Store\/wp-content\/uploads\/ferraboli-barbecue-ga-gpl-top-inox-098-9.jpg\" alt=\"Barbacoa de gas Ferraboli Top Inox GLP acero 3+1 quemadores\" width=\"800\" height=\"600\" srcset=\"https:\/\/www.elettrowebstore.com\/EWS_Store\/wp-content\/uploads\/ferraboli-barbecue-ga-gpl-top-inox-098-9.jpg 800w, https:\/\/www.elettrowebstore.com\/EWS_Store\/wp-content\/uploads\/ferraboli-barbecue-ga-gpl-top-inox-098-9-600x450.jpg 600w, https:\/\/www.elettrowebstore.com\/EWS_Store\/wp-content\/uploads\/ferraboli-barbecue-ga-gpl-top-inox-098-9-768x576.jpg 768w\" sizes=\"auto, (max-width: 800px) 100vw, 800px\" \/><\/p>\n<h2><\/h2>\n<h2><strong>Informaci\u00f3n para cocinar con barbacoas de gas<\/strong><\/h2>\n<p>La principal e inmediata diferencia que aparece inmediatamente a los ojos de todos entre una barbacoa de gas y una barbacoa de carb\u00f3n es la<strong> velocidad de encendido<\/strong>. De hecho, mientras que con las barbacoas de carb\u00f3n es necesario esperar muchos minutos para que las brasas alcancen la temperatura adecuada, con una barbacoa de gas el calentamiento se consigue casi de inmediato. Aunque las barbacoas de gas suelen suministrarse con kits de encendido dise\u00f1ados para GLP, es posible sustituir la boquilla por una adecuada para metano (que es m\u00e1s vol\u00e1til) para poder utilizar la barbacoa incluso con gas dom\u00e9stico.<\/p>\n<p>Ciertamente, en la barbacoa de carb\u00f3n, la madera y el carb\u00f3n dan a los alimentos un <strong>sabor particular<\/strong>. Se puede simular en las barbacoas de gas utilizando roca de lava (en las barbacoas compatibles), o mediante condimentos especiales, tambi\u00e9n conocidos como ahumadores de barbacoa, en los que se a\u00f1aden aromas y olores para dar sabor a la carne.<\/p>\n<p>La <strong>funda para barbacoa<\/strong> cumple dos funciones diferentes:<\/p>\n<ol>\n<li>acelera la cocci\u00f3n, evitando la p\u00e9rdida de calor<\/li>\n<li>mantiene una temperatura constante, tambi\u00e9n gracias al termostato incorporado (en los modelos que lo llevan), que adem\u00e1s ayuda a dar sabor a los alimentos.<\/li>\n<\/ol>\n<p>En las barbacoas equipadas con un grueso mueble de apoyo, hay una bandeja de goteo en la parte inferior, que permite recuperar el exceso de aceite de cocci\u00f3n que cae de la carne. Adem\u00e1s, la presencia de varios quemadores permite ajustar la temperatura de cocci\u00f3n para cada zona de la parrilla.<\/p>\n<p>Adem\u00e1s, la presencia de un hornillo de llama adicional en el lateral, en un estante independiente, permite utilizar la barbacoa como una aut\u00e9ntica cocina. De hecho, en este hornillo, puede incluso colocar sartenes u ollas para cocinar alimentos que normalmente no cocinar\u00eda en el fuego de la barbacoa. Por ejemplo, \u00a1para cocinar pasta al aire libre!<\/p>\n<p>Desde este punto de vista, siempre recomendamos analizar c\u00f3mo se ancla el estante lateral a la barbacoa. En efecto, \u00a1debe ser s\u00f3lida y resistente!<\/p>\n<p>&nbsp;<\/p>\n<h2><strong>Cocinar con la tapa cerrada o abierta con la barbacoa<\/strong><\/h2>\n<p>Hay una diferencia sustancial entre cocinar con la tapa cerrada y cocinar con la tapa abierta. Mantener la tapa cerrada provoca una menor dispersi\u00f3n del calor generado por la barbacoa. Por lo tanto, por un lado es un m\u00e9todo m\u00e1s eficaz y, por otro, permite mantener una temperatura uniforme en la c\u00e1mara de cocci\u00f3n creada por la tapa. Adem\u00e1s, se puede utilizar una temperatura de fuego m\u00e1s baja, evitando quemaduras de alimentos y, al mismo tiempo, una cocci\u00f3n potencialmente homog\u00e9nea.<\/p>\n<p>El uso de la tapa de cierre tambi\u00e9n ofrece la posibilidad de modular la entrada de aire en el interior de la c\u00e1mara de cocci\u00f3n. De este modo se evitan las fluctuaciones de temperatura y se puede utilizar tambi\u00e9n el ahumador de barbacoa.<\/p>\n<p>Con la cubierta para barbacoa, tambi\u00e9n es posible empezar a cocinar de forma indirecta. La cocci\u00f3n indirecta consiste en evitar el contacto entre los alimentos y la parrilla de la barbacoa. Los alimentos se colocan en la c\u00e1mara de cocci\u00f3n pero no tocan la plancha ni la fuente de calor. La cocci\u00f3n se produce, como por inducci\u00f3n, y hace que la carne quede m\u00e1s tierna y se cocine de forma m\u00e1s uniforme. Adem\u00e1s, los alimentos conservan un mayor contenido de humedad interna porque se evita que pierdan agua, como suele ocurrir cuando los alimentos se exponen a un calor intenso.<\/p>\n<p>Sin embargo, no todas las recetas pueden hacerse con la tapa cerrada. En la cocina a la americana, por ejemplo, donde la carne se cocina r\u00e1pidamente y a alta temperatura, no debe utilizarse la tapa. En este caso, las carnes con poca humedad y las recetas sencillas pueden cocinarse en contacto directo con la llama. Evidentemente, ser\u00e1 necesario girar los alimentos a menudo para que se cocinen \u00edntegramente y no se quemen.<\/p>\n<p>La cocci\u00f3n ser\u00e1 r\u00e1pida y desigual. Por lo tanto, este tipo de receta se recomienda para carnes que no sean muy gruesas, para recetas menos elaboradas y para aquellos cocineros que est\u00e9n familiarizados con el contacto casi directo con la llama.<\/p>\n<p>&nbsp;<\/p>\n<p>&nbsp;<\/p>\n<h2><strong>Informaci\u00f3n sobre el producto FERRABOLI<\/strong><\/h2>\n<p><img loading=\"lazy\" decoding=\"async\" class=\"wp-image-6438 alignleft\" src=\"https:\/\/www.elettrowebstore.com\/EWS_Store\/wp-content\/uploads\/ferraboli.jpg\" alt=\"Logotipo de Ferraboli\" width=\"182\" height=\"91\" \/><\/p>\n<p>Cada art\u00edculo <a href=\"http:\/\/www.ferraboli.it\"><strong>FERRABOLI<\/strong><\/a>de las barbacoas de carb\u00f3n, a las el\u00e9ctricas y a las de gas, se planifica, dise\u00f1a y fabrica en la propia empresa. De hecho, esto es posible con el apoyo externo de varios artesanos especializados en \u00e1mbitos como el trabajo del alambre y el pulido del acero inoxidable.<\/p>\n<p>Las caracter\u00edsticas predominantes de los productos FERRABOLI son la estabilidad, la resistencia, la facilidad de montaje y la facilidad de uso.<\/p>\n<p>Estas caracter\u00edsticas est\u00e1n reconocidas y atestiguadas por la marca de calidad europea, expedida por el prestigioso organismo de cualificaci\u00f3n TUV. Adem\u00e1s, con el tiempo se han ido a\u00f1adiendo las certificaciones de producto m\u00e1s importantes a nivel mundial.<\/p>\n<p>&nbsp;<\/p>\n<h2><strong>Plazo de entrega<\/strong><\/h2>\n<p>Este producto est\u00e1 siempre disponible para su entrega inmediata. De hecho, puede solicitarse inmediatamente y ElettroWebStore lo env\u00eda en un plazo de 7 d\u00edas laborables a partir de la fecha de compra.<\/p>\n<p>Adem\u00e1s, todos los env\u00edos de ElettroWebStore est\u00e1n exentos de gastos de env\u00edo.<\/p>\n<p><img loading=\"lazy\" decoding=\"async\" class=\"aligncenter size-full wp-image-41372\" src=\"https:\/\/www.elettrowebstore.com\/EWS_Store\/wp-content\/uploads\/elettrowebstore-spedizione-con-corrieri-brt-sda-dhl-nexive-ld.jpg\" alt=\"Estos son los transportistas con los que ElettroWebStore.com realiza sus env\u00edos\" width=\"800\" height=\"189\" srcset=\"https:\/\/www.elettrowebstore.com\/EWS_Store\/wp-content\/uploads\/elettrowebstore-spedizione-con-corrieri-brt-sda-dhl-nexive-ld.jpg 800w, https:\/\/www.elettrowebstore.com\/EWS_Store\/wp-content\/uploads\/elettrowebstore-spedizione-con-corrieri-brt-sda-dhl-nexive-ld-600x142.jpg 600w, https:\/\/www.elettrowebstore.com\/EWS_Store\/wp-content\/uploads\/elettrowebstore-spedizione-con-corrieri-brt-sda-dhl-nexive-ld-768x181.jpg 768w\" sizes=\"auto, (max-width: 800px) 100vw, 800px\" \/><\/p>\n<p>&nbsp;<\/p>\n<h2><strong>\u00a0Formas de pago aceptadas<\/strong><\/h2>\n<p><strong>En el sitio web de ElettroWebStore puede pagar con todos los m\u00e9todos habituales<\/strong>tanto espec\u00edficas de Internet (como las tarjetas prepago) como tradicionales (como las tarjetas de cr\u00e9dito cl\u00e1sicas).<\/p>\n<p><img loading=\"lazy\" decoding=\"async\" class=\"aligncenter size-full wp-image-41371\" src=\"https:\/\/www.elettrowebstore.com\/EWS_Store\/wp-content\/uploads\/elettrowebstore-pagamenti-accettati-ld.jpg\" alt=\"Estos son los m\u00e9todos de pago aceptados por ElettroWebStore.com\" width=\"800\" height=\"199\" srcset=\"https:\/\/www.elettrowebstore.com\/EWS_Store\/wp-content\/uploads\/elettrowebstore-pagamenti-accettati-ld.jpg 800w, https:\/\/www.elettrowebstore.com\/EWS_Store\/wp-content\/uploads\/elettrowebstore-pagamenti-accettati-ld-600x149.jpg 600w, https:\/\/www.elettrowebstore.com\/EWS_Store\/wp-content\/uploads\/elettrowebstore-pagamenti-accettati-ld-768x191.jpg 768w\" sizes=\"auto, (max-width: 800px) 100vw, 800px\" \/><\/p>\n<p>&nbsp;<\/p>\n<p>Todos los pagos se gestionan a trav\u00e9s del <a href=\"https:\/\/www.paypal.com\/it\/webapps\/mpp\/paypal-safety-and-security\"><strong>Paypal<\/strong><\/a>. Adem\u00e1s, aunque no dispongas de Paypal, puedes pagar sin necesidad de registrarte y guardar tus credenciales. Todo lo que tienes que hacer es introducir tus datos en las p\u00e1ginas de Paypal.<\/p>\n<p>En ning\u00fan caso <strong><a href=\"http:\/\/www.elettrowebstore.com\">ElettroWebStore<\/a><\/strong> gestionar los datos de sus tarjetas de pago o darse cuenta de ellos. De hecho <strong><a href=\"http:\/\/www.elettrowebstore.com\">ElettroWebStore<\/a><\/strong> s\u00f3lo ver\u00e1 si el pago se ha efectuado o no.<\/p>\n<p>Nuestro sitio utiliza protocolos HTTPS, que garantizan un alto nivel de seguridad para los usuarios.<\/p>","protected":false},"excerpt":{"rendered":"<p>Barbacoa de gas Ferraboli Top Inox GLP acero 3+1 quemadores con ruedas. Acero inoxidable. Quemadores de acero inoxidable. Caj\u00f3n recoge grasa. Compartimento dep\u00f3sito. <strong><span style=\"color: #ff0000;\">Env\u00edo gratuito.<\/span><\/strong><\/p>","protected":false},"featured_media":7148,"template":"","meta":[],"product_brand":[],"product_cat":[955,17],"product_tag":[434,962,430,429,961,411,433,432,409,431],"class_list":{"0":"post-5288","1":"product","2":"type-product","3":"status-publish","4":"has-post-thumbnail","6":"product_cat-barbecue-a-gas","7":"product_cat-casalinghi-cura-casa","8":"product_tag-434","9":"product_tag-4-fuochi","10":"product_tag-barbecue","11":"product_tag-ferraboli","12":"product_tag-fornello-laterale","13":"product_tag-free-shipping","14":"product_tag-gpl","15":"product_tag-ruote","16":"product_tag-spedizione-gratuita","17":"product_tag-top-inox","18":"product_shipping_class-pe10","20":"first","21":"outofstock","22":"sale","23":"taxable","24":"shipping-taxable","25":"purchasable","26":"product-type-simple"},"_links":{"self":[{"href":"https:\/\/www.elettrowebstore.com\/es\/wp-json\/wp\/v2\/product\/5288","targetHints":{"allow":["GET"]}}],"collection":[{"href":"https:\/\/www.elettrowebstore.com\/es\/wp-json\/wp\/v2\/product"}],"about":[{"href":"https:\/\/www.elettrowebstore.com\/es\/wp-json\/wp\/v2\/types\/product"}],"wp:featuredmedia":[{"embeddable":true,"href":"https:\/\/www.elettrowebstore.com\/es\/wp-json\/wp\/v2\/media\/7148"}],"wp:attachment":[{"href":"https:\/\/www.elettrowebstore.com\/es\/wp-json\/wp\/v2\/media?parent=5288"}],"wp:term":[{"taxonomy":"product_brand","embeddable":true,"href":"https:\/\/www.elettrowebstore.com\/es\/wp-json\/wp\/v2\/product_brand?post=5288"},{"taxonomy":"product_cat","embeddable":true,"href":"https:\/\/www.elettrowebstore.com\/es\/wp-json\/wp\/v2\/product_cat?post=5288"},{"taxonomy":"product_tag","embeddable":true,"href":"https:\/\/www.elettrowebstore.com\/es\/wp-json\/wp\/v2\/product_tag?post=5288"}],"curies":[{"name":"wp","href":"https:\/\/api.w.org\/{rel}","templated":true}]}}