{"id":5270,"date":"2018-06-12T17:38:55","date_gmt":"2018-06-12T15:38:55","guid":{"rendered":"https:\/\/www.elettrowebstore.com\/?post_type=product&#038;p=5270"},"modified":"2022-04-09T17:23:58","modified_gmt":"2022-04-09T15:23:58","slug":"imperia-stendipasta-in-legno-di-faggio","status":"publish","type":"product","link":"https:\/\/www.elettrowebstore.com\/es\/shop\/camilla-de-pasta-imperia-de-madera-de-haya\/","title":{"rendered":"Camilla para pasta Imperia de madera de haya"},"content":{"rendered":"<h1><strong>Camilla para pasta Imperia de madera de haya<\/strong><\/h1>\n<h2>Kit compacto de madera que permite extender m\u00e1s de 1 kg de masa y dejar reposar la hoja.<\/h2>\n<p>El extensor de pasta de madera de haya Imperia es un producto natural fabricado con madera de haya vaporizada. Es un accesorio interesante para utilizar en casa o en un peque\u00f1o taller artesanal para dejar reposar la hoja de pasta despu\u00e9s de estirarla. De este modo, la pasta conservar\u00e1 su frescura y el grado de humedad adecuado.<\/p>\n<p><img loading=\"lazy\" decoding=\"async\" class=\"aligncenter wp-image-5338 size-large\" src=\"https:\/\/res.cloudinary.com\/dl3yepmtd\/images\/w_1024,h_745,c_scale\/v1610970983\/imperia-stendipasta-legno-faggio-IMP540-1_pq9xns_5338e5db2\/imperia-stendipasta-legno-faggio-IMP540-1_pq9xns.jpg?_i=AA\" alt=\"Camilla para pasta Imperia de madera de haya\" width=\"800\" height=\"582\" srcset=\"https:\/\/www.elettrowebstore.com\/EWS_Store\/wp-content\/uploads\/imperia-stendipasta-legno-faggio-IMP540-1_pq9xns.jpg 1024w, https:\/\/www.elettrowebstore.com\/EWS_Store\/wp-content\/uploads\/imperia-stendipasta-legno-faggio-IMP540-1_pq9xns-600x437.jpg 600w, https:\/\/www.elettrowebstore.com\/EWS_Store\/wp-content\/uploads\/imperia-stendipasta-legno-faggio-IMP540-1_pq9xns-768x559.jpg 768w\" sizes=\"auto, (max-width: 800px) 100vw, 800px\" \/><\/p>\n<h2><strong>Especificaciones t\u00e9cnicas<\/strong><\/h2>\n<ul>\n<li>\n<div>La camilla para pasta de madera de haya Imperia es un producto natural fabricado con madera de haya vaporizada<\/div>\n<\/li>\n<li>\n<div>Permite extender m\u00e1s de 1 kg de masa<\/div>\n<\/li>\n<li>\n<div>Equipada con 12 varillas para extender la masa, colocadas a una altura aproximada de 30 cm.<\/div>\n<\/li>\n<li>\n<div>Pr\u00e1ctico, robusto y f\u00e1cil de guardar: se desmonta completamente<\/div>\n<\/li>\n<li>Caja litografiada apta para regalo<\/li>\n<li>C\u00f3digo del producto: 540<\/li>\n<\/ul>\n<p>&nbsp;<\/p>\n<h2><strong>Descripci\u00f3n de la camilla para pasta Imperia Beechwood<br \/>\n<\/strong><\/h2>\n<div>\n<p>Imperia Stendipasta puede extender m\u00e1s de 1 kg de masa y es un producto natural fabricado con madera de haya vaporizada.<\/p>\n<p>Consta de 12 varillas colocadas a una altura aproximada de 30 cm de la superficie de trabajo, montadas sobre 4 brazos; estas varillas permiten extender la masa y evitan que se pegue. Especialmente indicada para hojaldre y pasta larga.<\/p>\n<\/div>\n<div>Imperia Stendipasta es pr\u00e1ctica, resistente y f\u00e1cil de guardar: se puede desmontar por completo. Antes de guardarla, se recomienda lavarla a mano y secarla bien.<\/div>\n<div><\/div>\n<h2><strong>La marca Imperia<\/strong><\/h2>\n<p><a href=\"http:\/\/www.imperia.com\" target=\"_blank\" rel=\"noopener noreferrer\"><img loading=\"lazy\" decoding=\"async\" class=\"alignleft wp-image-687\" src=\"https:\/\/res.cloudinary.com\/dl3yepmtd\/images\/w_315,h_75,c_scale\/v1610968764\/imperia-logo_c4iggk_687c588e\/imperia-logo_c4iggk.jpg?_i=AA\" alt=\"Logotipo de IMPERIA\" width=\"248\" height=\"59\" \/><\/a>Imperia se fund\u00f3 oficialmente el 3 de febrero de 1932 como evoluci\u00f3n de un peque\u00f1o taller. Inmediatamente empez\u00f3 a distribuir m\u00e1quinas de pasta por todo el mundo.<\/p>\n<p>El principal mercado destinatario son los Estados Unidos de Am\u00e9rica y sus numerosos emigrantes italianos. Estos, de hecho, gracias al uso de m\u00e1quinas de pasta establecen una especie de v\u00ednculo emocional con los sabores de su lejana patria.<\/p>\n<p>En la actualidad, los productos Imperia se pueden encontrar en m\u00e1s de 70 pa\u00edses de todo el mundo.<\/p>\n<p>Adem\u00e1s, la producci\u00f3n se realiza \u00edntegramente en Italia y cada producto es un artefacto cien por cien italiano. De hecho, cada pieza se fabrica con mano de obra y materias primas nacionales. Imperia es aut\u00e9ntico Made in Italy.<\/p>\n<p>&nbsp;<\/p>\n<h2><strong>Garant\u00eda<\/strong><\/h2>\n<p><span style=\"font-family: georgia, palatino, serif; font-size: 12pt;\">El producto est\u00e1 cubierto por <a href=\"https:\/\/www.elettrowebstore.com\/due-anni-di-garanzia-su-ogni-prodotto-acquistato\/\"><strong>garant\u00eda legal<\/strong><\/a>seg\u00fan la p\u00e1gina correspondiente de nuestro sitio web, que le invitamos a leer. Tambi\u00e9n proporcionamos informaci\u00f3n clara sobre el ejercicio de la <a href=\"https:\/\/www.elettrowebstore.com\/diritto-di-recesso-restituzione-prodotti\/\"><strong>derecho de retractaci\u00f3n<\/strong><\/a>.<\/span><\/p>\n<p><span style=\"font-family: georgia, palatino, serif; font-size: 12pt;\">Para facilitar el ejercicio de este derecho, el fabricante dispone de Centros de Asistencia T\u00e9cnica autorizados en todo el territorio nacional.<\/span><\/p>\n<p><span style=\"font-family: georgia, palatino, serif; font-size: 12pt;\">Encontrar\u00e1 m\u00e1s informaci\u00f3n sobre la legislaci\u00f3n pertinente en el sitio web de la<a href=\"http:\/\/www.agcm.it\/consumatore\/decalogo\/5102-garanzia-del-venditore-guida-per-il-consumatore.html\"><strong>Autoridad de Competencia y Mercado<\/strong><\/a>.<\/span><\/p>\n<p><span style=\"font-family: georgia, palatino, serif; font-size: 12pt;\">Con el fin de mejorar la calidad del producto, el fabricante se reserva el derecho de modificar los materiales y las caracter\u00edsticas t\u00e9cnicas del art\u00edculo sin previo aviso.  Adem\u00e1s, las descripciones e im\u00e1genes que aqu\u00ed se ofrecen son, por tanto, orientativas y pueden variar ligeramente respecto al producto final.<\/span><\/p>\n<p>&nbsp;<\/p>\n<h2><strong>Plazo de entrega<\/strong><\/h2>\n<p><span style=\"font-family: georgia, palatino, serif; font-size: 12pt;\">Este producto est\u00e1 siempre disponible para su entrega inmediata. De hecho, se puede pedir de inmediato y es enviado por ElettroWebStore dentro de 2 d\u00edas h\u00e1biles a partir de la fecha de compra.<\/span><\/p>\n<p><span style=\"font-family: georgia, palatino, serif; font-size: 12pt;\">Adem\u00e1s, todos los env\u00edos de ElettroWebStore est\u00e1n exentos de gastos de env\u00edo.<\/span><\/p>\n<p><span style=\"font-family: georgia, palatino, serif; font-size: 12pt;\"><a href=\"https:\/\/www.elettrowebstore.com\/spedizioni-consegne-prodotti-italia-estero\/\"><img loading=\"lazy\" decoding=\"async\" class=\"aligncenter wp-image-5149 size-full\" src=\"https:\/\/res.cloudinary.com\/dl3yepmtd\/images\/w_649,h_175,c_scale\/v1533464356\/elettrowebstore-spedizione-con-corrieri-brt-sda-dhl_n75nxd\/elettrowebstore-spedizione-con-corrieri-brt-sda-dhl_n75nxd.jpg?_i=AA\" alt=\"ElettroWebStore env\u00eda con mensajer\u00eda r\u00e1pida BRT SDA DHL\" width=\"649\" height=\"175\" srcset=\"https:\/\/www.elettrowebstore.com\/EWS_Store\/wp-content\/uploads\/elettrowebstore-spedizione-con-corrieri-brt-sda-dhl_n75nxd.jpg 649w, https:\/\/www.elettrowebstore.com\/EWS_Store\/wp-content\/uploads\/elettrowebstore-spedizione-con-corrieri-brt-sda-dhl_n75nxd-600x162.jpg 600w\" sizes=\"auto, (max-width: 649px) 100vw, 649px\" \/><\/a><\/span><\/p>\n<p>&nbsp;<\/p>\n<h2><strong>Formas de pago aceptadas<\/strong><\/h2>\n<p><span style=\"font-family: georgia, palatino, serif; font-size: 12pt;\"><strong>En el sitio web de ElettroWebStore puede pagar con todos los m\u00e9todos habituales<\/strong>tanto espec\u00edficas de Internet (como las tarjetas prepago) como tradicionales (como las tarjetas de cr\u00e9dito cl\u00e1sicas).<\/span><\/p>\n<p><span style=\"font-family: georgia, palatino, serif; font-size: 12pt;\"><a href=\"https:\/\/www.elettrowebstore.com\/pagamenti-sicuri-sul-sito-elettrowebstore\/\"><img loading=\"lazy\" decoding=\"async\" class=\"aligncenter size-full wp-image-5151\" src=\"https:\/\/res.cloudinary.com\/dl3yepmtd\/images\/w_649,h_226,c_scale\/v1533464354\/elettrowebstore-pagamenti_berj9q\/elettrowebstore-pagamenti_berj9q.jpg?_i=AA\" alt=\"Formas de pago aceptadas en el sitio ElettroWebStore\" width=\"649\" height=\"226\" srcset=\"https:\/\/www.elettrowebstore.com\/EWS_Store\/wp-content\/uploads\/elettrowebstore-pagamenti_berj9q.jpg 649w, https:\/\/www.elettrowebstore.com\/EWS_Store\/wp-content\/uploads\/elettrowebstore-pagamenti_berj9q-600x209.jpg 600w\" sizes=\"auto, (max-width: 649px) 100vw, 649px\" \/><\/a><\/span><\/p>\n<p>&nbsp;<\/p>\n<p><span style=\"font-family: georgia, palatino, serif; font-size: 12pt;\">Todos los pagos se gestionan a trav\u00e9s del <a href=\"https:\/\/www.paypal.com\/it\/webapps\/mpp\/paypal-safety-and-security\"><strong>Paypal<\/strong><\/a>. Adem\u00e1s, aunque no dispongas de Paypal, puedes pagar sin necesidad de registrarte y guardar tus credenciales. Todo lo que tienes que hacer es introducir tus datos en las p\u00e1ginas de Paypal.<\/span><\/p>\n<p><span style=\"font-family: georgia, palatino, serif; font-size: 12pt;\">En ning\u00fan caso <a href=\"http:\/\/www.elettrowebstore.com\"><strong>ElettroWebStore<\/strong><\/a> gestionar los datos de sus tarjetas de pago o darse cuenta de ellos. De hecho <a href=\"http:\/\/www.elettrowebstore.com\"><strong>ElettroWebStore<\/strong><\/a> s\u00f3lo ver\u00e1 si el pago se ha efectuado o no.<\/span><\/p>\n<p><span style=\"font-family: georgia, palatino, serif; font-size: 12pt;\">Nuestro sitio utiliza protocolos HTTPS, que garantizan un alto nivel de seguridad para los usuarios.<\/span><\/p>\n<p>&nbsp;<\/p>","protected":false},"excerpt":{"rendered":"<p>Imperia Stendipasta permite extender m\u00e1s de 1 kg de masa y es un producto natural de madera de haya vaporizada. Env\u00edo gratuito para importes superiores a 29,90 \u20ac.<\/p>","protected":false},"featured_media":5338,"template":"","meta":[],"product_brand":[],"product_cat":[384,17],"product_tag":[23,418,20,406,417],"class_list":{"0":"post-5270","1":"product","2":"type-product","3":"status-publish","4":"has-post-thumbnail","6":"product_cat-accessori-per-macchine-pasta-imperia","7":"product_cat-casalinghi-cura-casa","8":"product_tag-imperia","9":"product_tag-legno","10":"product_tag-pasta","11":"product_tag-sfoglia","12":"product_tag-stendipasta","13":"product_shipping_class-pe","15":"first","16":"instock","17":"taxable","18":"shipping-taxable","19":"purchasable","20":"product-type-simple"},"_links":{"self":[{"href":"https:\/\/www.elettrowebstore.com\/es\/wp-json\/wp\/v2\/product\/5270","targetHints":{"allow":["GET"]}}],"collection":[{"href":"https:\/\/www.elettrowebstore.com\/es\/wp-json\/wp\/v2\/product"}],"about":[{"href":"https:\/\/www.elettrowebstore.com\/es\/wp-json\/wp\/v2\/types\/product"}],"wp:featuredmedia":[{"embeddable":true,"href":"https:\/\/www.elettrowebstore.com\/es\/wp-json\/wp\/v2\/media\/5338"}],"wp:attachment":[{"href":"https:\/\/www.elettrowebstore.com\/es\/wp-json\/wp\/v2\/media?parent=5270"}],"wp:term":[{"taxonomy":"product_brand","embeddable":true,"href":"https:\/\/www.elettrowebstore.com\/es\/wp-json\/wp\/v2\/product_brand?post=5270"},{"taxonomy":"product_cat","embeddable":true,"href":"https:\/\/www.elettrowebstore.com\/es\/wp-json\/wp\/v2\/product_cat?post=5270"},{"taxonomy":"product_tag","embeddable":true,"href":"https:\/\/www.elettrowebstore.com\/es\/wp-json\/wp\/v2\/product_tag?post=5270"}],"curies":[{"name":"wp","href":"https:\/\/api.w.org\/{rel}","templated":true}]}}