{"id":5196,"date":"2018-05-21T17:54:09","date_gmt":"2018-05-21T15:54:09","guid":{"rendered":"https:\/\/www.elettrowebstore.com\/?post_type=product&#038;p=5196"},"modified":"2022-09-14T15:45:51","modified_gmt":"2022-09-14T13:45:51","slug":"dexos-2-fuel-economy-longlife-5-litri-olio-motore-sintetico-5w-30","status":"publish","type":"product","link":"https:\/\/www.elettrowebstore.com\/es\/shop\/dexos-2-fuel-economy-longlife-5-litros-aceite-de-motor-sintetico-5w-30\/","title":{"rendered":"Aceite de motor sint\u00e9tico Dexos 2 Fuel Economy Longlife 5 litros 5W-30"},"content":{"rendered":"<h2><strong>Aceite de motor sint\u00e9tico Dexos 2 Fuel Economy Longlife 5 litros 5W-30<br \/>\n<\/strong><\/h2>\n<p><span style=\"font-size: 100%\">Aceite de motor sint\u00e9tico Dexos 2 Fuel Economy Longlife 5 litros 5W-30. Homologaciones Opel, GM, BMW, MB y VW. \u00datil para rellenos y revisiones. Producto original de alta calidad de origen alem\u00e1n, utilizado tambi\u00e9n en el mantenimiento rutinario de nuestros veh\u00edculos. Siempre compramos una cantidad mayor para ponerlo a disposici\u00f3n de nuestros clientes en Italia. <span style=\"color: #ed1c24\"><strong>S\u00d3LO HAY DISPONIBLE UNA LATA DE 5 LITROS.<\/strong><\/span><br \/>\n<\/span><\/p>\n<p><img loading=\"lazy\" decoding=\"async\" class=\"aligncenter wp-image-5764 size-full\" src=\"https:\/\/www.elettrowebstore.com\/EWS_Store\/wp-content\/uploads\/2020\/04\/olio.jpg\" alt=\"Aceite de motor sint\u00e9tico OPEL GM 5W-30 Dexos 2 Fuel Economy Longlife 5 litros\" width=\"509\" height=\"741\" \/><\/p>\n<p>Este es el aceite de motor original, en una botella de 5 litros, ideal para el mantenimiento de su coche. El envase es el original, con sello de calidad. El producto es compatible con las normas espec\u00edficas del fabricante indicadas en la etiqueta y a continuaci\u00f3n.<\/p>\n<p>&nbsp;<\/p>\n<h2><strong>Datos t\u00e9cnicos Dexos 2 Fuel Economy Longlife 5 litros aceite de motor sint\u00e9tico 5W-30 Dexos 2<br \/>\n<\/strong><\/h2>\n<p>Especificaciones y homologaciones:<\/p>\n<ul>\n<li>GM-LL-A-025<\/li>\n<li>GM-LL-B-025<\/li>\n<li>ACEA A3\/B4\/C3<\/li>\n<li>API SM\/CF<\/li>\n<li>BMW LONGLIFE 4<\/li>\n<li>VW 502.00, 505.00, 505.01<\/li>\n<li>MB 229.51<\/li>\n<\/ul>\n<p>Tambi\u00e9n adecuado para casi todos los veh\u00edculos Opel m\u00e1s antiguos.<\/p>\n<p>&nbsp;<\/p>\n<h2><strong>Descripci\u00f3n<\/strong><\/h2>\n<p><span style=\"font-size: 100%\"><a href=\"https:\/\/www.elettrowebstore.com\/shop\/olio-motore-opel-gm-sintetico-5w-30-dexos-2-fuel-economy-longlife-5-litri\/\"><strong>El aceite de larga duraci\u00f3n 5W-30 propuesto de la marca GM-Opel<\/strong><\/a> Garantiza un excelente ahorro de combustible y protecci\u00f3n del motor. Homologaciones BMW, MB y VW.<\/span><\/p>\n<p id=\"titleh1\"><span style=\"font-size: 100%\">De hecho, es un producto totalmente sint\u00e9tico que utiliza la \u00faltima tecnolog\u00eda en aceites de motor, con un contenido medio de cenizas sulfatadas, f\u00f3sforo y azufre (SAPS) compatible con los catalizadores.<\/span><\/p>\n<p><span style=\"font-size: 100%\">Adem\u00e1s, este aceite est\u00e1 formulado para preservar el motor del desgaste. Su formulaci\u00f3n especial combina el ahorro de combustible con una mayor vida \u00fatil. Adem\u00e1s, la formulaci\u00f3n baja en cenizas protege el filtro de part\u00edculas y los dispositivos de postratamiento de gases de escape.<\/span><\/p>\n<p>&nbsp;<\/p>\n<h2><strong>Plazo de entrega<\/strong><\/h2>\n<p>Este producto est\u00e1 siempre disponible para su entrega inmediata. De hecho, se puede pedir de inmediato y es enviado por ElettroWebStore dentro de 2 d\u00edas h\u00e1biles a partir de la fecha de compra.<\/p>\n<p><a href=\"https:\/\/www.elettrowebstore.com\/spedizioni-consegne-prodotti-italia-estero\/\"><img loading=\"lazy\" decoding=\"async\" class=\"aligncenter wp-image-5149 size-full\" src=\"https:\/\/www.elettrowebstore.com\/EWS_Store\/wp-content\/uploads\/2020\/04\/elettrowebstore-spedizione-con-corrieri-brt-sda-dhl_n75nxd.jpg\" alt=\"ElettroWebStore env\u00eda con mensajer\u00eda r\u00e1pida BRT SDA DHL\" width=\"649\" height=\"175\" srcset=\"https:\/\/www.elettrowebstore.com\/EWS_Store\/wp-content\/uploads\/elettrowebstore-spedizione-con-corrieri-brt-sda-dhl_n75nxd.jpg 649w, https:\/\/www.elettrowebstore.com\/EWS_Store\/wp-content\/uploads\/elettrowebstore-spedizione-con-corrieri-brt-sda-dhl_n75nxd-600x162.jpg 600w\" sizes=\"auto, (max-width: 649px) 100vw, 649px\" \/><\/a><\/p>\n<h2><strong>Formas de pago aceptadas<\/strong><\/h2>\n<p><strong>En el sitio web de ElettroWebStore puede pagar con todos los m\u00e9todos habituales<\/strong>tanto espec\u00edficas de Internet (como las tarjetas prepago) como tradicionales (como las tarjetas de cr\u00e9dito cl\u00e1sicas).<\/p>\n<p><a href=\"https:\/\/www.elettrowebstore.com\/pagamenti-sicuri-sul-sito-elettrowebstore\/\"><img loading=\"lazy\" decoding=\"async\" class=\"aligncenter size-full wp-image-5151\" src=\"https:\/\/www.elettrowebstore.com\/EWS_Store\/wp-content\/uploads\/2020\/04\/elettrowebstore-pagamenti_berj9q.jpg\" alt=\"Formas de pago aceptadas en el sitio ElettroWebStore\" width=\"649\" height=\"226\" srcset=\"https:\/\/www.elettrowebstore.com\/EWS_Store\/wp-content\/uploads\/elettrowebstore-pagamenti_berj9q.jpg 649w, https:\/\/www.elettrowebstore.com\/EWS_Store\/wp-content\/uploads\/elettrowebstore-pagamenti_berj9q-600x209.jpg 600w\" sizes=\"auto, (max-width: 649px) 100vw, 649px\" \/><\/a><\/p>\n<p>&nbsp;<\/p>\n<p>Todos los pagos se gestionan a trav\u00e9s del <a href=\"https:\/\/www.paypal.com\/it\/webapps\/mpp\/paypal-safety-and-security\"><strong>Paypal<\/strong><\/a>. Adem\u00e1s, aunque no dispongas de Paypal, puedes pagar sin necesidad de registrarte y guardar tus credenciales. Todo lo que tienes que hacer es introducir tus datos en las p\u00e1ginas de Paypal.<\/p>\n<p>En ning\u00fan caso ElettroWebStore manejar\u00e1 los datos de tu tarjeta de pago ni tendr\u00e1 conocimiento de ellos. De hecho, \u00a1ElettroWebStore solo ver\u00e1 si el pago se ha realizado o no!<\/p>\n<p>Nuestro sitio utiliza protocolos HTTPS, que garantizan un alto nivel de seguridad para los usuarios.<\/p>","protected":false},"excerpt":{"rendered":"<p>Aceite de motor sint\u00e9tico Dexos 2 Fuel Economy Longlife 5 litros 5W-30. <span style=\"color: #ed1c24\"><strong>S\u00d3LO HAY DISPONIBLE UNA LATA DE 5 LITROS.<\/strong><\/span> <span style=\"color: #ff0000\"><strong>Env\u00edo gratuito dentro de Italia para importes superiores a 29,90 euros<\/strong><\/span><\/p>\n<p>&nbsp;<\/p>","protected":false},"featured_media":5764,"template":"","meta":[],"product_brand":[],"product_cat":[308],"product_tag":[313,1468,1469,317,1470,315,312,1466,1467,316,1474,190,310,309,311,314,318,1471,1472,1473],"class_list":{"0":"post-5196","1":"product","2":"type-product","3":"status-publish","4":"has-post-thumbnail","6":"product_cat-prodotti-manutenzione-auto","7":"product_tag-5w30","8":"product_tag-acea-a3-b4-c3","9":"product_tag-api-sm-cf","10":"product_tag-auto","11":"product_tag-bmw-longlife-4","12":"product_tag-dexos-2","13":"product_tag-gm","14":"product_tag-gm-ll-a-025","15":"product_tag-gm-ll-b-025","16":"product_tag-manutenzione","17":"product_tag-mb-229-51","18":"product_tag-motore","19":"product_tag-oil","20":"product_tag-olio","21":"product_tag-opel","22":"product_tag-sintetico","23":"product_tag-veicolo","24":"product_tag-vw-502-00","25":"product_tag-vw-505-00","26":"product_tag-vw-505-01","27":"product_shipping_class-pe","29":"first","30":"outofstock","31":"taxable","32":"shipping-taxable","33":"purchasable","34":"product-type-simple"},"_links":{"self":[{"href":"https:\/\/www.elettrowebstore.com\/es\/wp-json\/wp\/v2\/product\/5196","targetHints":{"allow":["GET"]}}],"collection":[{"href":"https:\/\/www.elettrowebstore.com\/es\/wp-json\/wp\/v2\/product"}],"about":[{"href":"https:\/\/www.elettrowebstore.com\/es\/wp-json\/wp\/v2\/types\/product"}],"wp:featuredmedia":[{"embeddable":true,"href":"https:\/\/www.elettrowebstore.com\/es\/wp-json\/wp\/v2\/media\/5764"}],"wp:attachment":[{"href":"https:\/\/www.elettrowebstore.com\/es\/wp-json\/wp\/v2\/media?parent=5196"}],"wp:term":[{"taxonomy":"product_brand","embeddable":true,"href":"https:\/\/www.elettrowebstore.com\/es\/wp-json\/wp\/v2\/product_brand?post=5196"},{"taxonomy":"product_cat","embeddable":true,"href":"https:\/\/www.elettrowebstore.com\/es\/wp-json\/wp\/v2\/product_cat?post=5196"},{"taxonomy":"product_tag","embeddable":true,"href":"https:\/\/www.elettrowebstore.com\/es\/wp-json\/wp\/v2\/product_tag?post=5196"}],"curies":[{"name":"wp","href":"https:\/\/api.w.org\/{rel}","templated":true}]}}