{"id":5186,"date":"2018-05-09T09:57:36","date_gmt":"2018-05-09T07:57:36","guid":{"rendered":"https:\/\/www.elettrowebstore.com\/?post_type=product&#038;p=5186"},"modified":"2021-01-18T12:56:09","modified_gmt":"2021-01-18T11:56:09","slug":"custom-powerbank-batteria-esterna-portatile-capacita-4000-mah-pb40","status":"publish","type":"product","link":"https:\/\/www.elettrowebstore.com\/es\/shop\/custom-powerbank-bateria-externa-portatil-capacidad-4000-mah-pb40\/","title":{"rendered":"CUSTOM Powerbank bater\u00eda externa port\u00e1til capacidad 4000 mAh PB40"},"content":{"rendered":"<h1>CUSTOM Powerbank bater\u00eda externa port\u00e1til capacidad 4000 mAh PB40<\/h1>\n<h2>CUSTOM Powerbank bater\u00eda externa port\u00e1til de 4000 mAh PB40 en 5 colores de moda. Delgado, \"cool\" y adecuado para todas las circunstancias. Colores disponibles: verde azulado, rosa, amarillo, negro y blanco.<\/h2>\n<p>CUSTOM Powerbank bater\u00eda externa port\u00e1til capacidad 4000 mAh PB40 es una potente Powerbank en 5 colores de moda. Delgado, \"cool\" y adecuado para todas las circunstancias. Colores disponibles: verde azulado, rosa, amarillo, negro y blanco.<\/p>\n<p>&nbsp;<\/p>\n<h2><strong>Especificaciones PB40 Powerbank port\u00e1til 4000 mAh de capacidad<br \/>\n<\/strong><\/h2>\n<ul>\n<li>Bater\u00eda: 4000 mAh<\/li>\n<li><span class=\"a-list-item\">Indicador LED de carga residual<\/span><\/li>\n<li><span class=\"a-list-item\">Antorcha<\/span><\/li>\n<li>Salida USB: 5 V - 1,5 A<\/li>\n<li>Entrada micro USB: 5 V - 1,5 A<\/li>\n<li>Entrada USB: 5 V, 1 A<\/li>\n<li>Dimensiones: 90x90x14 mm<\/li>\n<li><span class=\"a-list-item\">Colores disponibles: verde azulado, rosa, amarillo, negro, blanco<br \/>\n<\/span><\/li>\n<\/ul>\n<p>&nbsp;<\/p>\n<h2><strong>Descripci\u00f3n<\/strong><\/h2>\n<p>PB40 es una potente Powerbank en 5 colores de moda. Delgada, \"cool\" y adecuada para todas las circunstancias. Colores disponibles: verde azulado, rosa, amarillo, negro y blanco.<\/p>\n<p>&nbsp;<\/p>\n<h2><strong>Plazo de entrega<\/strong><\/h2>\n<p>Este producto est\u00e1 siempre disponible para su entrega inmediata. De hecho, se puede pedir de inmediato y es enviado por ElettroWebStore dentro de 2 d\u00edas h\u00e1biles a partir de la fecha de compra.<\/p>\n<p>Adem\u00e1s, todos los env\u00edos de ElettroWebStore est\u00e1n exentos de gastos de env\u00edo.<\/p>\n<p><a href=\"https:\/\/www.elettrowebstore.com\/spedizioni-consegne-prodotti-italia-estero\/\"><img loading=\"lazy\" decoding=\"async\" class=\"aligncenter wp-image-5149 size-full\" src=\"https:\/\/www.elettrowebstore.com\/EWS_Store\/wp-content\/uploads\/2020\/04\/elettrowebstore-spedizione-con-corrieri-brt-sda-dhl_n75nxd.jpg\" alt=\"ElettroWebStore env\u00eda con mensajer\u00eda r\u00e1pida BRT SDA DHL\" width=\"649\" height=\"175\" srcset=\"https:\/\/www.elettrowebstore.com\/EWS_Store\/wp-content\/uploads\/elettrowebstore-spedizione-con-corrieri-brt-sda-dhl_n75nxd.jpg 649w, https:\/\/www.elettrowebstore.com\/EWS_Store\/wp-content\/uploads\/elettrowebstore-spedizione-con-corrieri-brt-sda-dhl_n75nxd-600x162.jpg 600w\" sizes=\"auto, (max-width: 649px) 100vw, 649px\" \/><\/a><\/p>\n<p>&nbsp;<\/p>\n<h2><strong>Formas de pago aceptadas<\/strong><\/h2>\n<p><strong>En el sitio web de ElettroWebStore puede pagar con todos los m\u00e9todos habituales<\/strong>tanto espec\u00edficas de Internet (como las tarjetas prepago) como tradicionales (como las tarjetas de cr\u00e9dito cl\u00e1sicas).<\/p>\n<p><a href=\"https:\/\/www.elettrowebstore.com\/pagamenti-sicuri-sul-sito-elettrowebstore\/\"><img loading=\"lazy\" decoding=\"async\" class=\"aligncenter size-full wp-image-5151\" src=\"https:\/\/www.elettrowebstore.com\/EWS_Store\/wp-content\/uploads\/2020\/04\/elettrowebstore-pagamenti_berj9q.jpg\" alt=\"Formas de pago aceptadas en el sitio ElettroWebStore\" width=\"649\" height=\"226\" srcset=\"https:\/\/www.elettrowebstore.com\/EWS_Store\/wp-content\/uploads\/elettrowebstore-pagamenti_berj9q.jpg 649w, https:\/\/www.elettrowebstore.com\/EWS_Store\/wp-content\/uploads\/elettrowebstore-pagamenti_berj9q-600x209.jpg 600w\" sizes=\"auto, (max-width: 649px) 100vw, 649px\" \/><\/a><\/p>\n<p>&nbsp;<\/p>\n<p>Todos los pagos se gestionan a trav\u00e9s del <a href=\"https:\/\/www.paypal.com\/it\/webapps\/mpp\/paypal-safety-and-security\"><strong>Paypal<\/strong><\/a>. Adem\u00e1s, aunque no dispongas de Paypal, puedes pagar sin necesidad de registrarte y guardar tus credenciales. Todo lo que tienes que hacer es introducir tus datos en las p\u00e1ginas de Paypal.<\/p>\n<p>En ning\u00fan caso ElettroWebStore manejar\u00e1 los datos de tu tarjeta de pago ni tendr\u00e1 conocimiento de ellos. De hecho, \u00a1ElettroWebStore solo ver\u00e1 si el pago se ha realizado o no!<\/p>\n<p>Nuestro sitio utiliza protocolos HTTPS, que garantizan un alto nivel de seguridad para los usuarios.<\/p>\n<p>&nbsp;<\/p>\n<h2><strong>Garant\u00eda<\/strong><\/h2>\n<p>ElettroWebStore y Custom garantizan el producto durante 24 meses despu\u00e9s de la compra para el usuario dom\u00e9stico y 12 meses para el usuario profesional.<\/p>\n<p>Puedes comprar productos Custom con total seguridad. De hecho, en caso de cualquier problema, puede contar con la red de centros de asistencia t\u00e9cnica autorizados, si los hay en su zona, o directamente con Custom o ElettroWebStore.<\/p>\n<p>\u00a1Custom distribuye productos de calidad a precios asequibles! Compre con confianza, ElettroWebStore le ayuda si es necesario, \u00a1incluso despu\u00e9s de la venta!<\/p>\n<p>PB40 es un producto cubierto por la garant\u00eda original italiana del fabricante (v\u00e1lida durante al menos 24 meses, de conformidad con el Decreto Legislativo 24\/2002). Los t\u00e9rminos exactos de la garant\u00eda se ilustran en el documento adjunto en el paquete.<\/p>\n<p>&nbsp;<\/p>\n<h2><strong>Para m\u00e1s informaci\u00f3n<\/strong><\/h2>\n<p>Con el fin de mejorar la calidad del producto, el fabricante se reserva el derecho de modificar los materiales y las especificaciones por motivos t\u00e9cnicos y\/o de producci\u00f3n sin previo aviso. Por tanto, las descripciones e im\u00e1genes que aqu\u00ed se ofrecen son indicativas y pueden variar ligeramente respecto al producto final.<\/p>\n<p>&nbsp;<\/p>\n<h2><strong>La marca personalizada<\/strong><\/h2>\n<p><a href=\"http:\/\/www.customlife.com\/\"><strong>A medida<\/strong><\/a> S.p.A. es hoy un referente en el dise\u00f1o e implementaci\u00f3n de soluciones mecatr\u00f3nicas de impresi\u00f3n y escaneado. De hecho, ofrece una amplia gama de productos para la automatizaci\u00f3n de los servicios p\u00fablicos.<\/p>\n<p>La empresa est\u00e1 dividida en seis unidades de negocio que operan en mercados verticales para una diversificaci\u00f3n estrat\u00e9gica de las actividades. Adem\u00e1s, en los \u00faltimos a\u00f1os, Custom ha introducido una l\u00ednea de productos electr\u00f3nicos y de telefon\u00eda m\u00f3vil con una excelente relaci\u00f3n calidad\/precio y una amplia red de servicios en toda Italia.<\/p>\n<p>Aunque es una empresa nueva en el campo de la telefon\u00eda y los accesorios, se presenta como un socio serio y fiable. Esto se debe a su gran experiencia y profesionalidad y a las \"espaldas anchas\" de un l\u00edder en los sectores en los que opera.<\/p>","protected":false},"excerpt":{"rendered":"<p>PB40 es una potente Powerbank en 5 colores de moda. Delgada, \"cool\" y adecuada para todas las circunstancias. Colores disponibles: verde azulado, rosa, amarillo, negro y blanco.<\/p>","protected":false},"featured_media":0,"template":"","meta":[],"product_brand":[],"product_cat":[57],"product_tag":[296,214,307,262,303,305],"class_list":{"0":"post-5186","1":"product","2":"type-product","3":"status-publish","5":"product_cat-elettronica","6":"product_tag-batteria","7":"product_tag-custom","8":"product_tag-pb40","9":"product_tag-portatile","10":"product_tag-powerbank","11":"product_tag-ricarica","12":"product_shipping_class-pe","14":"first","15":"outofstock","16":"taxable","17":"shipping-taxable","18":"product-type-variable"},"_links":{"self":[{"href":"https:\/\/www.elettrowebstore.com\/es\/wp-json\/wp\/v2\/product\/5186","targetHints":{"allow":["GET"]}}],"collection":[{"href":"https:\/\/www.elettrowebstore.com\/es\/wp-json\/wp\/v2\/product"}],"about":[{"href":"https:\/\/www.elettrowebstore.com\/es\/wp-json\/wp\/v2\/types\/product"}],"wp:attachment":[{"href":"https:\/\/www.elettrowebstore.com\/es\/wp-json\/wp\/v2\/media?parent=5186"}],"wp:term":[{"taxonomy":"product_brand","embeddable":true,"href":"https:\/\/www.elettrowebstore.com\/es\/wp-json\/wp\/v2\/product_brand?post=5186"},{"taxonomy":"product_cat","embeddable":true,"href":"https:\/\/www.elettrowebstore.com\/es\/wp-json\/wp\/v2\/product_cat?post=5186"},{"taxonomy":"product_tag","embeddable":true,"href":"https:\/\/www.elettrowebstore.com\/es\/wp-json\/wp\/v2\/product_tag?post=5186"}],"curies":[{"name":"wp","href":"https:\/\/api.w.org\/{rel}","templated":true}]}}