{"id":5132,"date":"2018-04-24T07:21:18","date_gmt":"2018-04-24T05:21:18","guid":{"rendered":"https:\/\/www.elettrowebstore.com\/?post_type=product&#038;p=5132"},"modified":"2022-06-14T14:16:33","modified_gmt":"2022-06-14T12:16:33","slug":"reber-accessori-tritacarne-per-motoriduttori-in-acciaio-inox","status":"publish","type":"product","link":"https:\/\/www.elettrowebstore.com\/es\/shop\/accesorios-para-amoladoras-con-motor-de-acero-inoxidable-reber\/","title":{"rendered":"Accesorios para amoladoras con motor de acero inoxidable Reber"},"content":{"rendered":"<h2><strong>Accesorios para amoladoras con motor de acero inoxidable Reber<\/strong><\/h2>\n<p><a href=\"https:\/\/www.elettrowebstore.com\/shop\/reber-accessori-tritacarne-per-motoriduttori-in-acciaio-inox\/\"><strong>Accesorios para amoladoras con motor de acero inoxidable Reber<\/strong><\/a> es el anuncio que hace referencia a las picadoras de acero inoxidable opcionales que se montan en los motores de la marca Reber.<\/p>\n<p>Este anuncio es s\u00f3lo para accesorios de picadoras de acero inoxidable. Los motores no est\u00e1n incluidos.<\/p>\n<p><img loading=\"lazy\" decoding=\"async\" class=\"aligncenter wp-image-129764 size-full\" src=\"https:\/\/www.elettrowebstore.com\/EWS_Store\/wp-content\/uploads\/.\/reber-accessorio-tritacarne-acciaio-inox-8-12-22-32-optional-TC-8808N-8812N-8800NI-8830NI-1.jpg\" alt=\"Accesorios para amoladoras con motor de acero inoxidable Reber\" width=\"800\" height=\"600\" srcset=\"https:\/\/www.elettrowebstore.com\/EWS_Store\/wp-content\/uploads\/reber-accessorio-tritacarne-acciaio-inox-8-12-22-32-optional-TC-8808N-8812N-8800NI-8830NI-1.jpg 800w, https:\/\/www.elettrowebstore.com\/EWS_Store\/wp-content\/uploads\/reber-accessorio-tritacarne-acciaio-inox-8-12-22-32-optional-TC-8808N-8812N-8800NI-8830NI-1-600x450.jpg 600w, https:\/\/www.elettrowebstore.com\/EWS_Store\/wp-content\/uploads\/reber-accessorio-tritacarne-acciaio-inox-8-12-22-32-optional-TC-8808N-8812N-8800NI-8830NI-1-768x576.jpg 768w\" sizes=\"auto, (max-width: 800px) 100vw, 800px\" \/><\/p>\n<h2><strong>Descripci\u00f3n de los accesorios para picar acero Reber<\/strong><\/h2>\n<p>En <a href=\"https:\/\/www.elettrowebstore.com\/shop\/reber-accessori-tritacarne-per-motoriduttori-in-acciaio-inox\/\"><strong>Los accesorios de acero inoxidable Reber son opcionales<\/strong><\/a>derivado profesionalmente, aplicable a los motorreductores Reber que ya posee el usuario.<\/p>\n<p>Como su conformaci\u00f3n es particular, hay que seguir las combinaciones adecuadas para combinarlos con el motor adecuado. De hecho, el cuerpo con su conformaci\u00f3n interna especial y la h\u00e9lice particularmente pesada, combinada con la pala y la placa de acero inoxidable, hacen que los motores requieran una potencia particular.<\/p>\n<p>&nbsp;<\/p>\n<h2><strong>Especificaciones t\u00e9cnicas de los accesorios para amoladoras con motor de acero inoxidable Reber<\/strong><\/h2>\n<ul>\n<li>cuerpo totalmente de acero inoxidable<\/li>\n<li>chapa de acero inoxidable<\/li>\n<li>h\u00e9lice de acero inoxidable<\/li>\n<li>cuchillo de acero inoxidable<\/li>\n<li>picadoras disponibles del n\u00ba 8, n\u00ba 12, n\u00ba 22 de cuello largo y n\u00ba 32<\/li>\n<\/ul>\n<p><img loading=\"lazy\" decoding=\"async\" class=\"aligncenter size-full wp-image-129763\" src=\"https:\/\/www.elettrowebstore.com\/EWS_Store\/wp-content\/uploads\/.\/reber-accessorio-tritacarne-acciaio-inox-8-12-22-32-optional-TC-8808N-8812N-8800NI-8830NI-4.jpg\" alt=\"Accesorios para amoladoras con motor de acero inoxidable Reber\" width=\"800\" height=\"600\" srcset=\"https:\/\/www.elettrowebstore.com\/EWS_Store\/wp-content\/uploads\/reber-accessorio-tritacarne-acciaio-inox-8-12-22-32-optional-TC-8808N-8812N-8800NI-8830NI-4.jpg 800w, https:\/\/www.elettrowebstore.com\/EWS_Store\/wp-content\/uploads\/reber-accessorio-tritacarne-acciaio-inox-8-12-22-32-optional-TC-8808N-8812N-8800NI-8830NI-4-600x450.jpg 600w, https:\/\/www.elettrowebstore.com\/EWS_Store\/wp-content\/uploads\/reber-accessorio-tritacarne-acciaio-inox-8-12-22-32-optional-TC-8808N-8812N-8800NI-8830NI-4-768x576.jpg 768w\" sizes=\"auto, (max-width: 800px) 100vw, 800px\" \/><\/p>\n<h2><strong>Adaptaci\u00f3n de los accesorios de picado al motor con la potencia correcta<\/strong><\/h2>\n<ul>\n<li>picadora opcional n\u00ba 8 -&gt; motorreductor de 450 vatios y 0,30 CV, brida n\u00ba 3<\/li>\n<li>picadora de carne opcional no. 12 -&gt; motorreductor 600 vatios 0,80 CV, brida no. 5<\/li>\n<li>picadora opcional n\u00ba 22 -&gt; motorreductor 600 vatios 0,80 CV, brida n\u00ba 5 o motorreductor 1.200 vatios 1,50 CV, brida n\u00ba 5<\/li>\n<li>picadora opcional no. 32 -&gt; motorreductor 1.200 W 1,50 CV, brida no. 5<\/li>\n<\/ul>\n<p>Otras combinaciones con potencias diferentes no est\u00e1n garantizadas por Reber y pueden bloquearse debido al peso del accesorio picador.<\/p>\n<p><img loading=\"lazy\" decoding=\"async\" class=\"aligncenter size-full wp-image-129765\" src=\"https:\/\/www.elettrowebstore.com\/EWS_Store\/wp-content\/uploads\/.\/reber-accessorio-tritacarne-acciaio-inox-8-12-22-32-optional-TC-8808N-8812N-8800NI-8830NI-5.jpg\" alt=\"Accesorios para amoladoras con motor de acero inoxidable Reber\" width=\"800\" height=\"600\" srcset=\"https:\/\/www.elettrowebstore.com\/EWS_Store\/wp-content\/uploads\/reber-accessorio-tritacarne-acciaio-inox-8-12-22-32-optional-TC-8808N-8812N-8800NI-8830NI-5.jpg 800w, https:\/\/www.elettrowebstore.com\/EWS_Store\/wp-content\/uploads\/reber-accessorio-tritacarne-acciaio-inox-8-12-22-32-optional-TC-8808N-8812N-8800NI-8830NI-5-600x450.jpg 600w, https:\/\/www.elettrowebstore.com\/EWS_Store\/wp-content\/uploads\/reber-accessorio-tritacarne-acciaio-inox-8-12-22-32-optional-TC-8808N-8812N-8800NI-8830NI-5-768x576.jpg 768w\" sizes=\"auto, (max-width: 800px) 100vw, 800px\" \/><\/p>\n<p>&nbsp;<\/p>\n<h2><strong>Acerca de los productos Reber<\/strong><\/h2>\n<p><a href=\"http:\/\/www.rebersrl.it\" target=\"_blank\" rel=\"noopener noreferrer\"><img loading=\"lazy\" decoding=\"async\" class=\"alignleft wp-image-5331 size-full\" src=\"https:\/\/www.elettrowebstore.com\/EWS_Store\/wp-content\/uploads\/2020\/04\/reber-logo_rhhra7_53313b98c.png\" alt=\"Logotipo REBER\" width=\"250\" height=\"110\" \/><\/a><\/p>\n<p><a href=\"http:\/\/www.rebersrl.it\"><strong>REBER<\/strong> <\/a>es l\u00edder en Italia y en el extranjero en la producci\u00f3n y distribuci\u00f3n de art\u00edculos para el hogar y para profesionales. De hecho, sus art\u00edculos est\u00e1n espec\u00edficamente dise\u00f1ados para disponer de productos de gran fiabilidad en el hogar o el taller, pensados para durar mucho tiempo.<\/p>\n<p>Adem\u00e1s, todos los motores y accesorios cumplen siempre todas las normativas aplicables, tanto en materia de tecnolog\u00eda de fabricaci\u00f3n como de contacto de los alimentos con los materiales.<\/p>\n<p>De hecho, todos los art\u00edculos REBER van acompa\u00f1ados de una declaraci\u00f3n de conformidad. Por lo tanto, \u00a1garantizan siempre la m\u00e1xima satisfacci\u00f3n de todos los usuarios!<\/p>\n<p>&nbsp;<\/p>\n<h2><strong>Garant\u00eda<\/strong><\/h2>\n<p>El producto est\u00e1 cubierto por <a href=\"https:\/\/www.elettrowebstore.com\/due-anni-di-garanzia-su-ogni-prodotto-acquistato\/\"><strong>garant\u00eda legal<\/strong><\/a>seg\u00fan la p\u00e1gina correspondiente de nuestro sitio web, que le invitamos a leer. Tambi\u00e9n proporcionamos informaci\u00f3n clara sobre el ejercicio de la <a href=\"https:\/\/www.elettrowebstore.com\/diritto-di-recesso-restituzione-prodotti\/\"><strong>derecho de retractaci\u00f3n<\/strong><\/a>.<\/p>\n<p>Para facilitar el ejercicio de este derecho, el fabricante dispone de Centros de Asistencia T\u00e9cnica autorizados en todo el territorio nacional.<\/p>\n<p>Encontrar\u00e1 m\u00e1s informaci\u00f3n sobre la legislaci\u00f3n pertinente en el sitio web de la<a href=\"http:\/\/www.agcm.it\/consumatore\/decalogo\/5102-garanzia-del-venditore-guida-per-il-consumatore.html\"><strong>Autoridad de Competencia y Mercado<\/strong><\/a>.<\/p>\n<p>Con el fin de mejorar la calidad del producto, el fabricante se reserva el derecho de modificar los materiales y las caracter\u00edsticas t\u00e9cnicas del art\u00edculo sin previo aviso.  Adem\u00e1s, las descripciones e im\u00e1genes que aqu\u00ed se ofrecen son, por tanto, orientativas y pueden variar ligeramente respecto al producto final.<\/p>\n<p>&nbsp;<\/p>\n<h2><strong>Plazo de entrega<\/strong><\/h2>\n<p>Este producto est\u00e1 siempre disponible para su entrega inmediata. De hecho, se puede pedir de inmediato y es enviado por ElettroWebStore dentro de 2 d\u00edas h\u00e1biles a partir de la fecha de compra.<\/p>\n<p>Adem\u00e1s, todos los env\u00edos de ElettroWebStore est\u00e1n exentos de gastos de env\u00edo.<\/p>\n<p><img loading=\"lazy\" decoding=\"async\" class=\"aligncenter size-full wp-image-41372\" src=\"https:\/\/www.elettrowebstore.com\/EWS_Store\/wp-content\/uploads\/.\/elettrowebstore-spedizione-con-corrieri-brt-sda-dhl-nexive-ld.jpg\" alt=\"Estos son los transportistas con los que ElettroWebStore.com realiza sus env\u00edos\" width=\"800\" height=\"189\" srcset=\"https:\/\/www.elettrowebstore.com\/EWS_Store\/wp-content\/uploads\/elettrowebstore-spedizione-con-corrieri-brt-sda-dhl-nexive-ld.jpg 800w, https:\/\/www.elettrowebstore.com\/EWS_Store\/wp-content\/uploads\/elettrowebstore-spedizione-con-corrieri-brt-sda-dhl-nexive-ld-600x142.jpg 600w, https:\/\/www.elettrowebstore.com\/EWS_Store\/wp-content\/uploads\/elettrowebstore-spedizione-con-corrieri-brt-sda-dhl-nexive-ld-768x181.jpg 768w\" sizes=\"auto, (max-width: 800px) 100vw, 800px\" \/><\/p>\n<p>&nbsp;<\/p>\n<h2><strong>Formas de pago aceptadas<\/strong><\/h2>\n<p><strong>En el sitio web de ElettroWebStore puede pagar con todos los m\u00e9todos habituales<\/strong>tanto espec\u00edficas de Internet (como las tarjetas prepago) como tradicionales (como las tarjetas de cr\u00e9dito cl\u00e1sicas).<\/p>\n<p><img loading=\"lazy\" decoding=\"async\" class=\"aligncenter size-full wp-image-41371\" src=\"https:\/\/www.elettrowebstore.com\/EWS_Store\/wp-content\/uploads\/.\/elettrowebstore-pagamenti-accettati-ld.jpg\" alt=\"Estos son los m\u00e9todos de pago aceptados por ElettroWebStore.com\" width=\"800\" height=\"199\" srcset=\"https:\/\/www.elettrowebstore.com\/EWS_Store\/wp-content\/uploads\/elettrowebstore-pagamenti-accettati-ld.jpg 800w, https:\/\/www.elettrowebstore.com\/EWS_Store\/wp-content\/uploads\/elettrowebstore-pagamenti-accettati-ld-600x149.jpg 600w, https:\/\/www.elettrowebstore.com\/EWS_Store\/wp-content\/uploads\/elettrowebstore-pagamenti-accettati-ld-768x191.jpg 768w\" sizes=\"auto, (max-width: 800px) 100vw, 800px\" \/><\/p>\n<p>&nbsp;<\/p>\n<p>Todos los pagos se gestionan a trav\u00e9s del <a href=\"https:\/\/www.paypal.com\/it\/webapps\/mpp\/paypal-safety-and-security\"><strong>Paypal<\/strong><\/a>. Adem\u00e1s, aunque no dispongas de Paypal, puedes pagar sin necesidad de registrarte y guardar tus credenciales. Todo lo que tienes que hacer es introducir tus datos en las p\u00e1ginas de Paypal.<\/p>\n<p>En ning\u00fan caso <a href=\"http:\/\/www.elettrowebstore.com\"><strong>ElettroWebStore<\/strong><\/a> gestionar los datos de sus tarjetas de pago o darse cuenta de ellos. De hecho <a href=\"http:\/\/www.elettrowebstore.com\"><strong>ElettroWebStore<\/strong><\/a> s\u00f3lo ver\u00e1 si el pago se ha efectuado o no.<\/p>\n<p>Nuestro sitio utiliza protocolos HTTPS, que garantizan un alto nivel de seguridad para los usuarios.<\/p>","protected":false},"excerpt":{"rendered":"<p>Accesorios de acero inoxidable para motores de picadoras Reber de 450 W, 600 W y 1200 W para uso alimentario. <strong>Plazo de entrega: 7-10 d\u00edas laborables<\/strong>. <span style=\"color: #ff0000;\"><strong>Env\u00edo gratuito a Italia<\/strong><\/span><\/p>","protected":false},"featured_media":129764,"template":"","meta":[],"product_brand":[],"product_cat":[273,17],"product_tag":[2046,2048,2047,2045,345,407,94,346,65,350],"class_list":{"0":"post-5132","1":"product","2":"type-product","3":"status-publish","4":"has-post-thumbnail","6":"product_cat-accessori-per-reber","7":"product_cat-casalinghi-cura-casa","8":"product_tag-8800ni","9":"product_tag-8808n","10":"product_tag-8812n","11":"product_tag-8830ni","12":"product_tag-accessorio","13":"product_tag-acciaio","14":"product_tag-inox","15":"product_tag-optional","16":"product_tag-reber","17":"product_tag-tritacarne","18":"product_shipping_class-pe10","20":"first","21":"instock","22":"sale","23":"taxable","24":"shipping-taxable","25":"purchasable","26":"product-type-variable"},"_links":{"self":[{"href":"https:\/\/www.elettrowebstore.com\/es\/wp-json\/wp\/v2\/product\/5132","targetHints":{"allow":["GET"]}}],"collection":[{"href":"https:\/\/www.elettrowebstore.com\/es\/wp-json\/wp\/v2\/product"}],"about":[{"href":"https:\/\/www.elettrowebstore.com\/es\/wp-json\/wp\/v2\/types\/product"}],"wp:featuredmedia":[{"embeddable":true,"href":"https:\/\/www.elettrowebstore.com\/es\/wp-json\/wp\/v2\/media\/129764"}],"wp:attachment":[{"href":"https:\/\/www.elettrowebstore.com\/es\/wp-json\/wp\/v2\/media?parent=5132"}],"wp:term":[{"taxonomy":"product_brand","embeddable":true,"href":"https:\/\/www.elettrowebstore.com\/es\/wp-json\/wp\/v2\/product_brand?post=5132"},{"taxonomy":"product_cat","embeddable":true,"href":"https:\/\/www.elettrowebstore.com\/es\/wp-json\/wp\/v2\/product_cat?post=5132"},{"taxonomy":"product_tag","embeddable":true,"href":"https:\/\/www.elettrowebstore.com\/es\/wp-json\/wp\/v2\/product_tag?post=5132"}],"curies":[{"name":"wp","href":"https:\/\/api.w.org\/{rel}","templated":true}]}}