{"id":5102,"date":"2018-04-23T19:12:40","date_gmt":"2018-04-23T17:12:40","guid":{"rendered":"https:\/\/www.elettrowebstore.com\/?post_type=product&#038;p=5102"},"modified":"2025-08-05T18:38:31","modified_gmt":"2025-08-05T16:38:31","slug":"imperia-restaurant-manuale-macchina-pasta-sfogliatrice","status":"publish","type":"product","link":"https:\/\/www.elettrowebstore.com\/es\/shop\/imperia-restaurant-manual-pasta-machine\/","title":{"rendered":"M\u00e1quina de pasta manual Imperia Restaurant"},"content":{"rendered":"<h2><strong>M\u00e1quina de pasta manual Imperia Restaurant<\/strong><\/h2>\n<p><strong>M\u00e1quina de pasta manual Imperia Restaurant<\/strong> es el dispositivo de entrada al mundo profesional de <a href=\"https:\/\/www.elettrowebstore.com\/imperia-macchine-per-pasta\/\" target=\"_blank\" rel=\"noopener\"><strong>Productos Imperia<\/strong><\/a>.<\/p>\n<p>Esta m\u00e1quina de pasta se caracteriza por el mayor tama\u00f1o de los rodillos, que alcanzan una longitud bruta de 21 cent\u00edmetros. El funcionamiento es completamente manual con una manivela suministrada. Este tipo de producto no es electrificable: de hecho <strong>no puede aplicarse ning\u00fan motor adicional para transformar la m\u00e1quina en el\u00e9ctrica<\/strong>.<\/p>\n<p>La estructura es completamente de acero inoxidable y acero cromado.<\/p>\n<p>En comparaci\u00f3n con otras marcas de m\u00e1quinas manuales para pasta con rodillos grandes, hay que tener en cuenta la especial robustez y durabilidad de este producto, as\u00ed como su certificaci\u00f3n para uso profesional. Adem\u00e1s, esta m\u00e1quina de pasta Imperia Restaurant se fabrica en 100% en Italia.<\/p>\n<p>Si desea adquirir un modelo con motor de la l\u00ednea Imperia Professional, puede adquirir el modelo <a href=\"https:\/\/www.elettrowebstore.com\/shop\/imperia-restaurant-elettrica-macchina-pasta-professionale-036\/\" target=\"_blank\" rel=\"noopener\"><strong>Restaurante el\u00e9ctrico Imperia<\/strong><\/a> o el <a href=\"https:\/\/www.elettrowebstore.com\/shop\/imperia-restaurant-elettronica-macchina-pasta-sfogliatrice-professionale\/\" target=\"_blank\" rel=\"noopener\"><strong>Electr\u00f3nica del restaurante Imperia<\/strong><\/a>. La laminadora manual Imperia Restaurant se ofrece sin los cortes de masa, que se adquieren por separado.<\/p>\n<p>&nbsp;<\/p>\n<h2><strong>Especificaciones t\u00e9cnicas<\/strong><strong><br \/>\n<\/strong><\/h2>\n<ul>\n<li>Dimensiones: 42x35x37 cm<\/li>\n<li>Peso neto: 11,2 kg<\/li>\n<li>Funcionamiento: s\u00f3lo manual, con la manivela suministrada<\/li>\n<li>Margen de ajuste del rodillo: de 0 a 5 mm<\/li>\n<li>Anchura m\u00e1xima de hoja obtenible: 210 mm aprox.<\/li>\n<li>C\u00f3digo del producto: 010<\/li>\n<li>Puede montar los troqueles (tambi\u00e9n llamados cortes) para pasta larga de la l\u00ednea <a href=\"https:\/\/www.elettrowebstore.com\/shop\/imperia-nuovi-simplex-restaurant-per-sfogliatrice-ristorante\/\"><strong>Restaurante Imperia Simplex<\/strong><\/a><\/li>\n<li><strong>ATENCI\u00d3N: Esta m\u00e1quina no puede electrificarse. No hay ning\u00fan motor que pueda acoplarse a esta m\u00e1quina.<\/strong> De hecho, si busca una versi\u00f3n motorizada, deber\u00e1 adquirir el <a href=\"https:\/\/www.elettrowebstore.com\/shop\/imperia-restaurant-elettrica-macchina-pasta-professionale-036\/\"><span style=\"text-decoration: underline;\"><strong>Restaurante el\u00e9ctrico Imperia<\/strong><\/span><\/a>\u00a0o el <a href=\"https:\/\/www.elettrowebstore.com\/shop\/imperia-restaurant-elettronica-macchina-pasta-sfogliatrice-professionale\/\"><span style=\"text-decoration: underline;\"><strong>Electr\u00f3nica del restaurante Imperia<\/strong><\/span><\/a><\/li>\n<\/ul>","protected":false},"excerpt":{"rendered":"<p>Laminadora de pasta manual Imperia Restaurant para uso en restaurantes, profesional, totalmente certificada CE. Uso exclusivamente manual, no dise\u00f1ada para aplicaciones con motor. Estructura de acero cromado. Puede equiparse con todos los cortapastas Imperia Simplex Restaurant. Rodillos revestidos de acero aptos para el contacto con alimentos. Manivela suministrada. Anchura de hoja obtenible aprox. 21 cm. M\u00e1quina fabricada \u00edntegramente en Italia. Env\u00edo a Italia incluido en el precio.<\/p>","protected":false},"featured_media":668055,"template":"","meta":[],"product_brand":[],"product_cat":[107],"product_tag":[270,411,23,68,33,20,265,264,267,30,410,409],"class_list":{"0":"post-5102","1":"product","2":"type-product","3":"status-publish","4":"has-post-thumbnail","6":"product_cat-macchine-della-pasta","7":"product_tag-270","8":"product_tag-free-shipping","9":"product_tag-imperia","10":"product_tag-macchina","11":"product_tag-manuale","12":"product_tag-pasta","13":"product_tag-restaurant","14":"product_tag-ristorante","15":"product_tag-sfoglia-21-cm","16":"product_tag-sfogliatrice","17":"product_tag-spedizione-gratis","18":"product_tag-spedizione-gratuita","19":"product_shipping_class-pe","21":"first","22":"instock","23":"sale","24":"taxable","25":"shipping-taxable","26":"purchasable","27":"product-type-simple"},"_links":{"self":[{"href":"https:\/\/www.elettrowebstore.com\/es\/wp-json\/wp\/v2\/product\/5102","targetHints":{"allow":["GET"]}}],"collection":[{"href":"https:\/\/www.elettrowebstore.com\/es\/wp-json\/wp\/v2\/product"}],"about":[{"href":"https:\/\/www.elettrowebstore.com\/es\/wp-json\/wp\/v2\/types\/product"}],"wp:featuredmedia":[{"embeddable":true,"href":"https:\/\/www.elettrowebstore.com\/es\/wp-json\/wp\/v2\/media\/668055"}],"wp:attachment":[{"href":"https:\/\/www.elettrowebstore.com\/es\/wp-json\/wp\/v2\/media?parent=5102"}],"wp:term":[{"taxonomy":"product_brand","embeddable":true,"href":"https:\/\/www.elettrowebstore.com\/es\/wp-json\/wp\/v2\/product_brand?post=5102"},{"taxonomy":"product_cat","embeddable":true,"href":"https:\/\/www.elettrowebstore.com\/es\/wp-json\/wp\/v2\/product_cat?post=5102"},{"taxonomy":"product_tag","embeddable":true,"href":"https:\/\/www.elettrowebstore.com\/es\/wp-json\/wp\/v2\/product_tag?post=5102"}],"curies":[{"name":"wp","href":"https:\/\/api.w.org\/{rel}","templated":true}]}}