{"id":4973,"date":"2018-04-17T19:56:19","date_gmt":"2018-04-17T17:56:19","guid":{"rendered":"https:\/\/www.elettrowebstore.com\/?post_type=product&#038;p=4973"},"modified":"2026-02-14T11:38:11","modified_gmt":"2026-02-14T10:38:11","slug":"imperia-pasta-facile-motore-per-macchina-della-pasta","status":"publish","type":"product","link":"https:\/\/www.elettrowebstore.com\/es\/shop\/imperia-pasta-facile-maquina-de-pasta-motor\/","title":{"rendered":"Motor de la m\u00e1quina de pasta Imperia Pasta Facile"},"content":{"rendered":"<h2><strong>Motor de la m\u00e1quina de pasta Imperia Pasta Facile<br \/>\n<\/strong><\/h2>\n<p>El motor para m\u00e1quinas de pasta Imperia Pasta Facile es el motor para acoplar a las m\u00e1quinas de pasta Imperia.<\/p>\n<p>&nbsp;<\/p>\n<p>De hecho, este motor le permite manejar la m\u00e1quina de pasta Imperia el\u00e9ctricamente, sin tener que utilizar la manivela. Tambi\u00e9n se incluye en el paquete Imperia Pasta Facile el <a href=\"https:\/\/www.elettrowebstore.com\/shop\/staffa-blu-kit-guida-motore-pasta-facile-kpf-a15\/\" target=\"_blank\" rel=\"noopener\"><strong>soporte azul para fijaci\u00f3n a m\u00e1quina de pasta<\/strong><\/a>que tambi\u00e9n puede adquirirse por separado como pieza de recambio en caso de rotura.<\/p>\n<p>\u00a1Sin duda, el motor Imperia Pastafacile es un gran accesorio para aquellos que utilizan su m\u00e1quina de pasta a menudo! Hace que el trabajo de extender la pasta sea mucho m\u00e1s f\u00e1cil y r\u00e1pido.<\/p>\n<p>Este art\u00edculo est\u00e1 fabricado \u00edntegramente en Italia por <a href=\"https:\/\/www.elettrowebstore.com\/imperia-macchine-per-pasta\/\" target=\"_blank\" rel=\"noopener\"><strong>Imperia &amp; Monferrina S.p.a.<\/strong><\/a><\/p>\n<p>&nbsp;<\/p>\n<h2><strong>Especificaciones t\u00e9cnicas<br \/>\n<\/strong><\/h2>\n<ul>\n<li>Potencia: 65 vatios<\/li>\n<li>Alimentaci\u00f3n: 230 V 50 Hz<\/li>\n<li>Revoluciones por minuto: 60 rpm<\/li>\n<li>Fabricado en Italia<\/li>\n<li>Motor universal para aplicaci\u00f3n en <strong>M\u00e1quina de pasta manual Imperia<\/strong> como: <strong><a href=\"https:\/\/www.elettrowebstore.com\/shop\/imperia-ipasta-macchina-sfogliatrice-per-pasta-manuale-acciaio\/\" target=\"_blank\" rel=\"noopener\">iPasta SP150<\/a><\/strong>, <a href=\"https:\/\/www.elettrowebstore.com\/shop\/imperia-titania-macchina-pasta-manuale-190\/\" target=\"_blank\" rel=\"noopener\"><strong>Titania<\/strong><\/a>.<\/li>\n<li>No se puede aplicar en el modelo Pasta Presto ni en la l\u00ednea Restaurante<\/li>\n<li>Marco de pl\u00e1stico con acabado cromado plateado<\/li>\n<li>En el paquete se incluye el soporte gu\u00eda, de pl\u00e1stico azul, con su placa para fijar el motor a la m\u00e1quina de pasta<\/li>\n<li>Equipado con adaptador de extensi\u00f3n para Ravioli Maker y accesorios Millegnocchi<\/li>\n<li>Interruptor de m\u00edn., m\u00e1x. y m\u00edn.<\/li>\n<li>Pulsador<\/li>\n<li>Peso: 1,2 kg<\/li>\n<li>Dimensiones: 11,5 x 14,8 x 23 cm<\/li>\n<li>C\u00f3digo fabricante: 4600<\/li>\n<\/ul>\n<p>&nbsp;<\/p>\n<h2><strong>Descripci\u00f3n<\/strong><\/h2>\n<p>Imperia Pasta Facile es el motor el\u00e9ctrico aplicable a las m\u00e1quinas manuales de pasta de la marca Imperia.<\/p>\n<p>De hecho, todas las m\u00e1quinas de pasta manual Imperia iPasta y Titania pueden utilizar este motor para obtener m\u00e1s f\u00e1cilmente una l\u00e1mina homog\u00e9nea y una velocidad constante del rodillo. Adem\u00e1s, el motor Pasta Facile tambi\u00e9n se puede utilizar con la laminadora Imperia (es decir, con la m\u00e1quina solo para laminar la masa, no equipada con troqueles).<\/p>\n<p>De este modo, la pasta puede hacerse sin esfuerzo. De hecho, este dispositivo se acopla a la laminadora de masa y permite que la m\u00e1quina para hacer pasta funcione el\u00e9ctricamente.<\/p>\n<p>Pasta Facile tiene un bot\u00f3n de encendido con dos ajustes posibles:<\/p>\n<ul>\n<li>una para amasar y otra para cortar la l\u00e1mina,<\/li>\n<li>intermitente para hacer raviolis (utilizando el accesorio especial <a href=\"https:\/\/www.elettrowebstore.com\/shop\/imperia-ravioli-maker-accessorio-per-macchina-della-pasta\/\" target=\"_blank\" rel=\"noopener\"><strong>Raviolera Imperia<\/strong><\/a> no suministrado).<\/li>\n<\/ul>\n<p>Para m\u00e1s informaci\u00f3n, visite <a href=\"https:\/\/imperia.com\/product\/pasta-facile\/\" target=\"_blank\" rel=\"noopener\"><strong>Sitio web del fabricante Imperia &amp; Monferrina<\/strong><\/a>.<\/p>","protected":false},"excerpt":{"rendered":"<p>Motor para m\u00e1quina de pasta Imperia Pasta Facile para montaje lateral sin utilizar la manivela.<\/p>","protected":false},"featured_media":172019,"template":"","meta":[],"product_brand":[],"product_cat":[17,107],"product_tag":[2880,1721,23,68,190,191,20,187,188],"class_list":{"0":"post-4973","1":"product","2":"type-product","3":"status-publish","4":"has-post-thumbnail","6":"product_cat-casalinghi-cura-casa","7":"product_cat-macchine-della-pasta","8":"product_tag-2880","9":"product_tag-65-watt","10":"product_tag-imperia","11":"product_tag-macchina","12":"product_tag-motore","13":"product_tag-motorino","14":"product_tag-pasta","15":"product_tag-pasta-facile","16":"product_tag-pastafacile","17":"product_shipping_class-pe","19":"first","20":"instock","21":"sale","22":"featured","23":"taxable","24":"shipping-taxable","25":"purchasable","26":"product-type-simple"},"_links":{"self":[{"href":"https:\/\/www.elettrowebstore.com\/es\/wp-json\/wp\/v2\/product\/4973","targetHints":{"allow":["GET"]}}],"collection":[{"href":"https:\/\/www.elettrowebstore.com\/es\/wp-json\/wp\/v2\/product"}],"about":[{"href":"https:\/\/www.elettrowebstore.com\/es\/wp-json\/wp\/v2\/types\/product"}],"wp:featuredmedia":[{"embeddable":true,"href":"https:\/\/www.elettrowebstore.com\/es\/wp-json\/wp\/v2\/media\/172019"}],"wp:attachment":[{"href":"https:\/\/www.elettrowebstore.com\/es\/wp-json\/wp\/v2\/media?parent=4973"}],"wp:term":[{"taxonomy":"product_brand","embeddable":true,"href":"https:\/\/www.elettrowebstore.com\/es\/wp-json\/wp\/v2\/product_brand?post=4973"},{"taxonomy":"product_cat","embeddable":true,"href":"https:\/\/www.elettrowebstore.com\/es\/wp-json\/wp\/v2\/product_cat?post=4973"},{"taxonomy":"product_tag","embeddable":true,"href":"https:\/\/www.elettrowebstore.com\/es\/wp-json\/wp\/v2\/product_tag?post=4973"}],"curies":[{"name":"wp","href":"https:\/\/api.w.org\/{rel}","templated":true}]}}