{"id":4972,"date":"2018-04-17T19:48:04","date_gmt":"2018-04-17T17:48:04","guid":{"rendered":"https:\/\/www.elettrowebstore.com\/?post_type=product&#038;p=4972"},"modified":"2026-03-31T10:17:48","modified_gmt":"2026-03-31T08:17:48","slug":"imperia-trafile-tagli-taglierina-duplex-macchine-pasta","status":"publish","type":"product","link":"https:\/\/www.elettrowebstore.com\/es\/shop\/imperia-troqueladora-duplex-maquinas-para-pasta\/","title":{"rendered":"Cortadora de troqueles Imperia M\u00e1quinas para pasta d\u00faplex"},"content":{"rendered":"<h2><strong>Cortadora de troqueles Imperia M\u00e1quinas para pasta d\u00faplex<\/strong><\/h2>\n<p>Troqueladora Imperia M\u00e1quinas para pasta d\u00faplex para todas las m\u00e1quinas manuales y tambi\u00e9n para <a href=\"https:\/\/www.elettrowebstore.com\/shop\/imperia-pasta-presto-elettrica-macchina-della-pasta-a-motore-700\/\" target=\"_blank\" rel=\"noopener\"><strong>Pasta Presto<\/strong><\/a>. Con un solo accesorio es posible hacer dos tipos diferentes de pasta. El accesorio Duplex es aplicable a todas las m\u00e1quinas de pasta Imperia, como iPasta, Titania, Pasta Presto.<\/p>\n<p>&nbsp;<\/p>\n<p>&nbsp;<\/p>\n<h2><strong>Especificaciones t\u00e9cnicas Imperia troqueles de corte d\u00faplex para m\u00e1quinas de pasta<br \/>\n<\/strong><\/h2>\n<p>Los cortadores d\u00faplex IMPERIA para m\u00e1quinas de pasta est\u00e1n fabricados \u00edntegramente en acero cromado apto para el contacto con alimentos.<\/p>\n<p>Cada una de ellas contiene en su interior todas las caracter\u00edsticas para poder realizar un corte preciso y de calidad, con abundante uso de acero de alta calidad. De hecho, este tipo de art\u00edculo, comparado con otros importados, es muy pesado.<\/p>\n<p>Hablamos de corte d\u00faplex porque cada uno representa dos tipos de masa, con diferentes acabados de hoja.<\/p>\n<p>Los cortes d\u00faplex est\u00e1n disponibles en los siguientes modelos:<\/p>\n<ul>\n<li>cabello de \u00e1ngel mm.1,5 y trenette mm.4<\/li>\n<li>cabello de \u00e1ngel mm.1,5 y fettuccine mm.6,5<\/li>\n<li>tagliatelle mm.2 y trenette mm.4<\/li>\n<li>tagliatelle mm.2 y fettuccine mm.6,5<\/li>\n<li>cabello de \u00e1ngel mm.1,5 y lasagnette mm.12<\/li>\n<li>trenette mm.4 y lasagnette mm.12<\/li>\n<li>trenette mm.4 y espaguetis diam. 2 mm.<\/li>\n<li>lasagnette mm.12 y espaguetis diam. 2 mm.<\/li>\n<li>Correas de 12 mm y 44 mm<\/li>\n<\/ul>\n<p>&nbsp;<\/p>\n<h2><strong>Otros accesorios que pueden adquirirse por separado<\/strong><\/h2>\n<p>Tambi\u00e9n es posible adquirir en nuestra tienda accesorios adicionales para acoplar a la m\u00e1quina de pasta manual Imperia iPasta laminadora de pasta tagliatelle fettuccine 100 para hacer los siguientes tipos de pasta:<\/p>\n<ul>\n<li><strong><a href=\"https:\/\/www.elettrowebstore.com\/shop\/imperia-trafile-tagli-simplex-per-macchina-della-pasta\/\">espaguetis redondos di\u00e1metro mm.2 (corte \u00fanico)<\/a><\/strong><\/li>\n<li><strong><a href=\"https:\/\/www.elettrowebstore.com\/shop\/imperia-trafile-tagli-simplex-per-macchina-della-pasta\/\">cabello de \u00e1ngel mm.0,8 (corte sencillo)<\/a><\/strong><\/li>\n<li><strong><a href=\"https:\/\/www.elettrowebstore.com\/shop\/imperia-trafile-tagli-simplex-per-macchina-della-pasta\/\">cabello de \u00e1ngel mm.1,5 (corte sencillo)<\/a><\/strong><\/li>\n<li><strong><a href=\"https:\/\/www.elettrowebstore.com\/shop\/imperia-trafile-tagli-simplex-per-macchina-della-pasta\/\">fideos mm.2 (corte simple)<\/a><\/strong><\/li>\n<li><strong><a href=\"https:\/\/www.elettrowebstore.com\/shop\/imperia-trafile-tagli-simplex-per-macchina-della-pasta\/\">trenette mm.4 (corte simple)<\/a><\/strong><\/li>\n<li><strong><a href=\"https:\/\/www.elettrowebstore.com\/shop\/imperia-trafile-tagli-simplex-per-macchina-della-pasta\/\">fettuccine mm.6,5 (corte \u00fanico)<\/a><\/strong><\/li>\n<li><strong><a href=\"https:\/\/www.elettrowebstore.com\/shop\/imperia-trafile-tagli-simplex-per-macchina-della-pasta\/\">lasagnette mm.12 (corte \u00fanico)<\/a><\/strong><\/li>\n<li><strong><a href=\"https:\/\/www.elettrowebstore.com\/shop\/imperia-trafile-tagli-simplex-per-macchina-della-pasta\/\">pappardelle mm.32 (corte \u00fanico)<\/a><\/strong><\/li>\n<li><strong><a href=\"https:\/\/www.elettrowebstore.com\/shop\/imperia-trafile-tagli-simplex-per-macchina-della-pasta\/\">lasagnette queens mm.12 (corte \u00fanico)<\/a><\/strong><\/li>\n<li><strong><a href=\"https:\/\/www.elettrowebstore.com\/shop\/imperia-trafile-tagli-simplex-per-macchina-della-pasta\/\">pappardelle reginette mm.44 (corte \u00fanico)<\/a><\/strong><\/li>\n<li><strong><a href=\"https:\/\/www.elettrowebstore.com\/shop\/imperia-ravioli-maker-accessorio-riavioli-macchine-della-pasta\/\">raviolini 3\u00d73<\/a><\/strong><\/li>\n<li><strong><a href=\"https:\/\/www.elettrowebstore.com\/shop\/imperia-ravioli-maker-accessorio-riavioli-macchine-della-pasta\/\">raviolis 5\u00d75<\/a><\/strong><\/li>\n<li><strong><a href=\"https:\/\/www.elettrowebstore.com\/EWS_Store\/prodotto\/imperia-accessorio-millegnocchi-cavatelli-gnocchetti\/\">cavatelli<\/a><\/strong><\/li>\n<li><strong><a href=\"https:\/\/www.elettrowebstore.com\/EWS_Store\/prodotto\/imperia-accessorio-millegnocchi-cavatelli-gnocchetti\/\">Gnocchetti sardos<\/a><\/strong><\/li>\n<li><strong><a href=\"https:\/\/www.elettrowebstore.com\/EWS_Store\/prodotto\/imperia-accessorio-millegnocchi-cavatelli-gnocchetti\/\">rigatelli<\/a><\/strong><\/li>\n<li><strong><a href=\"https:\/\/www.elettrowebstore.com\/shop\/imperia-pasta-facile-motore-per-macchina-della-pasta\/\">motor para Pasta M\u00e1quina de pasta Facile<\/a><\/strong><\/li>\n<\/ul>\n<p>Los cortes adicionales para las m\u00e1quinas de pasta Imperia vienen en dos categor\u00edas: Simplex y Duplex. Los cortes Simplex son cortes simples, es decir, el accesorio est\u00e1 dise\u00f1ado para realizar un solo tipo de corte de pasta (por ejemplo, s\u00f3lo pasta guitarra). El corte Duplex, en cambio, est\u00e1 dise\u00f1ado para encerrar en su interior dos tipos de corte<\/p>\n<p>Tambi\u00e9n est\u00e1 disponible el motor Imperia Pasta Facile, que permite utilizar la m\u00e1quina sin la ayuda de una manivela.<\/p>\n<p>&nbsp;<\/p>\n<h2><strong>Disponibilidad IMPERIA troqueles de corte d\u00faplex para m\u00e1quinas de pasta<br \/>\n<\/strong><\/h2>\n<p>Todos los cortes d\u00faplex est\u00e1n siempre disponibles para entrega inmediata. Cada uno puede ser entregado dentro de 1-2 d\u00edas h\u00e1biles a partir de la fecha de definici\u00f3n de la orden.<\/p>\n<p>&nbsp;<\/p>\n<h2><strong>La marca Imperia<\/strong><\/h2>\n<p><strong><a href=\"https:\/\/www.imperia.com\">Imperia<\/a><\/strong> se fund\u00f3 oficialmente el 3 de febrero de 1932 como evoluci\u00f3n de un peque\u00f1o taller. La producci\u00f3n y venta de m\u00e1quinas de pasta comenz\u00f3 inmediatamente. Al principio, el mercado objetivo era Italia, pero casi de inmediato comenzaron las exportaciones. En la actualidad, los principales compradores se encuentran en los Estados Unidos de Am\u00e9rica, a menudo emigrantes que adquieren la m\u00e1quina de pasta Imperia para utilizarla como recuerdo de antiguas tradiciones.<\/p>\n<p>Desde 2010, Imperia ha adquirido <a href=\"https:\/\/www.la-monferrina.com\/chi_siamo.php\"><strong>La Monferrina<\/strong><\/a>convirti\u00e9ndose en Imperia &amp; Monferrina S.p.a. De este modo, la empresa se especializ\u00f3 en la producci\u00f3n y venta de m\u00e1quinas manuales y el\u00e9ctricas para hacer pasta, desde las m\u00e1s peque\u00f1as para el hogar hasta las m\u00e1quinas profesionales de laboratorio.<\/p>\n<p>&nbsp;<\/p>\n<h2><strong>Garant\u00eda<\/strong><\/h2>\n<p>El producto est\u00e1 cubierto por <a href=\"https:\/\/www.elettrowebstore.com\/due-anni-di-garanzia-su-ogni-prodotto-acquistato\/\"><strong>garant\u00eda legal<\/strong><\/a>seg\u00fan la p\u00e1gina correspondiente de nuestro sitio web, que le invitamos a leer. Tambi\u00e9n proporcionamos informaci\u00f3n clara sobre el ejercicio de la <a href=\"https:\/\/www.elettrowebstore.com\/diritto-di-recesso-restituzione-prodotti\/\"><strong>derecho de retractaci\u00f3n<\/strong><\/a>.<\/p>\n<p><strong>Imperia Pasta Presto m\u00e1quina de pasta el\u00e9ctrica 700<\/strong> es un producto precioso para uso dom\u00e9stico <a href=\"https:\/\/www.elettrowebstore.com\/shop\/estensione-di-garanzia-elettrodomestici-3-anni-fino-a-250-euro\/\"><strong>Garant\u00eda ampliada a 3 a\u00f1os m\u00e1s.<\/strong><\/a><\/p>\n<p>Para facilitar el ejercicio de este derecho, el Productor pone a disposici\u00f3n del <a href=\"https:\/\/www.retenellarete.it\/la-rete\/?regione=&amp;provincia=&amp;marca=imperia#k_afterSearch\"><strong>Centros de servicio autorizados en todo el pa\u00eds<\/strong><\/a>.<\/p>\n<p>Encontrar\u00e1 m\u00e1s informaci\u00f3n sobre la legislaci\u00f3n pertinente en el sitio web de la<a href=\"http:\/\/www.agcm.it\/consumatore\/decalogo\/5102-garanzia-del-venditore-guida-per-il-consumatore.html\"><strong>Autoridad de Competencia y Mercado<\/strong><\/a>.<\/p>\n<p>Con el fin de mejorar la calidad del producto, el fabricante se reserva el derecho de modificar los materiales y las caracter\u00edsticas t\u00e9cnicas del art\u00edculo sin previo aviso.  Adem\u00e1s, las descripciones e im\u00e1genes que aqu\u00ed se ofrecen son, por tanto, orientativas y pueden variar ligeramente respecto al producto final.<\/p>\n<p>&nbsp;<\/p>\n<h2><strong>Plazo de entrega<\/strong><\/h2>\n<p>Este producto est\u00e1 siempre disponible para su entrega inmediata. De hecho, se puede pedir de inmediato y es enviado por ElettroWebStore dentro de 2 d\u00edas h\u00e1biles a partir de la fecha de compra.<\/p>\n<p>Adem\u00e1s, todos los env\u00edos de ElettroWebStore est\u00e1n exentos de gastos de env\u00edo.<\/p>\n<p>&nbsp;<\/p>\n<h2><strong>Formas de pago aceptadas<\/strong><\/h2>\n<p><strong>En el sitio web de ElettroWebStore puede pagar con todos los m\u00e9todos habituales<\/strong>tanto espec\u00edficas de Internet (como las tarjetas prepago) como tradicionales (como las tarjetas de cr\u00e9dito cl\u00e1sicas).<\/p>\n<p>Para consultar todos los m\u00e9todos de pago aceptados, visite nuestra p\u00e1gina sobre <a href=\"https:\/\/www.elettrowebstore.com\/pagamenti-sicuri-sul-sito-elettrowebstore\/\" target=\"_blank\" rel=\"noopener\"><strong>m\u00e9todos de pago en el sitio ElettroWebStore<\/strong><\/a>. En ning\u00fan caso <strong>ElettroWebStore<\/strong> gestionar los datos de sus tarjetas de pago o darse cuenta de ellos. De hecho <strong>ElettroWebStore<\/strong> s\u00f3lo ver\u00e1 si el pago se ha efectuado o no.<\/p>\n<p>Nuestro sitio utiliza protocolos HTTPS, que garantizan un alto nivel de seguridad para los usuarios.<\/p>","protected":false},"excerpt":{"rendered":"<ul>\n<li>Original Imperia, made in Italy<\/li>\n<li>Doble troquel para m\u00e1quinas de pasta manuales Imperia de todo tipo<\/li>\n<li>Cortadora con dos tipos de corte. Las combinaciones que se pueden adquirir se muestran en el siguiente men\u00fa<\/li>\n<li>S\u00f3lo puede utilizarse con m\u00e1quinas dom\u00e9sticas de la l\u00ednea Imperia<\/li>\n<li>La imagen es s\u00f3lo representativa<\/li>\n<\/ul>","protected":false},"featured_media":4985,"template":"","meta":[],"product_brand":[],"product_cat":[17,107],"product_tag":[183,1150,182,180,31,23,185,186,32,2731,181,184],"class_list":{"0":"post-4972","1":"product","2":"type-product","3":"status-publish","4":"has-post-thumbnail","6":"product_cat-casalinghi-cura-casa","7":"product_cat-macchine-della-pasta","8":"product_tag-capelli-dangelo","9":"product_tag-cutter","10":"product_tag-doppia","11":"product_tag-duplex","12":"product_tag-fettuccine","13":"product_tag-imperia","14":"product_tag-lasagnette","15":"product_tag-spaghetti","16":"product_tag-tagliatelle","17":"product_tag-taglierina","18":"product_tag-trafila","19":"product_tag-trenette","20":"product_shipping_class-pe","22":"first","23":"instock","24":"sale","25":"taxable","26":"shipping-taxable","27":"purchasable","28":"product-type-variable","29":"has-default-attributes"},"_links":{"self":[{"href":"https:\/\/www.elettrowebstore.com\/es\/wp-json\/wp\/v2\/product\/4972","targetHints":{"allow":["GET"]}}],"collection":[{"href":"https:\/\/www.elettrowebstore.com\/es\/wp-json\/wp\/v2\/product"}],"about":[{"href":"https:\/\/www.elettrowebstore.com\/es\/wp-json\/wp\/v2\/types\/product"}],"wp:featuredmedia":[{"embeddable":true,"href":"https:\/\/www.elettrowebstore.com\/es\/wp-json\/wp\/v2\/media\/4985"}],"wp:attachment":[{"href":"https:\/\/www.elettrowebstore.com\/es\/wp-json\/wp\/v2\/media?parent=4972"}],"wp:term":[{"taxonomy":"product_brand","embeddable":true,"href":"https:\/\/www.elettrowebstore.com\/es\/wp-json\/wp\/v2\/product_brand?post=4972"},{"taxonomy":"product_cat","embeddable":true,"href":"https:\/\/www.elettrowebstore.com\/es\/wp-json\/wp\/v2\/product_cat?post=4972"},{"taxonomy":"product_tag","embeddable":true,"href":"https:\/\/www.elettrowebstore.com\/es\/wp-json\/wp\/v2\/product_tag?post=4972"}],"curies":[{"name":"wp","href":"https:\/\/api.w.org\/{rel}","templated":true}]}}