{"id":343487,"date":"2022-08-30T19:58:31","date_gmt":"2022-08-30T17:58:31","guid":{"rendered":"https:\/\/www.elettrowebstore.com\/?post_type=product&#038;p=343487"},"modified":"2025-01-16T19:45:56","modified_gmt":"2025-01-16T18:45:56","slug":"estensione-di-garanzia-elettrodomestici-3-anni-fino-a-1000-euro","status":"publish","type":"product","link":"https:\/\/www.elettrowebstore.com\/es\/shop\/extension-de-la-garantia-del-aparato-3-anos-hasta-1000-euros\/","title":{"rendered":"Ampliaci\u00f3n de garant\u00eda para electrodom\u00e9sticos 3 a\u00f1os hasta 1000 euros"},"content":{"rendered":"<h2><strong>Ampliaci\u00f3n de garant\u00eda para electrodom\u00e9sticos 3 a\u00f1os hasta 1.000 euros<\/strong><\/h2>\n<p>Ampliaci\u00f3n de garant\u00eda para electrodom\u00e9sticos 3 a\u00f1os hasta 1.000 euros<\/p>\n<p>Servicio durante 36 meses m\u00e1s una vez finalizada la garant\u00eda legal.<\/p>\n<p>S\u00f3lo disponible al mismo tiempo que la compra de un nuevo producto en el sitio web de ElettroWebStore y s\u00f3lo para productos con un valor unitario de hasta 250 euros.<\/p>\n<p>Para m\u00e1s informaci\u00f3n sobre la garant\u00eda, <a href=\"https:\/\/www.elettrowebstore.com\/estensioni-di-garanzia-sui-prodotti-elettrici\/\" target=\"_blank\" rel=\"noopener\"><strong>visite la p\u00e1gina dedicada con todas las explicaciones<\/strong><\/a><\/p>","protected":false},"excerpt":{"rendered":"<p>Ampliaci\u00f3n de la garant\u00eda de electrodom\u00e9sticos 3 a\u00f1os hasta 1000 Euro con servicio de asistencia durante 36 meses m\u00e1s a partir del final del periodo de garant\u00eda legal. El servicio solo puede adquirirse junto con la compra de un producto en el sitio web de ElettroWebStore y solo para productos con un valor unitario de hasta 1000 \u20ac.<\/p>","protected":false},"featured_media":343794,"template":"","meta":[],"product_brand":[],"product_cat":[2629],"product_tag":[2639,2630,2631,2633,2638,2636,2635,2632],"class_list":{"0":"post-343487","1":"product","2":"type-product","3":"status-publish","4":"has-post-thumbnail","6":"product_cat-estensioni-di-garanzia","7":"product_tag-1000-euro","8":"product_tag-estensione","9":"product_tag-garanzia","10":"product_tag-garanzia3","11":"product_tag-massimale","12":"product_tag-polizza","13":"product_tag-prosecuzione","14":"product_tag-servizio-tecnico","15":"product_shipping_class-pe","17":"first","18":"instock","19":"taxable","20":"shipping-taxable","21":"purchasable","22":"product-type-simple"},"_links":{"self":[{"href":"https:\/\/www.elettrowebstore.com\/es\/wp-json\/wp\/v2\/product\/343487","targetHints":{"allow":["GET"]}}],"collection":[{"href":"https:\/\/www.elettrowebstore.com\/es\/wp-json\/wp\/v2\/product"}],"about":[{"href":"https:\/\/www.elettrowebstore.com\/es\/wp-json\/wp\/v2\/types\/product"}],"wp:featuredmedia":[{"embeddable":true,"href":"https:\/\/www.elettrowebstore.com\/es\/wp-json\/wp\/v2\/media\/343794"}],"wp:attachment":[{"href":"https:\/\/www.elettrowebstore.com\/es\/wp-json\/wp\/v2\/media?parent=343487"}],"wp:term":[{"taxonomy":"product_brand","embeddable":true,"href":"https:\/\/www.elettrowebstore.com\/es\/wp-json\/wp\/v2\/product_brand?post=343487"},{"taxonomy":"product_cat","embeddable":true,"href":"https:\/\/www.elettrowebstore.com\/es\/wp-json\/wp\/v2\/product_cat?post=343487"},{"taxonomy":"product_tag","embeddable":true,"href":"https:\/\/www.elettrowebstore.com\/es\/wp-json\/wp\/v2\/product_tag?post=343487"}],"curies":[{"name":"wp","href":"https:\/\/api.w.org\/{rel}","templated":true}]}}