{"id":27526,"date":"2020-10-08T17:43:23","date_gmt":"2020-10-08T15:43:23","guid":{"rendered":"https:\/\/www.elettrowebstore.com\/?post_type=product&#038;p=27526"},"modified":"2024-01-17T13:11:40","modified_gmt":"2024-01-17T12:11:40","slug":"botta-cuoca-automatica-motore-elettrico-24-watt-con-accessori","status":"publish","type":"product","link":"https:\/\/www.elettrowebstore.com\/es\/shop\/cocina-automatica-con-motor-electrico-de-24-vatios-y-accesorios\/","title":{"rendered":"Cocina Autom\u00e1tica Botta Motor El\u00e9ctrico 24 W con Accesorios"},"content":{"rendered":"<h2><strong>Cocina Autom\u00e1tica Botta Motor El\u00e9ctrico 24 W con Accesorios<br \/>\n<\/strong><\/h2>\n<p><strong>Cocina Autom\u00e1tica Botta Motor El\u00e9ctrico 24 W con Accesorios<\/strong> es la pieza de repuesto que debe comprar en caso de que el motor de su caldero deje de funcionar o est\u00e9 da\u00f1ado. Se trata de un motor mejorado, adecuado tambi\u00e9n para sustituir a los menos potentes que montan algunos modelos de caldero. Lo que se le enviar\u00e1 incluye lo que se ve en las siguientes fotos, es decir, la carcasa compuesta por el <strong>componentes de pl\u00e1stico rojo y negro, el armaz\u00f3n galvanizado que sostiene el caldero y la esp\u00e1tula<\/strong>.<\/p>\n<p>Antes de finalizar la compra <a href=\"https:\/\/www.elettrowebstore.com\/contatta-lo-staff-di-elettrowebstore\/\"><strong>Contacto<\/strong><\/a> para saber qu\u00e9 motor es el adecuado para su caldero. Los motores de repuesto no son universales; var\u00edan en tama\u00f1o y potencia en funci\u00f3n del caldero que posea.<\/p>\n<p>Este motor, concretamente, es el que equipa de serie el <a href=\"https:\/\/www.elettrowebstore.com\/shop\/botta-cuoca-automatica-paiolo-rame-30-cm-6-litri-24-watt\/\"><strong>Botta Cocina Autom\u00e1tica de Cobre 30 cm 6 litros 24 Watt<\/strong><\/a>. El motor tambi\u00e9n es adecuado para mejorar el montado en <a href=\"https:\/\/www.elettrowebstore.com\/shop\/botta-cuoca-automatica-paiolo-rame-30-cm-6-litri-5-watt\/\"><strong>Botta Cocina Autom\u00e1tica olla de cobre 30 cm 6 litros 5 vatios<\/strong><\/a><\/p>\n<p>&nbsp;<\/p>\n<p><img loading=\"lazy\" decoding=\"async\" class=\"size-full wp-image-27430 aligncenter\" src=\"https:\/\/www.elettrowebstore.com\/EWS_Store\/wp-content\/uploads\/2020\/10\/botta-cuoca-automatica-scatola-di-ricambio-motore-elettrico-1.jpg\" alt=\"Caja de recambio del motor el\u00e9ctrico Botta Cuoca Automatica\" width=\"1280\" height=\"1024\" srcset=\"https:\/\/www.elettrowebstore.com\/EWS_Store\/wp-content\/uploads\/botta-cuoca-automatica-scatola-di-ricambio-motore-elettrico-1.jpg 1280w, https:\/\/www.elettrowebstore.com\/EWS_Store\/wp-content\/uploads\/botta-cuoca-automatica-scatola-di-ricambio-motore-elettrico-1-600x480.jpg 600w, https:\/\/www.elettrowebstore.com\/EWS_Store\/wp-content\/uploads\/botta-cuoca-automatica-scatola-di-ricambio-motore-elettrico-1-768x614.jpg 768w\" sizes=\"auto, (max-width: 1280px) 100vw, 1280px\" \/><\/p>\n<p>&nbsp;<\/p>\n<p><img decoding=\"async\" class=\"aligncenter\" src=\"https:\/\/www.elettrowebstore.com\/EWS_Store\/wp-content\/uploads\/2020\/04\/botta-cuoca-automatica-paiolo-polentina-mescolatore-elettrico-30cm-6lt-24w-4-800x640.jpg\" alt=\"https:\/\/www.elettrowebstore.com\/EWS_Store\/wp-content\/uploads\/2020\/04\/botta-cuoca-automatica-paiolo-polentina-mescolatore-elettrico-30cm-6lt-24w-4-800x640.jpg\" \/><\/p>\n<p>&nbsp;<\/p>\n<p><img decoding=\"async\" class=\"aligncenter\" src=\"https:\/\/www.elettrowebstore.com\/EWS_Store\/wp-content\/uploads\/2020\/04\/botta-cuoca-automatica-paiolo-polentina-mescolatore-elettrico-30cm-6lt-24w-6-800x640.jpg\" alt=\"https:\/\/www.elettrowebstore.com\/EWS_Store\/wp-content\/uploads\/2020\/04\/botta-cuoca-automatica-paiolo-polentina-mescolatore-elettrico-30cm-6lt-24w-6-800x640.jpg\" \/><\/p>\n<p>&nbsp;<\/p>\n<p>&nbsp;<\/p>\n<h2><strong>Ollas de cobre Botta Cuoca Automatica: principales caracter\u00edsticas del producto<br \/>\n<\/strong><\/h2>\n<p>Cuoca Autom\u00e1tica es el nombre que reciben las ollas de cobre de alta calidad fabricadas en Italia por Botta. Estos productos no son m\u00e1s que agitadores el\u00e9ctricos insertados en ollas de cobre, que tambi\u00e9n se denominan \"Polentine\". Estos art\u00edculos se fabrican en 100% en Italia.<\/p>\n<p>Las batidoras Botta utilizan cobre de primera calidad para garantizar un alto nivel de cumplimiento de las normas sobre contacto con alimentos. Para remover se utilizan motores dom\u00e9sticos de al menos 5 vatios, as\u00ed como motores mejorados en ollas comunitarias (hasta 30 vatios). Todos los motores utilizados cumplen plenamente la normativa pertinente.<\/p>\n<p>Los calderos de cobre de la l\u00ednea Cuoca Automatica by Botta garantizan un excelente rendimiento para cocinar al fuego. Todos ellos se fabrican mediante un proceso que combina la automatizaci\u00f3n industrial con la artesan\u00eda.<\/p>\n<p>En <strong>uso normal<\/strong> de la Cuoca Automatica by Botta se recomienda posicionar el cable el\u00e9ctrico del motor hacia arriba, para evitar el contacto del cable con la llama.<\/p>\n<p>Tambi\u00e9n conviene <strong>preste la m\u00e1xima atenci\u00f3n al uso el\u00e9ctrico del aparato<\/strong>. Antes de limpiar el aparato, desconecte el enchufe de la toma de corriente. Evite cualquier contacto con el agua de las piezas el\u00e9ctricas que componen el motor de esta polenta.<\/p>\n<p>En el momento de la compra, el caldero de cobre puro Botta Cuoca Automatica puede presentar manchas de diversos colores y tama\u00f1os. \u00c9stas se deben al proceso normal de oxidaci\u00f3n del metal y confieren al producto su consistencia y coloraci\u00f3n naturales. Esto es completamente normal y confirma la calidad de la materia prima utilizada. En ning\u00fan caso representan un defecto del producto.<\/p>\n<p>Antes de usarla, la olla Botta Cuoca Autom\u00e1tica debe enjuagarse a fondo. Para la limpieza y el mantenimiento normales puede utilizarse una soluci\u00f3n mixta de agua y vinagre.<\/p>\n<p><img loading=\"lazy\" decoding=\"async\" class=\"aligncenter wp-image-6104\" src=\"https:\/\/www.elettrowebstore.com\/EWS_Store\/wp-content\/uploads\/2020\/04\/botta-cuoca-automatica-paiolo-polentina-mescolatore-elettrico-3.jpg\" alt=\"Cocedor Autom\u00e1tico Botta Olla Polenta Batidora El\u00e9ctrica\" width=\"800\" height=\"231\" srcset=\"https:\/\/www.elettrowebstore.com\/EWS_Store\/wp-content\/uploads\/botta-cuoca-automatica-paiolo-polentina-mescolatore-elettrico-3.jpg 1280w, https:\/\/www.elettrowebstore.com\/EWS_Store\/wp-content\/uploads\/botta-cuoca-automatica-paiolo-polentina-mescolatore-elettrico-3-600x173.jpg 600w, https:\/\/www.elettrowebstore.com\/EWS_Store\/wp-content\/uploads\/botta-cuoca-automatica-paiolo-polentina-mescolatore-elettrico-3-768x221.jpg 768w\" sizes=\"auto, (max-width: 800px) 100vw, 800px\" \/><\/p>\n<p>&nbsp;<\/p>\n<p>&nbsp;<\/p>\n<h2><strong>Garant\u00eda<\/strong><\/h2>\n<p>El producto est\u00e1 cubierto por <a href=\"https:\/\/www.elettrowebstore.com\/due-anni-di-garanzia-su-ogni-prodotto-acquistato\/\"><strong>garant\u00eda legal<\/strong><\/a>seg\u00fan la p\u00e1gina correspondiente de nuestro sitio web, que le invitamos a leer. Tambi\u00e9n proporcionamos informaci\u00f3n clara sobre el ejercicio de la <a href=\"https:\/\/www.elettrowebstore.com\/diritto-di-recesso-restituzione-prodotti\/\"><strong>derecho de retractaci\u00f3n<\/strong><\/a>.<\/p>\n<p>Los motores el\u00e9ctricos tienen una garant\u00eda de dos a\u00f1os, al igual que todos los aparatos adquiridos por los consumidores.<\/p>\n<p>Encontrar\u00e1 m\u00e1s informaci\u00f3n sobre la legislaci\u00f3n pertinente en el sitio web de la<a href=\"http:\/\/www.agcm.it\/consumatore\/decalogo\/5102-garanzia-del-venditore-guida-per-il-consumatore.html\"><strong>Autoridad de Competencia y Mercado<\/strong><\/a>.<\/p>\n<p>Con el fin de mejorar la calidad del producto, el fabricante se reserva el derecho de modificar los materiales y las caracter\u00edsticas t\u00e9cnicas del art\u00edculo sin previo aviso.  Adem\u00e1s, las descripciones e im\u00e1genes que aqu\u00ed se ofrecen son, por tanto, orientativas y pueden variar ligeramente respecto al producto final.<\/p>\n<p>&nbsp;<\/p>\n<p>&nbsp;<\/p>\n<h2><strong>Plazo de entrega Botta Cocina Autom\u00e1tica motor el\u00e9ctrico 24 Watt con accesorios<\/strong><\/h2>\n<p>Este producto est\u00e1 disponible en un plazo medio de 5 d\u00edas laborables.<\/p>\n<p>Si compra desde fuera de Italia, el sistema calcula los gastos de env\u00edo a tanto alzado. Si observa que, en relaci\u00f3n con el peso del producto elegido, los gastos de env\u00edo le parecen excesivos o desproporcionados, finalice su pedido sin pagar y <a href=\"https:\/\/www.elettrowebstore.com\/contatta-lo-staff-di-elettrowebstore\/\"><strong>Contacto<\/strong><\/a>\u00a1! Evaluaremos y, si es necesario, ajustaremos los gastos de env\u00edo al extranjero.<\/p>\n<p><a href=\"https:\/\/www.elettrowebstore.com\/spedizioni-consegne-prodotti-italia-estero\/\"><img loading=\"lazy\" decoding=\"async\" class=\"aligncenter wp-image-5149 size-full\" src=\"https:\/\/www.elettrowebstore.com\/EWS_Store\/wp-content\/uploads\/2020\/04\/elettrowebstore-spedizione-con-corrieri-brt-sda-dhl_n75nxd.jpg\" alt=\"ElettroWebStore env\u00eda con mensajer\u00eda r\u00e1pida BRT SDA DHL\" width=\"649\" height=\"175\" srcset=\"https:\/\/www.elettrowebstore.com\/EWS_Store\/wp-content\/uploads\/elettrowebstore-spedizione-con-corrieri-brt-sda-dhl_n75nxd.jpg 649w, https:\/\/www.elettrowebstore.com\/EWS_Store\/wp-content\/uploads\/elettrowebstore-spedizione-con-corrieri-brt-sda-dhl_n75nxd-600x162.jpg 600w\" sizes=\"auto, (max-width: 649px) 100vw, 649px\" \/><\/a><\/p>\n<p>&nbsp;<\/p>\n<h2><strong>Formas de pago aceptadas<\/strong><\/h2>\n<p><strong>En el sitio web de ElettroWebStore puede pagar con todos los m\u00e9todos habituales<\/strong>tanto espec\u00edficas de Internet (como las tarjetas prepago) como tradicionales (como las tarjetas de cr\u00e9dito cl\u00e1sicas).<\/p>\n<p><a href=\"https:\/\/www.elettrowebstore.com\/pagamenti-sicuri-sul-sito-elettrowebstore\/\"><img loading=\"lazy\" decoding=\"async\" class=\"aligncenter size-full wp-image-5151\" src=\"https:\/\/www.elettrowebstore.com\/EWS_Store\/wp-content\/uploads\/2020\/04\/elettrowebstore-pagamenti_berj9q.jpg\" alt=\"Formas de pago aceptadas en el sitio ElettroWebStore\" width=\"649\" height=\"226\" srcset=\"https:\/\/www.elettrowebstore.com\/EWS_Store\/wp-content\/uploads\/elettrowebstore-pagamenti_berj9q.jpg 649w, https:\/\/www.elettrowebstore.com\/EWS_Store\/wp-content\/uploads\/elettrowebstore-pagamenti_berj9q-600x209.jpg 600w\" sizes=\"auto, (max-width: 649px) 100vw, 649px\" \/><\/a><\/p>\n<p>&nbsp;<\/p>\n<p>Todos los pagos se gestionan a trav\u00e9s de <a href=\"https:\/\/www.paypal.com\/it\/webapps\/mpp\/paypal-safety-and-security\"><strong>Paypal<\/strong><\/a>. Adem\u00e1s, aunque no dispongas de Paypal, puedes pagar sin necesidad de registrarte y almacenar tus credenciales. Todo lo que tiene que hacer es introducir sus datos en los campos correspondientes. El sistema est\u00e1 encriptado y protegido y sus datos no ser\u00e1n facilitados a ElettroWebStore de ninguna manera. De hecho, ElettroWebStore s\u00f3lo puede ver si su pago se ha realizado o no y \u00a1s\u00f3lo la informaci\u00f3n que usted decida introducir!<\/p>\n<p>En ning\u00fan caso <a href=\"http:\/\/www.elettrowebstore.com\"><strong>ElettroWebStore<\/strong><\/a> gestionar los datos de sus tarjetas de pago o darse cuenta de ellos. De hecho <a href=\"http:\/\/www.elettrowebstore.com\"><strong>ElettroWebStore<\/strong><\/a> s\u00f3lo ver\u00e1 si el pago se ha efectuado o no.<\/p>\n<p>Nuestro sitio utiliza protocolos HTTPS, que garantizan un alto nivel de seguridad para los usuarios.<\/p>","protected":false},"excerpt":{"rendered":"<p>Botta Cuoca Automatica 24 Watt motor electrico con accesorios es un recambio para caldero que incluye marco galvanizado y espatula. <span style=\"color: #ed1c24\"><strong>\u00a1Env\u00edo gratuito dentro de Italia para pedidos superiores a 29,90 \u20ac!<\/strong><\/span><\/p>","protected":false},"featured_media":27430,"template":"","meta":[],"product_brand":[],"product_cat":[17,671],"product_tag":[685,71,672,673,677,190,674,676,478,1717,1719,1718],"class_list":{"0":"post-27526","1":"product","2":"type-product","3":"status-publish","4":"has-post-thumbnail","6":"product_cat-casalinghi-cura-casa","7":"product_cat-paioli-in-rame-con-motore","8":"product_tag-24-watt","9":"product_tag-automatica","10":"product_tag-botta","11":"product_tag-cuoca","12":"product_tag-mescolatore","13":"product_tag-motore","14":"product_tag-paiolo","15":"product_tag-polentina","16":"product_tag-ricambio","17":"product_tag-scatola","18":"product_tag-spatola","19":"product_tag-telaio-zincato","20":"product_shipping_class-pe10","22":"first","23":"outofstock","24":"taxable","25":"shipping-taxable","26":"purchasable","27":"product-type-simple"},"yoast_head":"<!-- This site is optimized with the Yoast SEO plugin v27.4 - https:\/\/yoast.com\/product\/yoast-seo-wordpress\/ -->\n<title>Botta Cuoca Automatica motore elettrico 24 Watt con accessori - ElettroWebStore<\/title>\n<meta name=\"description\" content=\"Botta Cuoca Automatica motore elettrico 24 Watt con accessori \u00e8 un ricambio per paiolo che include il telaio zincato e la spatola.\" \/>\n<meta name=\"robots\" content=\"index, follow, max-snippet:-1, max-image-preview:large, max-video-preview:-1\" \/>\n<link rel=\"canonical\" href=\"https:\/\/www.elettrowebstore.com\/es\/shop\/cocina-automatica-con-motor-electrico-de-24-vatios-y-accesorios\/\" \/>\n<meta property=\"og:locale\" content=\"es_ES\" \/>\n<meta property=\"og:type\" content=\"article\" \/>\n<meta property=\"og:title\" content=\"Botta Cuoca Automatica motore elettrico 24 Watt con accessori - ElettroWebStore\" \/>\n<meta property=\"og:description\" content=\"Botta Cuoca Automatica motore elettrico 24 Watt con accessori \u00e8 un ricambio per paiolo che include il telaio zincato e la spatola.\" \/>\n<meta property=\"og:url\" content=\"https:\/\/www.elettrowebstore.com\/es\/shop\/cocina-automatica-con-motor-electrico-de-24-vatios-y-accesorios\/\" \/>\n<meta property=\"og:site_name\" content=\"ElettroWebStore\" \/>\n<meta property=\"article:modified_time\" content=\"2024-01-17T12:11:40+00:00\" \/>\n<meta property=\"og:image\" content=\"https:\/\/www.elettrowebstore.com\/EWS_Store\/wp-content\/uploads\/botta-cuoca-automatica-scatola-di-ricambio-motore-elettrico-1.jpg\" \/>\n\t<meta property=\"og:image:width\" content=\"1280\" \/>\n\t<meta property=\"og:image:height\" content=\"1024\" \/>\n\t<meta property=\"og:image:type\" content=\"image\/jpeg\" \/>\n<meta name=\"twitter:card\" content=\"summary_large_image\" \/>\n<meta name=\"twitter:label1\" content=\"Tiempo de lectura\" \/>\n\t<meta name=\"twitter:data1\" content=\"4 minutos\" \/>\n<script type=\"application\/ld+json\" class=\"yoast-schema-graph\">{\"@context\":\"https:\\\/\\\/schema.org\",\"@graph\":[{\"@type\":\"WebPage\",\"@id\":\"https:\\\/\\\/www.elettrowebstore.com\\\/shop\\\/botta-cuoca-automatica-motore-elettrico-24-watt-con-accessori\\\/\",\"url\":\"https:\\\/\\\/www.elettrowebstore.com\\\/shop\\\/botta-cuoca-automatica-motore-elettrico-24-watt-con-accessori\\\/\",\"name\":\"Botta Cuoca Automatica motore elettrico 24 Watt con accessori - ElettroWebStore\",\"isPartOf\":{\"@id\":\"https:\\\/\\\/www.elettrowebstore.com\\\/#website\"},\"primaryImageOfPage\":{\"@id\":\"https:\\\/\\\/www.elettrowebstore.com\\\/shop\\\/botta-cuoca-automatica-motore-elettrico-24-watt-con-accessori\\\/#primaryimage\"},\"image\":{\"@id\":\"https:\\\/\\\/www.elettrowebstore.com\\\/shop\\\/botta-cuoca-automatica-motore-elettrico-24-watt-con-accessori\\\/#primaryimage\"},\"thumbnailUrl\":\"https:\\\/\\\/www.elettrowebstore.com\\\/EWS_Store\\\/wp-content\\\/uploads\\\/botta-cuoca-automatica-scatola-di-ricambio-motore-elettrico-1.jpg\",\"datePublished\":\"2020-10-08T15:43:23+00:00\",\"dateModified\":\"2024-01-17T12:11:40+00:00\",\"description\":\"Botta Cuoca Automatica motore elettrico 24 Watt con accessori \u00e8 un ricambio per paiolo che include il telaio zincato e la spatola.\",\"breadcrumb\":{\"@id\":\"https:\\\/\\\/www.elettrowebstore.com\\\/shop\\\/botta-cuoca-automatica-motore-elettrico-24-watt-con-accessori\\\/#breadcrumb\"},\"inLanguage\":\"es\",\"potentialAction\":[{\"@type\":\"ReadAction\",\"target\":[\"https:\\\/\\\/www.elettrowebstore.com\\\/shop\\\/botta-cuoca-automatica-motore-elettrico-24-watt-con-accessori\\\/\"]}]},{\"@type\":\"ImageObject\",\"inLanguage\":\"es\",\"@id\":\"https:\\\/\\\/www.elettrowebstore.com\\\/shop\\\/botta-cuoca-automatica-motore-elettrico-24-watt-con-accessori\\\/#primaryimage\",\"url\":\"https:\\\/\\\/www.elettrowebstore.com\\\/EWS_Store\\\/wp-content\\\/uploads\\\/botta-cuoca-automatica-scatola-di-ricambio-motore-elettrico-1.jpg\",\"contentUrl\":\"https:\\\/\\\/www.elettrowebstore.com\\\/EWS_Store\\\/wp-content\\\/uploads\\\/botta-cuoca-automatica-scatola-di-ricambio-motore-elettrico-1.jpg\",\"width\":1280,\"height\":1024,\"caption\":\"Botta Cuoca Automatica scatola di ricambio motore elettrico\"},{\"@type\":\"BreadcrumbList\",\"@id\":\"https:\\\/\\\/www.elettrowebstore.com\\\/shop\\\/botta-cuoca-automatica-motore-elettrico-24-watt-con-accessori\\\/#breadcrumb\",\"itemListElement\":[{\"@type\":\"ListItem\",\"position\":1,\"name\":\"Home\",\"item\":\"https:\\\/\\\/www.elettrowebstore.com\\\/\"},{\"@type\":\"ListItem\",\"position\":2,\"name\":\"Shop\",\"item\":\"https:\\\/\\\/www.elettrowebstore.com\\\/shop\\\/\"},{\"@type\":\"ListItem\",\"position\":3,\"name\":\"Casalinghi e cura della casa\",\"item\":\"https:\\\/\\\/www.elettrowebstore.com\\\/categoria-prodotto\\\/casalinghi-cura-casa\\\/\"},{\"@type\":\"ListItem\",\"position\":4,\"name\":\"Paioli in rame con motore\",\"item\":\"https:\\\/\\\/www.elettrowebstore.com\\\/categoria-prodotto\\\/casalinghi-cura-casa\\\/paioli-in-rame-con-motore\\\/\"},{\"@type\":\"ListItem\",\"position\":5,\"name\":\"Botta Cuoca Automatica motore elettrico 24 Watt con accessori\"}]},{\"@type\":\"WebSite\",\"@id\":\"https:\\\/\\\/www.elettrowebstore.com\\\/#website\",\"url\":\"https:\\\/\\\/www.elettrowebstore.com\\\/\",\"name\":\"ElettroWebStore\",\"description\":\"Casalinghi buste sottovuoto ferramenta articoli giardino elettrodomestici\",\"publisher\":{\"@id\":\"https:\\\/\\\/www.elettrowebstore.com\\\/#organization\"},\"potentialAction\":[{\"@type\":\"SearchAction\",\"target\":{\"@type\":\"EntryPoint\",\"urlTemplate\":\"https:\\\/\\\/www.elettrowebstore.com\\\/?s={search_term_string}\"},\"query-input\":{\"@type\":\"PropertyValueSpecification\",\"valueRequired\":true,\"valueName\":\"search_term_string\"}}],\"inLanguage\":\"es\"},{\"@type\":\"Organization\",\"@id\":\"https:\\\/\\\/www.elettrowebstore.com\\\/#organization\",\"name\":\"ElettroWebStore - ELCA S.r.l.\",\"url\":\"https:\\\/\\\/www.elettrowebstore.com\\\/\",\"logo\":{\"@type\":\"ImageObject\",\"inLanguage\":\"es\",\"@id\":\"https:\\\/\\\/www.elettrowebstore.com\\\/#\\\/schema\\\/logo\\\/image\\\/\",\"url\":\"\",\"contentUrl\":\"\",\"caption\":\"ElettroWebStore - ELCA S.r.l.\"},\"image\":{\"@id\":\"https:\\\/\\\/www.elettrowebstore.com\\\/#\\\/schema\\\/logo\\\/image\\\/\"}}]}<\/script>\n<!-- \/ Yoast SEO plugin. -->","yoast_head_json":{"title":"Cocina Autom\u00e1tica Botta 24 Watt motor el\u00e9ctrico con accesorios - ElettroWebStore","description":"Botta Cuoca Automatica 24 Watt motor electrico con accesorios es un recambio para caldero que incluye marco galvanizado y espatula.","robots":{"index":"index","follow":"follow","max-snippet":"max-snippet:-1","max-image-preview":"max-image-preview:large","max-video-preview":"max-video-preview:-1"},"canonical":"https:\/\/www.elettrowebstore.com\/es\/shop\/cocina-automatica-con-motor-electrico-de-24-vatios-y-accesorios\/","og_locale":"es_ES","og_type":"article","og_title":"Botta Cuoca Automatica motore elettrico 24 Watt con accessori - ElettroWebStore","og_description":"Botta Cuoca Automatica motore elettrico 24 Watt con accessori \u00e8 un ricambio per paiolo che include il telaio zincato e la spatola.","og_url":"https:\/\/www.elettrowebstore.com\/es\/shop\/cocina-automatica-con-motor-electrico-de-24-vatios-y-accesorios\/","og_site_name":"ElettroWebStore","article_modified_time":"2024-01-17T12:11:40+00:00","og_image":[{"width":1280,"height":1024,"url":"https:\/\/www.elettrowebstore.com\/EWS_Store\/wp-content\/uploads\/botta-cuoca-automatica-scatola-di-ricambio-motore-elettrico-1.jpg","type":"image\/jpeg"}],"twitter_card":"summary_large_image","twitter_misc":{"Tiempo de lectura":"4 minutos"},"schema":{"@context":"https:\/\/schema.org","@graph":[{"@type":"WebPage","@id":"https:\/\/www.elettrowebstore.com\/shop\/botta-cuoca-automatica-motore-elettrico-24-watt-con-accessori\/","url":"https:\/\/www.elettrowebstore.com\/shop\/botta-cuoca-automatica-motore-elettrico-24-watt-con-accessori\/","name":"Cocina Autom\u00e1tica Botta 24 Watt motor el\u00e9ctrico con accesorios - ElettroWebStore","isPartOf":{"@id":"https:\/\/www.elettrowebstore.com\/#website"},"primaryImageOfPage":{"@id":"https:\/\/www.elettrowebstore.com\/shop\/botta-cuoca-automatica-motore-elettrico-24-watt-con-accessori\/#primaryimage"},"image":{"@id":"https:\/\/www.elettrowebstore.com\/shop\/botta-cuoca-automatica-motore-elettrico-24-watt-con-accessori\/#primaryimage"},"thumbnailUrl":"https:\/\/www.elettrowebstore.com\/EWS_Store\/wp-content\/uploads\/botta-cuoca-automatica-scatola-di-ricambio-motore-elettrico-1.jpg","datePublished":"2020-10-08T15:43:23+00:00","dateModified":"2024-01-17T12:11:40+00:00","description":"Botta Cuoca Automatica 24 Watt motor electrico con accesorios es un recambio para caldero que incluye marco galvanizado y espatula.","breadcrumb":{"@id":"https:\/\/www.elettrowebstore.com\/shop\/botta-cuoca-automatica-motore-elettrico-24-watt-con-accessori\/#breadcrumb"},"inLanguage":"es","potentialAction":[{"@type":"ReadAction","target":["https:\/\/www.elettrowebstore.com\/shop\/botta-cuoca-automatica-motore-elettrico-24-watt-con-accessori\/"]}]},{"@type":"ImageObject","inLanguage":"es","@id":"https:\/\/www.elettrowebstore.com\/shop\/botta-cuoca-automatica-motore-elettrico-24-watt-con-accessori\/#primaryimage","url":"https:\/\/www.elettrowebstore.com\/EWS_Store\/wp-content\/uploads\/botta-cuoca-automatica-scatola-di-ricambio-motore-elettrico-1.jpg","contentUrl":"https:\/\/www.elettrowebstore.com\/EWS_Store\/wp-content\/uploads\/botta-cuoca-automatica-scatola-di-ricambio-motore-elettrico-1.jpg","width":1280,"height":1024,"caption":"Botta Cuoca Automatica scatola di ricambio motore elettrico"},{"@type":"BreadcrumbList","@id":"https:\/\/www.elettrowebstore.com\/shop\/botta-cuoca-automatica-motore-elettrico-24-watt-con-accessori\/#breadcrumb","itemListElement":[{"@type":"ListItem","position":1,"name":"Home","item":"https:\/\/www.elettrowebstore.com\/"},{"@type":"ListItem","position":2,"name":"Shop","item":"https:\/\/www.elettrowebstore.com\/shop\/"},{"@type":"ListItem","position":3,"name":"Casalinghi e cura della casa","item":"https:\/\/www.elettrowebstore.com\/categoria-prodotto\/casalinghi-cura-casa\/"},{"@type":"ListItem","position":4,"name":"Paioli in rame con motore","item":"https:\/\/www.elettrowebstore.com\/categoria-prodotto\/casalinghi-cura-casa\/paioli-in-rame-con-motore\/"},{"@type":"ListItem","position":5,"name":"Botta Cuoca Automatica motore elettrico 24 Watt con accessori"}]},{"@type":"WebSite","@id":"https:\/\/www.elettrowebstore.com\/#website","url":"https:\/\/www.elettrowebstore.com\/","name":"ElettroWebStore","description":"Art\u00edculos para el hogar bolsas de vac\u00edo ferreter\u00eda art\u00edculos de jardiner\u00eda electrodom\u00e9sticos","publisher":{"@id":"https:\/\/www.elettrowebstore.com\/#organization"},"potentialAction":[{"@type":"SearchAction","target":{"@type":"EntryPoint","urlTemplate":"https:\/\/www.elettrowebstore.com\/?s={search_term_string}"},"query-input":{"@type":"PropertyValueSpecification","valueRequired":true,"valueName":"search_term_string"}}],"inLanguage":"es"},{"@type":"Organization","@id":"https:\/\/www.elettrowebstore.com\/#organization","name":"ElettroWebStore - ELCA S.r.l.","url":"https:\/\/www.elettrowebstore.com\/","logo":{"@type":"ImageObject","inLanguage":"es","@id":"https:\/\/www.elettrowebstore.com\/#\/schema\/logo\/image\/","url":"","contentUrl":"","caption":"ElettroWebStore - ELCA S.r.l."},"image":{"@id":"https:\/\/www.elettrowebstore.com\/#\/schema\/logo\/image\/"}}]}},"_links":{"self":[{"href":"https:\/\/www.elettrowebstore.com\/es\/wp-json\/wp\/v2\/product\/27526","targetHints":{"allow":["GET"]}}],"collection":[{"href":"https:\/\/www.elettrowebstore.com\/es\/wp-json\/wp\/v2\/product"}],"about":[{"href":"https:\/\/www.elettrowebstore.com\/es\/wp-json\/wp\/v2\/types\/product"}],"wp:featuredmedia":[{"embeddable":true,"href":"https:\/\/www.elettrowebstore.com\/es\/wp-json\/wp\/v2\/media\/27430"}],"wp:attachment":[{"href":"https:\/\/www.elettrowebstore.com\/es\/wp-json\/wp\/v2\/media?parent=27526"}],"wp:term":[{"taxonomy":"product_brand","embeddable":true,"href":"https:\/\/www.elettrowebstore.com\/es\/wp-json\/wp\/v2\/product_brand?post=27526"},{"taxonomy":"product_cat","embeddable":true,"href":"https:\/\/www.elettrowebstore.com\/es\/wp-json\/wp\/v2\/product_cat?post=27526"},{"taxonomy":"product_tag","embeddable":true,"href":"https:\/\/www.elettrowebstore.com\/es\/wp-json\/wp\/v2\/product_tag?post=27526"}],"curies":[{"name":"wp","href":"https:\/\/api.w.org\/{rel}","templated":true}]}}