{"id":192380,"date":"2022-07-18T12:40:55","date_gmt":"2022-07-18T10:40:55","guid":{"rendered":"https:\/\/www.elettrowebstore.com\/?post_type=product&#038;p=192380"},"modified":"2025-10-03T19:08:22","modified_gmt":"2025-10-03T17:08:22","slug":"monferrina-dolly-macchina-pasta-sfogliatrice-da-banco-professionale","status":"publish","type":"product","link":"https:\/\/www.elettrowebstore.com\/es\/shop\/monferrina-dolly-maquina-de-pasta-profesional-de-sobremesa\/","title":{"rendered":"M\u00e1quina de pasta profesional de encimera Monferrina Dolly"},"content":{"rendered":"<h2><strong>M\u00e1quina de pasta profesional de encimera Monferrina Dolly<\/strong><\/h2>\n<p><a href=\"https:\/\/www.la-monferrina.com\/prodotti\/scheda.php?prodotto=47#stop\" target=\"_blank\" rel=\"noopener\"><strong>M\u00e1quina de pasta profesional de encimera Monferrina Dolly 750 vatios<\/strong><\/a> para la producci\u00f3n de pasta en peque\u00f1os talleres y restaurantes.<\/p>\n<p><a href=\"https:\/\/www.elettrowebstore.com\/monferrina-macchine-per-pasta-professionali-ristorante-e-laboratorio\/\" target=\"_blank\" rel=\"noopener\"><strong>Visite nuestra p\u00e1gina de productos Monferrina<\/strong><\/a> para ver todos los detalles sobre la marca, la gama y la calidad de las m\u00e1quinas para pasta Monferrina.<\/p>\n<p>De hecho, esta m\u00e1quina de pasta tiene todas las caracter\u00edsticas avanzadas para una buena productividad en el uso profesional. Motor potente, estructuras de acero inoxidable y aluminio anodizado, protecci\u00f3n del usuario, tama\u00f1o compacto, f\u00e1cil limpieza, certificaci\u00f3n para uso profesional.<\/p>\n<p>En <a href=\"https:\/\/www.elettrowebstore.com\/shop\/monferrina-dolly-accessorio-coltello-rotativo-elettrico\/\" target=\"_blank\" rel=\"noopener\"><strong>cuchilla giratoria el\u00e9ctrica para Monferrina Dolly<\/strong><\/a> se adquiere por separado como accesorio.<\/p>\n<p>&nbsp;<\/p>\n<h2><strong>Especificaciones t\u00e9cnicas<\/strong><\/h2>\n<ul>\n<li>Peso: 27 Kg<\/li>\n<li>Dimensiones (HxBxC): 290x550x300 mm<\/li>\n<li>Potencia del motor el\u00e9ctrico: 750 vatios<\/li>\n<li>Capacidad del dep\u00f3sito de amasado: 2,5 kg<\/li>\n<li>Producci\u00f3n de pasta estirada: 6 Kg\/h<\/li>\n<li>No se pueden montar otros accesorios de la gama Monferrina<\/li>\n<li>En <a href=\"https:\/\/www.elettrowebstore.com\/shop\/monferrina-dolly-accessorio-coltello-rotativo-elettrico\/\"><strong>cuchillo giratorio el\u00e9ctrico<\/strong><\/a> se adquiere por separado como accesorio<\/li>\n<li>Le <strong><a href=\"https:\/\/www.elettrowebstore.com\/shop\/monferrina-trafile-in-bronzo-standard-dolly-e-gruppo-pressa-nina-pnuova-cilindri\/\" target=\"_blank\" rel=\"noopener\">matrices de bronce para hacer pasta larga y corta<\/a><\/strong>El <strong><a href=\"https:\/\/www.elettrowebstore.com\/shop\/monferrina-trafile-in-ptfe-dolly-e-gruppo-pressa-nina-pnuova-cilindri\/\" target=\"_blank\" rel=\"noopener\">Matrices de pasta PTFE<\/a><\/strong>La hoja de masa y los troqueles con kit de corte oblicuo se adquieren por separado como accesorios<\/li>\n<li>La cuchilla giratoria el\u00e9ctrica se adquiere como accesorio<\/li>\n<li>El precio propuesto no incluye las matrices, que pueden adquirirse por separado<\/li>\n<li>Disponible <a href=\"https:\/\/www.elettrowebstore.com\/shop\/estensione-di-garanzia-elettrodomestici-3-anni-fino-a-5000-euro\/\" target=\"_blank\" rel=\"noopener\"><strong>extensi\u00f3n de la garant\u00eda<\/strong><\/a>.<\/li>\n<li>Env\u00edo a Italia incluido<\/li>\n<\/ul>\n<p>&nbsp;<\/p>\n<h2><strong>Descripci\u00f3n<\/strong><\/h2>\n<p>La Monferrina Dolly es una m\u00e1quina de mostrador que ahorra espacio y puede hacer pasta en l\u00e1minas y estirada en muchos formatos diferentes.<\/p>\n<p>La m\u00e1quina de pasta extrusionada Dolly amasa cualquier tipo de harina y produce pasta larga y corta con s\u00f3lo cambiar el troquel. La m\u00e1quina tambi\u00e9n puede suministrarse (bajo pedido) con una cuchilla de corte giratoria para pasta corta.<\/p>\n<p>El cuchillo giratorio es un cuchillo accionado por motor con variador de velocidad. Permite cortar la pasta m\u00e1s larga o m\u00e1s corta. Evidentemente, es \u00fatil para hacer pasta corta (la pasta larga suele cortarse a mano).<\/p>\n<p>La laminadora Monferrina Dolly tiene una estructura exterior de aluminio anodizado y piezas de acero inoxidable en contacto con la masa. Tambi\u00e9n est\u00e1 equipada con un bot\u00f3n de seguridad y un indicador luminoso de encendido.<\/p>\n<p>La m\u00e1quina cumple la normativa vigente en materia de prevenci\u00f3n de accidentes y est\u00e1 dise\u00f1ada para uso profesional.<\/p>\n<p>&nbsp;<\/p>\n<h2><strong>\u00bfQuieres obtener un descuento?<\/strong><\/h2>\n<p><a href=\"https:\/\/www.elettrowebstore.com\/contatta-lo-staff-di-elettrowebstore\/\"><strong>P\u00f3ngase en contacto con nosotros por correo electr\u00f3nico<\/strong><\/a> e indique el destino del producto e introduzca todos sus datos fiscales, eligiendo el pago por transferencia bancaria. Entonces podremos enviarte una oferta personalizada.<\/p>\n<p>&nbsp;<\/p>\n<h2><strong>Accesorios NO incluidos en Monferrina Dolly y adquiribles por separado<\/strong><\/h2>\n<p>Para la m\u00e1quina de pasta Dolly, algunos accesorios pueden adquirirse por separado:<\/p>\n<ul>\n<li><a href=\"https:\/\/www.elettrowebstore.com\/shop\/monferrina-trafile-in-bronzo-speciali-dolly-e-gruppo-pressa-nina-pnuova-cilindri\/\" target=\"_blank\" rel=\"noopener\"><strong>troqueles especiales bronceados<\/strong><\/a>. Las matrices de bronce permiten obtener una masa m\u00e1s rugosa y consistente. Los troqueles especiales tardan m\u00e1s en entregarse y no pueden adquirirse junto con la m\u00e1quina en la primera compra.<\/li>\n<li><a href=\"https:\/\/www.elettrowebstore.com\/shop\/monferrina-trafile-in-ptfe-dolly-e-gruppo-pressa-nina-pnuova-cilindri\/\" target=\"_blank\" rel=\"noopener\"><strong>matrices especiales de PTFE<\/strong><\/a>. Son troqueles de resina espec\u00edficos para extrusi\u00f3n y contacto con alimentos. Producen una pasta m\u00e1s brillante y transparente que los troqueles de bronce.<\/li>\n<li><a href=\"https:\/\/www.elettrowebstore.com\/shop\/monferrina-dolly-accessorio-coltello-rotativo-elettrico\/\" target=\"_blank\" rel=\"noopener\"><strong>cuchillo giratorio el\u00e9ctrico<\/strong><\/a> espec\u00edficamente para Dolly. Se trata de una cuchilla con motor que se conecta a la toma de fuerza de la m\u00e1quina mediante un cable. Est\u00e1 equipada con un variador de velocidad para hacer pastas cortas de varias longitudes<\/li>\n<li>Troqueles para hojas de pasta de hojaldre. Si quieres hacer el hojaldre con la m\u00e1quina de pasta Dolly, puedes comprar los troqueles espec\u00edficos, que te permiten obtener el hojaldre de 100 mm y 170 mm<\/li>\n<li>Troquel para penne con corte oblicuo. Se trata de un troquel especial para hacer pasta con la cl\u00e1sica forma de penne. El corte oblicuo en los extremos se realiza con un troquel especial que se adquiere por separado.<\/li>\n<\/ul>\n<h2><strong>Plazo de entrega<\/strong><\/h2>\n<p>Este producto NO est\u00e1 disponible para entrega inmediata. Los plazos de entrega pueden variar hasta m\u00e1s de 30 d\u00edas laborables. Si est\u00e1 interesado, p\u00f3ngase en contacto con nosotros para definir primero las condiciones y el plazo de entrega.<\/p>\n<p>Adem\u00e1s, todos los env\u00edos de ElettroWebStore est\u00e1n exentos de gastos de env\u00edo.<\/p>\n<p>&nbsp;<\/p>\n<h2><strong>Notas sobre la compra y la devoluci\u00f3n<\/strong><\/h2>\n<p>Este producto est\u00e1 representado en el cat\u00e1logo tal y como se muestra en las fotos. No obstante, este art\u00edculo se monta manualmente para cada pieza individual. Por lo tanto, la representaci\u00f3n en el cat\u00e1logo es puramente indicativa y el fabricante (y en consecuencia ElettroWebStore) se reserva el derecho de realizar cambios sin previo aviso, aunque no est\u00e9n documentados en el sitio web.<\/p>\n<p>Al tratarse de un producto tan espec\u00edfico, profesional y destinado a un uso alimentario, no puede revenderse si se utiliza aunque s\u00f3lo sea una vez, a no ser que sea de segunda mano, <strong>no podr\u00e1 prestarse, con car\u00e1cter excepcional y en virtud de las normas del C\u00f3digo de Consumo<\/strong>.<\/p>\n<p style=\"text-align: left;\">Al comprar en este anuncio, el cliente acepta estas normas, as\u00ed como <a href=\"https:\/\/www.elettrowebstore.com\/condizioni-generali-vendita-online-elettrowebstore\/\" target=\"_blank\" rel=\"noopener\"><strong>especificado en nuestra secci\u00f3n de garant\u00eda y devoluciones<\/strong><\/a>en el punto 4, letra b.<\/p>","protected":false},"excerpt":{"rendered":"<p>M\u00e1quina para pasta Monferrina Dolly ideal para restaurantes y talleres profesionales. Con una capacidad de hasta 4 kg por ciclo, permite amasar y extrudir pasta fresca de alta calidad de forma continua y r\u00e1pida. F\u00e1cil de usar y robusta, es perfecta para elaborar diferentes tipos de pasta, tanto larga como corta. Garantiza versatilidad y alto rendimiento para satisfacer las necesidades de los profesionales. Amasa y estira autom\u00e1ticamente. Las matrices de bronce y el cuchillo giratorio el\u00e9ctrico se compran por separado. Env\u00edo gratuito a Italia.<\/p>","protected":false},"featured_media":192396,"template":"","meta":[],"product_brand":[],"product_cat":[16,108],"product_tag":[2881,2883,815,754,68,745,20,99,30,2882],"class_list":{"0":"post-192380","1":"product","2":"type-product","3":"status-publish","4":"has-post-thumbnail","6":"product_cat-attrezzature-professionali","7":"product_cat-macchine-per-pasta-professionali","8":"product_tag-capacita-4-kg","9":"product_tag-coltello-rotativo","10":"product_tag-estrusore","11":"product_tag-impastatrice","12":"product_tag-macchina","13":"product_tag-monferrina","14":"product_tag-pasta","15":"product_tag-professionale","16":"product_tag-sfogliatrice","17":"product_tag-trafile-in-bronzo","18":"product_shipping_class-pe10","20":"first","21":"instock","22":"featured","23":"taxable","24":"shipping-taxable","25":"purchasable","26":"product-type-simple"},"_links":{"self":[{"href":"https:\/\/www.elettrowebstore.com\/es\/wp-json\/wp\/v2\/product\/192380","targetHints":{"allow":["GET"]}}],"collection":[{"href":"https:\/\/www.elettrowebstore.com\/es\/wp-json\/wp\/v2\/product"}],"about":[{"href":"https:\/\/www.elettrowebstore.com\/es\/wp-json\/wp\/v2\/types\/product"}],"wp:featuredmedia":[{"embeddable":true,"href":"https:\/\/www.elettrowebstore.com\/es\/wp-json\/wp\/v2\/media\/192396"}],"wp:attachment":[{"href":"https:\/\/www.elettrowebstore.com\/es\/wp-json\/wp\/v2\/media?parent=192380"}],"wp:term":[{"taxonomy":"product_brand","embeddable":true,"href":"https:\/\/www.elettrowebstore.com\/es\/wp-json\/wp\/v2\/product_brand?post=192380"},{"taxonomy":"product_cat","embeddable":true,"href":"https:\/\/www.elettrowebstore.com\/es\/wp-json\/wp\/v2\/product_cat?post=192380"},{"taxonomy":"product_tag","embeddable":true,"href":"https:\/\/www.elettrowebstore.com\/es\/wp-json\/wp\/v2\/product_tag?post=192380"}],"curies":[{"name":"wp","href":"https:\/\/api.w.org\/{rel}","templated":true}]}}