{"id":183949,"date":"2022-05-23T16:42:16","date_gmt":"2022-05-23T14:42:16","guid":{"rendered":"https:\/\/www.elettrowebstore.com\/?post_type=product&#038;p=183949"},"modified":"2023-06-28T17:46:44","modified_gmt":"2023-06-28T15:46:44","slug":"coperchio-per-terracotta-smaltata-vulcania-color-terra-diametri-vari-b1co0","status":"publish","type":"product","link":"https:\/\/www.elettrowebstore.com\/es\/shop\/tapa-de-loza-vidriada-vulcania-varios-diametros-b1co0\/","title":{"rendered":"Tapa de loza vidriada Vulcania varios di\u00e1metros B1CO0"},"content":{"rendered":"<h2><strong>Tapa de loza vidriada Vulcania varios di\u00e1metros B1CO0 <\/strong><\/h2>\n<p><strong>Tapa de loza vidriada Vulcania varios di\u00e1metros B1CO0 <\/strong>est\u00e1 disponible en 10 tama\u00f1os diferentes para todos los art\u00edculos de terracota de color.<\/p>\n<p>Se trata de un<strong> producto artesanal<\/strong> Fabricado por maestros artesanos expertos en el trabajo de la arcilla y la terracota. Est\u00e1 hecha de terracota vidriada apta para uso alimentario, con materiales no t\u00f3xicos sin plomo ni cadmio.<\/p>\n<p>Producto <strong>Fabricado en Italia<\/strong>con materiales de calidad.<\/p>\n<p><img loading=\"lazy\" decoding=\"async\" class=\"size-full wp-image-183965 aligncenter\" src=\"https:\/\/res.cloudinary.com\/dl3yepmtd\/images\/v1653317767\/VULB1CO0 TERRA\/Coperchio-per-terracotta-smaltata-Vulcania-color-terra-diametri-vari-B1CO0-1\/Coperchio-per-terracotta-smaltata-Vulcania-color-terra-diametri-vari-B1CO0-1.jpg\" alt=\"Tapa de loza vidriada Vulcania varios di\u00e1metros B1CO0\" width=\"600\" height=\"600\" srcset=\"https:\/\/www.elettrowebstore.com\/EWS_Store\/wp-content\/uploads\/Coperchio-per-terracotta-smaltata-Vulcania-color-terra-diametri-vari-B1CO0-1.jpg 600w, https:\/\/www.elettrowebstore.com\/EWS_Store\/wp-content\/uploads\/Coperchio-per-terracotta-smaltata-Vulcania-color-terra-diametri-vari-B1CO0-1-200x200.jpg 200w, https:\/\/www.elettrowebstore.com\/EWS_Store\/wp-content\/uploads\/Coperchio-per-terracotta-smaltata-Vulcania-color-terra-diametri-vari-B1CO0-1-100x100.jpg 100w\" sizes=\"auto, (max-width: 600px) 100vw, 600px\" \/><\/p>\n<p>&nbsp;<\/p>\n<h2><strong>\u00bfCu\u00e1ntos tipos de tapa puedo comprar en este anuncio?<br \/>\n<\/strong><\/h2>\n<p>En este anuncio enumeramos 10 tama\u00f1os diferentes de tapa Vulcania.<\/p>\n<p>Los modelos seleccionables son los siguientes:<\/p>\n<ul>\n<li>cm 14, cm 16, cm 18, cm 20, cm 22, cm 24, cm 26, cm 28, cm 30, cm 32<\/li>\n<\/ul>\n<p>&nbsp;<\/p>\n<h2><strong>Descripci\u00f3n <\/strong><strong>Tapa de loza vidriada Vulcania varios di\u00e1metros B1CO0<\/strong><\/h2>\n<p>El producto es <strong>totalmente esmaltado<\/strong>tanto interna como externamente. As\u00ed se evita que la terracota absorba aceites y grasas. De este modo, el objeto se conserva durante m\u00e1s tiempo. La superficie es extremadamente lisa, gracias a un proceso de esmaltado realizado durante la cocci\u00f3n, ya que el producto no est\u00e1 barnizado como otros ofrecidos por la competencia.<\/p>\n<p>El procesamiento de alta calidad da como resultado un acabado superficial sin rugosidades y extremadamente delicado al tacto. La cocci\u00f3n constante a alta temperatura, combinada con arcilla de alta calidad, garantiza una vida m\u00e1s larga de la terracota y evita roturas y choques t\u00e9rmicos.<\/p>\n<p>Por fin, <strong>se pueden lavar m\u00e1s f\u00e1cilmente, incluso en el lavavajillas<\/strong>.<\/p>\n<p>Las ollas de terracota son adecuadas para cocinar <span class=\"ILfuVd\"><span class=\"hgKElc\">a fuego lento sin fluctuaciones de temperatura<\/span><\/span>Se recomienda cocinar a fuego lento o con una red de propagaci\u00f3n de llama. Es muy adecuado para la preparaci\u00f3n de salsas, verduras, sopas, asados y <span class=\"ILfuVd\"><span class=\"hgKElc\">pulsos. <\/span><\/span><\/p>\n<p>Tambi\u00e9n puede utilizarse en una placa el\u00e9ctrica, un horno o un microondas.<\/p>\n<h2><\/h2>\n<h2><strong>Especificaciones t\u00e9cnicas<\/strong><\/h2>\n<ul>\n<li>Diferentes tama\u00f1os<\/li>\n<li>Color: Tierra<\/li>\n<li>Terracota esmaltada<\/li>\n<li>Sin plomo ni cadmio<\/li>\n<li>Apto para uso alimentario<\/li>\n<li>Cocinar a fuego lento o con una pantalla de llama, placa el\u00e9ctrica, horno o microondas.<\/li>\n<li>Apto para lavavajillas<\/li>\n<\/ul>\n<p>&nbsp;<\/p>\n<p>&nbsp;<\/p>\n<h2><strong>Precauciones de uso<\/strong><\/h2>\n<p>Las ollas y vajillas de terracota son conocidas como el mejor medio de cocci\u00f3n para la cocina mediterr\u00e1nea. Cocinar a baja temperatura realza los sabores y ayuda a conservar muchas vitaminas y minerales. La terracota es el material m\u00e1s natural que se puede utilizar en la cocina.<\/p>\n<p><strong>Todos los productos se fabrican de conformidad con la normativa APPCC<\/strong>.<\/p>\n<p>S\u00f3lo la primera vez que se utiliza una pieza, para evitar que la loza absorba olores junto con la humedad de los alimentos, es aconsejable dejarla en remojo toda la noche para utilizarla al d\u00eda siguiente, frotando un diente de ajo en el fondo para reducir la porosidad de la pieza.<\/p>\n<p>Estas piezas de barro se pueden utilizar en el microondas, en el horno, en la placa de cocci\u00f3n, sobre la llama y se pueden lavar en el lavavajillas.<\/p>\n<p>&nbsp;<\/p>\n<h2><strong>Utilizaci\u00f3n de los productos Vulcania<\/strong><\/h2>\n<p>Los productos Vulcania pueden utilizarse de muchas y pr\u00e1cticas maneras y, sobre todo, como utensilios de cocina dom\u00e9sticos normales. De hecho, pueden:<\/p>\n<ul>\n<li>lavado en lavavajillas<\/li>\n<li>utilizado en hornos<\/li>\n<li>utilizado en el horno microondas<\/li>\n<li>colocados en hornillos de llama o plancha<\/li>\n<\/ul>\n<p>&nbsp;<\/p>\n<h2><strong>Contacto con alimentos<\/strong><\/h2>\n<p>Todos los materiales producidos cumplen con las leyes internacionales: Reg. CE n.\u00ba 1935\/2004\/CE, Reg. CE n.\u00ba 1895\/2005\/CE, Reg. CE n.\u00ba 2023\/2006\/CE y posteriores modificaciones y suplementos y las siguientes leyes nacionales: Decreto Ministerial 21\/03\/1973, Decreto Presidencial n.\u00ba 777\/82 y posteriores modificaciones y suplementos, D. Decreto Legislativo n.\u00ba 29 de 10 de febrero de 2017, es decir, el \"Reglamento sancionador por infracci\u00f3n de las disposiciones establecidas en los Reglamentos (CE) n.\u00ba 1935\/2004, n.\u00ba 1985\/2005, n.\u00ba 2023\/2006, n.\u00ba 282\/2008, n.\u00ba 450\/2009 y n.\u00ba 10\/2011 sobre materiales y objetos destinados a entrar en contacto con alimentos y productos alimenticios\". Adem\u00e1s, los materiales no contienen ninguna sustancia restringida por la legislaci\u00f3n mencionada y cumplen con los l\u00edmites de migraci\u00f3n global. Por lo tanto, los suministros son aptos para el contacto con alimentos.<\/p>\n<h2><img loading=\"lazy\" decoding=\"async\" class=\"wp-image-184955 alignright\" src=\"https:\/\/res.cloudinary.com\/dl3yepmtd\/images\/v1653660119\/VULCANIA MARCHI\/HaccpLogo\/HaccpLogo.jpg\" alt=\"HaccpLogo\" width=\"183\" height=\"184\" srcset=\"https:\/\/www.elettrowebstore.com\/EWS_Store\/wp-content\/uploads\/HaccpLogo.jpg 300w, https:\/\/www.elettrowebstore.com\/EWS_Store\/wp-content\/uploads\/HaccpLogo-200x200.jpg 200w, https:\/\/www.elettrowebstore.com\/EWS_Store\/wp-content\/uploads\/HaccpLogo-100x100.jpg 100w\" sizes=\"auto, (max-width: 183px) 100vw, 183px\" \/><\/h2>\n<h2><\/h2>\n<h2><strong>Come con seguridad<\/strong><\/h2>\n<p>Los recipientes para alimentos deben garantizar la seguridad, la tranquilidad y un rendimiento adecuado tanto a los hosteleros privados como a los profesionales. Entre otras cosas, el cumplimiento de las normas es un requisito tanto nacional como internacional.<\/p>\n<p>Vulcania, con el m\u00e1ximo respeto por sus clientes, adopta medidas de prevenci\u00f3n de riesgos para la seguridad alimentaria: mediante la certificaci\u00f3n APPCC demuestra el cumplimiento de las leyes de higiene alimentaria. Con la ayuda de profesionales acreditados del sector, el resultado es un producto 100% made in Italy con un sabor t\u00edpicamente artesanal que, al mismo tiempo, cumple todas las normativas sobre contacto con alimentos. Todos los productos Vulcania est\u00e1n marcados con el s\u00edmbolo \"para contacto con alimentos\".<\/p>\n<p><img loading=\"lazy\" decoding=\"async\" class=\"size-full wp-image-184953 aligncenter\" src=\"https:\/\/res.cloudinary.com\/dl3yepmtd\/images\/v1653659763\/VULCANIA MARCHI\/Vulcania-marchi\/Vulcania-marchi.jpg\" alt=\"Marcas Vulcania\" width=\"800\" height=\"350\" srcset=\"https:\/\/www.elettrowebstore.com\/EWS_Store\/wp-content\/uploads\/Vulcania-marchi.jpg 800w, https:\/\/www.elettrowebstore.com\/EWS_Store\/wp-content\/uploads\/Vulcania-marchi-600x263.jpg 600w, https:\/\/www.elettrowebstore.com\/EWS_Store\/wp-content\/uploads\/Vulcania-marchi-768x336.jpg 768w\" sizes=\"auto, (max-width: 800px) 100vw, 800px\" \/><\/p>\n<h2><strong>Informaci\u00f3n sobre el producto Vulcania<\/strong><\/h2>\n<p><strong> <img loading=\"lazy\" decoding=\"async\" class=\"size-full wp-image-184957 alignright\" src=\"https:\/\/res.cloudinary.com\/dl3yepmtd\/images\/v1653660447\/VULCANIA MARCHI\/logo_vulcania\/logo_vulcania.jpg\" alt=\"Logotipo de Vulcania\" width=\"300\" height=\"190\" \/><br \/>\n<\/strong><\/p>\n<p>La empresa <a href=\"http:\/\/www.vulcaniaceramiche.com\/\"><strong>VULCANIA<\/strong><\/a> fue fundada en 1911 por cuatro hermanos en la provincia de Siena. Con su voluntad de invertir y su fuerza emprendedora, consiguieron a lo largo de los a\u00f1os hacer de esta marca la m\u00e1s prestigiosa del panorama italiano de utensilios de cocina de terracota.<\/p>\n<p>La excelencia de los artefactos Vulcania es conocida y apreciada en todo el mundo de la cocina natural y los alimentos para el bienestar desde hace m\u00e1s de 100 a\u00f1os.<\/p>\n<p>En comparaci\u00f3n con todos los productos de la competencia, Vulcania s\u00f3lo utiliza materias primas de la mejor calidad, especialmente arcilla y esmaltes. Esto garantiza que todos los productos tengan las mismas propiedades, \u00a1incluso si se compran con a\u00f1os de diferencia!<\/p>\n<p>La terracota Vulcania garantiza excelentes propiedades de cocci\u00f3n, para saborear los verdaderos sabores de los alimentos.<\/p>\n<p>El objetivo de la empresa es consolidar su posici\u00f3n de liderazgo en t\u00e9rminos de calidad. Las materias primas, procedentes de la Toscana, y los procesos de producci\u00f3n, complementados con equipos nuevos, m\u00e1s modernos y eficaces, garantizan un alto nivel de calidad. La evoluci\u00f3n natural de la empresa presta atenci\u00f3n a las nuevas exigencias del mercado. Esto ha dado lugar a colaboraciones con chefs y arquitectos de gran creatividad y genialidad, respetando siempre la misi\u00f3n centenaria: <strong>Excelencia desde 1911.<\/strong><\/p>\n<p>&nbsp;<\/p>\n<h2><strong>Garant\u00eda<\/strong><\/h2>\n<p>El producto est\u00e1 cubierto por <a href=\"https:\/\/www.elettrowebstore.com\/due-anni-di-garanzia-su-ogni-prodotto-acquistato\/\"><strong>garant\u00eda legal<\/strong><\/a>seg\u00fan la p\u00e1gina correspondiente de nuestro sitio web, que le invitamos a leer. Tambi\u00e9n proporcionamos informaci\u00f3n clara sobre el ejercicio de la <a href=\"https:\/\/www.elettrowebstore.com\/diritto-di-recesso-restituzione-prodotti\/\"><strong>derecho de retractaci\u00f3n<\/strong><\/a>.<\/p>\n<p>Encontrar\u00e1 m\u00e1s informaci\u00f3n sobre la legislaci\u00f3n pertinente en el sitio web de la<a href=\"http:\/\/www.agcm.it\/consumatore\/decalogo\/5102-garanzia-del-venditore-guida-per-il-consumatore.html\"><strong>Autoridad de Competencia y Mercado<\/strong><\/a>.<\/p>\n<p>Con el fin de mejorar la calidad del producto, el fabricante se reserva el derecho de modificar los materiales y las caracter\u00edsticas t\u00e9cnicas del art\u00edculo sin previo aviso.  Adem\u00e1s, las descripciones e im\u00e1genes que aqu\u00ed se ofrecen son, por tanto, orientativas y pueden variar ligeramente respecto al producto final.<\/p>\n<p>Este producto no puede devolverse tras su primer uso, ya que est\u00e1 destinado a entrar en contacto con alimentos. Adem\u00e1s, debe considerarse en su totalidad material consumible.<\/p>\n<p>&nbsp;<\/p>\n<h2><strong>Plazo de entrega<\/strong><\/h2>\n<p>Normalmente, este producto est\u00e1 disponible para su entrega inmediata. De hecho, puede pedirse inmediatamente y ElettroWebStore lo env\u00eda en un plazo de 10 d\u00edas laborables a partir de la fecha de compra. En caso de escasez de mercanc\u00eda, algunas versiones pueden enviarse con un plazo de entrega m\u00e1s largo.<\/p>\n<p>Adem\u00e1s, todos los env\u00edos de ElettroWebStore est\u00e1n exentos de gastos de env\u00edo.<\/p>\n<p>&nbsp;<\/p>\n<h2><strong>Formas de pago aceptadas<\/strong><\/h2>\n<p><strong>En el sitio web de ElettroWebStore puede pagar con todos los m\u00e9todos habituales<\/strong>tanto espec\u00edficas de Internet (como las tarjetas prepago) como tradicionales (como las tarjetas de cr\u00e9dito cl\u00e1sicas).<\/p>\n<p>Todos los pagos se gestionan a trav\u00e9s del <a href=\"https:\/\/www.paypal.com\/it\/webapps\/mpp\/paypal-safety-and-security\"><strong>Paypal<\/strong><\/a>. Adem\u00e1s, aunque no dispongas de Paypal, puedes pagar sin necesidad de registrarte y guardar tus credenciales. Todo lo que tienes que hacer es introducir tus datos en las p\u00e1ginas de Paypal.<\/p>\n<p>En ning\u00fan caso <a href=\"http:\/\/www.elettrowebstore.com\"><strong>ElettroWebStore<\/strong><\/a> gestionar los datos de sus tarjetas de pago o darse cuenta de ellos. De hecho <a href=\"http:\/\/www.elettrowebstore.com\"><strong>ElettroWebStore<\/strong><\/a> s\u00f3lo ver\u00e1 si el pago se ha efectuado o no.<\/p>\n<p>Nuestro sitio utiliza protocolos HTTPS, que garantizan un alto nivel de seguridad para los usuarios.<\/p>","protected":false},"excerpt":{"rendered":"<p><strong>Tapa de loza vidriada Vulcania varios di\u00e1metros B1CO0<\/strong>. Disponible en diferentes tama\u00f1os. <span style=\"color: #ff0000;\"><strong>Env\u00edo gratuito para pedidos superiores a 29,90 euros.<\/strong><\/span><\/p>","protected":false},"featured_media":183965,"template":"","meta":[],"product_brand":[],"product_cat":[1026,17],"product_tag":[2559,1667,130,1032,1031,1027],"class_list":{"0":"post-183949","1":"product","2":"type-product","3":"status-publish","4":"has-post-thumbnail","6":"product_cat-articoli-in-terracotta-da-cottura-e-da-portata","7":"product_cat-casalinghi-cura-casa","8":"product_tag-b1co0","9":"product_tag-coperchio","10":"product_tag-cottura","11":"product_tag-smaltato","12":"product_tag-terracotta","13":"product_tag-vulcania","14":"product_shipping_class-pe10","16":"first","17":"instock","18":"taxable","19":"shipping-taxable","20":"purchasable","21":"product-type-variable","22":"has-default-attributes"},"_links":{"self":[{"href":"https:\/\/www.elettrowebstore.com\/es\/wp-json\/wp\/v2\/product\/183949","targetHints":{"allow":["GET"]}}],"collection":[{"href":"https:\/\/www.elettrowebstore.com\/es\/wp-json\/wp\/v2\/product"}],"about":[{"href":"https:\/\/www.elettrowebstore.com\/es\/wp-json\/wp\/v2\/types\/product"}],"wp:featuredmedia":[{"embeddable":true,"href":"https:\/\/www.elettrowebstore.com\/es\/wp-json\/wp\/v2\/media\/183965"}],"wp:attachment":[{"href":"https:\/\/www.elettrowebstore.com\/es\/wp-json\/wp\/v2\/media?parent=183949"}],"wp:term":[{"taxonomy":"product_brand","embeddable":true,"href":"https:\/\/www.elettrowebstore.com\/es\/wp-json\/wp\/v2\/product_brand?post=183949"},{"taxonomy":"product_cat","embeddable":true,"href":"https:\/\/www.elettrowebstore.com\/es\/wp-json\/wp\/v2\/product_cat?post=183949"},{"taxonomy":"product_tag","embeddable":true,"href":"https:\/\/www.elettrowebstore.com\/es\/wp-json\/wp\/v2\/product_tag?post=183949"}],"curies":[{"name":"wp","href":"https:\/\/api.w.org\/{rel}","templated":true}]}}