{"id":180289,"date":"2022-05-10T15:22:31","date_gmt":"2022-05-10T13:22:31","guid":{"rendered":"https:\/\/www.elettrowebstore.com\/?post_type=product&#038;p=180289"},"modified":"2025-09-04T10:42:05","modified_gmt":"2025-09-04T08:42:05","slug":"kit-rulli-rigati-sfogliatrice-pasta-presto-imperia-tg-4-kdsp-a07","status":"publish","type":"product","link":"https:\/\/www.elettrowebstore.com\/es\/shop\/imperia-presto-laminadora-de-pasta-kit-rodillo-rayado-tg-4-kdsp-a07\/","title":{"rendered":"Imperia Presto Pasta Kit Rodillos TG. 4 KDSP-A07"},"content":{"rendered":"<h2><strong>Imperia Presto Pasta Kit Rodillos TG. 4 KDSP-A07 <\/strong><\/h2>\n<p>En <strong>Imperia Presto Pasta Kit Rodillos TG. 4 KDSP-A07<\/strong> es el <strong>sustituci\u00f3n<\/strong> necesario para sustituir el <strong>rodillos<\/strong> de su cortadora de pasta Imperia Presto.<\/p>\n<p>El recambio es compatible con el modelo Imperia Sfogliatrice Pasta Presto 700. Tenga en cuenta que el kit de rodillos se incluye normalmente en el paquete del modelo que acabamos de mencionar.<\/p>\n<p>Se trata de una pieza de recambio clasificable como <strong>consumibles<\/strong>. Por lo tanto, es normal que se desgaste. Por lo tanto, la garant\u00eda de esta pieza de recambio tambi\u00e9n est\u00e1 limitada en el tiempo al momento de la recepci\u00f3n.<\/p>\n<p>En <strong>Imperia Presto Pasta Kit Rodillos TG. 4 KDSP-A07<\/strong> consta de 2 rodillos ranurados corte 4, y 2 engranajes de rodillos ranurados.<\/p>\n<p>&nbsp;<\/p>\n<p><img loading=\"lazy\" decoding=\"async\" class=\"size-full wp-image-180295 aligncenter\" src=\"https:\/\/www.elettrowebstore.com\/EWS_Store\/wp-content\/uploads\/IMPERIA-kit-rulli-rigati-taglia-4-KDSP-A07-1.jpg\" alt=\"Imperia Presto Pasta Kit Rodillos TG. 4 KDSP-A07\" width=\"600\" height=\"600\" srcset=\"https:\/\/www.elettrowebstore.com\/EWS_Store\/wp-content\/uploads\/IMPERIA-kit-rulli-rigati-taglia-4-KDSP-A07-1.jpg 600w, https:\/\/www.elettrowebstore.com\/EWS_Store\/wp-content\/uploads\/IMPERIA-kit-rulli-rigati-taglia-4-KDSP-A07-1-200x200.jpg 200w, https:\/\/www.elettrowebstore.com\/EWS_Store\/wp-content\/uploads\/IMPERIA-kit-rulli-rigati-taglia-4-KDSP-A07-1-100x100.jpg 100w\" sizes=\"auto, (max-width: 600px) 100vw, 600px\" \/><\/p>\n<h2><strong>Especificaciones t\u00e9cnicas <\/strong><strong>Imperia Presto Pasta Kit Rodillos TG. 4 KDSP-A07<\/strong><\/h2>\n<ul>\n<li>2 Rodillos rayados<\/li>\n<li>2 engranajes de rodillos acanalados<\/li>\n<li>Embalaje an\u00f3nimo<\/li>\n<li>aplicable a Imperia Sfogliatrice PastaPresto mod. 700<\/li>\n<li>pieza de recambio n\u00famero KDSP-A07<\/li>\n<\/ul>\n<p>&nbsp;<\/p>\n<h2><strong>La marca Imperia<\/strong><\/h2>\n<p><a href=\"http:\/\/www.imperia.com\" target=\"_blank\" rel=\"noopener noreferrer\"><img loading=\"lazy\" decoding=\"async\" class=\"alignleft wp-image-687\" src=\"https:\/\/www.elettrowebstore.com\/EWS_Store\/wp-content\/uploads\/2020\/04\/imperia-logo_c4iggk_687c588e.jpg\" alt=\"Logotipo de IMPERIA\" width=\"248\" height=\"59\" \/><\/a>Imperia se fund\u00f3 oficialmente el 3 de febrero de 1932 como evoluci\u00f3n de un peque\u00f1o taller. Inmediatamente empez\u00f3 a distribuir m\u00e1quinas de pasta por todo el mundo.<\/p>\n<p>El principal mercado destinatario son los Estados Unidos de Am\u00e9rica y sus numerosos emigrantes italianos. Estos, de hecho, gracias al uso de m\u00e1quinas de pasta establecen una especie de v\u00ednculo emocional con los sabores de su lejana patria.<\/p>\n<p>En la actualidad, los productos Imperia se pueden encontrar en m\u00e1s de 70 pa\u00edses de todo el mundo.<\/p>\n<p>Adem\u00e1s, la producci\u00f3n se realiza \u00edntegramente en Italia y cada producto es un artefacto cien por cien italiano. De hecho, cada pieza se fabrica con mano de obra y materias primas nacionales. Imperia es aut\u00e9ntico Made in Italy.<\/p>\n<p>&nbsp;<\/p>\n<h2><strong>Garant\u00eda<\/strong><\/h2>\n<p>Este art\u00edculo es una pieza de recambio que puede definirse como material consumible. Por lo tanto, no est\u00e1 cubierto por una garant\u00eda convencional o de consumo. De hecho, es un producto sujeto a desgaste.<\/p>\n<p>&nbsp;<\/p>\n<h2><strong>Plazo de entrega<\/strong><\/h2>\n<p>Este producto est\u00e1 siempre disponible para su entrega inmediata. De hecho, se puede pedir de inmediato y es enviado por ElettroWebStore dentro de 2 d\u00edas h\u00e1biles a partir de la fecha de compra.<\/p>\n<p>Adem\u00e1s, todos los env\u00edos de ElettroWebStore est\u00e1n exentos de gastos de env\u00edo.<\/p>\n<p><img loading=\"lazy\" decoding=\"async\" class=\"size-full wp-image-41372 aligncenter\" src=\"https:\/\/www.elettrowebstore.com\/EWS_Store\/wp-content\/uploads\/.\/elettrowebstore-spedizione-con-corrieri-brt-sda-dhl-nexive-ld.jpg\" alt=\"Estos son los transportistas con los que ElettroWebStore.com realiza sus env\u00edos\" width=\"800\" height=\"189\" srcset=\"https:\/\/www.elettrowebstore.com\/EWS_Store\/wp-content\/uploads\/elettrowebstore-spedizione-con-corrieri-brt-sda-dhl-nexive-ld.jpg 800w, https:\/\/www.elettrowebstore.com\/EWS_Store\/wp-content\/uploads\/elettrowebstore-spedizione-con-corrieri-brt-sda-dhl-nexive-ld-600x142.jpg 600w, https:\/\/www.elettrowebstore.com\/EWS_Store\/wp-content\/uploads\/elettrowebstore-spedizione-con-corrieri-brt-sda-dhl-nexive-ld-768x181.jpg 768w\" sizes=\"auto, (max-width: 800px) 100vw, 800px\" \/><\/p>\n<p>&nbsp;<\/p>\n<h2><strong>Formas de pago aceptadas<\/strong><\/h2>\n<p><strong>En el sitio web de ElettroWebStore puede pagar con todos los m\u00e9todos habituales<\/strong>tanto espec\u00edficas de Internet (como las tarjetas prepago) como tradicionales (como las tarjetas de cr\u00e9dito cl\u00e1sicas).<\/p>\n<p><img loading=\"lazy\" decoding=\"async\" class=\"size-full wp-image-41371 aligncenter\" src=\"https:\/\/www.elettrowebstore.com\/EWS_Store\/wp-content\/uploads\/.\/elettrowebstore-pagamenti-accettati-ld.jpg\" alt=\"Estos son los m\u00e9todos de pago aceptados por ElettroWebStore.com\" width=\"800\" height=\"199\" srcset=\"https:\/\/www.elettrowebstore.com\/EWS_Store\/wp-content\/uploads\/elettrowebstore-pagamenti-accettati-ld.jpg 800w, https:\/\/www.elettrowebstore.com\/EWS_Store\/wp-content\/uploads\/elettrowebstore-pagamenti-accettati-ld-600x149.jpg 600w, https:\/\/www.elettrowebstore.com\/EWS_Store\/wp-content\/uploads\/elettrowebstore-pagamenti-accettati-ld-768x191.jpg 768w\" sizes=\"auto, (max-width: 800px) 100vw, 800px\" \/><\/p>\n<p>&nbsp;<\/p>\n<p>Todos los pagos se gestionan a trav\u00e9s del <a href=\"https:\/\/www.paypal.com\/it\/webapps\/mpp\/paypal-safety-and-security\"><strong>Paypal<\/strong><\/a>. Adem\u00e1s, aunque no dispongas de Paypal, puedes pagar sin necesidad de registrarte y guardar tus credenciales. Todo lo que tienes que hacer es introducir tus datos en las p\u00e1ginas de Paypal.<\/p>\n<p>En ning\u00fan caso <a href=\"http:\/\/www.elettrowebstore.com\"><strong>ElettroWebStore<\/strong><\/a> gestionar los datos de sus tarjetas de pago o darse cuenta de ellos. De hecho <a href=\"http:\/\/www.elettrowebstore.com\"><strong>ElettroWebStore<\/strong><\/a> s\u00f3lo ver\u00e1 si el pago se ha efectuado o no.<\/p>\n<p>Nuestro sitio utiliza protocolos HTTPS, que garantizan un alto nivel de seguridad para los usuarios.<\/p>","protected":false},"excerpt":{"rendered":"<p>En <strong>Imperia Presto Pasta Kit Rodillos TG. 4 KDSP-A07 <\/strong>es el recambio que necesita para sustituir los rodillos de la m\u00e1quina de hojaldre Imperia PastaPresto. <span style=\"color: #ed1c24;\"><strong>Env\u00edo gratuito.<\/strong><\/span><\/p>","protected":false},"featured_media":180295,"template":"","meta":[],"product_brand":[],"product_cat":[17,702],"product_tag":[23,2487,974,105,478,1429,406,30,2488],"class_list":{"0":"post-180289","1":"product","2":"type-product","3":"status-publish","4":"has-post-thumbnail","6":"product_cat-casalinghi-cura-casa","7":"product_cat-ricambi-botta-greenwood-imperia-monferrina-paini-reber","8":"product_tag-imperia","9":"product_tag-kdsp-a07","10":"product_tag-kit","11":"product_tag-pastapresto","12":"product_tag-ricambio","13":"product_tag-rulli","14":"product_tag-sfoglia","15":"product_tag-sfogliatrice","16":"product_tag-taglia-4","17":"product_shipping_class-pe","19":"first","20":"instock","21":"taxable","22":"shipping-taxable","23":"purchasable","24":"product-type-simple"},"_links":{"self":[{"href":"https:\/\/www.elettrowebstore.com\/es\/wp-json\/wp\/v2\/product\/180289","targetHints":{"allow":["GET"]}}],"collection":[{"href":"https:\/\/www.elettrowebstore.com\/es\/wp-json\/wp\/v2\/product"}],"about":[{"href":"https:\/\/www.elettrowebstore.com\/es\/wp-json\/wp\/v2\/types\/product"}],"wp:featuredmedia":[{"embeddable":true,"href":"https:\/\/www.elettrowebstore.com\/es\/wp-json\/wp\/v2\/media\/180295"}],"wp:attachment":[{"href":"https:\/\/www.elettrowebstore.com\/es\/wp-json\/wp\/v2\/media?parent=180289"}],"wp:term":[{"taxonomy":"product_brand","embeddable":true,"href":"https:\/\/www.elettrowebstore.com\/es\/wp-json\/wp\/v2\/product_brand?post=180289"},{"taxonomy":"product_cat","embeddable":true,"href":"https:\/\/www.elettrowebstore.com\/es\/wp-json\/wp\/v2\/product_cat?post=180289"},{"taxonomy":"product_tag","embeddable":true,"href":"https:\/\/www.elettrowebstore.com\/es\/wp-json\/wp\/v2\/product_tag?post=180289"}],"curies":[{"name":"wp","href":"https:\/\/api.w.org\/{rel}","templated":true}]}}