{"id":179326,"date":"2022-05-04T17:36:22","date_gmt":"2022-05-04T15:36:22","guid":{"rendered":"https:\/\/www.elettrowebstore.com\/?post_type=product&#038;p=179326"},"modified":"2025-05-22T12:47:23","modified_gmt":"2025-05-22T10:47:23","slug":"paini-cox-miscelatore-monocomando-lavello-canna-extra-lunga-78cr579t90","status":"publish","type":"product","link":"https:\/\/www.elettrowebstore.com\/es\/shop\/paini-cox-monomando-fregadero-cano-extra-largo-78cr579t90\/","title":{"rendered":"Paini Cox monomando fregadero ca\u00f1o extra largo 78CR579T90"},"content":{"rendered":"<h2><strong>Paini Cox monomando fregadero ca\u00f1o extra largo 78CR579T90 <\/strong><\/h2>\n<p>Paini Cox mezclador monomando de fregadero ca\u00f1o extra largo 78CR579T90 destaca por su dise\u00f1o tradicional y cl\u00e1sico. La l\u00ednea Cox es una de las producciones hist\u00f3ricas de Paini, con un dise\u00f1o detallista y muy cl\u00e1sico. Tambi\u00e9n es una de las l\u00edneas disponibles en varios acabados diferentes (bajo pedido). La estructura mide 25,5 cm de alto<\/p>\n<p>El mezclador es de lat\u00f3n, con acabado cromado y monomando.<\/p>\n<p>La foto de abajo representa fielmente el kit completo que se env\u00eda a casa del cliente.<\/p>\n<p>&nbsp;<\/p>\n<p><img loading=\"lazy\" decoding=\"async\" class=\"size-full wp-image-179846 aligncenter\" src=\"https:\/\/res.cloudinary.com\/dl3yepmtd\/images\/w_600,h_600,c_fill\/v1651762016\/PAI78CR579T90\/PAINI-Cox-miscelatore-monocomando-lavello-canna-extra-lunga-78CR579T90-1\/PAINI-Cox-miscelatore-monocomando-lavello-canna-extra-lunga-78CR579T90-1.jpg?_i=AA\" alt=\"Paini Cox monomando fregadero ca\u00f1o extra largo 78CR579T90\" width=\"600\" height=\"600\" srcset=\"https:\/\/www.elettrowebstore.com\/EWS_Store\/wp-content\/uploads\/PAINI-Cox-miscelatore-monocomando-lavello-canna-extra-lunga-78CR579T90-1.jpg 600w, https:\/\/www.elettrowebstore.com\/EWS_Store\/wp-content\/uploads\/PAINI-Cox-miscelatore-monocomando-lavello-canna-extra-lunga-78CR579T90-1-200x200.jpg 200w, https:\/\/www.elettrowebstore.com\/EWS_Store\/wp-content\/uploads\/PAINI-Cox-miscelatore-monocomando-lavello-canna-extra-lunga-78CR579T90-1-100x100.jpg 100w\" sizes=\"auto, (max-width: 600px) 100vw, 600px\" \/><\/p>\n<p>&nbsp;<\/p>\n<h2><strong>Descripci\u00f3n Paini Cox monomando fregadero ca\u00f1o extra largo 78CR579T90<br \/>\n<\/strong><\/h2>\n<p><strong>Paini Cox monomando fregadero ca\u00f1o extra largo 78CR579T90<\/strong> es de lat\u00f3n cromado, con un monomando con empu\u00f1adura de dise\u00f1o.<\/p>\n<p>El acabado cromado del mezclador est\u00e1 hecho para resistir el paso del tiempo y es especialmente adecuado para dar brillo a su cuarto de ba\u00f1o. Gracias al aireador, el mezclador permite regular el chorro de agua, evitando as\u00ed el derroche de agua.<\/p>\n<div class=\"pw-hidden-cp\">\n<p>El mezclador pertenece a la serie Cox del fabricante Paini, una l\u00ednea que se caracteriza por un dise\u00f1o cl\u00e1sico y tradicional. Esta l\u00ednea es la elegida por quienes desean un producto adecuado para todo tipo de ba\u00f1os, con un dise\u00f1o cuidado y est\u00e1ndar.<\/p>\n<p>La gama ofrece numerosas grifer\u00edas de ba\u00f1o para lavabo, ducha empotrada y bid\u00e9, as\u00ed como para fregaderos de cocina.<\/p>\n<p>&nbsp;<\/p>\n<\/div>\n<h2><strong>Especificaciones t\u00e9cnicas<\/strong><\/h2>\n<ul>\n<li><span class=\"fontstyle0\">Mezclador de lat\u00f3n con acabado cromado<br \/>\n<\/span><\/li>\n<li>Monomando<\/li>\n<li>Varilla extralarga<\/li>\n<li>Conexiones est\u00e1ndar 3\/8<\/li>\n<li><span class=\"fontstyle0\">Dise\u00f1o elegante y esencial<\/span><\/li>\n<li>La mezcladora se suministra en un kit de montaje<\/li>\n<li>C\u00f3digo del producto: 78CR579T90<\/li>\n<\/ul>\n<h2><\/h2>\n<p>&nbsp;<\/p>\n<h2><strong>Acabados disponibles bajo pedido para la l\u00ednea Paini Cox<\/strong><\/h2>\n<p>La l\u00ednea Paini Cox puede pedirse con muchos acabados. Por acabado entendemos el color exterior que puede realizarse durante la producci\u00f3n.<\/p>\n<p><img loading=\"lazy\" decoding=\"async\" class=\"aligncenter size-full wp-image-92920\" src=\"https:\/\/www.elettrowebstore.com\/EWS_Store\/wp-content\/uploads\/.\/finiture_PAINI_cox.jpg\" alt=\"Acabados disponibles por encargo para la l\u00ednea Paini Cox\" width=\"800\" height=\"600\" srcset=\"https:\/\/www.elettrowebstore.com\/EWS_Store\/wp-content\/uploads\/finiture_PAINI_cox.jpg 800w, https:\/\/www.elettrowebstore.com\/EWS_Store\/wp-content\/uploads\/finiture_PAINI_cox-600x450.jpg 600w, https:\/\/www.elettrowebstore.com\/EWS_Store\/wp-content\/uploads\/finiture_PAINI_cox-768x576.jpg 768w\" sizes=\"auto, (max-width: 800px) 100vw, 800px\" \/><\/p>\n<p>La <strong>el acabado est\u00e1ndar es cromado<\/strong>que es com\u00fan a todas las l\u00edneas de producci\u00f3n fabricadas por Paini. Se obtiene mediante una t\u00e9cnica galv\u00e1nica. El producto se sumerge en un \"ba\u00f1o galv\u00e1nico\" de cromo a alta temperatura. El cromado se adhiere al material base del producto y le confiere brillo y durabilidad, ya que lo protege de la agresi\u00f3n de los \u00e1cidos y de la oxidaci\u00f3n.<\/p>\n<p>En <strong>blanco mate<\/strong> y el <strong>negro mate<\/strong>se obtienen a trav\u00e9s de la pintura de postproducci\u00f3n.<\/p>\n<p>Le <strong>acabados pulido y cepillado<\/strong>se obtienen mediante un proceso de producci\u00f3n PVD (Physical Vapour Deposition). Consiste en un recubrimiento met\u00e1lico de pel\u00edcula fina mediante una t\u00e9cnica que deposita el recubrimiento por evaporaci\u00f3n y posterior condensaci\u00f3n. A continuaci\u00f3n, el acabado se deposita sobre el producto y se adhiere.<\/p>\n<p>Todos estos acabados se fabrican espec\u00edficamente para el cliente que los solicita, sobre un pedido de producci\u00f3n especial. Es decir, son <strong>productos que excluyen el derecho de desistimiento en las compras a distancia<\/strong>. Leer el <a href=\"https:\/\/www.elettrowebstore.com\/due-anni-di-garanzia-su-ogni-prodotto-acquistato\/\"><strong>nuestras normas de garant\u00eda<\/strong><\/a> antes de comprar.<\/p>\n<p>Los acabados que no sean cromados tambi\u00e9n pueden costar 90% m\u00e1s que el precio de cat\u00e1logo. <a href=\"https:\/\/www.elettrowebstore.com\/contatta-lo-staff-di-elettrowebstore\/\"><strong>P\u00f3ngase en contacto con nosotros si desea un presupuesto personalizado<\/strong><\/a>!<\/p>\n<p>&nbsp;<\/p>\n<h2><strong>Tipos de mezcladoras en el mercado<\/strong><\/h2>\n<p>Los mezcladores de agua para uso dom\u00e9stico, tambi\u00e9n llamados grifos en la jerga cotidiana, tienen la funci\u00f3n de suministrar agua caliente y fr\u00eda, incluso mezclarla. Pueden ser de cinco tipos diferentes:<\/p>\n<ul>\n<li><strong>tradicional<\/strong>. El agua se suministra mediante dos mandos independientes<\/li>\n<li><strong>con v\u00e1lvula mezcladora<\/strong>. La cantidad de agua suministrada y la temperatura se regulan mediante un \u00fanico mando. Por eso tambi\u00e9n se denominan monomando, normalmente de palanca.<\/li>\n<li><strong>termostatos<\/strong>. Se trata de grifos equipados con un dispositivo especial que permite fijar el nivel de temperatura mientras el agua est\u00e9 abierta.<\/li>\n<li><strong>autom\u00e1tico<\/strong>. Son los mezcladores equipados con una fotoc\u00e9lula que s\u00f3lo dispensan agua cuando \"ven\" movimiento cerca del grifo. Son t\u00edpicos de centros comerciales y \u00e1reas de servicio.<\/li>\n<li><strong>Hidroprogresistas<\/strong>. Se caracterizan por un \u00fanico mando que permite pasar de un peque\u00f1o suministro de agua fr\u00eda a una mayor cantidad de agua caliente con s\u00f3lo girar la palanca de control.<\/li>\n<\/ul>\n<p>&nbsp;<\/p>\n<h2><strong>\u00bfQu\u00e9 hay dentro de una grifer\u00eda? \u00bfQu\u00e9 es el cartucho del grifo?<br \/>\n<\/strong><\/h2>\n<p>Externamente, la grifer\u00eda parece un cuerpo de acero u otro material, normalmente coronado por una palanca. De hecho, \u00e9ste es el caso cl\u00e1sico de las mezcladoras monomando. Sin embargo, el \"secreto\" de este tipo de mezcladora reside en el elemento que se encuentra en su interior, denominado cartucho.<\/p>\n<p>En efecto, el cartucho es el dispositivo de pl\u00e1stico que permite la mezcla. De hecho, en la base del grifo se encuentran las tuber\u00edas de agua caliente y fr\u00eda, que empujan el agua hacia el cartucho. \u00c9ste est\u00e1 equipado con una serie de discos cer\u00e1micos que permiten mezclar el agua. En el extremo hay una \u00fanica salida de agua y, normalmente, un pasador que encaja en el interior de la palanca de control.<\/p>\n<p>&nbsp;<\/p>\n<h2><strong>Mantenimiento recomendado de la mezcladora<\/strong><\/h2>\n<p>Como mucha gente sabe, el agua para uso dom\u00e9stico puede contener cierta cantidad de sales minerales y metales, algunos naturales y otros procedentes de las tuber\u00edas de agua. Estos pueden depositarse de forma natural en el interior de los sistemas de mezcla de agua, que se encuentran, por supuesto, al final del circuito de suministro.<\/p>\n<p>Por lo tanto, despu\u00e9s de las renovaciones y en cualquier caso antes de instalar nuevos grifos, es aconsejable limpiar el sistema para eliminar los residuos acumulados con el tiempo. De hecho, cualquier grano de arena o piedra que se deposite en los discos del cartucho mezclador corre el riesgo de estropearlo y no permitir el suministro \u00f3ptimo de agua.<\/p>\n<p>Otro consejo para tener un suministro de agua constante es vigilar el estado de uso y consumo del rompe chorros de la batidora, tambi\u00e9n conocido como aireador o rompe aguas. Es en esta pieza donde se acumulan muchos residuos. Limpiarlo o sustituirlo ayuda a tener un chorro preciso y c\u00f3modo.<\/p>\n<p>&nbsp;<\/p>\n<h2><strong>Truco para ajustar el agua caliente a la temperatura ideal de temporada y ahorrar gas<\/strong><\/h2>\n<p>A menudo, el mezclador de agua caliente se orienta a la mitad de la temperatura m\u00e1xima posible, para no escaldar. Se trata, sin duda, de un comportamiento pr\u00e1ctico, que es posible concretamente de forma r\u00e1pida gracias a los mezcladores monomando. Sin embargo, no es la opci\u00f3n m\u00e1s eficaz.<\/p>\n<p>De hecho, la entrada de agua caliente de la caldera, con una apertura de tres cuartos, como en el ejemplo anterior, implica la mezcla de agua caliente con agua fr\u00eda. Lo que significa que la caldera ha calentado el agua caliente a una temperatura superior a la deseada.<\/p>\n<p>Aunque muchas calderas tienen la capacidad de modular la temperatura deseada del agua, esto no suele ser lo m\u00e1s eficiente. De hecho, la modulaci\u00f3n significa que la temperatura a la que la caldera suministra el agua est\u00e1 limitada con respecto al m\u00e1ximo potencial posible, con el fin de consumir menos gas. No obstante, la modulaci\u00f3n se produce en funci\u00f3n de la temperatura ajustada en la propia caldera.<\/p>\n<p>Para que sea lo m\u00e1s eficaz posible, le ofrecemos un peque\u00f1o truco. En cada estaci\u00f3n del a\u00f1o, eval\u00fae la temperatura m\u00e1xima que desea para el agua sanitaria dirigiendo el agua caliente del mezclador hacia la abertura m\u00e1xima. Si el agua llega a hervir, puede reducir la temperatura. \u00c9se es el secreto. Ajuste el agua caliente de la caldera al m\u00e1ximo deseado y abra siempre el mezclador al m\u00e1ximo cuando desee ese nivel de temperatura. De este modo, la caldera funcionar\u00e1 a la temperatura que desees y no tendr\u00e1s que mezclar con agua fr\u00eda. De hecho, en invierno puedes querer agua m\u00e1s caliente y en verano menos... <strong>Por tanto, no tiene sentido pedir siempre a la caldera la misma temperatura y luego \"desperdiciar\" el calor generado.<\/strong><\/p>\n<p>&nbsp;<\/p>\n<h2><strong>Informaci\u00f3n sobre los productos PAINI<br \/>\n<\/strong><\/h2>\n<p><a href=\"http:\/\/www.paini.it\/ITALIANO\/collezioni.html\"><strong><img loading=\"lazy\" decoding=\"async\" class=\"size-full wp-image-41343 alignleft\" src=\"https:\/\/www.elettrowebstore.com\/EWS_Store\/wp-content\/uploads\/.\/paini-logo.jpg\" alt=\"logotipo de grifer\u00eda paini\" width=\"160\" height=\"38\" \/>Grifer\u00eda PAINI <\/strong><\/a> se ha convertido, en m\u00e1s de 50 a\u00f1os de actividad, en una de las empresas l\u00edderes en el sector de la grifer\u00eda para cuartos de ba\u00f1o. La empresa, fundada en 1954, est\u00e1 en condiciones de ofrecer una amplia gama de grifer\u00eda: monomandos, sanitarios y grifer\u00eda de obra, para cocina, ba\u00f1o y ducha. La producci\u00f3n anual actual ronda los 4 millones de piezas. El ciclo de producci\u00f3n implica el uso exclusivo de materias primas de calidad superior que cumplen los rigurosos <strong> Normas UNI-ECE<\/strong>.<\/p>\n<p>La producci\u00f3n es totalmente interna y de ciclo completo, con un amplio uso de tecnolog\u00eda moderna, mientras que los controles de calidad se realizan en todas las fases de producci\u00f3n y procesamiento. La planta de<br \/>\nEl cromado de la empresa es uno de los mayores del mundo en el sector de la grifer\u00eda. Paini tambi\u00e9n garantiza el nivel de espesor de cromo exigido por la normativa internacional. La pintura se realiza en la propia empresa, mediante procesos de recubrimiento l\u00edquido y en polvo epoxi.<\/p>\n<p>Los productos de la empresa cumplen las normas internacionales de numerosos organismos de normalizaci\u00f3n y es una de las pocas empresas italianas del sector que cuenta con la marca \"d\" para sus productos.<strong>Homologaci\u00f3n IAPMO <\/strong>v\u00e1lido para EE.UU.<\/p>\n<p>&nbsp;<\/p>\n<h2><strong>Garant\u00eda<\/strong><\/h2>\n<p>El mezclador monomando de fregadero Paini Cox de ca\u00f1o extralargo 78CR579T90 est\u00e1 cubierto por <a href=\"https:\/\/www.elettrowebstore.com\/due-anni-di-garanzia-su-ogni-prodotto-acquistato\/\"><strong>garant\u00eda legal<\/strong><\/a>seg\u00fan la p\u00e1gina correspondiente de nuestro sitio web, que le invitamos a leer. Tambi\u00e9n proporcionamos informaci\u00f3n clara sobre el ejercicio de la <a href=\"https:\/\/www.elettrowebstore.com\/diritto-di-recesso-restituzione-prodotti\/\"><strong>derecho de retractaci\u00f3n<\/strong><\/a>.<\/p>\n<p>No existen Centros de Asistencia T\u00e9cnica Autorizados (CAT) en el territorio nacional para los productos de ba\u00f1o. La instalaci\u00f3n de los productos y de las piezas de recambio es responsabilidad exclusiva del comprador.<\/p>\n<p>Por lo tanto, antes de comprar, instamos a todos los clientes a que eval\u00faen detenidamente sus necesidades y las cualidades del producto.<\/p>\n<p>Encontrar\u00e1 m\u00e1s informaci\u00f3n sobre la legislaci\u00f3n pertinente en el sitio web de la<a href=\"http:\/\/www.agcm.it\/consumatore\/decalogo\/5102-garanzia-del-venditore-guida-per-il-consumatore.html\"><strong>Autoridad de Competencia y Mercado<\/strong><\/a>.<\/p>\n<p>Con el fin de mejorar la calidad del producto, el fabricante se reserva el derecho de modificar los materiales y las caracter\u00edsticas t\u00e9cnicas del art\u00edculo sin previo aviso.  Adem\u00e1s, las descripciones e im\u00e1genes que aqu\u00ed se ofrecen son, por tanto, orientativas y pueden variar ligeramente respecto al producto final.<\/p>\n<p>&nbsp;<\/p>\n<h2><strong>Plazo de entrega y disponibilidad de los productos<br \/>\n<\/strong><\/h2>\n<p>En el caso de los productos de mobiliario de ba\u00f1o, su disponibilidad puede variar sin previo aviso, aunque en el sitio web se indique que la mercanc\u00eda est\u00e1 disponible. Por ello, en caso de urgencia o de informaci\u00f3n m\u00e1s detallada, le invitamos a <a href=\"https:\/\/www.elettrowebstore.com\/contatta-lo-staff-di-elettrowebstore\/\"><strong>p\u00f3ngase en contacto con nosotros por correo electr\u00f3nico<\/strong><\/a> para m\u00e1s aclaraciones.<\/p>\n<p>Si el producto est\u00e1 disponible para entrega inmediata en uno de nuestros almacenes, se puede pedir inmediatamente. A continuaci\u00f3n, se env\u00eda desde ElettroWebStore<strong> en un plazo de 30 d\u00edas laborables a partir de la fecha de compra<\/strong>.<\/p>\n<p><img loading=\"lazy\" decoding=\"async\" class=\"aligncenter size-full wp-image-41372\" src=\"https:\/\/www.elettrowebstore.com\/EWS_Store\/wp-content\/uploads\/.\/elettrowebstore-spedizione-con-corrieri-brt-sda-dhl-nexive-ld.jpg\" alt=\"Estos son los transportistas con los que ElettroWebStore.com realiza sus env\u00edos\" width=\"800\" height=\"189\" srcset=\"https:\/\/www.elettrowebstore.com\/EWS_Store\/wp-content\/uploads\/elettrowebstore-spedizione-con-corrieri-brt-sda-dhl-nexive-ld.jpg 800w, https:\/\/www.elettrowebstore.com\/EWS_Store\/wp-content\/uploads\/elettrowebstore-spedizione-con-corrieri-brt-sda-dhl-nexive-ld-600x142.jpg 600w, https:\/\/www.elettrowebstore.com\/EWS_Store\/wp-content\/uploads\/elettrowebstore-spedizione-con-corrieri-brt-sda-dhl-nexive-ld-768x181.jpg 768w\" sizes=\"auto, (max-width: 800px) 100vw, 800px\" \/><\/p>\n<p>&nbsp;<\/p>\n<p>&nbsp;<\/p>\n<h2><strong>Formas de pago aceptadas<\/strong><\/h2>\n<p><strong>En el sitio web de ElettroWebStore puede pagar con todos los m\u00e9todos habituales<\/strong>tanto espec\u00edficas de Internet (como las tarjetas prepago) como tradicionales (como las tarjetas de cr\u00e9dito cl\u00e1sicas).<\/p>\n<p><img loading=\"lazy\" decoding=\"async\" class=\"aligncenter size-full wp-image-41371\" src=\"https:\/\/www.elettrowebstore.com\/EWS_Store\/wp-content\/uploads\/.\/elettrowebstore-pagamenti-accettati-ld.jpg\" alt=\"Estos son los m\u00e9todos de pago aceptados por ElettroWebStore.com\" width=\"800\" height=\"199\" srcset=\"https:\/\/www.elettrowebstore.com\/EWS_Store\/wp-content\/uploads\/elettrowebstore-pagamenti-accettati-ld.jpg 800w, https:\/\/www.elettrowebstore.com\/EWS_Store\/wp-content\/uploads\/elettrowebstore-pagamenti-accettati-ld-600x149.jpg 600w, https:\/\/www.elettrowebstore.com\/EWS_Store\/wp-content\/uploads\/elettrowebstore-pagamenti-accettati-ld-768x191.jpg 768w\" sizes=\"auto, (max-width: 800px) 100vw, 800px\" \/><\/p>\n<p>&nbsp;<\/p>\n<p>Todos los pagos se gestionan a trav\u00e9s del <a href=\"https:\/\/www.paypal.com\/it\/webapps\/mpp\/paypal-safety-and-security\"><strong>Paypal<\/strong><\/a>. Adem\u00e1s, aunque no dispongas de Paypal, puedes pagar sin necesidad de registrarte y guardar tus credenciales. Todo lo que tienes que hacer es introducir tus datos en las p\u00e1ginas de Paypal.<\/p>\n<p>En ning\u00fan caso <a href=\"http:\/\/www.elettrowebstore.com\"><strong>ElettroWebStore<\/strong><\/a> gestionar los datos de sus tarjetas de pago o darse cuenta de ellos. De hecho <a href=\"http:\/\/www.elettrowebstore.com\"><strong>ElettroWebStore<\/strong><\/a> s\u00f3lo ver\u00e1 si el pago se ha efectuado o no.<\/p>\n<p>Nuestro sitio utiliza protocolos HTTPS, que garantizan un alto nivel de seguridad para los usuarios.<\/p>","protected":false},"excerpt":{"rendered":"<p>Paini Cox Mezclador monomando de fregadero de ca\u00f1o extra largo 78CR579T90 en lat\u00f3n cromado listo para instalar. Acabados en otros colores tambi\u00e9n disponibles bajo pedido. <span style=\"color: #ed1c24;\"><strong>Env\u00edo gratuito a Italia<\/strong><\/span><\/p>","protected":false},"featured_media":179846,"template":"","meta":[],"product_brand":[],"product_cat":[19],"product_tag":[2473,1982,334,1981,1942,894,339,940,893,1983,895,891,901],"class_list":{"0":"post-179326","1":"product","2":"type-product","3":"status-publish","4":"has-post-thumbnail","6":"product_cat-rubinetteria","7":"product_tag-78cr579t90","8":"product_tag-alta","9":"product_tag-arredo","10":"product_tag-bocca","11":"product_tag-cox","12":"product_tag-cromato","13":"product_tag-design","14":"product_tag-lavello","15":"product_tag-miscelatore","16":"product_tag-orientabile","17":"product_tag-ottone","18":"product_tag-paini","19":"product_tag-rubinetteria","20":"product_shipping_class-rubinetti","22":"first","23":"instock","24":"taxable","25":"shipping-taxable","26":"purchasable","27":"product-type-simple"},"_links":{"self":[{"href":"https:\/\/www.elettrowebstore.com\/es\/wp-json\/wp\/v2\/product\/179326","targetHints":{"allow":["GET"]}}],"collection":[{"href":"https:\/\/www.elettrowebstore.com\/es\/wp-json\/wp\/v2\/product"}],"about":[{"href":"https:\/\/www.elettrowebstore.com\/es\/wp-json\/wp\/v2\/types\/product"}],"wp:featuredmedia":[{"embeddable":true,"href":"https:\/\/www.elettrowebstore.com\/es\/wp-json\/wp\/v2\/media\/179846"}],"wp:attachment":[{"href":"https:\/\/www.elettrowebstore.com\/es\/wp-json\/wp\/v2\/media?parent=179326"}],"wp:term":[{"taxonomy":"product_brand","embeddable":true,"href":"https:\/\/www.elettrowebstore.com\/es\/wp-json\/wp\/v2\/product_brand?post=179326"},{"taxonomy":"product_cat","embeddable":true,"href":"https:\/\/www.elettrowebstore.com\/es\/wp-json\/wp\/v2\/product_cat?post=179326"},{"taxonomy":"product_tag","embeddable":true,"href":"https:\/\/www.elettrowebstore.com\/es\/wp-json\/wp\/v2\/product_tag?post=179326"}],"curies":[{"name":"wp","href":"https:\/\/api.w.org\/{rel}","templated":true}]}}