{"id":179262,"date":"2022-05-04T16:35:03","date_gmt":"2022-05-04T14:35:03","guid":{"rendered":"https:\/\/www.elettrowebstore.com\/?post_type=product&#038;p=179262"},"modified":"2025-06-19T16:05:21","modified_gmt":"2025-06-19T14:05:21","slug":"paini-cox-miscelatore-tipo-alto-per-lavabo-cromato-78cr211ollsr","status":"publish","type":"product","link":"https:\/\/www.elettrowebstore.com\/es\/shop\/paini-cox-mezclador-alto-lavabo-cromo-tipo-78cr211ollsr\/","title":{"rendered":"Paini Cox mezclador alto lavabo cromo tipo 78CR211OLLSR"},"content":{"rendered":"<h2><strong>Paini Cox mezclador alto lavabo cromo tipo 78CR211OLLSR <\/strong><\/h2>\n<p>Paini Cox mezclador alto para lavabo cromo 78CR211OLLSR destaca por su dise\u00f1o tradicional y cl\u00e1sico. La l\u00ednea Cox es una de las producciones hist\u00f3ricas de Paini, con un dise\u00f1o detallista y muy cl\u00e1sico. Tambi\u00e9n es una de las l\u00edneas disponibles en varios acabados diferentes (bajo pedido).<\/p>\n<p>El mezclador est\u00e1 fabricado en lat\u00f3n, con <strong>acabado cromado <\/strong>y palanca monomando. Se incluye una salida click-clac de 1 \u00bc pulgadas.<\/p>\n<p>&nbsp;<\/p>\n<p>&nbsp;<\/p>\n<h2><strong>Descripci\u00f3n Paini Cox mezclador alto lavabo cromo tipo 78CR211OLLSR<br \/>\n<\/strong><\/h2>\n<p><strong>Paini Cox mezclador alto lavabo cromo tipo 78CR211OLLSR<\/strong> es de lat\u00f3n, con <strong>acabado cromado <\/strong>y monomando con empu\u00f1adura de dise\u00f1o.<\/p>\n<div class=\"pw-hidden-cp\">\n<p>El mezclador pertenece a la serie Cox del fabricante Paini, una l\u00ednea que se caracteriza por un dise\u00f1o cl\u00e1sico y tradicional. Esta l\u00ednea es la elegida por quienes desean un producto adecuado para todo tipo de ba\u00f1os, con un dise\u00f1o cuidado y est\u00e1ndar.<\/p>\n<p>La gama ofrece numerosas grifer\u00edas de ba\u00f1o para lavabo, ducha empotrada y bid\u00e9, as\u00ed como para fregaderos de cocina.<\/p>\n<\/div>\n<p>&nbsp;<\/p>\n<p>&nbsp;<\/p>\n<p>&nbsp;<\/p>\n<h2><strong>Especificaciones t\u00e9cnicas<\/strong><\/h2>\n<ul>\n<li><span class=\"fontstyle0\">Mezclador de ba\u00f1o para lavabo en lat\u00f3n, con acabado cromado<br \/>\n<\/span><\/li>\n<li>Palanca monomando con empu\u00f1adura ergon\u00f3mica<\/li>\n<li>Aireador con junta<\/li>\n<li>Salida click-clac de 1 \u00bc pulgada<\/li>\n<li><span class=\"fontstyle0\">Dise\u00f1o elegante y esencial<\/span><\/li>\n<li>La mezcladora se suministra en un kit de montaje<\/li>\n<li>Dimensiones: seg\u00fan ficha t\u00e9cnica<\/li>\n<li>Pr\u00e1ctico y funcional<\/li>\n<li>Robusto y resistente<\/li>\n<li>C\u00f3digo 78CR211OLLSR<\/li>\n<\/ul>\n<p>&nbsp;<\/p>\n<p>&nbsp;<\/p>","protected":false},"excerpt":{"rendered":"<p><span style=\"color: #ff0000;\"><span style=\"color: #000000;\">Paini Cox mezclador de lavabo alto cromado tipo 78CR211OLLSR. Acabados en otros colores tambi\u00e9n disponibles bajo pedido. <\/span><strong>Env\u00edo gratuito a Italia<\/strong><\/span><\/p>","protected":false},"featured_media":179822,"template":"","meta":[],"product_brand":[],"product_cat":[19],"product_tag":[2471,334,900,2098,1942,894,339,938,899,893,896,895,891,931,901,2096],"class_list":{"0":"post-179262","1":"product","2":"type-product","3":"status-publish","4":"has-post-thumbnail","6":"product_cat-rubinetteria","7":"product_tag-78cr211ollsr","8":"product_tag-arredo","9":"product_tag-bagno","10":"product_tag-clic-clac","11":"product_tag-cox","12":"product_tag-cromato","13":"product_tag-design","14":"product_tag-lavabo","15":"product_tag-leva","16":"product_tag-miscelatore","17":"product_tag-monocomando","18":"product_tag-ottone","19":"product_tag-paini","20":"product_tag-piletta","21":"product_tag-rubinetteria","22":"product_tag-tipo-alto","23":"product_shipping_class-pe","25":"first","26":"instock","27":"taxable","28":"shipping-taxable","29":"purchasable","30":"product-type-simple"},"_links":{"self":[{"href":"https:\/\/www.elettrowebstore.com\/es\/wp-json\/wp\/v2\/product\/179262","targetHints":{"allow":["GET"]}}],"collection":[{"href":"https:\/\/www.elettrowebstore.com\/es\/wp-json\/wp\/v2\/product"}],"about":[{"href":"https:\/\/www.elettrowebstore.com\/es\/wp-json\/wp\/v2\/types\/product"}],"wp:featuredmedia":[{"embeddable":true,"href":"https:\/\/www.elettrowebstore.com\/es\/wp-json\/wp\/v2\/media\/179822"}],"wp:attachment":[{"href":"https:\/\/www.elettrowebstore.com\/es\/wp-json\/wp\/v2\/media?parent=179262"}],"wp:term":[{"taxonomy":"product_brand","embeddable":true,"href":"https:\/\/www.elettrowebstore.com\/es\/wp-json\/wp\/v2\/product_brand?post=179262"},{"taxonomy":"product_cat","embeddable":true,"href":"https:\/\/www.elettrowebstore.com\/es\/wp-json\/wp\/v2\/product_cat?post=179262"},{"taxonomy":"product_tag","embeddable":true,"href":"https:\/\/www.elettrowebstore.com\/es\/wp-json\/wp\/v2\/product_tag?post=179262"}],"curies":[{"name":"wp","href":"https:\/\/api.w.org\/{rel}","templated":true}]}}