{"id":177991,"date":"2022-04-28T15:21:39","date_gmt":"2022-04-28T13:21:39","guid":{"rendered":"https:\/\/www.elettrowebstore.com\/?post_type=product&#038;p=177991"},"modified":"2023-02-03T16:46:59","modified_gmt":"2023-02-03T15:46:59","slug":"ombrellone-ponente-2-50-x-2-50-mt-g966","status":"publish","type":"product","link":"https:\/\/www.elettrowebstore.com\/es\/shop\/ponente-parasol-2-50-x-2-50-mt-g966\/","title":{"rendered":"Sombrilla Ponente 2,50 x 2,50 m G966"},"content":{"rendered":"<h2><strong>Sombrilla Ponente 2,50 x 2,50 m G966<\/strong><\/h2>\n<p>L' <strong>Sombrilla oeste 2,50 x 2,50 m G966<\/strong> es una soluci\u00f3n ideal para el mobiliario de exterior; puede colocarse, por ejemplo, en el jard\u00edn o junto a la piscina o en espacios m\u00e1s peque\u00f1os, como una terraza. Su estructura consta de <strong>polo central <\/strong>con 4 varillas. La funda del paraguas es de olefina 190 g disponible en diferentes colores.<\/p>\n<p><strong>El art\u00edculo de la foto es azul claro, y tambi\u00e9n est\u00e1 disponible en blanco, crudo, arena, gris, rojo, teja, verde, azul claro, azul real, azul marino y antracita.<\/strong><\/p>\n<p>&nbsp;<\/p>\n<h2><img loading=\"lazy\" decoding=\"async\" class=\"size-full wp-image-177964 aligncenter\" src=\"https:\/\/res.cloudinary.com\/dl3yepmtd\/images\/w_600,h_600,c_fill\/v1651140952\/MOIG966\/ombrellone-ponente-2.50x2.50-G966-1\/ombrellone-ponente-2.50x2.50-G966-1.jpg?_i=AA\" alt=\"Sombrilla Ponente 2,50 x 2,50 m G966\" width=\"600\" height=\"600\" srcset=\"https:\/\/www.elettrowebstore.com\/EWS_Store\/wp-content\/uploads\/ombrellone-ponente-2.50x2.50-G966-1.jpg 600w, https:\/\/www.elettrowebstore.com\/EWS_Store\/wp-content\/uploads\/ombrellone-ponente-2.50x2.50-G966-1-200x200.jpg 200w, https:\/\/www.elettrowebstore.com\/EWS_Store\/wp-content\/uploads\/ombrellone-ponente-2.50x2.50-G966-1-100x100.jpg 100w\" sizes=\"auto, (max-width: 600px) 100vw, 600px\" \/><\/h2>\n<h2><strong>Descripci\u00f3n Parasol Ponente 2,50 x 2,50 m G966<\/strong><\/h2>\n<p>L' <strong>Sombrilla Ponente 2,50 x 2,50 m G966<\/strong> tiene una estructura formada por <strong>polo central <\/strong>aluminio 35\/40 mm, 4 varillas PARAGON 10 mm. La altura m\u00e1xima de la sombrilla es de 3,03 m.<\/p>\n<p>El aluminio es uno de los materiales m\u00e1s utilizados para muebles de exterior, hace que el producto sea vers\u00e1til y resistente a la intemperie y no requiere mucho mantenimiento. De hecho, este material es m\u00e1s resistente a la oxidaci\u00f3n. El aluminio tambi\u00e9n es m\u00e1s ligero y, por tanto, m\u00e1s f\u00e1cil de mover. No obstante, es aconsejable guardarlo cuando no se utilice y protegerlo de la lluvia.<\/p>\n<p>La <strong>cobertura<\/strong> proporciona una sombra \u00f3ptima contra los rayos del sol gracias a su alta protecci\u00f3n contra los rayos UV. Una sombrilla con m\u00e1stil central ocupa poco espacio y tambi\u00e9n es adecuada para espacios reducidos, como una terraza o un balc\u00f3n.<\/p>\n<p>&nbsp;<\/p>\n<h2><strong>Especificaciones t\u00e9cnicas<\/strong><\/h2>\n<ul>\n<li><span class=\"fontstyle0\">Sombrilla mt. <\/span>2,50 x 2,50<\/li>\n<li>Poste central de aluminio con 4 varillas<\/li>\n<li>Funda olefina 190 gr. varios colores<\/li>\n<li>Extensi\u00f3n del cierre de rosca<\/li>\n<li>Varillas: 10 mm<\/li>\n<li>Alta protecci\u00f3n UV<\/li>\n<li>Embalaje: 1 paquete<\/li>\n<li>Pr\u00e1ctico y vers\u00e1til<\/li>\n<li>Fabricado en Italia<\/li>\n<\/ul>\n<h2><\/h2>\n<h2><strong>Garant\u00eda<\/strong><\/h2>\n<p>L' <strong>Sombrilla Ponente 2,50 x 2,50 m G966<\/strong> est\u00e1 cubierto por <a href=\"https:\/\/www.elettrowebstore.com\/due-anni-di-garanzia-su-ogni-prodotto-acquistato\/\"><strong>garant\u00eda legal<\/strong><\/a>seg\u00fan la p\u00e1gina correspondiente de nuestro sitio web, que le invitamos a leer. Tambi\u00e9n proporcionamos informaci\u00f3n clara sobre el ejercicio de la <a href=\"https:\/\/www.elettrowebstore.com\/diritto-di-recesso-restituzione-prodotti\/\"><strong>derecho de retractaci\u00f3n<\/strong><\/a>.<\/p>\n<p>No existen Centros de Asistencia T\u00e9cnica Autorizados (CAT) en el territorio nacional para los productos de mobiliario de jard\u00edn. La instalaci\u00f3n de los productos y de las piezas de recambio es responsabilidad exclusiva del comprador.<\/p>\n<p><strong>Los productos de mobiliario de exterior, aunque est\u00e1n dise\u00f1ados para estar al aire libre, tambi\u00e9n necesitan cuidados y atenci\u00f3n<\/strong>especialmente en el caso de art\u00edculos fabricados con materiales delicados. Por lo tanto, comprar un producto de jard\u00edn no significa comprar un art\u00edculo indestructible o que no necesite mantenimiento. Al contrario, algunos materiales como maderas, resinas, acero no galvanizado requieren cuidados, limpieza, atenci\u00f3n. Art\u00edculos como sombrillas y cenadores exigen evitar el efecto vela cuando hace mal tiempo (las sombrillas deben estar cerradas). En caso de fuertes lluvias o nevadas, las estructuras pueden no ser lo bastante resistentes para soportarlo.<\/p>\n<p>Por lo tanto, antes de comprar, instamos a todos los clientes a que eval\u00faen detenidamente sus necesidades y las cualidades del producto.<\/p>\n<p>De hecho, ni los fabricantes ni ElettroWebStore pueden sustituir en garant\u00eda o servicio art\u00edculos que, aunque hayan sido comprados recientemente, est\u00e9n desgastados o se hayan deteriorado respecto a su estado original.<\/p>\n<p>Encontrar\u00e1 m\u00e1s informaci\u00f3n sobre la legislaci\u00f3n pertinente en el sitio web de la<a href=\"http:\/\/www.agcm.it\/consumatore\/decalogo\/5102-garanzia-del-venditore-guida-per-il-consumatore.html\"><strong>Autoridad de Competencia y Mercado<\/strong><\/a>.<\/p>\n<p>Con el fin de mejorar la calidad del producto, el fabricante se reserva el derecho de modificar los materiales y las caracter\u00edsticas t\u00e9cnicas del art\u00edculo sin previo aviso.  Adem\u00e1s, las descripciones e im\u00e1genes que aqu\u00ed se ofrecen son, por tanto, orientativas y pueden variar ligeramente respecto al producto final.<\/p>\n<p>&nbsp;<\/p>\n<h2><strong>Plazo de entrega y disponibilidad de los productos<br \/>\n<\/strong><\/h2>\n<p>Los productos de mobiliario de exterior son importados. Su disponibilidad puede variar sin previo aviso, aunque en el sitio web se indique que los productos est\u00e1n disponibles. Por esta raz\u00f3n, en caso de urgencia o de informaci\u00f3n m\u00e1s detallada, le invitamos a <a href=\"https:\/\/www.elettrowebstore.com\/contatta-lo-staff-di-elettrowebstore\/\"><strong>p\u00f3ngase en contacto con nosotros por correo electr\u00f3nico<\/strong><\/a> para m\u00e1s aclaraciones.<\/p>\n<p>Si el producto est\u00e1 disponible para entrega inmediata en uno de nuestros almacenes, se puede pedir inmediatamente. A continuaci\u00f3n, se env\u00eda desde ElettroWebStore<strong> en un plazo de 10 d\u00edas laborables a partir de la fecha de compra<\/strong>.<\/p>\n<p>Adem\u00e1s, todos los env\u00edos de ElettroWebStore est\u00e1n exentos de gastos de env\u00edo.<\/p>\n<p>Adem\u00e1s de los transportistas mencionados a continuaci\u00f3n, ElettroWebStore tambi\u00e9n utiliza otros transportistas de \u00e1mbito nacional con corresponsales locales para el env\u00edo de art\u00edculos de gran volumen. Estos \u00faltimos suelen estar especializados en el env\u00edo y la entrega de art\u00edculos voluminosos, ya que disponen de corresponsales locales espec\u00edficos en el territorio nacional.<\/p>\n<p>Se lo recordamos:<\/p>\n<ol>\n<li>Las mercanc\u00edas se entregan en la planta baja que da a la calle. No hay entrega en el suelo a menos que se acuerde espec\u00edficamente con ElettroWebStore;<\/li>\n<li>Teniendo en cuenta el volumen de muchos art\u00edculos de mobiliario de exterior, siempre es una buena idea evaluar cuidadosamente los paquetes antes de descargarlos, anotando en el documento de transporte o en la terminal del transportista cualquier defecto externo del producto.<\/li>\n<\/ol>\n<p><img loading=\"lazy\" decoding=\"async\" class=\"aligncenter size-full wp-image-41372\" src=\"https:\/\/www.elettrowebstore.com\/EWS_Store\/wp-content\/uploads\/.\/elettrowebstore-spedizione-con-corrieri-brt-sda-dhl-nexive-ld.jpg\" alt=\"Estos son los transportistas con los que ElettroWebStore.com realiza sus env\u00edos\" width=\"800\" height=\"189\" srcset=\"https:\/\/www.elettrowebstore.com\/EWS_Store\/wp-content\/uploads\/elettrowebstore-spedizione-con-corrieri-brt-sda-dhl-nexive-ld.jpg 800w, https:\/\/www.elettrowebstore.com\/EWS_Store\/wp-content\/uploads\/elettrowebstore-spedizione-con-corrieri-brt-sda-dhl-nexive-ld-600x142.jpg 600w, https:\/\/www.elettrowebstore.com\/EWS_Store\/wp-content\/uploads\/elettrowebstore-spedizione-con-corrieri-brt-sda-dhl-nexive-ld-768x181.jpg 768w\" sizes=\"auto, (max-width: 800px) 100vw, 800px\" \/><\/p>\n<p>&nbsp;<\/p>\n<h2><strong>Formas de pago aceptadas<\/strong><\/h2>\n<p><strong>En el sitio web de ElettroWebStore puede pagar con todos los m\u00e9todos habituales<\/strong>tanto espec\u00edficas de Internet (como las tarjetas prepago) como tradicionales (como las tarjetas de cr\u00e9dito cl\u00e1sicas).<\/p>\n<p><img loading=\"lazy\" decoding=\"async\" class=\"aligncenter size-full wp-image-41371\" src=\"https:\/\/www.elettrowebstore.com\/EWS_Store\/wp-content\/uploads\/.\/elettrowebstore-pagamenti-accettati-ld.jpg\" alt=\"Estos son los m\u00e9todos de pago aceptados por ElettroWebStore.com\" width=\"800\" height=\"199\" srcset=\"https:\/\/www.elettrowebstore.com\/EWS_Store\/wp-content\/uploads\/elettrowebstore-pagamenti-accettati-ld.jpg 800w, https:\/\/www.elettrowebstore.com\/EWS_Store\/wp-content\/uploads\/elettrowebstore-pagamenti-accettati-ld-600x149.jpg 600w, https:\/\/www.elettrowebstore.com\/EWS_Store\/wp-content\/uploads\/elettrowebstore-pagamenti-accettati-ld-768x191.jpg 768w\" sizes=\"auto, (max-width: 800px) 100vw, 800px\" \/><\/p>\n<p>Todos los pagos se gestionan a trav\u00e9s del <a href=\"https:\/\/www.paypal.com\/it\/webapps\/mpp\/paypal-safety-and-security\"><strong>Paypal<\/strong><\/a>. Adem\u00e1s, aunque no dispongas de Paypal, puedes pagar sin necesidad de registrarte y guardar tus credenciales. Todo lo que tienes que hacer es introducir tus datos en las p\u00e1ginas de Paypal.<\/p>\n<p>En ning\u00fan caso <a href=\"http:\/\/www.elettrowebstore.com\"><strong>ElettroWebStore<\/strong><\/a> gestionar los datos de sus tarjetas de pago o darse cuenta de ellos. De hecho <a href=\"http:\/\/www.elettrowebstore.com\"><strong>ElettroWebStore<\/strong><\/a> s\u00f3lo ver\u00e1 si el pago se ha efectuado o no.<\/p>\n<p>Nuestro sitio utiliza protocolos HTTPS, que garantizan un alto nivel de seguridad para los usuarios.<\/p>","protected":false},"excerpt":{"rendered":"<p><span class=\"fontstyle0\">Sombrilla Ponente 2,50 x 2,50 m G966, cubierta de olefina 190 gr. , m\u00e1stil central de aluminio, disponible en varios colores<strong> Env\u00edo gratuito incluido.<\/strong><\/span><\/p>","protected":false},"featured_media":177964,"template":"","meta":[],"product_brand":[],"product_cat":[18],"product_tag":[387,882,334,788,335,2466,338,1637,818],"class_list":{"0":"post-177991","1":"product","2":"type-product","3":"status-publish","4":"has-post-thumbnail","6":"product_cat-arredo_giardino_esterno_outdoor","7":"product_tag-alluminio","8":"product_tag-arredamento","9":"product_tag-arredo","10":"product_tag-copertura","11":"product_tag-esterno","12":"product_tag-g966","13":"product_tag-giardino","14":"product_tag-ombrellone","15":"product_tag-outdoor","16":"product_shipping_class-garden","18":"first","19":"instock","20":"taxable","21":"shipping-taxable","22":"purchasable","23":"product-type-variable","24":"has-default-attributes"},"_links":{"self":[{"href":"https:\/\/www.elettrowebstore.com\/es\/wp-json\/wp\/v2\/product\/177991","targetHints":{"allow":["GET"]}}],"collection":[{"href":"https:\/\/www.elettrowebstore.com\/es\/wp-json\/wp\/v2\/product"}],"about":[{"href":"https:\/\/www.elettrowebstore.com\/es\/wp-json\/wp\/v2\/types\/product"}],"wp:featuredmedia":[{"embeddable":true,"href":"https:\/\/www.elettrowebstore.com\/es\/wp-json\/wp\/v2\/media\/177964"}],"wp:attachment":[{"href":"https:\/\/www.elettrowebstore.com\/es\/wp-json\/wp\/v2\/media?parent=177991"}],"wp:term":[{"taxonomy":"product_brand","embeddable":true,"href":"https:\/\/www.elettrowebstore.com\/es\/wp-json\/wp\/v2\/product_brand?post=177991"},{"taxonomy":"product_cat","embeddable":true,"href":"https:\/\/www.elettrowebstore.com\/es\/wp-json\/wp\/v2\/product_cat?post=177991"},{"taxonomy":"product_tag","embeddable":true,"href":"https:\/\/www.elettrowebstore.com\/es\/wp-json\/wp\/v2\/product_tag?post=177991"}],"curies":[{"name":"wp","href":"https:\/\/api.w.org\/{rel}","templated":true}]}}