{"id":177819,"date":"2022-04-27T15:55:30","date_gmt":"2022-04-27T13:55:30","guid":{"rendered":"https:\/\/www.elettrowebstore.com\/?post_type=product&#038;p=177819"},"modified":"2023-03-01T16:52:34","modified_gmt":"2023-03-01T15:52:34","slug":"brandina-con-tettuccio-in-alluminio-tortora-clat41t","status":"publish","type":"product","link":"https:\/\/www.elettrowebstore.com\/es\/shop\/cuna-con-capota-de-aluminio-gris-tortola-clat41t\/","title":{"rendered":"Cuna con capota de aluminio gris t\u00f3rtola CLAT41T"},"content":{"rendered":"<h2><strong>Cuna con capota de aluminio gris t\u00f3rtola CLAT41T <\/strong><\/h2>\n<p>La Tumbona de Aluminio con Toldo CLAT41T Topo es ideal para amueblar y dar un toque acogedor a su espacio exterior. <span class=\"fontstyle0\">La linealidad del dise\u00f1o moderno hace que se adapte a cualquier estilo de decoraci\u00f3n. <\/span><\/p>\n<p><img loading=\"lazy\" decoding=\"async\" class=\"size-full wp-image-177826 aligncenter\" src=\"https:\/\/res.cloudinary.com\/dl3yepmtd\/images\/w_600,h_600,c_fill\/v1651068790\/MOICLAT41T\/brandina-con-tettuccio-in-alluminio-tortora-CLAT41T-1\/brandina-con-tettuccio-in-alluminio-tortora-CLAT41T-1.jpg?_i=AA\" alt=\"Cuna con capota de aluminio gris t\u00f3rtola CLAT41T\" width=\"600\" height=\"600\" srcset=\"https:\/\/www.elettrowebstore.com\/EWS_Store\/wp-content\/uploads\/brandina-con-tettuccio-in-alluminio-tortora-CLAT41T-1.jpg 600w, https:\/\/www.elettrowebstore.com\/EWS_Store\/wp-content\/uploads\/brandina-con-tettuccio-in-alluminio-tortora-CLAT41T-1-200x200.jpg 200w, https:\/\/www.elettrowebstore.com\/EWS_Store\/wp-content\/uploads\/brandina-con-tettuccio-in-alluminio-tortora-CLAT41T-1-100x100.jpg 100w\" sizes=\"auto, (max-width: 600px) 100vw, 600px\" \/><\/p>\n<p>&nbsp;<\/p>\n<h2><strong>Descripci\u00f3n Cuna con capota de aluminio gris t\u00f3rtola CLAT41T<br \/>\n<\/strong><\/h2>\n<p>La cama con dosel CLAT41T de aluminio color t\u00f3rtola tiene un armaz\u00f3n de tres patas de aluminio blanco. El asiento de color t\u00f3rtola es de <strong> textilene <\/strong>600gr. El textileno es un material compuesto por fibras de poli\u00e9ster tejidas recubiertas de una funda de PVC.<\/p>\n<p>Sus dimensiones son 193 cm de longitud, 30 cm de altura (del suelo al asiento) y el asiento tiene 59 cm de ancho. Esta cuna est\u00e1 equipada con un dosel.<\/p>\n<p>El aluminio es uno de los materiales m\u00e1s utilizados para muebles de exterior, hace que el producto sea vers\u00e1til y resistente a la intemperie y no requiere mucho mantenimiento. De hecho, este material es m\u00e1s resistente a la oxidaci\u00f3n. El aluminio tambi\u00e9n es m\u00e1s ligero y, por tanto, m\u00e1s f\u00e1cil de mover.<\/p>\n<p>No obstante, se recomienda guardar el art\u00edculo cuando no se utilice y protegerlo de la lluvia<\/p>\n<div>\n<p>&nbsp;<\/p>\n<\/div>\n<h2><strong>Especificaciones t\u00e9cnicas<\/strong><\/h2>\n<ul>\n<li>Marco de aluminio de tres patas gris t\u00f3rtola<\/li>\n<li>Dimensiones 193\u00d759 h30 cm (del suelo al asiento)<\/li>\n<li>Con toldo<\/li>\n<li>Asiento de textileno gris t\u00f3rtola de 600 g<\/li>\n<li>Pr\u00e1ctico y vers\u00e1til<\/li>\n<li>Asientos c\u00f3modos<\/li>\n<li>F\u00e1cil limpieza<\/li>\n<li>Fabricado en China<\/li>\n<\/ul>\n<p>&nbsp;<\/p>\n<p>&nbsp;<\/p>\n<h2><strong>Detalles de la Cuna con capota de aluminio gris t\u00f3rtola CLAT41T<br \/>\n<\/strong><\/h2>\n<p>El producto se suministra <strong>en kit<\/strong>. El montaje de Brandina con tejadillo de aluminio gris paloma CLAT41T es responsabilidad del cliente. Toda la torniller\u00eda necesaria est\u00e1 incluida en el paquete. Si faltara alguna pieza peque\u00f1a (puede ocurrir en raras ocasiones), se puede encontrar f\u00e1cilmente en ferreter\u00edas.<\/p>\n<p>&nbsp;<\/p>\n<h2><strong>Garant\u00eda<\/strong><\/h2>\n<p>La cama con dosel de aluminio CLAT41T en gris t\u00f3rtola est\u00e1 cubierta por <a href=\"https:\/\/www.elettrowebstore.com\/due-anni-di-garanzia-su-ogni-prodotto-acquistato\/\"><strong>garant\u00eda legal<\/strong><\/a>seg\u00fan la p\u00e1gina correspondiente de nuestro sitio web, que le invitamos a leer. Tambi\u00e9n proporcionamos informaci\u00f3n clara sobre el ejercicio de la <a href=\"https:\/\/www.elettrowebstore.com\/diritto-di-recesso-restituzione-prodotti\/\"><strong>derecho de retractaci\u00f3n<\/strong><\/a>.<\/p>\n<p>No existen Centros de Asistencia T\u00e9cnica Autorizados (CAT) en el territorio nacional para los productos de mobiliario de jard\u00edn. La instalaci\u00f3n de los productos y de las piezas de recambio es responsabilidad exclusiva del comprador.<\/p>\n<p><strong>Los productos de mobiliario de exterior, aunque est\u00e1n dise\u00f1ados para estar al aire libre, tambi\u00e9n necesitan cuidados y atenci\u00f3n<\/strong>especialmente en el caso de art\u00edculos fabricados con materiales delicados. Por lo tanto, comprar un producto de jard\u00edn no significa comprar un art\u00edculo indestructible o que no necesite mantenimiento. Al contrario, algunos materiales como maderas, resinas, acero no galvanizado requieren cuidados, limpieza, atenci\u00f3n. Art\u00edculos como sombrillas y cenadores exigen evitar el efecto vela cuando hace mal tiempo (las sombrillas deben estar cerradas). En caso de fuertes lluvias o nevadas, las estructuras pueden no ser lo bastante resistentes para soportarlo.<\/p>\n<p>Por lo tanto, antes de comprar, instamos a todos los clientes a que eval\u00faen detenidamente sus necesidades y las cualidades del producto.<\/p>\n<p>De hecho, ni los fabricantes ni ElettroWebStore pueden sustituir en garant\u00eda o servicio art\u00edculos que, aunque hayan sido comprados recientemente, est\u00e9n desgastados o se hayan deteriorado respecto a su estado original.<\/p>\n<p>Encontrar\u00e1 m\u00e1s informaci\u00f3n sobre la legislaci\u00f3n pertinente en el sitio web de la<a href=\"http:\/\/www.agcm.it\/consumatore\/decalogo\/5102-garanzia-del-venditore-guida-per-il-consumatore.html\"><strong>Autoridad de Competencia y Mercado<\/strong><\/a>.<\/p>\n<p>Con el fin de mejorar la calidad del producto, el fabricante se reserva el derecho de modificar los materiales y las caracter\u00edsticas t\u00e9cnicas del art\u00edculo sin previo aviso.  Adem\u00e1s, las descripciones e im\u00e1genes que aqu\u00ed se ofrecen son, por tanto, orientativas y pueden variar ligeramente respecto al producto final.<\/p>\n<p>&nbsp;<\/p>\n<h2><strong>Plazo de entrega y disponibilidad de los productos<br \/>\n<\/strong><\/h2>\n<p>Los productos de mobiliario de exterior son importados. Su disponibilidad puede variar sin previo aviso, aunque en el sitio web se indique que los productos est\u00e1n disponibles. Por esta raz\u00f3n, en caso de urgencia o de informaci\u00f3n m\u00e1s detallada, le invitamos a <a href=\"https:\/\/www.elettrowebstore.com\/contatta-lo-staff-di-elettrowebstore\/\"><strong>p\u00f3ngase en contacto con nosotros por correo electr\u00f3nico<\/strong><\/a> para m\u00e1s aclaraciones.<\/p>\n<p>Si el producto est\u00e1 disponible para entrega inmediata en uno de nuestros almacenes, se puede pedir inmediatamente. A continuaci\u00f3n, se env\u00eda desde ElettroWebStore<strong> en un plazo de 10 d\u00edas laborables a partir de la fecha de compra<\/strong>.<\/p>\n<p>Adem\u00e1s, todos los env\u00edos de ElettroWebStore est\u00e1n exentos de gastos de env\u00edo.<\/p>\n<p>Adem\u00e1s de los transportistas mencionados a continuaci\u00f3n, ElettroWebStore tambi\u00e9n utiliza otros transportistas de \u00e1mbito nacional con corresponsales locales para el env\u00edo de art\u00edculos de gran volumen. Estos \u00faltimos suelen estar especializados en el env\u00edo y la entrega de art\u00edculos voluminosos, ya que disponen de corresponsales locales espec\u00edficos en el territorio nacional.<\/p>\n<p>Se lo recordamos:<\/p>\n<ol>\n<li>Las mercanc\u00edas se entregan en la planta baja que da a la calle. No hay entrega en el suelo a menos que se acuerde espec\u00edficamente con ElettroWebStore;<\/li>\n<li>Teniendo en cuenta el volumen de muchos art\u00edculos de mobiliario de exterior, siempre es una buena idea evaluar cuidadosamente los paquetes antes de descargarlos, anotando en el documento de transporte o en la terminal del transportista cualquier defecto externo del producto.<\/li>\n<\/ol>\n<p><img loading=\"lazy\" decoding=\"async\" class=\"aligncenter size-full wp-image-41372\" src=\"https:\/\/www.elettrowebstore.com\/EWS_Store\/wp-content\/uploads\/.\/elettrowebstore-spedizione-con-corrieri-brt-sda-dhl-nexive-ld.jpg\" alt=\"Estos son los transportistas con los que ElettroWebStore.com realiza sus env\u00edos\" width=\"800\" height=\"189\" srcset=\"https:\/\/www.elettrowebstore.com\/EWS_Store\/wp-content\/uploads\/elettrowebstore-spedizione-con-corrieri-brt-sda-dhl-nexive-ld.jpg 800w, https:\/\/www.elettrowebstore.com\/EWS_Store\/wp-content\/uploads\/elettrowebstore-spedizione-con-corrieri-brt-sda-dhl-nexive-ld-600x142.jpg 600w, https:\/\/www.elettrowebstore.com\/EWS_Store\/wp-content\/uploads\/elettrowebstore-spedizione-con-corrieri-brt-sda-dhl-nexive-ld-768x181.jpg 768w\" sizes=\"auto, (max-width: 800px) 100vw, 800px\" \/><\/p>\n<p>&nbsp;<\/p>\n<h2><strong>Formas de pago aceptadas<\/strong><\/h2>\n<p><strong>En el sitio web de ElettroWebStore puede pagar con todos los m\u00e9todos habituales<\/strong>tanto espec\u00edficas de Internet (como las tarjetas prepago) como tradicionales (como las tarjetas de cr\u00e9dito cl\u00e1sicas).<\/p>\n<p><img loading=\"lazy\" decoding=\"async\" class=\"aligncenter size-full wp-image-41371\" src=\"https:\/\/www.elettrowebstore.com\/EWS_Store\/wp-content\/uploads\/.\/elettrowebstore-pagamenti-accettati-ld.jpg\" alt=\"Estos son los m\u00e9todos de pago aceptados por ElettroWebStore.com\" width=\"800\" height=\"199\" srcset=\"https:\/\/www.elettrowebstore.com\/EWS_Store\/wp-content\/uploads\/elettrowebstore-pagamenti-accettati-ld.jpg 800w, https:\/\/www.elettrowebstore.com\/EWS_Store\/wp-content\/uploads\/elettrowebstore-pagamenti-accettati-ld-600x149.jpg 600w, https:\/\/www.elettrowebstore.com\/EWS_Store\/wp-content\/uploads\/elettrowebstore-pagamenti-accettati-ld-768x191.jpg 768w\" sizes=\"auto, (max-width: 800px) 100vw, 800px\" \/><\/p>\n<p>&nbsp;<\/p>\n<p>Todos los pagos se gestionan a trav\u00e9s del <a href=\"https:\/\/www.paypal.com\/it\/webapps\/mpp\/paypal-safety-and-security\"><strong>Paypal<\/strong><\/a>. Adem\u00e1s, aunque no dispongas de Paypal, puedes pagar sin necesidad de registrarte y guardar tus credenciales. Todo lo que tienes que hacer es introducir tus datos en las p\u00e1ginas de Paypal.<\/p>\n<p>En ning\u00fan caso <a href=\"http:\/\/www.elettrowebstore.com\"><strong>ElettroWebStore<\/strong><\/a> gestionar los datos de sus tarjetas de pago o darse cuenta de ellos. De hecho <a href=\"http:\/\/www.elettrowebstore.com\"><strong>ElettroWebStore<\/strong><\/a> s\u00f3lo ver\u00e1 si el pago se ha efectuado o no.<\/p>\n<p>Nuestro sitio utiliza protocolos HTTPS, que garantizan un alto nivel de seguridad para los usuarios.<\/p>","protected":false},"excerpt":{"rendered":"<p>Tumbona con dosel de aluminio color t\u00f3rtola CLAT41T , estructura de tres patas de aluminio, textilene <span class=\"fontstyle0\" style=\"color: #ed1c24;\"><strong>Env\u00edo gratuito incluido.<\/strong><\/span><\/p>","protected":false},"featured_media":177826,"template":"","meta":[],"product_brand":[],"product_cat":[18],"product_tag":[882,334,2462,2461,335,879,338,1459,818,432,2340],"class_list":{"0":"post-177819","1":"product","2":"type-product","3":"status-publish","4":"has-post-thumbnail","6":"product_cat-arredo_giardino_esterno_outdoor","7":"product_tag-arredamento","8":"product_tag-arredo","9":"product_tag-brandina","10":"product_tag-clat41t","11":"product_tag-esterno","12":"product_tag-garden","13":"product_tag-giardino","14":"product_tag-lettino","15":"product_tag-outdoor","16":"product_tag-ruote","17":"product_tag-tortora","18":"product_shipping_class-garden","20":"first","21":"instock","22":"taxable","23":"shipping-taxable","24":"purchasable","25":"product-type-simple"},"_links":{"self":[{"href":"https:\/\/www.elettrowebstore.com\/es\/wp-json\/wp\/v2\/product\/177819","targetHints":{"allow":["GET"]}}],"collection":[{"href":"https:\/\/www.elettrowebstore.com\/es\/wp-json\/wp\/v2\/product"}],"about":[{"href":"https:\/\/www.elettrowebstore.com\/es\/wp-json\/wp\/v2\/types\/product"}],"wp:featuredmedia":[{"embeddable":true,"href":"https:\/\/www.elettrowebstore.com\/es\/wp-json\/wp\/v2\/media\/177826"}],"wp:attachment":[{"href":"https:\/\/www.elettrowebstore.com\/es\/wp-json\/wp\/v2\/media?parent=177819"}],"wp:term":[{"taxonomy":"product_brand","embeddable":true,"href":"https:\/\/www.elettrowebstore.com\/es\/wp-json\/wp\/v2\/product_brand?post=177819"},{"taxonomy":"product_cat","embeddable":true,"href":"https:\/\/www.elettrowebstore.com\/es\/wp-json\/wp\/v2\/product_cat?post=177819"},{"taxonomy":"product_tag","embeddable":true,"href":"https:\/\/www.elettrowebstore.com\/es\/wp-json\/wp\/v2\/product_tag?post=177819"}],"curies":[{"name":"wp","href":"https:\/\/api.w.org\/{rel}","templated":true}]}}