{"id":177272,"date":"2022-04-22T12:09:32","date_gmt":"2022-04-22T10:09:32","guid":{"rendered":"https:\/\/www.elettrowebstore.com\/?post_type=product&#038;p=177272"},"modified":"2023-02-10T17:54:11","modified_gmt":"2023-02-10T16:54:11","slug":"ombrellone-florida-3-x-3-mt-con-palo-laterale-antracite-e5011g","status":"publish","type":"product","link":"https:\/\/www.elettrowebstore.com\/es\/shop\/florida-sombrilla-3-x-3-m-con-mastil-lateral-antracita-e5011g\/","title":{"rendered":"Parasol Florida 3 x 3 m con m\u00e1stil lateral antracita E5011G"},"content":{"rendered":"<h2><strong>Parasol Florida 3 x 3 m con m\u00e1stil lateral antracita E5011G <\/strong><\/h2>\n<p>La nueva sombrilla Florida 3 x 3 m con m\u00e1stil lateral antracita E5011G es una soluci\u00f3n ideal para el mobiliario de exterior; puede colocarse en el jard\u00edn o junto a la piscina, por ejemplo. Su s\u00f3lida estructura de aluminio consta de <strong>poste lateral<\/strong> con base en cruz y 8 varillas. El mecanismo de apertura es giratorio. La funda de la sombrilla es de poli\u00e9ster de 180 g de color crudo.<\/p>\n<p>Esta sombrilla har\u00e1 que su espacio exterior sea \u00fanico, \u00a1con gusto y sofisticaci\u00f3n!<\/p>\n<p><strong>ATENCI\u00d3N: LAS BALDOSAS BASE QUE SE VEN EN LA FOTO NO EST\u00c1N INCLUIDAS EN EL PAQUETE DE VENTA. DEBEN ADQUIRIRSE POR SEPARADO.<\/strong><\/p>\n<p><img loading=\"lazy\" decoding=\"async\" class=\"size-full wp-image-177282 aligncenter\" src=\"https:\/\/res.cloudinary.com\/dl3yepmtd\/images\/w_600,h_600,c_fill\/v1650622894\/MOIE5011G\/ombrellone-florida-3x3-palo-laterale-antracite-E5011G-1\/ombrellone-florida-3x3-palo-laterale-antracite-E5011G-1.jpg?_i=AA\" alt=\"Parasol Florida 3 x 3 m con m\u00e1stil lateral antracita E5011G\" width=\"600\" height=\"600\" srcset=\"https:\/\/www.elettrowebstore.com\/EWS_Store\/wp-content\/uploads\/ombrellone-florida-3x3-palo-laterale-antracite-E5011G-1.jpg 600w, https:\/\/www.elettrowebstore.com\/EWS_Store\/wp-content\/uploads\/ombrellone-florida-3x3-palo-laterale-antracite-E5011G-1-200x200.jpg 200w, https:\/\/www.elettrowebstore.com\/EWS_Store\/wp-content\/uploads\/ombrellone-florida-3x3-palo-laterale-antracite-E5011G-1-100x100.jpg 100w\" sizes=\"auto, (max-width: 600px) 100vw, 600px\" \/><\/p>\n<h2><strong>Descripci\u00f3n Sombrilla Florida 3 x 3 m con m\u00e1stil lateral antracita E5011G<br \/>\n<\/strong><\/h2>\n<p>El Parasol Florida 3 x 3 m con m\u00e1stil lateral antracita E5011G tiene una s\u00f3lida estructura formada por un <strong>poste lateral de aluminio <\/strong>en color antracita de 45\u00d765 mm con 8 varillas.<\/p>\n<p>La estructura de aluminio tiene varias ventajas: es m\u00e1s ligera, pero resistente a la intemperie y no requiere mucho mantenimiento.<\/p>\n<p>El parasol E5011G tiene volante y paravientos.<\/p>\n<p>La <strong>cobertura <\/strong>de 180 gr<strong>.<\/strong> proporciona una excelente protecci\u00f3n contra los rayos del sol y tiene un color crudo.<\/p>\n<p>Una sombrilla con m\u00e1stil lateral es m\u00e1s adecuada para jardines con m\u00e1s espacio que las sombrillas con m\u00e1stil central. \u00c9stas son adecuadas para espacios m\u00e1s peque\u00f1os, como una terraza. Adem\u00e1s, el m\u00e1stil descentrado se recomienda para zonas m\u00e1s ventosas, ya que el soporte sujeta la estructura desde el exterior.<\/p>\n<p>&nbsp;<\/p>\n<h2><strong>Especificaciones t\u00e9cnicas<\/strong><\/h2>\n<ul>\n<li><span class=\"fontstyle0\">Sombrilla m. 3\u00d73<br \/>\n<\/span><\/li>\n<li>P\u00e9rtiga lateral de aluminio gris antracita de 45\u00d765 mm con manivela<\/li>\n<li>Funda de poli\u00e9ster de 180 g de color crudo.<\/li>\n<li>8 varillas 12\u00d722 mm<\/li>\n<li>Con volante y parabrisas<\/li>\n<li>Altura m\u00e1xima con base 2,63 metros<\/li>\n<li>Base transversal <strong>los azulejos no est\u00e1n incluidos<\/strong><\/li>\n<li>Embalaje: 1 paquete<\/li>\n<li>Robusto y resistente<\/li>\n<li>Fabricado en China<\/li>\n<\/ul>\n<h2><\/h2>\n<h2><strong>Garant\u00eda<\/strong><\/h2>\n<p>El Parasol Florida 3 x 3 m con m\u00e1stil lateral antracita E5011G est\u00e1 cubierto por <a href=\"https:\/\/www.elettrowebstore.com\/due-anni-di-garanzia-su-ogni-prodotto-acquistato\/\"><strong>garant\u00eda legal<\/strong><\/a>seg\u00fan la p\u00e1gina correspondiente de nuestro sitio web, que le invitamos a leer. Tambi\u00e9n proporcionamos informaci\u00f3n clara sobre el ejercicio de la <a href=\"https:\/\/www.elettrowebstore.com\/diritto-di-recesso-restituzione-prodotti\/\"><strong>derecho de retractaci\u00f3n<\/strong><\/a>.<\/p>\n<p>No existen Centros de Asistencia T\u00e9cnica Autorizados (CAT) en el territorio nacional para los productos de mobiliario de jard\u00edn. La instalaci\u00f3n de los productos y de las piezas de recambio es responsabilidad exclusiva del comprador.<\/p>\n<p><strong>Los productos de mobiliario de exterior, aunque est\u00e1n dise\u00f1ados para estar al aire libre, tambi\u00e9n necesitan cuidados y atenci\u00f3n<\/strong>especialmente en el caso de art\u00edculos fabricados con materiales delicados. Por lo tanto, comprar un producto de jard\u00edn no significa comprar un art\u00edculo indestructible o que no necesite mantenimiento. Al contrario, algunos materiales como maderas, resinas, acero no galvanizado requieren cuidados, limpieza, atenci\u00f3n. Art\u00edculos como sombrillas y cenadores exigen evitar el efecto vela cuando hace mal tiempo (las sombrillas deben estar cerradas). En caso de fuertes lluvias o nevadas, las estructuras pueden no ser lo bastante resistentes para soportarlo.<\/p>\n<p>Por lo tanto, antes de comprar, instamos a todos los clientes a que eval\u00faen detenidamente sus necesidades y las cualidades del producto.<\/p>\n<p>De hecho, ni los fabricantes ni ElettroWebStore pueden sustituir en garant\u00eda o servicio art\u00edculos que, aunque hayan sido comprados recientemente, est\u00e9n desgastados o se hayan deteriorado respecto a su estado original.<\/p>\n<p>Encontrar\u00e1 m\u00e1s informaci\u00f3n sobre la legislaci\u00f3n pertinente en el sitio web de la<a href=\"http:\/\/www.agcm.it\/consumatore\/decalogo\/5102-garanzia-del-venditore-guida-per-il-consumatore.html\"><strong>Autoridad de Competencia y Mercado<\/strong><\/a>.<\/p>\n<p>Con el fin de mejorar la calidad del producto, el fabricante se reserva el derecho de modificar los materiales y las caracter\u00edsticas t\u00e9cnicas del art\u00edculo sin previo aviso.  Adem\u00e1s, las descripciones e im\u00e1genes que aqu\u00ed se ofrecen son, por tanto, orientativas y pueden variar ligeramente respecto al producto final.<\/p>\n<p>&nbsp;<\/p>\n<h2><strong>Plazo de entrega y disponibilidad de los productos<br \/>\n<\/strong><\/h2>\n<p>Los productos de mobiliario de exterior son importados. Su disponibilidad puede variar sin previo aviso, aunque en el sitio web se indique que los productos est\u00e1n disponibles. Por esta raz\u00f3n, en caso de urgencia o de informaci\u00f3n m\u00e1s detallada, le invitamos a <a href=\"https:\/\/www.elettrowebstore.com\/contatta-lo-staff-di-elettrowebstore\/\"><strong>p\u00f3ngase en contacto con nosotros por correo electr\u00f3nico<\/strong><\/a> para m\u00e1s aclaraciones.<\/p>\n<p>Si el producto est\u00e1 disponible para entrega inmediata en uno de nuestros almacenes, se puede pedir inmediatamente. A continuaci\u00f3n, se env\u00eda desde ElettroWebStore<strong> en un plazo de 10 d\u00edas laborables a partir de la fecha de compra<\/strong>.<\/p>\n<p>Adem\u00e1s, todos los env\u00edos de ElettroWebStore est\u00e1n exentos de gastos de env\u00edo.<\/p>\n<p>Adem\u00e1s de los transportistas mencionados a continuaci\u00f3n, ElettroWebStore tambi\u00e9n utiliza otros transportistas de \u00e1mbito nacional con corresponsales locales para el env\u00edo de art\u00edculos de gran volumen. Estos \u00faltimos suelen estar especializados en el env\u00edo y la entrega de art\u00edculos voluminosos, ya que disponen de corresponsales locales espec\u00edficos en el territorio nacional.<\/p>\n<p>Se lo recordamos:<\/p>\n<ol>\n<li>Las mercanc\u00edas se entregan en la planta baja que da a la calle. No hay entrega en el suelo a menos que se acuerde espec\u00edficamente con ElettroWebStore;<\/li>\n<li>Teniendo en cuenta el volumen de muchos art\u00edculos de mobiliario de exterior, siempre es una buena idea evaluar cuidadosamente los paquetes antes de descargarlos, anotando en el documento de transporte o en la terminal del transportista cualquier defecto externo del producto.<\/li>\n<\/ol>\n<p><img loading=\"lazy\" decoding=\"async\" class=\"aligncenter size-full wp-image-41372\" src=\"https:\/\/www.elettrowebstore.com\/EWS_Store\/wp-content\/uploads\/.\/elettrowebstore-spedizione-con-corrieri-brt-sda-dhl-nexive-ld.jpg\" alt=\"Estos son los transportistas con los que ElettroWebStore.com realiza sus env\u00edos\" width=\"800\" height=\"189\" srcset=\"https:\/\/www.elettrowebstore.com\/EWS_Store\/wp-content\/uploads\/elettrowebstore-spedizione-con-corrieri-brt-sda-dhl-nexive-ld.jpg 800w, https:\/\/www.elettrowebstore.com\/EWS_Store\/wp-content\/uploads\/elettrowebstore-spedizione-con-corrieri-brt-sda-dhl-nexive-ld-600x142.jpg 600w, https:\/\/www.elettrowebstore.com\/EWS_Store\/wp-content\/uploads\/elettrowebstore-spedizione-con-corrieri-brt-sda-dhl-nexive-ld-768x181.jpg 768w\" sizes=\"auto, (max-width: 800px) 100vw, 800px\" \/><\/p>\n<p>&nbsp;<\/p>\n<h2><strong>Formas de pago aceptadas<\/strong><\/h2>\n<p><strong>En el sitio web de ElettroWebStore puede pagar con todos los m\u00e9todos habituales<\/strong>tanto espec\u00edficas de Internet (como las tarjetas prepago) como tradicionales (como las tarjetas de cr\u00e9dito cl\u00e1sicas).<\/p>\n<p><img loading=\"lazy\" decoding=\"async\" class=\"aligncenter size-full wp-image-41371\" src=\"https:\/\/www.elettrowebstore.com\/EWS_Store\/wp-content\/uploads\/.\/elettrowebstore-pagamenti-accettati-ld.jpg\" alt=\"Estos son los m\u00e9todos de pago aceptados por ElettroWebStore.com\" width=\"800\" height=\"199\" srcset=\"https:\/\/www.elettrowebstore.com\/EWS_Store\/wp-content\/uploads\/elettrowebstore-pagamenti-accettati-ld.jpg 800w, https:\/\/www.elettrowebstore.com\/EWS_Store\/wp-content\/uploads\/elettrowebstore-pagamenti-accettati-ld-600x149.jpg 600w, https:\/\/www.elettrowebstore.com\/EWS_Store\/wp-content\/uploads\/elettrowebstore-pagamenti-accettati-ld-768x191.jpg 768w\" sizes=\"auto, (max-width: 800px) 100vw, 800px\" \/><\/p>\n<p>Todos los pagos se gestionan a trav\u00e9s del <a href=\"https:\/\/www.paypal.com\/it\/webapps\/mpp\/paypal-safety-and-security\"><strong>Paypal<\/strong><\/a>. Adem\u00e1s, aunque no dispongas de Paypal, puedes pagar sin necesidad de registrarte y guardar tus credenciales. Todo lo que tienes que hacer es introducir tus datos en las p\u00e1ginas de Paypal.<\/p>\n<p>En ning\u00fan caso <a href=\"http:\/\/www.elettrowebstore.com\"><strong>ElettroWebStore<\/strong><\/a> gestionar los datos de sus tarjetas de pago o darse cuenta de ellos. De hecho <a href=\"http:\/\/www.elettrowebstore.com\"><strong>ElettroWebStore<\/strong><\/a> s\u00f3lo ver\u00e1 si el pago se ha efectuado o no.<\/p>\n<p>Nuestro sitio utiliza protocolos HTTPS, que garantizan un alto nivel de seguridad para los usuarios.<\/p>","protected":false},"excerpt":{"rendered":"<p>Parasol Florida 3 x 3 m con m\u00e1stil lateral antracita E5011G, eje de aluminio antracita, con manivela, funda de poli\u00e9ster 180 g crudo<\/p>","protected":false},"featured_media":177282,"template":"","meta":[],"product_brand":[],"product_cat":[18],"product_tag":[177,2318,882,334,788,2444,2339,335,338,832,1637,818,2309],"class_list":{"0":"post-177272","1":"product","2":"type-product","3":"status-publish","4":"has-post-thumbnail","6":"product_cat-arredo_giardino_esterno_outdoor","7":"product_tag-3x3","8":"product_tag-antracite","9":"product_tag-arredamento","10":"product_tag-arredo","11":"product_tag-copertura","12":"product_tag-e5011g","13":"product_tag-ecru","14":"product_tag-esterno","15":"product_tag-giardino","16":"product_tag-manovella","17":"product_tag-ombrellone","18":"product_tag-outdoor","19":"product_tag-palo-laterale","20":"product_shipping_class-garden","22":"first","23":"instock","24":"taxable","25":"shipping-taxable","26":"purchasable","27":"product-type-simple"},"_links":{"self":[{"href":"https:\/\/www.elettrowebstore.com\/es\/wp-json\/wp\/v2\/product\/177272","targetHints":{"allow":["GET"]}}],"collection":[{"href":"https:\/\/www.elettrowebstore.com\/es\/wp-json\/wp\/v2\/product"}],"about":[{"href":"https:\/\/www.elettrowebstore.com\/es\/wp-json\/wp\/v2\/types\/product"}],"wp:featuredmedia":[{"embeddable":true,"href":"https:\/\/www.elettrowebstore.com\/es\/wp-json\/wp\/v2\/media\/177282"}],"wp:attachment":[{"href":"https:\/\/www.elettrowebstore.com\/es\/wp-json\/wp\/v2\/media?parent=177272"}],"wp:term":[{"taxonomy":"product_brand","embeddable":true,"href":"https:\/\/www.elettrowebstore.com\/es\/wp-json\/wp\/v2\/product_brand?post=177272"},{"taxonomy":"product_cat","embeddable":true,"href":"https:\/\/www.elettrowebstore.com\/es\/wp-json\/wp\/v2\/product_cat?post=177272"},{"taxonomy":"product_tag","embeddable":true,"href":"https:\/\/www.elettrowebstore.com\/es\/wp-json\/wp\/v2\/product_tag?post=177272"}],"curies":[{"name":"wp","href":"https:\/\/api.w.org\/{rel}","templated":true}]}}