{"id":176661,"date":"2022-04-20T10:49:21","date_gmt":"2022-04-20T08:49:21","guid":{"rendered":"https:\/\/www.elettrowebstore.com\/?post_type=product&#038;p=176661"},"modified":"2023-03-01T16:17:49","modified_gmt":"2023-03-01T15:17:49","slug":"tavolo-san-vincenzo-80x80-a-doghe-in-alluminio-bianco-sta23b","status":"publish","type":"product","link":"https:\/\/www.elettrowebstore.com\/es\/shop\/mesa-de-lamas-de-aluminio-san-vincenzo-80x80-blanca-sta23b\/","title":{"rendered":"Mesa San Vincenzo 80\u00d780 lamas aluminio blanco STA23B"},"content":{"rendered":"<h2><strong>Mesa San Vincenzo 80\u00d780 lamas aluminio blanco STA23B<\/strong><\/h2>\n<p>Vincent 80\u00d780 STA23B es una mesa de jard\u00edn cuadrada para cuatro personas.<\/p>\n<p>Este modelo es de color blanco y, gracias a su reducido tama\u00f1o, puede colocarse en entornos como un jard\u00edn o terrazas de tama\u00f1o peque\u00f1o o mediano.<\/p>\n<p>Tiene un tablero de 80 cent\u00edmetros de ancho y 80 cent\u00edmetros de fondo, con una altura desde el suelo de 76 cent\u00edmetros. Se trata de una mesa con tablero de listones.<\/p>\n<p>El aluminio es uno de los materiales m\u00e1s utilizados para muebles de exterior, por lo que es vers\u00e1til y resistente a la intemperie y no requiere mucho mantenimiento. De hecho, es m\u00e1s resistente a la oxidaci\u00f3n. El aluminio tambi\u00e9n es m\u00e1s ligero y, por tanto, m\u00e1s f\u00e1cil de mover.<\/p>\n<p>Sin embargo, es aconsejable guardarlo cuando no se utilice y resguardarlo de la lluvia.<\/p>\n<p><img loading=\"lazy\" decoding=\"async\" class=\"size-full wp-image-176671 aligncenter\" src=\"https:\/\/res.cloudinary.com\/dl3yepmtd\/images\/w_600,h_600,c_fill\/v1650445370\/MOISTA23B\/tavolo-san-vincenzo-piano-a-doghe-80x80-in-alluminio-STA23B-1\/tavolo-san-vincenzo-piano-a-doghe-80x80-in-alluminio-STA23B-1.jpg?_i=AA\" alt=\"San Vincenzo Mesa de lamas de aluminio blanco 80x80 STA23B\" width=\"600\" height=\"600\" srcset=\"https:\/\/www.elettrowebstore.com\/EWS_Store\/wp-content\/uploads\/tavolo-san-vincenzo-piano-a-doghe-80x80-in-alluminio-STA23B-1.jpg 600w, https:\/\/www.elettrowebstore.com\/EWS_Store\/wp-content\/uploads\/tavolo-san-vincenzo-piano-a-doghe-80x80-in-alluminio-STA23B-1-200x200.jpg 200w, https:\/\/www.elettrowebstore.com\/EWS_Store\/wp-content\/uploads\/tavolo-san-vincenzo-piano-a-doghe-80x80-in-alluminio-STA23B-1-100x100.jpg 100w\" sizes=\"auto, (max-width: 600px) 100vw, 600px\" \/><\/p>\n<h2><strong>Especificaciones t\u00e9cnicas<\/strong><\/h2>\n<ul>\n<li>T<span class=\"fontstyle0\">avolo cm. 80\u00d780 x h. 76 con tablero de listones <\/span><span class=\"fontstyle0\">en aluminio blanco<br \/>\n<\/span><\/li>\n<li>La mesa se entrega en un kit de montaje<\/li>\n<li>Peso total kg 12,8<\/li>\n<li>Embalaje 84 x 83 x 12 cm<\/li>\n<li>Robusto y resistente<\/li>\n<li>F\u00e1cil limpieza<\/li>\n<li>Fabricado en China<\/li>\n<\/ul>\n<p>&nbsp;<\/p>\n<h2><strong>Detalles de la mesa San Vincenzo 80\u00d780 lamas aluminio blanco STA23B<\/strong><\/h2>\n<p>El producto se suministra <strong>en kit<\/strong>. El montaje de la mesa es responsabilidad del cliente. Toda la torniller\u00eda necesaria est\u00e1 incluida en el paquete. Si faltara alguna pieza peque\u00f1a (puede ocurrir en raras ocasiones), se puede encontrar f\u00e1cilmente en ferreter\u00edas.<\/p>\n<p>&nbsp;<\/p>\n<h2><strong>Garant\u00eda<\/strong><\/h2>\n<p>El producto est\u00e1 cubierto por <a href=\"https:\/\/www.elettrowebstore.com\/due-anni-di-garanzia-su-ogni-prodotto-acquistato\/\"><strong>garant\u00eda legal<\/strong><\/a>seg\u00fan la p\u00e1gina correspondiente de nuestro sitio web, que le invitamos a leer. Tambi\u00e9n proporcionamos informaci\u00f3n clara sobre el ejercicio de la <a href=\"https:\/\/www.elettrowebstore.com\/diritto-di-recesso-restituzione-prodotti\/\"><strong>derecho de retractaci\u00f3n<\/strong><\/a>.<\/p>\n<p>No existen Centros de Asistencia T\u00e9cnica Autorizados (CAT) en el territorio nacional para los productos de mobiliario de jard\u00edn. La instalaci\u00f3n de los productos y de las piezas de recambio es responsabilidad exclusiva del comprador.<\/p>\n<p><strong>Los productos de mobiliario de exterior, aunque est\u00e1n dise\u00f1ados para estar al aire libre, tambi\u00e9n necesitan cuidados y atenci\u00f3n<\/strong>especialmente en el caso de art\u00edculos fabricados con materiales delicados. Por lo tanto, comprar un producto de jard\u00edn no significa comprar un art\u00edculo indestructible o que no necesite mantenimiento. Al contrario, algunos materiales como maderas, resinas, acero no galvanizado requieren cuidados, limpieza, atenci\u00f3n. Art\u00edculos como sombrillas y cenadores exigen evitar el efecto vela cuando hace mal tiempo (las sombrillas deben estar cerradas). En caso de fuertes lluvias o nevadas, las estructuras pueden no ser lo bastante resistentes para soportarlo.<\/p>\n<p>Por lo tanto, antes de comprar, instamos a todos los clientes a que eval\u00faen detenidamente sus necesidades y las cualidades del producto.<\/p>\n<p>De hecho, ni los fabricantes ni ElettroWebStore pueden sustituir en garant\u00eda o servicio art\u00edculos que, aunque hayan sido comprados recientemente, est\u00e9n desgastados o se hayan deteriorado respecto a su estado original.<\/p>\n<p>Encontrar\u00e1 m\u00e1s informaci\u00f3n sobre la legislaci\u00f3n pertinente en el sitio web de la<a href=\"http:\/\/www.agcm.it\/consumatore\/decalogo\/5102-garanzia-del-venditore-guida-per-il-consumatore.html\"><strong>Autoridad de Competencia y Mercado<\/strong><\/a>.<\/p>\n<p>Con el fin de mejorar la calidad del producto, el fabricante se reserva el derecho de modificar los materiales y las caracter\u00edsticas t\u00e9cnicas del art\u00edculo sin previo aviso.  Adem\u00e1s, las descripciones e im\u00e1genes que aqu\u00ed se ofrecen son, por tanto, orientativas y pueden variar ligeramente respecto al producto final.<\/p>\n<p>&nbsp;<\/p>\n<h2><strong>Plazo de entrega y disponibilidad de los productos<br \/>\n<\/strong><\/h2>\n<p>Los productos de mobiliario de exterior son importados. Su disponibilidad puede variar sin previo aviso, aunque en el sitio web se indique que los productos est\u00e1n disponibles. Por esta raz\u00f3n, en caso de urgencia o de informaci\u00f3n m\u00e1s detallada, le invitamos a <a href=\"https:\/\/www.elettrowebstore.com\/contatta-lo-staff-di-elettrowebstore\/\"><strong>p\u00f3ngase en contacto con nosotros por correo electr\u00f3nico<\/strong><\/a> para m\u00e1s aclaraciones.<\/p>\n<p>Si el producto est\u00e1 disponible para entrega inmediata en uno de nuestros almacenes, se puede pedir inmediatamente. A continuaci\u00f3n, se env\u00eda desde ElettroWebStore<strong> en un plazo de 10 d\u00edas laborables a partir de la fecha de compra<\/strong>.<\/p>\n<p>Adem\u00e1s, todos los env\u00edos de ElettroWebStore est\u00e1n exentos de gastos de env\u00edo.<\/p>\n<p>Adem\u00e1s de los transportistas mencionados a continuaci\u00f3n, ElettroWebStore tambi\u00e9n utiliza otros transportistas de \u00e1mbito nacional con corresponsales locales para el env\u00edo de art\u00edculos de gran volumen. Estos \u00faltimos suelen estar especializados en el env\u00edo y la entrega de art\u00edculos voluminosos, ya que disponen de corresponsales locales espec\u00edficos en el territorio nacional.<\/p>\n<p>Se lo recordamos:<\/p>\n<ol>\n<li>Las mercanc\u00edas se entregan en la planta baja que da a la calle. No hay entrega en el suelo a menos que se acuerde espec\u00edficamente con ElettroWebStore;<\/li>\n<li>Teniendo en cuenta el volumen de muchos art\u00edculos de mobiliario de exterior, siempre es una buena idea evaluar cuidadosamente los paquetes antes de descargarlos, anotando en el documento de transporte o en la terminal del transportista cualquier defecto externo del producto.<\/li>\n<\/ol>\n<p><img loading=\"lazy\" decoding=\"async\" class=\"aligncenter size-full wp-image-41372\" src=\"https:\/\/www.elettrowebstore.com\/EWS_Store\/wp-content\/uploads\/.\/elettrowebstore-spedizione-con-corrieri-brt-sda-dhl-nexive-ld.jpg\" alt=\"Estos son los transportistas con los que ElettroWebStore.com realiza sus env\u00edos\" width=\"800\" height=\"189\" srcset=\"https:\/\/www.elettrowebstore.com\/EWS_Store\/wp-content\/uploads\/elettrowebstore-spedizione-con-corrieri-brt-sda-dhl-nexive-ld.jpg 800w, https:\/\/www.elettrowebstore.com\/EWS_Store\/wp-content\/uploads\/elettrowebstore-spedizione-con-corrieri-brt-sda-dhl-nexive-ld-600x142.jpg 600w, https:\/\/www.elettrowebstore.com\/EWS_Store\/wp-content\/uploads\/elettrowebstore-spedizione-con-corrieri-brt-sda-dhl-nexive-ld-768x181.jpg 768w\" sizes=\"auto, (max-width: 800px) 100vw, 800px\" \/><\/p>\n<p>&nbsp;<\/p>\n<h2><strong>Formas de pago aceptadas<\/strong><\/h2>\n<p><strong>En el sitio web de ElettroWebStore puede pagar con todos los m\u00e9todos habituales<\/strong>tanto espec\u00edficas de Internet (como las tarjetas prepago) como tradicionales (como las tarjetas de cr\u00e9dito cl\u00e1sicas).<\/p>\n<p><img loading=\"lazy\" decoding=\"async\" class=\"aligncenter size-full wp-image-41371\" src=\"https:\/\/www.elettrowebstore.com\/EWS_Store\/wp-content\/uploads\/.\/elettrowebstore-pagamenti-accettati-ld.jpg\" alt=\"Estos son los m\u00e9todos de pago aceptados por ElettroWebStore.com\" width=\"800\" height=\"199\" srcset=\"https:\/\/www.elettrowebstore.com\/EWS_Store\/wp-content\/uploads\/elettrowebstore-pagamenti-accettati-ld.jpg 800w, https:\/\/www.elettrowebstore.com\/EWS_Store\/wp-content\/uploads\/elettrowebstore-pagamenti-accettati-ld-600x149.jpg 600w, https:\/\/www.elettrowebstore.com\/EWS_Store\/wp-content\/uploads\/elettrowebstore-pagamenti-accettati-ld-768x191.jpg 768w\" sizes=\"auto, (max-width: 800px) 100vw, 800px\" \/><\/p>\n<p>&nbsp;<\/p>\n<p>Todos los pagos se gestionan a trav\u00e9s del <a href=\"https:\/\/www.paypal.com\/it\/webapps\/mpp\/paypal-safety-and-security\"><strong>Paypal<\/strong><\/a>. Adem\u00e1s, aunque no dispongas de Paypal, puedes pagar sin necesidad de registrarte y guardar tus credenciales. Todo lo que tienes que hacer es introducir tus datos en las p\u00e1ginas de Paypal.<\/p>\n<p>En ning\u00fan caso <a href=\"http:\/\/www.elettrowebstore.com\"><strong>ElettroWebStore<\/strong><\/a> gestionar los datos de sus tarjetas de pago o darse cuenta de ellos. De hecho <a href=\"http:\/\/www.elettrowebstore.com\"><strong>ElettroWebStore<\/strong><\/a> s\u00f3lo ver\u00e1 si el pago se ha efectuado o no.<\/p>\n<p>Nuestro sitio utiliza protocolos HTTPS, que garantizan un alto nivel de seguridad para los usuarios.<\/p>","protected":false},"excerpt":{"rendered":"<p>Vincent 80\u00d780 tablillas de aluminio blanco STA23B mesa cuadrada de jard\u00edn. Tablero de lamas de aluminio blanco\u00a0 <span class=\"fontstyle0\" style=\"color: #ed1c24;\"><strong>Env\u00edo gratuito incluido.<\/strong><\/span><\/p>","protected":false},"featured_media":176671,"template":"","meta":[],"product_brand":[],"product_cat":[18],"product_tag":[2436,387,666,335,338,818,2435,821],"class_list":{"0":"post-176661","1":"product","2":"type-product","3":"status-publish","4":"has-post-thumbnail","6":"product_cat-arredo_giardino_esterno_outdoor","7":"product_tag-80x80","8":"product_tag-alluminio","9":"product_tag-bianco","10":"product_tag-esterno","11":"product_tag-giardino","12":"product_tag-outdoor","13":"product_tag-sta23b","14":"product_tag-tavolo","15":"product_shipping_class-garden","17":"first","18":"instock","19":"taxable","20":"shipping-taxable","21":"purchasable","22":"product-type-simple"},"yoast_head":"<!-- This site is optimized with the Yoast SEO plugin v27.4 - https:\/\/yoast.com\/product\/yoast-seo-wordpress\/ -->\n<title>Tavolo San Vincenzo 80x80 a doghe in alluminio bianco STA23B - ElettroWebStore<\/title>\n<meta name=\"description\" content=\"Tavolo San Vincenzo 80x80 a doghe in alluminio bianco STA23B da giardino quadrato. Il piano \u00e8 a doghe in alluminio bianco\" \/>\n<meta name=\"robots\" content=\"index, follow, max-snippet:-1, max-image-preview:large, max-video-preview:-1\" \/>\n<link rel=\"canonical\" href=\"https:\/\/www.elettrowebstore.com\/es\/shop\/mesa-de-lamas-de-aluminio-san-vincenzo-80x80-blanca-sta23b\/\" \/>\n<meta property=\"og:locale\" content=\"es_ES\" \/>\n<meta property=\"og:type\" content=\"article\" \/>\n<meta property=\"og:title\" content=\"Tavolo San Vincenzo 80x80 a doghe in alluminio bianco STA23B - ElettroWebStore\" \/>\n<meta property=\"og:description\" content=\"Tavolo San Vincenzo 80x80 a doghe in alluminio bianco STA23B da giardino quadrato. Il piano \u00e8 a doghe in alluminio bianco\" \/>\n<meta property=\"og:url\" content=\"https:\/\/www.elettrowebstore.com\/es\/shop\/mesa-de-lamas-de-aluminio-san-vincenzo-80x80-blanca-sta23b\/\" \/>\n<meta property=\"og:site_name\" content=\"ElettroWebStore\" \/>\n<meta property=\"article:modified_time\" content=\"2023-03-01T15:17:49+00:00\" \/>\n<meta property=\"og:image\" content=\"https:\/\/res.cloudinary.com\/dl3yepmtd\/images\/v1650445370\/MOISTA23B\/tavolo-san-vincenzo-piano-a-doghe-80x80-in-alluminio-STA23B-1\/tavolo-san-vincenzo-piano-a-doghe-80x80-in-alluminio-STA23B-1.jpg\" \/>\n\t<meta property=\"og:image:width\" content=\"600\" \/>\n\t<meta property=\"og:image:height\" content=\"600\" \/>\n\t<meta property=\"og:image:type\" content=\"image\/jpeg\" \/>\n<meta name=\"twitter:card\" content=\"summary_large_image\" \/>\n<meta name=\"twitter:label1\" content=\"Tiempo de lectura\" \/>\n\t<meta name=\"twitter:data1\" content=\"6 minutos\" \/>\n<script type=\"application\/ld+json\" class=\"yoast-schema-graph\">{\"@context\":\"https:\\\/\\\/schema.org\",\"@graph\":[{\"@type\":\"WebPage\",\"@id\":\"https:\\\/\\\/www.elettrowebstore.com\\\/shop\\\/tavolo-san-vincenzo-80x80-a-doghe-in-alluminio-bianco-sta23b\\\/\",\"url\":\"https:\\\/\\\/www.elettrowebstore.com\\\/shop\\\/tavolo-san-vincenzo-80x80-a-doghe-in-alluminio-bianco-sta23b\\\/\",\"name\":\"Tavolo San Vincenzo 80x80 a doghe in alluminio bianco STA23B - ElettroWebStore\",\"isPartOf\":{\"@id\":\"https:\\\/\\\/www.elettrowebstore.com\\\/#website\"},\"primaryImageOfPage\":{\"@id\":\"https:\\\/\\\/www.elettrowebstore.com\\\/shop\\\/tavolo-san-vincenzo-80x80-a-doghe-in-alluminio-bianco-sta23b\\\/#primaryimage\"},\"image\":{\"@id\":\"https:\\\/\\\/www.elettrowebstore.com\\\/shop\\\/tavolo-san-vincenzo-80x80-a-doghe-in-alluminio-bianco-sta23b\\\/#primaryimage\"},\"thumbnailUrl\":\"https:\\\/\\\/www.elettrowebstore.com\\\/EWS_Store\\\/wp-content\\\/uploads\\\/tavolo-san-vincenzo-piano-a-doghe-80x80-in-alluminio-STA23B-1.jpg\",\"datePublished\":\"2022-04-20T08:49:21+00:00\",\"dateModified\":\"2023-03-01T15:17:49+00:00\",\"description\":\"Tavolo San Vincenzo 80x80 a doghe in alluminio bianco STA23B da giardino quadrato. Il piano \u00e8 a doghe in alluminio bianco\",\"breadcrumb\":{\"@id\":\"https:\\\/\\\/www.elettrowebstore.com\\\/shop\\\/tavolo-san-vincenzo-80x80-a-doghe-in-alluminio-bianco-sta23b\\\/#breadcrumb\"},\"inLanguage\":\"es\",\"potentialAction\":[{\"@type\":\"ReadAction\",\"target\":[\"https:\\\/\\\/www.elettrowebstore.com\\\/shop\\\/tavolo-san-vincenzo-80x80-a-doghe-in-alluminio-bianco-sta23b\\\/\"]}]},{\"@type\":\"ImageObject\",\"inLanguage\":\"es\",\"@id\":\"https:\\\/\\\/www.elettrowebstore.com\\\/shop\\\/tavolo-san-vincenzo-80x80-a-doghe-in-alluminio-bianco-sta23b\\\/#primaryimage\",\"url\":\"https:\\\/\\\/www.elettrowebstore.com\\\/EWS_Store\\\/wp-content\\\/uploads\\\/tavolo-san-vincenzo-piano-a-doghe-80x80-in-alluminio-STA23B-1.jpg\",\"contentUrl\":\"https:\\\/\\\/www.elettrowebstore.com\\\/EWS_Store\\\/wp-content\\\/uploads\\\/tavolo-san-vincenzo-piano-a-doghe-80x80-in-alluminio-STA23B-1.jpg\",\"width\":600,\"height\":600,\"caption\":\"Tavolo San Vincenzo 80x80 a doghe in alluminio bianco STA23B\"},{\"@type\":\"BreadcrumbList\",\"@id\":\"https:\\\/\\\/www.elettrowebstore.com\\\/shop\\\/tavolo-san-vincenzo-80x80-a-doghe-in-alluminio-bianco-sta23b\\\/#breadcrumb\",\"itemListElement\":[{\"@type\":\"ListItem\",\"position\":1,\"name\":\"Home\",\"item\":\"https:\\\/\\\/www.elettrowebstore.com\\\/\"},{\"@type\":\"ListItem\",\"position\":2,\"name\":\"Shop\",\"item\":\"https:\\\/\\\/www.elettrowebstore.com\\\/shop\\\/\"},{\"@type\":\"ListItem\",\"position\":3,\"name\":\"Arredo giardino, esterno e outdoor\",\"item\":\"https:\\\/\\\/www.elettrowebstore.com\\\/categoria-prodotto\\\/arredo_giardino_esterno_outdoor\\\/\"},{\"@type\":\"ListItem\",\"position\":4,\"name\":\"Tavolo San Vincenzo 80&#215;80 a doghe in alluminio bianco STA23B\"}]},{\"@type\":\"WebSite\",\"@id\":\"https:\\\/\\\/www.elettrowebstore.com\\\/#website\",\"url\":\"https:\\\/\\\/www.elettrowebstore.com\\\/\",\"name\":\"ElettroWebStore\",\"description\":\"Casalinghi buste sottovuoto ferramenta articoli giardino elettrodomestici\",\"publisher\":{\"@id\":\"https:\\\/\\\/www.elettrowebstore.com\\\/#organization\"},\"potentialAction\":[{\"@type\":\"SearchAction\",\"target\":{\"@type\":\"EntryPoint\",\"urlTemplate\":\"https:\\\/\\\/www.elettrowebstore.com\\\/?s={search_term_string}\"},\"query-input\":{\"@type\":\"PropertyValueSpecification\",\"valueRequired\":true,\"valueName\":\"search_term_string\"}}],\"inLanguage\":\"es\"},{\"@type\":\"Organization\",\"@id\":\"https:\\\/\\\/www.elettrowebstore.com\\\/#organization\",\"name\":\"ElettroWebStore - ELCA S.r.l.\",\"url\":\"https:\\\/\\\/www.elettrowebstore.com\\\/\",\"logo\":{\"@type\":\"ImageObject\",\"inLanguage\":\"es\",\"@id\":\"https:\\\/\\\/www.elettrowebstore.com\\\/#\\\/schema\\\/logo\\\/image\\\/\",\"url\":\"\",\"contentUrl\":\"\",\"caption\":\"ElettroWebStore - ELCA S.r.l.\"},\"image\":{\"@id\":\"https:\\\/\\\/www.elettrowebstore.com\\\/#\\\/schema\\\/logo\\\/image\\\/\"}}]}<\/script>\n<!-- \/ Yoast SEO plugin. -->","yoast_head_json":{"title":"San Vincenzo 80x80 mesa de lamas de aluminio blanco STA23B - ElettroWebStore","description":"Mesa cuadrada de jard\u00edn San Vincenzo 80x80 tablillas de aluminio blanco STA23B. Tablero de lamas de aluminio blanco","robots":{"index":"index","follow":"follow","max-snippet":"max-snippet:-1","max-image-preview":"max-image-preview:large","max-video-preview":"max-video-preview:-1"},"canonical":"https:\/\/www.elettrowebstore.com\/es\/shop\/mesa-de-lamas-de-aluminio-san-vincenzo-80x80-blanca-sta23b\/","og_locale":"es_ES","og_type":"article","og_title":"Tavolo San Vincenzo 80x80 a doghe in alluminio bianco STA23B - ElettroWebStore","og_description":"Tavolo San Vincenzo 80x80 a doghe in alluminio bianco STA23B da giardino quadrato. Il piano \u00e8 a doghe in alluminio bianco","og_url":"https:\/\/www.elettrowebstore.com\/es\/shop\/mesa-de-lamas-de-aluminio-san-vincenzo-80x80-blanca-sta23b\/","og_site_name":"ElettroWebStore","article_modified_time":"2023-03-01T15:17:49+00:00","og_image":[{"width":600,"height":600,"url":"https:\/\/res.cloudinary.com\/dl3yepmtd\/images\/v1650445370\/MOISTA23B\/tavolo-san-vincenzo-piano-a-doghe-80x80-in-alluminio-STA23B-1\/tavolo-san-vincenzo-piano-a-doghe-80x80-in-alluminio-STA23B-1.jpg","type":"image\/jpeg"}],"twitter_card":"summary_large_image","twitter_misc":{"Tiempo de lectura":"6 minutos"},"schema":{"@context":"https:\/\/schema.org","@graph":[{"@type":"WebPage","@id":"https:\/\/www.elettrowebstore.com\/shop\/tavolo-san-vincenzo-80x80-a-doghe-in-alluminio-bianco-sta23b\/","url":"https:\/\/www.elettrowebstore.com\/shop\/tavolo-san-vincenzo-80x80-a-doghe-in-alluminio-bianco-sta23b\/","name":"San Vincenzo 80x80 mesa de lamas de aluminio blanco STA23B - ElettroWebStore","isPartOf":{"@id":"https:\/\/www.elettrowebstore.com\/#website"},"primaryImageOfPage":{"@id":"https:\/\/www.elettrowebstore.com\/shop\/tavolo-san-vincenzo-80x80-a-doghe-in-alluminio-bianco-sta23b\/#primaryimage"},"image":{"@id":"https:\/\/www.elettrowebstore.com\/shop\/tavolo-san-vincenzo-80x80-a-doghe-in-alluminio-bianco-sta23b\/#primaryimage"},"thumbnailUrl":"https:\/\/www.elettrowebstore.com\/EWS_Store\/wp-content\/uploads\/tavolo-san-vincenzo-piano-a-doghe-80x80-in-alluminio-STA23B-1.jpg","datePublished":"2022-04-20T08:49:21+00:00","dateModified":"2023-03-01T15:17:49+00:00","description":"Mesa cuadrada de jard\u00edn San Vincenzo 80x80 tablillas de aluminio blanco STA23B. Tablero de lamas de aluminio blanco","breadcrumb":{"@id":"https:\/\/www.elettrowebstore.com\/shop\/tavolo-san-vincenzo-80x80-a-doghe-in-alluminio-bianco-sta23b\/#breadcrumb"},"inLanguage":"es","potentialAction":[{"@type":"ReadAction","target":["https:\/\/www.elettrowebstore.com\/shop\/tavolo-san-vincenzo-80x80-a-doghe-in-alluminio-bianco-sta23b\/"]}]},{"@type":"ImageObject","inLanguage":"es","@id":"https:\/\/www.elettrowebstore.com\/shop\/tavolo-san-vincenzo-80x80-a-doghe-in-alluminio-bianco-sta23b\/#primaryimage","url":"https:\/\/www.elettrowebstore.com\/EWS_Store\/wp-content\/uploads\/tavolo-san-vincenzo-piano-a-doghe-80x80-in-alluminio-STA23B-1.jpg","contentUrl":"https:\/\/www.elettrowebstore.com\/EWS_Store\/wp-content\/uploads\/tavolo-san-vincenzo-piano-a-doghe-80x80-in-alluminio-STA23B-1.jpg","width":600,"height":600,"caption":"Tavolo San Vincenzo 80x80 a doghe in alluminio bianco STA23B"},{"@type":"BreadcrumbList","@id":"https:\/\/www.elettrowebstore.com\/shop\/tavolo-san-vincenzo-80x80-a-doghe-in-alluminio-bianco-sta23b\/#breadcrumb","itemListElement":[{"@type":"ListItem","position":1,"name":"Home","item":"https:\/\/www.elettrowebstore.com\/"},{"@type":"ListItem","position":2,"name":"Shop","item":"https:\/\/www.elettrowebstore.com\/shop\/"},{"@type":"ListItem","position":3,"name":"Arredo giardino, esterno e outdoor","item":"https:\/\/www.elettrowebstore.com\/categoria-prodotto\/arredo_giardino_esterno_outdoor\/"},{"@type":"ListItem","position":4,"name":"Tavolo San Vincenzo 80&#215;80 a doghe in alluminio bianco STA23B"}]},{"@type":"WebSite","@id":"https:\/\/www.elettrowebstore.com\/#website","url":"https:\/\/www.elettrowebstore.com\/","name":"ElettroWebStore","description":"Art\u00edculos para el hogar bolsas de vac\u00edo ferreter\u00eda art\u00edculos de jardiner\u00eda electrodom\u00e9sticos","publisher":{"@id":"https:\/\/www.elettrowebstore.com\/#organization"},"potentialAction":[{"@type":"SearchAction","target":{"@type":"EntryPoint","urlTemplate":"https:\/\/www.elettrowebstore.com\/?s={search_term_string}"},"query-input":{"@type":"PropertyValueSpecification","valueRequired":true,"valueName":"search_term_string"}}],"inLanguage":"es"},{"@type":"Organization","@id":"https:\/\/www.elettrowebstore.com\/#organization","name":"ElettroWebStore - ELCA S.r.l.","url":"https:\/\/www.elettrowebstore.com\/","logo":{"@type":"ImageObject","inLanguage":"es","@id":"https:\/\/www.elettrowebstore.com\/#\/schema\/logo\/image\/","url":"","contentUrl":"","caption":"ElettroWebStore - ELCA S.r.l."},"image":{"@id":"https:\/\/www.elettrowebstore.com\/#\/schema\/logo\/image\/"}}]}},"_links":{"self":[{"href":"https:\/\/www.elettrowebstore.com\/es\/wp-json\/wp\/v2\/product\/176661","targetHints":{"allow":["GET"]}}],"collection":[{"href":"https:\/\/www.elettrowebstore.com\/es\/wp-json\/wp\/v2\/product"}],"about":[{"href":"https:\/\/www.elettrowebstore.com\/es\/wp-json\/wp\/v2\/types\/product"}],"wp:featuredmedia":[{"embeddable":true,"href":"https:\/\/www.elettrowebstore.com\/es\/wp-json\/wp\/v2\/media\/176671"}],"wp:attachment":[{"href":"https:\/\/www.elettrowebstore.com\/es\/wp-json\/wp\/v2\/media?parent=176661"}],"wp:term":[{"taxonomy":"product_brand","embeddable":true,"href":"https:\/\/www.elettrowebstore.com\/es\/wp-json\/wp\/v2\/product_brand?post=176661"},{"taxonomy":"product_cat","embeddable":true,"href":"https:\/\/www.elettrowebstore.com\/es\/wp-json\/wp\/v2\/product_cat?post=176661"},{"taxonomy":"product_tag","embeddable":true,"href":"https:\/\/www.elettrowebstore.com\/es\/wp-json\/wp\/v2\/product_tag?post=176661"}],"curies":[{"name":"wp","href":"https:\/\/api.w.org\/{rel}","templated":true}]}}