{"id":171344,"date":"2022-04-04T17:08:23","date_gmt":"2022-04-04T15:08:23","guid":{"rendered":"https:\/\/www.elettrowebstore.com\/?post_type=product&#038;p=171344"},"modified":"2023-03-01T16:39:26","modified_gmt":"2023-03-01T15:39:26","slug":"coffee-set-anversa-in-ferro-2-poltronedivano-e-tavolino-csf18tt","status":"publish","type":"product","link":"https:\/\/www.elettrowebstore.com\/es\/shop\/juego-de-cafe-de-hierro-antwerp-2-sillones-y-mesa-de-cafe-csf18tt\/","title":{"rendered":"Juego de caf\u00e9 de hierro Amberes 2 sillones + sof\u00e1 y mesa de centro CSF18TT"},"content":{"rendered":"<h2><strong>Juego de caf\u00e9 de hierro Amberes 2 sillones + sof\u00e1 y mesa de centro CSF18TT<\/strong><\/h2>\n<p>En <strong>Juego de caf\u00e9 de hierro Amberes 2 sillones + sof\u00e1 y mesa de centro CSF18TT<\/strong> es una composici\u00f3n de exterior formada por una mesa de centro con tapa de cristal templado, un sof\u00e1 de dos plazas y dos asientos. El conjunto est\u00e1 fabricado en hierro con pintura epoxi en el nuevo color gris paloma.<span class=\"fontstyle0\"><br \/>\n<\/span><\/p>\n<p>&nbsp;<\/p>\n<p><img loading=\"lazy\" decoding=\"async\" class=\"size-full wp-image-171355 aligncenter\" src=\"https:\/\/res.cloudinary.com\/dl3yepmtd\/images\/v1649085726\/MOICSF18TT\/coffee_set-anversa-2_poltrone-divano-tavolino-CSF18TT-1\/coffee_set-anversa-2_poltrone-divano-tavolino-CSF18TT-1.jpg\" alt=\"Juego de caf\u00e9 de hierro Amberes 2 sillones + sof\u00e1 y mesa de centro CSF18TT\" width=\"800\" height=\"600\" srcset=\"https:\/\/www.elettrowebstore.com\/EWS_Store\/wp-content\/uploads\/coffee_set-anversa-2_poltrone-divano-tavolino-CSF18TT-1.jpg 800w, https:\/\/www.elettrowebstore.com\/EWS_Store\/wp-content\/uploads\/coffee_set-anversa-2_poltrone-divano-tavolino-CSF18TT-1-600x450.jpg 600w, https:\/\/www.elettrowebstore.com\/EWS_Store\/wp-content\/uploads\/coffee_set-anversa-2_poltrone-divano-tavolino-CSF18TT-1-768x576.jpg 768w\" sizes=\"auto, (max-width: 800px) 100vw, 800px\" \/><\/p>\n<h2><\/h2>\n<h2><strong>Descripci\u00f3n Juego de caf\u00e9 de hierro Amberes 2 sillones+sof\u00e1 y mesa de centro CSF18TT<\/strong><\/h2>\n<p>Esta composici\u00f3n s\u00f3lo puede adquirirse tal y como se muestra en la foto, es decir, compuesta por la mesa y los asientos.<\/p>\n<p>En <strong>mesa de centro<\/strong> tiene un tablero de 90 cent\u00edmetros de ancho y 50 cent\u00edmetros de profundidad, con una altura desde el suelo de 40 cent\u00edmetros. Se trata de una mesa con tablero de cristal templado. Las patas tienen un armaz\u00f3n de hierro pintado de color gris t\u00f3rtola.<\/p>\n<p>Le <strong>dos sillas<\/strong>Con forma de sill\u00f3n, tienen 69 cent\u00edmetros de profundidad y 77 cent\u00edmetros de altura (hasta el final del respaldo), mientras que la anchura del asiento es de 61 cent\u00edmetros. Las patas y el armaz\u00f3n inferior de estas sillas tambi\u00e9n son de hierro color t\u00f3rtola, del mismo tono que el de la mesa. El tapizado superior y el respaldo son de textilene, de color topo. No temen los agentes atmosf\u00e9ricos debido a su composici\u00f3n pl\u00e1stica. Son bastante el\u00e1sticos y garantizan un asiento c\u00f3modo.<\/p>\n<p>En <strong>sof\u00e1,<\/strong> de dos plazas, tiene 69 cent\u00edmetros de profundidad y 77 cent\u00edmetros de altura (hasta el final del respaldo), mientras que la anchura del asiento es de 115 cent\u00edmetros. Al igual que las sillas, las patas y el armaz\u00f3n inferior de este sof\u00e1 son de hierro color topo del mismo tono que la mesa. La funda superior y el respaldo son de textileno de color topo.<\/p>\n<p>Todo el conjunto tiene un revestimiento epoxi, que lo hace m\u00e1s resistente a la corrosi\u00f3n incluso con el paso del tiempo.<\/p>\n<p>El textilene es un tejido de poli\u00e9ster recubierto de PVC. Este material presenta una buena resistencia a los cambios de temperatura, la radiaci\u00f3n UV, la sal, el cloro y el desgaste.<\/p>\n<p>&nbsp;<\/p>\n<p><img loading=\"lazy\" decoding=\"async\" class=\"size-full wp-image-171371 aligncenter\" src=\"https:\/\/res.cloudinary.com\/dl3yepmtd\/images\/w_600,h_800\/v1649086300\/MOICSF18TT\/coffee_set-anversa-2_poltrone-divano-tavolino-CSF18TT-2\/coffee_set-anversa-2_poltrone-divano-tavolino-CSF18TT-2.jpg?_i=AA\" alt=\"Juego de caf\u00e9 de hierro Amberes 2 sillones + sof\u00e1 y mesa de centro CSF18TT\" width=\"600\" height=\"800\" \/><\/p>\n<h2><\/h2>\n<h2><strong>Especificaciones t\u00e9cnicas<\/strong><\/h2>\n<ul>\n<li><span class=\"fontstyle0\">2 sillas, forma sill\u00f3n, 61\u00d769 x h. 73 cm en hierro pintado epoxi gris t\u00f3rtola<br \/>\n<\/span><\/li>\n<li>1 sof\u00e1 de dos plazas <span class=\"fontstyle0\">115 x 69 x h 77 cm<\/span><\/li>\n<li>Asientos y respaldos de textilene color topo<\/li>\n<li>T<span class=\"fontstyle0\">avolino cm. 90 x 50 x h. 40 en hierro pintado epoxi color paloma<br \/>\n<\/span><\/li>\n<li>El juego de caf\u00e9 viene en un kit de montaje<\/li>\n<li>Dimensiones del embalaje: 119 x 63 x h 63 cm<\/li>\n<li>Peso total kg 31,4<\/li>\n<li>Pr\u00e1ctico y vers\u00e1til<\/li>\n<li>Robusto y resistente<\/li>\n<li>Asientos c\u00f3modos<\/li>\n<li>F\u00e1cil limpieza<\/li>\n<li>Fabricado en China<\/li>\n<\/ul>\n<p>&nbsp;<\/p>\n<h2><strong>Detalles de la <\/strong><strong>Juego de caf\u00e9 Amberes CSF18TT<br \/>\n<\/strong><\/h2>\n<p>El producto se suministra <strong>en kit<\/strong>. El montaje de la <strong>Juego de caf\u00e9 de hierro Amberes 2 sillones + sof\u00e1 y mesa de centro CSF18TT<\/strong> es responsabilidad del cliente. El paquete incluye toda la torniller\u00eda necesaria. Si faltara alguna pieza peque\u00f1a (puede ocurrir en raras ocasiones), se puede encontrar f\u00e1cilmente en ferreter\u00edas.<\/p>\n<p>&nbsp;<\/p>\n<h2><strong>Garant\u00eda<\/strong><\/h2>\n<p>El producto <strong>Juego de caf\u00e9 de hierro Amberes 2 sillones + sof\u00e1 y mesa de centro CSF18TT<\/strong> est\u00e1 cubierto por <a href=\"https:\/\/www.elettrowebstore.com\/due-anni-di-garanzia-su-ogni-prodotto-acquistato\/\"><strong>garant\u00eda legal<\/strong><\/a>seg\u00fan la p\u00e1gina correspondiente de nuestro sitio web, que le invitamos a leer. Tambi\u00e9n proporcionamos informaci\u00f3n clara sobre el ejercicio de la <a href=\"https:\/\/www.elettrowebstore.com\/diritto-di-recesso-restituzione-prodotti\/\"><strong>derecho de retractaci\u00f3n<\/strong><\/a>.<\/p>\n<p>No existen Centros de Asistencia T\u00e9cnica Autorizados (CAT) en el territorio nacional para los productos de mobiliario de jard\u00edn. La instalaci\u00f3n de los productos y de las piezas de recambio es responsabilidad exclusiva del comprador.<\/p>\n<p><strong>Los productos de mobiliario de exterior, aunque est\u00e1n dise\u00f1ados para estar al aire libre, tambi\u00e9n necesitan cuidados y atenci\u00f3n<\/strong>especialmente en el caso de art\u00edculos fabricados con materiales delicados. Por lo tanto, comprar un producto de jard\u00edn no significa comprar un art\u00edculo indestructible o que no necesite mantenimiento. Al contrario, algunos materiales como maderas, resinas, acero no galvanizado requieren cuidados, limpieza, atenci\u00f3n. Art\u00edculos como sombrillas y cenadores exigen evitar el efecto vela cuando hace mal tiempo (las sombrillas deben estar cerradas). En caso de fuertes lluvias o nevadas, las estructuras pueden no ser lo bastante resistentes para soportarlo.<\/p>\n<p>Por lo tanto, antes de comprar, instamos a todos los clientes a que eval\u00faen detenidamente sus necesidades y las cualidades del producto.<\/p>\n<p>De hecho, ni los fabricantes ni ElettroWebStore pueden sustituir en garant\u00eda o servicio art\u00edculos que, aunque hayan sido comprados recientemente, est\u00e9n desgastados o se hayan deteriorado respecto a su estado original.<\/p>\n<p>Encontrar\u00e1 m\u00e1s informaci\u00f3n sobre la legislaci\u00f3n pertinente en el sitio web de la<a href=\"http:\/\/www.agcm.it\/consumatore\/decalogo\/5102-garanzia-del-venditore-guida-per-il-consumatore.html\"><strong>Autoridad de Competencia y Mercado<\/strong><\/a>.<\/p>\n<p>Con el fin de mejorar la calidad del producto, el fabricante se reserva el derecho de modificar los materiales y las caracter\u00edsticas t\u00e9cnicas del art\u00edculo sin previo aviso.  Adem\u00e1s, las descripciones e im\u00e1genes que aqu\u00ed se ofrecen son, por tanto, orientativas y pueden variar ligeramente respecto al producto final.<\/p>\n<p>&nbsp;<\/p>\n<h2><strong>Plazo de entrega y disponibilidad de los productos<br \/>\n<\/strong><\/h2>\n<p>Los productos de mobiliario de exterior son importados. Su disponibilidad puede variar sin previo aviso, aunque en el sitio web se indique que los productos est\u00e1n disponibles. Por esta raz\u00f3n, en caso de urgencia o de informaci\u00f3n m\u00e1s detallada, le invitamos a <a href=\"https:\/\/www.elettrowebstore.com\/contatta-lo-staff-di-elettrowebstore\/\"><strong>p\u00f3ngase en contacto con nosotros por correo electr\u00f3nico<\/strong><\/a> para m\u00e1s aclaraciones.<\/p>\n<p>Si el producto est\u00e1 disponible para entrega inmediata en uno de nuestros almacenes, se puede pedir inmediatamente. A continuaci\u00f3n, se env\u00eda desde ElettroWebStore<strong> en un plazo de 10 d\u00edas laborables a partir de la fecha de compra<\/strong>.<\/p>\n<p>Adem\u00e1s, todos los env\u00edos de ElettroWebStore est\u00e1n exentos de gastos de env\u00edo.<\/p>\n<p>Adem\u00e1s de los transportistas mencionados a continuaci\u00f3n, ElettroWebStore tambi\u00e9n utiliza otros transportistas de \u00e1mbito nacional con corresponsales locales para el env\u00edo de art\u00edculos de gran volumen. Estos \u00faltimos suelen estar especializados en el env\u00edo y la entrega de art\u00edculos voluminosos, ya que disponen de corresponsales locales espec\u00edficos en el territorio nacional.<\/p>\n<p>Se lo recordamos:<\/p>\n<ol>\n<li>Las mercanc\u00edas se entregan en la planta baja que da a la calle. No hay entrega en el suelo a menos que se acuerde espec\u00edficamente con ElettroWebStore;<\/li>\n<li>Teniendo en cuenta el volumen de muchos art\u00edculos de mobiliario de exterior, siempre es una buena idea evaluar cuidadosamente los paquetes antes de descargarlos, anotando en el documento de transporte o en la terminal del transportista cualquier defecto externo del producto.<\/li>\n<\/ol>\n<p><img loading=\"lazy\" decoding=\"async\" class=\"aligncenter size-full wp-image-41372\" src=\"https:\/\/www.elettrowebstore.com\/EWS_Store\/wp-content\/uploads\/.\/elettrowebstore-spedizione-con-corrieri-brt-sda-dhl-nexive-ld.jpg\" alt=\"Estos son los transportistas con los que ElettroWebStore.com realiza sus env\u00edos\" width=\"800\" height=\"189\" srcset=\"https:\/\/www.elettrowebstore.com\/EWS_Store\/wp-content\/uploads\/elettrowebstore-spedizione-con-corrieri-brt-sda-dhl-nexive-ld.jpg 800w, https:\/\/www.elettrowebstore.com\/EWS_Store\/wp-content\/uploads\/elettrowebstore-spedizione-con-corrieri-brt-sda-dhl-nexive-ld-600x142.jpg 600w, https:\/\/www.elettrowebstore.com\/EWS_Store\/wp-content\/uploads\/elettrowebstore-spedizione-con-corrieri-brt-sda-dhl-nexive-ld-768x181.jpg 768w\" sizes=\"auto, (max-width: 800px) 100vw, 800px\" \/><\/p>\n<p>&nbsp;<\/p>\n<h2><strong>Formas de pago aceptadas<\/strong><\/h2>\n<p><strong>En el sitio web de ElettroWebStore puede pagar con todos los m\u00e9todos habituales<\/strong>tanto espec\u00edficas de Internet (como las tarjetas prepago) como tradicionales (como las tarjetas de cr\u00e9dito cl\u00e1sicas).<\/p>\n<p><img loading=\"lazy\" decoding=\"async\" class=\"aligncenter size-full wp-image-41371\" src=\"https:\/\/www.elettrowebstore.com\/EWS_Store\/wp-content\/uploads\/.\/elettrowebstore-pagamenti-accettati-ld.jpg\" alt=\"Estos son los m\u00e9todos de pago aceptados por ElettroWebStore.com\" width=\"800\" height=\"199\" srcset=\"https:\/\/www.elettrowebstore.com\/EWS_Store\/wp-content\/uploads\/elettrowebstore-pagamenti-accettati-ld.jpg 800w, https:\/\/www.elettrowebstore.com\/EWS_Store\/wp-content\/uploads\/elettrowebstore-pagamenti-accettati-ld-600x149.jpg 600w, https:\/\/www.elettrowebstore.com\/EWS_Store\/wp-content\/uploads\/elettrowebstore-pagamenti-accettati-ld-768x191.jpg 768w\" sizes=\"auto, (max-width: 800px) 100vw, 800px\" \/><\/p>\n<p>&nbsp;<\/p>\n<p>Todos los pagos se gestionan a trav\u00e9s del <a href=\"https:\/\/www.paypal.com\/it\/webapps\/mpp\/paypal-safety-and-security\"><strong>Paypal<\/strong><\/a>. Adem\u00e1s, aunque no dispongas de Paypal, puedes pagar sin necesidad de registrarte y guardar tus credenciales. Todo lo que tienes que hacer es introducir tus datos en las p\u00e1ginas de Paypal.<\/p>\n<p>En ning\u00fan caso <a href=\"http:\/\/www.elettrowebstore.com\"><strong>ElettroWebStore<\/strong><\/a> gestionar los datos de sus tarjetas de pago o darse cuenta de ellos. De hecho <a href=\"http:\/\/www.elettrowebstore.com\"><strong>ElettroWebStore<\/strong><\/a> s\u00f3lo ver\u00e1 si el pago se ha efectuado o no.<\/p>\n<p>Nuestro sitio utiliza protocolos HTTPS, que garantizan un alto nivel de seguridad para los usuarios.<\/p>","protected":false},"excerpt":{"rendered":"<p>Juego de caf\u00e9 de hierro Amberes 2 sillones + sof\u00e1 y mesa de centro CSF18TT es una composici\u00f3n de una mesa de centro, un sof\u00e1 y dos sillones de hierro epoxi. <span class=\"fontstyle0\" style=\"color: #ed1c24;\"><strong>Env\u00edo gratuito incluido.<\/strong><\/span><\/p>","protected":false},"featured_media":171355,"template":"","meta":[],"product_brand":[],"product_cat":[18],"product_tag":[334,870,2352,330,335,1178,338,818,331,822,821,2340],"class_list":{"0":"post-171344","1":"product","2":"type-product","3":"status-publish","4":"has-post-thumbnail","6":"product_cat-arredo_giardino_esterno_outdoor","7":"product_tag-arredo","8":"product_tag-coffee-set","9":"product_tag-csf18tt","10":"product_tag-divano","11":"product_tag-esterno","12":"product_tag-ferro","13":"product_tag-giardino","14":"product_tag-outdoor","15":"product_tag-poltrone","16":"product_tag-sedie","17":"product_tag-tavolo","18":"product_tag-tortora","19":"product_shipping_class-garden","21":"first","22":"instock","23":"taxable","24":"shipping-taxable","25":"purchasable","26":"product-type-simple"},"_links":{"self":[{"href":"https:\/\/www.elettrowebstore.com\/es\/wp-json\/wp\/v2\/product\/171344","targetHints":{"allow":["GET"]}}],"collection":[{"href":"https:\/\/www.elettrowebstore.com\/es\/wp-json\/wp\/v2\/product"}],"about":[{"href":"https:\/\/www.elettrowebstore.com\/es\/wp-json\/wp\/v2\/types\/product"}],"wp:featuredmedia":[{"embeddable":true,"href":"https:\/\/www.elettrowebstore.com\/es\/wp-json\/wp\/v2\/media\/171355"}],"wp:attachment":[{"href":"https:\/\/www.elettrowebstore.com\/es\/wp-json\/wp\/v2\/media?parent=171344"}],"wp:term":[{"taxonomy":"product_brand","embeddable":true,"href":"https:\/\/www.elettrowebstore.com\/es\/wp-json\/wp\/v2\/product_brand?post=171344"},{"taxonomy":"product_cat","embeddable":true,"href":"https:\/\/www.elettrowebstore.com\/es\/wp-json\/wp\/v2\/product_cat?post=171344"},{"taxonomy":"product_tag","embeddable":true,"href":"https:\/\/www.elettrowebstore.com\/es\/wp-json\/wp\/v2\/product_tag?post=171344"}],"curies":[{"name":"wp","href":"https:\/\/api.w.org\/{rel}","templated":true}]}}