{"id":171128,"date":"2022-04-04T12:51:32","date_gmt":"2022-04-04T10:51:32","guid":{"rendered":"https:\/\/www.elettrowebstore.com\/?post_type=product&#038;p=171128"},"modified":"2023-03-01T16:43:19","modified_gmt":"2023-03-01T15:43:19","slug":"set-houston-in-alluminio-e-textilene-tavolodivano-e-2-poltrone-mst10","status":"publish","type":"product","link":"https:\/\/www.elettrowebstore.com\/es\/shop\/conjunto-de-mesa-de-sofa-y-2-sillones-de-aluminio-y-textileno-houston-mst10\/","title":{"rendered":"Conjunto de mesa+sof\u00e1 y 2 sillones Houston de aluminio y textileno MST10"},"content":{"rendered":"<h2><strong>Conjunto de mesa+sof\u00e1 y 2 sillones Houston de aluminio y textileno MST10<\/strong><\/h2>\n<p>Conjunto Houston de aluminio y textilene mesa+sof\u00e1 y 2 sillones MST10 es una composici\u00f3n de una mesa de centro con tapa de cristal, un sof\u00e1 con mesa auxiliar y dos sillones, con estructura de aluminio color antracita y cojines de poli\u00e9ster desenfundables.<span class=\"fontstyle0\"><br \/>\n<\/span><\/p>\n<p>&nbsp;<\/p>\n<p><img loading=\"lazy\" decoding=\"async\" class=\"size-full wp-image-171208 aligncenter\" src=\"https:\/\/res.cloudinary.com\/dl3yepmtd\/images\/w_800,h_600\/v1649079564\/MOIMST10\/set-houston-tavolino-divano-2_poltrone-MST10-1\/set-houston-tavolino-divano-2_poltrone-MST10-1.jpg?_i=AA\" alt=\"Conjunto de mesa+sof\u00e1 y 2 sillones Houston de aluminio y textileno MST10\" width=\"800\" height=\"600\" srcset=\"https:\/\/www.elettrowebstore.com\/EWS_Store\/wp-content\/uploads\/set-houston-tavolino-divano-2_poltrone-MST10-1.jpg 800w, https:\/\/www.elettrowebstore.com\/EWS_Store\/wp-content\/uploads\/set-houston-tavolino-divano-2_poltrone-MST10-1-600x450.jpg 600w, https:\/\/www.elettrowebstore.com\/EWS_Store\/wp-content\/uploads\/set-houston-tavolino-divano-2_poltrone-MST10-1-768x576.jpg 768w\" sizes=\"auto, (max-width: 800px) 100vw, 800px\" \/><\/p>\n<p>&nbsp;<\/p>\n<h2><strong>Descripci\u00f3n Conjunto de mesa+sof\u00e1 y 2 sillones Houston de aluminio y textileno MST10<\/strong><\/h2>\n<p>El conjunto Houston se compone de una c\u00f3moda mesa, un sof\u00e1 de tres plazas y dos sillones. Esta composici\u00f3n solo puede adquirirse como se muestra en la foto, es decir, compuesta por la mesa y los asientos.<\/p>\n<p>En <strong>tabla<\/strong> tiene un gran tablero de 115 cent\u00edmetros de ancho y 73 cent\u00edmetros de fondo, con una altura desde el suelo de 37 cent\u00edmetros. Se trata de una mesa de centro con tablero de cristal templado y esmerilado.<\/p>\n<p>Le <strong>dos sillones<\/strong>Tienen 83 cent\u00edmetros de profundidad y 73 cent\u00edmetros de altura (hasta el final del respaldo), mientras que la anchura del asiento es de 101 cent\u00edmetros. Las patas y el armaz\u00f3n inferior de estos sillones son de aluminio pintado con efecto madera. Los reposabrazos y el respaldo, de color gris claro, son de textileno. No les afecta la intemperie. Son bastante el\u00e1sticos y garantizan un asiento c\u00f3modo.<\/p>\n<p>En <strong>sof\u00e1,<\/strong> con dos plazas, tiene 78 cent\u00edmetros de profundidad y 71 cent\u00edmetros de altura (hasta el final del respaldo), mientras que la anchura del asiento es de 242 cent\u00edmetros. La anchura incluye tambi\u00e9n la mesa auxiliar del sof\u00e1. Esta c\u00f3moda mesa auxiliar se convierte, de hecho, en una c\u00f3moda superficie de almacenamiento adicional. Al igual que las sillas, las patas y el armaz\u00f3n inferior del sof\u00e1 tambi\u00e9n son de aluminio con efecto madera, del mismo tono que la mesa. Al igual que los sillones, los reposabrazos y el respaldo son de textilene, en color gris claro.<\/p>\n<p>El textilene es un tejido de poli\u00e9ster recubierto de PVC. Este material presenta una buena resistencia a los cambios de temperatura, la radiaci\u00f3n UV, la sal, el cloro y el desgaste.<\/p>\n<p>El precio incluye cojines de asiento y respaldo de poli\u00e9ster del mismo color gris que el de la foto. Los cojines son desenfundables para facilitar su limpieza.<\/p>\n<p>&nbsp;<\/p>\n<p><img loading=\"lazy\" decoding=\"async\" class=\"size-full wp-image-171277 aligncenter\" src=\"https:\/\/res.cloudinary.com\/dl3yepmtd\/images\/w_800,h_600\/v1649082735\/MOIMST10\/set-houston-tavolino-divano-2_poltrone-MST10-2\/set-houston-tavolino-divano-2_poltrone-MST10-2.jpg?_i=AA\" alt=\"Conjunto de mesa+sof\u00e1 y 2 sillones Houston de aluminio y textileno MST10\" width=\"800\" height=\"600\" srcset=\"https:\/\/www.elettrowebstore.com\/EWS_Store\/wp-content\/uploads\/set-houston-tavolino-divano-2_poltrone-MST10-2.jpg 800w, https:\/\/www.elettrowebstore.com\/EWS_Store\/wp-content\/uploads\/set-houston-tavolino-divano-2_poltrone-MST10-2-600x450.jpg 600w, https:\/\/www.elettrowebstore.com\/EWS_Store\/wp-content\/uploads\/set-houston-tavolino-divano-2_poltrone-MST10-2-768x576.jpg 768w\" sizes=\"auto, (max-width: 800px) 100vw, 800px\" \/><\/p>\n<p>&nbsp;<\/p>\n<h2><strong>Especificaciones t\u00e9cnicas<\/strong><\/h2>\n<ul>\n<li><span class=\"fontstyle0\">2 sillones 101 x 83 x h. 71 cm patas de aluminio efecto madera<br \/>\n<\/span><\/li>\n<li>1 sof\u00e1 de dos plazas <span class=\"fontstyle0\">242 x 78 x h. 71 cm (anchura incluida la mesa auxiliar)<br \/>\n<\/span><\/li>\n<li>Cojines d<span class=\"fontstyle0\">Respaldos de poli\u00e9ster gris desenfundables <\/span><\/li>\n<li>Reposabrazos y respaldos de textileno<\/li>\n<li>T<span class=\"fontstyle0\">avolo cm. 115 x 73 x h. 37 con tapa de cristal templado y esmerilado<br \/>\n<\/span><\/li>\n<li>El juego viene en un kit de montaje<\/li>\n<li>Tornillos de acero inoxidable<\/li>\n<li>Embalaje: 2 paquetes<\/li>\n<li>Dimensiones del embalaje: sof\u00e1 y mesa de centro cm. 241x86x42 + 2 sillones cm. 110x85x59<\/li>\n<li>Peso total 89 kg<\/li>\n<li>Robusto y resistente<\/li>\n<li>Asientos c\u00f3modos<\/li>\n<li>F\u00e1cil limpieza<\/li>\n<li>Fabricado en China<\/li>\n<\/ul>\n<p>&nbsp;<\/p>\n<h2><strong>Detalles de la <\/strong><strong>Conjunto de mesa+sof\u00e1 y 2 sillones Houston de aluminio y textileno MST10<\/strong><\/h2>\n<p>El producto se suministra <strong>en kit<\/strong>. Los herrajes de este art\u00edculo son de acero inoxidable.<\/p>\n<p>El montaje del Houston Set es responsabilidad del cliente. En el paquete se incluye toda la torniller\u00eda necesaria. Si faltara alguna pieza peque\u00f1a (esto puede ocurrir en raras ocasiones), se puede encontrar f\u00e1cilmente en ferreter\u00edas.<\/p>\n<p>Conjunto Houston aluminio y textilene mesa+sof\u00e1 y 2 sillones MST10 est\u00e1 fabricado en aluminio pintado, por lo que es conveniente no utilizar detergentes que contengan lej\u00eda y \u00e1cido clorh\u00eddrico para su limpieza, ya que podr\u00edan da\u00f1ar la superficie. Por lo tanto, aplique detergentes no abrasivos adecuados para este material.<\/p>\n<p>&nbsp;<\/p>\n<h2><strong>Garant\u00eda<\/strong><\/h2>\n<p>El producto Conjunto de mesa+sof\u00e1 y 2 sillones Houston de aluminio y textileno MST10 est\u00e1 cubierto por <a href=\"https:\/\/www.elettrowebstore.com\/due-anni-di-garanzia-su-ogni-prodotto-acquistato\/\"><strong>garant\u00eda legal<\/strong><\/a>seg\u00fan la p\u00e1gina correspondiente de nuestro sitio web, que le invitamos a leer. Tambi\u00e9n proporcionamos informaci\u00f3n clara sobre el ejercicio de la <a href=\"https:\/\/www.elettrowebstore.com\/diritto-di-recesso-restituzione-prodotti\/\"><strong>derecho de retractaci\u00f3n<\/strong><\/a>.<\/p>\n<p>No existen Centros de Asistencia T\u00e9cnica Autorizados (CAT) en el territorio nacional para los productos de mobiliario de jard\u00edn. La instalaci\u00f3n de los productos y de las piezas de recambio es responsabilidad exclusiva del comprador.<\/p>\n<p><strong>Los productos de mobiliario de exterior, aunque est\u00e1n dise\u00f1ados para estar al aire libre, tambi\u00e9n necesitan cuidados y atenci\u00f3n<\/strong>especialmente en el caso de art\u00edculos fabricados con materiales delicados. Por lo tanto, comprar un producto de jard\u00edn no significa comprar un art\u00edculo indestructible o que no necesite mantenimiento. Al contrario, algunos materiales como maderas, resinas, acero no galvanizado requieren cuidados, limpieza, atenci\u00f3n. Art\u00edculos como sombrillas y cenadores exigen evitar el efecto vela cuando hace mal tiempo (las sombrillas deben estar cerradas). En caso de fuertes lluvias o nevadas, las estructuras pueden no ser lo bastante resistentes para soportarlo.<\/p>\n<p>Por lo tanto, antes de comprar, instamos a todos los clientes a que eval\u00faen detenidamente sus necesidades y las cualidades del producto.<\/p>\n<p>De hecho, ni los fabricantes ni ElettroWebStore pueden sustituir en garant\u00eda o servicio art\u00edculos que, aunque hayan sido comprados recientemente, est\u00e9n desgastados o se hayan deteriorado respecto a su estado original.<\/p>\n<p>Encontrar\u00e1 m\u00e1s informaci\u00f3n sobre la legislaci\u00f3n pertinente en el sitio web de la<a href=\"http:\/\/www.agcm.it\/consumatore\/decalogo\/5102-garanzia-del-venditore-guida-per-il-consumatore.html\"><strong>Autoridad de Competencia y Mercado<\/strong><\/a>.<\/p>\n<p>Con el fin de mejorar la calidad del producto, el fabricante se reserva el derecho de modificar los materiales y las caracter\u00edsticas t\u00e9cnicas del art\u00edculo sin previo aviso.  Adem\u00e1s, las descripciones e im\u00e1genes que aqu\u00ed se ofrecen son, por tanto, orientativas y pueden variar ligeramente respecto al producto final.<\/p>\n<p>&nbsp;<\/p>\n<h2><strong>Plazo de entrega y disponibilidad de los productos<br \/>\n<\/strong><\/h2>\n<p>Los productos de mobiliario de exterior son importados. Su disponibilidad puede variar sin previo aviso, aunque en el sitio web se indique que los productos est\u00e1n disponibles. Por esta raz\u00f3n, en caso de urgencia o de informaci\u00f3n m\u00e1s detallada, le invitamos a <a href=\"https:\/\/www.elettrowebstore.com\/contatta-lo-staff-di-elettrowebstore\/\"><strong>p\u00f3ngase en contacto con nosotros por correo electr\u00f3nico<\/strong><\/a> para m\u00e1s aclaraciones.<\/p>\n<p>Si el producto est\u00e1 disponible para entrega inmediata en uno de nuestros almacenes, se puede pedir inmediatamente. A continuaci\u00f3n, se env\u00eda desde ElettroWebStore<strong> en un plazo de 10 d\u00edas laborables a partir de la fecha de compra<\/strong>.<\/p>\n<p>Adem\u00e1s, todos los env\u00edos de ElettroWebStore est\u00e1n exentos de gastos de env\u00edo.<\/p>\n<p>Adem\u00e1s de los transportistas mencionados a continuaci\u00f3n, ElettroWebStore tambi\u00e9n utiliza otros transportistas de \u00e1mbito nacional con corresponsales locales para el env\u00edo de art\u00edculos de gran volumen. Estos \u00faltimos suelen estar especializados en el env\u00edo y la entrega de art\u00edculos voluminosos, ya que disponen de corresponsales locales espec\u00edficos en el territorio nacional.<\/p>\n<p>Se lo recordamos:<\/p>\n<ol>\n<li>Las mercanc\u00edas se entregan en la planta baja que da a la calle. No hay entrega en el suelo a menos que se acuerde espec\u00edficamente con ElettroWebStore;<\/li>\n<li>Teniendo en cuenta el volumen de muchos art\u00edculos de mobiliario de exterior, siempre es una buena idea evaluar cuidadosamente los paquetes antes de descargarlos, anotando en el documento de transporte o en la terminal del transportista cualquier defecto externo del producto.<\/li>\n<\/ol>\n<p><img loading=\"lazy\" decoding=\"async\" class=\"aligncenter size-full wp-image-41372\" src=\"https:\/\/www.elettrowebstore.com\/EWS_Store\/wp-content\/uploads\/.\/elettrowebstore-spedizione-con-corrieri-brt-sda-dhl-nexive-ld.jpg\" alt=\"Estos son los transportistas con los que ElettroWebStore.com realiza sus env\u00edos\" width=\"800\" height=\"189\" srcset=\"https:\/\/www.elettrowebstore.com\/EWS_Store\/wp-content\/uploads\/elettrowebstore-spedizione-con-corrieri-brt-sda-dhl-nexive-ld.jpg 800w, https:\/\/www.elettrowebstore.com\/EWS_Store\/wp-content\/uploads\/elettrowebstore-spedizione-con-corrieri-brt-sda-dhl-nexive-ld-600x142.jpg 600w, https:\/\/www.elettrowebstore.com\/EWS_Store\/wp-content\/uploads\/elettrowebstore-spedizione-con-corrieri-brt-sda-dhl-nexive-ld-768x181.jpg 768w\" sizes=\"auto, (max-width: 800px) 100vw, 800px\" \/><\/p>\n<p>&nbsp;<\/p>\n<h2><strong>Formas de pago aceptadas<\/strong><\/h2>\n<p><strong>En el sitio web de ElettroWebStore puede pagar con todos los m\u00e9todos habituales<\/strong>tanto espec\u00edficas de Internet (como las tarjetas prepago) como tradicionales (como las tarjetas de cr\u00e9dito cl\u00e1sicas).<\/p>\n<p><img loading=\"lazy\" decoding=\"async\" class=\"aligncenter size-full wp-image-41371\" src=\"https:\/\/www.elettrowebstore.com\/EWS_Store\/wp-content\/uploads\/.\/elettrowebstore-pagamenti-accettati-ld.jpg\" alt=\"Estos son los m\u00e9todos de pago aceptados por ElettroWebStore.com\" width=\"800\" height=\"199\" srcset=\"https:\/\/www.elettrowebstore.com\/EWS_Store\/wp-content\/uploads\/elettrowebstore-pagamenti-accettati-ld.jpg 800w, https:\/\/www.elettrowebstore.com\/EWS_Store\/wp-content\/uploads\/elettrowebstore-pagamenti-accettati-ld-600x149.jpg 600w, https:\/\/www.elettrowebstore.com\/EWS_Store\/wp-content\/uploads\/elettrowebstore-pagamenti-accettati-ld-768x191.jpg 768w\" sizes=\"auto, (max-width: 800px) 100vw, 800px\" \/><\/p>\n<p>Todos los pagos se gestionan a trav\u00e9s del <a href=\"https:\/\/www.paypal.com\/it\/webapps\/mpp\/paypal-safety-and-security\"><strong>Paypal<\/strong><\/a>. Adem\u00e1s, aunque no dispongas de Paypal, puedes pagar sin necesidad de registrarte y guardar tus credenciales. Todo lo que tienes que hacer es introducir tus datos en las p\u00e1ginas de Paypal.<\/p>\n<p>En ning\u00fan caso <a href=\"http:\/\/www.elettrowebstore.com\"><strong>ElettroWebStore<\/strong><\/a> gestionar los datos de sus tarjetas de pago o darse cuenta de ellos. De hecho <a href=\"http:\/\/www.elettrowebstore.com\"><strong>ElettroWebStore<\/strong><\/a> s\u00f3lo ver\u00e1 si el pago se ha efectuado o no.<\/p>\n<p>Nuestro sitio utiliza protocolos HTTPS, que garantizan un alto nivel de seguridad para los usuarios.<\/p>","protected":false},"excerpt":{"rendered":"<p><strong>Conjunto de mesa+sof\u00e1 y 2 sillones Houston de aluminio y textileno MST10<\/strong> es una composici\u00f3n de una mesa, un sof\u00e1 y dos sillones, fabricados en aluminio. <span class=\"fontstyle0\" style=\"color: #ed1c24;\"><strong>Env\u00edo gratuito incluido.<\/strong><\/span><\/p>","protected":false},"featured_media":171208,"template":"","meta":[],"product_brand":[],"product_cat":[18],"product_tag":[387,334,330,335,338,2350,818,331,822,328,821,2351],"class_list":{"0":"post-171128","1":"product","2":"type-product","3":"status-publish","4":"has-post-thumbnail","6":"product_cat-arredo_giardino_esterno_outdoor","7":"product_tag-alluminio","8":"product_tag-arredo","9":"product_tag-divano","10":"product_tag-esterno","11":"product_tag-giardino","12":"product_tag-mst10","13":"product_tag-outdoor","14":"product_tag-poltrone","15":"product_tag-sedie","16":"product_tag-set","17":"product_tag-tavolo","18":"product_tag-textilene","19":"product_shipping_class-garden","21":"first","22":"instock","23":"taxable","24":"shipping-taxable","25":"purchasable","26":"product-type-simple"},"yoast_head":"<!-- This site is optimized with the Yoast SEO plugin v27.4 - https:\/\/yoast.com\/product\/yoast-seo-wordpress\/ -->\n<title>Set Houston in alluminio e textilene tavolo+divano e 2 poltrone MST10 - ElettroWebStore<\/title>\n<meta name=\"description\" content=\"Set Houston in alluminio e textilene tavolo+divano e 2 poltrone MST10 \u00e8 una composizione di tavolo, un divano e due poltrone, in alluminio\" \/>\n<meta name=\"robots\" content=\"index, follow, max-snippet:-1, max-image-preview:large, max-video-preview:-1\" \/>\n<link rel=\"canonical\" href=\"https:\/\/www.elettrowebstore.com\/es\/shop\/conjunto-de-mesa-de-sofa-y-2-sillones-de-aluminio-y-textileno-houston-mst10\/\" \/>\n<meta property=\"og:locale\" content=\"es_ES\" \/>\n<meta property=\"og:type\" content=\"article\" \/>\n<meta property=\"og:title\" content=\"Set Houston in alluminio e textilene tavolo+divano e 2 poltrone MST10 - ElettroWebStore\" \/>\n<meta property=\"og:description\" content=\"Set Houston in alluminio e textilene tavolo+divano e 2 poltrone MST10 \u00e8 una composizione di tavolo, un divano e due poltrone, in alluminio\" \/>\n<meta property=\"og:url\" content=\"https:\/\/www.elettrowebstore.com\/es\/shop\/conjunto-de-mesa-de-sofa-y-2-sillones-de-aluminio-y-textileno-houston-mst10\/\" \/>\n<meta property=\"og:site_name\" content=\"ElettroWebStore\" \/>\n<meta property=\"article:modified_time\" content=\"2023-03-01T15:43:19+00:00\" \/>\n<meta property=\"og:image\" content=\"https:\/\/res.cloudinary.com\/dl3yepmtd\/images\/v1649079564\/MOIMST10\/set-houston-tavolino-divano-2_poltrone-MST10-1\/set-houston-tavolino-divano-2_poltrone-MST10-1.jpg\" \/>\n\t<meta property=\"og:image:width\" content=\"800\" \/>\n\t<meta property=\"og:image:height\" content=\"600\" \/>\n\t<meta property=\"og:image:type\" content=\"image\/jpeg\" \/>\n<meta name=\"twitter:card\" content=\"summary_large_image\" \/>\n<meta name=\"twitter:label1\" content=\"Tiempo de lectura\" \/>\n\t<meta name=\"twitter:data1\" content=\"7 minutos\" \/>\n<script type=\"application\/ld+json\" class=\"yoast-schema-graph\">{\"@context\":\"https:\\\/\\\/schema.org\",\"@graph\":[{\"@type\":\"WebPage\",\"@id\":\"https:\\\/\\\/www.elettrowebstore.com\\\/shop\\\/set-houston-in-alluminio-e-textilene-tavolodivano-e-2-poltrone-mst10\\\/\",\"url\":\"https:\\\/\\\/www.elettrowebstore.com\\\/shop\\\/set-houston-in-alluminio-e-textilene-tavolodivano-e-2-poltrone-mst10\\\/\",\"name\":\"Set Houston in alluminio e textilene tavolo+divano e 2 poltrone MST10 - ElettroWebStore\",\"isPartOf\":{\"@id\":\"https:\\\/\\\/www.elettrowebstore.com\\\/#website\"},\"primaryImageOfPage\":{\"@id\":\"https:\\\/\\\/www.elettrowebstore.com\\\/shop\\\/set-houston-in-alluminio-e-textilene-tavolodivano-e-2-poltrone-mst10\\\/#primaryimage\"},\"image\":{\"@id\":\"https:\\\/\\\/www.elettrowebstore.com\\\/shop\\\/set-houston-in-alluminio-e-textilene-tavolodivano-e-2-poltrone-mst10\\\/#primaryimage\"},\"thumbnailUrl\":\"https:\\\/\\\/www.elettrowebstore.com\\\/EWS_Store\\\/wp-content\\\/uploads\\\/set-houston-tavolino-divano-2_poltrone-MST10-1.jpg\",\"datePublished\":\"2022-04-04T10:51:32+00:00\",\"dateModified\":\"2023-03-01T15:43:19+00:00\",\"description\":\"Set Houston in alluminio e textilene tavolo+divano e 2 poltrone MST10 \u00e8 una composizione di tavolo, un divano e due poltrone, in alluminio\",\"breadcrumb\":{\"@id\":\"https:\\\/\\\/www.elettrowebstore.com\\\/shop\\\/set-houston-in-alluminio-e-textilene-tavolodivano-e-2-poltrone-mst10\\\/#breadcrumb\"},\"inLanguage\":\"es\",\"potentialAction\":[{\"@type\":\"ReadAction\",\"target\":[\"https:\\\/\\\/www.elettrowebstore.com\\\/shop\\\/set-houston-in-alluminio-e-textilene-tavolodivano-e-2-poltrone-mst10\\\/\"]}]},{\"@type\":\"ImageObject\",\"inLanguage\":\"es\",\"@id\":\"https:\\\/\\\/www.elettrowebstore.com\\\/shop\\\/set-houston-in-alluminio-e-textilene-tavolodivano-e-2-poltrone-mst10\\\/#primaryimage\",\"url\":\"https:\\\/\\\/www.elettrowebstore.com\\\/EWS_Store\\\/wp-content\\\/uploads\\\/set-houston-tavolino-divano-2_poltrone-MST10-1.jpg\",\"contentUrl\":\"https:\\\/\\\/www.elettrowebstore.com\\\/EWS_Store\\\/wp-content\\\/uploads\\\/set-houston-tavolino-divano-2_poltrone-MST10-1.jpg\",\"width\":800,\"height\":600,\"caption\":\"Set Houston in alluminio e textilene tavolo+divano e 2 poltrone MST10\"},{\"@type\":\"BreadcrumbList\",\"@id\":\"https:\\\/\\\/www.elettrowebstore.com\\\/shop\\\/set-houston-in-alluminio-e-textilene-tavolodivano-e-2-poltrone-mst10\\\/#breadcrumb\",\"itemListElement\":[{\"@type\":\"ListItem\",\"position\":1,\"name\":\"Home\",\"item\":\"https:\\\/\\\/www.elettrowebstore.com\\\/\"},{\"@type\":\"ListItem\",\"position\":2,\"name\":\"Shop\",\"item\":\"https:\\\/\\\/www.elettrowebstore.com\\\/shop\\\/\"},{\"@type\":\"ListItem\",\"position\":3,\"name\":\"Arredo giardino, esterno e outdoor\",\"item\":\"https:\\\/\\\/www.elettrowebstore.com\\\/categoria-prodotto\\\/arredo_giardino_esterno_outdoor\\\/\"},{\"@type\":\"ListItem\",\"position\":4,\"name\":\"Set Houston in alluminio e textilene tavolo+divano e 2 poltrone MST10\"}]},{\"@type\":\"WebSite\",\"@id\":\"https:\\\/\\\/www.elettrowebstore.com\\\/#website\",\"url\":\"https:\\\/\\\/www.elettrowebstore.com\\\/\",\"name\":\"ElettroWebStore\",\"description\":\"Casalinghi buste sottovuoto ferramenta articoli giardino elettrodomestici\",\"publisher\":{\"@id\":\"https:\\\/\\\/www.elettrowebstore.com\\\/#organization\"},\"potentialAction\":[{\"@type\":\"SearchAction\",\"target\":{\"@type\":\"EntryPoint\",\"urlTemplate\":\"https:\\\/\\\/www.elettrowebstore.com\\\/?s={search_term_string}\"},\"query-input\":{\"@type\":\"PropertyValueSpecification\",\"valueRequired\":true,\"valueName\":\"search_term_string\"}}],\"inLanguage\":\"es\"},{\"@type\":\"Organization\",\"@id\":\"https:\\\/\\\/www.elettrowebstore.com\\\/#organization\",\"name\":\"ElettroWebStore - ELCA S.r.l.\",\"url\":\"https:\\\/\\\/www.elettrowebstore.com\\\/\",\"logo\":{\"@type\":\"ImageObject\",\"inLanguage\":\"es\",\"@id\":\"https:\\\/\\\/www.elettrowebstore.com\\\/#\\\/schema\\\/logo\\\/image\\\/\",\"url\":\"\",\"contentUrl\":\"\",\"caption\":\"ElettroWebStore - ELCA S.r.l.\"},\"image\":{\"@id\":\"https:\\\/\\\/www.elettrowebstore.com\\\/#\\\/schema\\\/logo\\\/image\\\/\"}}]}<\/script>\n<!-- \/ Yoast SEO plugin. -->","yoast_head_json":{"title":"Conjunto de mesa+sof\u00e1 y 2 sillones Houston de aluminio y textileno MST10 - ElettroWebStore","description":"El conjunto de mesa+sof\u00e1 y 2 sillones Houston de aluminio y textilene MST10 es una composici\u00f3n de una mesa, un sof\u00e1 y dos sillones, de aluminio","robots":{"index":"index","follow":"follow","max-snippet":"max-snippet:-1","max-image-preview":"max-image-preview:large","max-video-preview":"max-video-preview:-1"},"canonical":"https:\/\/www.elettrowebstore.com\/es\/shop\/conjunto-de-mesa-de-sofa-y-2-sillones-de-aluminio-y-textileno-houston-mst10\/","og_locale":"es_ES","og_type":"article","og_title":"Set Houston in alluminio e textilene tavolo+divano e 2 poltrone MST10 - ElettroWebStore","og_description":"Set Houston in alluminio e textilene tavolo+divano e 2 poltrone MST10 \u00e8 una composizione di tavolo, un divano e due poltrone, in alluminio","og_url":"https:\/\/www.elettrowebstore.com\/es\/shop\/conjunto-de-mesa-de-sofa-y-2-sillones-de-aluminio-y-textileno-houston-mst10\/","og_site_name":"ElettroWebStore","article_modified_time":"2023-03-01T15:43:19+00:00","og_image":[{"width":800,"height":600,"url":"https:\/\/res.cloudinary.com\/dl3yepmtd\/images\/v1649079564\/MOIMST10\/set-houston-tavolino-divano-2_poltrone-MST10-1\/set-houston-tavolino-divano-2_poltrone-MST10-1.jpg","type":"image\/jpeg"}],"twitter_card":"summary_large_image","twitter_misc":{"Tiempo de lectura":"7 minutos"},"schema":{"@context":"https:\/\/schema.org","@graph":[{"@type":"WebPage","@id":"https:\/\/www.elettrowebstore.com\/shop\/set-houston-in-alluminio-e-textilene-tavolodivano-e-2-poltrone-mst10\/","url":"https:\/\/www.elettrowebstore.com\/shop\/set-houston-in-alluminio-e-textilene-tavolodivano-e-2-poltrone-mst10\/","name":"Conjunto de mesa+sof\u00e1 y 2 sillones Houston de aluminio y textileno MST10 - ElettroWebStore","isPartOf":{"@id":"https:\/\/www.elettrowebstore.com\/#website"},"primaryImageOfPage":{"@id":"https:\/\/www.elettrowebstore.com\/shop\/set-houston-in-alluminio-e-textilene-tavolodivano-e-2-poltrone-mst10\/#primaryimage"},"image":{"@id":"https:\/\/www.elettrowebstore.com\/shop\/set-houston-in-alluminio-e-textilene-tavolodivano-e-2-poltrone-mst10\/#primaryimage"},"thumbnailUrl":"https:\/\/www.elettrowebstore.com\/EWS_Store\/wp-content\/uploads\/set-houston-tavolino-divano-2_poltrone-MST10-1.jpg","datePublished":"2022-04-04T10:51:32+00:00","dateModified":"2023-03-01T15:43:19+00:00","description":"El conjunto de mesa+sof\u00e1 y 2 sillones Houston de aluminio y textilene MST10 es una composici\u00f3n de una mesa, un sof\u00e1 y dos sillones, de aluminio","breadcrumb":{"@id":"https:\/\/www.elettrowebstore.com\/shop\/set-houston-in-alluminio-e-textilene-tavolodivano-e-2-poltrone-mst10\/#breadcrumb"},"inLanguage":"es","potentialAction":[{"@type":"ReadAction","target":["https:\/\/www.elettrowebstore.com\/shop\/set-houston-in-alluminio-e-textilene-tavolodivano-e-2-poltrone-mst10\/"]}]},{"@type":"ImageObject","inLanguage":"es","@id":"https:\/\/www.elettrowebstore.com\/shop\/set-houston-in-alluminio-e-textilene-tavolodivano-e-2-poltrone-mst10\/#primaryimage","url":"https:\/\/www.elettrowebstore.com\/EWS_Store\/wp-content\/uploads\/set-houston-tavolino-divano-2_poltrone-MST10-1.jpg","contentUrl":"https:\/\/www.elettrowebstore.com\/EWS_Store\/wp-content\/uploads\/set-houston-tavolino-divano-2_poltrone-MST10-1.jpg","width":800,"height":600,"caption":"Set Houston in alluminio e textilene tavolo+divano e 2 poltrone MST10"},{"@type":"BreadcrumbList","@id":"https:\/\/www.elettrowebstore.com\/shop\/set-houston-in-alluminio-e-textilene-tavolodivano-e-2-poltrone-mst10\/#breadcrumb","itemListElement":[{"@type":"ListItem","position":1,"name":"Home","item":"https:\/\/www.elettrowebstore.com\/"},{"@type":"ListItem","position":2,"name":"Shop","item":"https:\/\/www.elettrowebstore.com\/shop\/"},{"@type":"ListItem","position":3,"name":"Arredo giardino, esterno e outdoor","item":"https:\/\/www.elettrowebstore.com\/categoria-prodotto\/arredo_giardino_esterno_outdoor\/"},{"@type":"ListItem","position":4,"name":"Set Houston in alluminio e textilene tavolo+divano e 2 poltrone MST10"}]},{"@type":"WebSite","@id":"https:\/\/www.elettrowebstore.com\/#website","url":"https:\/\/www.elettrowebstore.com\/","name":"ElettroWebStore","description":"Art\u00edculos para el hogar bolsas de vac\u00edo ferreter\u00eda art\u00edculos de jardiner\u00eda electrodom\u00e9sticos","publisher":{"@id":"https:\/\/www.elettrowebstore.com\/#organization"},"potentialAction":[{"@type":"SearchAction","target":{"@type":"EntryPoint","urlTemplate":"https:\/\/www.elettrowebstore.com\/?s={search_term_string}"},"query-input":{"@type":"PropertyValueSpecification","valueRequired":true,"valueName":"search_term_string"}}],"inLanguage":"es"},{"@type":"Organization","@id":"https:\/\/www.elettrowebstore.com\/#organization","name":"ElettroWebStore - ELCA S.r.l.","url":"https:\/\/www.elettrowebstore.com\/","logo":{"@type":"ImageObject","inLanguage":"es","@id":"https:\/\/www.elettrowebstore.com\/#\/schema\/logo\/image\/","url":"","contentUrl":"","caption":"ElettroWebStore - ELCA S.r.l."},"image":{"@id":"https:\/\/www.elettrowebstore.com\/#\/schema\/logo\/image\/"}}]}},"_links":{"self":[{"href":"https:\/\/www.elettrowebstore.com\/es\/wp-json\/wp\/v2\/product\/171128","targetHints":{"allow":["GET"]}}],"collection":[{"href":"https:\/\/www.elettrowebstore.com\/es\/wp-json\/wp\/v2\/product"}],"about":[{"href":"https:\/\/www.elettrowebstore.com\/es\/wp-json\/wp\/v2\/types\/product"}],"wp:featuredmedia":[{"embeddable":true,"href":"https:\/\/www.elettrowebstore.com\/es\/wp-json\/wp\/v2\/media\/171208"}],"wp:attachment":[{"href":"https:\/\/www.elettrowebstore.com\/es\/wp-json\/wp\/v2\/media?parent=171128"}],"wp:term":[{"taxonomy":"product_brand","embeddable":true,"href":"https:\/\/www.elettrowebstore.com\/es\/wp-json\/wp\/v2\/product_brand?post=171128"},{"taxonomy":"product_cat","embeddable":true,"href":"https:\/\/www.elettrowebstore.com\/es\/wp-json\/wp\/v2\/product_cat?post=171128"},{"taxonomy":"product_tag","embeddable":true,"href":"https:\/\/www.elettrowebstore.com\/es\/wp-json\/wp\/v2\/product_tag?post=171128"}],"curies":[{"name":"wp","href":"https:\/\/api.w.org\/{rel}","templated":true}]}}