{"id":170135,"date":"2022-03-31T11:15:52","date_gmt":"2022-03-31T09:15:52","guid":{"rendered":"https:\/\/www.elettrowebstore.com\/?post_type=product&#038;p=170135"},"modified":"2023-02-22T09:20:30","modified_gmt":"2023-02-22T08:20:30","slug":"ombrellone-3-x-3-mt-grigio-chiaro-con-palo-laterale-e5048","status":"publish","type":"product","link":"https:\/\/www.elettrowebstore.com\/es\/shop\/3-x-3-m-sombrilla-gris-claro-con-mastil-lateral-e5048\/","title":{"rendered":"Paraguas gris claro 3 x 3 m con m\u00e1stil lateral E5048"},"content":{"rendered":"<h2><strong>Paraguas gris claro 3 x 3 m con m\u00e1stil lateral E5048<\/strong><\/h2>\n<p>La sombrilla gris claro de 3 x 3 m con m\u00e1stil lateral E5048 es una soluci\u00f3n ideal para mobiliario de exterior; puede colocarse en el jard\u00edn o junto a la piscina, por ejemplo. Su s\u00f3lida estructura consta de un <strong>poste lateral<\/strong> con base en forma de cruz. El mecanismo de apertura es giratorio. La funda de la sombrilla es de tejido de olefina de 200 g y tiene un color gris claro.<\/p>\n<p>Esta sombrilla har\u00e1 que su espacio exterior sea \u00fanico, \u00a1con gusto y sofisticaci\u00f3n!<\/p>\n<p><strong>ATENCI\u00d3N: LAS BALDOSAS BASE QUE SE VEN EN LA FOTO NO EST\u00c1N INCLUIDAS EN EL PAQUETE DE VENTA. DEBEN ADQUIRIRSE POR SEPARADO.<\/strong><\/p>\n<p><img loading=\"lazy\" decoding=\"async\" class=\"size-full wp-image-170151 aligncenter\" src=\"https:\/\/res.cloudinary.com\/dl3yepmtd\/images\/v1648720571\/MOIE5048\/ombrellone-3x3-grigio-palo_laterale-E5048-3\/ombrellone-3x3-grigio-palo_laterale-E5048-3.jpg\" alt=\"Paraguas gris claro 3 x 3 m con m\u00e1stil lateral E5048\" width=\"600\" height=\"800\" \/><\/p>\n<h2><strong>Descripci\u00f3n <\/strong><strong>Paraguas gris claro 3 x 3 m con m\u00e1stil lateral E5048<\/strong><\/h2>\n<p>L' <strong>Paraguas gris claro 3 x 3 m con m\u00e1stil lateral E5048 <\/strong>tiene una estructura s\u00f3lida formada por un <strong>poste lateral de aluminio <\/strong>\u00f3valo de madera con 8 palos tambi\u00e9n <strong>en aluminio.<\/strong><\/p>\n<p>El barniz WOODEN LOOK reproduce las vetas de la madera.<\/p>\n<p>El paraguas E5048 tiene una gran libertad de posicionamiento gracias a su mecanismo de apertura con sistema de mango giratorio, que permite girarlo 360 grados e inclinar la lona como en la foto.<\/p>\n<p>La sombrilla est\u00e1 equipada con un cortavientos. El <strong>cobertura<\/strong>de <strong>metros 3X3<\/strong>Fabricada con tejido de olefina gris de 200 g, proporciona una excelente protecci\u00f3n contra los rayos del sol y es de color gris claro. La funda est\u00e1 encerada y es resistente al agua, pero no completamente impermeable, sobre todo cuando se somete a la acci\u00f3n de la intemperie durante periodos prolongados.<\/p>\n<p>El tejido de olefina es un material ligero, <span class=\"ILfuVd\"><span class=\"hgKElc\">resistente a la decoloraci\u00f3n<\/span><\/span> debido a los rayos del sol, esto permite que el color no se desti\u00f1a f\u00e1cilmente.<\/p>\n<p>&nbsp;<\/p>\n<h2><img loading=\"lazy\" decoding=\"async\" class=\"size-full wp-image-170153 aligncenter\" src=\"https:\/\/res.cloudinary.com\/dl3yepmtd\/images\/w_600,h_800\/v1648720896\/MOIE5048\/ombrellone-3x3-grigio-palo_laterale-E5048-1\/ombrellone-3x3-grigio-palo_laterale-E5048-1.jpg?_i=AA\" alt=\"Paraguas gris claro 3 x 3 m con m\u00e1stil lateral E5048\" width=\"600\" height=\"800\" \/><\/h2>\n<h2><\/h2>\n<h2><strong>Especificaciones t\u00e9cnicas<\/strong><\/h2>\n<ul>\n<li><span class=\"fontstyle0\">Sombrilla cuadrada 3\u00d73 m<br \/>\n<\/span><\/li>\n<li>Secci\u00f3n de poste lateral oval 80 x 53 mm en aluminio WOODEN LOOK con asa<\/li>\n<li>Funda impermeable de olefina de 200 gramos de color gris claro<\/li>\n<li>8 varillas 14x24x0,8 mm<\/li>\n<li>Mecanismo de apertura giratorio para girar la sombrilla 360 grados<span class=\"fontstyle0\"><br \/>\n<\/span><\/li>\n<li>Inclinaci\u00f3n y basculaci\u00f3n<\/li>\n<li>Con cortaviento<\/li>\n<li>Altura m\u00e1xima con base 2,63 metros<\/li>\n<li>Base transversal <strong>los azulejos no est\u00e1n incluidos<\/strong><\/li>\n<li>Embalaje: 1 paquete<\/li>\n<li>Robusto y resistente<\/li>\n<li>Fabricado en China<\/li>\n<\/ul>\n<p>&nbsp;<\/p>\n<h2><\/h2>\n<h2><strong>Garant\u00eda<\/strong><\/h2>\n<p>L'<strong>Paraguas gris claro 3 x 3 m con m\u00e1stil lateral E5048 <\/strong>est\u00e1 cubierto por <a href=\"https:\/\/www.elettrowebstore.com\/due-anni-di-garanzia-su-ogni-prodotto-acquistato\/\"><strong>garant\u00eda legal<\/strong><\/a>seg\u00fan la p\u00e1gina correspondiente de nuestro sitio web, que le invitamos a leer. Tambi\u00e9n proporcionamos informaci\u00f3n clara sobre el ejercicio de la <a href=\"https:\/\/www.elettrowebstore.com\/diritto-di-recesso-restituzione-prodotti\/\"><strong>derecho de retractaci\u00f3n<\/strong><\/a>.<\/p>\n<p>No existen Centros de Asistencia T\u00e9cnica Autorizados (CAT) en el territorio nacional para los productos de mobiliario de jard\u00edn. La instalaci\u00f3n de los productos y de las piezas de recambio es responsabilidad exclusiva del comprador.<\/p>\n<p><strong>Los productos de mobiliario de exterior, aunque est\u00e1n dise\u00f1ados para estar al aire libre, tambi\u00e9n necesitan cuidados y atenci\u00f3n<\/strong>especialmente en el caso de art\u00edculos fabricados con materiales delicados. Por lo tanto, comprar un producto de jard\u00edn no significa comprar un art\u00edculo indestructible o que no necesite mantenimiento. Al contrario, algunos materiales como maderas, resinas, acero no galvanizado requieren cuidados, limpieza, atenci\u00f3n. Art\u00edculos como sombrillas y cenadores exigen evitar el efecto vela cuando hace mal tiempo (las sombrillas deben estar cerradas). En caso de fuertes lluvias o nevadas, las estructuras pueden no ser lo bastante resistentes para soportarlo.<\/p>\n<p>Por lo tanto, antes de comprar, instamos a todos los clientes a que eval\u00faen detenidamente sus necesidades y las cualidades del producto.<\/p>\n<p>De hecho, ni los fabricantes ni ElettroWebStore pueden sustituir en garant\u00eda o servicio art\u00edculos que, aunque hayan sido comprados recientemente, est\u00e9n desgastados o se hayan deteriorado respecto a su estado original.<\/p>\n<p>Encontrar\u00e1 m\u00e1s informaci\u00f3n sobre la legislaci\u00f3n pertinente en el sitio web de la<a href=\"http:\/\/www.agcm.it\/consumatore\/decalogo\/5102-garanzia-del-venditore-guida-per-il-consumatore.html\"><strong>Autoridad de Competencia y Mercado<\/strong><\/a>.<\/p>\n<p>Con el fin de mejorar la calidad del producto, el fabricante se reserva el derecho de modificar los materiales y las caracter\u00edsticas t\u00e9cnicas del art\u00edculo sin previo aviso.  Adem\u00e1s, las descripciones e im\u00e1genes que aqu\u00ed se ofrecen son, por tanto, orientativas y pueden variar ligeramente respecto al producto final.<\/p>\n<p>&nbsp;<\/p>\n<h2><strong>Plazo de entrega y disponibilidad de los productos<br \/>\n<\/strong><\/h2>\n<p>Los productos de mobiliario de exterior son importados. Su disponibilidad puede variar sin previo aviso, aunque en el sitio web se indique que los productos est\u00e1n disponibles. Por esta raz\u00f3n, en caso de urgencia o de informaci\u00f3n m\u00e1s detallada, le invitamos a <a href=\"https:\/\/www.elettrowebstore.com\/contatta-lo-staff-di-elettrowebstore\/\"><strong>p\u00f3ngase en contacto con nosotros por correo electr\u00f3nico<\/strong><\/a> para m\u00e1s aclaraciones.<\/p>\n<p>Si el producto est\u00e1 disponible para entrega inmediata en uno de nuestros almacenes, se puede pedir inmediatamente. A continuaci\u00f3n, se env\u00eda desde ElettroWebStore<strong> en un plazo de 10 d\u00edas laborables a partir de la fecha de compra<\/strong>.<\/p>\n<p>Adem\u00e1s, todos los env\u00edos de ElettroWebStore est\u00e1n exentos de gastos de env\u00edo.<\/p>\n<p>Adem\u00e1s de los transportistas mencionados a continuaci\u00f3n, ElettroWebStore tambi\u00e9n utiliza otros transportistas de \u00e1mbito nacional con corresponsales locales para el env\u00edo de art\u00edculos de gran volumen. Estos \u00faltimos suelen estar especializados en el env\u00edo y la entrega de art\u00edculos voluminosos, ya que disponen de corresponsales locales espec\u00edficos en el territorio nacional.<\/p>\n<p>Se lo recordamos:<\/p>\n<ol>\n<li>Las mercanc\u00edas se entregan en la planta baja que da a la calle. No hay entrega en el suelo a menos que se acuerde espec\u00edficamente con ElettroWebStore;<\/li>\n<li>Teniendo en cuenta el volumen de muchos art\u00edculos de mobiliario de exterior, siempre es una buena idea evaluar cuidadosamente los paquetes antes de descargarlos, anotando en el documento de transporte o en la terminal del transportista cualquier defecto externo del producto.<\/li>\n<\/ol>\n<p><img loading=\"lazy\" decoding=\"async\" class=\"aligncenter size-full wp-image-41372\" src=\"https:\/\/www.elettrowebstore.com\/EWS_Store\/wp-content\/uploads\/.\/elettrowebstore-spedizione-con-corrieri-brt-sda-dhl-nexive-ld.jpg\" alt=\"Estos son los transportistas con los que ElettroWebStore.com realiza sus env\u00edos\" width=\"800\" height=\"189\" srcset=\"https:\/\/www.elettrowebstore.com\/EWS_Store\/wp-content\/uploads\/elettrowebstore-spedizione-con-corrieri-brt-sda-dhl-nexive-ld.jpg 800w, https:\/\/www.elettrowebstore.com\/EWS_Store\/wp-content\/uploads\/elettrowebstore-spedizione-con-corrieri-brt-sda-dhl-nexive-ld-600x142.jpg 600w, https:\/\/www.elettrowebstore.com\/EWS_Store\/wp-content\/uploads\/elettrowebstore-spedizione-con-corrieri-brt-sda-dhl-nexive-ld-768x181.jpg 768w\" sizes=\"auto, (max-width: 800px) 100vw, 800px\" \/><\/p>\n<p>&nbsp;<\/p>\n<h2><strong>Formas de pago aceptadas<\/strong><\/h2>\n<p><strong>En el sitio web de ElettroWebStore puede pagar con todos los m\u00e9todos habituales<\/strong>tanto espec\u00edficas de Internet (como las tarjetas prepago) como tradicionales (como las tarjetas de cr\u00e9dito cl\u00e1sicas).<\/p>\n<p><img loading=\"lazy\" decoding=\"async\" class=\"aligncenter size-full wp-image-41371\" src=\"https:\/\/www.elettrowebstore.com\/EWS_Store\/wp-content\/uploads\/.\/elettrowebstore-pagamenti-accettati-ld.jpg\" alt=\"Estos son los m\u00e9todos de pago aceptados por ElettroWebStore.com\" width=\"800\" height=\"199\" srcset=\"https:\/\/www.elettrowebstore.com\/EWS_Store\/wp-content\/uploads\/elettrowebstore-pagamenti-accettati-ld.jpg 800w, https:\/\/www.elettrowebstore.com\/EWS_Store\/wp-content\/uploads\/elettrowebstore-pagamenti-accettati-ld-600x149.jpg 600w, https:\/\/www.elettrowebstore.com\/EWS_Store\/wp-content\/uploads\/elettrowebstore-pagamenti-accettati-ld-768x191.jpg 768w\" sizes=\"auto, (max-width: 800px) 100vw, 800px\" \/><\/p>\n<p>Todos los pagos se gestionan a trav\u00e9s del <a href=\"https:\/\/www.paypal.com\/it\/webapps\/mpp\/paypal-safety-and-security\"><strong>Paypal<\/strong><\/a>. Adem\u00e1s, aunque no dispongas de Paypal, puedes pagar sin necesidad de registrarte y guardar tus credenciales. Todo lo que tienes que hacer es introducir tus datos en las p\u00e1ginas de Paypal.<\/p>\n<p>En ning\u00fan caso <a href=\"http:\/\/www.elettrowebstore.com\"><strong>ElettroWebStore<\/strong><\/a> gestionar los datos de sus tarjetas de pago o darse cuenta de ellos. De hecho <a href=\"http:\/\/www.elettrowebstore.com\"><strong>ElettroWebStore<\/strong><\/a> s\u00f3lo ver\u00e1 si el pago se ha efectuado o no.<\/p>\n<p>Nuestro sitio utiliza protocolos HTTPS, que garantizan un alto nivel de seguridad para los usuarios.<\/p>","protected":false},"excerpt":{"rendered":"<p><strong>Paraguas gris claro 3 x 3 m con m\u00e1stil lateral E5048 <\/strong>, con mecanismo giratorio de 360 grados, m\u00e1stil de aluminio aspecto madera<\/p>","protected":false},"featured_media":170151,"template":"","meta":[],"product_brand":[],"product_cat":[18],"product_tag":[177,882,334,788,2334,335,338,2335,2324,1637,818,2309],"class_list":{"0":"post-170135","1":"product","2":"type-product","3":"status-publish","4":"has-post-thumbnail","6":"product_cat-arredo_giardino_esterno_outdoor","7":"product_tag-3x3","8":"product_tag-arredamento","9":"product_tag-arredo","10":"product_tag-copertura","11":"product_tag-e5048","12":"product_tag-esterno","13":"product_tag-giardino","14":"product_tag-grigio","15":"product_tag-olefin","16":"product_tag-ombrellone","17":"product_tag-outdoor","18":"product_tag-palo-laterale","19":"product_shipping_class-garden","21":"first","22":"instock","23":"taxable","24":"shipping-taxable","25":"purchasable","26":"product-type-simple"},"_links":{"self":[{"href":"https:\/\/www.elettrowebstore.com\/es\/wp-json\/wp\/v2\/product\/170135","targetHints":{"allow":["GET"]}}],"collection":[{"href":"https:\/\/www.elettrowebstore.com\/es\/wp-json\/wp\/v2\/product"}],"about":[{"href":"https:\/\/www.elettrowebstore.com\/es\/wp-json\/wp\/v2\/types\/product"}],"wp:featuredmedia":[{"embeddable":true,"href":"https:\/\/www.elettrowebstore.com\/es\/wp-json\/wp\/v2\/media\/170151"}],"wp:attachment":[{"href":"https:\/\/www.elettrowebstore.com\/es\/wp-json\/wp\/v2\/media?parent=170135"}],"wp:term":[{"taxonomy":"product_brand","embeddable":true,"href":"https:\/\/www.elettrowebstore.com\/es\/wp-json\/wp\/v2\/product_brand?post=170135"},{"taxonomy":"product_cat","embeddable":true,"href":"https:\/\/www.elettrowebstore.com\/es\/wp-json\/wp\/v2\/product_cat?post=170135"},{"taxonomy":"product_tag","embeddable":true,"href":"https:\/\/www.elettrowebstore.com\/es\/wp-json\/wp\/v2\/product_tag?post=170135"}],"curies":[{"name":"wp","href":"https:\/\/api.w.org\/{rel}","templated":true}]}}