{"id":169221,"date":"2022-03-28T09:32:28","date_gmt":"2022-03-28T07:32:28","guid":{"rendered":"https:\/\/www.elettrowebstore.com\/?post_type=product&#038;p=169221"},"modified":"2026-02-19T17:13:51","modified_gmt":"2026-02-19T16:13:51","slug":"voliera-batteria-6-posti-cm-100x40-altezza-cm-160-mod-l31","status":"publish","type":"product","link":"https:\/\/www.elettrowebstore.com\/es\/shop\/bateria-pajarera-6-plazas-100x40-cm-altura-160-cm-mod-l31\/","title":{"rendered":"Pajarera bater\u00eda 6 plazas CM 100X40 altura CM 160 MOD.L31"},"content":{"rendered":"<h2><strong>Pajarera bater\u00eda 6 plazas CM 100X40 altura CM 160 MOD.L31<\/strong><\/h2>\n<p>La<strong> Pajarera bater\u00eda 6 plazas CM 100X40 altura CM 160 MOD.L31<\/strong> consta de tres m\u00f3dulos, cada uno con dos jaulas separadas por tabiques extra\u00edbles, para un total de seis jaulas individuales. Est\u00e1 equipada con patas con ruedas para facilitar su desplazamiento, comederos de pl\u00e1stico y perchas.<\/p>\n<p>Esta jaula tiene la parte trasera de chapa y los laterales de malla totalmente galvanizados y pintados con pintura en polvo curada en horno a 180 grados. Es una <strong>producto totalmente italiano<\/strong>.<\/p>\n<p>Cada m\u00f3dulo tiene un caj\u00f3n de suciedad extra\u00edble con una rejilla (tambi\u00e9n extra\u00edble) que divide el fondo de la jaula.<\/p>\n<h2><img loading=\"lazy\" decoding=\"async\" class=\"size-full wp-image-169228 aligncenter\" src=\"https:\/\/www.elettrowebstore.com\/EWS_Store\/wp-content\/uploads\/voliera-batteria-6_posti-L31.jpg\" alt=\"Pajarera bater\u00eda 6 plazas CM 100X40 altura CM 160 MOD.L31\" width=\"800\" height=\"600\" srcset=\"https:\/\/www.elettrowebstore.com\/EWS_Store\/wp-content\/uploads\/voliera-batteria-6_posti-L31.jpg 800w, https:\/\/www.elettrowebstore.com\/EWS_Store\/wp-content\/uploads\/voliera-batteria-6_posti-L31-600x450.jpg 600w, https:\/\/www.elettrowebstore.com\/EWS_Store\/wp-content\/uploads\/voliera-batteria-6_posti-L31-768x576.jpg 768w\" sizes=\"auto, (max-width: 800px) 100vw, 800px\" \/><\/h2>\n<h2><strong>Caracter\u00edsticas t\u00e9cnicas Pajarera bater\u00eda 6 plazas CM 100X40 altura CM 160 MOD.L31<br \/>\n<\/strong><\/h2>\n<ul>\n<li>Bater\u00eda de cr\u00eda para aves<\/li>\n<li>Dimensiones: 100 x 40 x 160 cm<\/li>\n<li>Consta de 6 asientos\/jaulas individuales<\/li>\n<li>Rejillas protectoras en la parte inferior<\/li>\n<li>Separadores de chapa extra\u00edbles<\/li>\n<li>Parte trasera de chapa y laterales de rejilla<\/li>\n<li>Incluidos comederos y perchas de pl\u00e1stico<\/li>\n<\/ul>\n<p>&nbsp;<\/p>\n<h2><strong>Garant\u00eda<\/strong><\/h2>\n<p>El producto est\u00e1 cubierto por <a href=\"https:\/\/www.elettrowebstore.com\/due-anni-di-garanzia-su-ogni-prodotto-acquistato\/\" target=\"_blank\" rel=\"noopener\"><strong>garant\u00eda legal<\/strong><\/a>seg\u00fan la p\u00e1gina correspondiente de nuestro sitio web, que le invitamos a leer.<\/p>\n<p>&nbsp;<\/p>\n<h2><strong>Exclusi\u00f3n del derecho de desistimiento<\/strong><\/h2>\n<p>Todas las jaulas presentadas en nuestro sitio son artesanales. Por lo tanto, se montan y env\u00edan espec\u00edficamente para el cliente que las adquiere. Por este motivo, no es posible hacer uso del derecho de desistimiento al comprar este tipo de art\u00edculos.<\/p>\n<p>Para m\u00e1s informaci\u00f3n, visite nuestra p\u00e1gina sobre el <a href=\"https:\/\/www.elettrowebstore.com\/diritto-di-recesso-restituzione-prodotti\/\" target=\"_blank\" rel=\"noopener\"><strong>derecho de retractaci\u00f3n<\/strong><\/a>.<\/p>\n<p>&nbsp;<\/p>\n<p>&nbsp;<\/p>\n<h2><strong>Plazo de entrega<\/strong><\/h2>\n<p>Este producto est\u00e1 disponible y el plazo de entrega es de al menos 10 d\u00edas h\u00e1biles desde el momento del pago y no es vinculante, ya que los art\u00edculos est\u00e1n a menudo en reposici\u00f3n. Utilizamos el servicio de mensajer\u00eda BRT para el env\u00edo. Servicios como la entrega en el piso, con cita previa, porter\u00eda, son todos adicionales y de pago. Si necesita un servicio en particular, p\u00f3ngase en contacto con nosotros antes de comprar para que podamos ayudarle a elegir el servicio m\u00e1s adecuado para usted.<\/p>\n<p>Adem\u00e1s, \u00a1todos los env\u00edos de ElettroWebStore en Italia est\u00e1n exentos de gastos de transporte (excepto los env\u00edos a zonas especialmente inc\u00f3modas)!<\/p>\n<p>Si compra desde fuera de Italia, el sistema calcula los gastos de env\u00edo a tanto alzado. Si observa que, en relaci\u00f3n con el peso del producto elegido, los gastos de env\u00edo le parecen excesivos o desproporcionados, finalice su pedido sin pagar y <a href=\"https:\/\/www.elettrowebstore.com\/contatta-lo-staff-di-elettrowebstore\/\"><strong>Contacto<\/strong><\/a>\u00a1! Evaluaremos y, si es necesario, ajustaremos los gastos de env\u00edo al extranjero.<\/p>\n<p><img loading=\"lazy\" decoding=\"async\" class=\"aligncenter size-full wp-image-41372\" src=\"https:\/\/www.elettrowebstore.com\/EWS_Store\/wp-content\/uploads\/.\/elettrowebstore-spedizione-con-corrieri-brt-sda-dhl-nexive-ld.jpg\" alt=\"Estos son los transportistas con los que ElettroWebStore.com realiza sus env\u00edos\" width=\"800\" height=\"189\" srcset=\"https:\/\/www.elettrowebstore.com\/EWS_Store\/wp-content\/uploads\/elettrowebstore-spedizione-con-corrieri-brt-sda-dhl-nexive-ld.jpg 800w, https:\/\/www.elettrowebstore.com\/EWS_Store\/wp-content\/uploads\/elettrowebstore-spedizione-con-corrieri-brt-sda-dhl-nexive-ld-600x142.jpg 600w, https:\/\/www.elettrowebstore.com\/EWS_Store\/wp-content\/uploads\/elettrowebstore-spedizione-con-corrieri-brt-sda-dhl-nexive-ld-768x181.jpg 768w\" sizes=\"auto, (max-width: 800px) 100vw, 800px\" \/><\/p>\n<h2><strong>Formas de pago aceptadas<\/strong><\/h2>\n<p><strong>En el sitio web de ElettroWebStore puede pagar con todos los m\u00e9todos habituales<\/strong>tanto espec\u00edficas de Internet (como las tarjetas prepago) como tradicionales (como las tarjetas de cr\u00e9dito cl\u00e1sicas).<\/p>\n<p><img loading=\"lazy\" decoding=\"async\" class=\"aligncenter size-full wp-image-41371\" src=\"https:\/\/www.elettrowebstore.com\/EWS_Store\/wp-content\/uploads\/.\/elettrowebstore-pagamenti-accettati-ld.jpg\" alt=\"Estos son los m\u00e9todos de pago aceptados por ElettroWebStore.com\" width=\"800\" height=\"199\" srcset=\"https:\/\/www.elettrowebstore.com\/EWS_Store\/wp-content\/uploads\/elettrowebstore-pagamenti-accettati-ld.jpg 800w, https:\/\/www.elettrowebstore.com\/EWS_Store\/wp-content\/uploads\/elettrowebstore-pagamenti-accettati-ld-600x149.jpg 600w, https:\/\/www.elettrowebstore.com\/EWS_Store\/wp-content\/uploads\/elettrowebstore-pagamenti-accettati-ld-768x191.jpg 768w\" sizes=\"auto, (max-width: 800px) 100vw, 800px\" \/><\/p>\n<p>&nbsp;<\/p>\n<p>Todos los pagos se gestionan a trav\u00e9s de <a href=\"https:\/\/www.paypal.com\/it\/webapps\/mpp\/paypal-safety-and-security\"><strong>Paypal<\/strong><\/a>. Adem\u00e1s, aunque no dispongas de Paypal, puedes pagar sin necesidad de registrarte y almacenar tus credenciales. Todo lo que tiene que hacer es introducir sus datos en los campos correspondientes. El sistema est\u00e1 encriptado y protegido y sus datos no ser\u00e1n facilitados a ElettroWebStore de ninguna manera. De hecho, ElettroWebStore s\u00f3lo puede ver si su pago se ha realizado o no y \u00a1s\u00f3lo la informaci\u00f3n que usted decida introducir!<\/p>\n<p>En ning\u00fan caso <a href=\"http:\/\/www.elettrowebstore.com\"><strong>ElettroWebStore<\/strong><\/a> gestionar los datos de sus tarjetas de pago o darse cuenta de ellos. De hecho <a href=\"http:\/\/www.elettrowebstore.com\"><strong>ElettroWebStore<\/strong><\/a> s\u00f3lo ver\u00e1 si el pago se ha efectuado o no.<\/p>\n<p>Nuestro sitio utiliza protocolos HTTPS, que garantizan un alto nivel de seguridad para los usuarios.<\/p>","protected":false},"excerpt":{"rendered":"<p><strong>Pajarera bater\u00eda 6 plazas CM 100X40 altura CM 160 MOD.L31.<br \/>\n<\/strong><\/p>","protected":false},"featured_media":169228,"template":"","meta":[],"product_brand":[],"product_cat":[975],"product_tag":[1428,667,296,42,1427,2306,979,977],"class_list":{"0":"post-169221","1":"product","2":"type-product","3":"status-publish","4":"has-post-thumbnail","6":"product_cat-articoli-per-animali","7":"product_tag-6-posti","8":"product_tag-animali","9":"product_tag-batteria","10":"product_tag-gabbia","11":"product_tag-gabbie","12":"product_tag-l31","13":"product_tag-lamiera","14":"product_tag-voliera","15":"product_shipping_class-garden","17":"first","18":"outofstock","19":"taxable","20":"shipping-taxable","21":"purchasable","22":"product-type-simple"},"yoast_head":"<!-- This site is optimized with the Yoast SEO plugin v27.4 - https:\/\/yoast.com\/product\/yoast-seo-wordpress\/ -->\n<title>Voliera batteria 6 posti CM 100X40 altezza CM 160 MOD.L31 ElettroWebStore<\/title>\n<meta name=\"description\" content=\"Batteria di 3 gabbie sovrapponibili, ognuna di 100X40 cm per un totale di 160 cm di altezza, a 6 POSTI adatta per uccellini\" \/>\n<meta name=\"robots\" content=\"index, follow, max-snippet:-1, max-image-preview:large, max-video-preview:-1\" \/>\n<link rel=\"canonical\" href=\"https:\/\/www.elettrowebstore.com\/es\/shop\/bateria-pajarera-6-plazas-100x40-cm-altura-160-cm-mod-l31\/\" \/>\n<meta property=\"og:locale\" content=\"es_ES\" \/>\n<meta property=\"og:type\" content=\"article\" \/>\n<meta property=\"og:title\" content=\"Voliera batteria 6 posti CM 100X40 altezza CM 160 MOD.L31 ElettroWebStore\" \/>\n<meta property=\"og:description\" content=\"Batteria di 3 gabbie sovrapponibili, ognuna di 100X40 cm per un totale di 160 cm di altezza, a 6 POSTI adatta per uccellini\" \/>\n<meta property=\"og:url\" content=\"https:\/\/www.elettrowebstore.com\/es\/shop\/bateria-pajarera-6-plazas-100x40-cm-altura-160-cm-mod-l31\/\" \/>\n<meta property=\"og:site_name\" content=\"ElettroWebStore\" \/>\n<meta property=\"article:modified_time\" content=\"2026-02-19T16:13:51+00:00\" \/>\n<meta property=\"og:image\" content=\"https:\/\/www.elettrowebstore.com\/EWS_Store\/wp-content\/uploads\/voliera-batteria-6_posti-L31.jpg\" \/>\n\t<meta property=\"og:image:width\" content=\"800\" \/>\n\t<meta property=\"og:image:height\" content=\"600\" \/>\n\t<meta property=\"og:image:type\" content=\"image\/jpeg\" \/>\n<meta name=\"twitter:card\" content=\"summary_large_image\" \/>\n<meta name=\"twitter:label1\" content=\"Tiempo de lectura\" \/>\n\t<meta name=\"twitter:data1\" content=\"4 minutos\" \/>\n<script type=\"application\/ld+json\" class=\"yoast-schema-graph\">{\"@context\":\"https:\\\/\\\/schema.org\",\"@graph\":[{\"@type\":\"WebPage\",\"@id\":\"https:\\\/\\\/www.elettrowebstore.com\\\/shop\\\/voliera-batteria-6-posti-cm-100x40-altezza-cm-160-mod-l31\\\/\",\"url\":\"https:\\\/\\\/www.elettrowebstore.com\\\/shop\\\/voliera-batteria-6-posti-cm-100x40-altezza-cm-160-mod-l31\\\/\",\"name\":\"Voliera batteria 6 posti CM 100X40 altezza CM 160 MOD.L31 ElettroWebStore\",\"isPartOf\":{\"@id\":\"https:\\\/\\\/www.elettrowebstore.com\\\/#website\"},\"primaryImageOfPage\":{\"@id\":\"https:\\\/\\\/www.elettrowebstore.com\\\/shop\\\/voliera-batteria-6-posti-cm-100x40-altezza-cm-160-mod-l31\\\/#primaryimage\"},\"image\":{\"@id\":\"https:\\\/\\\/www.elettrowebstore.com\\\/shop\\\/voliera-batteria-6-posti-cm-100x40-altezza-cm-160-mod-l31\\\/#primaryimage\"},\"thumbnailUrl\":\"https:\\\/\\\/www.elettrowebstore.com\\\/EWS_Store\\\/wp-content\\\/uploads\\\/voliera-batteria-6_posti-L31.jpg\",\"datePublished\":\"2022-03-28T07:32:28+00:00\",\"dateModified\":\"2026-02-19T16:13:51+00:00\",\"description\":\"Batteria di 3 gabbie sovrapponibili, ognuna di 100X40 cm per un totale di 160 cm di altezza, a 6 POSTI adatta per uccellini\",\"breadcrumb\":{\"@id\":\"https:\\\/\\\/www.elettrowebstore.com\\\/shop\\\/voliera-batteria-6-posti-cm-100x40-altezza-cm-160-mod-l31\\\/#breadcrumb\"},\"inLanguage\":\"es\",\"potentialAction\":[{\"@type\":\"ReadAction\",\"target\":[\"https:\\\/\\\/www.elettrowebstore.com\\\/shop\\\/voliera-batteria-6-posti-cm-100x40-altezza-cm-160-mod-l31\\\/\"]}]},{\"@type\":\"ImageObject\",\"inLanguage\":\"es\",\"@id\":\"https:\\\/\\\/www.elettrowebstore.com\\\/shop\\\/voliera-batteria-6-posti-cm-100x40-altezza-cm-160-mod-l31\\\/#primaryimage\",\"url\":\"https:\\\/\\\/www.elettrowebstore.com\\\/EWS_Store\\\/wp-content\\\/uploads\\\/voliera-batteria-6_posti-L31.jpg\",\"contentUrl\":\"https:\\\/\\\/www.elettrowebstore.com\\\/EWS_Store\\\/wp-content\\\/uploads\\\/voliera-batteria-6_posti-L31.jpg\",\"width\":800,\"height\":600,\"caption\":\"Voliera batteria 6 posti CM 100X40 altezza CM 160 MOD.L31\"},{\"@type\":\"BreadcrumbList\",\"@id\":\"https:\\\/\\\/www.elettrowebstore.com\\\/shop\\\/voliera-batteria-6-posti-cm-100x40-altezza-cm-160-mod-l31\\\/#breadcrumb\",\"itemListElement\":[{\"@type\":\"ListItem\",\"position\":1,\"name\":\"Home\",\"item\":\"https:\\\/\\\/www.elettrowebstore.com\\\/\"},{\"@type\":\"ListItem\",\"position\":2,\"name\":\"Shop\",\"item\":\"https:\\\/\\\/www.elettrowebstore.com\\\/shop\\\/\"},{\"@type\":\"ListItem\",\"position\":3,\"name\":\"Prodotti per l'agricoltura e per gli animali\",\"item\":\"https:\\\/\\\/www.elettrowebstore.com\\\/categoria-prodotto\\\/agricoltura-animaleria\\\/\"},{\"@type\":\"ListItem\",\"position\":4,\"name\":\"Articoli per animali\",\"item\":\"https:\\\/\\\/www.elettrowebstore.com\\\/categoria-prodotto\\\/agricoltura-animaleria\\\/articoli-per-animali\\\/\"},{\"@type\":\"ListItem\",\"position\":5,\"name\":\"Voliera batteria 6 posti CM 100X40 altezza CM 160 MOD.L31\"}]},{\"@type\":\"WebSite\",\"@id\":\"https:\\\/\\\/www.elettrowebstore.com\\\/#website\",\"url\":\"https:\\\/\\\/www.elettrowebstore.com\\\/\",\"name\":\"ElettroWebStore\",\"description\":\"Casalinghi buste sottovuoto ferramenta articoli giardino elettrodomestici\",\"publisher\":{\"@id\":\"https:\\\/\\\/www.elettrowebstore.com\\\/#organization\"},\"potentialAction\":[{\"@type\":\"SearchAction\",\"target\":{\"@type\":\"EntryPoint\",\"urlTemplate\":\"https:\\\/\\\/www.elettrowebstore.com\\\/?s={search_term_string}\"},\"query-input\":{\"@type\":\"PropertyValueSpecification\",\"valueRequired\":true,\"valueName\":\"search_term_string\"}}],\"inLanguage\":\"es\"},{\"@type\":\"Organization\",\"@id\":\"https:\\\/\\\/www.elettrowebstore.com\\\/#organization\",\"name\":\"ElettroWebStore - ELCA S.r.l.\",\"url\":\"https:\\\/\\\/www.elettrowebstore.com\\\/\",\"logo\":{\"@type\":\"ImageObject\",\"inLanguage\":\"es\",\"@id\":\"https:\\\/\\\/www.elettrowebstore.com\\\/#\\\/schema\\\/logo\\\/image\\\/\",\"url\":\"\",\"contentUrl\":\"\",\"caption\":\"ElettroWebStore - ELCA S.r.l.\"},\"image\":{\"@id\":\"https:\\\/\\\/www.elettrowebstore.com\\\/#\\\/schema\\\/logo\\\/image\\\/\"}}]}<\/script>\n<!-- \/ Yoast SEO plugin. -->","yoast_head_json":{"title":"Bater\u00eda Pajarera 6 plazas CM 100X40 altura CM 160 MOD.L31 ElettroWebStore","description":"Juego de 3 jaulas apilables, cada una de 100X40 cm para una altura total de 160 cm, 6 LUGARES adecuados para p\u00e1jaros","robots":{"index":"index","follow":"follow","max-snippet":"max-snippet:-1","max-image-preview":"max-image-preview:large","max-video-preview":"max-video-preview:-1"},"canonical":"https:\/\/www.elettrowebstore.com\/es\/shop\/bateria-pajarera-6-plazas-100x40-cm-altura-160-cm-mod-l31\/","og_locale":"es_ES","og_type":"article","og_title":"Voliera batteria 6 posti CM 100X40 altezza CM 160 MOD.L31 ElettroWebStore","og_description":"Batteria di 3 gabbie sovrapponibili, ognuna di 100X40 cm per un totale di 160 cm di altezza, a 6 POSTI adatta per uccellini","og_url":"https:\/\/www.elettrowebstore.com\/es\/shop\/bateria-pajarera-6-plazas-100x40-cm-altura-160-cm-mod-l31\/","og_site_name":"ElettroWebStore","article_modified_time":"2026-02-19T16:13:51+00:00","og_image":[{"width":800,"height":600,"url":"https:\/\/www.elettrowebstore.com\/EWS_Store\/wp-content\/uploads\/voliera-batteria-6_posti-L31.jpg","type":"image\/jpeg"}],"twitter_card":"summary_large_image","twitter_misc":{"Tiempo de lectura":"4 minutos"},"schema":{"@context":"https:\/\/schema.org","@graph":[{"@type":"WebPage","@id":"https:\/\/www.elettrowebstore.com\/shop\/voliera-batteria-6-posti-cm-100x40-altezza-cm-160-mod-l31\/","url":"https:\/\/www.elettrowebstore.com\/shop\/voliera-batteria-6-posti-cm-100x40-altezza-cm-160-mod-l31\/","name":"Bater\u00eda Pajarera 6 plazas CM 100X40 altura CM 160 MOD.L31 ElettroWebStore","isPartOf":{"@id":"https:\/\/www.elettrowebstore.com\/#website"},"primaryImageOfPage":{"@id":"https:\/\/www.elettrowebstore.com\/shop\/voliera-batteria-6-posti-cm-100x40-altezza-cm-160-mod-l31\/#primaryimage"},"image":{"@id":"https:\/\/www.elettrowebstore.com\/shop\/voliera-batteria-6-posti-cm-100x40-altezza-cm-160-mod-l31\/#primaryimage"},"thumbnailUrl":"https:\/\/www.elettrowebstore.com\/EWS_Store\/wp-content\/uploads\/voliera-batteria-6_posti-L31.jpg","datePublished":"2022-03-28T07:32:28+00:00","dateModified":"2026-02-19T16:13:51+00:00","description":"Juego de 3 jaulas apilables, cada una de 100X40 cm para una altura total de 160 cm, 6 LUGARES adecuados para p\u00e1jaros","breadcrumb":{"@id":"https:\/\/www.elettrowebstore.com\/shop\/voliera-batteria-6-posti-cm-100x40-altezza-cm-160-mod-l31\/#breadcrumb"},"inLanguage":"es","potentialAction":[{"@type":"ReadAction","target":["https:\/\/www.elettrowebstore.com\/shop\/voliera-batteria-6-posti-cm-100x40-altezza-cm-160-mod-l31\/"]}]},{"@type":"ImageObject","inLanguage":"es","@id":"https:\/\/www.elettrowebstore.com\/shop\/voliera-batteria-6-posti-cm-100x40-altezza-cm-160-mod-l31\/#primaryimage","url":"https:\/\/www.elettrowebstore.com\/EWS_Store\/wp-content\/uploads\/voliera-batteria-6_posti-L31.jpg","contentUrl":"https:\/\/www.elettrowebstore.com\/EWS_Store\/wp-content\/uploads\/voliera-batteria-6_posti-L31.jpg","width":800,"height":600,"caption":"Voliera batteria 6 posti CM 100X40 altezza CM 160 MOD.L31"},{"@type":"BreadcrumbList","@id":"https:\/\/www.elettrowebstore.com\/shop\/voliera-batteria-6-posti-cm-100x40-altezza-cm-160-mod-l31\/#breadcrumb","itemListElement":[{"@type":"ListItem","position":1,"name":"Home","item":"https:\/\/www.elettrowebstore.com\/"},{"@type":"ListItem","position":2,"name":"Shop","item":"https:\/\/www.elettrowebstore.com\/shop\/"},{"@type":"ListItem","position":3,"name":"Prodotti per l'agricoltura e per gli animali","item":"https:\/\/www.elettrowebstore.com\/categoria-prodotto\/agricoltura-animaleria\/"},{"@type":"ListItem","position":4,"name":"Articoli per animali","item":"https:\/\/www.elettrowebstore.com\/categoria-prodotto\/agricoltura-animaleria\/articoli-per-animali\/"},{"@type":"ListItem","position":5,"name":"Voliera batteria 6 posti CM 100X40 altezza CM 160 MOD.L31"}]},{"@type":"WebSite","@id":"https:\/\/www.elettrowebstore.com\/#website","url":"https:\/\/www.elettrowebstore.com\/","name":"ElettroWebStore","description":"Art\u00edculos para el hogar bolsas de vac\u00edo ferreter\u00eda art\u00edculos de jardiner\u00eda electrodom\u00e9sticos","publisher":{"@id":"https:\/\/www.elettrowebstore.com\/#organization"},"potentialAction":[{"@type":"SearchAction","target":{"@type":"EntryPoint","urlTemplate":"https:\/\/www.elettrowebstore.com\/?s={search_term_string}"},"query-input":{"@type":"PropertyValueSpecification","valueRequired":true,"valueName":"search_term_string"}}],"inLanguage":"es"},{"@type":"Organization","@id":"https:\/\/www.elettrowebstore.com\/#organization","name":"ElettroWebStore - ELCA S.r.l.","url":"https:\/\/www.elettrowebstore.com\/","logo":{"@type":"ImageObject","inLanguage":"es","@id":"https:\/\/www.elettrowebstore.com\/#\/schema\/logo\/image\/","url":"","contentUrl":"","caption":"ElettroWebStore - ELCA S.r.l."},"image":{"@id":"https:\/\/www.elettrowebstore.com\/#\/schema\/logo\/image\/"}}]}},"_links":{"self":[{"href":"https:\/\/www.elettrowebstore.com\/es\/wp-json\/wp\/v2\/product\/169221","targetHints":{"allow":["GET"]}}],"collection":[{"href":"https:\/\/www.elettrowebstore.com\/es\/wp-json\/wp\/v2\/product"}],"about":[{"href":"https:\/\/www.elettrowebstore.com\/es\/wp-json\/wp\/v2\/types\/product"}],"wp:featuredmedia":[{"embeddable":true,"href":"https:\/\/www.elettrowebstore.com\/es\/wp-json\/wp\/v2\/media\/169228"}],"wp:attachment":[{"href":"https:\/\/www.elettrowebstore.com\/es\/wp-json\/wp\/v2\/media?parent=169221"}],"wp:term":[{"taxonomy":"product_brand","embeddable":true,"href":"https:\/\/www.elettrowebstore.com\/es\/wp-json\/wp\/v2\/product_brand?post=169221"},{"taxonomy":"product_cat","embeddable":true,"href":"https:\/\/www.elettrowebstore.com\/es\/wp-json\/wp\/v2\/product_cat?post=169221"},{"taxonomy":"product_tag","embeddable":true,"href":"https:\/\/www.elettrowebstore.com\/es\/wp-json\/wp\/v2\/product_tag?post=169221"}],"curies":[{"name":"wp","href":"https:\/\/api.w.org\/{rel}","templated":true}]}}