{"id":168076,"date":"2022-03-21T15:09:48","date_gmt":"2022-03-21T14:09:48","guid":{"rendered":"https:\/\/www.elettrowebstore.com\/?post_type=product&#038;p=168076"},"modified":"2024-10-23T11:20:31","modified_gmt":"2024-10-23T09:20:31","slug":"serie-di-3-trasportino-gabbia-per-cani-gatti-in-3-misure-mod-l70","status":"publish","type":"product","link":"https:\/\/www.elettrowebstore.com\/es\/shop\/set-de-3-jaulas-para-gatos-y-perros-en-3-tamanos-mod-l70\/","title":{"rendered":"Juego de 3 jaulas para gatos y perros en 3 tama\u00f1os MOD. L70"},"content":{"rendered":"<h2><strong>Juego de 3 jaulas para gatos y perros en 3 tama\u00f1os MOD. L70<\/strong><\/h2>\n<p>La <strong>Juego de 3 jaulas para gatos y perros en 3 tama\u00f1os MOD. L70<\/strong> incluye tres transportines de distintos tama\u00f1os para perros y gatos ideales para transportarlos.<\/p>\n<p>El soporte m\u00e1s grande mide cm. 33 x 43, 5 h. 37 el mediano mide cm. 30 x 40 h. 32 y el m\u00e1s peque\u00f1o 26 x 37 h. 28 cm.<\/p>\n<p>&nbsp;<\/p>\n<p><img loading=\"lazy\" decoding=\"async\" class=\"size-full wp-image-168167 aligncenter\" src=\"https:\/\/www.elettrowebstore.com\/EWS_Store\/wp-content\/uploads\/serie_tre_trasportini_cani_e_gatti-L70.jpg\" alt=\"Juego de 3 jaulas para gatos y perros en 3 tama\u00f1os MOD. L70\" width=\"800\" height=\"600\" srcset=\"https:\/\/www.elettrowebstore.com\/EWS_Store\/wp-content\/uploads\/serie_tre_trasportini_cani_e_gatti-L70.jpg 800w, https:\/\/www.elettrowebstore.com\/EWS_Store\/wp-content\/uploads\/serie_tre_trasportini_cani_e_gatti-L70-600x450.jpg 600w, https:\/\/www.elettrowebstore.com\/EWS_Store\/wp-content\/uploads\/serie_tre_trasportini_cani_e_gatti-L70-768x576.jpg 768w\" sizes=\"auto, (max-width: 800px) 100vw, 800px\" \/><\/p>\n<p>&nbsp;<\/p>\n<h2><strong>Especificaciones t\u00e9cnicas de la serie de 3 transportines para perros y gatos en 3 tama\u00f1os MOD. L70<br \/>\n<\/strong><\/h2>\n<ul>\n<li>Dimensiones del transportador grande cm. 33 x 43, 5 h. 37<\/li>\n<li>Dimensiones del soporte cm. 30 x 40 h. 32<\/li>\n<li>Dimensiones jaula peque\u00f1a cm. 26 x 37 h. 28<\/li>\n<\/ul>\n<p>&nbsp;<\/p>\n<h2><strong>Garant\u00eda<\/strong><\/h2>\n<p>El producto est\u00e1 cubierto por <a href=\"https:\/\/www.elettrowebstore.com\/due-anni-di-garanzia-su-ogni-prodotto-acquistato\/\"><strong>garant\u00eda legal<\/strong><\/a>seg\u00fan la p\u00e1gina correspondiente de nuestro sitio web, que le invitamos a leer. Tambi\u00e9n proporcionamos informaci\u00f3n clara sobre el ejercicio de la <a href=\"https:\/\/www.elettrowebstore.com\/diritto-di-recesso-restituzione-prodotti\/\"><strong>derecho de retractaci\u00f3n<\/strong><\/a>.<\/p>\n<p>&nbsp;<\/p>\n<h2><strong>Plazo de entrega<\/strong><\/h2>\n<p>Este producto est\u00e1 disponible y el plazo de entrega es de al menos 10 d\u00edas h\u00e1biles desde el momento del pago y no es vinculante, ya que los art\u00edculos est\u00e1n a menudo en reposici\u00f3n. Utilizamos el servicio de mensajer\u00eda BRT para el env\u00edo. Servicios como la entrega en el piso, con cita previa, porter\u00eda, son todos adicionales y de pago. Si necesita un servicio en particular, p\u00f3ngase en contacto con nosotros antes de comprar para que podamos ayudarle a elegir el servicio m\u00e1s adecuado para usted.<\/p>\n<p>Adem\u00e1s, \u00a1todos los env\u00edos de ElettroWebStore en Italia est\u00e1n exentos de gastos de transporte (excepto los env\u00edos a zonas especialmente inc\u00f3modas)!<\/p>\n<p>Si compra desde fuera de Italia, el sistema calcula los gastos de env\u00edo a tanto alzado. Si observa que, en relaci\u00f3n con el peso del producto elegido, los gastos de env\u00edo le parecen excesivos o desproporcionados, finalice su pedido sin pagar y <a href=\"https:\/\/www.elettrowebstore.com\/contatta-lo-staff-di-elettrowebstore\/\"><strong>Contacto<\/strong><\/a>\u00a1! Evaluaremos y, si es necesario, ajustaremos los gastos de env\u00edo al extranjero.<\/p>\n<p><img loading=\"lazy\" decoding=\"async\" class=\"aligncenter size-full wp-image-41372\" src=\"https:\/\/www.elettrowebstore.com\/EWS_Store\/wp-content\/uploads\/.\/elettrowebstore-spedizione-con-corrieri-brt-sda-dhl-nexive-ld.jpg\" alt=\"Estos son los transportistas con los que ElettroWebStore.com realiza sus env\u00edos\" width=\"800\" height=\"189\" srcset=\"https:\/\/www.elettrowebstore.com\/EWS_Store\/wp-content\/uploads\/elettrowebstore-spedizione-con-corrieri-brt-sda-dhl-nexive-ld.jpg 800w, https:\/\/www.elettrowebstore.com\/EWS_Store\/wp-content\/uploads\/elettrowebstore-spedizione-con-corrieri-brt-sda-dhl-nexive-ld-600x142.jpg 600w, https:\/\/www.elettrowebstore.com\/EWS_Store\/wp-content\/uploads\/elettrowebstore-spedizione-con-corrieri-brt-sda-dhl-nexive-ld-768x181.jpg 768w\" sizes=\"auto, (max-width: 800px) 100vw, 800px\" \/><\/p>\n<p>&nbsp;<\/p>\n<h2><strong>Formas de pago aceptadas<\/strong><\/h2>\n<p><strong>En el sitio web de ElettroWebStore puede pagar con todos los m\u00e9todos habituales<\/strong>tanto espec\u00edficas de Internet (como las tarjetas prepago) como tradicionales (como las tarjetas de cr\u00e9dito cl\u00e1sicas).<\/p>\n<p><img loading=\"lazy\" decoding=\"async\" class=\"aligncenter size-full wp-image-41371\" src=\"https:\/\/www.elettrowebstore.com\/EWS_Store\/wp-content\/uploads\/.\/elettrowebstore-pagamenti-accettati-ld.jpg\" alt=\"Estos son los m\u00e9todos de pago aceptados por ElettroWebStore.com\" width=\"800\" height=\"199\" srcset=\"https:\/\/www.elettrowebstore.com\/EWS_Store\/wp-content\/uploads\/elettrowebstore-pagamenti-accettati-ld.jpg 800w, https:\/\/www.elettrowebstore.com\/EWS_Store\/wp-content\/uploads\/elettrowebstore-pagamenti-accettati-ld-600x149.jpg 600w, https:\/\/www.elettrowebstore.com\/EWS_Store\/wp-content\/uploads\/elettrowebstore-pagamenti-accettati-ld-768x191.jpg 768w\" sizes=\"auto, (max-width: 800px) 100vw, 800px\" \/><\/p>\n<p>&nbsp;<\/p>\n<p>Todos los pagos se gestionan a trav\u00e9s de <a href=\"https:\/\/www.paypal.com\/it\/webapps\/mpp\/paypal-safety-and-security\"><strong>Paypal<\/strong><\/a>. Adem\u00e1s, aunque no dispongas de Paypal, puedes pagar sin necesidad de registrarte y almacenar tus credenciales. Todo lo que tiene que hacer es introducir sus datos en los campos correspondientes. El sistema est\u00e1 encriptado y protegido y sus datos no ser\u00e1n facilitados a ElettroWebStore de ninguna manera. De hecho, ElettroWebStore s\u00f3lo puede ver si su pago se ha realizado o no y \u00a1s\u00f3lo la informaci\u00f3n que usted decida introducir!<\/p>\n<p>En ning\u00fan caso <a href=\"http:\/\/www.elettrowebstore.com\"><strong>ElettroWebStore<\/strong><\/a> gestionar los datos de sus tarjetas de pago o darse cuenta de ellos. De hecho <a href=\"http:\/\/www.elettrowebstore.com\"><strong>ElettroWebStore<\/strong><\/a> s\u00f3lo ver\u00e1 si el pago se ha efectuado o no.<\/p>\n<p>Nuestro sitio utiliza protocolos HTTPS, que garantizan un alto nivel de seguridad para los usuarios.<\/p>","protected":false},"excerpt":{"rendered":"<p><strong>Juego de 3 jaulas para gatos y perros en 3 tama\u00f1os MOD. L70<\/strong><\/p>","protected":false},"featured_media":168167,"template":"","meta":[],"product_brand":[],"product_cat":[975],"product_tag":[667,982,1426,2290,2283],"class_list":{"0":"post-168076","1":"product","2":"type-product","3":"status-publish","4":"has-post-thumbnail","6":"product_cat-articoli-per-animali","7":"product_tag-animali","8":"product_tag-cani","9":"product_tag-gatti","10":"product_tag-l70","11":"product_tag-trsportino","12":"product_shipping_class-garden","14":"first","15":"instock","16":"taxable","17":"shipping-taxable","18":"purchasable","19":"product-type-simple"},"_links":{"self":[{"href":"https:\/\/www.elettrowebstore.com\/es\/wp-json\/wp\/v2\/product\/168076","targetHints":{"allow":["GET"]}}],"collection":[{"href":"https:\/\/www.elettrowebstore.com\/es\/wp-json\/wp\/v2\/product"}],"about":[{"href":"https:\/\/www.elettrowebstore.com\/es\/wp-json\/wp\/v2\/types\/product"}],"wp:featuredmedia":[{"embeddable":true,"href":"https:\/\/www.elettrowebstore.com\/es\/wp-json\/wp\/v2\/media\/168167"}],"wp:attachment":[{"href":"https:\/\/www.elettrowebstore.com\/es\/wp-json\/wp\/v2\/media?parent=168076"}],"wp:term":[{"taxonomy":"product_brand","embeddable":true,"href":"https:\/\/www.elettrowebstore.com\/es\/wp-json\/wp\/v2\/product_brand?post=168076"},{"taxonomy":"product_cat","embeddable":true,"href":"https:\/\/www.elettrowebstore.com\/es\/wp-json\/wp\/v2\/product_cat?post=168076"},{"taxonomy":"product_tag","embeddable":true,"href":"https:\/\/www.elettrowebstore.com\/es\/wp-json\/wp\/v2\/product_tag?post=168076"}],"curies":[{"name":"wp","href":"https:\/\/api.w.org\/{rel}","templated":true}]}}