{"id":168038,"date":"2022-03-21T11:55:49","date_gmt":"2022-03-21T10:55:49","guid":{"rendered":"https:\/\/www.elettrowebstore.com\/?post_type=product&#038;p=168038"},"modified":"2026-03-09T17:27:14","modified_gmt":"2026-03-09T16:27:14","slug":"pollaio-box-in-rete-e-lamiera-per-polli-cm-300x200-h-200-mod-spazio300","status":"publish","type":"product","link":"https:\/\/www.elettrowebstore.com\/es\/shop\/gallinero-de-malla-y-chapa-300x200-h-200-cm-mod-spazio300\/","title":{"rendered":"Gallinero de malla y chapa cm 300X200 H 200 MOD. SPACE300"},"content":{"rendered":"<h2><strong>Gallinero de malla y chapa cm 300X200 H 200 MOD. SPACE300<\/strong><\/h2>\n<p><strong>Gallinero de malla y chapa cm 300X200 H 200 MOD. SPACE300<\/strong> es un robusto gallinero fabricado con malla y chapa met\u00e1lica de gran tama\u00f1o. Es adecuado para quienes tienen jard\u00edn o patio. Las dimensiones de esta caja son 300\u00d7200 con una altura de 200 cm.<\/p>\n<p>Adem\u00e1s, est\u00e1 fabricado \u00edntegramente con chapa y malla galvanizadas y termoesmaltadas.<\/p>\n<p>El techo del <strong>Gallinero de malla y chapa cm 300X200 H 200 MOD. SPACE300<\/strong> La chapa trapezoidal es plana y cubre toda la estructura, mientras que el compartimento cerrado tiene una superficie de 100 x 200 cm y est\u00e1 equipado con una puerta de paso de 30 x 30 cm.<\/p>\n<p>En el interior de las cajas se encuentra la hoja de instrucciones para su correcto montaje.<\/p>\n<p>&nbsp;<\/p>\n<p><img loading=\"lazy\" decoding=\"async\" class=\"size-full wp-image-168044 aligncenter\" src=\"https:\/\/res.cloudinary.com\/dl3yepmtd\/images\/w_800,h_600\/v1647860988\/SPAZIO300\/pollaio-box_in_rete_e_lamiera-SPAZIO300\/pollaio-box_in_rete_e_lamiera-SPAZIO300.jpg?_i=AA\" alt=\"Gallinero de malla y chapa cm 300X200 H 200 MOD. SPACE300\" width=\"800\" height=\"600\" srcset=\"https:\/\/www.elettrowebstore.com\/EWS_Store\/wp-content\/uploads\/pollaio-box_in_rete_e_lamiera-SPAZIO300.jpg 800w, https:\/\/www.elettrowebstore.com\/EWS_Store\/wp-content\/uploads\/pollaio-box_in_rete_e_lamiera-SPAZIO300-600x450.jpg 600w, https:\/\/www.elettrowebstore.com\/EWS_Store\/wp-content\/uploads\/pollaio-box_in_rete_e_lamiera-SPAZIO300-768x576.jpg 768w\" sizes=\"auto, (max-width: 800px) 100vw, 800px\" \/><\/p>\n<p>&nbsp;<\/p>\n<h2><strong>Caracter\u00edsticas t\u00e9cnicas del gallinero de malla y chapa cm 300X200 H 200 MOD. ESPACIO300<\/strong><\/h2>\n<ul>\n<li>Caja de red y chapa cm.300 x 200 h.200<\/li>\n<li>Frontal con paneles de malla galvanizados y pintados<\/li>\n<li>Parte trasera, laterales y techo con paneles de chapa galvanizada<\/li>\n<li>Rete 12&#215;25 (a richiesta rete 25&#215;25 con un extracosto di euro 136,00), spessore filo mm 1,6<\/li>\n<li>Portina di passaggio da cm. 30 x 30.<\/li>\n<li>Superficie cerrada de 100 x 200 cm<\/li>\n<li>Tejado plano<\/li>\n<\/ul>\n<p>&nbsp;<\/p>\n<h2><strong>Garant\u00eda<\/strong><\/h2>\n<p>El producto est\u00e1 cubierto por <a href=\"https:\/\/www.elettrowebstore.com\/due-anni-di-garanzia-su-ogni-prodotto-acquistato\/\"><strong>garant\u00eda legal<\/strong><\/a>seg\u00fan la p\u00e1gina correspondiente de nuestro sitio web, que le invitamos a leer. Tambi\u00e9n proporcionamos informaci\u00f3n clara sobre el ejercicio de la <a href=\"https:\/\/www.elettrowebstore.com\/diritto-di-recesso-restituzione-prodotti\/\"><strong>derecho de retractaci\u00f3n<\/strong><\/a>.<\/p>\n<p>&nbsp;<\/p>\n<h2><strong>Plazo de entrega<\/strong><\/h2>\n<p>Este producto est\u00e1 disponible y el plazo de entrega es de 30 d\u00edas laborables desde el momento del pago.<\/p>\n<p>Adem\u00e1s, \u00a1todos los env\u00edos de ElettroWebStore en Italia est\u00e1n exentos de gastos de transporte (excepto los env\u00edos a zonas especialmente inc\u00f3modas)!<\/p>\n<p>Si compra desde fuera de Italia, el sistema calcula los gastos de env\u00edo a tanto alzado. Si observa que, en relaci\u00f3n con el peso del producto elegido, los gastos de env\u00edo le parecen excesivos o desproporcionados, finalice su pedido sin pagar y <a href=\"https:\/\/www.elettrowebstore.com\/contatta-lo-staff-di-elettrowebstore\/\"><strong>Contacto<\/strong><\/a>\u00a1! Evaluaremos y, si es necesario, ajustaremos los gastos de env\u00edo al extranjero.<\/p>\n<p>&nbsp;<\/p>","protected":false},"excerpt":{"rendered":"<p>Gallinero de malla y chapa cm 300X200 H 200 MOD. SPACE300<\/p>","protected":false},"featured_media":168044,"template":"","meta":[],"product_brand":[],"product_cat":[975],"product_tag":[2287,667,981,42,2288,2253,2289],"class_list":{"0":"post-168038","1":"product","2":"type-product","3":"status-publish","4":"has-post-thumbnail","6":"product_cat-articoli-per-animali","7":"product_tag-300x200","8":"product_tag-animali","9":"product_tag-box","10":"product_tag-gabbia","11":"product_tag-pollaio","12":"product_tag-rete-e-lamiera","13":"product_tag-spazio300","14":"product_shipping_class-garden","16":"first","17":"instock","18":"taxable","19":"shipping-taxable","20":"purchasable","21":"product-type-simple"},"_links":{"self":[{"href":"https:\/\/www.elettrowebstore.com\/es\/wp-json\/wp\/v2\/product\/168038","targetHints":{"allow":["GET"]}}],"collection":[{"href":"https:\/\/www.elettrowebstore.com\/es\/wp-json\/wp\/v2\/product"}],"about":[{"href":"https:\/\/www.elettrowebstore.com\/es\/wp-json\/wp\/v2\/types\/product"}],"wp:featuredmedia":[{"embeddable":true,"href":"https:\/\/www.elettrowebstore.com\/es\/wp-json\/wp\/v2\/media\/168044"}],"wp:attachment":[{"href":"https:\/\/www.elettrowebstore.com\/es\/wp-json\/wp\/v2\/media?parent=168038"}],"wp:term":[{"taxonomy":"product_brand","embeddable":true,"href":"https:\/\/www.elettrowebstore.com\/es\/wp-json\/wp\/v2\/product_brand?post=168038"},{"taxonomy":"product_cat","embeddable":true,"href":"https:\/\/www.elettrowebstore.com\/es\/wp-json\/wp\/v2\/product_cat?post=168038"},{"taxonomy":"product_tag","embeddable":true,"href":"https:\/\/www.elettrowebstore.com\/es\/wp-json\/wp\/v2\/product_tag?post=168038"}],"curies":[{"name":"wp","href":"https:\/\/api.w.org\/{rel}","templated":true}]}}