{"id":167480,"date":"2022-03-18T10:21:01","date_gmt":"2022-03-18T09:21:01","guid":{"rendered":"https:\/\/www.elettrowebstore.com\/?post_type=product&#038;p=167480"},"modified":"2025-09-18T17:15:24","modified_gmt":"2025-09-18T15:15:24","slug":"voliera-esagonale-cm-95-diametro-h-170-mod-l21","status":"publish","type":"product","link":"https:\/\/www.elettrowebstore.com\/es\/shop\/pajarera-hexagonal-95-cm-diametro-h-170-mod-l21\/","title":{"rendered":"FLYER hexagonal cm 95 di\u00e1metro H 170 MOD.L21"},"content":{"rendered":"<h2><strong>FLYER hexagonal cm 95 di\u00e1metro H 170 MOD.L21<\/strong><\/h2>\n<p>La jaula\u00a0<strong>FLYER hexagonal cm 95 di\u00e1metro H 170 MOD.L21 <\/strong>es una pajarera robusta para p\u00e1jaros de diferentes especies. Es adecuada para quienes tienen un jard\u00edn y aman a los p\u00e1jaros. Las dimensiones de esta pajarera son 35 cm de lado y 170 cm de altura para una huella total de 95 cm de di\u00e1metro.<\/p>\n<p>La\u00a0<strong>FLYER hexagonal cm 95 di\u00e1metro H 170 MOD.L21<\/strong> est\u00e1 equipado con patas con ruedas, y culmina en un techo piramidal que alcanza una altura m\u00e1xima de 170 cm.<\/p>\n<p>Tambi\u00e9n est\u00e1 equipada con comedero, perchas, bebedero y dos cajones extra\u00edbles. Esta pajarera est\u00e1 fabricada \u00edntegramente en chapa y malla galvanizada y termoesmaltada y se entrega en cajas en un pr\u00e1ctico kit de montaje. Por \u00faltimo, en el interior de las cajas encontrar\u00e1 la hoja de instrucciones para su correcto montaje.<\/p>\n<p>&nbsp;<\/p>\n<p><img loading=\"lazy\" decoding=\"async\" class=\"size-full wp-image-167491 aligncenter\" src=\"https:\/\/www.elettrowebstore.com\/EWS_Store\/wp-content\/uploads\/.\/voliera-esagonale-95_diametro-L21.jpg\" alt=\"FLYER hexagonal cm 95 di\u00e1metro H 170 MOD.L21\" width=\"800\" height=\"600\" srcset=\"https:\/\/www.elettrowebstore.com\/EWS_Store\/wp-content\/uploads\/voliera-esagonale-95_diametro-L21.jpg 800w, https:\/\/www.elettrowebstore.com\/EWS_Store\/wp-content\/uploads\/voliera-esagonale-95_diametro-L21-600x450.jpg 600w, https:\/\/www.elettrowebstore.com\/EWS_Store\/wp-content\/uploads\/voliera-esagonale-95_diametro-L21-768x576.jpg 768w\" sizes=\"auto, (max-width: 800px) 100vw, 800px\" \/><\/p>\n<h2><strong>Especificaciones t\u00e9cnicas del FLYER hexagonal de 95 cm de di\u00e1metro H 170 MOD.L21<br \/>\n<\/strong><\/h2>\n<ul>\n<li>Pajarera con base hexagonal<\/li>\n<li>Dimensiones: cm 35 x lado - h cm 170<\/li>\n<li>Di\u00e1metro 95 cm incluido el techo<\/li>\n<li>Di\u00e1metro de la base 74 cm<\/li>\n<li>Con dos puertas de malla de 20\u00d720 cm en la parte delantera y una puerta de 10\u00d710 cm en un panel<\/li>\n<li>Con 2 cajones extra\u00edbles, comedero, perchas y bebedero.<\/li>\n<li>Patas con ruedas<\/li>\n<\/ul>\n<p>&nbsp;<\/p>\n<h2><strong>Garant\u00eda<\/strong><\/h2>\n<p>El producto est\u00e1 cubierto por <a href=\"https:\/\/www.elettrowebstore.com\/due-anni-di-garanzia-su-ogni-prodotto-acquistato\/\" target=\"_blank\" rel=\"noopener\"><strong>garant\u00eda legal<\/strong><\/a>seg\u00fan la p\u00e1gina correspondiente de nuestro sitio web, que le invitamos a leer.<\/p>\n<p>&nbsp;<\/p>\n<h2><strong>Exclusi\u00f3n del derecho de desistimiento<\/strong><\/h2>\n<p>Todas las jaulas presentadas en nuestro sitio son artesanales. Por lo tanto, se montan y env\u00edan espec\u00edficamente para el cliente que las adquiere. Por este motivo, no es posible hacer uso del derecho de desistimiento al comprar este tipo de art\u00edculos.<\/p>\n<p>Para m\u00e1s informaci\u00f3n, visite nuestra p\u00e1gina sobre el <a href=\"https:\/\/www.elettrowebstore.com\/diritto-di-recesso-restituzione-prodotti\/\" target=\"_blank\" rel=\"noopener\"><strong>derecho de retractaci\u00f3n<\/strong><\/a>.<\/p>\n<p>&nbsp;<\/p>\n<p>&nbsp;<\/p>\n<h2><strong>Plazo de entrega<\/strong><\/h2>\n<p>Este producto est\u00e1 disponible y el plazo de entrega es de aproximadamente 30 d\u00edas laborables desde el momento del pago.<\/p>\n<p>Adem\u00e1s, \u00a1todos los env\u00edos de ElettroWebStore en Italia est\u00e1n exentos de gastos de transporte (excepto los env\u00edos a zonas especialmente inc\u00f3modas)!<\/p>\n<p>Si compra desde fuera de Italia, el sistema calcula los gastos de env\u00edo a tanto alzado. Si observa que, en relaci\u00f3n con el peso del producto elegido, los gastos de env\u00edo le parecen excesivos o desproporcionados, finalice su pedido sin pagar y <a href=\"https:\/\/www.elettrowebstore.com\/contatta-lo-staff-di-elettrowebstore\/\"><strong>Contacto<\/strong><\/a>\u00a1! Evaluaremos y, si es necesario, ajustaremos los gastos de env\u00edo al extranjero.<\/p>\n<p>&nbsp;<\/p>\n<p>&nbsp;<\/p>\n<h2><strong>Formas de pago aceptadas<\/strong><\/h2>\n<p><strong>En el sitio web de ElettroWebStore puede pagar con todos los m\u00e9todos habituales<\/strong>tanto espec\u00edficas de Internet (como las tarjetas prepago) como tradicionales (como las tarjetas de cr\u00e9dito cl\u00e1sicas).<\/p>\n<p>&nbsp;<\/p>\n<p>&nbsp;<\/p>\n<p>Todos los pagos se gestionan a trav\u00e9s de <a href=\"https:\/\/www.paypal.com\/it\/webapps\/mpp\/paypal-safety-and-security\"><strong>Paypal<\/strong><\/a>. Adem\u00e1s, aunque no dispongas de Paypal, puedes pagar sin necesidad de registrarte y almacenar tus credenciales. Todo lo que tiene que hacer es introducir sus datos en los campos correspondientes. El sistema est\u00e1 encriptado y protegido y sus datos no ser\u00e1n facilitados a ElettroWebStore de ninguna manera. De hecho, ElettroWebStore s\u00f3lo puede ver si su pago se ha realizado o no y \u00a1s\u00f3lo la informaci\u00f3n que usted decida introducir!<\/p>\n<p>En ning\u00fan caso <a href=\"http:\/\/www.elettrowebstore.com\"><strong>ElettroWebStore<\/strong><\/a> gestionar los datos de sus tarjetas de pago o darse cuenta de ellos. De hecho <a href=\"http:\/\/www.elettrowebstore.com\"><strong>ElettroWebStore<\/strong><\/a> s\u00f3lo ver\u00e1 si el pago se ha efectuado o no.<\/p>\n<p>Nuestro sitio utiliza protocolos HTTPS, que garantizan un alto nivel de seguridad para los usuarios.<\/p>","protected":false},"excerpt":{"rendered":"<p><strong>FLYER hexagonal cm 95 di\u00e1metro H 170 MOD.L21<\/strong><\/p>","protected":false},"featured_media":167491,"template":"","meta":[],"product_brand":[],"product_cat":[975],"product_tag":[667,2272,980,42,2273,979,977],"class_list":{"0":"post-167480","1":"product","2":"type-product","3":"status-publish","4":"has-post-thumbnail","6":"product_cat-articoli-per-animali","7":"product_tag-animali","8":"product_tag-diametro-95","9":"product_tag-esagonale","10":"product_tag-gabbia","11":"product_tag-l21","12":"product_tag-lamiera","13":"product_tag-voliera","14":"product_shipping_class-garden","16":"first","17":"instock","18":"taxable","19":"shipping-taxable","20":"purchasable","21":"product-type-simple"},"yoast_head":"<!-- This site is optimized with the Yoast SEO plugin v27.4 - https:\/\/yoast.com\/product\/yoast-seo-wordpress\/ -->\n<title>VOLIERA esagonale cm 95 diametro H 170 MOD.L21 - ElettroWebStore<\/title>\n<meta name=\"description\" content=\"VOLIERA esagonale cm 95 diametro H 170 MOD.L21. Montaggio molto semplice attraverso le pratiche istruzioni.\" \/>\n<meta name=\"robots\" content=\"index, follow, max-snippet:-1, max-image-preview:large, max-video-preview:-1\" \/>\n<link rel=\"canonical\" href=\"https:\/\/www.elettrowebstore.com\/es\/shop\/pajarera-hexagonal-95-cm-diametro-h-170-mod-l21\/\" \/>\n<meta property=\"og:locale\" content=\"es_ES\" \/>\n<meta property=\"og:type\" content=\"article\" \/>\n<meta property=\"og:title\" content=\"VOLIERA esagonale cm 95 diametro H 170 MOD.L21 - ElettroWebStore\" \/>\n<meta property=\"og:description\" content=\"VOLIERA esagonale cm 95 diametro H 170 MOD.L21. Montaggio molto semplice attraverso le pratiche istruzioni.\" \/>\n<meta property=\"og:url\" content=\"https:\/\/www.elettrowebstore.com\/es\/shop\/pajarera-hexagonal-95-cm-diametro-h-170-mod-l21\/\" \/>\n<meta property=\"og:site_name\" content=\"ElettroWebStore\" \/>\n<meta property=\"article:modified_time\" content=\"2025-09-18T15:15:24+00:00\" \/>\n<meta property=\"og:image\" content=\"https:\/\/www.elettrowebstore.com\/EWS_Store\/wp-content\/uploads\/voliera-esagonale-95_diametro-L21.jpg\" \/>\n\t<meta property=\"og:image:width\" content=\"800\" \/>\n\t<meta property=\"og:image:height\" content=\"600\" \/>\n\t<meta property=\"og:image:type\" content=\"image\/jpeg\" \/>\n<meta name=\"twitter:card\" content=\"summary_large_image\" \/>\n<meta name=\"twitter:label1\" content=\"Tiempo de lectura\" \/>\n\t<meta name=\"twitter:data1\" content=\"3 minutos\" \/>\n<script type=\"application\/ld+json\" class=\"yoast-schema-graph\">{\"@context\":\"https:\\\/\\\/schema.org\",\"@graph\":[{\"@type\":\"WebPage\",\"@id\":\"https:\\\/\\\/www.elettrowebstore.com\\\/shop\\\/voliera-esagonale-cm-95-diametro-h-170-mod-l21\\\/\",\"url\":\"https:\\\/\\\/www.elettrowebstore.com\\\/shop\\\/voliera-esagonale-cm-95-diametro-h-170-mod-l21\\\/\",\"name\":\"VOLIERA esagonale cm 95 diametro H 170 MOD.L21 - ElettroWebStore\",\"isPartOf\":{\"@id\":\"https:\\\/\\\/www.elettrowebstore.com\\\/#website\"},\"primaryImageOfPage\":{\"@id\":\"https:\\\/\\\/www.elettrowebstore.com\\\/shop\\\/voliera-esagonale-cm-95-diametro-h-170-mod-l21\\\/#primaryimage\"},\"image\":{\"@id\":\"https:\\\/\\\/www.elettrowebstore.com\\\/shop\\\/voliera-esagonale-cm-95-diametro-h-170-mod-l21\\\/#primaryimage\"},\"thumbnailUrl\":\"https:\\\/\\\/www.elettrowebstore.com\\\/EWS_Store\\\/wp-content\\\/uploads\\\/voliera-esagonale-95_diametro-L21.jpg\",\"datePublished\":\"2022-03-18T09:21:01+00:00\",\"dateModified\":\"2025-09-18T15:15:24+00:00\",\"description\":\"VOLIERA esagonale cm 95 diametro H 170 MOD.L21. Montaggio molto semplice attraverso le pratiche istruzioni.\",\"breadcrumb\":{\"@id\":\"https:\\\/\\\/www.elettrowebstore.com\\\/shop\\\/voliera-esagonale-cm-95-diametro-h-170-mod-l21\\\/#breadcrumb\"},\"inLanguage\":\"es\",\"potentialAction\":[{\"@type\":\"ReadAction\",\"target\":[\"https:\\\/\\\/www.elettrowebstore.com\\\/shop\\\/voliera-esagonale-cm-95-diametro-h-170-mod-l21\\\/\"]}]},{\"@type\":\"ImageObject\",\"inLanguage\":\"es\",\"@id\":\"https:\\\/\\\/www.elettrowebstore.com\\\/shop\\\/voliera-esagonale-cm-95-diametro-h-170-mod-l21\\\/#primaryimage\",\"url\":\"https:\\\/\\\/www.elettrowebstore.com\\\/EWS_Store\\\/wp-content\\\/uploads\\\/voliera-esagonale-95_diametro-L21.jpg\",\"contentUrl\":\"https:\\\/\\\/www.elettrowebstore.com\\\/EWS_Store\\\/wp-content\\\/uploads\\\/voliera-esagonale-95_diametro-L21.jpg\",\"width\":800,\"height\":600,\"caption\":\"voliera-esagonale-95_diametro-L21\"},{\"@type\":\"BreadcrumbList\",\"@id\":\"https:\\\/\\\/www.elettrowebstore.com\\\/shop\\\/voliera-esagonale-cm-95-diametro-h-170-mod-l21\\\/#breadcrumb\",\"itemListElement\":[{\"@type\":\"ListItem\",\"position\":1,\"name\":\"Home\",\"item\":\"https:\\\/\\\/www.elettrowebstore.com\\\/\"},{\"@type\":\"ListItem\",\"position\":2,\"name\":\"Shop\",\"item\":\"https:\\\/\\\/www.elettrowebstore.com\\\/shop\\\/\"},{\"@type\":\"ListItem\",\"position\":3,\"name\":\"Prodotti per l'agricoltura e per gli animali\",\"item\":\"https:\\\/\\\/www.elettrowebstore.com\\\/categoria-prodotto\\\/agricoltura-animaleria\\\/\"},{\"@type\":\"ListItem\",\"position\":4,\"name\":\"Articoli per animali\",\"item\":\"https:\\\/\\\/www.elettrowebstore.com\\\/categoria-prodotto\\\/agricoltura-animaleria\\\/articoli-per-animali\\\/\"},{\"@type\":\"ListItem\",\"position\":5,\"name\":\"VOLIERA esagonale cm 95 diametro H 170 MOD.L21\"}]},{\"@type\":\"WebSite\",\"@id\":\"https:\\\/\\\/www.elettrowebstore.com\\\/#website\",\"url\":\"https:\\\/\\\/www.elettrowebstore.com\\\/\",\"name\":\"ElettroWebStore\",\"description\":\"Casalinghi buste sottovuoto ferramenta articoli giardino elettrodomestici\",\"publisher\":{\"@id\":\"https:\\\/\\\/www.elettrowebstore.com\\\/#organization\"},\"potentialAction\":[{\"@type\":\"SearchAction\",\"target\":{\"@type\":\"EntryPoint\",\"urlTemplate\":\"https:\\\/\\\/www.elettrowebstore.com\\\/?s={search_term_string}\"},\"query-input\":{\"@type\":\"PropertyValueSpecification\",\"valueRequired\":true,\"valueName\":\"search_term_string\"}}],\"inLanguage\":\"es\"},{\"@type\":\"Organization\",\"@id\":\"https:\\\/\\\/www.elettrowebstore.com\\\/#organization\",\"name\":\"ElettroWebStore - ELCA S.r.l.\",\"url\":\"https:\\\/\\\/www.elettrowebstore.com\\\/\",\"logo\":{\"@type\":\"ImageObject\",\"inLanguage\":\"es\",\"@id\":\"https:\\\/\\\/www.elettrowebstore.com\\\/#\\\/schema\\\/logo\\\/image\\\/\",\"url\":\"\",\"contentUrl\":\"\",\"caption\":\"ElettroWebStore - ELCA S.r.l.\"},\"image\":{\"@id\":\"https:\\\/\\\/www.elettrowebstore.com\\\/#\\\/schema\\\/logo\\\/image\\\/\"}}]}<\/script>\n<!-- \/ Yoast SEO plugin. -->","yoast_head_json":{"title":"FLYER hexagonal cm 95 di\u00e1metro H 170 MOD.L21 - ElettroWebStore","description":"FLYWheel hexagonal de 95 cm de di\u00e1metro H 170 MOD.L21. Montaje muy sencillo mediante pr\u00e1cticas instrucciones.","robots":{"index":"index","follow":"follow","max-snippet":"max-snippet:-1","max-image-preview":"max-image-preview:large","max-video-preview":"max-video-preview:-1"},"canonical":"https:\/\/www.elettrowebstore.com\/es\/shop\/pajarera-hexagonal-95-cm-diametro-h-170-mod-l21\/","og_locale":"es_ES","og_type":"article","og_title":"VOLIERA esagonale cm 95 diametro H 170 MOD.L21 - ElettroWebStore","og_description":"VOLIERA esagonale cm 95 diametro H 170 MOD.L21. Montaggio molto semplice attraverso le pratiche istruzioni.","og_url":"https:\/\/www.elettrowebstore.com\/es\/shop\/pajarera-hexagonal-95-cm-diametro-h-170-mod-l21\/","og_site_name":"ElettroWebStore","article_modified_time":"2025-09-18T15:15:24+00:00","og_image":[{"width":800,"height":600,"url":"https:\/\/www.elettrowebstore.com\/EWS_Store\/wp-content\/uploads\/voliera-esagonale-95_diametro-L21.jpg","type":"image\/jpeg"}],"twitter_card":"summary_large_image","twitter_misc":{"Tiempo de lectura":"3 minutos"},"schema":{"@context":"https:\/\/schema.org","@graph":[{"@type":"WebPage","@id":"https:\/\/www.elettrowebstore.com\/shop\/voliera-esagonale-cm-95-diametro-h-170-mod-l21\/","url":"https:\/\/www.elettrowebstore.com\/shop\/voliera-esagonale-cm-95-diametro-h-170-mod-l21\/","name":"FLYER hexagonal cm 95 di\u00e1metro H 170 MOD.L21 - ElettroWebStore","isPartOf":{"@id":"https:\/\/www.elettrowebstore.com\/#website"},"primaryImageOfPage":{"@id":"https:\/\/www.elettrowebstore.com\/shop\/voliera-esagonale-cm-95-diametro-h-170-mod-l21\/#primaryimage"},"image":{"@id":"https:\/\/www.elettrowebstore.com\/shop\/voliera-esagonale-cm-95-diametro-h-170-mod-l21\/#primaryimage"},"thumbnailUrl":"https:\/\/www.elettrowebstore.com\/EWS_Store\/wp-content\/uploads\/voliera-esagonale-95_diametro-L21.jpg","datePublished":"2022-03-18T09:21:01+00:00","dateModified":"2025-09-18T15:15:24+00:00","description":"FLYWheel hexagonal de 95 cm de di\u00e1metro H 170 MOD.L21. Montaje muy sencillo mediante pr\u00e1cticas instrucciones.","breadcrumb":{"@id":"https:\/\/www.elettrowebstore.com\/shop\/voliera-esagonale-cm-95-diametro-h-170-mod-l21\/#breadcrumb"},"inLanguage":"es","potentialAction":[{"@type":"ReadAction","target":["https:\/\/www.elettrowebstore.com\/shop\/voliera-esagonale-cm-95-diametro-h-170-mod-l21\/"]}]},{"@type":"ImageObject","inLanguage":"es","@id":"https:\/\/www.elettrowebstore.com\/shop\/voliera-esagonale-cm-95-diametro-h-170-mod-l21\/#primaryimage","url":"https:\/\/www.elettrowebstore.com\/EWS_Store\/wp-content\/uploads\/voliera-esagonale-95_diametro-L21.jpg","contentUrl":"https:\/\/www.elettrowebstore.com\/EWS_Store\/wp-content\/uploads\/voliera-esagonale-95_diametro-L21.jpg","width":800,"height":600,"caption":"voliera-esagonale-95_diametro-L21"},{"@type":"BreadcrumbList","@id":"https:\/\/www.elettrowebstore.com\/shop\/voliera-esagonale-cm-95-diametro-h-170-mod-l21\/#breadcrumb","itemListElement":[{"@type":"ListItem","position":1,"name":"Home","item":"https:\/\/www.elettrowebstore.com\/"},{"@type":"ListItem","position":2,"name":"Shop","item":"https:\/\/www.elettrowebstore.com\/shop\/"},{"@type":"ListItem","position":3,"name":"Prodotti per l'agricoltura e per gli animali","item":"https:\/\/www.elettrowebstore.com\/categoria-prodotto\/agricoltura-animaleria\/"},{"@type":"ListItem","position":4,"name":"Articoli per animali","item":"https:\/\/www.elettrowebstore.com\/categoria-prodotto\/agricoltura-animaleria\/articoli-per-animali\/"},{"@type":"ListItem","position":5,"name":"VOLIERA esagonale cm 95 diametro H 170 MOD.L21"}]},{"@type":"WebSite","@id":"https:\/\/www.elettrowebstore.com\/#website","url":"https:\/\/www.elettrowebstore.com\/","name":"ElettroWebStore","description":"Art\u00edculos para el hogar bolsas de vac\u00edo ferreter\u00eda art\u00edculos de jardiner\u00eda electrodom\u00e9sticos","publisher":{"@id":"https:\/\/www.elettrowebstore.com\/#organization"},"potentialAction":[{"@type":"SearchAction","target":{"@type":"EntryPoint","urlTemplate":"https:\/\/www.elettrowebstore.com\/?s={search_term_string}"},"query-input":{"@type":"PropertyValueSpecification","valueRequired":true,"valueName":"search_term_string"}}],"inLanguage":"es"},{"@type":"Organization","@id":"https:\/\/www.elettrowebstore.com\/#organization","name":"ElettroWebStore - ELCA S.r.l.","url":"https:\/\/www.elettrowebstore.com\/","logo":{"@type":"ImageObject","inLanguage":"es","@id":"https:\/\/www.elettrowebstore.com\/#\/schema\/logo\/image\/","url":"","contentUrl":"","caption":"ElettroWebStore - ELCA S.r.l."},"image":{"@id":"https:\/\/www.elettrowebstore.com\/#\/schema\/logo\/image\/"}}]}},"_links":{"self":[{"href":"https:\/\/www.elettrowebstore.com\/es\/wp-json\/wp\/v2\/product\/167480","targetHints":{"allow":["GET"]}}],"collection":[{"href":"https:\/\/www.elettrowebstore.com\/es\/wp-json\/wp\/v2\/product"}],"about":[{"href":"https:\/\/www.elettrowebstore.com\/es\/wp-json\/wp\/v2\/types\/product"}],"wp:featuredmedia":[{"embeddable":true,"href":"https:\/\/www.elettrowebstore.com\/es\/wp-json\/wp\/v2\/media\/167491"}],"wp:attachment":[{"href":"https:\/\/www.elettrowebstore.com\/es\/wp-json\/wp\/v2\/media?parent=167480"}],"wp:term":[{"taxonomy":"product_brand","embeddable":true,"href":"https:\/\/www.elettrowebstore.com\/es\/wp-json\/wp\/v2\/product_brand?post=167480"},{"taxonomy":"product_cat","embeddable":true,"href":"https:\/\/www.elettrowebstore.com\/es\/wp-json\/wp\/v2\/product_cat?post=167480"},{"taxonomy":"product_tag","embeddable":true,"href":"https:\/\/www.elettrowebstore.com\/es\/wp-json\/wp\/v2\/product_tag?post=167480"}],"curies":[{"name":"wp","href":"https:\/\/api.w.org\/{rel}","templated":true}]}}