{"id":166967,"date":"2022-03-16T16:35:02","date_gmt":"2022-03-16T15:35:02","guid":{"rendered":"https:\/\/www.elettrowebstore.com\/?post_type=product&#038;p=166967"},"modified":"2022-10-24T11:30:50","modified_gmt":"2022-10-24T09:30:50","slug":"box-in-rete-e-lamiera-per-cani-cm-270x180-h-210-mod-l180","status":"publish","type":"product","link":"https:\/\/www.elettrowebstore.com\/es\/shop\/perrera-de-malla-y-chapa-cm-270x180-h-210-mod-l180\/","title":{"rendered":"Caja de malla y chapa para perros CM 270X180, H 210 - MOD.L180"},"content":{"rendered":"<h2><strong>Caja de malla y chapa para perros CM 270X180, H 210 - MOD.L180<\/strong><\/h2>\n<p>Caja para perros de malla y chapa CM 270X180, H 210 - MOD.L180 es una caja de malla y chapa resistente y de gran tama\u00f1o para perros medianos\/grandes. Es adecuada para quienes tienen jard\u00edn o patio. Las dimensiones de esta caja son 270\u00d7180 con una altura de 210 cm. Por \u00faltimo, est\u00e1 fabricada \u00edntegramente en chapa y malla galvanizadas y termoesmaltadas. En el interior de las cajas encontrar\u00e1 la hoja de instrucciones para su correcto montaje.<\/p>\n<p><img loading=\"lazy\" decoding=\"async\" class=\"size-full wp-image-166988 aligncenter\" src=\"https:\/\/res.cloudinary.com\/dl3yepmtd\/images\/w_800,h_600\/v1647447289\/L180\/box-rete_e_lamiera-L180\/box-rete_e_lamiera-L180.jpg?_i=AA\" alt=\"Caja de malla y chapa para perros CM 270X180, H 210 - MOD.L180\" width=\"800\" height=\"600\" srcset=\"https:\/\/www.elettrowebstore.com\/EWS_Store\/wp-content\/uploads\/box-rete_e_lamiera-L180.jpg 800w, https:\/\/www.elettrowebstore.com\/EWS_Store\/wp-content\/uploads\/box-rete_e_lamiera-L180-600x450.jpg 600w, https:\/\/www.elettrowebstore.com\/EWS_Store\/wp-content\/uploads\/box-rete_e_lamiera-L180-768x576.jpg 768w\" sizes=\"auto, (max-width: 800px) 100vw, 800px\" \/><\/p>\n<p>&nbsp;<\/p>\n<h2><strong>Especificaciones t\u00e9cnicas de Caja para perros de malla y chapa CM 270X180, H 210 - MOD.L180<br \/>\n<\/strong><\/h2>\n<ul>\n<li>Dimensiones: 270 x 180 x 210h cm<\/li>\n<li>Frontal con paneles de malla galvanizados y pintados<\/li>\n<li>Parte trasera, laterales y techo con paneles de chapa galvanizada<\/li>\n<\/ul>\n<p>&nbsp;<\/p>\n<h2><strong>Garant\u00eda<\/strong><\/h2>\n<p>El producto est\u00e1 cubierto por <a href=\"https:\/\/www.elettrowebstore.com\/due-anni-di-garanzia-su-ogni-prodotto-acquistato\/\"><strong>garant\u00eda legal<\/strong><\/a>seg\u00fan la p\u00e1gina correspondiente de nuestro sitio web, que le invitamos a leer. Tambi\u00e9n proporcionamos informaci\u00f3n clara sobre el ejercicio de la <a href=\"https:\/\/www.elettrowebstore.com\/diritto-di-recesso-restituzione-prodotti\/\"><strong>derecho de retractaci\u00f3n<\/strong><\/a>.<\/p>\n<p>&nbsp;<\/p>\n<h2><strong>Plazo de entrega<\/strong><\/h2>\n<p>Este producto est\u00e1 disponible y el plazo de entrega es de 30 d\u00edas laborables desde el momento del pago.<\/p>\n<p>Adem\u00e1s, \u00a1todos los env\u00edos de ElettroWebStore en Italia est\u00e1n exentos de gastos de transporte (excepto los env\u00edos a zonas especialmente inc\u00f3modas)!<\/p>\n<p>Si compra desde fuera de Italia, el sistema calcula los gastos de env\u00edo a tanto alzado. Si observa que, en relaci\u00f3n con el peso del producto elegido, los gastos de env\u00edo le parecen excesivos o desproporcionados, finalice su pedido sin pagar y <a href=\"https:\/\/www.elettrowebstore.com\/contatta-lo-staff-di-elettrowebstore\/\"><strong>Contacto<\/strong><\/a>\u00a1! Evaluaremos y, si es necesario, ajustaremos los gastos de env\u00edo al extranjero.<\/p>\n<p><img loading=\"lazy\" decoding=\"async\" class=\"aligncenter size-full wp-image-41372\" src=\"https:\/\/www.elettrowebstore.com\/EWS_Store\/wp-content\/uploads\/.\/elettrowebstore-spedizione-con-corrieri-brt-sda-dhl-nexive-ld.jpg\" alt=\"Estos son los transportistas con los que ElettroWebStore.com realiza sus env\u00edos\" width=\"800\" height=\"189\" srcset=\"https:\/\/www.elettrowebstore.com\/EWS_Store\/wp-content\/uploads\/elettrowebstore-spedizione-con-corrieri-brt-sda-dhl-nexive-ld.jpg 800w, https:\/\/www.elettrowebstore.com\/EWS_Store\/wp-content\/uploads\/elettrowebstore-spedizione-con-corrieri-brt-sda-dhl-nexive-ld-600x142.jpg 600w, https:\/\/www.elettrowebstore.com\/EWS_Store\/wp-content\/uploads\/elettrowebstore-spedizione-con-corrieri-brt-sda-dhl-nexive-ld-768x181.jpg 768w\" sizes=\"auto, (max-width: 800px) 100vw, 800px\" \/><\/p>\n<p>&nbsp;<\/p>\n<h2><strong>Formas de pago aceptadas<\/strong><\/h2>\n<p><strong>En el sitio web de ElettroWebStore puede pagar con todos los m\u00e9todos habituales<\/strong>tanto espec\u00edficas de Internet (como las tarjetas prepago) como tradicionales (como las tarjetas de cr\u00e9dito cl\u00e1sicas).<\/p>\n<p><img loading=\"lazy\" decoding=\"async\" class=\"aligncenter size-full wp-image-41371\" src=\"https:\/\/www.elettrowebstore.com\/EWS_Store\/wp-content\/uploads\/.\/elettrowebstore-pagamenti-accettati-ld.jpg\" alt=\"Estos son los m\u00e9todos de pago aceptados por ElettroWebStore.com\" width=\"800\" height=\"199\" srcset=\"https:\/\/www.elettrowebstore.com\/EWS_Store\/wp-content\/uploads\/elettrowebstore-pagamenti-accettati-ld.jpg 800w, https:\/\/www.elettrowebstore.com\/EWS_Store\/wp-content\/uploads\/elettrowebstore-pagamenti-accettati-ld-600x149.jpg 600w, https:\/\/www.elettrowebstore.com\/EWS_Store\/wp-content\/uploads\/elettrowebstore-pagamenti-accettati-ld-768x191.jpg 768w\" sizes=\"auto, (max-width: 800px) 100vw, 800px\" \/><\/p>\n<p>&nbsp;<\/p>\n<p>Todos los pagos se gestionan a trav\u00e9s de <a href=\"https:\/\/www.paypal.com\/it\/webapps\/mpp\/paypal-safety-and-security\"><strong>Paypal<\/strong><\/a>. Adem\u00e1s, aunque no dispongas de Paypal, puedes pagar sin necesidad de registrarte y almacenar tus credenciales. Todo lo que tiene que hacer es introducir sus datos en los campos correspondientes. El sistema est\u00e1 encriptado y protegido y sus datos no ser\u00e1n facilitados a ElettroWebStore de ninguna manera. De hecho, ElettroWebStore s\u00f3lo puede ver si su pago se ha realizado o no y \u00a1s\u00f3lo la informaci\u00f3n que usted decida introducir!<\/p>\n<p>En ning\u00fan caso <a href=\"http:\/\/www.elettrowebstore.com\"><strong>ElettroWebStore<\/strong><\/a> gestionar los datos de sus tarjetas de pago o darse cuenta de ellos. De hecho <a href=\"http:\/\/www.elettrowebstore.com\"><strong>ElettroWebStore<\/strong><\/a> s\u00f3lo ver\u00e1 si el pago se ha efectuado o no.<\/p>\n<p>Nuestro sitio utiliza protocolos HTTPS, que garantizan un alto nivel de seguridad para los usuarios.<\/p>","protected":false},"excerpt":{"rendered":"<p><strong>Caja de malla y chapa para perros CM 270X180, H 210 - MOD.L180<\/strong><\/p>","protected":false},"featured_media":166988,"template":"","meta":[],"product_brand":[],"product_cat":[975],"product_tag":[2294,667,981,42,2256,979,2253],"class_list":{"0":"post-166967","1":"product","2":"type-product","3":"status-publish","4":"has-post-thumbnail","6":"product_cat-articoli-per-animali","7":"product_tag-270x180","8":"product_tag-animali","9":"product_tag-box","10":"product_tag-gabbia","11":"product_tag-l180","12":"product_tag-lamiera","13":"product_tag-rete-e-lamiera","14":"product_shipping_class-garden","16":"first","17":"instock","18":"taxable","19":"shipping-taxable","20":"purchasable","21":"product-type-simple"},"_links":{"self":[{"href":"https:\/\/www.elettrowebstore.com\/es\/wp-json\/wp\/v2\/product\/166967","targetHints":{"allow":["GET"]}}],"collection":[{"href":"https:\/\/www.elettrowebstore.com\/es\/wp-json\/wp\/v2\/product"}],"about":[{"href":"https:\/\/www.elettrowebstore.com\/es\/wp-json\/wp\/v2\/types\/product"}],"wp:featuredmedia":[{"embeddable":true,"href":"https:\/\/www.elettrowebstore.com\/es\/wp-json\/wp\/v2\/media\/166988"}],"wp:attachment":[{"href":"https:\/\/www.elettrowebstore.com\/es\/wp-json\/wp\/v2\/media?parent=166967"}],"wp:term":[{"taxonomy":"product_brand","embeddable":true,"href":"https:\/\/www.elettrowebstore.com\/es\/wp-json\/wp\/v2\/product_brand?post=166967"},{"taxonomy":"product_cat","embeddable":true,"href":"https:\/\/www.elettrowebstore.com\/es\/wp-json\/wp\/v2\/product_cat?post=166967"},{"taxonomy":"product_tag","embeddable":true,"href":"https:\/\/www.elettrowebstore.com\/es\/wp-json\/wp\/v2\/product_tag?post=166967"}],"curies":[{"name":"wp","href":"https:\/\/api.w.org\/{rel}","templated":true}]}}