{"id":165279,"date":"2022-03-10T10:08:15","date_gmt":"2022-03-10T09:08:15","guid":{"rendered":"https:\/\/www.elettrowebstore.com\/?post_type=product&#038;p=165279"},"modified":"2022-04-22T17:22:16","modified_gmt":"2022-04-22T15:22:16","slug":"krmn-a29-imperia-kit-2-perni-innesto-sfogliatrice-restaurant","status":"publish","type":"product","link":"https:\/\/www.elettrowebstore.com\/es\/shop\/krmn-a29-imperia-kit-2-pins-acoplamiento-restaurante-cizalla\/","title":{"rendered":"KRMN-A29 IMPERIA kit 2 pins acoplamiento rozadora Restaurante"},"content":{"rendered":"<h2><strong>KRMN-A29 IMPERIA kit 2 pins acoplamiento rozadora Restaurante<\/strong><\/h2>\n<p><img loading=\"lazy\" decoding=\"async\" class=\"size-full wp-image-165288 aligncenter\" src=\"https:\/\/www.elettrowebstore.com\/EWS_Store\/wp-content\/uploads\/imperia-krmn-a29.jpg\" alt=\"KRMN-A29 IMPERIA kit 2 pins acoplamiento rozadora Restaurante\" width=\"800\" height=\"600\" srcset=\"https:\/\/www.elettrowebstore.com\/EWS_Store\/wp-content\/uploads\/imperia-krmn-a29.jpg 800w, https:\/\/www.elettrowebstore.com\/EWS_Store\/wp-content\/uploads\/imperia-krmn-a29-600x450.jpg 600w, https:\/\/www.elettrowebstore.com\/EWS_Store\/wp-content\/uploads\/imperia-krmn-a29-768x576.jpg 768w\" sizes=\"auto, (max-width: 800px) 100vw, 800px\" \/><\/p>\n<p>&nbsp;<\/p>\n<p>&nbsp;<\/p>\n<p><strong>KRMN-A29 IMPERIA kit 2 pins acoplamiento rozadora Restaurante<\/strong><\/p>\n<p><span style=\"color: #000000;\">Por razones de espacio y simplicidad, este anuncio no incluye las fichas t\u00e9cnicas de la pieza.<\/span><\/p>\n<p><span style=\"color: #000000;\">Antes de comprar, si lo necesita, puede pedirnos m\u00e1s fotos e intentaremos enviarle toda la informaci\u00f3n posible para que pueda comprar la pieza que necesita.<\/span><\/p>\n<p>Las piezas de repuesto suelen estar siempre disponibles. No obstante, siempre es mejor comprobar su disponibilidad, ya que algunas pueden ser m\u00e1s dif\u00edciles de encontrar. En estos casos, tenga paciencia.<\/p>\n<p>&nbsp;<\/p>\n<h2><strong>La marca Imperia<\/strong><\/h2>\n<p><a href=\"http:\/\/www.imperia.com\" target=\"_blank\" rel=\"noopener noreferrer\"><img loading=\"lazy\" decoding=\"async\" class=\"alignleft wp-image-687\" src=\"https:\/\/www.elettrowebstore.com\/EWS_Store\/wp-content\/uploads\/2020\/04\/imperia-logo_c4iggk_687c588e.jpg\" alt=\"Logotipo de IMPERIA\" width=\"248\" height=\"59\" \/><\/a>Imperia se fund\u00f3 oficialmente el 3 de febrero de 1932 como evoluci\u00f3n de un peque\u00f1o taller. Inmediatamente empez\u00f3 a distribuir m\u00e1quinas de pasta por todo el mundo.<\/p>\n<p>El principal mercado destinatario son los Estados Unidos de Am\u00e9rica y sus numerosos emigrantes italianos. Estos, de hecho, gracias al uso de m\u00e1quinas de pasta establecen una especie de v\u00ednculo emocional con los sabores de su lejana patria.<\/p>\n<p>En la actualidad, los productos Imperia se pueden encontrar en m\u00e1s de 70 pa\u00edses de todo el mundo.<\/p>\n<p>Adem\u00e1s, la producci\u00f3n se realiza \u00edntegramente en Italia y cada producto es un artefacto cien por cien italiano. De hecho, cada pieza se fabrica con mano de obra y materias primas nacionales. Imperia es aut\u00e9ntico Made in Italy.<\/p>\n<p>&nbsp;<\/p>\n<h2><strong>Garant\u00eda<\/strong><\/h2>\n<p>Este art\u00edculo es una pieza de recambio que puede definirse como material consumible. Por lo tanto, no est\u00e1 cubierto por una garant\u00eda convencional o de consumo. De hecho, es un producto sujeto a desgaste.<\/p>\n<p>&nbsp;<\/p>\n<h2><strong>Plazo de entrega<\/strong><\/h2>\n<p>Este producto est\u00e1 siempre disponible para su entrega inmediata. De hecho, se puede pedir de inmediato y es enviado por ElettroWebStore dentro de 2 d\u00edas h\u00e1biles a partir de la fecha de compra.<\/p>\n<p>Adem\u00e1s, todos los env\u00edos de ElettroWebStore est\u00e1n exentos de gastos de env\u00edo.<\/p>\n<p><img loading=\"lazy\" decoding=\"async\" class=\"size-full wp-image-41372 aligncenter\" src=\"https:\/\/www.elettrowebstore.com\/EWS_Store\/wp-content\/uploads\/.\/elettrowebstore-spedizione-con-corrieri-brt-sda-dhl-nexive-ld.jpg\" alt=\"Estos son los transportistas con los que ElettroWebStore.com realiza sus env\u00edos\" width=\"800\" height=\"189\" srcset=\"https:\/\/www.elettrowebstore.com\/EWS_Store\/wp-content\/uploads\/elettrowebstore-spedizione-con-corrieri-brt-sda-dhl-nexive-ld.jpg 800w, https:\/\/www.elettrowebstore.com\/EWS_Store\/wp-content\/uploads\/elettrowebstore-spedizione-con-corrieri-brt-sda-dhl-nexive-ld-600x142.jpg 600w, https:\/\/www.elettrowebstore.com\/EWS_Store\/wp-content\/uploads\/elettrowebstore-spedizione-con-corrieri-brt-sda-dhl-nexive-ld-768x181.jpg 768w\" sizes=\"auto, (max-width: 800px) 100vw, 800px\" \/><\/p>\n<p>&nbsp;<\/p>\n<h2><strong>Formas de pago aceptadas<\/strong><\/h2>\n<p><strong>En el sitio web de ElettroWebStore puede pagar con todos los m\u00e9todos habituales<\/strong>tanto espec\u00edficas de Internet (como las tarjetas prepago) como tradicionales (como las tarjetas de cr\u00e9dito cl\u00e1sicas).<\/p>\n<p><img loading=\"lazy\" decoding=\"async\" class=\"size-full wp-image-41371 aligncenter\" src=\"https:\/\/www.elettrowebstore.com\/EWS_Store\/wp-content\/uploads\/.\/elettrowebstore-pagamenti-accettati-ld.jpg\" alt=\"Estos son los m\u00e9todos de pago aceptados por ElettroWebStore.com\" width=\"800\" height=\"199\" srcset=\"https:\/\/www.elettrowebstore.com\/EWS_Store\/wp-content\/uploads\/elettrowebstore-pagamenti-accettati-ld.jpg 800w, https:\/\/www.elettrowebstore.com\/EWS_Store\/wp-content\/uploads\/elettrowebstore-pagamenti-accettati-ld-600x149.jpg 600w, https:\/\/www.elettrowebstore.com\/EWS_Store\/wp-content\/uploads\/elettrowebstore-pagamenti-accettati-ld-768x191.jpg 768w\" sizes=\"auto, (max-width: 800px) 100vw, 800px\" \/><\/p>\n<p>&nbsp;<\/p>\n<p>Todos los pagos se gestionan a trav\u00e9s del <a href=\"https:\/\/www.paypal.com\/it\/webapps\/mpp\/paypal-safety-and-security\"><strong>Paypal<\/strong><\/a>. Adem\u00e1s, aunque no dispongas de Paypal, puedes pagar sin necesidad de registrarte y guardar tus credenciales. Todo lo que tienes que hacer es introducir tus datos en las p\u00e1ginas de Paypal.<\/p>\n<p>En ning\u00fan caso <a href=\"http:\/\/www.elettrowebstore.com\"><strong>ElettroWebStore<\/strong><\/a> gestionar los datos de sus tarjetas de pago o darse cuenta de ellos. De hecho <a href=\"http:\/\/www.elettrowebstore.com\"><strong>ElettroWebStore<\/strong><\/a> s\u00f3lo ver\u00e1 si el pago se ha efectuado o no.<\/p>\n<p>Nuestro sitio utiliza protocolos HTTPS, que garantizan un alto nivel de seguridad para los usuarios.<\/p>","protected":false},"excerpt":{"rendered":"<p>KRMN-A29 IMPERIA kit 2 pins acoplamiento rozadora Restaurante. <span style=\"color: #ed1c24;\"><strong>Env\u00edo gratuito para pedidos superiores a 29,90 euros.<\/strong><\/span><\/p>","protected":false},"featured_media":165288,"template":"","meta":[],"product_brand":[],"product_cat":[17,702],"product_tag":[23,974,2238,20,265,478,30],"class_list":{"0":"post-165279","1":"product","2":"type-product","3":"status-publish","4":"has-post-thumbnail","6":"product_cat-casalinghi-cura-casa","7":"product_cat-ricambi-botta-greenwood-imperia-monferrina-paini-reber","8":"product_tag-imperia","9":"product_tag-kit","10":"product_tag-krmn-a29","11":"product_tag-pasta","12":"product_tag-restaurant","13":"product_tag-ricambio","14":"product_tag-sfogliatrice","15":"product_shipping_class-pe","17":"first","18":"instock","19":"taxable","20":"shipping-taxable","21":"purchasable","22":"product-type-simple"},"_links":{"self":[{"href":"https:\/\/www.elettrowebstore.com\/es\/wp-json\/wp\/v2\/product\/165279","targetHints":{"allow":["GET"]}}],"collection":[{"href":"https:\/\/www.elettrowebstore.com\/es\/wp-json\/wp\/v2\/product"}],"about":[{"href":"https:\/\/www.elettrowebstore.com\/es\/wp-json\/wp\/v2\/types\/product"}],"wp:featuredmedia":[{"embeddable":true,"href":"https:\/\/www.elettrowebstore.com\/es\/wp-json\/wp\/v2\/media\/165288"}],"wp:attachment":[{"href":"https:\/\/www.elettrowebstore.com\/es\/wp-json\/wp\/v2\/media?parent=165279"}],"wp:term":[{"taxonomy":"product_brand","embeddable":true,"href":"https:\/\/www.elettrowebstore.com\/es\/wp-json\/wp\/v2\/product_brand?post=165279"},{"taxonomy":"product_cat","embeddable":true,"href":"https:\/\/www.elettrowebstore.com\/es\/wp-json\/wp\/v2\/product_cat?post=165279"},{"taxonomy":"product_tag","embeddable":true,"href":"https:\/\/www.elettrowebstore.com\/es\/wp-json\/wp\/v2\/product_tag?post=165279"}],"curies":[{"name":"wp","href":"https:\/\/api.w.org\/{rel}","templated":true}]}}