{"id":163895,"date":"2022-02-21T12:05:18","date_gmt":"2022-02-21T11:05:18","guid":{"rendered":"https:\/\/www.elettrowebstore.com\/?post_type=product&#038;p=163895"},"modified":"2026-01-01T06:21:20","modified_gmt":"2026-01-01T05:21:20","slug":"gel-igienizzante-lavamani-alcolico-covid19","status":"publish","type":"product","link":"https:\/\/www.elettrowebstore.com\/es\/shop\/gel-lavamanos-alcoholico-covid19\/","title":{"rendered":"Gel lavamanos alcoh\u00f3lico covid19"},"content":{"rendered":"<h2><strong>Gel lavamanos alcoh\u00f3lico covid19<\/strong><\/h2>\n<p>Covid19 gel lavamanos higienizante a base de alcohol 65%-75%. Fabricado por <strong><a href=\"https:\/\/arcochimica.it\/chi-siamo\/\" target=\"_blank\" rel=\"noopener\">Arco S.r.l.<\/a><\/strong>l\u00ednea de <strong><a href=\"https:\/\/arcochimica.it\/prodotti\/arco\/igienizzanti-mani\/hygi-gel\/\" target=\"_blank\" rel=\"noopener\">Higiene Gel desinfectante<\/a><\/strong>. Se ofrece en varios formatos. Este tipo de gel es antibacteriano, higienizante, contra g\u00e9rmenes y bacterias, desinfectante (aunque no \"desinfectante\" en el sentido m\u00e9dico), bactericida, viruricida, profesional, anti Covid-19.<\/p>\n<p>Este gel desinfectante de manos est\u00e1 disponible en distintos envases:<\/p>\n<ul>\n<li>botella con tap\u00f3n de 100 ml<\/li>\n<li>dosificador con bomba de 500 ml<\/li>\n<li>Bid\u00f3n de 5.000 ml con tap\u00f3n de rosca<\/li>\n<\/ul>\n<p><img loading=\"lazy\" decoding=\"async\" class=\"aligncenter size-full wp-image-642130\" src=\"https:\/\/res.cloudinary.com\/dl3yepmtd\/images\/w_600,h_600,c_fill\/v1673544418\/GEL\/gel-igienizzante-lavamani-alcolico-covid19-hygi-arco-antibatterico-sanificante-1\/gel-igienizzante-lavamani-alcolico-covid19-hygi-arco-antibatterico-sanificante-1.jpg?_i=AA\" alt=\"gel-hygi-organico-agua-de-lavado-covid19-hygi-arco-antibacteriano-desinfectante\" width=\"600\" height=\"600\" srcset=\"https:\/\/www.elettrowebstore.com\/EWS_Store\/wp-content\/uploads\/gel-igienizzante-lavamani-alcolico-covid19-hygi-arco-antibatterico-sanificante-1.jpg 600w, https:\/\/www.elettrowebstore.com\/EWS_Store\/wp-content\/uploads\/gel-igienizzante-lavamani-alcolico-covid19-hygi-arco-antibatterico-sanificante-1-200x200.jpg 200w, https:\/\/www.elettrowebstore.com\/EWS_Store\/wp-content\/uploads\/gel-igienizzante-lavamani-alcolico-covid19-hygi-arco-antibatterico-sanificante-1-100x100.jpg 100w\" sizes=\"auto, (max-width: 600px) 100vw, 600px\" \/><\/p>\n<h2><strong>Especificaciones t\u00e9cnicas<\/strong><\/h2>\n<p>A continuaci\u00f3n se detallan las principales caracter\u00edsticas t\u00e9cnicas del Gel Higienizante Lavamanos Higy 1 frasco 100 ml a base de alcohol:<strong><br \/>\n<\/strong><\/p>\n<ul>\n<li>Estado f\u00edsico: gel<\/li>\n<li>Color: incoloro<\/li>\n<li>Olor: alcohol<\/li>\n<li>PH: 7<\/li>\n<li>A base de alcohol 65-75%<strong><br \/>\n<\/strong><\/li>\n<\/ul>\n<p>&nbsp;<\/p>\n<h2><strong>Descripci\u00f3n<\/strong><\/h2>\n<p>Hygi es un gel lavamanos a base de alcohol espec\u00edfico contra el covid19. <strong>Permite higienizar las manos por frotamiento<\/strong> entre ellas. De hecho, las manos se desinfectan sin necesidad de aclarado.<\/p>\n<p><strong>S\u00f3lo una peque\u00f1a cantidad de producto y act\u00faa en segundos<\/strong>. Es un producto profesional, muy pr\u00e1ctico y c\u00f3modo que puede llevar siempre consigo y utilizar cuando no disponga de agua y jab\u00f3n. Es la soluci\u00f3n ideal para quienes desean llevar un producto para higienizarse las manos.<\/p>\n<p>A partir de este anuncio, el producto puede adquirirse en <strong>tres paquetes diferentes<\/strong>. De hecho, puede elegir entre la botella de 100 ml, muy c\u00f3moda para llevar en el bolso o la chaqueta, o incluso en el coche; el dispensador con bomba dosificadora, espec\u00edfico para la encimera y que puede colocarse en cualquier superficie plana (escritorio, armario, suelo, etc.); el bid\u00f3n de 5 litros con tap\u00f3n de rosca, para poder rellenar sus propias botellas o los dispensadores ya adquiridos.<\/p>\n<p><strong>Arco Hygi Gel es un gel desinfectante para manos compuesto de alcohol entre 65% y 75%<\/strong>. Este gel desinfectante para el lavado de manos es un producto profesional, dise\u00f1ado para su uso en las situaciones m\u00e1s peligrosas, como hospitales, residencias de ancianos, etc. Por lo tanto, puede adquirirse tanto para uso personal como profesional, incluso en actividades abiertas al p\u00fablico como bares, restaurantes, escuelas, oficinas, tiendas, etc.<\/p>\n<p>Advertencia: Hygi Gel <strong>no es un desinfectante<\/strong> porque la eliminaci\u00f3n de las bacterias se realiza mec\u00e1nicamente, mediante el frotamiento de las manos.<\/p>\n<p>&nbsp;<\/p>\n<h2><strong>Higienizaci\u00f3n de las manos<\/strong><\/h2>\n<p>Con este gel desinfectante de base alcoh\u00f3lica se consigue un potente efecto antibacteriano. De hecho, el gel a base de alcohol tiene un efecto bactericida contra g\u00e9rmenes y bacterias. De hecho, aunque no se puede clasificar t\u00e9cnicamente como desinfectante, el producto proporciona un importante efecto viruricida para reducir el riesgo de infecci\u00f3n por el virus covid-19 u otros virus corona.<\/p>\n<p>El efecto higienizante se consigue utilizando una peque\u00f1a cantidad de gel, equivalente a unos 3-4 granos de arroz, y frotando fuertemente la palma de la mano y el dorso, siguiendo el<a href=\"https:\/\/www.salute.gov.it\/portale\/nuovocoronavirus\/dettaglioNotizieNuovoCoronavirus.jsp?lingua=italiano&amp;menu=notizie&amp;p=dalministero&amp;id=4287\" target=\"_blank\" rel=\"noopener\"><strong>Organizaci\u00f3n Mundial de la Salud<\/strong><\/a>.<\/p>\n<p>De hecho, son las manos el principal veh\u00edculo de infecci\u00f3n por el nuevo coronavirus Sars-cov2 o covid19. Por lo tanto, una desinfecci\u00f3n eficaz de las manos con un producto como el gel Hygi, con un alto contenido en alcohol, puede reducir r\u00e1pida y eficazmente el riesgo de infecci\u00f3n.<\/p>\n<p>Recomendamos prestar especial atenci\u00f3n a c\u00f3mo desinfectarse las manos cuidadosamente para conseguir el efecto antivirus deseado.<\/p>\n<p>&nbsp;<\/p>\n<h2><strong>Informaci\u00f3n t\u00e9cnica gel lavamanos alcoh\u00f3lico covid19<\/strong><\/h2>\n<ul>\n<li>Usos pertinentes identificados de la sustancia o de la mezcla y usos desaconsejados: gel desinfectante para el lavado de manos<\/li>\n<li>Utilizar s\u00f3lo para el fin previsto por el fabricante<\/li>\n<li>Ingredientes: ALCOHOL DENAT (65-75%), AQUA, HIDROXIETILCELULOSA , GLICERINA, PEG-PPG 20\/6, PEG 75 LANOLINA, PARFUM, \u00c1CIDO C\u00cdTRICO PRODUCTO COSM\u00c9TICO<\/li>\n<\/ul>\n<p>&nbsp;<\/p>\n<h2><b>Por qu\u00e9<\/b><strong>\u00a0\u00bfutilizar gel desinfectante?<\/strong><\/h2>\n<p>El gel desinfectante de manos tiene la <strong>funci\u00f3n para limpiar las manos sin utilizar agua y sin necesidad de aclararlas y secarlas<\/strong>. De hecho, la limpieza se realiza frotando la soluci\u00f3n gelificada sobre la superficie de las manos. El secado se realiza al aire.<\/p>\n<p>Desde el <strong>el contenido suele ser alcohol et\u00edlico desnaturalizado<\/strong>Es capaz de actuar sobre las manos r\u00e1pidamente y evaporarse. Al mismo tiempo, la acci\u00f3n mec\u00e1nica de frotamiento provoca la eliminaci\u00f3n de bacterias y virus.<\/p>\n<p>La funci\u00f3n principal de estos productos es <strong>garantizar una buena higiene de las manos en todas las situaciones en las que no sea posible lavarse las manos<\/strong>. Por lo tanto, el uso de estos productos es ideal no s\u00f3lo contra la epidemia de corona-virus, sino tambi\u00e9n en todas aquellas situaciones de la vida real en las que se entra en contacto con equipos y elementos que pueden ser tocados por muchas personas. Por ejemplo, las asas de los carritos de la compra o los pasamanos de los tranv\u00edas o autobuses, etc.<\/p>\n<p>&nbsp;<\/p>\n<h2><strong>\u00bfC\u00f3mo se utilizan los geles desinfectantes para manos?<\/strong><\/h2>\n<p>El gel desinfectante para lavarse las manos que se ofrece en este anuncio, as\u00ed como todos los de la competencia, <strong>debe utilizarse \u00fanica y exclusivamente en las manos y no en otras partes del cuerpo<\/strong>. Tampoco debe utilizarse para limpiar objetos o superficies. Existen productos espec\u00edficamente dise\u00f1ados para este tipo de actividad.<\/p>\n<p>Todo lo que necesita para realizar su acci\u00f3n es un<strong> peque\u00f1a cantidad de gel aplicada en la palma de una mano<\/strong>. A continuaci\u00f3n, basta con frotar el gel lavamanos en la palma de la otra mano y seguir frotando hasta que el producto se seque. Normalmente, cuando se utiliza en cantidades normales, <strong>el procedimiento no dura m\u00e1s de 30 segundos o un minuto como m\u00e1ximo<\/strong>.<\/p>\n<p>Es importante recordar que siempre es bueno lavarse las manos con agua y jab\u00f3n siempre que sea posible. Esto es a\u00fan m\u00e1s importante cuando est\u00e1n muy sucias.<\/p>\n<p>Adem\u00e1s, el <strong>el gel lavamanos no debe utilizarse en exceso<\/strong>especialmente los de base alcoh\u00f3lica. El componente alcoh\u00f3lico del gel lavamanos puede sensibilizar la piel y enrojecer la epidermis. Si cree que va a tener que utilizar gel lavamanos con frecuencia, es aconsejable comprar una de las soluciones a base de per\u00f3xido de hidr\u00f3geno, es decir, agua oxigenada.<\/p>\n<p>&nbsp;<\/p>\n<h2><strong>\u00bfCu\u00e1ndo se debe utilizar el gel desinfectante de manos?<\/strong><\/h2>\n<p>Los geles desinfectantes para manos, que no requieren aclarado, pueden ser \u00fatiles en diversas situaciones, como:<\/p>\n<ul>\n<li>fuera de casa, durante las excursiones, si come algo en la calle, despu\u00e9s de manipular objetos en una tienda;<\/li>\n<li>en los desplazamientos, al entrar en contacto con puntos sometidos al paso del p\u00fablico, como los de aviones, trenes, metros o autobuses;<\/li>\n<li>despu\u00e9s de ir al ba\u00f1o, cambiar pa\u00f1ales, tirar basura o tocarse los zapatos;<\/li>\n<li>cada vez que te suenes la nariz, tosas o estornudes;<\/li>\n<li>antes de curar una herida, tomar medicamentos y despu\u00e9s de tocar a una persona enferma o herida;<\/li>\n<li>tras el contacto con un animal, su juguete o su correa.<\/li>\n<\/ul>\n<p>&nbsp;<\/p>\n<h2><strong>Maneras de higienizar las manos con gel lavamanos<\/strong><\/h2>\n<p>El procedimiento a seguir, como ya se ha mencionado, es similar al del lavado de manos con jab\u00f3n. Se aplica una <strong>peque\u00f1a cantidad de gel en la palma de una mano, en principio no m\u00e1s que una nuez, pero incluso menos<\/strong>. Se masajea una mano sobre la otra para distribuir el producto, pas\u00e1ndolo de las yemas de los dedos a la mu\u00f1eca, entre los dedos y bajo las u\u00f1as (donde anidan la mayor\u00eda de las bacterias).<\/p>\n<p>Contin\u00faa con el <strong>frotamiento, incluso vigoroso, durante al menos treinta segundos.<\/strong>. Los anillos y las pulseras deben quitarse en esta fase, si es posible, para facilitar la mejor desinfecci\u00f3n posible.<\/p>\n<p>Debes terminar la actividad cuando notes que el producto se ha secado en tus manos.<\/p>\n<p>Una vez concluido el procedimiento, <strong>no es necesario aclararse las manos<\/strong>. No es conveniente aplicar cremas o pomadas en las manos una vez finalizada la actividad de higienizaci\u00f3n con gel.<\/p>\n<p>&nbsp;<\/p>\n<h2><strong>\u00bfQui\u00e9n fabrica este producto?<\/strong><\/h2>\n<p>El producto qu\u00edmico ofrecido en este anuncio es fabricado por ARCO S.r.l.<\/p>\n<p>ARCO es una empresa qu\u00edmica certificada UNI EN ISO 9001: 2000 e ISO 14001 que formula y fabrica productos destinados al mercado de la limpieza e higienizaci\u00f3n industrial, la industria alimentaria, la restauraci\u00f3n, etc.<\/p>\n<p>La producci\u00f3n se lleva a cabo en la planta de Medolla (MO), en Italia, a trav\u00e9s de una serie de l\u00edneas de producci\u00f3n de alta tecnolog\u00eda. De hecho, permiten producir una media diaria de 26.000 kg de producto detergente.<\/p>\n<p>M\u00e1s informaci\u00f3n sobre esta empresa en <a href=\"http:\/\/arcochimica.it\/chi-siamo\/\"><strong>web corporativa<\/strong><\/a>.<\/p>","protected":false},"excerpt":{"rendered":"<p>Arco Hygi Alcohol Gel Higienizante Lavamanos 65%-75%. Antibacteriano, higienizante, contra g\u00e9rmenes y bacterias, bactericida, viruricida, profesional, anti Covid-19. Disponible en varios tipos de envase: botella de 100 mililitros con tap\u00f3n, <span style=\"color: #333333;\">dispensador con bomba de 500 mililitros, <\/span><span style=\"color: #333333;\">Bid\u00f3n con tap\u00f3n de rosca de 5.000 mililitros. Productos en stock. Env\u00edo a Italia incluido para pedidos superiores a 100 euros<\/span><\/p>","protected":false},"featured_media":642130,"template":"","meta":[],"product_brand":[],"product_cat":[1584],"product_tag":[2200,1594,1593,1592,1562,2673,1599,2677,2675,2681,2679,2676,2201,1628,1590,1629,1589,1597,1591,1596,1627,2674,1630,2680,1595,2678],"class_list":{"0":"post-163895","1":"product","2":"type-product","3":"status-publish","4":"has-post-thumbnail","6":"product_cat-dispositivi-anti-covid-19","7":"product_tag-100-ml","8":"product_tag-65-75","9":"product_tag-alcol","10":"product_tag-alcolico","11":"product_tag-anti-covid19","12":"product_tag-antibatterico","13":"product_tag-arco","14":"product_tag-battericida","15":"product_tag-contro-germi-e-batteri","16":"product_tag-coronavirus","17":"product_tag-covid19","18":"product_tag-disinfettante","19":"product_tag-dosatore","20":"product_tag-free","21":"product_tag-gel","22":"product_tag-gel-hand","23":"product_tag-hygi","24":"product_tag-igienizzante","25":"product_tag-lavamani","26":"product_tag-per-mani","27":"product_tag-rinse","28":"product_tag-sanificante","29":"product_tag-sanitizer","30":"product_tag-sarscov2","31":"product_tag-senza-risciacquo","32":"product_tag-viruricida","33":"product_shipping_class-pe","35":"first","36":"instock","37":"featured","38":"taxable","39":"shipping-taxable","40":"purchasable","41":"product-type-variable","42":"has-default-attributes"},"_links":{"self":[{"href":"https:\/\/www.elettrowebstore.com\/es\/wp-json\/wp\/v2\/product\/163895","targetHints":{"allow":["GET"]}}],"collection":[{"href":"https:\/\/www.elettrowebstore.com\/es\/wp-json\/wp\/v2\/product"}],"about":[{"href":"https:\/\/www.elettrowebstore.com\/es\/wp-json\/wp\/v2\/types\/product"}],"wp:featuredmedia":[{"embeddable":true,"href":"https:\/\/www.elettrowebstore.com\/es\/wp-json\/wp\/v2\/media\/642130"}],"wp:attachment":[{"href":"https:\/\/www.elettrowebstore.com\/es\/wp-json\/wp\/v2\/media?parent=163895"}],"wp:term":[{"taxonomy":"product_brand","embeddable":true,"href":"https:\/\/www.elettrowebstore.com\/es\/wp-json\/wp\/v2\/product_brand?post=163895"},{"taxonomy":"product_cat","embeddable":true,"href":"https:\/\/www.elettrowebstore.com\/es\/wp-json\/wp\/v2\/product_cat?post=163895"},{"taxonomy":"product_tag","embeddable":true,"href":"https:\/\/www.elettrowebstore.com\/es\/wp-json\/wp\/v2\/product_tag?post=163895"}],"curies":[{"name":"wp","href":"https:\/\/api.w.org\/{rel}","templated":true}]}}